{"id":1680,"date":"2020-07-16T16:33:02","date_gmt":"2020-07-16T13:33:02","guid":{"rendered":"https:\/\/xstyle.md\/product\/samonaduvajuschijsja-kovrik-pinguin-peak-38"},"modified":"2025-10-24T13:02:49","modified_gmt":"2025-10-24T10:02:49","slug":"samonaduvajuschijsja-kovrik-pinguin-peak-38","status":"publish","type":"product","link":"https:\/\/xstyle.md\/ro\/produs\/samonaduvajuschijsja-kovrik-pinguin-peak-38\/","title":{"rendered":"Saltea Pinguin Peak 38"},"content":{"rendered":"<\/p>\n<p>Covora\u0219 autogonflabil <strong>Pinguin Peak 38<\/strong> &#8212; un element indispensabil \u00een orice excursie cu cortul: alpinism, ciclism, drume\u021bii montane. \u00cenveli\u0219ul exterior este rezistent la umiditate, ceea ce extinde intervalul de func\u021bionare a produsului. Construc\u021bia u\u0219oar\u0103 permite de luat saltea cu dvs., deoarece nu ocup\u0103 mult spa\u021biu.<\/p>\n<p>Modelul este potrivit pentru o persoan\u0103 cu o \u00een\u0103l\u021bime de p\u00e2n\u0103 la 183 cm. Produsul este utilizat chiar \u0219i \u00een cele mai reci condi\u021bii de iarn\u0103. Logo-ul din silicon serve\u0219te nu numai ca o decora\u021biune elegant\u0103, ci are \u0219i sarcina func\u021bional\u0103 de a \u00eempiedica alunecarea covora\u0219ului \u0219i a sacului de dormit.<\/p>\n<h3>Particularit\u0103\u021bi<\/h3>\n<ul>\n<li>Designul c\u0103ptu\u0219it va face posibil\u0103 crearea unui somn confortabil, chiar \u0219i \u00een condi\u021bii extreme<\/li>\n<li>Spuma poliuretanic\u0103 poate oferi propriet\u0103\u021bi excelente de izolare<\/li>\n<li>Clapele din nailon garanteaz\u0103 o impermeabilitate de 100% \u0219i o rezisten\u021b\u0103 sporit\u0103 la intemperii<\/li>\n<li>\u0218tan\u021bare dubl\u0103 \u00een zona picioarelor \u0219i a capului \u0219i perfora\u021bie orizontal\u0103 \u00een zona corpului.<\/li>\n<\/ul>\n<h3>Caracteristici<\/h3>\n<ul>\n<li>Tip &#8212; auto-gonflabil<\/li>\n<li>Material &#8212; poliester Ripstop Diamant<\/li>\n<li>Material de umplere &#8212; spum\u0103 TPU pufoas\u0103<\/li>\n<li>Clapet\u0103 &#8212; nailon<\/li>\n<li>Dimensiuni &#8212; 183 x 51 cm<\/li>\n<li>Dimensiuni ambalate &#8212; 17 x 27 cm<\/li>\n<li>Grosime &#8212; 3,8 cm<\/li>\n<li>Greutate &#8212; 890g.<\/li>\n<\/ul>\n<h3>Marca<\/h3>\n<p>Pinguin \u2013 cea mai experimentat\u0103 companie ceh\u0103 de echipamente pentru activit\u0103\u021bi \u00een aer liber, primele sale produse fiind pe pia\u021b\u0103 \u00eenc\u0103 din 1989. Echipamentele Pinguin au fost folosite de multe ori de alpini\u0219ti \u0219i drume\u021bi celebri pentru a cuceri cele mai \u00eenalte v\u00e2rfuri montane din lume.<\/p>\n<p>Compania a fost numit\u0103 dup\u0103 o pas\u0103re care tr\u0103ie\u0219te \u00een frigul n\u0103prasnic din Antarctica, fiind specializat\u0103 \u00een echipamente pentru activit\u0103\u021bi \u00een aer liber care \u00eei vor men\u021bine pe to\u021bi pasiona\u021bii de activit\u0103\u021bi \u00een aer liber confortabili \u0219i calzi \u00een frigul iernii sau pe v\u00e2rfurile \u00eenghe\u021bate ale mun\u021bilor.<\/p>\n<p><\/p>","protected":false},"excerpt":{"rendered":"<p>Saltea Pinguin Peak 38<\/p>","protected":false},"featured_media":58485,"comment_status":"open","ping_status":"closed","template":"","meta":{"_acf_changed":false,"inline_featured_image":false},"product_brand":[1263],"product_cat":[202],"product_tag":[],"class_list":{"0":"post-1680","1":"product","2":"type-product","3":"status-publish","4":"has-post-thumbnail","6":"product_brand-pinguin","7":"product_cat-self-inflating-mats","9":"first","10":"instock","11":"shipping-taxable","12":"purchasable","13":"product-type-simple"},"acf":[],"yoast_head":"<!-- This site is optimized with the Yoast SEO plugin v27.4 - https:\/\/yoast.com\/product\/yoast-seo-wordpress\/ -->\n<title>\u0421\u0430\u043c\u043e\u043d\u0430\u0434\u0443\u0432\u0430\u044e\u0449\u0438\u0439\u0441\u044f \u043a\u043e\u0432\u0440\u0438\u043a Pinguin Peak 38 - \u041c\u0430\u0433\u0430\u0437\u0438\u043d Xstyle<\/title>\n<meta name=\"description\" content=\"\u0421\u0430\u043c\u043e\u043d\u0430\u0434\u0443\u0432\u0430\u044e\u0449\u0438\u0439\u0441\u044f \u043a\u043e\u0432\u0440\u0438\u043a Pinguin Peak 38 - \u0438\u0434\u0435\u0430\u043b\u044c\u043d\u044b\u0439 \u0432\u044b\u0431\u043e\u0440 \u0434\u043b\u044f \u0430\u043b\u044c\u043f\u0438\u043d\u0438\u0437\u043c\u0430, \u043a\u0435\u043c\u043f\u0438\u043d\u0433\u0430 \u0438 \u0442\u0443\u0440\u0438\u0437\u043c\u0430. \u041b\u0435\u0433\u043a\u0438\u0439, \u0432\u043b\u0430\u0433\u043e\u0441\u0442\u043e\u0439\u043a\u0438\u0439 \u0438 \u043a\u043e\u043c\u043f\u0430\u043a\u0442\u043d\u044b\u0439 \u2013 \u043a\u043e\u043c\u0444\u043e\u0440\u0442 \u0432 \u043a\u0430\u0436\u0434\u043e\u043c \u043f\u043e\u0445\u043e\u0434\u0435!\" \/>\n<meta name=\"robots\" content=\"index, follow, max-snippet:-1, max-image-preview:large, max-video-preview:-1\" \/>\n<link rel=\"canonical\" href=\"https:\/\/xstyle.md\/ro\/produs\/samonaduvajuschijsja-kovrik-pinguin-peak-38\/\" \/>\n<meta property=\"og:locale\" content=\"ro_RO\" \/>\n<meta property=\"og:type\" content=\"article\" \/>\n<meta property=\"og:title\" content=\"\u0421\u0430\u043c\u043e\u043d\u0430\u0434\u0443\u0432\u0430\u044e\u0449\u0438\u0439\u0441\u044f \u043a\u043e\u0432\u0440\u0438\u043a Pinguin Peak 38 - \u041c\u0430\u0433\u0430\u0437\u0438\u043d Xstyle\" \/>\n<meta property=\"og:description\" content=\"\u0421\u0430\u043c\u043e\u043d\u0430\u0434\u0443\u0432\u0430\u044e\u0449\u0438\u0439\u0441\u044f \u043a\u043e\u0432\u0440\u0438\u043a Pinguin Peak 38 - \u0438\u0434\u0435\u0430\u043b\u044c\u043d\u044b\u0439 \u0432\u044b\u0431\u043e\u0440 \u0434\u043b\u044f \u0430\u043b\u044c\u043f\u0438\u043d\u0438\u0437\u043c\u0430, \u043a\u0435\u043c\u043f\u0438\u043d\u0433\u0430 \u0438 \u0442\u0443\u0440\u0438\u0437\u043c\u0430. \u041b\u0435\u0433\u043a\u0438\u0439, \u0432\u043b\u0430\u0433\u043e\u0441\u0442\u043e\u0439\u043a\u0438\u0439 \u0438 \u043a\u043e\u043c\u043f\u0430\u043a\u0442\u043d\u044b\u0439 \u2013 \u043a\u043e\u043c\u0444\u043e\u0440\u0442 \u0432 \u043a\u0430\u0436\u0434\u043e\u043c \u043f\u043e\u0445\u043e\u0434\u0435!\" \/>\n<meta property=\"og:url\" content=\"https:\/\/xstyle.md\/ro\/produs\/samonaduvajuschijsja-kovrik-pinguin-peak-38\/\" \/>\n<meta property=\"og:site_name\" content=\"\u041c\u0430\u0433\u0430\u0437\u0438\u043d Xstyle\" \/>\n<meta property=\"article:publisher\" content=\"https:\/\/www.facebook.com\/xstylemd\" \/>\n<meta property=\"article:modified_time\" content=\"2025-10-24T10:02:49+00:00\" \/>\n<meta property=\"og:image\" content=\"https:\/\/xstyle.md\/wp-content\/uploads\/2020\/07\/pinguin-peak-38-orange.jpg\" \/>\n\t<meta property=\"og:image:width\" content=\"656\" \/>\n\t<meta property=\"og:image:height\" content=\"656\" \/>\n\t<meta property=\"og:image:type\" content=\"image\/jpeg\" \/>\n<meta name=\"twitter:card\" content=\"summary_large_image\" \/>\n<meta name=\"twitter:label1\" content=\"Pre\u021b\" \/>\n\t<meta name=\"twitter:data1\" content=\"1.150&nbsp;MDL\" \/>\n\t<meta name=\"twitter:label2\" content=\"Disponibilitate\" \/>\n\t<meta name=\"twitter:data2\" content=\"\u00cen stoc\" \/>\n<script type=\"application\/ld+json\" class=\"yoast-schema-graph\">{\"@context\":\"https:\\\/\\\/schema.org\",\"@graph\":[{\"@type\":\"WebPage\",\"@id\":\"https:\\\/\\\/xstyle.md\\\/product\\\/samonaduvajuschijsja-kovrik-pinguin-peak-38\\\/\",\"url\":\"https:\\\/\\\/xstyle.md\\\/product\\\/samonaduvajuschijsja-kovrik-pinguin-peak-38\\\/\",\"name\":\"\u0421\u0430\u043c\u043e\u043d\u0430\u0434\u0443\u0432\u0430\u044e\u0449\u0438\u0439\u0441\u044f \u043a\u043e\u0432\u0440\u0438\u043a Pinguin Peak 38 - \u041c\u0430\u0433\u0430\u0437\u0438\u043d Xstyle\",\"isPartOf\":{\"@id\":\"https:\\\/\\\/xstyle.md\\\/#website\"},\"primaryImageOfPage\":{\"@id\":\"https:\\\/\\\/xstyle.md\\\/product\\\/samonaduvajuschijsja-kovrik-pinguin-peak-38\\\/#primaryimage\"},\"image\":{\"@id\":\"https:\\\/\\\/xstyle.md\\\/product\\\/samonaduvajuschijsja-kovrik-pinguin-peak-38\\\/#primaryimage\"},\"thumbnailUrl\":\"https:\\\/\\\/xstyle.md\\\/wp-content\\\/uploads\\\/2020\\\/07\\\/pinguin-peak-38-orange.jpg\",\"datePublished\":\"2020-07-16T13:33:02+00:00\",\"dateModified\":\"2025-10-24T10:02:49+00:00\",\"description\":\"\u0421\u0430\u043c\u043e\u043d\u0430\u0434\u0443\u0432\u0430\u044e\u0449\u0438\u0439\u0441\u044f \u043a\u043e\u0432\u0440\u0438\u043a Pinguin Peak 38 - \u0438\u0434\u0435\u0430\u043b\u044c\u043d\u044b\u0439 \u0432\u044b\u0431\u043e\u0440 \u0434\u043b\u044f \u0430\u043b\u044c\u043f\u0438\u043d\u0438\u0437\u043c\u0430, \u043a\u0435\u043c\u043f\u0438\u043d\u0433\u0430 \u0438 \u0442\u0443\u0440\u0438\u0437\u043c\u0430. \u041b\u0435\u0433\u043a\u0438\u0439, \u0432\u043b\u0430\u0433\u043e\u0441\u0442\u043e\u0439\u043a\u0438\u0439 \u0438 \u043a\u043e\u043c\u043f\u0430\u043a\u0442\u043d\u044b\u0439 \u2013 \u043a\u043e\u043c\u0444\u043e\u0440\u0442 \u0432 \u043a\u0430\u0436\u0434\u043e\u043c \u043f\u043e\u0445\u043e\u0434\u0435!\",\"breadcrumb\":{\"@id\":\"https:\\\/\\\/xstyle.md\\\/product\\\/samonaduvajuschijsja-kovrik-pinguin-peak-38\\\/#breadcrumb\"},\"inLanguage\":\"ro-RO\",\"potentialAction\":[{\"@type\":\"ReadAction\",\"target\":[\"https:\\\/\\\/xstyle.md\\\/product\\\/samonaduvajuschijsja-kovrik-pinguin-peak-38\\\/\"]}]},{\"@type\":\"ImageObject\",\"inLanguage\":\"ro-RO\",\"@id\":\"https:\\\/\\\/xstyle.md\\\/product\\\/samonaduvajuschijsja-kovrik-pinguin-peak-38\\\/#primaryimage\",\"url\":\"https:\\\/\\\/xstyle.md\\\/wp-content\\\/uploads\\\/2020\\\/07\\\/pinguin-peak-38-orange.jpg\",\"contentUrl\":\"https:\\\/\\\/xstyle.md\\\/wp-content\\\/uploads\\\/2020\\\/07\\\/pinguin-peak-38-orange.jpg\",\"width\":656,\"height\":656,\"caption\":\"\u0421\u0430\u043c\u043e\u043d\u0430\u0434\u0443\u0432\u0430\u044e\u0449\u0438\u0439\u0441\u044f \u043a\u043e\u0432\u0440\u0438\u043a Pinguin Peak 38 \u0434\u043b\u044f \u0430\u043a\u0442\u0438\u0432\u043d\u043e\u0433\u043e \u043e\u0442\u0434\u044b\u0445\u0430, \u043f\u043e\u0445\u043e\u0434\u043e\u0432, \u043f\u0443\u0442\u0435\u0448\u0435\u0441\u0442\u0432\u0438\u0439, \u0441\u043f\u043e\u0440\u0442\u0438\u0432\u043d\u043e\u0439 \u043e\u0434\u0435\u0436\u0434\u044b \u0438 \u043e\u0431\u0443\u0432\u0438 \u0434\u043b\u044f \u0430\u043b\u044c\u043f\u0438\u043d\u0438\u0437\u043c\u0430 \u0438 \u0442\u0443\u0440\u0438\u0437\u043c\u0430\"},{\"@type\":\"BreadcrumbList\",\"@id\":\"https:\\\/\\\/xstyle.md\\\/product\\\/samonaduvajuschijsja-kovrik-pinguin-peak-38\\\/#breadcrumb\",\"itemListElement\":[{\"@type\":\"ListItem\",\"position\":1,\"name\":\"\u0413\u043b\u0430\u0432\u043d\u0430\u044f \u0441\u0442\u0440\u0430\u043d\u0438\u0446\u0430\",\"item\":\"https:\\\/\\\/xstyle.md\\\/\"},{\"@type\":\"ListItem\",\"position\":2,\"name\":\"\u041c\u0430\u0433\u0430\u0437\u0438\u043d\",\"item\":\"https:\\\/\\\/xstyle.md\\\/shop\\\/\"},{\"@type\":\"ListItem\",\"position\":3,\"name\":\"\u0421\u0430\u043c\u043e\u043d\u0430\u0434\u0443\u0432\u0430\u044e\u0449\u0438\u0439\u0441\u044f \u043a\u043e\u0432\u0440\u0438\u043a Pinguin Peak 38\"}]},{\"@type\":\"WebSite\",\"@id\":\"https:\\\/\\\/xstyle.md\\\/#website\",\"url\":\"https:\\\/\\\/xstyle.md\\\/\",\"name\":\"\u041c\u0430\u0433\u0430\u0437\u0438\u043d Xstyle\",\"description\":\"C\u043d\u0430\u0440\u044f\u0436\u0435\u043d\u0438\u0435 \u0434\u043b\u044f \u0442\u0443\u0440\u0438\u0437\u043c\u0430 \u0438 \u044d\u043a\u0441\u0442\u0440\u0435\u043c\u0430\u043b\u044c\u043d\u044b\u0445 \u0432\u0438\u0434\u043e\u0432 \u0441\u043f\u043e\u0440\u0442\u0430 \u0432 \u041c\u043e\u043b\u0434\u043e\u0432\u0435.. \u0426\u0435\u043d\u044b, \u0444\u043e\u0442\u043e, \u0445\u0430\u0440\u0430\u043a\u0442\u0435\u0440\u0438\u0441\u0442\u0438\u043a\u0438 \u0432 \u041c\u043e\u043b\u0434\u043e\u0432\u0435.\",\"publisher\":{\"@id\":\"https:\\\/\\\/xstyle.md\\\/#organization\"},\"alternateName\":\"X-Style\",\"potentialAction\":[{\"@type\":\"SearchAction\",\"target\":{\"@type\":\"EntryPoint\",\"urlTemplate\":\"https:\\\/\\\/xstyle.md\\\/?s={search_term_string}\"},\"query-input\":{\"@type\":\"PropertyValueSpecification\",\"valueRequired\":true,\"valueName\":\"search_term_string\"}}],\"inLanguage\":\"ro-RO\"},{\"@type\":\"Organization\",\"@id\":\"https:\\\/\\\/xstyle.md\\\/#organization\",\"name\":\"\u041c\u0430\u0433\u0430\u0437\u0438\u043d Xstyle\",\"alternateName\":\"x-style\",\"url\":\"https:\\\/\\\/xstyle.md\\\/\",\"logo\":{\"@type\":\"ImageObject\",\"inLanguage\":\"ro-RO\",\"@id\":\"https:\\\/\\\/xstyle.md\\\/#\\\/schema\\\/logo\\\/image\\\/\",\"url\":\"https:\\\/\\\/xstyle.md\\\/wp-content\\\/uploads\\\/2020\\\/06\\\/logoicon.svg\",\"contentUrl\":\"https:\\\/\\\/xstyle.md\\\/wp-content\\\/uploads\\\/2020\\\/06\\\/logoicon.svg\",\"caption\":\"\u041c\u0430\u0433\u0430\u0437\u0438\u043d Xstyle\"},\"image\":{\"@id\":\"https:\\\/\\\/xstyle.md\\\/#\\\/schema\\\/logo\\\/image\\\/\"},\"sameAs\":[\"https:\\\/\\\/www.facebook.com\\\/xstylemd\",\"https:\\\/\\\/www.instagram.com\\\/xstyle_md\\\/\",\"https:\\\/\\\/t.me\\\/xstyle_outdoor\"],\"hasMerchantReturnPolicy\":{\"@type\":\"MerchantReturnPolicy\",\"merchantReturnLink\":\"https:\\\/\\\/xstyle.md\\\/ro\\\/conditions\\\/\"}}]}<\/script>\n<meta property=\"product:price:amount\" content=\"1150.00\" \/>\n<meta property=\"product:price:currency\" content=\"MDL\" \/>\n<meta property=\"og:availability\" content=\"instock\" \/>\n<meta property=\"product:availability\" content=\"instock\" \/>\n<meta property=\"product:retailer_item_id\" content=\"8592638706321\" \/>\n<meta property=\"product:condition\" content=\"new\" \/>\n<!-- \/ Yoast SEO plugin. -->","yoast_head_json":{"title":"Saltea gonflabil\u0103 Pinguin Peak 38 - Magazin Xstyle","description":"\u0421\u0430\u043c\u043e\u043d\u0430\u0434\u0443\u0432\u0430\u044e\u0449\u0438\u0439\u0441\u044f \u043a\u043e\u0432\u0440\u0438\u043a Pinguin Peak 38 - \u0438\u0434\u0435\u0430\u043b\u044c\u043d\u044b\u0439 \u0432\u044b\u0431\u043e\u0440 \u0434\u043b\u044f \u0430\u043b\u044c\u043f\u0438\u043d\u0438\u0437\u043c\u0430, \u043a\u0435\u043c\u043f\u0438\u043d\u0433\u0430 \u0438 \u0442\u0443\u0440\u0438\u0437\u043c\u0430. \u041b\u0435\u0433\u043a\u0438\u0439, \u0432\u043b\u0430\u0433\u043e\u0441\u0442\u043e\u0439\u043a\u0438\u0439 \u0438 \u043a\u043e\u043c\u043f\u0430\u043a\u0442\u043d\u044b\u0439 \u2013 \u043a\u043e\u043c\u0444\u043e\u0440\u0442 \u0432 \u043a\u0430\u0436\u0434\u043e\u043c \u043f\u043e\u0445\u043e\u0434\u0435!","robots":{"index":"index","follow":"follow","max-snippet":"max-snippet:-1","max-image-preview":"max-image-preview:large","max-video-preview":"max-video-preview:-1"},"canonical":"https:\/\/xstyle.md\/ro\/produs\/samonaduvajuschijsja-kovrik-pinguin-peak-38\/","og_locale":"ro_RO","og_type":"article","og_title":"\u0421\u0430\u043c\u043e\u043d\u0430\u0434\u0443\u0432\u0430\u044e\u0449\u0438\u0439\u0441\u044f \u043a\u043e\u0432\u0440\u0438\u043a Pinguin Peak 38 - \u041c\u0430\u0433\u0430\u0437\u0438\u043d Xstyle","og_description":"\u0421\u0430\u043c\u043e\u043d\u0430\u0434\u0443\u0432\u0430\u044e\u0449\u0438\u0439\u0441\u044f \u043a\u043e\u0432\u0440\u0438\u043a Pinguin Peak 38 - \u0438\u0434\u0435\u0430\u043b\u044c\u043d\u044b\u0439 \u0432\u044b\u0431\u043e\u0440 \u0434\u043b\u044f \u0430\u043b\u044c\u043f\u0438\u043d\u0438\u0437\u043c\u0430, \u043a\u0435\u043c\u043f\u0438\u043d\u0433\u0430 \u0438 \u0442\u0443\u0440\u0438\u0437\u043c\u0430. \u041b\u0435\u0433\u043a\u0438\u0439, \u0432\u043b\u0430\u0433\u043e\u0441\u0442\u043e\u0439\u043a\u0438\u0439 \u0438 \u043a\u043e\u043c\u043f\u0430\u043a\u0442\u043d\u044b\u0439 \u2013 \u043a\u043e\u043c\u0444\u043e\u0440\u0442 \u0432 \u043a\u0430\u0436\u0434\u043e\u043c \u043f\u043e\u0445\u043e\u0434\u0435!","og_url":"https:\/\/xstyle.md\/ro\/produs\/samonaduvajuschijsja-kovrik-pinguin-peak-38\/","og_site_name":"\u041c\u0430\u0433\u0430\u0437\u0438\u043d Xstyle","article_publisher":"https:\/\/www.facebook.com\/xstylemd","article_modified_time":"2025-10-24T10:02:49+00:00","og_image":[{"width":656,"height":656,"url":"https:\/\/xstyle.md\/wp-content\/uploads\/2020\/07\/pinguin-peak-38-orange.jpg","type":"image\/jpeg"}],"twitter_card":"summary_large_image","twitter_misc":{"Pre\u021b":"1.150&nbsp;MDL","Disponibilitate":"\u00cen stoc"},"schema":{"@context":"https:\/\/schema.org","@graph":[{"@type":"WebPage","@id":"https:\/\/xstyle.md\/product\/samonaduvajuschijsja-kovrik-pinguin-peak-38\/","url":"https:\/\/xstyle.md\/product\/samonaduvajuschijsja-kovrik-pinguin-peak-38\/","name":"Saltea gonflabil\u0103 Pinguin Peak 38 - Magazin Xstyle","isPartOf":{"@id":"https:\/\/xstyle.md\/#website"},"primaryImageOfPage":{"@id":"https:\/\/xstyle.md\/product\/samonaduvajuschijsja-kovrik-pinguin-peak-38\/#primaryimage"},"image":{"@id":"https:\/\/xstyle.md\/product\/samonaduvajuschijsja-kovrik-pinguin-peak-38\/#primaryimage"},"thumbnailUrl":"https:\/\/xstyle.md\/wp-content\/uploads\/2020\/07\/pinguin-peak-38-orange.jpg","datePublished":"2020-07-16T13:33:02+00:00","dateModified":"2025-10-24T10:02:49+00:00","description":"\u0421\u0430\u043c\u043e\u043d\u0430\u0434\u0443\u0432\u0430\u044e\u0449\u0438\u0439\u0441\u044f \u043a\u043e\u0432\u0440\u0438\u043a Pinguin Peak 38 - \u0438\u0434\u0435\u0430\u043b\u044c\u043d\u044b\u0439 \u0432\u044b\u0431\u043e\u0440 \u0434\u043b\u044f \u0430\u043b\u044c\u043f\u0438\u043d\u0438\u0437\u043c\u0430, \u043a\u0435\u043c\u043f\u0438\u043d\u0433\u0430 \u0438 \u0442\u0443\u0440\u0438\u0437\u043c\u0430. \u041b\u0435\u0433\u043a\u0438\u0439, \u0432\u043b\u0430\u0433\u043e\u0441\u0442\u043e\u0439\u043a\u0438\u0439 \u0438 \u043a\u043e\u043c\u043f\u0430\u043a\u0442\u043d\u044b\u0439 \u2013 \u043a\u043e\u043c\u0444\u043e\u0440\u0442 \u0432 \u043a\u0430\u0436\u0434\u043e\u043c \u043f\u043e\u0445\u043e\u0434\u0435!","breadcrumb":{"@id":"https:\/\/xstyle.md\/product\/samonaduvajuschijsja-kovrik-pinguin-peak-38\/#breadcrumb"},"inLanguage":"ro-RO","potentialAction":[{"@type":"ReadAction","target":["https:\/\/xstyle.md\/product\/samonaduvajuschijsja-kovrik-pinguin-peak-38\/"]}]},{"@type":"ImageObject","inLanguage":"ro-RO","@id":"https:\/\/xstyle.md\/product\/samonaduvajuschijsja-kovrik-pinguin-peak-38\/#primaryimage","url":"https:\/\/xstyle.md\/wp-content\/uploads\/2020\/07\/pinguin-peak-38-orange.jpg","contentUrl":"https:\/\/xstyle.md\/wp-content\/uploads\/2020\/07\/pinguin-peak-38-orange.jpg","width":656,"height":656,"caption":"\u0421\u0430\u043c\u043e\u043d\u0430\u0434\u0443\u0432\u0430\u044e\u0449\u0438\u0439\u0441\u044f \u043a\u043e\u0432\u0440\u0438\u043a Pinguin Peak 38 \u0434\u043b\u044f \u0430\u043a\u0442\u0438\u0432\u043d\u043e\u0433\u043e \u043e\u0442\u0434\u044b\u0445\u0430, \u043f\u043e\u0445\u043e\u0434\u043e\u0432, \u043f\u0443\u0442\u0435\u0448\u0435\u0441\u0442\u0432\u0438\u0439, \u0441\u043f\u043e\u0440\u0442\u0438\u0432\u043d\u043e\u0439 \u043e\u0434\u0435\u0436\u0434\u044b \u0438 \u043e\u0431\u0443\u0432\u0438 \u0434\u043b\u044f \u0430\u043b\u044c\u043f\u0438\u043d\u0438\u0437\u043c\u0430 \u0438 \u0442\u0443\u0440\u0438\u0437\u043c\u0430"},{"@type":"BreadcrumbList","@id":"https:\/\/xstyle.md\/product\/samonaduvajuschijsja-kovrik-pinguin-peak-38\/#breadcrumb","itemListElement":[{"@type":"ListItem","position":1,"name":"\u0413\u043b\u0430\u0432\u043d\u0430\u044f \u0441\u0442\u0440\u0430\u043d\u0438\u0446\u0430","item":"https:\/\/xstyle.md\/"},{"@type":"ListItem","position":2,"name":"\u041c\u0430\u0433\u0430\u0437\u0438\u043d","item":"https:\/\/xstyle.md\/shop\/"},{"@type":"ListItem","position":3,"name":"\u0421\u0430\u043c\u043e\u043d\u0430\u0434\u0443\u0432\u0430\u044e\u0449\u0438\u0439\u0441\u044f \u043a\u043e\u0432\u0440\u0438\u043a Pinguin Peak 38"}]},{"@type":"WebSite","@id":"https:\/\/xstyle.md\/#website","url":"https:\/\/xstyle.md\/","name":"Magazinul X-Style","description":"Echipamente pentru turism \u0219i sporturi extreme \u00een Moldova. Pre\u021buri, fotografii, caracteristici \u00een Moldova.","publisher":{"@id":"https:\/\/xstyle.md\/#organization"},"alternateName":"X-Style","potentialAction":[{"@type":"SearchAction","target":{"@type":"EntryPoint","urlTemplate":"https:\/\/xstyle.md\/?s={search_term_string}"},"query-input":{"@type":"PropertyValueSpecification","valueRequired":true,"valueName":"search_term_string"}}],"inLanguage":"ro-RO"},{"@type":"Organization","@id":"https:\/\/xstyle.md\/#organization","name":"Magazinul X-Style","alternateName":"x-style","url":"https:\/\/xstyle.md\/","logo":{"@type":"ImageObject","inLanguage":"ro-RO","@id":"https:\/\/xstyle.md\/#\/schema\/logo\/image\/","url":"https:\/\/xstyle.md\/wp-content\/uploads\/2020\/06\/logoicon.svg","contentUrl":"https:\/\/xstyle.md\/wp-content\/uploads\/2020\/06\/logoicon.svg","caption":"\u041c\u0430\u0433\u0430\u0437\u0438\u043d Xstyle"},"image":{"@id":"https:\/\/xstyle.md\/#\/schema\/logo\/image\/"},"sameAs":["https:\/\/www.facebook.com\/xstylemd","https:\/\/www.instagram.com\/xstyle_md\/","https:\/\/t.me\/xstyle_outdoor"],"hasMerchantReturnPolicy":{"@type":"MerchantReturnPolicy","merchantReturnLink":"https:\/\/xstyle.md\/ro\/conditions\/"}}]},"product_price_amount":"1150.00","product_price_currency":"MDL","og_availability":"instock","product_availability":"instock","product_retailer_item_id":"8592638706321","product_condition":"new"},"_links":{"self":[{"href":"https:\/\/xstyle.md\/ro\/wp-json\/wp\/v2\/product\/1680","targetHints":{"allow":["GET"]}}],"collection":[{"href":"https:\/\/xstyle.md\/ro\/wp-json\/wp\/v2\/product"}],"about":[{"href":"https:\/\/xstyle.md\/ro\/wp-json\/wp\/v2\/types\/product"}],"replies":[{"embeddable":true,"href":"https:\/\/xstyle.md\/ro\/wp-json\/wp\/v2\/comments?post=1680"}],"wp:featuredmedia":[{"embeddable":true,"href":"https:\/\/xstyle.md\/ro\/wp-json\/wp\/v2\/media\/58485"}],"wp:attachment":[{"href":"https:\/\/xstyle.md\/ro\/wp-json\/wp\/v2\/media?parent=1680"}],"wp:term":[{"taxonomy":"product_brand","embeddable":true,"href":"https:\/\/xstyle.md\/ro\/wp-json\/wp\/v2\/product_brand?post=1680"},{"taxonomy":"product_cat","embeddable":true,"href":"https:\/\/xstyle.md\/ro\/wp-json\/wp\/v2\/product_cat?post=1680"},{"taxonomy":"product_tag","embeddable":true,"href":"https:\/\/xstyle.md\/ro\/wp-json\/wp\/v2\/product_tag?post=1680"}],"curies":[{"name":"wp","href":"https:\/\/api.w.org\/{rel}","templated":true}]}}