{"id":16664,"date":"2020-07-17T17:07:51","date_gmt":"2020-07-17T14:07:51","guid":{"rendered":"https:\/\/xstyle.md\/product\/kapjushon-buff-junior-child-blobs-amaranth"},"modified":"2026-04-07T15:23:01","modified_gmt":"2026-04-07T12:23:01","slug":"kapjushon-buff-junior-child-blobs-amaranth","status":"publish","type":"product","link":"https:\/\/xstyle.md\/ro\/produs\/kapjushon-buff-junior-child-blobs-amaranth\/","title":{"rendered":"Glug\u0103 Buff Junior Child Blobs Amaranth"},"content":{"rendered":"<\/p>\n<p><strong>Glug\u0103 Buff Junior Child Blobs Amaranth\u00a0&#8212;\u00a0<\/strong>cald\u0103 \u0219i func\u021bional\u0103, pentru copiii cu v\u00e2rsta cuprins\u0103 \u00eentre 8 \u0219i 12 ani. Partea principal\u0103 este alc\u0103tuit\u0103 din Polartec, la g\u00e2t din microfibr\u0103 strat dublu.<\/p>\n<p>Poate fi purtat\u0103 \u00een diferite moduri, \u00een func\u021bie de vreme, dispozi\u021bie \u0219i alte circumstan\u021be. Cea mai obi\u0219nuit\u0103 metod\u0103 &#8212; \u00een mod tradi\u021bional pentru a proteja capul \u0219i g\u00e2tul. \u00cen condi\u021bii mai pu\u021bin friguroase, copilul \u00eel poate scoate de pe cap \u0219i purta ca o e\u0219arf\u0103 voluminoas\u0103. \u00cen cazul \u00een care este deosebit de frig se poate utiliza ca o cagul\u0103, acoperind jum\u0103tate de fa\u021b\u0103.<\/p>\n<h3>Particularit\u0103\u021bi<\/h3>\n<ul>\n<li>Fabricat din material cald Polartec\u00ae, iar zona g\u00e2tului este realizat\u0103 din poliester dublu strat<\/li>\n<li>Exist\u0103 o masc\u0103 de fa\u021b\u0103 \u00een zona fe\u021bei, care poate fi utilizat\u0103 pentru o protec\u021bie suplimentar\u0103 a fe\u021bei \u00eempotriva v\u00e2ntului \u0219i a z\u0103pezii<\/li>\n<li>Acest tip de glug\u0103 este un accesoriu excelent pentru \u00eembr\u0103c\u0103mintea sportiv\u0103 prim\u0103vara \u0219i toamna, p\u00e2n\u0103 la temperaturi de -5\u00b0C sau mai mari.<\/li>\n<li>\u021aes\u0103tura glugii este tratat\u0103 cu tehnologia special\u0103 Polygiene\u00ae cu s\u0103ruri de argint, care \u00eempiedic\u0103 dezvoltarea bacteriilor \u0219i ciupercilor pe \u021bes\u0103tura sintetic\u0103.<\/li>\n<\/ul>\n<h3>Caracteristici<\/h3>\n<ul>\n<li>Material &#8212; 100% poliester\/Polartec\u00ae Classic 100<\/li>\n<li>Dimensiuni &#8212; 24,5 x 27 x 64 cm.<\/li>\n<\/ul>\n<h3>Tehnologie<\/h3>\n<ul>\n<li><strong>POLARTEC<\/strong>\u00ae\u00a0<strong>Classic<\/strong>\u00ae &#8212; este o \u021bes\u0103tur\u0103 u\u0219oar\u0103, c\u0103lduroas\u0103 \u0219i respirabil\u0103, rezistent\u0103 \u0219i care poate fi utilizat\u0103 pentru multe stiluri \u0219i tipuri de \u00eembr\u0103c\u0103minte. Materialele hidrofuge ale seriei \u021bin destul de bine la distan\u021b\u0103 z\u0103pada \u0219i ploaia. Izola\u021bia termic\u0103 excep\u021bional\u0103 cu o greutate \u0219i un volum minim \u00een compara\u021bie cu \u021bes\u0103turile conven\u021bionale reprezint\u0103 avantajul acestui material.<\/li>\n<li><strong>Microfiber<\/strong> &#8212; fibr\u0103 sintetic\u0103 din poliester. O \u021bes\u0103tur\u0103 rezistent\u0103, cu o absorb\u021bie excelent\u0103, uscare rapid\u0103 \u0219i propriet\u0103\u021bi de termoreglare. Propriet\u0103\u021bile unice ale \u021bes\u0103turii din microfibre sunt de a re\u021bine rafalele de v\u00e2nt rece \u0219i de a evapora umezeala, l\u0103s\u00e2nd pielea uscat\u0103.<\/li>\n<li><strong>Polygiene<\/strong> (Natural Silver Salt Technology) &#8212; care previne mirosurile nepl\u0103cute. Datorit\u0103 firelor de argint incluse \u00een compozi\u021bie, care sunt derivate din natur\u0103 \u0219i au propriet\u0103\u021bi antibacteriene &#8212; aceasta este o tehnologie activ\u0103 de control al mirosurilor. F\u0103r\u0103 r\u0103sp\u00e2ndire bacterian\u0103, nu trebuie s\u0103 v\u0103 face\u021bi griji cu privire la mirosul nepl\u0103cut. Aceast\u0103 proprietate a materialului se p\u0103streaz\u0103 \u0219i dup\u0103 mai multe sp\u0103l\u0103ri.<\/li>\n<li><strong>Protec\u021bie UV ridicat\u0103<\/strong> &#8212; este o \u00eembr\u0103c\u0103minte special conceput\u0103 pentru a proteja \u00eempotriva razelor UV, reduc\u00e2nd efectele negative ale acestora asupra organismului.<\/li>\n<\/ul>\n<h3>Marca<\/h3>\n<p>BUFF\u00ae \u2013 brand spaniol, a c\u0103rui istorie a \u00eenceput \u00een 1992, c\u00e2nd proprietarul unei fabrici de textile catalane, Joan Rojas (Joan Rojas), pasionat de motociclism, a ajuns la concluzia c\u0103, pentru o c\u0103l\u0103torie mai confortabil\u0103 pe motociclet\u0103, este necesar un accesoriu simplu care s\u0103 protejeze g\u00e2tul \u0219i capul de v\u00e2ntul care se apropie, de frig \u0219i de soarele arz\u0103tor.<\/p>\n<p>Lui Rojas i-a pl\u0103cut ideea unei e\u0219arfe militare multifunc\u021bionale, care se poate transforma \u00eentr-o masc\u0103, o coafur\u0103 sau o e\u0219arf\u0103. Experimentele efectuate \u00een fabrica de textile a familiei sale cu diferite materiale \u0219i forme t\u0103iate au culminat cu g\u0103sirea de c\u0103tre Rojas a unei modalit\u0103\u021bi de a produce o e\u0219arf\u0103 cilindric\u0103 f\u0103r\u0103 cus\u0103turi din microfibr\u0103. Dup\u0103 ce prototipurile au fost testate de familia, prietenii \u0219i colegii atle\u021bi ai lui Rojas, \u00een 1992 a fost lansat\u0103 prima colec\u021bie de bandane f\u0103r\u0103 cus\u0103turi sub sigla BUFF\u00ae.<\/p>\n<p>\u00cen 2017, BUFF\u00ae \u0219i-a extins sim\u021bitor linia de modele, a \u00eenceput s\u0103 produc\u0103 nu numai bandane, ci \u0219i alte articole de acoperit capul, at\u00e2t pentru sport, c\u00e2t \u0219i pentru via\u021ba de zi cu zi.<\/p>\n<p><\/p>","protected":false},"excerpt":{"rendered":"<p>Glug\u0103 Buff Junior Child Blobs Amaranth<\/p>","protected":false},"featured_media":58421,"comment_status":"open","ping_status":"closed","template":"","meta":{"_acf_changed":false,"inline_featured_image":false},"product_brand":[1302],"product_cat":[486],"product_tag":[],"class_list":{"0":"post-16664","1":"product","2":"type-product","3":"status-publish","4":"has-post-thumbnail","6":"product_brand-buff","7":"product_cat-hoodie-buff","9":"first","10":"instock","11":"shipping-taxable","12":"purchasable","13":"product-type-simple"},"acf":[],"yoast_head":"<!-- This site is optimized with the Yoast SEO plugin v27.2 - https:\/\/yoast.com\/product\/yoast-seo-wordpress\/ -->\n<title>\u041a\u0430\u043f\u044e\u0448\u043e\u043d Buff Junior Child Blobs Amaranth - \u041c\u0430\u0433\u0430\u0437\u0438\u043d Xstyle<\/title>\n<meta name=\"description\" content=\"\u041a\u0430\u043f\u044e\u0448\u043e\u043d Buff Junior Child Blobs Amaranth \u0434\u043b\u044f \u0434\u0435\u0442\u0435\u0439 8-12 \u043b\u0435\u0442. \u0418\u0437\u0433\u043e\u0442\u0430\u0432\u043b\u0438\u0432\u0430\u0435\u0442\u0441\u044f \u0438\u0437 Polartec, \u043e\u0431\u0435\u0441\u043f\u0435\u0447\u0438\u0432\u0430\u044f \u0442\u0435\u043f\u043b\u043e, \u0437\u0430\u0449\u0438\u0442\u0443 \u043e\u0442 UV \u0438 \u043a\u043e\u043c\u0444\u043e\u0440\u0442 \u0432 \u043b\u044e\u0431\u043e\u043c \u043a\u043b\u0438\u043c\u0430\u0442\u0435.\" \/>\n<meta name=\"robots\" content=\"index, follow, max-snippet:-1, max-image-preview:large, max-video-preview:-1\" \/>\n<link rel=\"canonical\" href=\"https:\/\/xstyle.md\/ro\/produs\/kapjushon-buff-junior-child-blobs-amaranth\/\" \/>\n<meta property=\"og:locale\" content=\"ro_RO\" \/>\n<meta property=\"og:type\" content=\"article\" \/>\n<meta property=\"og:title\" content=\"\u041a\u0430\u043f\u044e\u0448\u043e\u043d Buff Junior Child Blobs Amaranth - \u041c\u0430\u0433\u0430\u0437\u0438\u043d Xstyle\" \/>\n<meta property=\"og:description\" content=\"\u041a\u0430\u043f\u044e\u0448\u043e\u043d Buff Junior Child Blobs Amaranth \u0434\u043b\u044f \u0434\u0435\u0442\u0435\u0439 8-12 \u043b\u0435\u0442. \u0418\u0437\u0433\u043e\u0442\u0430\u0432\u043b\u0438\u0432\u0430\u0435\u0442\u0441\u044f \u0438\u0437 Polartec, \u043e\u0431\u0435\u0441\u043f\u0435\u0447\u0438\u0432\u0430\u044f \u0442\u0435\u043f\u043b\u043e, \u0437\u0430\u0449\u0438\u0442\u0443 \u043e\u0442 UV \u0438 \u043a\u043e\u043c\u0444\u043e\u0440\u0442 \u0432 \u043b\u044e\u0431\u043e\u043c \u043a\u043b\u0438\u043c\u0430\u0442\u0435.\" \/>\n<meta property=\"og:url\" content=\"https:\/\/xstyle.md\/ro\/produs\/kapjushon-buff-junior-child-blobs-amaranth\/\" \/>\n<meta property=\"og:site_name\" content=\"\u041c\u0430\u0433\u0430\u0437\u0438\u043d Xstyle\" \/>\n<meta property=\"article:publisher\" content=\"https:\/\/www.facebook.com\/xstylemd\" \/>\n<meta property=\"article:modified_time\" content=\"2026-04-07T12:23:01+00:00\" \/>\n<meta property=\"og:image\" content=\"https:\/\/xstyle.md\/wp-content\/uploads\/2020\/07\/kapyushon-buff-junior-child-blobs-amaranth.jpg\" \/>\n\t<meta property=\"og:image:width\" content=\"979\" \/>\n\t<meta property=\"og:image:height\" content=\"988\" \/>\n\t<meta property=\"og:image:type\" content=\"image\/jpeg\" \/>\n<meta name=\"twitter:card\" content=\"summary_large_image\" \/>\n<meta name=\"twitter:label1\" content=\"Pre\u021b\" \/>\n\t<meta name=\"twitter:data1\" content=\"650&nbsp;MDL\" \/>\n\t<meta name=\"twitter:label2\" content=\"Disponibilitate\" \/>\n\t<meta name=\"twitter:data2\" content=\"\u00cen stoc\" \/>\n<script type=\"application\/ld+json\" class=\"yoast-schema-graph\">{\"@context\":\"https:\/\/schema.org\",\"@graph\":[{\"@type\":\"WebPage\",\"@id\":\"https:\/\/xstyle.md\/product\/kapjushon-buff-junior-child-blobs-amaranth\/\",\"url\":\"https:\/\/xstyle.md\/product\/kapjushon-buff-junior-child-blobs-amaranth\/\",\"name\":\"\u041a\u0430\u043f\u044e\u0448\u043e\u043d Buff Junior Child Blobs Amaranth - \u041c\u0430\u0433\u0430\u0437\u0438\u043d Xstyle\",\"isPartOf\":{\"@id\":\"https:\/\/xstyle.md\/#website\"},\"primaryImageOfPage\":{\"@id\":\"https:\/\/xstyle.md\/product\/kapjushon-buff-junior-child-blobs-amaranth\/#primaryimage\"},\"image\":{\"@id\":\"https:\/\/xstyle.md\/product\/kapjushon-buff-junior-child-blobs-amaranth\/#primaryimage\"},\"thumbnailUrl\":\"https:\/\/xstyle.md\/wp-content\/uploads\/2020\/07\/kapyushon-buff-junior-child-blobs-amaranth.jpg\",\"datePublished\":\"2020-07-17T14:07:51+00:00\",\"dateModified\":\"2026-04-07T12:23:01+00:00\",\"description\":\"\u041a\u0430\u043f\u044e\u0448\u043e\u043d Buff Junior Child Blobs Amaranth \u0434\u043b\u044f \u0434\u0435\u0442\u0435\u0439 8-12 \u043b\u0435\u0442. \u0418\u0437\u0433\u043e\u0442\u0430\u0432\u043b\u0438\u0432\u0430\u0435\u0442\u0441\u044f \u0438\u0437 Polartec, \u043e\u0431\u0435\u0441\u043f\u0435\u0447\u0438\u0432\u0430\u044f \u0442\u0435\u043f\u043b\u043e, \u0437\u0430\u0449\u0438\u0442\u0443 \u043e\u0442 UV \u0438 \u043a\u043e\u043c\u0444\u043e\u0440\u0442 \u0432 \u043b\u044e\u0431\u043e\u043c \u043a\u043b\u0438\u043c\u0430\u0442\u0435.\",\"breadcrumb\":{\"@id\":\"https:\/\/xstyle.md\/product\/kapjushon-buff-junior-child-blobs-amaranth\/#breadcrumb\"},\"inLanguage\":\"ro-RO\",\"potentialAction\":[{\"@type\":\"ReadAction\",\"target\":[\"https:\/\/xstyle.md\/product\/kapjushon-buff-junior-child-blobs-amaranth\/\"]}]},{\"@type\":\"ImageObject\",\"inLanguage\":\"ro-RO\",\"@id\":\"https:\/\/xstyle.md\/product\/kapjushon-buff-junior-child-blobs-amaranth\/#primaryimage\",\"url\":\"https:\/\/xstyle.md\/wp-content\/uploads\/2020\/07\/kapyushon-buff-junior-child-blobs-amaranth.jpg\",\"contentUrl\":\"https:\/\/xstyle.md\/wp-content\/uploads\/2020\/07\/kapyushon-buff-junior-child-blobs-amaranth.jpg\",\"width\":979,\"height\":988,\"caption\":\"\u0420\u0435\u0431\u0435\u043d\u043e\u0447\u043d\u044b\u0439 \u043a\u0430\u043f\u044e\u0448\u043e\u043d Buff Junior \u0434\u043b\u044f \u0430\u043a\u0442\u0438\u0432\u043d\u044b\u0445 \u0432\u0438\u0434\u043e\u0432 \u043e\u0442\u0434\u044b\u0445\u0430 \u043e\u0434\u0435\u0436\u0434\u0430 \u0434\u043b\u044f \u043f\u043e\u0445\u043e\u0434\u043e\u0432 \u0430\u043b\u044c\u043f\u0438\u043d\u0438\u0437\u043c\u0430 \u0438 \u043f\u0443\u0442\u0435\u0448\u0435\u0441\u0442\u0432\u0438\u0439, \u043e\u0441\u0435\u043d\u043d\u0438\u0439 \u0441\u0442\u0438\u043b\u044c \u0438 \u043a\u043e\u043c\u0444\u043e\u0440\u0442 \u0434\u043b\u044f \u0434\u0435\u0442\u0435\u0439 \u0432 \u043e\u043d\u043b\u0430\u0439\u043d \u043c\u0430\u0433\u0430\u0437\u0438\u043d\u0435 \u0441\u043f\u043e\u0440\u0442\u0438\u0432\u043d\u043e\u0439 \u043e\u0434\u0435\u0436\u0434\u044b \u0438 \u043e\u0431\u0443\u0432\u0438\"},{\"@type\":\"BreadcrumbList\",\"@id\":\"https:\/\/xstyle.md\/product\/kapjushon-buff-junior-child-blobs-amaranth\/#breadcrumb\",\"itemListElement\":[{\"@type\":\"ListItem\",\"position\":1,\"name\":\"\u0413\u043b\u0430\u0432\u043d\u0430\u044f \u0441\u0442\u0440\u0430\u043d\u0438\u0446\u0430\",\"item\":\"https:\/\/xstyle.md\/\"},{\"@type\":\"ListItem\",\"position\":2,\"name\":\"\u041c\u0430\u0433\u0430\u0437\u0438\u043d\",\"item\":\"https:\/\/xstyle.md\/shop\/\"},{\"@type\":\"ListItem\",\"position\":3,\"name\":\"\u041a\u0430\u043f\u044e\u0448\u043e\u043d Buff Junior Child Blobs Amaranth\"}]},{\"@type\":\"WebSite\",\"@id\":\"https:\/\/xstyle.md\/#website\",\"url\":\"https:\/\/xstyle.md\/\",\"name\":\"\u041c\u0430\u0433\u0430\u0437\u0438\u043d Xstyle\",\"description\":\"C\u043d\u0430\u0440\u044f\u0436\u0435\u043d\u0438\u0435 \u0434\u043b\u044f \u0442\u0443\u0440\u0438\u0437\u043c\u0430 \u0438 \u044d\u043a\u0441\u0442\u0440\u0435\u043c\u0430\u043b\u044c\u043d\u044b\u0445 \u0432\u0438\u0434\u043e\u0432 \u0441\u043f\u043e\u0440\u0442\u0430 \u0432 \u041c\u043e\u043b\u0434\u043e\u0432\u0435.. \u0426\u0435\u043d\u044b, \u0444\u043e\u0442\u043e, \u0445\u0430\u0440\u0430\u043a\u0442\u0435\u0440\u0438\u0441\u0442\u0438\u043a\u0438 \u0432 \u041c\u043e\u043b\u0434\u043e\u0432\u0435.\",\"publisher\":{\"@id\":\"https:\/\/xstyle.md\/#organization\"},\"alternateName\":\"X-Style\",\"potentialAction\":[{\"@type\":\"SearchAction\",\"target\":{\"@type\":\"EntryPoint\",\"urlTemplate\":\"https:\/\/xstyle.md\/?s={search_term_string}\"},\"query-input\":{\"@type\":\"PropertyValueSpecification\",\"valueRequired\":true,\"valueName\":\"search_term_string\"}}],\"inLanguage\":\"ro-RO\"},{\"@type\":\"Organization\",\"@id\":\"https:\/\/xstyle.md\/#organization\",\"name\":\"\u041c\u0430\u0433\u0430\u0437\u0438\u043d Xstyle\",\"alternateName\":\"x-style\",\"url\":\"https:\/\/xstyle.md\/\",\"logo\":{\"@type\":\"ImageObject\",\"inLanguage\":\"ro-RO\",\"@id\":\"https:\/\/xstyle.md\/#\/schema\/logo\/image\/\",\"url\":\"https:\/\/xstyle.md\/wp-content\/uploads\/2020\/06\/logoicon.svg\",\"contentUrl\":\"https:\/\/xstyle.md\/wp-content\/uploads\/2020\/06\/logoicon.svg\",\"caption\":\"\u041c\u0430\u0433\u0430\u0437\u0438\u043d Xstyle\"},\"image\":{\"@id\":\"https:\/\/xstyle.md\/#\/schema\/logo\/image\/\"},\"sameAs\":[\"https:\/\/www.facebook.com\/xstylemd\",\"https:\/\/www.instagram.com\/xstyle_md\/\",\"https:\/\/t.me\/xstyle_outdoor\"],\"hasMerchantReturnPolicy\":{\"@type\":\"MerchantReturnPolicy\",\"merchantReturnLink\":\"https:\/\/xstyle.md\/ro\/conditions\/\"}}]}<\/script>\n<meta property=\"product:price:amount\" content=\"650.00\" \/>\n<meta property=\"product:price:currency\" content=\"MDL\" \/>\n<meta property=\"og:availability\" content=\"instock\" \/>\n<meta property=\"product:availability\" content=\"instock\" \/>\n<meta property=\"product:retailer_item_id\" content=\"8428927183194\" \/>\n<meta property=\"product:condition\" content=\"new\" \/>\n<!-- \/ Yoast SEO plugin. -->","yoast_head_json":{"title":"Glug\u0103 Buff Junior Child Blobs Amaranth - Magazin Xstyle","description":"Kapu\u0219onul Buff Junior Child Blobs Amaranth pentru copii cu v\u00e2rste de 8-12 ani. Este fabricat din Polartec, oferind c\u0103ldur\u0103, protec\u021bie UV \u0219i confort \u00een orice climat.","robots":{"index":"index","follow":"follow","max-snippet":"max-snippet:-1","max-image-preview":"max-image-preview:large","max-video-preview":"max-video-preview:-1"},"canonical":"https:\/\/xstyle.md\/ro\/produs\/kapjushon-buff-junior-child-blobs-amaranth\/","og_locale":"ro_RO","og_type":"article","og_title":"\u041a\u0430\u043f\u044e\u0448\u043e\u043d Buff Junior Child Blobs Amaranth - \u041c\u0430\u0433\u0430\u0437\u0438\u043d Xstyle","og_description":"\u041a\u0430\u043f\u044e\u0448\u043e\u043d Buff Junior Child Blobs Amaranth \u0434\u043b\u044f \u0434\u0435\u0442\u0435\u0439 8-12 \u043b\u0435\u0442. \u0418\u0437\u0433\u043e\u0442\u0430\u0432\u043b\u0438\u0432\u0430\u0435\u0442\u0441\u044f \u0438\u0437 Polartec, \u043e\u0431\u0435\u0441\u043f\u0435\u0447\u0438\u0432\u0430\u044f \u0442\u0435\u043f\u043b\u043e, \u0437\u0430\u0449\u0438\u0442\u0443 \u043e\u0442 UV \u0438 \u043a\u043e\u043c\u0444\u043e\u0440\u0442 \u0432 \u043b\u044e\u0431\u043e\u043c \u043a\u043b\u0438\u043c\u0430\u0442\u0435.","og_url":"https:\/\/xstyle.md\/ro\/produs\/kapjushon-buff-junior-child-blobs-amaranth\/","og_site_name":"\u041c\u0430\u0433\u0430\u0437\u0438\u043d Xstyle","article_publisher":"https:\/\/www.facebook.com\/xstylemd","article_modified_time":"2026-04-07T12:23:01+00:00","og_image":[{"width":979,"height":988,"url":"https:\/\/xstyle.md\/wp-content\/uploads\/2020\/07\/kapyushon-buff-junior-child-blobs-amaranth.jpg","type":"image\/jpeg"}],"twitter_card":"summary_large_image","twitter_misc":{"Pre\u021b":"650&nbsp;MDL","Disponibilitate":"\u00cen stoc"},"schema":{"@context":"https:\/\/schema.org","@graph":[{"@type":"WebPage","@id":"https:\/\/xstyle.md\/product\/kapjushon-buff-junior-child-blobs-amaranth\/","url":"https:\/\/xstyle.md\/product\/kapjushon-buff-junior-child-blobs-amaranth\/","name":"Glug\u0103 Buff Junior Child Blobs Amaranth - Magazin Xstyle","isPartOf":{"@id":"https:\/\/xstyle.md\/#website"},"primaryImageOfPage":{"@id":"https:\/\/xstyle.md\/product\/kapjushon-buff-junior-child-blobs-amaranth\/#primaryimage"},"image":{"@id":"https:\/\/xstyle.md\/product\/kapjushon-buff-junior-child-blobs-amaranth\/#primaryimage"},"thumbnailUrl":"https:\/\/xstyle.md\/wp-content\/uploads\/2020\/07\/kapyushon-buff-junior-child-blobs-amaranth.jpg","datePublished":"2020-07-17T14:07:51+00:00","dateModified":"2026-04-07T12:23:01+00:00","description":"Kapu\u0219onul Buff Junior Child Blobs Amaranth pentru copii cu v\u00e2rste de 8-12 ani. Este fabricat din Polartec, oferind c\u0103ldur\u0103, protec\u021bie UV \u0219i confort \u00een orice climat.","breadcrumb":{"@id":"https:\/\/xstyle.md\/product\/kapjushon-buff-junior-child-blobs-amaranth\/#breadcrumb"},"inLanguage":"ro-RO","potentialAction":[{"@type":"ReadAction","target":["https:\/\/xstyle.md\/product\/kapjushon-buff-junior-child-blobs-amaranth\/"]}]},{"@type":"ImageObject","inLanguage":"ro-RO","@id":"https:\/\/xstyle.md\/product\/kapjushon-buff-junior-child-blobs-amaranth\/#primaryimage","url":"https:\/\/xstyle.md\/wp-content\/uploads\/2020\/07\/kapyushon-buff-junior-child-blobs-amaranth.jpg","contentUrl":"https:\/\/xstyle.md\/wp-content\/uploads\/2020\/07\/kapyushon-buff-junior-child-blobs-amaranth.jpg","width":979,"height":988,"caption":"\u0420\u0435\u0431\u0435\u043d\u043e\u0447\u043d\u044b\u0439 \u043a\u0430\u043f\u044e\u0448\u043e\u043d Buff Junior \u0434\u043b\u044f \u0430\u043a\u0442\u0438\u0432\u043d\u044b\u0445 \u0432\u0438\u0434\u043e\u0432 \u043e\u0442\u0434\u044b\u0445\u0430 \u043e\u0434\u0435\u0436\u0434\u0430 \u0434\u043b\u044f \u043f\u043e\u0445\u043e\u0434\u043e\u0432 \u0430\u043b\u044c\u043f\u0438\u043d\u0438\u0437\u043c\u0430 \u0438 \u043f\u0443\u0442\u0435\u0448\u0435\u0441\u0442\u0432\u0438\u0439, \u043e\u0441\u0435\u043d\u043d\u0438\u0439 \u0441\u0442\u0438\u043b\u044c \u0438 \u043a\u043e\u043c\u0444\u043e\u0440\u0442 \u0434\u043b\u044f \u0434\u0435\u0442\u0435\u0439 \u0432 \u043e\u043d\u043b\u0430\u0439\u043d \u043c\u0430\u0433\u0430\u0437\u0438\u043d\u0435 \u0441\u043f\u043e\u0440\u0442\u0438\u0432\u043d\u043e\u0439 \u043e\u0434\u0435\u0436\u0434\u044b \u0438 \u043e\u0431\u0443\u0432\u0438"},{"@type":"BreadcrumbList","@id":"https:\/\/xstyle.md\/product\/kapjushon-buff-junior-child-blobs-amaranth\/#breadcrumb","itemListElement":[{"@type":"ListItem","position":1,"name":"\u0413\u043b\u0430\u0432\u043d\u0430\u044f \u0441\u0442\u0440\u0430\u043d\u0438\u0446\u0430","item":"https:\/\/xstyle.md\/"},{"@type":"ListItem","position":2,"name":"\u041c\u0430\u0433\u0430\u0437\u0438\u043d","item":"https:\/\/xstyle.md\/shop\/"},{"@type":"ListItem","position":3,"name":"\u041a\u0430\u043f\u044e\u0448\u043e\u043d Buff Junior Child Blobs Amaranth"}]},{"@type":"WebSite","@id":"https:\/\/xstyle.md\/#website","url":"https:\/\/xstyle.md\/","name":"Magazinul X-Style","description":"Echipamente pentru turism \u0219i sporturi extreme \u00een Moldova. Pre\u021buri, fotografii, caracteristici \u00een Moldova.","publisher":{"@id":"https:\/\/xstyle.md\/#organization"},"alternateName":"X-Style","potentialAction":[{"@type":"SearchAction","target":{"@type":"EntryPoint","urlTemplate":"https:\/\/xstyle.md\/?s={search_term_string}"},"query-input":{"@type":"PropertyValueSpecification","valueRequired":true,"valueName":"search_term_string"}}],"inLanguage":"ro-RO"},{"@type":"Organization","@id":"https:\/\/xstyle.md\/#organization","name":"Magazinul X-Style","alternateName":"x-style","url":"https:\/\/xstyle.md\/","logo":{"@type":"ImageObject","inLanguage":"ro-RO","@id":"https:\/\/xstyle.md\/#\/schema\/logo\/image\/","url":"https:\/\/xstyle.md\/wp-content\/uploads\/2020\/06\/logoicon.svg","contentUrl":"https:\/\/xstyle.md\/wp-content\/uploads\/2020\/06\/logoicon.svg","caption":"\u041c\u0430\u0433\u0430\u0437\u0438\u043d Xstyle"},"image":{"@id":"https:\/\/xstyle.md\/#\/schema\/logo\/image\/"},"sameAs":["https:\/\/www.facebook.com\/xstylemd","https:\/\/www.instagram.com\/xstyle_md\/","https:\/\/t.me\/xstyle_outdoor"],"hasMerchantReturnPolicy":{"@type":"MerchantReturnPolicy","merchantReturnLink":"https:\/\/xstyle.md\/ro\/conditions\/"}}]},"product_price_amount":"650.00","product_price_currency":"MDL","og_availability":"instock","product_availability":"instock","product_retailer_item_id":"8428927183194","product_condition":"new"},"post_mailing_queue_ids":[],"_links":{"self":[{"href":"https:\/\/xstyle.md\/ro\/wp-json\/wp\/v2\/product\/16664","targetHints":{"allow":["GET"]}}],"collection":[{"href":"https:\/\/xstyle.md\/ro\/wp-json\/wp\/v2\/product"}],"about":[{"href":"https:\/\/xstyle.md\/ro\/wp-json\/wp\/v2\/types\/product"}],"replies":[{"embeddable":true,"href":"https:\/\/xstyle.md\/ro\/wp-json\/wp\/v2\/comments?post=16664"}],"wp:featuredmedia":[{"embeddable":true,"href":"https:\/\/xstyle.md\/ro\/wp-json\/wp\/v2\/media\/58421"}],"wp:attachment":[{"href":"https:\/\/xstyle.md\/ro\/wp-json\/wp\/v2\/media?parent=16664"}],"wp:term":[{"taxonomy":"product_brand","embeddable":true,"href":"https:\/\/xstyle.md\/ro\/wp-json\/wp\/v2\/product_brand?post=16664"},{"taxonomy":"product_cat","embeddable":true,"href":"https:\/\/xstyle.md\/ro\/wp-json\/wp\/v2\/product_cat?post=16664"},{"taxonomy":"product_tag","embeddable":true,"href":"https:\/\/xstyle.md\/ro\/wp-json\/wp\/v2\/product_tag?post=16664"}],"curies":[{"name":"wp","href":"https:\/\/api.w.org\/{rel}","templated":true}]}}