{"id":1653,"date":"2020-07-16T16:32:00","date_gmt":"2020-07-16T13:32:00","guid":{"rendered":"https:\/\/xstyle.md\/product\/spirtovaja-gorelka-tatonka-alcohol-burner"},"modified":"2025-12-03T13:59:42","modified_gmt":"2025-12-03T10:59:42","slug":"spirtovaja-gorelka-tatonka-alcohol-burner","status":"publish","type":"product","link":"https:\/\/xstyle.md\/ro\/produs\/spirtovaja-gorelka-tatonka-alcohol-burner\/","title":{"rendered":"Arz\u0103tor cu spirt Tatonka Alcohol Burner"},"content":{"rendered":"<\/p>\n<p><strong>Tatonka Alcohol Burner <\/strong>&#8212; este un arz\u0103tor de alcool. Acest model mic ocup\u0103 pu\u021bin spa\u021biu, ceea ce este foarte convenabil pentru drume\u021bii. Acest model este fabricat din o\u021bel inoxidabil, iar capacul are o garnitur\u0103 de cauciuc. Acest arz\u0103tor arde timp de aproximativ 40 de minute.<\/p>\n<p>Pentru arz\u0103toarele cu alcool pute\u021bi folosi combustibil &#8212; alcool etilic medical sau alcool tehnic obi\u0219nuit, v\u00e2ndut \u00een farmacii, magazine turistice, magazine cu \u0219eminee (multe \u0219eminee func\u021bioneaz\u0103 cu alcool), \u00een magazinele cu vopsele (multe vopsele necesit\u0103 solven\u021bi care con\u021bin alcool), pute\u021bi folosi lichid de aprindere a lemnului de foc. De asemenea, pute\u021bi folosi combustibil uscat (tablete) (v\u00e2ndut \u00een magazinele turistice). Avantajele arz\u0103torului cu alcool fa\u021b\u0103 de arz\u0103torul cu gaz: compactitate, durat\u0103 de via\u021b\u0103, nu este nevoie s\u0103 transporta\u021bi butelii de gaz.<\/p>\n<h3>Particularit\u0103\u021bi<\/h3>\n<ul>\n<li>Ocup\u0103 foarte pu\u021bin spa\u021biu<\/li>\n<li>Greutate redus\u0103, ceea ce este convenabil pentru utilizarea \u00een excursii cu cortul<\/li>\n<li>Durat\u0103 de via\u021b\u0103 lung\u0103<\/li>\n<li>Nu este nevoie s\u0103 transporta\u021bi butelii de gaz.<\/li>\n<\/ul>\n<h3>Caracteristici<\/h3>\n<ul>\n<li>Dimensiune &#8212; 7,5 x 5,5 cm<\/li>\n<li>Volum &#8212; 120 ml<\/li>\n<li>Greutate &#8212; 95 gr<\/li>\n<li>Material &#8212; o\u021bel inoxidabil SS304.<\/li>\n<\/ul>\n<p><\/p>\n<p><a href=\"http:\/\/www.youtube.com\/embed\/YUjJUFXCnRw\">www.youtube.com\/embed\/YUjJUFXCnRw<\/a><\/p>\n<div><span class=\"attr-description detail\" style=\"margin: 0px; padding: 0px;\">\u00a0<\/span><\/div>","protected":false},"excerpt":{"rendered":"<p>Arz\u0103tor cu spirt Tatonka Alcohol Burner<\/p>","protected":false},"featured_media":1650,"comment_status":"open","ping_status":"closed","template":"","meta":{"_acf_changed":false,"inline_featured_image":false},"product_brand":[1262],"product_cat":[273],"product_tag":[],"class_list":{"0":"post-1653","1":"product","2":"type-product","3":"status-publish","4":"has-post-thumbnail","6":"product_brand-tatonka","7":"product_cat-arzator-combustibil","9":"first","10":"instock","11":"shipping-taxable","12":"purchasable","13":"product-type-simple"},"acf":[],"yoast_head":"<!-- This site is optimized with the Yoast SEO plugin v27.2 - https:\/\/yoast.com\/product\/yoast-seo-wordpress\/ -->\n<title>\u0421\u043f\u0438\u0440\u0442\u043e\u0432\u0430\u044f \u0433\u043e\u0440\u0435\u043b\u043a\u0430 Tatonka Alcohol Burner - \u041c\u0430\u0433\u0430\u0437\u0438\u043d Xstyle<\/title>\n<meta name=\"description\" content=\"\u0421\u043f\u0438\u0440\u0442\u043e\u0432\u0430\u044f \u0433\u043e\u0440\u0435\u043b\u043a\u0430 Tatonka - \u043a\u043e\u043c\u043f\u0430\u043a\u0442\u043d\u044b\u0439 \u0438 \u043d\u0430\u0434\u0435\u0436\u043d\u044b\u0439 \u0430\u043a\u0441\u0435\u0441\u0441\u0443\u0430\u0440 \u0434\u043b\u044f \u043f\u043e\u0445\u043e\u0434\u043e\u0432. \u0412\u044b\u043f\u043e\u043b\u043d\u0435\u043d\u0430 \u0438\u0437 \u043d\u0435\u0440\u0436\u0430\u0432\u0435\u044e\u0449\u0435\u0439 \u0441\u0442\u0430\u043b\u0438, \u0433\u043e\u0440\u0438\u0442 \u0434\u043e 40 \u043c\u0438\u043d\u0443\u0442. \u0418\u0434\u0435\u0430\u043b\u044c\u043d\u0430 \u0434\u043b\u044f \u0430\u043a\u0442\u0438\u0432\u043d\u043e\u0433\u043e \u043e\u0442\u0434\u044b\u0445\u0430!\" \/>\n<meta name=\"robots\" content=\"index, follow, max-snippet:-1, max-image-preview:large, max-video-preview:-1\" \/>\n<link rel=\"canonical\" href=\"https:\/\/xstyle.md\/ro\/produs\/spirtovaja-gorelka-tatonka-alcohol-burner\/\" \/>\n<meta property=\"og:locale\" content=\"ro_RO\" \/>\n<meta property=\"og:type\" content=\"article\" \/>\n<meta property=\"og:title\" content=\"\u0421\u043f\u0438\u0440\u0442\u043e\u0432\u0430\u044f \u0433\u043e\u0440\u0435\u043b\u043a\u0430 Tatonka Alcohol Burner - \u041c\u0430\u0433\u0430\u0437\u0438\u043d Xstyle\" \/>\n<meta property=\"og:description\" content=\"\u0421\u043f\u0438\u0440\u0442\u043e\u0432\u0430\u044f \u0433\u043e\u0440\u0435\u043b\u043a\u0430 Tatonka - \u043a\u043e\u043c\u043f\u0430\u043a\u0442\u043d\u044b\u0439 \u0438 \u043d\u0430\u0434\u0435\u0436\u043d\u044b\u0439 \u0430\u043a\u0441\u0435\u0441\u0441\u0443\u0430\u0440 \u0434\u043b\u044f \u043f\u043e\u0445\u043e\u0434\u043e\u0432. \u0412\u044b\u043f\u043e\u043b\u043d\u0435\u043d\u0430 \u0438\u0437 \u043d\u0435\u0440\u0436\u0430\u0432\u0435\u044e\u0449\u0435\u0439 \u0441\u0442\u0430\u043b\u0438, \u0433\u043e\u0440\u0438\u0442 \u0434\u043e 40 \u043c\u0438\u043d\u0443\u0442. \u0418\u0434\u0435\u0430\u043b\u044c\u043d\u0430 \u0434\u043b\u044f \u0430\u043a\u0442\u0438\u0432\u043d\u043e\u0433\u043e \u043e\u0442\u0434\u044b\u0445\u0430!\" \/>\n<meta property=\"og:url\" content=\"https:\/\/xstyle.md\/ro\/produs\/spirtovaja-gorelka-tatonka-alcohol-burner\/\" \/>\n<meta property=\"og:site_name\" content=\"\u041c\u0430\u0433\u0430\u0437\u0438\u043d Xstyle\" \/>\n<meta property=\"article:publisher\" content=\"https:\/\/www.facebook.com\/xstylemd\" \/>\n<meta property=\"article:modified_time\" content=\"2025-12-03T10:59:42+00:00\" \/>\n<meta property=\"og:image\" content=\"https:\/\/xstyle.md\/wp-content\/uploads\/2020\/07\/alcoholburner.jpg\" \/>\n\t<meta property=\"og:image:width\" content=\"300\" \/>\n\t<meta property=\"og:image:height\" content=\"165\" \/>\n\t<meta property=\"og:image:type\" content=\"image\/jpeg\" \/>\n<meta name=\"twitter:card\" content=\"summary_large_image\" \/>\n<meta name=\"twitter:label1\" content=\"Pre\u021b\" \/>\n\t<meta name=\"twitter:data1\" content=\"425&nbsp;MDL\" \/>\n\t<meta name=\"twitter:label2\" content=\"Disponibilitate\" \/>\n\t<meta name=\"twitter:data2\" content=\"\u00cen stoc\" \/>\n<script type=\"application\/ld+json\" class=\"yoast-schema-graph\">{\"@context\":\"https:\/\/schema.org\",\"@graph\":[{\"@type\":\"WebPage\",\"@id\":\"https:\/\/xstyle.md\/product\/spirtovaja-gorelka-tatonka-alcohol-burner\/\",\"url\":\"https:\/\/xstyle.md\/product\/spirtovaja-gorelka-tatonka-alcohol-burner\/\",\"name\":\"\u0421\u043f\u0438\u0440\u0442\u043e\u0432\u0430\u044f \u0433\u043e\u0440\u0435\u043b\u043a\u0430 Tatonka Alcohol Burner - \u041c\u0430\u0433\u0430\u0437\u0438\u043d Xstyle\",\"isPartOf\":{\"@id\":\"https:\/\/xstyle.md\/#website\"},\"primaryImageOfPage\":{\"@id\":\"https:\/\/xstyle.md\/product\/spirtovaja-gorelka-tatonka-alcohol-burner\/#primaryimage\"},\"image\":{\"@id\":\"https:\/\/xstyle.md\/product\/spirtovaja-gorelka-tatonka-alcohol-burner\/#primaryimage\"},\"thumbnailUrl\":\"https:\/\/xstyle.md\/wp-content\/uploads\/2020\/07\/alcoholburner.jpg\",\"datePublished\":\"2020-07-16T13:32:00+00:00\",\"dateModified\":\"2025-12-03T10:59:42+00:00\",\"description\":\"\u0421\u043f\u0438\u0440\u0442\u043e\u0432\u0430\u044f \u0433\u043e\u0440\u0435\u043b\u043a\u0430 Tatonka - \u043a\u043e\u043c\u043f\u0430\u043a\u0442\u043d\u044b\u0439 \u0438 \u043d\u0430\u0434\u0435\u0436\u043d\u044b\u0439 \u0430\u043a\u0441\u0435\u0441\u0441\u0443\u0430\u0440 \u0434\u043b\u044f \u043f\u043e\u0445\u043e\u0434\u043e\u0432. \u0412\u044b\u043f\u043e\u043b\u043d\u0435\u043d\u0430 \u0438\u0437 \u043d\u0435\u0440\u0436\u0430\u0432\u0435\u044e\u0449\u0435\u0439 \u0441\u0442\u0430\u043b\u0438, \u0433\u043e\u0440\u0438\u0442 \u0434\u043e 40 \u043c\u0438\u043d\u0443\u0442. \u0418\u0434\u0435\u0430\u043b\u044c\u043d\u0430 \u0434\u043b\u044f \u0430\u043a\u0442\u0438\u0432\u043d\u043e\u0433\u043e \u043e\u0442\u0434\u044b\u0445\u0430!\",\"breadcrumb\":{\"@id\":\"https:\/\/xstyle.md\/product\/spirtovaja-gorelka-tatonka-alcohol-burner\/#breadcrumb\"},\"inLanguage\":\"ro-RO\",\"potentialAction\":[{\"@type\":\"ReadAction\",\"target\":[\"https:\/\/xstyle.md\/product\/spirtovaja-gorelka-tatonka-alcohol-burner\/\"]}]},{\"@type\":\"ImageObject\",\"inLanguage\":\"ro-RO\",\"@id\":\"https:\/\/xstyle.md\/product\/spirtovaja-gorelka-tatonka-alcohol-burner\/#primaryimage\",\"url\":\"https:\/\/xstyle.md\/wp-content\/uploads\/2020\/07\/alcoholburner.jpg\",\"contentUrl\":\"https:\/\/xstyle.md\/wp-content\/uploads\/2020\/07\/alcoholburner.jpg\",\"width\":300,\"height\":165},{\"@type\":\"BreadcrumbList\",\"@id\":\"https:\/\/xstyle.md\/product\/spirtovaja-gorelka-tatonka-alcohol-burner\/#breadcrumb\",\"itemListElement\":[{\"@type\":\"ListItem\",\"position\":1,\"name\":\"\u0413\u043b\u0430\u0432\u043d\u0430\u044f \u0441\u0442\u0440\u0430\u043d\u0438\u0446\u0430\",\"item\":\"https:\/\/xstyle.md\/\"},{\"@type\":\"ListItem\",\"position\":2,\"name\":\"\u041c\u0430\u0433\u0430\u0437\u0438\u043d\",\"item\":\"https:\/\/xstyle.md\/shop\/\"},{\"@type\":\"ListItem\",\"position\":3,\"name\":\"\u0421\u043f\u0438\u0440\u0442\u043e\u0432\u0430\u044f \u0433\u043e\u0440\u0435\u043b\u043a\u0430 Tatonka Alcohol Burner\"}]},{\"@type\":\"WebSite\",\"@id\":\"https:\/\/xstyle.md\/#website\",\"url\":\"https:\/\/xstyle.md\/\",\"name\":\"\u041c\u0430\u0433\u0430\u0437\u0438\u043d Xstyle\",\"description\":\"C\u043d\u0430\u0440\u044f\u0436\u0435\u043d\u0438\u0435 \u0434\u043b\u044f \u0442\u0443\u0440\u0438\u0437\u043c\u0430 \u0438 \u044d\u043a\u0441\u0442\u0440\u0435\u043c\u0430\u043b\u044c\u043d\u044b\u0445 \u0432\u0438\u0434\u043e\u0432 \u0441\u043f\u043e\u0440\u0442\u0430 \u0432 \u041c\u043e\u043b\u0434\u043e\u0432\u0435.. \u0426\u0435\u043d\u044b, \u0444\u043e\u0442\u043e, \u0445\u0430\u0440\u0430\u043a\u0442\u0435\u0440\u0438\u0441\u0442\u0438\u043a\u0438 \u0432 \u041c\u043e\u043b\u0434\u043e\u0432\u0435.\",\"publisher\":{\"@id\":\"https:\/\/xstyle.md\/#organization\"},\"alternateName\":\"X-Style\",\"potentialAction\":[{\"@type\":\"SearchAction\",\"target\":{\"@type\":\"EntryPoint\",\"urlTemplate\":\"https:\/\/xstyle.md\/?s={search_term_string}\"},\"query-input\":{\"@type\":\"PropertyValueSpecification\",\"valueRequired\":true,\"valueName\":\"search_term_string\"}}],\"inLanguage\":\"ro-RO\"},{\"@type\":\"Organization\",\"@id\":\"https:\/\/xstyle.md\/#organization\",\"name\":\"\u041c\u0430\u0433\u0430\u0437\u0438\u043d Xstyle\",\"alternateName\":\"x-style\",\"url\":\"https:\/\/xstyle.md\/\",\"logo\":{\"@type\":\"ImageObject\",\"inLanguage\":\"ro-RO\",\"@id\":\"https:\/\/xstyle.md\/#\/schema\/logo\/image\/\",\"url\":\"https:\/\/xstyle.md\/wp-content\/uploads\/2020\/06\/logoicon.svg\",\"contentUrl\":\"https:\/\/xstyle.md\/wp-content\/uploads\/2020\/06\/logoicon.svg\",\"caption\":\"\u041c\u0430\u0433\u0430\u0437\u0438\u043d Xstyle\"},\"image\":{\"@id\":\"https:\/\/xstyle.md\/#\/schema\/logo\/image\/\"},\"sameAs\":[\"https:\/\/www.facebook.com\/xstylemd\",\"https:\/\/www.instagram.com\/xstyle_md\/\",\"https:\/\/t.me\/xstyle_outdoor\"],\"hasMerchantReturnPolicy\":{\"@type\":\"MerchantReturnPolicy\",\"merchantReturnLink\":\"https:\/\/xstyle.md\/ro\/conditions\/\"}}]}<\/script>\n<meta property=\"product:price:amount\" content=\"425.00\" \/>\n<meta property=\"product:price:currency\" content=\"MDL\" \/>\n<meta property=\"og:availability\" content=\"instock\" \/>\n<meta property=\"product:availability\" content=\"instock\" \/>\n<meta property=\"product:retailer_item_id\" content=\"4013236014938\" \/>\n<meta property=\"product:condition\" content=\"new\" \/>\n<!-- \/ Yoast SEO plugin. -->","yoast_head_json":{"title":"Arz\u0103tor cu spirt Tatonka Alcohol Burner - Magazin Xstyle","description":"\u0421\u043f\u0438\u0440\u0442\u043e\u0432\u0430\u044f \u0433\u043e\u0440\u0435\u043b\u043a\u0430 Tatonka - \u043a\u043e\u043c\u043f\u0430\u043a\u0442\u043d\u044b\u0439 \u0438 \u043d\u0430\u0434\u0435\u0436\u043d\u044b\u0439 \u0430\u043a\u0441\u0435\u0441\u0441\u0443\u0430\u0440 \u0434\u043b\u044f \u043f\u043e\u0445\u043e\u0434\u043e\u0432. \u0412\u044b\u043f\u043e\u043b\u043d\u0435\u043d\u0430 \u0438\u0437 \u043d\u0435\u0440\u0436\u0430\u0432\u0435\u044e\u0449\u0435\u0439 \u0441\u0442\u0430\u043b\u0438, \u0433\u043e\u0440\u0438\u0442 \u0434\u043e 40 \u043c\u0438\u043d\u0443\u0442. \u0418\u0434\u0435\u0430\u043b\u044c\u043d\u0430 \u0434\u043b\u044f \u0430\u043a\u0442\u0438\u0432\u043d\u043e\u0433\u043e \u043e\u0442\u0434\u044b\u0445\u0430!","robots":{"index":"index","follow":"follow","max-snippet":"max-snippet:-1","max-image-preview":"max-image-preview:large","max-video-preview":"max-video-preview:-1"},"canonical":"https:\/\/xstyle.md\/ro\/produs\/spirtovaja-gorelka-tatonka-alcohol-burner\/","og_locale":"ro_RO","og_type":"article","og_title":"\u0421\u043f\u0438\u0440\u0442\u043e\u0432\u0430\u044f \u0433\u043e\u0440\u0435\u043b\u043a\u0430 Tatonka Alcohol Burner - \u041c\u0430\u0433\u0430\u0437\u0438\u043d Xstyle","og_description":"\u0421\u043f\u0438\u0440\u0442\u043e\u0432\u0430\u044f \u0433\u043e\u0440\u0435\u043b\u043a\u0430 Tatonka - \u043a\u043e\u043c\u043f\u0430\u043a\u0442\u043d\u044b\u0439 \u0438 \u043d\u0430\u0434\u0435\u0436\u043d\u044b\u0439 \u0430\u043a\u0441\u0435\u0441\u0441\u0443\u0430\u0440 \u0434\u043b\u044f \u043f\u043e\u0445\u043e\u0434\u043e\u0432. \u0412\u044b\u043f\u043e\u043b\u043d\u0435\u043d\u0430 \u0438\u0437 \u043d\u0435\u0440\u0436\u0430\u0432\u0435\u044e\u0449\u0435\u0439 \u0441\u0442\u0430\u043b\u0438, \u0433\u043e\u0440\u0438\u0442 \u0434\u043e 40 \u043c\u0438\u043d\u0443\u0442. \u0418\u0434\u0435\u0430\u043b\u044c\u043d\u0430 \u0434\u043b\u044f \u0430\u043a\u0442\u0438\u0432\u043d\u043e\u0433\u043e \u043e\u0442\u0434\u044b\u0445\u0430!","og_url":"https:\/\/xstyle.md\/ro\/produs\/spirtovaja-gorelka-tatonka-alcohol-burner\/","og_site_name":"\u041c\u0430\u0433\u0430\u0437\u0438\u043d Xstyle","article_publisher":"https:\/\/www.facebook.com\/xstylemd","article_modified_time":"2025-12-03T10:59:42+00:00","og_image":[{"width":300,"height":165,"url":"https:\/\/xstyle.md\/wp-content\/uploads\/2020\/07\/alcoholburner.jpg","type":"image\/jpeg"}],"twitter_card":"summary_large_image","twitter_misc":{"Pre\u021b":"425&nbsp;MDL","Disponibilitate":"\u00cen stoc"},"schema":{"@context":"https:\/\/schema.org","@graph":[{"@type":"WebPage","@id":"https:\/\/xstyle.md\/product\/spirtovaja-gorelka-tatonka-alcohol-burner\/","url":"https:\/\/xstyle.md\/product\/spirtovaja-gorelka-tatonka-alcohol-burner\/","name":"Arz\u0103tor cu spirt Tatonka Alcohol Burner - Magazin Xstyle","isPartOf":{"@id":"https:\/\/xstyle.md\/#website"},"primaryImageOfPage":{"@id":"https:\/\/xstyle.md\/product\/spirtovaja-gorelka-tatonka-alcohol-burner\/#primaryimage"},"image":{"@id":"https:\/\/xstyle.md\/product\/spirtovaja-gorelka-tatonka-alcohol-burner\/#primaryimage"},"thumbnailUrl":"https:\/\/xstyle.md\/wp-content\/uploads\/2020\/07\/alcoholburner.jpg","datePublished":"2020-07-16T13:32:00+00:00","dateModified":"2025-12-03T10:59:42+00:00","description":"\u0421\u043f\u0438\u0440\u0442\u043e\u0432\u0430\u044f \u0433\u043e\u0440\u0435\u043b\u043a\u0430 Tatonka - \u043a\u043e\u043c\u043f\u0430\u043a\u0442\u043d\u044b\u0439 \u0438 \u043d\u0430\u0434\u0435\u0436\u043d\u044b\u0439 \u0430\u043a\u0441\u0435\u0441\u0441\u0443\u0430\u0440 \u0434\u043b\u044f \u043f\u043e\u0445\u043e\u0434\u043e\u0432. \u0412\u044b\u043f\u043e\u043b\u043d\u0435\u043d\u0430 \u0438\u0437 \u043d\u0435\u0440\u0436\u0430\u0432\u0435\u044e\u0449\u0435\u0439 \u0441\u0442\u0430\u043b\u0438, \u0433\u043e\u0440\u0438\u0442 \u0434\u043e 40 \u043c\u0438\u043d\u0443\u0442. \u0418\u0434\u0435\u0430\u043b\u044c\u043d\u0430 \u0434\u043b\u044f \u0430\u043a\u0442\u0438\u0432\u043d\u043e\u0433\u043e \u043e\u0442\u0434\u044b\u0445\u0430!","breadcrumb":{"@id":"https:\/\/xstyle.md\/product\/spirtovaja-gorelka-tatonka-alcohol-burner\/#breadcrumb"},"inLanguage":"ro-RO","potentialAction":[{"@type":"ReadAction","target":["https:\/\/xstyle.md\/product\/spirtovaja-gorelka-tatonka-alcohol-burner\/"]}]},{"@type":"ImageObject","inLanguage":"ro-RO","@id":"https:\/\/xstyle.md\/product\/spirtovaja-gorelka-tatonka-alcohol-burner\/#primaryimage","url":"https:\/\/xstyle.md\/wp-content\/uploads\/2020\/07\/alcoholburner.jpg","contentUrl":"https:\/\/xstyle.md\/wp-content\/uploads\/2020\/07\/alcoholburner.jpg","width":300,"height":165},{"@type":"BreadcrumbList","@id":"https:\/\/xstyle.md\/product\/spirtovaja-gorelka-tatonka-alcohol-burner\/#breadcrumb","itemListElement":[{"@type":"ListItem","position":1,"name":"\u0413\u043b\u0430\u0432\u043d\u0430\u044f \u0441\u0442\u0440\u0430\u043d\u0438\u0446\u0430","item":"https:\/\/xstyle.md\/"},{"@type":"ListItem","position":2,"name":"\u041c\u0430\u0433\u0430\u0437\u0438\u043d","item":"https:\/\/xstyle.md\/shop\/"},{"@type":"ListItem","position":3,"name":"\u0421\u043f\u0438\u0440\u0442\u043e\u0432\u0430\u044f \u0433\u043e\u0440\u0435\u043b\u043a\u0430 Tatonka Alcohol Burner"}]},{"@type":"WebSite","@id":"https:\/\/xstyle.md\/#website","url":"https:\/\/xstyle.md\/","name":"Magazinul X-Style","description":"Echipamente pentru turism \u0219i sporturi extreme \u00een Moldova. Pre\u021buri, fotografii, caracteristici \u00een Moldova.","publisher":{"@id":"https:\/\/xstyle.md\/#organization"},"alternateName":"X-Style","potentialAction":[{"@type":"SearchAction","target":{"@type":"EntryPoint","urlTemplate":"https:\/\/xstyle.md\/?s={search_term_string}"},"query-input":{"@type":"PropertyValueSpecification","valueRequired":true,"valueName":"search_term_string"}}],"inLanguage":"ro-RO"},{"@type":"Organization","@id":"https:\/\/xstyle.md\/#organization","name":"Magazinul X-Style","alternateName":"x-style","url":"https:\/\/xstyle.md\/","logo":{"@type":"ImageObject","inLanguage":"ro-RO","@id":"https:\/\/xstyle.md\/#\/schema\/logo\/image\/","url":"https:\/\/xstyle.md\/wp-content\/uploads\/2020\/06\/logoicon.svg","contentUrl":"https:\/\/xstyle.md\/wp-content\/uploads\/2020\/06\/logoicon.svg","caption":"\u041c\u0430\u0433\u0430\u0437\u0438\u043d Xstyle"},"image":{"@id":"https:\/\/xstyle.md\/#\/schema\/logo\/image\/"},"sameAs":["https:\/\/www.facebook.com\/xstylemd","https:\/\/www.instagram.com\/xstyle_md\/","https:\/\/t.me\/xstyle_outdoor"],"hasMerchantReturnPolicy":{"@type":"MerchantReturnPolicy","merchantReturnLink":"https:\/\/xstyle.md\/ro\/conditions\/"}}]},"product_price_amount":"425.00","product_price_currency":"MDL","og_availability":"instock","product_availability":"instock","product_retailer_item_id":"4013236014938","product_condition":"new"},"post_mailing_queue_ids":[],"_links":{"self":[{"href":"https:\/\/xstyle.md\/ro\/wp-json\/wp\/v2\/product\/1653","targetHints":{"allow":["GET"]}}],"collection":[{"href":"https:\/\/xstyle.md\/ro\/wp-json\/wp\/v2\/product"}],"about":[{"href":"https:\/\/xstyle.md\/ro\/wp-json\/wp\/v2\/types\/product"}],"replies":[{"embeddable":true,"href":"https:\/\/xstyle.md\/ro\/wp-json\/wp\/v2\/comments?post=1653"}],"wp:featuredmedia":[{"embeddable":true,"href":"https:\/\/xstyle.md\/ro\/wp-json\/wp\/v2\/media\/1650"}],"wp:attachment":[{"href":"https:\/\/xstyle.md\/ro\/wp-json\/wp\/v2\/media?parent=1653"}],"wp:term":[{"taxonomy":"product_brand","embeddable":true,"href":"https:\/\/xstyle.md\/ro\/wp-json\/wp\/v2\/product_brand?post=1653"},{"taxonomy":"product_cat","embeddable":true,"href":"https:\/\/xstyle.md\/ro\/wp-json\/wp\/v2\/product_cat?post=1653"},{"taxonomy":"product_tag","embeddable":true,"href":"https:\/\/xstyle.md\/ro\/wp-json\/wp\/v2\/product_tag?post=1653"}],"curies":[{"name":"wp","href":"https:\/\/api.w.org\/{rel}","templated":true}]}}