{"id":1647,"date":"2020-07-16T16:31:48","date_gmt":"2020-07-16T13:31:48","guid":{"rendered":"https:\/\/xstyle.md\/product\/gazovyj-ballon-gzwm-bt-2"},"modified":"2025-08-14T14:56:23","modified_gmt":"2025-08-14T11:56:23","slug":"gazovyj-ballon-gzwm-bt-2","status":"publish","type":"product","link":"https:\/\/xstyle.md\/ro\/produs\/gazovyj-ballon-gzwm-bt-2\/","title":{"rendered":"Butelie de gaz GZWM BT-2"},"content":{"rendered":"<\/p>\n<p><strong>Butelie de gaz GZWM BT-2<\/strong> &#8212; proiectat\u0103 pentru utilizare \u00een timpul drume\u021biilor \u0219i odihnei \u00een natur\u0103. Are o conexiune filetat\u0103, este compatibil cu arz\u0103toare, l\u0103mpi, \u00eenc\u0103lzitoare GZWM \u0219i Orgaz \u0219i poate fi de asemenea utilizat cu un adaptor special cu echipamentul de gaz de la al\u021bi produc\u0103tori. Principalul avantaj al buteliei este faptul c\u0103 se umple, ceea ce \u00eenseamn\u0103 c\u0103 poate fi reutilizabil. Se \u00eencarc\u0103 la sta\u021biile de alimentare cu un amestec de propan-butan.<\/p>\n<p><strong>Caracteristici:<\/strong><\/p>\n<ul>\n<li>Butelie de gaz re\u00eenc\u0103rcabil\u0103 pentru utilizare multipl\u0103<\/li>\n<li>Se \u00eencarc\u0103 la orice sta\u021bie de alimentare cu gaz cu un adaptor special (v\u00e2ndut separat)<\/li>\n<li>Potrivit pentru echipamentele de gaz GZWM \u0219i Orgaz<\/li>\n<li>Poate fi combinat cu arz\u0103toarele universale Kovea cu un adaptor (nu este inclus)<\/li>\n<\/ul>\n<p><strong>Specifica\u021bii:<\/strong><\/p>\n<ul>\n<li>Volum: 4,8 litri<\/li>\n<li>Umplere: 2 kg<\/li>\n<li>Presiunea de testare: 2,9 MPa<\/li>\n<li>Filet \u00een supap\u0103: G3 \/ 8LH<\/li>\n<li>Filet \u00een cilindru: W19, 2<\/li>\n<li>Diametru: 220<\/li>\n<li>\u00cen\u0103l\u021bime: 250<\/li>\n<li>Greutatea cilindrului: 2600 g<\/li>\n<\/ul>\n<p><\/p>","protected":false},"excerpt":{"rendered":"<p>Butelie de gaz GZWM BT-2<\/p>","protected":false},"featured_media":1646,"comment_status":"open","ping_status":"closed","template":"","meta":{"_acf_changed":false,"inline_featured_image":false},"product_brand":[1333],"product_cat":[147],"product_tag":[],"class_list":{"0":"post-1647","1":"product","2":"type-product","3":"status-publish","4":"has-post-thumbnail","6":"product_brand-gzwm","7":"product_cat-gas-bottles","9":"first","10":"instock","11":"shipping-taxable","12":"purchasable","13":"product-type-simple"},"acf":[],"yoast_head":"<!-- This site is optimized with the Yoast SEO plugin v27.2 - https:\/\/yoast.com\/product\/yoast-seo-wordpress\/ -->\n<title>\u0413\u0430\u0437\u043e\u0432\u044b\u0439 \u0431\u0430\u043b\u043b\u043e\u043d GZWM BT-2 - \u041c\u0430\u0433\u0430\u0437\u0438\u043d Xstyle<\/title>\n<meta name=\"description\" content=\"\u0413\u0430\u0437\u043e\u0432\u044b\u0439 \u0431\u0430\u043b\u043b\u043e\u043d GZWM BT-2 \u043f\u043e\u0434\u0445\u043e\u0434\u0438\u0442 \u0434\u043b\u044f \u043a\u0435\u043c\u043f\u0438\u043d\u0433\u0430 \u0438 \u0442\u0443\u0440\u0438\u0441\u0442\u0438\u0447\u0435\u0441\u043a\u0438\u0445 \u043f\u043e\u0435\u0437\u0434\u043e\u043a, \u0441\u043e\u0432\u043c\u0435\u0441\u0442\u0438\u043c \u0441 GZWM \u0438 Orgaz. \u041b\u0435\u0433\u043a\u0438\u0439, \u0431\u0435\u0437\u043e\u043f\u0430\u0441\u043d\u044b\u0439, \u0443\u0434\u043e\u0431\u043d\u044b\u0439 \u0432 \u0438\u0441\u043f\u043e\u043b\u044c\u0437\u043e\u0432\u0430\u043d\u0438\u0438.\" \/>\n<meta name=\"robots\" content=\"index, follow, max-snippet:-1, max-image-preview:large, max-video-preview:-1\" \/>\n<link rel=\"canonical\" href=\"https:\/\/xstyle.md\/ro\/produs\/gazovyj-ballon-gzwm-bt-2\/\" \/>\n<meta property=\"og:locale\" content=\"ro_RO\" \/>\n<meta property=\"og:type\" content=\"article\" \/>\n<meta property=\"og:title\" content=\"\u0413\u0430\u0437\u043e\u0432\u044b\u0439 \u0431\u0430\u043b\u043b\u043e\u043d GZWM BT-2 - \u041c\u0430\u0433\u0430\u0437\u0438\u043d Xstyle\" \/>\n<meta property=\"og:description\" content=\"\u0413\u0430\u0437\u043e\u0432\u044b\u0439 \u0431\u0430\u043b\u043b\u043e\u043d GZWM BT-2 \u043f\u043e\u0434\u0445\u043e\u0434\u0438\u0442 \u0434\u043b\u044f \u043a\u0435\u043c\u043f\u0438\u043d\u0433\u0430 \u0438 \u0442\u0443\u0440\u0438\u0441\u0442\u0438\u0447\u0435\u0441\u043a\u0438\u0445 \u043f\u043e\u0435\u0437\u0434\u043e\u043a, \u0441\u043e\u0432\u043c\u0435\u0441\u0442\u0438\u043c \u0441 GZWM \u0438 Orgaz. \u041b\u0435\u0433\u043a\u0438\u0439, \u0431\u0435\u0437\u043e\u043f\u0430\u0441\u043d\u044b\u0439, \u0443\u0434\u043e\u0431\u043d\u044b\u0439 \u0432 \u0438\u0441\u043f\u043e\u043b\u044c\u0437\u043e\u0432\u0430\u043d\u0438\u0438.\" \/>\n<meta property=\"og:url\" content=\"https:\/\/xstyle.md\/ro\/produs\/gazovyj-ballon-gzwm-bt-2\/\" \/>\n<meta property=\"og:site_name\" content=\"\u041c\u0430\u0433\u0430\u0437\u0438\u043d Xstyle\" \/>\n<meta property=\"article:publisher\" content=\"https:\/\/www.facebook.com\/xstylemd\" \/>\n<meta property=\"article:modified_time\" content=\"2025-08-14T11:56:23+00:00\" \/>\n<meta property=\"og:image\" content=\"https:\/\/xstyle.md\/wp-content\/uploads\/2020\/07\/2bt.jpg\" \/>\n\t<meta property=\"og:image:width\" content=\"265\" \/>\n\t<meta property=\"og:image:height\" content=\"265\" \/>\n\t<meta property=\"og:image:type\" content=\"image\/jpeg\" \/>\n<meta name=\"twitter:card\" content=\"summary_large_image\" \/>\n<meta name=\"twitter:label1\" content=\"Pre\u021b\" \/>\n\t<meta name=\"twitter:data1\" content=\"840&nbsp;MDL\" \/>\n\t<meta name=\"twitter:label2\" content=\"Disponibilitate\" \/>\n\t<meta name=\"twitter:data2\" content=\"\u00cen stoc\" \/>\n<script type=\"application\/ld+json\" class=\"yoast-schema-graph\">{\"@context\":\"https:\/\/schema.org\",\"@graph\":[{\"@type\":\"WebPage\",\"@id\":\"https:\/\/xstyle.md\/product\/gazovyj-ballon-gzwm-bt-2\/\",\"url\":\"https:\/\/xstyle.md\/product\/gazovyj-ballon-gzwm-bt-2\/\",\"name\":\"\u0413\u0430\u0437\u043e\u0432\u044b\u0439 \u0431\u0430\u043b\u043b\u043e\u043d GZWM BT-2 - \u041c\u0430\u0433\u0430\u0437\u0438\u043d Xstyle\",\"isPartOf\":{\"@id\":\"https:\/\/xstyle.md\/#website\"},\"primaryImageOfPage\":{\"@id\":\"https:\/\/xstyle.md\/product\/gazovyj-ballon-gzwm-bt-2\/#primaryimage\"},\"image\":{\"@id\":\"https:\/\/xstyle.md\/product\/gazovyj-ballon-gzwm-bt-2\/#primaryimage\"},\"thumbnailUrl\":\"https:\/\/xstyle.md\/wp-content\/uploads\/2020\/07\/2bt.jpg\",\"datePublished\":\"2020-07-16T13:31:48+00:00\",\"dateModified\":\"2025-08-14T11:56:23+00:00\",\"description\":\"\u0413\u0430\u0437\u043e\u0432\u044b\u0439 \u0431\u0430\u043b\u043b\u043e\u043d GZWM BT-2 \u043f\u043e\u0434\u0445\u043e\u0434\u0438\u0442 \u0434\u043b\u044f \u043a\u0435\u043c\u043f\u0438\u043d\u0433\u0430 \u0438 \u0442\u0443\u0440\u0438\u0441\u0442\u0438\u0447\u0435\u0441\u043a\u0438\u0445 \u043f\u043e\u0435\u0437\u0434\u043e\u043a, \u0441\u043e\u0432\u043c\u0435\u0441\u0442\u0438\u043c \u0441 GZWM \u0438 Orgaz. \u041b\u0435\u0433\u043a\u0438\u0439, \u0431\u0435\u0437\u043e\u043f\u0430\u0441\u043d\u044b\u0439, \u0443\u0434\u043e\u0431\u043d\u044b\u0439 \u0432 \u0438\u0441\u043f\u043e\u043b\u044c\u0437\u043e\u0432\u0430\u043d\u0438\u0438.\",\"breadcrumb\":{\"@id\":\"https:\/\/xstyle.md\/product\/gazovyj-ballon-gzwm-bt-2\/#breadcrumb\"},\"inLanguage\":\"ro-RO\",\"potentialAction\":[{\"@type\":\"ReadAction\",\"target\":[\"https:\/\/xstyle.md\/product\/gazovyj-ballon-gzwm-bt-2\/\"]}]},{\"@type\":\"ImageObject\",\"inLanguage\":\"ro-RO\",\"@id\":\"https:\/\/xstyle.md\/product\/gazovyj-ballon-gzwm-bt-2\/#primaryimage\",\"url\":\"https:\/\/xstyle.md\/wp-content\/uploads\/2020\/07\/2bt.jpg\",\"contentUrl\":\"https:\/\/xstyle.md\/wp-content\/uploads\/2020\/07\/2bt.jpg\",\"width\":265,\"height\":265},{\"@type\":\"BreadcrumbList\",\"@id\":\"https:\/\/xstyle.md\/product\/gazovyj-ballon-gzwm-bt-2\/#breadcrumb\",\"itemListElement\":[{\"@type\":\"ListItem\",\"position\":1,\"name\":\"\u0413\u043b\u0430\u0432\u043d\u0430\u044f \u0441\u0442\u0440\u0430\u043d\u0438\u0446\u0430\",\"item\":\"https:\/\/xstyle.md\/\"},{\"@type\":\"ListItem\",\"position\":2,\"name\":\"\u041c\u0430\u0433\u0430\u0437\u0438\u043d\",\"item\":\"https:\/\/xstyle.md\/shop\/\"},{\"@type\":\"ListItem\",\"position\":3,\"name\":\"\u0413\u0430\u0437\u043e\u0432\u044b\u0439 \u0431\u0430\u043b\u043b\u043e\u043d GZWM BT-2\"}]},{\"@type\":\"WebSite\",\"@id\":\"https:\/\/xstyle.md\/#website\",\"url\":\"https:\/\/xstyle.md\/\",\"name\":\"\u041c\u0430\u0433\u0430\u0437\u0438\u043d Xstyle\",\"description\":\"C\u043d\u0430\u0440\u044f\u0436\u0435\u043d\u0438\u0435 \u0434\u043b\u044f \u0442\u0443\u0440\u0438\u0437\u043c\u0430 \u0438 \u044d\u043a\u0441\u0442\u0440\u0435\u043c\u0430\u043b\u044c\u043d\u044b\u0445 \u0432\u0438\u0434\u043e\u0432 \u0441\u043f\u043e\u0440\u0442\u0430 \u0432 \u041c\u043e\u043b\u0434\u043e\u0432\u0435.. \u0426\u0435\u043d\u044b, \u0444\u043e\u0442\u043e, \u0445\u0430\u0440\u0430\u043a\u0442\u0435\u0440\u0438\u0441\u0442\u0438\u043a\u0438 \u0432 \u041c\u043e\u043b\u0434\u043e\u0432\u0435.\",\"publisher\":{\"@id\":\"https:\/\/xstyle.md\/#organization\"},\"alternateName\":\"X-Style\",\"potentialAction\":[{\"@type\":\"SearchAction\",\"target\":{\"@type\":\"EntryPoint\",\"urlTemplate\":\"https:\/\/xstyle.md\/?s={search_term_string}\"},\"query-input\":{\"@type\":\"PropertyValueSpecification\",\"valueRequired\":true,\"valueName\":\"search_term_string\"}}],\"inLanguage\":\"ro-RO\"},{\"@type\":\"Organization\",\"@id\":\"https:\/\/xstyle.md\/#organization\",\"name\":\"\u041c\u0430\u0433\u0430\u0437\u0438\u043d Xstyle\",\"alternateName\":\"x-style\",\"url\":\"https:\/\/xstyle.md\/\",\"logo\":{\"@type\":\"ImageObject\",\"inLanguage\":\"ro-RO\",\"@id\":\"https:\/\/xstyle.md\/#\/schema\/logo\/image\/\",\"url\":\"https:\/\/xstyle.md\/wp-content\/uploads\/2020\/06\/logoicon.svg\",\"contentUrl\":\"https:\/\/xstyle.md\/wp-content\/uploads\/2020\/06\/logoicon.svg\",\"caption\":\"\u041c\u0430\u0433\u0430\u0437\u0438\u043d Xstyle\"},\"image\":{\"@id\":\"https:\/\/xstyle.md\/#\/schema\/logo\/image\/\"},\"sameAs\":[\"https:\/\/www.facebook.com\/xstylemd\",\"https:\/\/www.instagram.com\/xstyle_md\/\",\"https:\/\/t.me\/xstyle_outdoor\"],\"hasMerchantReturnPolicy\":{\"@type\":\"MerchantReturnPolicy\",\"merchantReturnLink\":\"https:\/\/xstyle.md\/ro\/conditions\/\"}}]}<\/script>\n<meta property=\"product:price:amount\" content=\"840.00\" \/>\n<meta property=\"product:price:currency\" content=\"MDL\" \/>\n<meta property=\"og:availability\" content=\"instock\" \/>\n<meta property=\"product:availability\" content=\"instock\" \/>\n<meta property=\"product:retailer_item_id\" content=\"5907438300038\" \/>\n<meta property=\"product:condition\" content=\"new\" \/>\n<!-- \/ Yoast SEO plugin. -->","yoast_head_json":{"title":"Butelie de gaz GZWM BT-2 - Magazin Xstyle","description":"\u0413\u0430\u0437\u043e\u0432\u044b\u0439 \u0431\u0430\u043b\u043b\u043e\u043d GZWM BT-2 \u043f\u043e\u0434\u0445\u043e\u0434\u0438\u0442 \u0434\u043b\u044f \u043a\u0435\u043c\u043f\u0438\u043d\u0433\u0430 \u0438 \u0442\u0443\u0440\u0438\u0441\u0442\u0438\u0447\u0435\u0441\u043a\u0438\u0445 \u043f\u043e\u0435\u0437\u0434\u043e\u043a, \u0441\u043e\u0432\u043c\u0435\u0441\u0442\u0438\u043c \u0441 GZWM \u0438 Orgaz. \u041b\u0435\u0433\u043a\u0438\u0439, \u0431\u0435\u0437\u043e\u043f\u0430\u0441\u043d\u044b\u0439, \u0443\u0434\u043e\u0431\u043d\u044b\u0439 \u0432 \u0438\u0441\u043f\u043e\u043b\u044c\u0437\u043e\u0432\u0430\u043d\u0438\u0438.","robots":{"index":"index","follow":"follow","max-snippet":"max-snippet:-1","max-image-preview":"max-image-preview:large","max-video-preview":"max-video-preview:-1"},"canonical":"https:\/\/xstyle.md\/ro\/produs\/gazovyj-ballon-gzwm-bt-2\/","og_locale":"ro_RO","og_type":"article","og_title":"\u0413\u0430\u0437\u043e\u0432\u044b\u0439 \u0431\u0430\u043b\u043b\u043e\u043d GZWM BT-2 - \u041c\u0430\u0433\u0430\u0437\u0438\u043d Xstyle","og_description":"\u0413\u0430\u0437\u043e\u0432\u044b\u0439 \u0431\u0430\u043b\u043b\u043e\u043d GZWM BT-2 \u043f\u043e\u0434\u0445\u043e\u0434\u0438\u0442 \u0434\u043b\u044f \u043a\u0435\u043c\u043f\u0438\u043d\u0433\u0430 \u0438 \u0442\u0443\u0440\u0438\u0441\u0442\u0438\u0447\u0435\u0441\u043a\u0438\u0445 \u043f\u043e\u0435\u0437\u0434\u043e\u043a, \u0441\u043e\u0432\u043c\u0435\u0441\u0442\u0438\u043c \u0441 GZWM \u0438 Orgaz. \u041b\u0435\u0433\u043a\u0438\u0439, \u0431\u0435\u0437\u043e\u043f\u0430\u0441\u043d\u044b\u0439, \u0443\u0434\u043e\u0431\u043d\u044b\u0439 \u0432 \u0438\u0441\u043f\u043e\u043b\u044c\u0437\u043e\u0432\u0430\u043d\u0438\u0438.","og_url":"https:\/\/xstyle.md\/ro\/produs\/gazovyj-ballon-gzwm-bt-2\/","og_site_name":"\u041c\u0430\u0433\u0430\u0437\u0438\u043d Xstyle","article_publisher":"https:\/\/www.facebook.com\/xstylemd","article_modified_time":"2025-08-14T11:56:23+00:00","og_image":[{"width":265,"height":265,"url":"https:\/\/xstyle.md\/wp-content\/uploads\/2020\/07\/2bt.jpg","type":"image\/jpeg"}],"twitter_card":"summary_large_image","twitter_misc":{"Pre\u021b":"840&nbsp;MDL","Disponibilitate":"\u00cen stoc"},"schema":{"@context":"https:\/\/schema.org","@graph":[{"@type":"WebPage","@id":"https:\/\/xstyle.md\/product\/gazovyj-ballon-gzwm-bt-2\/","url":"https:\/\/xstyle.md\/product\/gazovyj-ballon-gzwm-bt-2\/","name":"Butelie de gaz GZWM BT-2 - Magazin Xstyle","isPartOf":{"@id":"https:\/\/xstyle.md\/#website"},"primaryImageOfPage":{"@id":"https:\/\/xstyle.md\/product\/gazovyj-ballon-gzwm-bt-2\/#primaryimage"},"image":{"@id":"https:\/\/xstyle.md\/product\/gazovyj-ballon-gzwm-bt-2\/#primaryimage"},"thumbnailUrl":"https:\/\/xstyle.md\/wp-content\/uploads\/2020\/07\/2bt.jpg","datePublished":"2020-07-16T13:31:48+00:00","dateModified":"2025-08-14T11:56:23+00:00","description":"\u0413\u0430\u0437\u043e\u0432\u044b\u0439 \u0431\u0430\u043b\u043b\u043e\u043d GZWM BT-2 \u043f\u043e\u0434\u0445\u043e\u0434\u0438\u0442 \u0434\u043b\u044f \u043a\u0435\u043c\u043f\u0438\u043d\u0433\u0430 \u0438 \u0442\u0443\u0440\u0438\u0441\u0442\u0438\u0447\u0435\u0441\u043a\u0438\u0445 \u043f\u043e\u0435\u0437\u0434\u043e\u043a, \u0441\u043e\u0432\u043c\u0435\u0441\u0442\u0438\u043c \u0441 GZWM \u0438 Orgaz. \u041b\u0435\u0433\u043a\u0438\u0439, \u0431\u0435\u0437\u043e\u043f\u0430\u0441\u043d\u044b\u0439, \u0443\u0434\u043e\u0431\u043d\u044b\u0439 \u0432 \u0438\u0441\u043f\u043e\u043b\u044c\u0437\u043e\u0432\u0430\u043d\u0438\u0438.","breadcrumb":{"@id":"https:\/\/xstyle.md\/product\/gazovyj-ballon-gzwm-bt-2\/#breadcrumb"},"inLanguage":"ro-RO","potentialAction":[{"@type":"ReadAction","target":["https:\/\/xstyle.md\/product\/gazovyj-ballon-gzwm-bt-2\/"]}]},{"@type":"ImageObject","inLanguage":"ro-RO","@id":"https:\/\/xstyle.md\/product\/gazovyj-ballon-gzwm-bt-2\/#primaryimage","url":"https:\/\/xstyle.md\/wp-content\/uploads\/2020\/07\/2bt.jpg","contentUrl":"https:\/\/xstyle.md\/wp-content\/uploads\/2020\/07\/2bt.jpg","width":265,"height":265},{"@type":"BreadcrumbList","@id":"https:\/\/xstyle.md\/product\/gazovyj-ballon-gzwm-bt-2\/#breadcrumb","itemListElement":[{"@type":"ListItem","position":1,"name":"\u0413\u043b\u0430\u0432\u043d\u0430\u044f \u0441\u0442\u0440\u0430\u043d\u0438\u0446\u0430","item":"https:\/\/xstyle.md\/"},{"@type":"ListItem","position":2,"name":"\u041c\u0430\u0433\u0430\u0437\u0438\u043d","item":"https:\/\/xstyle.md\/shop\/"},{"@type":"ListItem","position":3,"name":"\u0413\u0430\u0437\u043e\u0432\u044b\u0439 \u0431\u0430\u043b\u043b\u043e\u043d GZWM BT-2"}]},{"@type":"WebSite","@id":"https:\/\/xstyle.md\/#website","url":"https:\/\/xstyle.md\/","name":"Magazinul X-Style","description":"Echipamente pentru turism \u0219i sporturi extreme \u00een Moldova. Pre\u021buri, fotografii, caracteristici \u00een Moldova.","publisher":{"@id":"https:\/\/xstyle.md\/#organization"},"alternateName":"X-Style","potentialAction":[{"@type":"SearchAction","target":{"@type":"EntryPoint","urlTemplate":"https:\/\/xstyle.md\/?s={search_term_string}"},"query-input":{"@type":"PropertyValueSpecification","valueRequired":true,"valueName":"search_term_string"}}],"inLanguage":"ro-RO"},{"@type":"Organization","@id":"https:\/\/xstyle.md\/#organization","name":"Magazinul X-Style","alternateName":"x-style","url":"https:\/\/xstyle.md\/","logo":{"@type":"ImageObject","inLanguage":"ro-RO","@id":"https:\/\/xstyle.md\/#\/schema\/logo\/image\/","url":"https:\/\/xstyle.md\/wp-content\/uploads\/2020\/06\/logoicon.svg","contentUrl":"https:\/\/xstyle.md\/wp-content\/uploads\/2020\/06\/logoicon.svg","caption":"\u041c\u0430\u0433\u0430\u0437\u0438\u043d Xstyle"},"image":{"@id":"https:\/\/xstyle.md\/#\/schema\/logo\/image\/"},"sameAs":["https:\/\/www.facebook.com\/xstylemd","https:\/\/www.instagram.com\/xstyle_md\/","https:\/\/t.me\/xstyle_outdoor"],"hasMerchantReturnPolicy":{"@type":"MerchantReturnPolicy","merchantReturnLink":"https:\/\/xstyle.md\/ro\/conditions\/"}}]},"product_price_amount":"840.00","product_price_currency":"MDL","og_availability":"instock","product_availability":"instock","product_retailer_item_id":"5907438300038","product_condition":"new"},"post_mailing_queue_ids":[],"_links":{"self":[{"href":"https:\/\/xstyle.md\/ro\/wp-json\/wp\/v2\/product\/1647","targetHints":{"allow":["GET"]}}],"collection":[{"href":"https:\/\/xstyle.md\/ro\/wp-json\/wp\/v2\/product"}],"about":[{"href":"https:\/\/xstyle.md\/ro\/wp-json\/wp\/v2\/types\/product"}],"replies":[{"embeddable":true,"href":"https:\/\/xstyle.md\/ro\/wp-json\/wp\/v2\/comments?post=1647"}],"wp:featuredmedia":[{"embeddable":true,"href":"https:\/\/xstyle.md\/ro\/wp-json\/wp\/v2\/media\/1646"}],"wp:attachment":[{"href":"https:\/\/xstyle.md\/ro\/wp-json\/wp\/v2\/media?parent=1647"}],"wp:term":[{"taxonomy":"product_brand","embeddable":true,"href":"https:\/\/xstyle.md\/ro\/wp-json\/wp\/v2\/product_brand?post=1647"},{"taxonomy":"product_cat","embeddable":true,"href":"https:\/\/xstyle.md\/ro\/wp-json\/wp\/v2\/product_cat?post=1647"},{"taxonomy":"product_tag","embeddable":true,"href":"https:\/\/xstyle.md\/ro\/wp-json\/wp\/v2\/product_tag?post=1647"}],"curies":[{"name":"wp","href":"https:\/\/api.w.org\/{rel}","templated":true}]}}