{"id":16454,"date":"2020-07-17T16:57:20","date_gmt":"2020-07-17T13:57:20","guid":{"rendered":"https:\/\/xstyle.md\/product\/lyzhnaja-sumka-na-kolesikah-thule-ski-roller-192cm"},"modified":"2024-10-21T10:02:19","modified_gmt":"2024-10-21T07:02:19","slug":"lyzhnaja-sumka-na-kolesikah-thule-ski-roller-192cm","status":"publish","type":"product","link":"https:\/\/xstyle.md\/ro\/produs\/lyzhnaja-sumka-na-kolesikah-thule-ski-roller-192cm\/","title":{"rendered":"Geant\u0103 pe ro\u021bi pentru schiuri Thule Ski Roller 192cm"},"content":{"rendered":"<\/p>\n<p><strong>Thule Ski Roller 192cm<\/strong> &#8212; geanta de schi spa\u021bioas\u0103 cu ro\u021bi, cu pungi de schi c\u0103ptu\u0219ite, v\u0103 va transporta \u00een siguran\u021b\u0103 echipamentul oriunde merge\u021bi.<\/p>\n<h3>Particularit\u0103\u021bi<\/h3>\n<ul>\n<li>Huse c\u0103ptu\u0219ite cu \u0219nururi pentru protec\u021bia \u0219i depozitarea organizat\u0103 a schiurilor \u0219i a hainelor<\/li>\n<li>Construc\u021bie ranforsat\u0103 \u00een partea superioar\u0103 \u0219i inferioar\u0103 a gen\u021bii pentru a minimiza c\u0103derea acesteia<\/li>\n<li>Ro\u021bile cu suprafa\u021b\u0103 neted\u0103 \u0219i m\u00e2nerele multiple de la capetele, partea superioar\u0103 \u0219i lateralele gen\u021bii ofer\u0103 confort pentru transport \u0219i manipulare<\/li>\n<li>Buzunar intern cu fermoar pentru depozitarea hainelor exterioare \u0219i a accesoriilor suplimentare<\/li>\n<li>\u00cencuietori YKK securiza\u021bi cu fermoar pentru un acces rapid \u0219i u\u0219or<\/li>\n<li>\u00cempachetarea \u0219i recuperarea accesoriilor este u\u0219oar\u0103 datorit\u0103 fermoarului \u00een form\u0103 de S care \u00eenconjoar\u0103 \u00eentreaga geant\u0103<\/li>\n<li>Compartiment pentru schiuri cu un separator c\u0103ptu\u0219it deta\u0219abil care poate fi folosit \u0219i ca suport pentru schiuri<\/li>\n<li>Curelele de legare interioare \u0219i exterioare \u00eempiedic\u0103 echipamentul s\u0103 se deplaseze \u00een geant\u0103.<\/li>\n<li>Se potrive\u0219te pentru dou\u0103 perechi de schiuri alpine de p\u00e2n\u0103 la 192 cm lungime \u0219i be\u021be de schi<\/li>\n<li>Fermoarele pot fi blocate pentru a proteja \u00eempotriva furtului (dispozitivul de blocare se vinde separat).<\/li>\n<\/ul>\n<h3>Caracteristici<\/h3>\n<ul>\n<li>Material &#8212; 600 denier poliester<\/li>\n<li>Dimensiuni &#8212; 202 x 34 x 19 cm<\/li>\n<li>Greutate &#8212; 3,62 kg.<\/li>\n<\/ul>\n<h3>Marca<\/h3>\n<p>THULE &#8212; este o companie interna\u021bional\u0103 de top, recunoscut\u0103 la nivel mondial ca produc\u0103tor de top de sisteme de bagaje \u0219i cutii pentru ma\u0219ini. THULE fabric\u0103 produse premium, renumite pentru calitatea lor de neegalat, siguran\u021b\u0103, u\u0219urin\u021b\u0103 \u00een utilizare \u0219i design elegant. Produsele THULE sunt potrivite pentru persoanele care prefer\u0103 activit\u0103\u021bile \u00een aer liber, sunt pasionate de sport, c\u0103l\u0103toresc mult \u0219i apreciaz\u0103 solu\u021biile bine g\u00e2ndite.<\/p>\n<p><\/p>","protected":false},"excerpt":{"rendered":"<p>Geant\u0103 pe ro\u021bi pentru schiuri Thule Ski Roller 192cm<\/p>","protected":false},"featured_media":77177,"comment_status":"open","ping_status":"closed","template":"","meta":{"_acf_changed":false,"inline_featured_image":false},"product_brand":[1269],"product_cat":[397],"product_tag":[],"class_list":{"0":"post-16454","1":"product","2":"type-product","3":"status-publish","4":"has-post-thumbnail","6":"product_brand-thule","7":"product_cat-husa-pentru-echipamente","9":"first","10":"instock","11":"shipping-taxable","12":"purchasable","13":"product-type-simple"},"acf":[],"yoast_head":"<!-- This site is optimized with the Yoast SEO plugin v27.2 - https:\/\/yoast.com\/product\/yoast-seo-wordpress\/ -->\n<title>\u041b\u044b\u0436\u043d\u0430\u044f \u0441\u0443\u043c\u043a\u0430 \u043d\u0430 \u043a\u043e\u043b\u0435\u0441\u0438\u043a\u0430\u0445 Thule Ski Roller 192cm - \u041c\u0430\u0433\u0430\u0437\u0438\u043d Xstyle<\/title>\n<meta name=\"description\" content=\"\u0421\u0443\u043c\u043a\u0430 \u0434\u043b\u044f \u043b\u044b\u0436 \u043d\u0430 \u043a\u043e\u043b\u0435\u0441\u0438\u043a\u0430\u0445 Thule Ski Roller 192 \u0441\u043c \u0432\u043c\u0435\u0441\u0442\u0438\u0442\u0435\u043b\u044c\u043d\u0430\u044f \u0438 \u043f\u0440\u043e\u0447\u043d\u0430\u044f, \u0438\u0434\u0435\u0430\u043b\u044c\u043d\u043e \u043f\u043e\u0434\u0445\u043e\u0434\u0438\u0442 \u0434\u043b\u044f \u0431\u0435\u0437\u043e\u043f\u0430\u0441\u043d\u043e\u0439 \u0442\u0440\u0430\u043d\u0441\u043f\u043e\u0440\u0442\u0438\u0440\u043e\u0432\u043a\u0438 \u0432\u0430\u0448\u0435\u0433\u043e \u0441\u043f\u043e\u0440\u0442\u0438\u0432\u043d\u043e\u0433\u043e \u0441\u043d\u0430\u0440\u044f\u0436\u0435\u043d\u0438\u044f.\" \/>\n<meta name=\"robots\" content=\"index, follow, max-snippet:-1, max-image-preview:large, max-video-preview:-1\" \/>\n<link rel=\"canonical\" href=\"https:\/\/xstyle.md\/ro\/produs\/lyzhnaja-sumka-na-kolesikah-thule-ski-roller-192cm\/\" \/>\n<meta property=\"og:locale\" content=\"ro_RO\" \/>\n<meta property=\"og:type\" content=\"article\" \/>\n<meta property=\"og:title\" content=\"\u041b\u044b\u0436\u043d\u0430\u044f \u0441\u0443\u043c\u043a\u0430 \u043d\u0430 \u043a\u043e\u043b\u0435\u0441\u0438\u043a\u0430\u0445 Thule Ski Roller 192cm - \u041c\u0430\u0433\u0430\u0437\u0438\u043d Xstyle\" \/>\n<meta property=\"og:description\" content=\"\u0421\u0443\u043c\u043a\u0430 \u0434\u043b\u044f \u043b\u044b\u0436 \u043d\u0430 \u043a\u043e\u043b\u0435\u0441\u0438\u043a\u0430\u0445 Thule Ski Roller 192 \u0441\u043c \u0432\u043c\u0435\u0441\u0442\u0438\u0442\u0435\u043b\u044c\u043d\u0430\u044f \u0438 \u043f\u0440\u043e\u0447\u043d\u0430\u044f, \u0438\u0434\u0435\u0430\u043b\u044c\u043d\u043e \u043f\u043e\u0434\u0445\u043e\u0434\u0438\u0442 \u0434\u043b\u044f \u0431\u0435\u0437\u043e\u043f\u0430\u0441\u043d\u043e\u0439 \u0442\u0440\u0430\u043d\u0441\u043f\u043e\u0440\u0442\u0438\u0440\u043e\u0432\u043a\u0438 \u0432\u0430\u0448\u0435\u0433\u043e \u0441\u043f\u043e\u0440\u0442\u0438\u0432\u043d\u043e\u0433\u043e \u0441\u043d\u0430\u0440\u044f\u0436\u0435\u043d\u0438\u044f.\" \/>\n<meta property=\"og:url\" content=\"https:\/\/xstyle.md\/ro\/produs\/lyzhnaja-sumka-na-kolesikah-thule-ski-roller-192cm\/\" \/>\n<meta property=\"og:site_name\" content=\"\u041c\u0430\u0433\u0430\u0437\u0438\u043d Xstyle\" \/>\n<meta property=\"article:publisher\" content=\"https:\/\/www.facebook.com\/xstylemd\" \/>\n<meta property=\"article:modified_time\" content=\"2024-10-21T07:02:19+00:00\" \/>\n<meta property=\"og:image\" content=\"https:\/\/xstyle.md\/wp-content\/uploads\/2020\/07\/thule-ski-roller-192cm-dark-slate.jpg\" \/>\n\t<meta property=\"og:image:width\" content=\"1200\" \/>\n\t<meta property=\"og:image:height\" content=\"1200\" \/>\n\t<meta property=\"og:image:type\" content=\"image\/jpeg\" \/>\n<meta name=\"twitter:card\" content=\"summary_large_image\" \/>\n<meta name=\"twitter:label1\" content=\"Pre\u021b\" \/>\n\t<meta name=\"twitter:data1\" content=\"4.490&nbsp;MDL\" \/>\n\t<meta name=\"twitter:label2\" content=\"Disponibilitate\" \/>\n\t<meta name=\"twitter:data2\" content=\"\u00cen stoc\" \/>\n<script type=\"application\/ld+json\" class=\"yoast-schema-graph\">{\"@context\":\"https:\/\/schema.org\",\"@graph\":[{\"@type\":\"WebPage\",\"@id\":\"https:\/\/xstyle.md\/product\/lyzhnaja-sumka-na-kolesikah-thule-ski-roller-192cm\/\",\"url\":\"https:\/\/xstyle.md\/product\/lyzhnaja-sumka-na-kolesikah-thule-ski-roller-192cm\/\",\"name\":\"\u041b\u044b\u0436\u043d\u0430\u044f \u0441\u0443\u043c\u043a\u0430 \u043d\u0430 \u043a\u043e\u043b\u0435\u0441\u0438\u043a\u0430\u0445 Thule Ski Roller 192cm - \u041c\u0430\u0433\u0430\u0437\u0438\u043d Xstyle\",\"isPartOf\":{\"@id\":\"https:\/\/xstyle.md\/#website\"},\"primaryImageOfPage\":{\"@id\":\"https:\/\/xstyle.md\/product\/lyzhnaja-sumka-na-kolesikah-thule-ski-roller-192cm\/#primaryimage\"},\"image\":{\"@id\":\"https:\/\/xstyle.md\/product\/lyzhnaja-sumka-na-kolesikah-thule-ski-roller-192cm\/#primaryimage\"},\"thumbnailUrl\":\"https:\/\/xstyle.md\/wp-content\/uploads\/2020\/07\/thule-ski-roller-192cm-dark-slate.jpg\",\"datePublished\":\"2020-07-17T13:57:20+00:00\",\"dateModified\":\"2024-10-21T07:02:19+00:00\",\"description\":\"\u0421\u0443\u043c\u043a\u0430 \u0434\u043b\u044f \u043b\u044b\u0436 \u043d\u0430 \u043a\u043e\u043b\u0435\u0441\u0438\u043a\u0430\u0445 Thule Ski Roller 192 \u0441\u043c \u0432\u043c\u0435\u0441\u0442\u0438\u0442\u0435\u043b\u044c\u043d\u0430\u044f \u0438 \u043f\u0440\u043e\u0447\u043d\u0430\u044f, \u0438\u0434\u0435\u0430\u043b\u044c\u043d\u043e \u043f\u043e\u0434\u0445\u043e\u0434\u0438\u0442 \u0434\u043b\u044f \u0431\u0435\u0437\u043e\u043f\u0430\u0441\u043d\u043e\u0439 \u0442\u0440\u0430\u043d\u0441\u043f\u043e\u0440\u0442\u0438\u0440\u043e\u0432\u043a\u0438 \u0432\u0430\u0448\u0435\u0433\u043e \u0441\u043f\u043e\u0440\u0442\u0438\u0432\u043d\u043e\u0433\u043e \u0441\u043d\u0430\u0440\u044f\u0436\u0435\u043d\u0438\u044f.\",\"breadcrumb\":{\"@id\":\"https:\/\/xstyle.md\/product\/lyzhnaja-sumka-na-kolesikah-thule-ski-roller-192cm\/#breadcrumb\"},\"inLanguage\":\"ro-RO\",\"potentialAction\":[{\"@type\":\"ReadAction\",\"target\":[\"https:\/\/xstyle.md\/product\/lyzhnaja-sumka-na-kolesikah-thule-ski-roller-192cm\/\"]}]},{\"@type\":\"ImageObject\",\"inLanguage\":\"ro-RO\",\"@id\":\"https:\/\/xstyle.md\/product\/lyzhnaja-sumka-na-kolesikah-thule-ski-roller-192cm\/#primaryimage\",\"url\":\"https:\/\/xstyle.md\/wp-content\/uploads\/2020\/07\/thule-ski-roller-192cm-dark-slate.jpg\",\"contentUrl\":\"https:\/\/xstyle.md\/wp-content\/uploads\/2020\/07\/thule-ski-roller-192cm-dark-slate.jpg\",\"width\":1200,\"height\":1200,\"caption\":\"\u0420\u044e\u043a\u0437\u0430\u043a \u0434\u043b\u044f \u043b\u044b\u0436 \u043d\u0430 \u043a\u043e\u043b\u0435\u0441\u0438\u043a\u0430\u0445 Thule Ski Roller 192\u0441\u043c \u0434\u043b\u044f \u0430\u043a\u0442\u0438\u0432\u043d\u043e\u0433\u043e \u043e\u0442\u0434\u044b\u0445\u0430, \u043f\u0443\u0442\u0435\u0448\u0435\u0441\u0442\u0432\u0438\u0439, \u043b\u044b\u0436, \u0445\u0430\u0439\u043a\u0438\u043d\u0433\u0430 \u0438 \u0430\u043b\u044c\u043f\u0438\u043d\u0438\u0437\u043c\u0430 \u0432 \u043e\u043d\u043b\u0430\u0439\u043d \u043c\u0430\u0433\u0430\u0437\u0438\u043d\u0435 \u043e\u0434\u0435\u0436\u0434\u044b \u0438 \u043e\u0431\u0443\u0432\u0438\"},{\"@type\":\"BreadcrumbList\",\"@id\":\"https:\/\/xstyle.md\/product\/lyzhnaja-sumka-na-kolesikah-thule-ski-roller-192cm\/#breadcrumb\",\"itemListElement\":[{\"@type\":\"ListItem\",\"position\":1,\"name\":\"\u0413\u043b\u0430\u0432\u043d\u0430\u044f \u0441\u0442\u0440\u0430\u043d\u0438\u0446\u0430\",\"item\":\"https:\/\/xstyle.md\/\"},{\"@type\":\"ListItem\",\"position\":2,\"name\":\"\u041c\u0430\u0433\u0430\u0437\u0438\u043d\",\"item\":\"https:\/\/xstyle.md\/shop\/\"},{\"@type\":\"ListItem\",\"position\":3,\"name\":\"\u041b\u044b\u0436\u043d\u0430\u044f \u0441\u0443\u043c\u043a\u0430 \u043d\u0430 \u043a\u043e\u043b\u0435\u0441\u0438\u043a\u0430\u0445 Thule Ski Roller 192cm\"}]},{\"@type\":\"WebSite\",\"@id\":\"https:\/\/xstyle.md\/#website\",\"url\":\"https:\/\/xstyle.md\/\",\"name\":\"\u041c\u0430\u0433\u0430\u0437\u0438\u043d Xstyle\",\"description\":\"C\u043d\u0430\u0440\u044f\u0436\u0435\u043d\u0438\u0435 \u0434\u043b\u044f \u0442\u0443\u0440\u0438\u0437\u043c\u0430 \u0438 \u044d\u043a\u0441\u0442\u0440\u0435\u043c\u0430\u043b\u044c\u043d\u044b\u0445 \u0432\u0438\u0434\u043e\u0432 \u0441\u043f\u043e\u0440\u0442\u0430 \u0432 \u041c\u043e\u043b\u0434\u043e\u0432\u0435.. \u0426\u0435\u043d\u044b, \u0444\u043e\u0442\u043e, \u0445\u0430\u0440\u0430\u043a\u0442\u0435\u0440\u0438\u0441\u0442\u0438\u043a\u0438 \u0432 \u041c\u043e\u043b\u0434\u043e\u0432\u0435.\",\"publisher\":{\"@id\":\"https:\/\/xstyle.md\/#organization\"},\"alternateName\":\"X-Style\",\"potentialAction\":[{\"@type\":\"SearchAction\",\"target\":{\"@type\":\"EntryPoint\",\"urlTemplate\":\"https:\/\/xstyle.md\/?s={search_term_string}\"},\"query-input\":{\"@type\":\"PropertyValueSpecification\",\"valueRequired\":true,\"valueName\":\"search_term_string\"}}],\"inLanguage\":\"ro-RO\"},{\"@type\":\"Organization\",\"@id\":\"https:\/\/xstyle.md\/#organization\",\"name\":\"\u041c\u0430\u0433\u0430\u0437\u0438\u043d Xstyle\",\"alternateName\":\"x-style\",\"url\":\"https:\/\/xstyle.md\/\",\"logo\":{\"@type\":\"ImageObject\",\"inLanguage\":\"ro-RO\",\"@id\":\"https:\/\/xstyle.md\/#\/schema\/logo\/image\/\",\"url\":\"https:\/\/xstyle.md\/wp-content\/uploads\/2020\/06\/logoicon.svg\",\"contentUrl\":\"https:\/\/xstyle.md\/wp-content\/uploads\/2020\/06\/logoicon.svg\",\"caption\":\"\u041c\u0430\u0433\u0430\u0437\u0438\u043d Xstyle\"},\"image\":{\"@id\":\"https:\/\/xstyle.md\/#\/schema\/logo\/image\/\"},\"sameAs\":[\"https:\/\/www.facebook.com\/xstylemd\",\"https:\/\/www.instagram.com\/xstyle_md\/\",\"https:\/\/t.me\/xstyle_outdoor\"],\"hasMerchantReturnPolicy\":{\"@type\":\"MerchantReturnPolicy\",\"merchantReturnLink\":\"https:\/\/xstyle.md\/ro\/conditions\/\"}}]}<\/script>\n<meta property=\"product:price:amount\" content=\"4490.00\" \/>\n<meta property=\"product:price:currency\" content=\"MDL\" \/>\n<meta property=\"og:availability\" content=\"instock\" \/>\n<meta property=\"product:availability\" content=\"instock\" \/>\n<meta property=\"product:retailer_item_id\" content=\"85854248440\" \/>\n<meta property=\"product:condition\" content=\"new\" \/>\n<!-- \/ Yoast SEO plugin. -->","yoast_head_json":{"title":"Geant\u0103 pe ro\u021bi pentru schiuri Thule Ski Roller 192cm - Magazin Xstyle","description":"Geanta pentru schiuri cu ro\u021bi Thule Ski Roller de 192 cm este spa\u021bioas\u0103 \u0219i robust\u0103, fiind ideal\u0103 pentru transportul \u00een siguran\u021b\u0103 al echipamentului dumneavoastr\u0103 sportiv.","robots":{"index":"index","follow":"follow","max-snippet":"max-snippet:-1","max-image-preview":"max-image-preview:large","max-video-preview":"max-video-preview:-1"},"canonical":"https:\/\/xstyle.md\/ro\/produs\/lyzhnaja-sumka-na-kolesikah-thule-ski-roller-192cm\/","og_locale":"ro_RO","og_type":"article","og_title":"\u041b\u044b\u0436\u043d\u0430\u044f \u0441\u0443\u043c\u043a\u0430 \u043d\u0430 \u043a\u043e\u043b\u0435\u0441\u0438\u043a\u0430\u0445 Thule Ski Roller 192cm - \u041c\u0430\u0433\u0430\u0437\u0438\u043d Xstyle","og_description":"\u0421\u0443\u043c\u043a\u0430 \u0434\u043b\u044f \u043b\u044b\u0436 \u043d\u0430 \u043a\u043e\u043b\u0435\u0441\u0438\u043a\u0430\u0445 Thule Ski Roller 192 \u0441\u043c \u0432\u043c\u0435\u0441\u0442\u0438\u0442\u0435\u043b\u044c\u043d\u0430\u044f \u0438 \u043f\u0440\u043e\u0447\u043d\u0430\u044f, \u0438\u0434\u0435\u0430\u043b\u044c\u043d\u043e \u043f\u043e\u0434\u0445\u043e\u0434\u0438\u0442 \u0434\u043b\u044f \u0431\u0435\u0437\u043e\u043f\u0430\u0441\u043d\u043e\u0439 \u0442\u0440\u0430\u043d\u0441\u043f\u043e\u0440\u0442\u0438\u0440\u043e\u0432\u043a\u0438 \u0432\u0430\u0448\u0435\u0433\u043e \u0441\u043f\u043e\u0440\u0442\u0438\u0432\u043d\u043e\u0433\u043e \u0441\u043d\u0430\u0440\u044f\u0436\u0435\u043d\u0438\u044f.","og_url":"https:\/\/xstyle.md\/ro\/produs\/lyzhnaja-sumka-na-kolesikah-thule-ski-roller-192cm\/","og_site_name":"\u041c\u0430\u0433\u0430\u0437\u0438\u043d Xstyle","article_publisher":"https:\/\/www.facebook.com\/xstylemd","article_modified_time":"2024-10-21T07:02:19+00:00","og_image":[{"width":1200,"height":1200,"url":"https:\/\/xstyle.md\/wp-content\/uploads\/2020\/07\/thule-ski-roller-192cm-dark-slate.jpg","type":"image\/jpeg"}],"twitter_card":"summary_large_image","twitter_misc":{"Pre\u021b":"4.490&nbsp;MDL","Disponibilitate":"\u00cen stoc"},"schema":{"@context":"https:\/\/schema.org","@graph":[{"@type":"WebPage","@id":"https:\/\/xstyle.md\/product\/lyzhnaja-sumka-na-kolesikah-thule-ski-roller-192cm\/","url":"https:\/\/xstyle.md\/product\/lyzhnaja-sumka-na-kolesikah-thule-ski-roller-192cm\/","name":"Geant\u0103 pe ro\u021bi pentru schiuri Thule Ski Roller 192cm - Magazin Xstyle","isPartOf":{"@id":"https:\/\/xstyle.md\/#website"},"primaryImageOfPage":{"@id":"https:\/\/xstyle.md\/product\/lyzhnaja-sumka-na-kolesikah-thule-ski-roller-192cm\/#primaryimage"},"image":{"@id":"https:\/\/xstyle.md\/product\/lyzhnaja-sumka-na-kolesikah-thule-ski-roller-192cm\/#primaryimage"},"thumbnailUrl":"https:\/\/xstyle.md\/wp-content\/uploads\/2020\/07\/thule-ski-roller-192cm-dark-slate.jpg","datePublished":"2020-07-17T13:57:20+00:00","dateModified":"2024-10-21T07:02:19+00:00","description":"Geanta pentru schiuri cu ro\u021bi Thule Ski Roller de 192 cm este spa\u021bioas\u0103 \u0219i robust\u0103, fiind ideal\u0103 pentru transportul \u00een siguran\u021b\u0103 al echipamentului dumneavoastr\u0103 sportiv.","breadcrumb":{"@id":"https:\/\/xstyle.md\/product\/lyzhnaja-sumka-na-kolesikah-thule-ski-roller-192cm\/#breadcrumb"},"inLanguage":"ro-RO","potentialAction":[{"@type":"ReadAction","target":["https:\/\/xstyle.md\/product\/lyzhnaja-sumka-na-kolesikah-thule-ski-roller-192cm\/"]}]},{"@type":"ImageObject","inLanguage":"ro-RO","@id":"https:\/\/xstyle.md\/product\/lyzhnaja-sumka-na-kolesikah-thule-ski-roller-192cm\/#primaryimage","url":"https:\/\/xstyle.md\/wp-content\/uploads\/2020\/07\/thule-ski-roller-192cm-dark-slate.jpg","contentUrl":"https:\/\/xstyle.md\/wp-content\/uploads\/2020\/07\/thule-ski-roller-192cm-dark-slate.jpg","width":1200,"height":1200,"caption":"\u0420\u044e\u043a\u0437\u0430\u043a \u0434\u043b\u044f \u043b\u044b\u0436 \u043d\u0430 \u043a\u043e\u043b\u0435\u0441\u0438\u043a\u0430\u0445 Thule Ski Roller 192\u0441\u043c \u0434\u043b\u044f \u0430\u043a\u0442\u0438\u0432\u043d\u043e\u0433\u043e \u043e\u0442\u0434\u044b\u0445\u0430, \u043f\u0443\u0442\u0435\u0448\u0435\u0441\u0442\u0432\u0438\u0439, \u043b\u044b\u0436, \u0445\u0430\u0439\u043a\u0438\u043d\u0433\u0430 \u0438 \u0430\u043b\u044c\u043f\u0438\u043d\u0438\u0437\u043c\u0430 \u0432 \u043e\u043d\u043b\u0430\u0439\u043d \u043c\u0430\u0433\u0430\u0437\u0438\u043d\u0435 \u043e\u0434\u0435\u0436\u0434\u044b \u0438 \u043e\u0431\u0443\u0432\u0438"},{"@type":"BreadcrumbList","@id":"https:\/\/xstyle.md\/product\/lyzhnaja-sumka-na-kolesikah-thule-ski-roller-192cm\/#breadcrumb","itemListElement":[{"@type":"ListItem","position":1,"name":"\u0413\u043b\u0430\u0432\u043d\u0430\u044f \u0441\u0442\u0440\u0430\u043d\u0438\u0446\u0430","item":"https:\/\/xstyle.md\/"},{"@type":"ListItem","position":2,"name":"\u041c\u0430\u0433\u0430\u0437\u0438\u043d","item":"https:\/\/xstyle.md\/shop\/"},{"@type":"ListItem","position":3,"name":"\u041b\u044b\u0436\u043d\u0430\u044f \u0441\u0443\u043c\u043a\u0430 \u043d\u0430 \u043a\u043e\u043b\u0435\u0441\u0438\u043a\u0430\u0445 Thule Ski Roller 192cm"}]},{"@type":"WebSite","@id":"https:\/\/xstyle.md\/#website","url":"https:\/\/xstyle.md\/","name":"Magazinul X-Style","description":"Echipamente pentru turism \u0219i sporturi extreme \u00een Moldova. Pre\u021buri, fotografii, caracteristici \u00een Moldova.","publisher":{"@id":"https:\/\/xstyle.md\/#organization"},"alternateName":"X-Style","potentialAction":[{"@type":"SearchAction","target":{"@type":"EntryPoint","urlTemplate":"https:\/\/xstyle.md\/?s={search_term_string}"},"query-input":{"@type":"PropertyValueSpecification","valueRequired":true,"valueName":"search_term_string"}}],"inLanguage":"ro-RO"},{"@type":"Organization","@id":"https:\/\/xstyle.md\/#organization","name":"Magazinul X-Style","alternateName":"x-style","url":"https:\/\/xstyle.md\/","logo":{"@type":"ImageObject","inLanguage":"ro-RO","@id":"https:\/\/xstyle.md\/#\/schema\/logo\/image\/","url":"https:\/\/xstyle.md\/wp-content\/uploads\/2020\/06\/logoicon.svg","contentUrl":"https:\/\/xstyle.md\/wp-content\/uploads\/2020\/06\/logoicon.svg","caption":"\u041c\u0430\u0433\u0430\u0437\u0438\u043d Xstyle"},"image":{"@id":"https:\/\/xstyle.md\/#\/schema\/logo\/image\/"},"sameAs":["https:\/\/www.facebook.com\/xstylemd","https:\/\/www.instagram.com\/xstyle_md\/","https:\/\/t.me\/xstyle_outdoor"],"hasMerchantReturnPolicy":{"@type":"MerchantReturnPolicy","merchantReturnLink":"https:\/\/xstyle.md\/ro\/conditions\/"}}]},"product_price_amount":"4490.00","product_price_currency":"MDL","og_availability":"instock","product_availability":"instock","product_retailer_item_id":"85854248440","product_condition":"new"},"post_mailing_queue_ids":[],"_links":{"self":[{"href":"https:\/\/xstyle.md\/ro\/wp-json\/wp\/v2\/product\/16454","targetHints":{"allow":["GET"]}}],"collection":[{"href":"https:\/\/xstyle.md\/ro\/wp-json\/wp\/v2\/product"}],"about":[{"href":"https:\/\/xstyle.md\/ro\/wp-json\/wp\/v2\/types\/product"}],"replies":[{"embeddable":true,"href":"https:\/\/xstyle.md\/ro\/wp-json\/wp\/v2\/comments?post=16454"}],"wp:featuredmedia":[{"embeddable":true,"href":"https:\/\/xstyle.md\/ro\/wp-json\/wp\/v2\/media\/77177"}],"wp:attachment":[{"href":"https:\/\/xstyle.md\/ro\/wp-json\/wp\/v2\/media?parent=16454"}],"wp:term":[{"taxonomy":"product_brand","embeddable":true,"href":"https:\/\/xstyle.md\/ro\/wp-json\/wp\/v2\/product_brand?post=16454"},{"taxonomy":"product_cat","embeddable":true,"href":"https:\/\/xstyle.md\/ro\/wp-json\/wp\/v2\/product_cat?post=16454"},{"taxonomy":"product_tag","embeddable":true,"href":"https:\/\/xstyle.md\/ro\/wp-json\/wp\/v2\/product_tag?post=16454"}],"curies":[{"name":"wp","href":"https:\/\/api.w.org\/{rel}","templated":true}]}}