{"id":16452,"date":"2020-07-17T16:57:15","date_gmt":"2020-07-17T13:57:15","guid":{"rendered":"https:\/\/xstyle.md\/product\/chehol-dlja-lyzh-thule-roundtrip-ski-bag-192-cm"},"modified":"2024-12-09T16:43:42","modified_gmt":"2024-12-09T13:43:42","slug":"chehol-dlja-lyzh-thule-roundtrip-ski-bag-192-cm","status":"publish","type":"product","link":"https:\/\/xstyle.md\/ro\/produs\/chehol-dlja-lyzh-thule-roundtrip-ski-bag-192-cm\/","title":{"rendered":"Hus\u0103 schi Thule RoundTrip Ski Bag 192 cm"},"content":{"rendered":"<\/p>\n<p><strong>Thule RoundTrip Ski Bag 192 cm<\/strong> &#8212; geanta de schi spa\u021bioas\u0103, cu pungi de schi c\u0103ptu\u0219ite, v\u0103 va transporta \u00een siguran\u021b\u0103 echipamentul oriunde merge\u021bi.<\/p>\n<h3>Particularit\u0103\u021bi<\/h3>\n<ul>\n<li>Valize c\u0103ptu\u0219ite cu pufuri pentru protec\u021bia \u0219i depozitarea organizat\u0103 a schiurilor \u0219i a hainelor<\/li>\n<li>Compartiment intern special pentru be\u021be de schi<\/li>\n<li>Curelele de legare externe \u00eempiedic\u0103 deplasarea echipamentului \u00een geant\u0103<\/li>\n<li>Cureaua de um\u0103r c\u0103ptu\u0219it\u0103 deta\u0219abil\u0103 \u0219i m\u00e2nerele confortabile fac ca geanta s\u0103 fie u\u0219or de transportat.<\/li>\n<li>\u00cencape o pereche de schiuri alpine sau dou\u0103 perechi de schiuri de fond cu o lungime de p\u00e2n\u0103 la 192 cm, precum \u0219i be\u021be de schi.<\/li>\n<li>Fermoarele pot fi blocate pentru a fi protejate \u00eempotriva furtului (dispozitivul de blocare se vinde separat)<\/li>\n<li>\u00cencuietori de fermoare YKK sigure pentru acces rapid \u0219i u\u0219or<\/li>\n<li>\u00cempachetarea \u0219i recuperarea accesoriilor este u\u0219oar\u0103 datorit\u0103 fermoarului \u00een form\u0103 de S care \u00eenconjoar\u0103 \u00eentreaga geant\u0103.<\/li>\n<\/ul>\n<h3>Caracteristici<\/h3>\n<ul>\n<li>Material &#8212; poliester 600D<\/li>\n<li>Dimensiuni &#8212; 205 x 36 x 16 cm<\/li>\n<li>Greutate &#8212; 1,42 kg.<\/li>\n<\/ul>\n<h3>Marca<\/h3>\n<p>THULE &#8212; este o companie interna\u021bional\u0103 de top, recunoscut\u0103 la nivel mondial ca produc\u0103tor de top de sisteme de bagaje \u0219i cutii pentru ma\u0219ini. THULE fabric\u0103 produse premium, renumite pentru calitatea lor de neegalat, siguran\u021b\u0103, u\u0219urin\u021b\u0103 \u00een utilizare \u0219i design elegant. Produsele THULE sunt potrivite pentru persoanele care prefer\u0103 activit\u0103\u021bile \u00een aer liber, sunt pasionate de sport, c\u0103l\u0103toresc mult \u0219i apreciaz\u0103 solu\u021biile bine g\u00e2ndite.<\/p>\n<p><\/p>","protected":false},"excerpt":{"rendered":"<p>Hus\u0103 schi Thule RoundTrip Ski Bag 192 cm<\/p>","protected":false},"featured_media":16450,"comment_status":"open","ping_status":"closed","template":"","meta":{"_acf_changed":false,"inline_featured_image":false},"product_brand":[1269],"product_cat":[397],"product_tag":[],"class_list":{"0":"post-16452","1":"product","2":"type-product","3":"status-publish","4":"has-post-thumbnail","6":"product_brand-thule","7":"product_cat-husa-pentru-echipamente","9":"first","10":"instock","11":"shipping-taxable","12":"purchasable","13":"product-type-simple"},"acf":[],"yoast_head":"<!-- This site is optimized with the Yoast SEO plugin v27.2 - https:\/\/yoast.com\/product\/yoast-seo-wordpress\/ -->\n<title>\u0427\u0435\u0445\u043e\u043b \u0434\u043b\u044f \u043b\u044b\u0436 Thule RoundTrip Ski Bag 192 cm - \u041c\u0430\u0433\u0430\u0437\u0438\u043d Xstyle<\/title>\n<meta name=\"description\" content=\"\u041a\u0430\u0447\u0435\u0441\u0442\u0432\u0435\u043d\u043d\u044b\u0439 \u0447\u0435\u0445\u043e\u043b \u0434\u043b\u044f \u043b\u044b\u0436 Thule RoundTrip Ski Bag 192 \u0441\u043c \u2014 \u043d\u0430\u0434\u0435\u0436\u043d\u0430\u044f \u0437\u0430\u0449\u0438\u0442\u0430 \u0432\u0430\u0448\u0435\u0433\u043e \u043e\u0431\u043e\u0440\u0443\u0434\u043e\u0432\u0430\u043d\u0438\u044f. \u041f\u0440\u043e\u0441\u0442\u043e\u0440\u043d\u044b\u0439, \u0441 \u043a\u043e\u043b\u0435\u0441\u0430\u043c\u0438 \u0438 \u043a\u0430\u0440\u043c\u0430\u043d\u0430\u043c\u0438 \u0434\u043b\u044f \u043e\u0431\u0443\u0432\u0438.\" \/>\n<meta name=\"robots\" content=\"index, follow, max-snippet:-1, max-image-preview:large, max-video-preview:-1\" \/>\n<link rel=\"canonical\" href=\"https:\/\/xstyle.md\/ro\/produs\/chehol-dlja-lyzh-thule-roundtrip-ski-bag-192-cm\/\" \/>\n<meta property=\"og:locale\" content=\"ro_RO\" \/>\n<meta property=\"og:type\" content=\"article\" \/>\n<meta property=\"og:title\" content=\"\u0427\u0435\u0445\u043e\u043b \u0434\u043b\u044f \u043b\u044b\u0436 Thule RoundTrip Ski Bag 192 cm - \u041c\u0430\u0433\u0430\u0437\u0438\u043d Xstyle\" \/>\n<meta property=\"og:description\" content=\"\u041a\u0430\u0447\u0435\u0441\u0442\u0432\u0435\u043d\u043d\u044b\u0439 \u0447\u0435\u0445\u043e\u043b \u0434\u043b\u044f \u043b\u044b\u0436 Thule RoundTrip Ski Bag 192 \u0441\u043c \u2014 \u043d\u0430\u0434\u0435\u0436\u043d\u0430\u044f \u0437\u0430\u0449\u0438\u0442\u0430 \u0432\u0430\u0448\u0435\u0433\u043e \u043e\u0431\u043e\u0440\u0443\u0434\u043e\u0432\u0430\u043d\u0438\u044f. \u041f\u0440\u043e\u0441\u0442\u043e\u0440\u043d\u044b\u0439, \u0441 \u043a\u043e\u043b\u0435\u0441\u0430\u043c\u0438 \u0438 \u043a\u0430\u0440\u043c\u0430\u043d\u0430\u043c\u0438 \u0434\u043b\u044f \u043e\u0431\u0443\u0432\u0438.\" \/>\n<meta property=\"og:url\" content=\"https:\/\/xstyle.md\/ro\/produs\/chehol-dlja-lyzh-thule-roundtrip-ski-bag-192-cm\/\" \/>\n<meta property=\"og:site_name\" content=\"\u041c\u0430\u0433\u0430\u0437\u0438\u043d Xstyle\" \/>\n<meta property=\"article:publisher\" content=\"https:\/\/www.facebook.com\/xstylemd\" \/>\n<meta property=\"article:modified_time\" content=\"2024-12-09T13:43:42+00:00\" \/>\n<meta property=\"og:image\" content=\"https:\/\/xstyle.md\/wp-content\/uploads\/2020\/07\/584926_sized_900x600_rev_1.jpg\" \/>\n\t<meta property=\"og:image:width\" content=\"900\" \/>\n\t<meta property=\"og:image:height\" content=\"595\" \/>\n\t<meta property=\"og:image:type\" content=\"image\/jpeg\" \/>\n<meta name=\"twitter:card\" content=\"summary_large_image\" \/>\n<meta name=\"twitter:label1\" content=\"Pre\u021b\" \/>\n\t<meta name=\"twitter:data1\" content=\"1.890&nbsp;MDL\" \/>\n\t<meta name=\"twitter:label2\" content=\"Disponibilitate\" \/>\n\t<meta name=\"twitter:data2\" content=\"\u00cen stoc\" \/>\n<script type=\"application\/ld+json\" class=\"yoast-schema-graph\">{\"@context\":\"https:\/\/schema.org\",\"@graph\":[{\"@type\":\"WebPage\",\"@id\":\"https:\/\/xstyle.md\/product\/chehol-dlja-lyzh-thule-roundtrip-ski-bag-192-cm\/\",\"url\":\"https:\/\/xstyle.md\/product\/chehol-dlja-lyzh-thule-roundtrip-ski-bag-192-cm\/\",\"name\":\"\u0427\u0435\u0445\u043e\u043b \u0434\u043b\u044f \u043b\u044b\u0436 Thule RoundTrip Ski Bag 192 cm - \u041c\u0430\u0433\u0430\u0437\u0438\u043d Xstyle\",\"isPartOf\":{\"@id\":\"https:\/\/xstyle.md\/#website\"},\"primaryImageOfPage\":{\"@id\":\"https:\/\/xstyle.md\/product\/chehol-dlja-lyzh-thule-roundtrip-ski-bag-192-cm\/#primaryimage\"},\"image\":{\"@id\":\"https:\/\/xstyle.md\/product\/chehol-dlja-lyzh-thule-roundtrip-ski-bag-192-cm\/#primaryimage\"},\"thumbnailUrl\":\"https:\/\/xstyle.md\/wp-content\/uploads\/2020\/07\/584926_sized_900x600_rev_1.jpg\",\"datePublished\":\"2020-07-17T13:57:15+00:00\",\"dateModified\":\"2024-12-09T13:43:42+00:00\",\"description\":\"\u041a\u0430\u0447\u0435\u0441\u0442\u0432\u0435\u043d\u043d\u044b\u0439 \u0447\u0435\u0445\u043e\u043b \u0434\u043b\u044f \u043b\u044b\u0436 Thule RoundTrip Ski Bag 192 \u0441\u043c \u2014 \u043d\u0430\u0434\u0435\u0436\u043d\u0430\u044f \u0437\u0430\u0449\u0438\u0442\u0430 \u0432\u0430\u0448\u0435\u0433\u043e \u043e\u0431\u043e\u0440\u0443\u0434\u043e\u0432\u0430\u043d\u0438\u044f. \u041f\u0440\u043e\u0441\u0442\u043e\u0440\u043d\u044b\u0439, \u0441 \u043a\u043e\u043b\u0435\u0441\u0430\u043c\u0438 \u0438 \u043a\u0430\u0440\u043c\u0430\u043d\u0430\u043c\u0438 \u0434\u043b\u044f \u043e\u0431\u0443\u0432\u0438.\",\"breadcrumb\":{\"@id\":\"https:\/\/xstyle.md\/product\/chehol-dlja-lyzh-thule-roundtrip-ski-bag-192-cm\/#breadcrumb\"},\"inLanguage\":\"ro-RO\",\"potentialAction\":[{\"@type\":\"ReadAction\",\"target\":[\"https:\/\/xstyle.md\/product\/chehol-dlja-lyzh-thule-roundtrip-ski-bag-192-cm\/\"]}]},{\"@type\":\"ImageObject\",\"inLanguage\":\"ro-RO\",\"@id\":\"https:\/\/xstyle.md\/product\/chehol-dlja-lyzh-thule-roundtrip-ski-bag-192-cm\/#primaryimage\",\"url\":\"https:\/\/xstyle.md\/wp-content\/uploads\/2020\/07\/584926_sized_900x600_rev_1.jpg\",\"contentUrl\":\"https:\/\/xstyle.md\/wp-content\/uploads\/2020\/07\/584926_sized_900x600_rev_1.jpg\",\"width\":900,\"height\":595},{\"@type\":\"BreadcrumbList\",\"@id\":\"https:\/\/xstyle.md\/product\/chehol-dlja-lyzh-thule-roundtrip-ski-bag-192-cm\/#breadcrumb\",\"itemListElement\":[{\"@type\":\"ListItem\",\"position\":1,\"name\":\"\u0413\u043b\u0430\u0432\u043d\u0430\u044f \u0441\u0442\u0440\u0430\u043d\u0438\u0446\u0430\",\"item\":\"https:\/\/xstyle.md\/\"},{\"@type\":\"ListItem\",\"position\":2,\"name\":\"\u041c\u0430\u0433\u0430\u0437\u0438\u043d\",\"item\":\"https:\/\/xstyle.md\/shop\/\"},{\"@type\":\"ListItem\",\"position\":3,\"name\":\"\u0427\u0435\u0445\u043e\u043b \u0434\u043b\u044f \u043b\u044b\u0436 Thule RoundTrip Ski Bag 192 cm\"}]},{\"@type\":\"WebSite\",\"@id\":\"https:\/\/xstyle.md\/#website\",\"url\":\"https:\/\/xstyle.md\/\",\"name\":\"\u041c\u0430\u0433\u0430\u0437\u0438\u043d Xstyle\",\"description\":\"C\u043d\u0430\u0440\u044f\u0436\u0435\u043d\u0438\u0435 \u0434\u043b\u044f \u0442\u0443\u0440\u0438\u0437\u043c\u0430 \u0438 \u044d\u043a\u0441\u0442\u0440\u0435\u043c\u0430\u043b\u044c\u043d\u044b\u0445 \u0432\u0438\u0434\u043e\u0432 \u0441\u043f\u043e\u0440\u0442\u0430 \u0432 \u041c\u043e\u043b\u0434\u043e\u0432\u0435.. \u0426\u0435\u043d\u044b, \u0444\u043e\u0442\u043e, \u0445\u0430\u0440\u0430\u043a\u0442\u0435\u0440\u0438\u0441\u0442\u0438\u043a\u0438 \u0432 \u041c\u043e\u043b\u0434\u043e\u0432\u0435.\",\"publisher\":{\"@id\":\"https:\/\/xstyle.md\/#organization\"},\"alternateName\":\"X-Style\",\"potentialAction\":[{\"@type\":\"SearchAction\",\"target\":{\"@type\":\"EntryPoint\",\"urlTemplate\":\"https:\/\/xstyle.md\/?s={search_term_string}\"},\"query-input\":{\"@type\":\"PropertyValueSpecification\",\"valueRequired\":true,\"valueName\":\"search_term_string\"}}],\"inLanguage\":\"ro-RO\"},{\"@type\":\"Organization\",\"@id\":\"https:\/\/xstyle.md\/#organization\",\"name\":\"\u041c\u0430\u0433\u0430\u0437\u0438\u043d Xstyle\",\"alternateName\":\"x-style\",\"url\":\"https:\/\/xstyle.md\/\",\"logo\":{\"@type\":\"ImageObject\",\"inLanguage\":\"ro-RO\",\"@id\":\"https:\/\/xstyle.md\/#\/schema\/logo\/image\/\",\"url\":\"https:\/\/xstyle.md\/wp-content\/uploads\/2020\/06\/logoicon.svg\",\"contentUrl\":\"https:\/\/xstyle.md\/wp-content\/uploads\/2020\/06\/logoicon.svg\",\"caption\":\"\u041c\u0430\u0433\u0430\u0437\u0438\u043d Xstyle\"},\"image\":{\"@id\":\"https:\/\/xstyle.md\/#\/schema\/logo\/image\/\"},\"sameAs\":[\"https:\/\/www.facebook.com\/xstylemd\",\"https:\/\/www.instagram.com\/xstyle_md\/\",\"https:\/\/t.me\/xstyle_outdoor\"],\"hasMerchantReturnPolicy\":{\"@type\":\"MerchantReturnPolicy\",\"merchantReturnLink\":\"https:\/\/xstyle.md\/ro\/conditions\/\"}}]}<\/script>\n<meta property=\"product:price:amount\" content=\"1890.00\" \/>\n<meta property=\"product:price:currency\" content=\"MDL\" \/>\n<meta property=\"og:availability\" content=\"instock\" \/>\n<meta property=\"product:availability\" content=\"instock\" \/>\n<meta property=\"product:retailer_item_id\" content=\"225116\" \/>\n<meta property=\"product:condition\" content=\"new\" \/>\n<!-- \/ Yoast SEO plugin. -->","yoast_head_json":{"title":"Hus\u0103 pentru schiuri Thule RoundTrip Ski Bag 192 cm - Magazin Xstyle","description":"Geant\u0103 de schi Thule RoundTrip Ski Bag de 192 cm - o protec\u021bie sigur\u0103 pentru echipamentul dumneavoastr\u0103. Spa\u021bioas\u0103, cu ro\u021bi \u0219i buzunare pentru \u00eenc\u0103l\u021b\u0103minte.","robots":{"index":"index","follow":"follow","max-snippet":"max-snippet:-1","max-image-preview":"max-image-preview:large","max-video-preview":"max-video-preview:-1"},"canonical":"https:\/\/xstyle.md\/ro\/produs\/chehol-dlja-lyzh-thule-roundtrip-ski-bag-192-cm\/","og_locale":"ro_RO","og_type":"article","og_title":"\u0427\u0435\u0445\u043e\u043b \u0434\u043b\u044f \u043b\u044b\u0436 Thule RoundTrip Ski Bag 192 cm - \u041c\u0430\u0433\u0430\u0437\u0438\u043d Xstyle","og_description":"\u041a\u0430\u0447\u0435\u0441\u0442\u0432\u0435\u043d\u043d\u044b\u0439 \u0447\u0435\u0445\u043e\u043b \u0434\u043b\u044f \u043b\u044b\u0436 Thule RoundTrip Ski Bag 192 \u0441\u043c \u2014 \u043d\u0430\u0434\u0435\u0436\u043d\u0430\u044f \u0437\u0430\u0449\u0438\u0442\u0430 \u0432\u0430\u0448\u0435\u0433\u043e \u043e\u0431\u043e\u0440\u0443\u0434\u043e\u0432\u0430\u043d\u0438\u044f. \u041f\u0440\u043e\u0441\u0442\u043e\u0440\u043d\u044b\u0439, \u0441 \u043a\u043e\u043b\u0435\u0441\u0430\u043c\u0438 \u0438 \u043a\u0430\u0440\u043c\u0430\u043d\u0430\u043c\u0438 \u0434\u043b\u044f \u043e\u0431\u0443\u0432\u0438.","og_url":"https:\/\/xstyle.md\/ro\/produs\/chehol-dlja-lyzh-thule-roundtrip-ski-bag-192-cm\/","og_site_name":"\u041c\u0430\u0433\u0430\u0437\u0438\u043d Xstyle","article_publisher":"https:\/\/www.facebook.com\/xstylemd","article_modified_time":"2024-12-09T13:43:42+00:00","og_image":[{"width":900,"height":595,"url":"https:\/\/xstyle.md\/wp-content\/uploads\/2020\/07\/584926_sized_900x600_rev_1.jpg","type":"image\/jpeg"}],"twitter_card":"summary_large_image","twitter_misc":{"Pre\u021b":"1.890&nbsp;MDL","Disponibilitate":"\u00cen stoc"},"schema":{"@context":"https:\/\/schema.org","@graph":[{"@type":"WebPage","@id":"https:\/\/xstyle.md\/product\/chehol-dlja-lyzh-thule-roundtrip-ski-bag-192-cm\/","url":"https:\/\/xstyle.md\/product\/chehol-dlja-lyzh-thule-roundtrip-ski-bag-192-cm\/","name":"Hus\u0103 pentru schiuri Thule RoundTrip Ski Bag 192 cm - Magazin Xstyle","isPartOf":{"@id":"https:\/\/xstyle.md\/#website"},"primaryImageOfPage":{"@id":"https:\/\/xstyle.md\/product\/chehol-dlja-lyzh-thule-roundtrip-ski-bag-192-cm\/#primaryimage"},"image":{"@id":"https:\/\/xstyle.md\/product\/chehol-dlja-lyzh-thule-roundtrip-ski-bag-192-cm\/#primaryimage"},"thumbnailUrl":"https:\/\/xstyle.md\/wp-content\/uploads\/2020\/07\/584926_sized_900x600_rev_1.jpg","datePublished":"2020-07-17T13:57:15+00:00","dateModified":"2024-12-09T13:43:42+00:00","description":"Geant\u0103 de schi Thule RoundTrip Ski Bag de 192 cm - o protec\u021bie sigur\u0103 pentru echipamentul dumneavoastr\u0103. Spa\u021bioas\u0103, cu ro\u021bi \u0219i buzunare pentru \u00eenc\u0103l\u021b\u0103minte.","breadcrumb":{"@id":"https:\/\/xstyle.md\/product\/chehol-dlja-lyzh-thule-roundtrip-ski-bag-192-cm\/#breadcrumb"},"inLanguage":"ro-RO","potentialAction":[{"@type":"ReadAction","target":["https:\/\/xstyle.md\/product\/chehol-dlja-lyzh-thule-roundtrip-ski-bag-192-cm\/"]}]},{"@type":"ImageObject","inLanguage":"ro-RO","@id":"https:\/\/xstyle.md\/product\/chehol-dlja-lyzh-thule-roundtrip-ski-bag-192-cm\/#primaryimage","url":"https:\/\/xstyle.md\/wp-content\/uploads\/2020\/07\/584926_sized_900x600_rev_1.jpg","contentUrl":"https:\/\/xstyle.md\/wp-content\/uploads\/2020\/07\/584926_sized_900x600_rev_1.jpg","width":900,"height":595},{"@type":"BreadcrumbList","@id":"https:\/\/xstyle.md\/product\/chehol-dlja-lyzh-thule-roundtrip-ski-bag-192-cm\/#breadcrumb","itemListElement":[{"@type":"ListItem","position":1,"name":"\u0413\u043b\u0430\u0432\u043d\u0430\u044f \u0441\u0442\u0440\u0430\u043d\u0438\u0446\u0430","item":"https:\/\/xstyle.md\/"},{"@type":"ListItem","position":2,"name":"\u041c\u0430\u0433\u0430\u0437\u0438\u043d","item":"https:\/\/xstyle.md\/shop\/"},{"@type":"ListItem","position":3,"name":"\u0427\u0435\u0445\u043e\u043b \u0434\u043b\u044f \u043b\u044b\u0436 Thule RoundTrip Ski Bag 192 cm"}]},{"@type":"WebSite","@id":"https:\/\/xstyle.md\/#website","url":"https:\/\/xstyle.md\/","name":"Magazinul X-Style","description":"Echipamente pentru turism \u0219i sporturi extreme \u00een Moldova. Pre\u021buri, fotografii, caracteristici \u00een Moldova.","publisher":{"@id":"https:\/\/xstyle.md\/#organization"},"alternateName":"X-Style","potentialAction":[{"@type":"SearchAction","target":{"@type":"EntryPoint","urlTemplate":"https:\/\/xstyle.md\/?s={search_term_string}"},"query-input":{"@type":"PropertyValueSpecification","valueRequired":true,"valueName":"search_term_string"}}],"inLanguage":"ro-RO"},{"@type":"Organization","@id":"https:\/\/xstyle.md\/#organization","name":"Magazinul X-Style","alternateName":"x-style","url":"https:\/\/xstyle.md\/","logo":{"@type":"ImageObject","inLanguage":"ro-RO","@id":"https:\/\/xstyle.md\/#\/schema\/logo\/image\/","url":"https:\/\/xstyle.md\/wp-content\/uploads\/2020\/06\/logoicon.svg","contentUrl":"https:\/\/xstyle.md\/wp-content\/uploads\/2020\/06\/logoicon.svg","caption":"\u041c\u0430\u0433\u0430\u0437\u0438\u043d Xstyle"},"image":{"@id":"https:\/\/xstyle.md\/#\/schema\/logo\/image\/"},"sameAs":["https:\/\/www.facebook.com\/xstylemd","https:\/\/www.instagram.com\/xstyle_md\/","https:\/\/t.me\/xstyle_outdoor"],"hasMerchantReturnPolicy":{"@type":"MerchantReturnPolicy","merchantReturnLink":"https:\/\/xstyle.md\/ro\/conditions\/"}}]},"product_price_amount":"1890.00","product_price_currency":"MDL","og_availability":"instock","product_availability":"instock","product_retailer_item_id":"225116","product_condition":"new"},"post_mailing_queue_ids":[],"_links":{"self":[{"href":"https:\/\/xstyle.md\/ro\/wp-json\/wp\/v2\/product\/16452","targetHints":{"allow":["GET"]}}],"collection":[{"href":"https:\/\/xstyle.md\/ro\/wp-json\/wp\/v2\/product"}],"about":[{"href":"https:\/\/xstyle.md\/ro\/wp-json\/wp\/v2\/types\/product"}],"replies":[{"embeddable":true,"href":"https:\/\/xstyle.md\/ro\/wp-json\/wp\/v2\/comments?post=16452"}],"wp:featuredmedia":[{"embeddable":true,"href":"https:\/\/xstyle.md\/ro\/wp-json\/wp\/v2\/media\/16450"}],"wp:attachment":[{"href":"https:\/\/xstyle.md\/ro\/wp-json\/wp\/v2\/media?parent=16452"}],"wp:term":[{"taxonomy":"product_brand","embeddable":true,"href":"https:\/\/xstyle.md\/ro\/wp-json\/wp\/v2\/product_brand?post=16452"},{"taxonomy":"product_cat","embeddable":true,"href":"https:\/\/xstyle.md\/ro\/wp-json\/wp\/v2\/product_cat?post=16452"},{"taxonomy":"product_tag","embeddable":true,"href":"https:\/\/xstyle.md\/ro\/wp-json\/wp\/v2\/product_tag?post=16452"}],"curies":[{"name":"wp","href":"https:\/\/api.w.org\/{rel}","templated":true}]}}