{"id":16352,"date":"2020-07-17T16:52:56","date_gmt":"2020-07-17T13:52:56","guid":{"rendered":"https:\/\/xstyle.md\/product\/ledobur-stal-noj-krok-l200-mm"},"modified":"2025-10-24T12:45:28","modified_gmt":"2025-10-24T09:45:28","slug":"ledobur-stal-noj-krok-l200-mm","status":"publish","type":"product","link":"https:\/\/xstyle.md\/ro\/produs\/ledobur-stal-noj-krok-l200-mm\/","title":{"rendered":"Piolet de o\u021bel Krok L200 mm"},"content":{"rendered":"<\/p>\n<p><strong>Piolet de o\u021bel Krok L200 mm &#8212; <\/strong>echipament de c\u0103\u021b\u0103rare pe ghea\u021b\u0103 destinat organiz\u0103rii punctelor de siguran\u021b\u0103 la escaladarea pere\u021bilor \u0219i pantelor de ghea\u021b\u0103. Acesta poate fi utilizat pentru a organiza un punct de siguran\u021b\u0103 prin practicarea a dou\u0103 g\u0103uri \u00eenclinate \u00een grosimea ghe\u021bii. Este adesea utilizat \u00een alpinism \u0219i \u00een turismul montan la organizarea cobor\u00e2rilor pe ghe\u021bari.<\/p>\n<h3>Particularit\u0103\u021bi<\/h3>\n<ul>\n<li>Spre deosebire de burghiile de ghea\u021b\u0103 din titan, burghiile de ghea\u021b\u0103 din o\u021bel sunt fabricate din o\u021bel tratat termic de \u00eenalt\u0103 aliere rezistent la \u00eenghe\u021b. Greutatea redus\u0103 a burghiului de ghea\u021b\u0103, comparabil\u0103 cu cea a unui burghiu de ghea\u021b\u0103 din titan de aceea\u0219i dimensiune, este ob\u021binut\u0103 datorit\u0103 grosimii minime a peretelui tubului de o\u021bel al burghiului de ghea\u021b\u0103.<\/li>\n<li>\u00cen acela\u0219i timp, sp\u0103rg\u0103torul de ghea\u021b\u0103 din o\u021bel are o rezisten\u021b\u0103 mai mare \u00een compara\u021bie cu sp\u0103rg\u0103torul de ghea\u021b\u0103 din titan. Cu\u021bitele din o\u021bel c\u0103lit ale burghiului de ghea\u021b\u0103 nu se \u00eendoaie la r\u0103sucirea \u00een ghea\u021b\u0103 atunci c\u00e2nd \u00eent\u00e2lnesc incluziuni de piatr\u0103 \u00een masivul de ghea\u021b\u0103. \u00cen plus, \u00eengustarea special\u0103 a tubului de o\u021bel al burghiului de ghea\u021b\u0103 \u00een partea sa de t\u0103iere permite consolidarea suplimentar\u0103 a din\u021bilor de t\u0103iere ai burghiului de ghea\u021b\u0103.<\/li>\n<li>Extinderea diametrului interior al tubului burghiului de ghea\u021b\u0103 \u00een urma \u00eengust\u0103rii duce la faptul c\u0103 coloana de ghea\u021b\u0103 care iese din tub nu atinge pere\u021bii interiori ai burghiului de ghea\u021b\u0103. Aceast\u0103 \u00eengustare-expansiune \u00eempiedic\u0103 coloana de firimituri de ghea\u021b\u0103 s\u0103 \u00eenghe\u021be pe peretele s\u0103u interior \u00een procesul de r\u0103sucire a burghiului de ghea\u021b\u0103, datorit\u0103 faptului c\u0103 diametrul coloanei este mai mic dec\u00e2t diametrul interior al tubului burghiului de ghea\u021b\u0103. Astfel de burghie de ghea\u021b\u0103 se numesc &#171;\u00eencre\u021bite&#187;. Acest lucru elimin\u0103 necesitatea lustruirii costisitoare a pere\u021bilor interiori ai burghiului de ghea\u021b\u0103. \u00cen plus, forma corect\u0103 a din\u021bilor ascu\u021bi\u021bi faciliteaz\u0103 \u00een\u0219urubarea \u00een ghea\u021ba tare.<\/li>\n<li>Burghiul de ghea\u021b\u0103 de la cel\u0103lalt cap\u0103t al tubului are un ochi de o\u021bel mobil de form\u0103 anatomic\u0103 pentru palma dreapt\u0103, cu dou\u0103 orificii pentru fixarea unor carabiniere de siguran\u021b\u0103 pentru alpinism. Ochiul nu este fixat rigid, ci cu joc unghiular longitudinal, ceea ce permite ochiului s\u0103 ia o pozi\u021bie optim\u0103 \u00een raport cu axa longitudinal\u0103 a tubului burghiului de ghea\u021b\u0103 r\u0103sucit \u00een ghea\u021b\u0103 \u0219i paralel cu planul ghe\u021bii. Materialul ochetului este o\u021bel galvanizat tratat termic.<\/li>\n<li>O alternativ\u0103 excelent\u0103 la burghiurile de ghea\u021b\u0103 din titan. Poate fi utilizat \u0219i pentru fixarea corturilor de alpinism \u0219i pescuit pe ghea\u021b\u0103.<\/li>\n<\/ul>\n<h3>Caracteristici<\/h3>\n<ul>\n<li>Material &#8212; o\u021bel acoperit cu zinc<\/li>\n<li>Diametru &#8212; 18 mm<\/li>\n<li>Lungime &#8212; 200 mm<\/li>\n<li>Greutate &#8212; 129 g<\/li>\n<\/ul>\n<p><\/p>","protected":false},"excerpt":{"rendered":"<p>Piolet de o\u021bel Krok L200 mm<\/p>","protected":false},"featured_media":16351,"comment_status":"open","ping_status":"closed","template":"","meta":{"_acf_changed":false,"inline_featured_image":false},"product_brand":[1283],"product_cat":[1109,270],"product_tag":[],"class_list":{"0":"post-16352","1":"product","2":"type-product","3":"status-publish","4":"has-post-thumbnail","6":"product_brand-krok","7":"product_cat-ice-drills","8":"product_cat-ice-equipment","10":"first","11":"instock","12":"shipping-taxable","13":"purchasable","14":"product-type-simple"},"acf":[],"yoast_head":"<!-- This site is optimized with the Yoast SEO plugin v27.4 - https:\/\/yoast.com\/product\/yoast-seo-wordpress\/ -->\n<title>\u041b\u0435\u0434\u043e\u0431\u0443\u0440 \u0441\u0442\u0430\u043b\u044c\u043d\u043e\u0439 Krok L200 mm - \u041c\u0430\u0433\u0430\u0437\u0438\u043d Xstyle<\/title>\n<meta name=\"description\" content=\"\u041b\u0435\u0434\u043e\u0431\u0443\u0440 \u0441\u0442\u0430\u043b\u044c\u043d\u043e\u0439 Krok L200 \u043c\u043c - \u0438\u0434\u0435\u0430\u043b\u044c\u043d\u044b\u0439 \u0438\u043d\u0441\u0442\u0440\u0443\u043c\u0435\u043d\u0442 \u0434\u043b\u044f \u0430\u043b\u044c\u043f\u0438\u043d\u0438\u0437\u043c\u0430 \u0438 \u0437\u0438\u043c\u043d\u0435\u0433\u043e \u0442\u0443\u0440\u0438\u0437\u043c\u0430. \u041e\u0431\u0435\u0441\u043f\u0435\u0447\u0438\u0432\u0430\u0435\u0442 \u043d\u0430\u0434\u0435\u0436\u043d\u044b\u0435 \u0442\u043e\u0447\u043a\u0438 \u0431\u0435\u0437\u043e\u043f\u0430\u0441\u043d\u043e\u0441\u0442\u0438 \u043d\u0430 \u043b\u044c\u0434\u0443.\" \/>\n<meta name=\"robots\" content=\"index, follow, max-snippet:-1, max-image-preview:large, max-video-preview:-1\" \/>\n<link rel=\"canonical\" href=\"https:\/\/xstyle.md\/ro\/produs\/ledobur-stal-noj-krok-l200-mm\/\" \/>\n<meta property=\"og:locale\" content=\"ro_RO\" \/>\n<meta property=\"og:type\" content=\"article\" \/>\n<meta property=\"og:title\" content=\"\u041b\u0435\u0434\u043e\u0431\u0443\u0440 \u0441\u0442\u0430\u043b\u044c\u043d\u043e\u0439 Krok L200 mm - \u041c\u0430\u0433\u0430\u0437\u0438\u043d Xstyle\" \/>\n<meta property=\"og:description\" content=\"\u041b\u0435\u0434\u043e\u0431\u0443\u0440 \u0441\u0442\u0430\u043b\u044c\u043d\u043e\u0439 Krok L200 \u043c\u043c - \u0438\u0434\u0435\u0430\u043b\u044c\u043d\u044b\u0439 \u0438\u043d\u0441\u0442\u0440\u0443\u043c\u0435\u043d\u0442 \u0434\u043b\u044f \u0430\u043b\u044c\u043f\u0438\u043d\u0438\u0437\u043c\u0430 \u0438 \u0437\u0438\u043c\u043d\u0435\u0433\u043e \u0442\u0443\u0440\u0438\u0437\u043c\u0430. \u041e\u0431\u0435\u0441\u043f\u0435\u0447\u0438\u0432\u0430\u0435\u0442 \u043d\u0430\u0434\u0435\u0436\u043d\u044b\u0435 \u0442\u043e\u0447\u043a\u0438 \u0431\u0435\u0437\u043e\u043f\u0430\u0441\u043d\u043e\u0441\u0442\u0438 \u043d\u0430 \u043b\u044c\u0434\u0443.\" \/>\n<meta property=\"og:url\" content=\"https:\/\/xstyle.md\/ro\/produs\/ledobur-stal-noj-krok-l200-mm\/\" \/>\n<meta property=\"og:site_name\" content=\"\u041c\u0430\u0433\u0430\u0437\u0438\u043d Xstyle\" \/>\n<meta property=\"article:publisher\" content=\"https:\/\/www.facebook.com\/xstylemd\" \/>\n<meta property=\"article:modified_time\" content=\"2025-10-24T09:45:28+00:00\" \/>\n<meta property=\"og:image\" content=\"https:\/\/xstyle.md\/wp-content\/uploads\/2020\/07\/ledobur_obzhatiy_stalnoy_proushina_nerzh_stal_1-400x400-1.jpg\" \/>\n\t<meta property=\"og:image:width\" content=\"400\" \/>\n\t<meta property=\"og:image:height\" content=\"400\" \/>\n\t<meta property=\"og:image:type\" content=\"image\/jpeg\" \/>\n<meta name=\"twitter:card\" content=\"summary_large_image\" \/>\n<meta name=\"twitter:label1\" content=\"Pre\u021b\" \/>\n\t<meta name=\"twitter:data1\" content=\"395&nbsp;MDL\" \/>\n\t<meta name=\"twitter:label2\" content=\"Disponibilitate\" \/>\n\t<meta name=\"twitter:data2\" content=\"\u00cen stoc\" \/>\n<script type=\"application\/ld+json\" class=\"yoast-schema-graph\">{\"@context\":\"https:\\\/\\\/schema.org\",\"@graph\":[{\"@type\":\"WebPage\",\"@id\":\"https:\\\/\\\/xstyle.md\\\/product\\\/ledobur-stal-noj-krok-l200-mm\\\/\",\"url\":\"https:\\\/\\\/xstyle.md\\\/product\\\/ledobur-stal-noj-krok-l200-mm\\\/\",\"name\":\"\u041b\u0435\u0434\u043e\u0431\u0443\u0440 \u0441\u0442\u0430\u043b\u044c\u043d\u043e\u0439 Krok L200 mm - \u041c\u0430\u0433\u0430\u0437\u0438\u043d Xstyle\",\"isPartOf\":{\"@id\":\"https:\\\/\\\/xstyle.md\\\/#website\"},\"primaryImageOfPage\":{\"@id\":\"https:\\\/\\\/xstyle.md\\\/product\\\/ledobur-stal-noj-krok-l200-mm\\\/#primaryimage\"},\"image\":{\"@id\":\"https:\\\/\\\/xstyle.md\\\/product\\\/ledobur-stal-noj-krok-l200-mm\\\/#primaryimage\"},\"thumbnailUrl\":\"https:\\\/\\\/xstyle.md\\\/wp-content\\\/uploads\\\/2020\\\/07\\\/ledobur_obzhatiy_stalnoy_proushina_nerzh_stal_1-400x400-1.jpg\",\"datePublished\":\"2020-07-17T13:52:56+00:00\",\"dateModified\":\"2025-10-24T09:45:28+00:00\",\"description\":\"\u041b\u0435\u0434\u043e\u0431\u0443\u0440 \u0441\u0442\u0430\u043b\u044c\u043d\u043e\u0439 Krok L200 \u043c\u043c - \u0438\u0434\u0435\u0430\u043b\u044c\u043d\u044b\u0439 \u0438\u043d\u0441\u0442\u0440\u0443\u043c\u0435\u043d\u0442 \u0434\u043b\u044f \u0430\u043b\u044c\u043f\u0438\u043d\u0438\u0437\u043c\u0430 \u0438 \u0437\u0438\u043c\u043d\u0435\u0433\u043e \u0442\u0443\u0440\u0438\u0437\u043c\u0430. \u041e\u0431\u0435\u0441\u043f\u0435\u0447\u0438\u0432\u0430\u0435\u0442 \u043d\u0430\u0434\u0435\u0436\u043d\u044b\u0435 \u0442\u043e\u0447\u043a\u0438 \u0431\u0435\u0437\u043e\u043f\u0430\u0441\u043d\u043e\u0441\u0442\u0438 \u043d\u0430 \u043b\u044c\u0434\u0443.\",\"breadcrumb\":{\"@id\":\"https:\\\/\\\/xstyle.md\\\/product\\\/ledobur-stal-noj-krok-l200-mm\\\/#breadcrumb\"},\"inLanguage\":\"ro-RO\",\"potentialAction\":[{\"@type\":\"ReadAction\",\"target\":[\"https:\\\/\\\/xstyle.md\\\/product\\\/ledobur-stal-noj-krok-l200-mm\\\/\"]}]},{\"@type\":\"ImageObject\",\"inLanguage\":\"ro-RO\",\"@id\":\"https:\\\/\\\/xstyle.md\\\/product\\\/ledobur-stal-noj-krok-l200-mm\\\/#primaryimage\",\"url\":\"https:\\\/\\\/xstyle.md\\\/wp-content\\\/uploads\\\/2020\\\/07\\\/ledobur_obzhatiy_stalnoy_proushina_nerzh_stal_1-400x400-1.jpg\",\"contentUrl\":\"https:\\\/\\\/xstyle.md\\\/wp-content\\\/uploads\\\/2020\\\/07\\\/ledobur_obzhatiy_stalnoy_proushina_nerzh_stal_1-400x400-1.jpg\",\"width\":400,\"height\":400},{\"@type\":\"BreadcrumbList\",\"@id\":\"https:\\\/\\\/xstyle.md\\\/product\\\/ledobur-stal-noj-krok-l200-mm\\\/#breadcrumb\",\"itemListElement\":[{\"@type\":\"ListItem\",\"position\":1,\"name\":\"\u0413\u043b\u0430\u0432\u043d\u0430\u044f \u0441\u0442\u0440\u0430\u043d\u0438\u0446\u0430\",\"item\":\"https:\\\/\\\/xstyle.md\\\/\"},{\"@type\":\"ListItem\",\"position\":2,\"name\":\"\u041c\u0430\u0433\u0430\u0437\u0438\u043d\",\"item\":\"https:\\\/\\\/xstyle.md\\\/shop\\\/\"},{\"@type\":\"ListItem\",\"position\":3,\"name\":\"\u041b\u0435\u0434\u043e\u0431\u0443\u0440 \u0441\u0442\u0430\u043b\u044c\u043d\u043e\u0439 Krok L200 mm\"}]},{\"@type\":\"WebSite\",\"@id\":\"https:\\\/\\\/xstyle.md\\\/#website\",\"url\":\"https:\\\/\\\/xstyle.md\\\/\",\"name\":\"\u041c\u0430\u0433\u0430\u0437\u0438\u043d Xstyle\",\"description\":\"C\u043d\u0430\u0440\u044f\u0436\u0435\u043d\u0438\u0435 \u0434\u043b\u044f \u0442\u0443\u0440\u0438\u0437\u043c\u0430 \u0438 \u044d\u043a\u0441\u0442\u0440\u0435\u043c\u0430\u043b\u044c\u043d\u044b\u0445 \u0432\u0438\u0434\u043e\u0432 \u0441\u043f\u043e\u0440\u0442\u0430 \u0432 \u041c\u043e\u043b\u0434\u043e\u0432\u0435.. \u0426\u0435\u043d\u044b, \u0444\u043e\u0442\u043e, \u0445\u0430\u0440\u0430\u043a\u0442\u0435\u0440\u0438\u0441\u0442\u0438\u043a\u0438 \u0432 \u041c\u043e\u043b\u0434\u043e\u0432\u0435.\",\"publisher\":{\"@id\":\"https:\\\/\\\/xstyle.md\\\/#organization\"},\"alternateName\":\"X-Style\",\"potentialAction\":[{\"@type\":\"SearchAction\",\"target\":{\"@type\":\"EntryPoint\",\"urlTemplate\":\"https:\\\/\\\/xstyle.md\\\/?s={search_term_string}\"},\"query-input\":{\"@type\":\"PropertyValueSpecification\",\"valueRequired\":true,\"valueName\":\"search_term_string\"}}],\"inLanguage\":\"ro-RO\"},{\"@type\":\"Organization\",\"@id\":\"https:\\\/\\\/xstyle.md\\\/#organization\",\"name\":\"\u041c\u0430\u0433\u0430\u0437\u0438\u043d Xstyle\",\"alternateName\":\"x-style\",\"url\":\"https:\\\/\\\/xstyle.md\\\/\",\"logo\":{\"@type\":\"ImageObject\",\"inLanguage\":\"ro-RO\",\"@id\":\"https:\\\/\\\/xstyle.md\\\/#\\\/schema\\\/logo\\\/image\\\/\",\"url\":\"https:\\\/\\\/xstyle.md\\\/wp-content\\\/uploads\\\/2020\\\/06\\\/logoicon.svg\",\"contentUrl\":\"https:\\\/\\\/xstyle.md\\\/wp-content\\\/uploads\\\/2020\\\/06\\\/logoicon.svg\",\"caption\":\"\u041c\u0430\u0433\u0430\u0437\u0438\u043d Xstyle\"},\"image\":{\"@id\":\"https:\\\/\\\/xstyle.md\\\/#\\\/schema\\\/logo\\\/image\\\/\"},\"sameAs\":[\"https:\\\/\\\/www.facebook.com\\\/xstylemd\",\"https:\\\/\\\/www.instagram.com\\\/xstyle_md\\\/\",\"https:\\\/\\\/t.me\\\/xstyle_outdoor\"],\"hasMerchantReturnPolicy\":{\"@type\":\"MerchantReturnPolicy\",\"merchantReturnLink\":\"https:\\\/\\\/xstyle.md\\\/ro\\\/conditions\\\/\"}}]}<\/script>\n<meta property=\"product:price:amount\" content=\"395.00\" \/>\n<meta property=\"product:price:currency\" content=\"MDL\" \/>\n<meta property=\"og:availability\" content=\"instock\" \/>\n<meta property=\"product:availability\" content=\"instock\" \/>\n<meta property=\"product:retailer_item_id\" content=\"2880009515785\" \/>\n<meta property=\"product:condition\" content=\"new\" \/>\n<!-- \/ Yoast SEO plugin. -->","yoast_head_json":{"title":"Piolet de o\u021bel Krok L200 mm - Magazin Xstyle","description":"Burghiu de ghea\u021b\u0103 din o\u021bel Krok L200 mm - instrumentul ideal pentru alpinism \u0219i turismul de iarn\u0103. Ofer\u0103 puncte de siguran\u021b\u0103 fiabile pe ghea\u021b\u0103.","robots":{"index":"index","follow":"follow","max-snippet":"max-snippet:-1","max-image-preview":"max-image-preview:large","max-video-preview":"max-video-preview:-1"},"canonical":"https:\/\/xstyle.md\/ro\/produs\/ledobur-stal-noj-krok-l200-mm\/","og_locale":"ro_RO","og_type":"article","og_title":"\u041b\u0435\u0434\u043e\u0431\u0443\u0440 \u0441\u0442\u0430\u043b\u044c\u043d\u043e\u0439 Krok L200 mm - \u041c\u0430\u0433\u0430\u0437\u0438\u043d Xstyle","og_description":"\u041b\u0435\u0434\u043e\u0431\u0443\u0440 \u0441\u0442\u0430\u043b\u044c\u043d\u043e\u0439 Krok L200 \u043c\u043c - \u0438\u0434\u0435\u0430\u043b\u044c\u043d\u044b\u0439 \u0438\u043d\u0441\u0442\u0440\u0443\u043c\u0435\u043d\u0442 \u0434\u043b\u044f \u0430\u043b\u044c\u043f\u0438\u043d\u0438\u0437\u043c\u0430 \u0438 \u0437\u0438\u043c\u043d\u0435\u0433\u043e \u0442\u0443\u0440\u0438\u0437\u043c\u0430. \u041e\u0431\u0435\u0441\u043f\u0435\u0447\u0438\u0432\u0430\u0435\u0442 \u043d\u0430\u0434\u0435\u0436\u043d\u044b\u0435 \u0442\u043e\u0447\u043a\u0438 \u0431\u0435\u0437\u043e\u043f\u0430\u0441\u043d\u043e\u0441\u0442\u0438 \u043d\u0430 \u043b\u044c\u0434\u0443.","og_url":"https:\/\/xstyle.md\/ro\/produs\/ledobur-stal-noj-krok-l200-mm\/","og_site_name":"\u041c\u0430\u0433\u0430\u0437\u0438\u043d Xstyle","article_publisher":"https:\/\/www.facebook.com\/xstylemd","article_modified_time":"2025-10-24T09:45:28+00:00","og_image":[{"width":400,"height":400,"url":"https:\/\/xstyle.md\/wp-content\/uploads\/2020\/07\/ledobur_obzhatiy_stalnoy_proushina_nerzh_stal_1-400x400-1.jpg","type":"image\/jpeg"}],"twitter_card":"summary_large_image","twitter_misc":{"Pre\u021b":"395&nbsp;MDL","Disponibilitate":"\u00cen stoc"},"schema":{"@context":"https:\/\/schema.org","@graph":[{"@type":"WebPage","@id":"https:\/\/xstyle.md\/product\/ledobur-stal-noj-krok-l200-mm\/","url":"https:\/\/xstyle.md\/product\/ledobur-stal-noj-krok-l200-mm\/","name":"Piolet de o\u021bel Krok L200 mm - Magazin Xstyle","isPartOf":{"@id":"https:\/\/xstyle.md\/#website"},"primaryImageOfPage":{"@id":"https:\/\/xstyle.md\/product\/ledobur-stal-noj-krok-l200-mm\/#primaryimage"},"image":{"@id":"https:\/\/xstyle.md\/product\/ledobur-stal-noj-krok-l200-mm\/#primaryimage"},"thumbnailUrl":"https:\/\/xstyle.md\/wp-content\/uploads\/2020\/07\/ledobur_obzhatiy_stalnoy_proushina_nerzh_stal_1-400x400-1.jpg","datePublished":"2020-07-17T13:52:56+00:00","dateModified":"2025-10-24T09:45:28+00:00","description":"Burghiu de ghea\u021b\u0103 din o\u021bel Krok L200 mm - instrumentul ideal pentru alpinism \u0219i turismul de iarn\u0103. Ofer\u0103 puncte de siguran\u021b\u0103 fiabile pe ghea\u021b\u0103.","breadcrumb":{"@id":"https:\/\/xstyle.md\/product\/ledobur-stal-noj-krok-l200-mm\/#breadcrumb"},"inLanguage":"ro-RO","potentialAction":[{"@type":"ReadAction","target":["https:\/\/xstyle.md\/product\/ledobur-stal-noj-krok-l200-mm\/"]}]},{"@type":"ImageObject","inLanguage":"ro-RO","@id":"https:\/\/xstyle.md\/product\/ledobur-stal-noj-krok-l200-mm\/#primaryimage","url":"https:\/\/xstyle.md\/wp-content\/uploads\/2020\/07\/ledobur_obzhatiy_stalnoy_proushina_nerzh_stal_1-400x400-1.jpg","contentUrl":"https:\/\/xstyle.md\/wp-content\/uploads\/2020\/07\/ledobur_obzhatiy_stalnoy_proushina_nerzh_stal_1-400x400-1.jpg","width":400,"height":400},{"@type":"BreadcrumbList","@id":"https:\/\/xstyle.md\/product\/ledobur-stal-noj-krok-l200-mm\/#breadcrumb","itemListElement":[{"@type":"ListItem","position":1,"name":"\u0413\u043b\u0430\u0432\u043d\u0430\u044f \u0441\u0442\u0440\u0430\u043d\u0438\u0446\u0430","item":"https:\/\/xstyle.md\/"},{"@type":"ListItem","position":2,"name":"\u041c\u0430\u0433\u0430\u0437\u0438\u043d","item":"https:\/\/xstyle.md\/shop\/"},{"@type":"ListItem","position":3,"name":"\u041b\u0435\u0434\u043e\u0431\u0443\u0440 \u0441\u0442\u0430\u043b\u044c\u043d\u043e\u0439 Krok L200 mm"}]},{"@type":"WebSite","@id":"https:\/\/xstyle.md\/#website","url":"https:\/\/xstyle.md\/","name":"Magazinul X-Style","description":"Echipamente pentru turism \u0219i sporturi extreme \u00een Moldova. Pre\u021buri, fotografii, caracteristici \u00een Moldova.","publisher":{"@id":"https:\/\/xstyle.md\/#organization"},"alternateName":"X-Style","potentialAction":[{"@type":"SearchAction","target":{"@type":"EntryPoint","urlTemplate":"https:\/\/xstyle.md\/?s={search_term_string}"},"query-input":{"@type":"PropertyValueSpecification","valueRequired":true,"valueName":"search_term_string"}}],"inLanguage":"ro-RO"},{"@type":"Organization","@id":"https:\/\/xstyle.md\/#organization","name":"Magazinul X-Style","alternateName":"x-style","url":"https:\/\/xstyle.md\/","logo":{"@type":"ImageObject","inLanguage":"ro-RO","@id":"https:\/\/xstyle.md\/#\/schema\/logo\/image\/","url":"https:\/\/xstyle.md\/wp-content\/uploads\/2020\/06\/logoicon.svg","contentUrl":"https:\/\/xstyle.md\/wp-content\/uploads\/2020\/06\/logoicon.svg","caption":"\u041c\u0430\u0433\u0430\u0437\u0438\u043d Xstyle"},"image":{"@id":"https:\/\/xstyle.md\/#\/schema\/logo\/image\/"},"sameAs":["https:\/\/www.facebook.com\/xstylemd","https:\/\/www.instagram.com\/xstyle_md\/","https:\/\/t.me\/xstyle_outdoor"],"hasMerchantReturnPolicy":{"@type":"MerchantReturnPolicy","merchantReturnLink":"https:\/\/xstyle.md\/ro\/conditions\/"}}]},"product_price_amount":"395.00","product_price_currency":"MDL","og_availability":"instock","product_availability":"instock","product_retailer_item_id":"2880009515785","product_condition":"new"},"post_mailing_queue_ids":[],"_links":{"self":[{"href":"https:\/\/xstyle.md\/ro\/wp-json\/wp\/v2\/product\/16352","targetHints":{"allow":["GET"]}}],"collection":[{"href":"https:\/\/xstyle.md\/ro\/wp-json\/wp\/v2\/product"}],"about":[{"href":"https:\/\/xstyle.md\/ro\/wp-json\/wp\/v2\/types\/product"}],"replies":[{"embeddable":true,"href":"https:\/\/xstyle.md\/ro\/wp-json\/wp\/v2\/comments?post=16352"}],"wp:featuredmedia":[{"embeddable":true,"href":"https:\/\/xstyle.md\/ro\/wp-json\/wp\/v2\/media\/16351"}],"wp:attachment":[{"href":"https:\/\/xstyle.md\/ro\/wp-json\/wp\/v2\/media?parent=16352"}],"wp:term":[{"taxonomy":"product_brand","embeddable":true,"href":"https:\/\/xstyle.md\/ro\/wp-json\/wp\/v2\/product_brand?post=16352"},{"taxonomy":"product_cat","embeddable":true,"href":"https:\/\/xstyle.md\/ro\/wp-json\/wp\/v2\/product_cat?post=16352"},{"taxonomy":"product_tag","embeddable":true,"href":"https:\/\/xstyle.md\/ro\/wp-json\/wp\/v2\/product_tag?post=16352"}],"curies":[{"name":"wp","href":"https:\/\/api.w.org\/{rel}","templated":true}]}}