{"id":16293,"date":"2020-07-17T16:49:47","date_gmt":"2020-07-17T13:49:47","guid":{"rendered":"https:\/\/xstyle.md\/product\/lyzhi-elan-ibex-84"},"modified":"2026-03-19T16:37:06","modified_gmt":"2026-03-19T13:37:06","slug":"lyzhi-elan-ibex-84","status":"publish","type":"product","link":"https:\/\/xstyle.md\/ro\/produs\/lyzhi-elan-ibex-84\/","title":{"rendered":"Schiuri Elan Ibex 84"},"content":{"rendered":"<\/p>\n<p><strong>Schiuri Elan Ibex 84 <\/strong>&#8212; pentru cei care a\u0219teapt\u0103 cu ner\u0103bdare o zi liber\u0103 pentru o alt\u0103 aventur\u0103, Ibex 84 este perechea perfect\u0103, combin\u00e2nd performan\u021be excelente la urcare \u0219i cobor\u00e2re cu un pre\u021b avantajos.<\/p>\n<p>Ibex 84 &#8212; schiuri care permit s\u0103 urci u\u0219or \u00een pant\u0103, dar \u0219i s\u0103 fii \u00eencrez\u0103tor la cobor\u00e2re, dar \u0219i foarte distractiv. Pentru a v\u0103 u\u0219ura din toate punctele de vedere, noua tehnologie Bridge este folosit\u0103 pentru a reduce greutatea schiului, iar forma unic\u0103 \u00eempiedic\u0103 z\u0103pada s\u0103 se lipeasc\u0103 de suprafa\u021ba superioar\u0103 a schiului. Schiul nu este f\u0103cut doar pentru urcare &#8212; rocker-ul adaug\u0103 control la viteze mari \u0219i faciliteaz\u0103 schiatul la viteze mai mici.<\/p>\n<h3>Caracteristici<\/h3>\n<ul>\n<li>Profil: Mountain Rocker<\/li>\n<li>Tehnologie: Tehnologie Bridge Core, ranforsare CYA Plate, ranforsare Vapor Tip Inserts, ranforsare Fiberglass.<\/li>\n<li>Geometrie: 118\/84\/103<\/li>\n<li>Lungime\/Radiu: 156(17\/16).<\/li>\n<\/ul>\n<h3>Particularitati si tehnologie<\/h3>\n<ul>\n<li><strong>Tehnologia Bridge<\/strong> &#8212; este un design unic care reduce greutatea \u0219i \u00eembun\u0103t\u0103\u021be\u0219te toate caracteristicile schiurilor din seria Elan Adventure. Miezul ultrau\u0219or, cu grosime redus\u0103, este \u00eent\u0103rit cu inser\u021bii speciale de la v\u00e2rf la c\u0103lc\u00e2i pentru o rigiditate torsional\u0103 sporit\u0103 \u0219i o transmisie superioar\u0103 a for\u021bei c\u0103tre muchie.<\/li>\n<li><strong>Profilul Mountain Rocker<\/strong> este un rocker moderat \u00een v\u00e2rf \u0219i \u00een c\u0103lc\u00e2i pentru o mai bun\u0103 &#171;plutire&#187;, ini\u021biere u\u0219oar\u0103 a virajelor \u0219i versatilitate \u00een orice z\u0103pad\u0103, Datorit\u0103 deform\u0103rii moderate a greut\u0103\u021bii sub leg\u0103turi, Mountain Rocker v\u0103 permite, de asemenea, s\u0103 face\u021bi arcuri cu \u00eencredere pe pantele \u00eengrijite.<\/li>\n<li><strong>Laminated Wood Core<\/strong> \u2013 miezul complet din lemn, de la v\u00e2rf p\u00e2n\u0103 la c\u0103lc\u00e2i, este proiectat individual pentru fiecare model de schi \u0219i \u00een\u0103l\u021bime. Utilizarea mai multor esen\u021be de lemn \u00een diferite combina\u021bii permite crearea de schiuri cu caracteristici diferite. Acest miez de lemn extrem de receptiv \u0219i foarte puternic transmite for\u021bele direct c\u0103tre muchii \u0219i se comport\u0103 excelent \u00een toate condi\u021biile.<\/li>\n<li><strong>TubeLite Wood Core<\/strong> \u2013 este un miez u\u0219or din lemn laminat cu tuburi de carbon goale integrate \u00een el. Aceste tuburi cu diametrul de 5 mm sunt plasate de-a lungul \u00eentregului schi \u0219i urmeaz\u0103 curba schi\u021bei. Ele ofer\u0103 schiului rigiditate torsional\u0103 \u0219i un recul puternic, permi\u021b\u00e2nd \u00een acela\u0219i timp reducerea volumului miezului. Rezultatul este un schi incredibil de u\u0219or, receptiv \u0219i stabil.<\/li>\n<li>\u00cent\u0103rirea din fibr\u0103 de sticl\u0103 optimizeaz\u0103 distribu\u021bia flexiei schiului \u0219i \u00eei cre\u0219te rigiditatea torsional\u0103. Fibrele de fibr\u0103 de sticl\u0103 sunt amplasate fie pe, fie sub miez \u0219i \u00eembun\u0103t\u0103\u021besc integritatea structural\u0103 a acestuia.<\/li>\n<li><strong>CYA plate<\/strong> \u2013 este o inser\u021bie \u00eent\u0103rit\u0103 cu aluminiu \u00een zona de prindere a leg\u0103turilor de schi utilizate la schiurile de skitour, compatibil\u0103 cu toate leg\u0103turile disponibile \u00een comer\u021b. Aceast\u0103 ranforsare asigur\u0103 fixarea sigur\u0103 a leg\u0103turilor pe schiuri.<\/li>\n<li><strong>Vapor Tip inserts<\/strong> \u2013 sunt inser\u021bii compozite de \u00eenalt\u0103 tehnologie \u00een v\u00e2rful \u0219i c\u0103lc\u00e2iul schiului. Aceste inser\u021bii reduc greutatea \u0219i \u00eembun\u0103t\u0103\u021besc amortizarea vibra\u021biilor, cresc\u00e2nd semnificativ stabilitatea schiului \u0219i asigur\u00e2nd o alunecare lin\u0103 chiar \u0219i pe cele mai dificile pante.<\/li>\n<\/ul>\n<p><iframe loading=\"lazy\" title=\"Elan Adventure Ibex 2018\/19 series\" width=\"640\" height=\"360\" src=\"https:\/\/www.youtube.com\/embed\/e5cuw-0Gf0c?feature=oembed\" frameborder=\"0\" allow=\"accelerometer; autoplay; clipboard-write; encrypted-media; gyroscope; picture-in-picture; web-share\" referrerpolicy=\"strict-origin-when-cross-origin\" allowfullscreen><\/iframe><\/p>\n<p><\/p>","protected":false},"excerpt":{"rendered":"<p>Schiuri Elan Ibex 84<\/p>","protected":false},"featured_media":27909,"comment_status":"open","ping_status":"closed","template":"","meta":{"_acf_changed":false,"inline_featured_image":false},"product_brand":[1315],"product_cat":[621],"product_tag":[],"class_list":{"0":"post-16293","1":"product","2":"type-product","3":"status-publish","4":"has-post-thumbnail","6":"product_brand-elan","7":"product_cat-ski-touring","9":"first","10":"instock","11":"shipping-taxable","12":"purchasable","13":"product-type-simple"},"acf":[],"yoast_head":"<!-- This site is optimized with the Yoast SEO plugin v27.4 - https:\/\/yoast.com\/product\/yoast-seo-wordpress\/ -->\n<title>\u041b\u044b\u0436\u0438 Elan Ibex 84 - \u041c\u0430\u0433\u0430\u0437\u0438\u043d Xstyle<\/title>\n<meta name=\"description\" content=\"\u041e\u0442\u043a\u0440\u043e\u0439\u0442\u0435 \u0434\u043b\u044f \u0441\u0435\u0431\u044f \u043b\u044b\u0436\u0438 Elan Ibex 84 \u2014 \u0438\u0434\u0435\u0430\u043b\u044c\u043d\u043e\u0435 \u0441\u043e\u0447\u0435\u0442\u0430\u043d\u0438\u0435 \u043f\u0440\u043e\u0438\u0437\u0432\u043e\u0434\u0438\u0442\u0435\u043b\u044c\u043d\u043e\u0441\u0442\u0438 \u0438 \u0446\u0435\u043d\u044b. \u041f\u0440\u0435\u0432\u043e\u0441\u0445\u043e\u0434\u043d\u044b \u0434\u043b\u044f \u043f\u0440\u0438\u043a\u043b\u044e\u0447\u0435\u043d\u0438\u0439 \u043d\u0430 \u0441\u043a\u043b\u043e\u043d\u0430\u0445 \u0438 \u0432 \u0433\u043e\u0440\u0430\u0445!\" \/>\n<meta name=\"robots\" content=\"index, follow, max-snippet:-1, max-image-preview:large, max-video-preview:-1\" \/>\n<link rel=\"canonical\" href=\"https:\/\/xstyle.md\/ro\/produs\/lyzhi-elan-ibex-84\/\" \/>\n<meta property=\"og:locale\" content=\"ro_RO\" \/>\n<meta property=\"og:type\" content=\"article\" \/>\n<meta property=\"og:title\" content=\"\u041b\u044b\u0436\u0438 Elan Ibex 84 - \u041c\u0430\u0433\u0430\u0437\u0438\u043d Xstyle\" \/>\n<meta property=\"og:description\" content=\"\u041e\u0442\u043a\u0440\u043e\u0439\u0442\u0435 \u0434\u043b\u044f \u0441\u0435\u0431\u044f \u043b\u044b\u0436\u0438 Elan Ibex 84 \u2014 \u0438\u0434\u0435\u0430\u043b\u044c\u043d\u043e\u0435 \u0441\u043e\u0447\u0435\u0442\u0430\u043d\u0438\u0435 \u043f\u0440\u043e\u0438\u0437\u0432\u043e\u0434\u0438\u0442\u0435\u043b\u044c\u043d\u043e\u0441\u0442\u0438 \u0438 \u0446\u0435\u043d\u044b. \u041f\u0440\u0435\u0432\u043e\u0441\u0445\u043e\u0434\u043d\u044b \u0434\u043b\u044f \u043f\u0440\u0438\u043a\u043b\u044e\u0447\u0435\u043d\u0438\u0439 \u043d\u0430 \u0441\u043a\u043b\u043e\u043d\u0430\u0445 \u0438 \u0432 \u0433\u043e\u0440\u0430\u0445!\" \/>\n<meta property=\"og:url\" content=\"https:\/\/xstyle.md\/ro\/produs\/lyzhi-elan-ibex-84\/\" \/>\n<meta property=\"og:site_name\" content=\"\u041c\u0430\u0433\u0430\u0437\u0438\u043d Xstyle\" \/>\n<meta property=\"article:publisher\" content=\"https:\/\/www.facebook.com\/xstylemd\" \/>\n<meta property=\"article:modified_time\" content=\"2026-03-19T13:37:06+00:00\" \/>\n<meta property=\"og:image\" content=\"https:\/\/xstyle.md\/wp-content\/uploads\/2021\/04\/9-35030_ibex-84_adndbh17_01_1.jpg\" \/>\n\t<meta property=\"og:image:width\" content=\"600\" \/>\n\t<meta property=\"og:image:height\" content=\"600\" \/>\n\t<meta property=\"og:image:type\" content=\"image\/jpeg\" \/>\n<meta name=\"twitter:card\" content=\"summary_large_image\" \/>\n<meta name=\"twitter:label1\" content=\"Pre\u021b\" \/>\n\t<meta name=\"twitter:data1\" content=\"7.490&nbsp;MDL\" \/>\n\t<meta name=\"twitter:label2\" content=\"Disponibilitate\" \/>\n\t<meta name=\"twitter:data2\" content=\"\u00cen stoc\" \/>\n<script type=\"application\/ld+json\" class=\"yoast-schema-graph\">{\"@context\":\"https:\\\/\\\/schema.org\",\"@graph\":[{\"@type\":\"WebPage\",\"@id\":\"https:\\\/\\\/xstyle.md\\\/product\\\/lyzhi-elan-ibex-84\\\/\",\"url\":\"https:\\\/\\\/xstyle.md\\\/product\\\/lyzhi-elan-ibex-84\\\/\",\"name\":\"\u041b\u044b\u0436\u0438 Elan Ibex 84 - \u041c\u0430\u0433\u0430\u0437\u0438\u043d Xstyle\",\"isPartOf\":{\"@id\":\"https:\\\/\\\/xstyle.md\\\/#website\"},\"primaryImageOfPage\":{\"@id\":\"https:\\\/\\\/xstyle.md\\\/product\\\/lyzhi-elan-ibex-84\\\/#primaryimage\"},\"image\":{\"@id\":\"https:\\\/\\\/xstyle.md\\\/product\\\/lyzhi-elan-ibex-84\\\/#primaryimage\"},\"thumbnailUrl\":\"https:\\\/\\\/xstyle.md\\\/wp-content\\\/uploads\\\/2021\\\/04\\\/9-35030_ibex-84_adndbh17_01_1.jpg\",\"datePublished\":\"2020-07-17T13:49:47+00:00\",\"dateModified\":\"2026-03-19T13:37:06+00:00\",\"description\":\"\u041e\u0442\u043a\u0440\u043e\u0439\u0442\u0435 \u0434\u043b\u044f \u0441\u0435\u0431\u044f \u043b\u044b\u0436\u0438 Elan Ibex 84 \u2014 \u0438\u0434\u0435\u0430\u043b\u044c\u043d\u043e\u0435 \u0441\u043e\u0447\u0435\u0442\u0430\u043d\u0438\u0435 \u043f\u0440\u043e\u0438\u0437\u0432\u043e\u0434\u0438\u0442\u0435\u043b\u044c\u043d\u043e\u0441\u0442\u0438 \u0438 \u0446\u0435\u043d\u044b. \u041f\u0440\u0435\u0432\u043e\u0441\u0445\u043e\u0434\u043d\u044b \u0434\u043b\u044f \u043f\u0440\u0438\u043a\u043b\u044e\u0447\u0435\u043d\u0438\u0439 \u043d\u0430 \u0441\u043a\u043b\u043e\u043d\u0430\u0445 \u0438 \u0432 \u0433\u043e\u0440\u0430\u0445!\",\"breadcrumb\":{\"@id\":\"https:\\\/\\\/xstyle.md\\\/product\\\/lyzhi-elan-ibex-84\\\/#breadcrumb\"},\"inLanguage\":\"ro-RO\",\"potentialAction\":[{\"@type\":\"ReadAction\",\"target\":[\"https:\\\/\\\/xstyle.md\\\/product\\\/lyzhi-elan-ibex-84\\\/\"]}]},{\"@type\":\"ImageObject\",\"inLanguage\":\"ro-RO\",\"@id\":\"https:\\\/\\\/xstyle.md\\\/product\\\/lyzhi-elan-ibex-84\\\/#primaryimage\",\"url\":\"https:\\\/\\\/xstyle.md\\\/wp-content\\\/uploads\\\/2021\\\/04\\\/9-35030_ibex-84_adndbh17_01_1.jpg\",\"contentUrl\":\"https:\\\/\\\/xstyle.md\\\/wp-content\\\/uploads\\\/2021\\\/04\\\/9-35030_ibex-84_adndbh17_01_1.jpg\",\"width\":600,\"height\":600},{\"@type\":\"BreadcrumbList\",\"@id\":\"https:\\\/\\\/xstyle.md\\\/product\\\/lyzhi-elan-ibex-84\\\/#breadcrumb\",\"itemListElement\":[{\"@type\":\"ListItem\",\"position\":1,\"name\":\"\u0413\u043b\u0430\u0432\u043d\u0430\u044f \u0441\u0442\u0440\u0430\u043d\u0438\u0446\u0430\",\"item\":\"https:\\\/\\\/xstyle.md\\\/\"},{\"@type\":\"ListItem\",\"position\":2,\"name\":\"\u041c\u0430\u0433\u0430\u0437\u0438\u043d\",\"item\":\"https:\\\/\\\/xstyle.md\\\/shop\\\/\"},{\"@type\":\"ListItem\",\"position\":3,\"name\":\"\u041b\u044b\u0436\u0438 Elan Ibex 84\"}]},{\"@type\":\"WebSite\",\"@id\":\"https:\\\/\\\/xstyle.md\\\/#website\",\"url\":\"https:\\\/\\\/xstyle.md\\\/\",\"name\":\"\u041c\u0430\u0433\u0430\u0437\u0438\u043d Xstyle\",\"description\":\"C\u043d\u0430\u0440\u044f\u0436\u0435\u043d\u0438\u0435 \u0434\u043b\u044f \u0442\u0443\u0440\u0438\u0437\u043c\u0430 \u0438 \u044d\u043a\u0441\u0442\u0440\u0435\u043c\u0430\u043b\u044c\u043d\u044b\u0445 \u0432\u0438\u0434\u043e\u0432 \u0441\u043f\u043e\u0440\u0442\u0430 \u0432 \u041c\u043e\u043b\u0434\u043e\u0432\u0435.. \u0426\u0435\u043d\u044b, \u0444\u043e\u0442\u043e, \u0445\u0430\u0440\u0430\u043a\u0442\u0435\u0440\u0438\u0441\u0442\u0438\u043a\u0438 \u0432 \u041c\u043e\u043b\u0434\u043e\u0432\u0435.\",\"publisher\":{\"@id\":\"https:\\\/\\\/xstyle.md\\\/#organization\"},\"alternateName\":\"X-Style\",\"potentialAction\":[{\"@type\":\"SearchAction\",\"target\":{\"@type\":\"EntryPoint\",\"urlTemplate\":\"https:\\\/\\\/xstyle.md\\\/?s={search_term_string}\"},\"query-input\":{\"@type\":\"PropertyValueSpecification\",\"valueRequired\":true,\"valueName\":\"search_term_string\"}}],\"inLanguage\":\"ro-RO\"},{\"@type\":\"Organization\",\"@id\":\"https:\\\/\\\/xstyle.md\\\/#organization\",\"name\":\"\u041c\u0430\u0433\u0430\u0437\u0438\u043d Xstyle\",\"alternateName\":\"x-style\",\"url\":\"https:\\\/\\\/xstyle.md\\\/\",\"logo\":{\"@type\":\"ImageObject\",\"inLanguage\":\"ro-RO\",\"@id\":\"https:\\\/\\\/xstyle.md\\\/#\\\/schema\\\/logo\\\/image\\\/\",\"url\":\"https:\\\/\\\/xstyle.md\\\/wp-content\\\/uploads\\\/2020\\\/06\\\/logoicon.svg\",\"contentUrl\":\"https:\\\/\\\/xstyle.md\\\/wp-content\\\/uploads\\\/2020\\\/06\\\/logoicon.svg\",\"caption\":\"\u041c\u0430\u0433\u0430\u0437\u0438\u043d Xstyle\"},\"image\":{\"@id\":\"https:\\\/\\\/xstyle.md\\\/#\\\/schema\\\/logo\\\/image\\\/\"},\"sameAs\":[\"https:\\\/\\\/www.facebook.com\\\/xstylemd\",\"https:\\\/\\\/www.instagram.com\\\/xstyle_md\\\/\",\"https:\\\/\\\/t.me\\\/xstyle_outdoor\"],\"hasMerchantReturnPolicy\":{\"@type\":\"MerchantReturnPolicy\",\"merchantReturnLink\":\"https:\\\/\\\/xstyle.md\\\/ro\\\/conditions\\\/\"}}]}<\/script>\n<meta property=\"product:price:amount\" content=\"7490.00\" \/>\n<meta property=\"product:price:currency\" content=\"MDL\" \/>\n<meta property=\"og:availability\" content=\"instock\" \/>\n<meta property=\"product:availability\" content=\"instock\" \/>\n<meta property=\"product:retailer_item_id\" content=\"ADNDBH17\" \/>\n<meta property=\"product:condition\" content=\"new\" \/>\n<!-- \/ Yoast SEO plugin. -->","yoast_head_json":{"title":"Schiuri Elan Ibex 84 - Magazin Xstyle","description":"Descoperi\u021bi schiurile Elan Ibex 84 \u2014 combina\u021bia perfect\u0103 \u00eentre performan\u021b\u0103 \u0219i pre\u021b. Excelente pentru aventuri pe p\u00e2rtii \u0219i \u00een mun\u021bi!","robots":{"index":"index","follow":"follow","max-snippet":"max-snippet:-1","max-image-preview":"max-image-preview:large","max-video-preview":"max-video-preview:-1"},"canonical":"https:\/\/xstyle.md\/ro\/produs\/lyzhi-elan-ibex-84\/","og_locale":"ro_RO","og_type":"article","og_title":"\u041b\u044b\u0436\u0438 Elan Ibex 84 - \u041c\u0430\u0433\u0430\u0437\u0438\u043d Xstyle","og_description":"\u041e\u0442\u043a\u0440\u043e\u0439\u0442\u0435 \u0434\u043b\u044f \u0441\u0435\u0431\u044f \u043b\u044b\u0436\u0438 Elan Ibex 84 \u2014 \u0438\u0434\u0435\u0430\u043b\u044c\u043d\u043e\u0435 \u0441\u043e\u0447\u0435\u0442\u0430\u043d\u0438\u0435 \u043f\u0440\u043e\u0438\u0437\u0432\u043e\u0434\u0438\u0442\u0435\u043b\u044c\u043d\u043e\u0441\u0442\u0438 \u0438 \u0446\u0435\u043d\u044b. \u041f\u0440\u0435\u0432\u043e\u0441\u0445\u043e\u0434\u043d\u044b \u0434\u043b\u044f \u043f\u0440\u0438\u043a\u043b\u044e\u0447\u0435\u043d\u0438\u0439 \u043d\u0430 \u0441\u043a\u043b\u043e\u043d\u0430\u0445 \u0438 \u0432 \u0433\u043e\u0440\u0430\u0445!","og_url":"https:\/\/xstyle.md\/ro\/produs\/lyzhi-elan-ibex-84\/","og_site_name":"\u041c\u0430\u0433\u0430\u0437\u0438\u043d Xstyle","article_publisher":"https:\/\/www.facebook.com\/xstylemd","article_modified_time":"2026-03-19T13:37:06+00:00","og_image":[{"width":600,"height":600,"url":"https:\/\/xstyle.md\/wp-content\/uploads\/2021\/04\/9-35030_ibex-84_adndbh17_01_1.jpg","type":"image\/jpeg"}],"twitter_card":"summary_large_image","twitter_misc":{"Pre\u021b":"7.490&nbsp;MDL","Disponibilitate":"\u00cen stoc"},"schema":{"@context":"https:\/\/schema.org","@graph":[{"@type":"WebPage","@id":"https:\/\/xstyle.md\/product\/lyzhi-elan-ibex-84\/","url":"https:\/\/xstyle.md\/product\/lyzhi-elan-ibex-84\/","name":"Schiuri Elan Ibex 84 - Magazin Xstyle","isPartOf":{"@id":"https:\/\/xstyle.md\/#website"},"primaryImageOfPage":{"@id":"https:\/\/xstyle.md\/product\/lyzhi-elan-ibex-84\/#primaryimage"},"image":{"@id":"https:\/\/xstyle.md\/product\/lyzhi-elan-ibex-84\/#primaryimage"},"thumbnailUrl":"https:\/\/xstyle.md\/wp-content\/uploads\/2021\/04\/9-35030_ibex-84_adndbh17_01_1.jpg","datePublished":"2020-07-17T13:49:47+00:00","dateModified":"2026-03-19T13:37:06+00:00","description":"Descoperi\u021bi schiurile Elan Ibex 84 \u2014 combina\u021bia perfect\u0103 \u00eentre performan\u021b\u0103 \u0219i pre\u021b. Excelente pentru aventuri pe p\u00e2rtii \u0219i \u00een mun\u021bi!","breadcrumb":{"@id":"https:\/\/xstyle.md\/product\/lyzhi-elan-ibex-84\/#breadcrumb"},"inLanguage":"ro-RO","potentialAction":[{"@type":"ReadAction","target":["https:\/\/xstyle.md\/product\/lyzhi-elan-ibex-84\/"]}]},{"@type":"ImageObject","inLanguage":"ro-RO","@id":"https:\/\/xstyle.md\/product\/lyzhi-elan-ibex-84\/#primaryimage","url":"https:\/\/xstyle.md\/wp-content\/uploads\/2021\/04\/9-35030_ibex-84_adndbh17_01_1.jpg","contentUrl":"https:\/\/xstyle.md\/wp-content\/uploads\/2021\/04\/9-35030_ibex-84_adndbh17_01_1.jpg","width":600,"height":600},{"@type":"BreadcrumbList","@id":"https:\/\/xstyle.md\/product\/lyzhi-elan-ibex-84\/#breadcrumb","itemListElement":[{"@type":"ListItem","position":1,"name":"\u0413\u043b\u0430\u0432\u043d\u0430\u044f \u0441\u0442\u0440\u0430\u043d\u0438\u0446\u0430","item":"https:\/\/xstyle.md\/"},{"@type":"ListItem","position":2,"name":"\u041c\u0430\u0433\u0430\u0437\u0438\u043d","item":"https:\/\/xstyle.md\/shop\/"},{"@type":"ListItem","position":3,"name":"\u041b\u044b\u0436\u0438 Elan Ibex 84"}]},{"@type":"WebSite","@id":"https:\/\/xstyle.md\/#website","url":"https:\/\/xstyle.md\/","name":"Magazinul X-Style","description":"Echipamente pentru turism \u0219i sporturi extreme \u00een Moldova. Pre\u021buri, fotografii, caracteristici \u00een Moldova.","publisher":{"@id":"https:\/\/xstyle.md\/#organization"},"alternateName":"X-Style","potentialAction":[{"@type":"SearchAction","target":{"@type":"EntryPoint","urlTemplate":"https:\/\/xstyle.md\/?s={search_term_string}"},"query-input":{"@type":"PropertyValueSpecification","valueRequired":true,"valueName":"search_term_string"}}],"inLanguage":"ro-RO"},{"@type":"Organization","@id":"https:\/\/xstyle.md\/#organization","name":"Magazinul X-Style","alternateName":"x-style","url":"https:\/\/xstyle.md\/","logo":{"@type":"ImageObject","inLanguage":"ro-RO","@id":"https:\/\/xstyle.md\/#\/schema\/logo\/image\/","url":"https:\/\/xstyle.md\/wp-content\/uploads\/2020\/06\/logoicon.svg","contentUrl":"https:\/\/xstyle.md\/wp-content\/uploads\/2020\/06\/logoicon.svg","caption":"\u041c\u0430\u0433\u0430\u0437\u0438\u043d Xstyle"},"image":{"@id":"https:\/\/xstyle.md\/#\/schema\/logo\/image\/"},"sameAs":["https:\/\/www.facebook.com\/xstylemd","https:\/\/www.instagram.com\/xstyle_md\/","https:\/\/t.me\/xstyle_outdoor"],"hasMerchantReturnPolicy":{"@type":"MerchantReturnPolicy","merchantReturnLink":"https:\/\/xstyle.md\/ro\/conditions\/"}}]},"product_price_amount":"7490.00","product_price_currency":"MDL","og_availability":"instock","product_availability":"instock","product_retailer_item_id":"ADNDBH17","product_condition":"new"},"post_mailing_queue_ids":[],"_links":{"self":[{"href":"https:\/\/xstyle.md\/ro\/wp-json\/wp\/v2\/product\/16293","targetHints":{"allow":["GET"]}}],"collection":[{"href":"https:\/\/xstyle.md\/ro\/wp-json\/wp\/v2\/product"}],"about":[{"href":"https:\/\/xstyle.md\/ro\/wp-json\/wp\/v2\/types\/product"}],"replies":[{"embeddable":true,"href":"https:\/\/xstyle.md\/ro\/wp-json\/wp\/v2\/comments?post=16293"}],"wp:featuredmedia":[{"embeddable":true,"href":"https:\/\/xstyle.md\/ro\/wp-json\/wp\/v2\/media\/27909"}],"wp:attachment":[{"href":"https:\/\/xstyle.md\/ro\/wp-json\/wp\/v2\/media?parent=16293"}],"wp:term":[{"taxonomy":"product_brand","embeddable":true,"href":"https:\/\/xstyle.md\/ro\/wp-json\/wp\/v2\/product_brand?post=16293"},{"taxonomy":"product_cat","embeddable":true,"href":"https:\/\/xstyle.md\/ro\/wp-json\/wp\/v2\/product_cat?post=16293"},{"taxonomy":"product_tag","embeddable":true,"href":"https:\/\/xstyle.md\/ro\/wp-json\/wp\/v2\/product_tag?post=16293"}],"curies":[{"name":"wp","href":"https:\/\/api.w.org\/{rel}","templated":true}]}}