{"id":16134,"date":"2020-07-17T16:41:42","date_gmt":"2020-07-17T13:41:42","guid":{"rendered":"https:\/\/xstyle.md\/product\/kreplenie-dlja-perevozki-lyzh-thule-snowpack-s"},"modified":"2026-03-19T16:37:04","modified_gmt":"2026-03-19T13:37:04","slug":"kreplenie-dlja-perevozki-lyzh-thule-snowpack-s","status":"publish","type":"product","link":"https:\/\/xstyle.md\/ro\/produs\/kreplenie-dlja-perevozki-lyzh-thule-snowpack-s\/","title":{"rendered":"Suport transport schiuri Thule SnowPack S"},"content":{"rendered":"<\/p>\n<p><strong>Suport transport schiuri Thule SnowPack S\u00a0&#8212;\u00a0<\/strong>suport de schiuri cu prindere pe barele transversale, elegant \u0219i aerodinamic, compatibil cu toate tipurile de schiuri \u0219i snowboard-uri.<\/p>\n<h2>Caracteristici:<\/h2>\n<ul>\n<li>Suportul este conceput s\u0103 poat\u0103 transporta toate modelele de schiuri \u0219i snowboard-uri, inclusiv tipurile moderne, mai sub\u021biri.<\/li>\n<li>Men\u021bine schiurile \u0219i pl\u0103cile de snowboard \u00een siguran\u021b\u0103 \u0219i f\u0103r\u0103 a le zg\u00e2ria, datorit\u0103 cauciucului ultra-moale ce echipeaz\u0103 bra\u021bele de prindere.<\/li>\n<li>Gra\u021bie sistemului integrat de arcuri verticale, \u00een\u0103l\u021bimea suportului se reduce \u00een momentul \u00een care este ne\u00eenc\u0103rcat.<\/li>\n<li>U\u0219or de deschis chiar \u0219i cu m\u0103nu\u0219i, datorit\u0103 butonului de ap\u0103sare supradimensionat.<\/li>\n<li>Pentru ca leg\u0103turile schiurilor s\u0103 nu ating\u0103 plafonul ma\u0219ini (\u00een cazul barelor transversale mai apropiate de plafon), exist\u0103 posibilitate cre\u0219terii \u00een\u0103l\u021bimii suportului prin ad\u0103ugarea unor \u00een\u0103l\u021b\u0103toare, care sunt incluse \u00een pachetul de baz\u0103.<\/li>\n<li>Securizeaz\u0103 suportul de barele transversale, c\u00e2t \u0219i schiurile \u00een suport, cu ajutorul sistemului Thule One-Key (\u00eencuietorile fiind incluse).<\/li>\n<li>Se fixeaz\u0103 direct pe canalul T al barelor de aluminiu, cu ajutorul accesoriilor de montaj incluse, nefiind necesare scule adi\u021bionale. Se poate monta \u0219i pe barele de o\u021bel, prin achizi\u021bionarea separat\u0103 a accesoriului Thule SquareBar Adapter 8897.<\/li>\n<li>Respect\u0103 cele mai exigente standarde de siguran\u021b\u0103, trec\u00e2nd testul City Crash \u0219i ob\u021bin\u00e2nd aprobarea T\u00dcV.<\/li>\n<\/ul>\n<h2>Specifica\u021bii:<\/h2>\n<div class=\"row\">\n<div class=\"col-md-6\">\n<table class=\"left-table\">\n<tbody>\n<tr>\n<th>Capacitate de \u00eenc\u0103rcare<\/th>\n<td>2<\/td>\n<\/tr>\n<tr>\n<th>Dimensiuni<\/th>\n<td>37 x 7 x 10 cm<\/td>\n<\/tr>\n<tr>\n<th>L\u0103\u021bime \u00eenc\u0103rc\u0103tur\u0103<\/th>\n<td>25 cm<\/td>\n<\/tr>\n<tr>\n<th>Butoane m\u0103rite<\/th>\n<td><strong>\u2713<\/strong><\/td>\n<\/tr>\n<\/tbody>\n<\/table>\n<\/div>\n<\/div>\n<div class=\"col-md-6\">\n<table class=\"right-table even-number\">\n<tbody>\n<tr>\n<th>Culoare<\/th>\n<td>Aluminium<\/td>\n<\/tr>\n<tr>\n<th>Potrivit pentru Thule SlideBar<\/th>\n<td><strong>\u2713<\/strong><\/td>\n<\/tr>\n<tr>\n<th>Potrivit pentru Thule SquareBar<\/th>\n<td><strong>\u2713<\/strong>\u00a0Necesar adaptor:\u00a0Thule SquareBar Adapter<\/td>\n<\/tr>\n<tr>\n<th>Potrivit pentru Thule WingBar.<\/th>\n<\/tr>\n<\/tbody>\n<\/table>\n<\/div>\n<div class=\"col-md-6\"><\/div>\n<div class=\"col-md-6\"><\/div>\n<p><\/p>","protected":false},"excerpt":{"rendered":"<p>Suport transport schiuri Thule SnowPack S<\/p>","protected":false},"featured_media":16131,"comment_status":"open","ping_status":"closed","template":"","meta":{"_acf_changed":false,"inline_featured_image":false},"product_brand":[1269],"product_cat":[266],"product_tag":[],"class_list":{"0":"post-16134","1":"product","2":"type-product","3":"status-publish","4":"has-post-thumbnail","6":"product_brand-thule","7":"product_cat-mounts-kayak","9":"first","10":"instock","11":"shipping-taxable","12":"purchasable","13":"product-type-simple"},"acf":[],"yoast_head":"<!-- This site is optimized with the Yoast SEO plugin v27.4 - https:\/\/yoast.com\/product\/yoast-seo-wordpress\/ -->\n<title>\u041a\u0440\u0435\u043f\u043b\u0435\u043d\u0438\u0435 \u0434\u043b\u044f \u043f\u0435\u0440\u0435\u0432\u043e\u0437\u043a\u0438 \u043b\u044b\u0436 Thule SnowPack S - \u041c\u0430\u0433\u0430\u0437\u0438\u043d Xstyle<\/title>\n<meta name=\"description\" content=\"\u041a\u0440\u0435\u043f\u043b\u0435\u043d\u0438\u0435 \u0434\u043b\u044f \u043f\u0435\u0440\u0435\u0432\u043e\u0437\u043a\u0438 \u043b\u044b\u0436 Thule SnowPack S \u2014 \u044d\u043b\u0435\u0433\u0430\u043d\u0442\u043d\u043e\u0435 \u0438 \u0430\u044d\u0440\u043e\u0434\u0438\u043d\u0430\u043c\u0438\u0447\u043d\u043e\u0435 \u0440\u0435\u0448\u0435\u043d\u0438\u0435 \u0434\u043b\u044f \u0431\u0435\u0437\u043e\u043f\u0430\u0441\u043d\u043e\u0433\u043e \u0442\u0440\u0430\u043d\u0441\u043f\u043e\u0440\u0442\u0438\u0440\u043e\u0432\u0430\u043d\u0438\u044f \u043b\u044b\u0436 \u0438 \u0441\u043d\u043e\u0443\u0431\u043e\u0440\u0434\u043e\u0432. \u041f\u043e\u0434\u0445\u043e\u0434\u0438\u0442 \u0434\u043b\u044f \u0432\u0441\u0435\u0445 \u0442\u0438\u043f\u043e\u0432.\" \/>\n<meta name=\"robots\" content=\"index, follow, max-snippet:-1, max-image-preview:large, max-video-preview:-1\" \/>\n<link rel=\"canonical\" href=\"https:\/\/xstyle.md\/ro\/produs\/kreplenie-dlja-perevozki-lyzh-thule-snowpack-s\/\" \/>\n<meta property=\"og:locale\" content=\"ro_RO\" \/>\n<meta property=\"og:type\" content=\"article\" \/>\n<meta property=\"og:title\" content=\"\u041a\u0440\u0435\u043f\u043b\u0435\u043d\u0438\u0435 \u0434\u043b\u044f \u043f\u0435\u0440\u0435\u0432\u043e\u0437\u043a\u0438 \u043b\u044b\u0436 Thule SnowPack S - \u041c\u0430\u0433\u0430\u0437\u0438\u043d Xstyle\" \/>\n<meta property=\"og:description\" content=\"\u041a\u0440\u0435\u043f\u043b\u0435\u043d\u0438\u0435 \u0434\u043b\u044f \u043f\u0435\u0440\u0435\u0432\u043e\u0437\u043a\u0438 \u043b\u044b\u0436 Thule SnowPack S \u2014 \u044d\u043b\u0435\u0433\u0430\u043d\u0442\u043d\u043e\u0435 \u0438 \u0430\u044d\u0440\u043e\u0434\u0438\u043d\u0430\u043c\u0438\u0447\u043d\u043e\u0435 \u0440\u0435\u0448\u0435\u043d\u0438\u0435 \u0434\u043b\u044f \u0431\u0435\u0437\u043e\u043f\u0430\u0441\u043d\u043e\u0433\u043e \u0442\u0440\u0430\u043d\u0441\u043f\u043e\u0440\u0442\u0438\u0440\u043e\u0432\u0430\u043d\u0438\u044f \u043b\u044b\u0436 \u0438 \u0441\u043d\u043e\u0443\u0431\u043e\u0440\u0434\u043e\u0432. \u041f\u043e\u0434\u0445\u043e\u0434\u0438\u0442 \u0434\u043b\u044f \u0432\u0441\u0435\u0445 \u0442\u0438\u043f\u043e\u0432.\" \/>\n<meta property=\"og:url\" content=\"https:\/\/xstyle.md\/ro\/produs\/kreplenie-dlja-perevozki-lyzh-thule-snowpack-s\/\" \/>\n<meta property=\"og:site_name\" content=\"\u041c\u0430\u0433\u0430\u0437\u0438\u043d Xstyle\" \/>\n<meta property=\"article:publisher\" content=\"https:\/\/www.facebook.com\/xstylemd\" \/>\n<meta property=\"article:modified_time\" content=\"2026-03-19T13:37:04+00:00\" \/>\n<meta property=\"og:image\" content=\"https:\/\/xstyle.md\/wp-content\/uploads\/2020\/07\/573122_sized_900x600_rev_1.jpg\" \/>\n\t<meta property=\"og:image:width\" content=\"900\" \/>\n\t<meta property=\"og:image:height\" content=\"595\" \/>\n\t<meta property=\"og:image:type\" content=\"image\/jpeg\" \/>\n<meta name=\"twitter:card\" content=\"summary_large_image\" \/>\n<meta name=\"twitter:label1\" content=\"Pre\u021b\" \/>\n\t<meta name=\"twitter:data1\" content=\"3.890&nbsp;MDL\" \/>\n\t<meta name=\"twitter:label2\" content=\"Disponibilitate\" \/>\n\t<meta name=\"twitter:data2\" content=\"\u00cen stoc\" \/>\n<script type=\"application\/ld+json\" class=\"yoast-schema-graph\">{\"@context\":\"https:\\\/\\\/schema.org\",\"@graph\":[{\"@type\":\"WebPage\",\"@id\":\"https:\\\/\\\/xstyle.md\\\/product\\\/kreplenie-dlja-perevozki-lyzh-thule-snowpack-s\\\/\",\"url\":\"https:\\\/\\\/xstyle.md\\\/product\\\/kreplenie-dlja-perevozki-lyzh-thule-snowpack-s\\\/\",\"name\":\"\u041a\u0440\u0435\u043f\u043b\u0435\u043d\u0438\u0435 \u0434\u043b\u044f \u043f\u0435\u0440\u0435\u0432\u043e\u0437\u043a\u0438 \u043b\u044b\u0436 Thule SnowPack S - \u041c\u0430\u0433\u0430\u0437\u0438\u043d Xstyle\",\"isPartOf\":{\"@id\":\"https:\\\/\\\/xstyle.md\\\/#website\"},\"primaryImageOfPage\":{\"@id\":\"https:\\\/\\\/xstyle.md\\\/product\\\/kreplenie-dlja-perevozki-lyzh-thule-snowpack-s\\\/#primaryimage\"},\"image\":{\"@id\":\"https:\\\/\\\/xstyle.md\\\/product\\\/kreplenie-dlja-perevozki-lyzh-thule-snowpack-s\\\/#primaryimage\"},\"thumbnailUrl\":\"https:\\\/\\\/xstyle.md\\\/wp-content\\\/uploads\\\/2020\\\/07\\\/573122_sized_900x600_rev_1.jpg\",\"datePublished\":\"2020-07-17T13:41:42+00:00\",\"dateModified\":\"2026-03-19T13:37:04+00:00\",\"description\":\"\u041a\u0440\u0435\u043f\u043b\u0435\u043d\u0438\u0435 \u0434\u043b\u044f \u043f\u0435\u0440\u0435\u0432\u043e\u0437\u043a\u0438 \u043b\u044b\u0436 Thule SnowPack S \u2014 \u044d\u043b\u0435\u0433\u0430\u043d\u0442\u043d\u043e\u0435 \u0438 \u0430\u044d\u0440\u043e\u0434\u0438\u043d\u0430\u043c\u0438\u0447\u043d\u043e\u0435 \u0440\u0435\u0448\u0435\u043d\u0438\u0435 \u0434\u043b\u044f \u0431\u0435\u0437\u043e\u043f\u0430\u0441\u043d\u043e\u0433\u043e \u0442\u0440\u0430\u043d\u0441\u043f\u043e\u0440\u0442\u0438\u0440\u043e\u0432\u0430\u043d\u0438\u044f \u043b\u044b\u0436 \u0438 \u0441\u043d\u043e\u0443\u0431\u043e\u0440\u0434\u043e\u0432. \u041f\u043e\u0434\u0445\u043e\u0434\u0438\u0442 \u0434\u043b\u044f \u0432\u0441\u0435\u0445 \u0442\u0438\u043f\u043e\u0432.\",\"breadcrumb\":{\"@id\":\"https:\\\/\\\/xstyle.md\\\/product\\\/kreplenie-dlja-perevozki-lyzh-thule-snowpack-s\\\/#breadcrumb\"},\"inLanguage\":\"ro-RO\",\"potentialAction\":[{\"@type\":\"ReadAction\",\"target\":[\"https:\\\/\\\/xstyle.md\\\/product\\\/kreplenie-dlja-perevozki-lyzh-thule-snowpack-s\\\/\"]}]},{\"@type\":\"ImageObject\",\"inLanguage\":\"ro-RO\",\"@id\":\"https:\\\/\\\/xstyle.md\\\/product\\\/kreplenie-dlja-perevozki-lyzh-thule-snowpack-s\\\/#primaryimage\",\"url\":\"https:\\\/\\\/xstyle.md\\\/wp-content\\\/uploads\\\/2020\\\/07\\\/573122_sized_900x600_rev_1.jpg\",\"contentUrl\":\"https:\\\/\\\/xstyle.md\\\/wp-content\\\/uploads\\\/2020\\\/07\\\/573122_sized_900x600_rev_1.jpg\",\"width\":900,\"height\":595},{\"@type\":\"BreadcrumbList\",\"@id\":\"https:\\\/\\\/xstyle.md\\\/product\\\/kreplenie-dlja-perevozki-lyzh-thule-snowpack-s\\\/#breadcrumb\",\"itemListElement\":[{\"@type\":\"ListItem\",\"position\":1,\"name\":\"\u0413\u043b\u0430\u0432\u043d\u0430\u044f \u0441\u0442\u0440\u0430\u043d\u0438\u0446\u0430\",\"item\":\"https:\\\/\\\/xstyle.md\\\/\"},{\"@type\":\"ListItem\",\"position\":2,\"name\":\"\u041c\u0430\u0433\u0430\u0437\u0438\u043d\",\"item\":\"https:\\\/\\\/xstyle.md\\\/shop\\\/\"},{\"@type\":\"ListItem\",\"position\":3,\"name\":\"\u041a\u0440\u0435\u043f\u043b\u0435\u043d\u0438\u0435 \u0434\u043b\u044f \u043f\u0435\u0440\u0435\u0432\u043e\u0437\u043a\u0438 \u043b\u044b\u0436 Thule SnowPack S\"}]},{\"@type\":\"WebSite\",\"@id\":\"https:\\\/\\\/xstyle.md\\\/#website\",\"url\":\"https:\\\/\\\/xstyle.md\\\/\",\"name\":\"\u041c\u0430\u0433\u0430\u0437\u0438\u043d Xstyle\",\"description\":\"C\u043d\u0430\u0440\u044f\u0436\u0435\u043d\u0438\u0435 \u0434\u043b\u044f \u0442\u0443\u0440\u0438\u0437\u043c\u0430 \u0438 \u044d\u043a\u0441\u0442\u0440\u0435\u043c\u0430\u043b\u044c\u043d\u044b\u0445 \u0432\u0438\u0434\u043e\u0432 \u0441\u043f\u043e\u0440\u0442\u0430 \u0432 \u041c\u043e\u043b\u0434\u043e\u0432\u0435.. \u0426\u0435\u043d\u044b, \u0444\u043e\u0442\u043e, \u0445\u0430\u0440\u0430\u043a\u0442\u0435\u0440\u0438\u0441\u0442\u0438\u043a\u0438 \u0432 \u041c\u043e\u043b\u0434\u043e\u0432\u0435.\",\"publisher\":{\"@id\":\"https:\\\/\\\/xstyle.md\\\/#organization\"},\"alternateName\":\"X-Style\",\"potentialAction\":[{\"@type\":\"SearchAction\",\"target\":{\"@type\":\"EntryPoint\",\"urlTemplate\":\"https:\\\/\\\/xstyle.md\\\/?s={search_term_string}\"},\"query-input\":{\"@type\":\"PropertyValueSpecification\",\"valueRequired\":true,\"valueName\":\"search_term_string\"}}],\"inLanguage\":\"ro-RO\"},{\"@type\":\"Organization\",\"@id\":\"https:\\\/\\\/xstyle.md\\\/#organization\",\"name\":\"\u041c\u0430\u0433\u0430\u0437\u0438\u043d Xstyle\",\"alternateName\":\"x-style\",\"url\":\"https:\\\/\\\/xstyle.md\\\/\",\"logo\":{\"@type\":\"ImageObject\",\"inLanguage\":\"ro-RO\",\"@id\":\"https:\\\/\\\/xstyle.md\\\/#\\\/schema\\\/logo\\\/image\\\/\",\"url\":\"https:\\\/\\\/xstyle.md\\\/wp-content\\\/uploads\\\/2020\\\/06\\\/logoicon.svg\",\"contentUrl\":\"https:\\\/\\\/xstyle.md\\\/wp-content\\\/uploads\\\/2020\\\/06\\\/logoicon.svg\",\"caption\":\"\u041c\u0430\u0433\u0430\u0437\u0438\u043d Xstyle\"},\"image\":{\"@id\":\"https:\\\/\\\/xstyle.md\\\/#\\\/schema\\\/logo\\\/image\\\/\"},\"sameAs\":[\"https:\\\/\\\/www.facebook.com\\\/xstylemd\",\"https:\\\/\\\/www.instagram.com\\\/xstyle_md\\\/\",\"https:\\\/\\\/t.me\\\/xstyle_outdoor\"],\"hasMerchantReturnPolicy\":{\"@type\":\"MerchantReturnPolicy\",\"merchantReturnLink\":\"https:\\\/\\\/xstyle.md\\\/ro\\\/conditions\\\/\"}}]}<\/script>\n<meta property=\"product:price:amount\" content=\"3890.00\" \/>\n<meta property=\"product:price:currency\" content=\"MDL\" \/>\n<meta property=\"og:availability\" content=\"instock\" \/>\n<meta property=\"product:availability\" content=\"instock\" \/>\n<meta property=\"product:retailer_item_id\" content=\"732200\" \/>\n<meta property=\"product:condition\" content=\"new\" \/>\n<!-- \/ Yoast SEO plugin. -->","yoast_head_json":{"title":"Suport transport schiuri Thule SnowPack S - Magazin Xstyle","description":"Sistem de prindere pentru transportul schiurilor Thule SnowPack S \u2013 o solu\u021bie elegant\u0103 \u0219i aerodinamic\u0103 pentru transportul \u00een siguran\u021b\u0103 al schiurilor \u0219i snowboardurilor. Potrivit pentru toate tipurile.","robots":{"index":"index","follow":"follow","max-snippet":"max-snippet:-1","max-image-preview":"max-image-preview:large","max-video-preview":"max-video-preview:-1"},"canonical":"https:\/\/xstyle.md\/ro\/produs\/kreplenie-dlja-perevozki-lyzh-thule-snowpack-s\/","og_locale":"ro_RO","og_type":"article","og_title":"\u041a\u0440\u0435\u043f\u043b\u0435\u043d\u0438\u0435 \u0434\u043b\u044f \u043f\u0435\u0440\u0435\u0432\u043e\u0437\u043a\u0438 \u043b\u044b\u0436 Thule SnowPack S - \u041c\u0430\u0433\u0430\u0437\u0438\u043d Xstyle","og_description":"\u041a\u0440\u0435\u043f\u043b\u0435\u043d\u0438\u0435 \u0434\u043b\u044f \u043f\u0435\u0440\u0435\u0432\u043e\u0437\u043a\u0438 \u043b\u044b\u0436 Thule SnowPack S \u2014 \u044d\u043b\u0435\u0433\u0430\u043d\u0442\u043d\u043e\u0435 \u0438 \u0430\u044d\u0440\u043e\u0434\u0438\u043d\u0430\u043c\u0438\u0447\u043d\u043e\u0435 \u0440\u0435\u0448\u0435\u043d\u0438\u0435 \u0434\u043b\u044f \u0431\u0435\u0437\u043e\u043f\u0430\u0441\u043d\u043e\u0433\u043e \u0442\u0440\u0430\u043d\u0441\u043f\u043e\u0440\u0442\u0438\u0440\u043e\u0432\u0430\u043d\u0438\u044f \u043b\u044b\u0436 \u0438 \u0441\u043d\u043e\u0443\u0431\u043e\u0440\u0434\u043e\u0432. \u041f\u043e\u0434\u0445\u043e\u0434\u0438\u0442 \u0434\u043b\u044f \u0432\u0441\u0435\u0445 \u0442\u0438\u043f\u043e\u0432.","og_url":"https:\/\/xstyle.md\/ro\/produs\/kreplenie-dlja-perevozki-lyzh-thule-snowpack-s\/","og_site_name":"\u041c\u0430\u0433\u0430\u0437\u0438\u043d Xstyle","article_publisher":"https:\/\/www.facebook.com\/xstylemd","article_modified_time":"2026-03-19T13:37:04+00:00","og_image":[{"width":900,"height":595,"url":"https:\/\/xstyle.md\/wp-content\/uploads\/2020\/07\/573122_sized_900x600_rev_1.jpg","type":"image\/jpeg"}],"twitter_card":"summary_large_image","twitter_misc":{"Pre\u021b":"3.890&nbsp;MDL","Disponibilitate":"\u00cen stoc"},"schema":{"@context":"https:\/\/schema.org","@graph":[{"@type":"WebPage","@id":"https:\/\/xstyle.md\/product\/kreplenie-dlja-perevozki-lyzh-thule-snowpack-s\/","url":"https:\/\/xstyle.md\/product\/kreplenie-dlja-perevozki-lyzh-thule-snowpack-s\/","name":"Suport transport schiuri Thule SnowPack S - Magazin Xstyle","isPartOf":{"@id":"https:\/\/xstyle.md\/#website"},"primaryImageOfPage":{"@id":"https:\/\/xstyle.md\/product\/kreplenie-dlja-perevozki-lyzh-thule-snowpack-s\/#primaryimage"},"image":{"@id":"https:\/\/xstyle.md\/product\/kreplenie-dlja-perevozki-lyzh-thule-snowpack-s\/#primaryimage"},"thumbnailUrl":"https:\/\/xstyle.md\/wp-content\/uploads\/2020\/07\/573122_sized_900x600_rev_1.jpg","datePublished":"2020-07-17T13:41:42+00:00","dateModified":"2026-03-19T13:37:04+00:00","description":"Sistem de prindere pentru transportul schiurilor Thule SnowPack S \u2013 o solu\u021bie elegant\u0103 \u0219i aerodinamic\u0103 pentru transportul \u00een siguran\u021b\u0103 al schiurilor \u0219i snowboardurilor. Potrivit pentru toate tipurile.","breadcrumb":{"@id":"https:\/\/xstyle.md\/product\/kreplenie-dlja-perevozki-lyzh-thule-snowpack-s\/#breadcrumb"},"inLanguage":"ro-RO","potentialAction":[{"@type":"ReadAction","target":["https:\/\/xstyle.md\/product\/kreplenie-dlja-perevozki-lyzh-thule-snowpack-s\/"]}]},{"@type":"ImageObject","inLanguage":"ro-RO","@id":"https:\/\/xstyle.md\/product\/kreplenie-dlja-perevozki-lyzh-thule-snowpack-s\/#primaryimage","url":"https:\/\/xstyle.md\/wp-content\/uploads\/2020\/07\/573122_sized_900x600_rev_1.jpg","contentUrl":"https:\/\/xstyle.md\/wp-content\/uploads\/2020\/07\/573122_sized_900x600_rev_1.jpg","width":900,"height":595},{"@type":"BreadcrumbList","@id":"https:\/\/xstyle.md\/product\/kreplenie-dlja-perevozki-lyzh-thule-snowpack-s\/#breadcrumb","itemListElement":[{"@type":"ListItem","position":1,"name":"\u0413\u043b\u0430\u0432\u043d\u0430\u044f \u0441\u0442\u0440\u0430\u043d\u0438\u0446\u0430","item":"https:\/\/xstyle.md\/"},{"@type":"ListItem","position":2,"name":"\u041c\u0430\u0433\u0430\u0437\u0438\u043d","item":"https:\/\/xstyle.md\/shop\/"},{"@type":"ListItem","position":3,"name":"\u041a\u0440\u0435\u043f\u043b\u0435\u043d\u0438\u0435 \u0434\u043b\u044f \u043f\u0435\u0440\u0435\u0432\u043e\u0437\u043a\u0438 \u043b\u044b\u0436 Thule SnowPack S"}]},{"@type":"WebSite","@id":"https:\/\/xstyle.md\/#website","url":"https:\/\/xstyle.md\/","name":"Magazinul X-Style","description":"Echipamente pentru turism \u0219i sporturi extreme \u00een Moldova. Pre\u021buri, fotografii, caracteristici \u00een Moldova.","publisher":{"@id":"https:\/\/xstyle.md\/#organization"},"alternateName":"X-Style","potentialAction":[{"@type":"SearchAction","target":{"@type":"EntryPoint","urlTemplate":"https:\/\/xstyle.md\/?s={search_term_string}"},"query-input":{"@type":"PropertyValueSpecification","valueRequired":true,"valueName":"search_term_string"}}],"inLanguage":"ro-RO"},{"@type":"Organization","@id":"https:\/\/xstyle.md\/#organization","name":"Magazinul X-Style","alternateName":"x-style","url":"https:\/\/xstyle.md\/","logo":{"@type":"ImageObject","inLanguage":"ro-RO","@id":"https:\/\/xstyle.md\/#\/schema\/logo\/image\/","url":"https:\/\/xstyle.md\/wp-content\/uploads\/2020\/06\/logoicon.svg","contentUrl":"https:\/\/xstyle.md\/wp-content\/uploads\/2020\/06\/logoicon.svg","caption":"\u041c\u0430\u0433\u0430\u0437\u0438\u043d Xstyle"},"image":{"@id":"https:\/\/xstyle.md\/#\/schema\/logo\/image\/"},"sameAs":["https:\/\/www.facebook.com\/xstylemd","https:\/\/www.instagram.com\/xstyle_md\/","https:\/\/t.me\/xstyle_outdoor"],"hasMerchantReturnPolicy":{"@type":"MerchantReturnPolicy","merchantReturnLink":"https:\/\/xstyle.md\/ro\/conditions\/"}}]},"product_price_amount":"3890.00","product_price_currency":"MDL","og_availability":"instock","product_availability":"instock","product_retailer_item_id":"732200","product_condition":"new"},"_links":{"self":[{"href":"https:\/\/xstyle.md\/ro\/wp-json\/wp\/v2\/product\/16134","targetHints":{"allow":["GET"]}}],"collection":[{"href":"https:\/\/xstyle.md\/ro\/wp-json\/wp\/v2\/product"}],"about":[{"href":"https:\/\/xstyle.md\/ro\/wp-json\/wp\/v2\/types\/product"}],"replies":[{"embeddable":true,"href":"https:\/\/xstyle.md\/ro\/wp-json\/wp\/v2\/comments?post=16134"}],"wp:featuredmedia":[{"embeddable":true,"href":"https:\/\/xstyle.md\/ro\/wp-json\/wp\/v2\/media\/16131"}],"wp:attachment":[{"href":"https:\/\/xstyle.md\/ro\/wp-json\/wp\/v2\/media?parent=16134"}],"wp:term":[{"taxonomy":"product_brand","embeddable":true,"href":"https:\/\/xstyle.md\/ro\/wp-json\/wp\/v2\/product_brand?post=16134"},{"taxonomy":"product_cat","embeddable":true,"href":"https:\/\/xstyle.md\/ro\/wp-json\/wp\/v2\/product_cat?post=16134"},{"taxonomy":"product_tag","embeddable":true,"href":"https:\/\/xstyle.md\/ro\/wp-json\/wp\/v2\/product_tag?post=16134"}],"curies":[{"name":"wp","href":"https:\/\/api.w.org\/{rel}","templated":true}]}}