{"id":1612,"date":"2020-07-16T16:30:22","date_gmt":"2020-07-16T13:30:22","guid":{"rendered":"https:\/\/xstyle.md\/product\/kreplenie-thule-freeway-968"},"modified":"2024-10-02T20:38:36","modified_gmt":"2024-10-02T17:38:36","slug":"kreplenie-thule-freeway-968","status":"publish","type":"product","link":"https:\/\/xstyle.md\/ro\/produs\/kreplenie-thule-freeway-968\/","title":{"rendered":"Suport biciclet\u0103 Thule Freeway 968"},"content":{"rendered":"<\/p>\n<p><strong>THULE Freeway 968<\/strong> este un suport simplu pentru biciclete cu fixare pe u\u0219a din spate a ma\u0219inii, pentru hatchback \u0219i sedan (pentru 3 biciclete). Suportul pentru biciclete c&acirc;nt\u0103re\u0219te doar 5,1 kg, iar atunci c&acirc;nd este pliat se potrive\u0219te cu u\u0219urin\u021b\u0103 &icirc;n portbagajul unei ma\u0219ini datorit\u0103 compactit\u0103\u021bii sale. Avantajele acestui model sunt, de asemenea, costuri reduse \u0219i absen\u021ba necesit\u0103\u021bii de a instala accesorii suplimentare (bara de remorcare sau raftul de acoperi\u0219).<\/p>\n<p>FreeWay este ata\u0219at la u\u0219a din spate a ma\u0219inii cu ajutorul curelelor furnizate. &Icirc;n acest caz, arcurile de montaj pentru biciclete se sprijin\u0103 pe capacul portbagajului, u\u0219a din spate sau bara de protec\u021bie. Prezen\u021ba inser\u021biilor din cauciuc moale pe elementele de sprijin previne deteriorarea pieselor vopsite \u0219i sticl\u0103. &Icirc;n unele vehicule, nu este necesar s\u0103 scoate\u021bi suportul pentru a deschide u\u0219a din spate, dar &icirc;n acest caz, scoate\u021bi bicicletele.<\/p>\n<p>Bicicletele sunt fixate pe FreeWay folosind suporturi de cauciuc flexibile pe cadrul superior \u0219i sunt fixate suplimentar cu ajutorul unei centuri speciale. Dac\u0103 nu exist\u0103 un cadru superior, acestea sunt ata\u0219ate cu ajutorul adaptorului Thule Bike Frame Adapter 982.<\/p>\n<p><span>Compania creeaz&atilde; produsele de cea mai &icirc;nalt&atilde; clas&atilde;, care este r&atilde;sp&icirc;ndit&atilde; prin calitate superioar&atilde;, siguran\u021b&atilde;, simplitate prin utilizare \u015fi aspect robust. Compania suedez&atilde; Thule produce boxe \u015fi alte accesorii pentru automobil dup&atilde; cele mai inovative tehnologii. Toate produsele trec un control minu\u0163ios &icirc;n diverse condi\u021bii, pentru ca Dvs s&atilde; fi\u0163i convin\u015fi de profesionalismul s&atilde;u.<\/span><\/p>\n<p><em>Garan\u021bia oficial&atilde; de la produc&atilde;tor se r&atilde;sp&acirc;nde\u015fte asupra tuturor produselor Thule \u015fi este valabil\u0103 5 ani.<\/em><\/p>\n<h3>Specificatii<\/h3>\n<ul>\n<li>Toate piesele &icirc;n contact cu ma\u0219ina \u0219i bicicletele sunt acoperite cu cauciuc pentru o protec\u021bie suplimentar\u0103.<\/li>\n<li>Thule Lightboard 976 poate fi ata\u0219at<\/li>\n<li>Utiliza\u021bi adaptorul pentru a monta biciclete cu adaptorul personalizat Thule Bike Frame 982, pentru biciclete specifice<\/li>\n<li>Centurile &icirc;ncorporate sunt responsabile de asigurarea bicicletei pe suportul pentru biciclete<\/li>\n<li>Potrivit pentru transportarea a 3 biciclete<\/li>\n<\/ul>\n<h3>Caracteristici<\/h3>\n<ul>\n<li>Num\u0103rul maxim de biciclete &#8212; 3<\/li>\n<li>Sarcin\u0103 util\u0103 &#8212; 45 kg<\/li>\n<li>Greutatea maxim\u0103 a bicicletei &#8212; 15 kg<\/li>\n<li>Dimensiuni &#8212; 56 x 82 x 78 cm<\/li>\n<li>Dimensiuni pliate &#8212; 56 x 21 x 113 cm<\/li>\n<li>Greutate &#8212; 5,1 kg<\/li>\n<li>Dimensiuni cadru compatibile &#8212; toate<\/li>\n<li>Suporturi pentru rame deta\u0219abile &ndash; nu<\/li>\n<li>Potrivit pentru rame de carbon &#8212; da<\/li>\n<li>Bicicletele instalate nu blocheaz\u0103 luminile din spate \u0219i pl\u0103cu\u021ba de &icirc;nmatriculare &#8212; nu<\/li>\n<li>Compatibil cu One Key System &#8212; nu<\/li>\n<li>Bloca\u021bi bicicleta pe o l\u0103cat\u0103 &#8212; da, este necesar un adaptor pentru blocarea cablului Thule Cable Lock<\/li>\n<li>&Icirc;ncuie suportul de ma\u0219in\u0103 cu ajutorul lac\u0103tului &#8212; nu<\/li>\n<\/ul>\n<p><\/p>","protected":false},"excerpt":{"rendered":"<p>Suport biciclet\u0103 Thule Freeway 968<\/p>","protected":false},"featured_media":1609,"comment_status":"open","ping_status":"closed","template":"","meta":{"_acf_changed":false,"inline_featured_image":false},"product_brand":[1269],"product_cat":[264],"product_tag":[],"class_list":{"0":"post-1612","1":"product","2":"type-product","3":"status-publish","4":"has-post-thumbnail","6":"product_brand-thule","7":"product_cat-back-door","9":"first","10":"outofstock","11":"shipping-taxable","12":"product-type-simple"},"acf":[],"yoast_head":"<!-- This site is optimized with the Yoast SEO plugin v27.2 - https:\/\/yoast.com\/product\/yoast-seo-wordpress\/ -->\n<title>\u041a\u0440\u0435\u043f\u043b\u0435\u043d\u0438\u0435 \u0434\u043b\u044f \u0432\u0435\u043b\u043e\u0441\u0438\u043f\u0435\u0434\u0430 Thule Freeway 968 - \u041c\u0430\u0433\u0430\u0437\u0438\u043d Xstyle<\/title>\n<meta name=\"description\" content=\"\u041a\u0440\u0435\u043f\u043b\u0435\u043d\u0438\u0435 \u0434\u043b\u044f \u0432\u0435\u043b\u043e\u0441\u0438\u043f\u0435\u0434\u0430 Thule Freeway 968 - \u043d\u0430\u0434\u0435\u0436\u043d\u044b\u0439 \u0438 \u0443\u0434\u043e\u0431\u043d\u044b\u0439 \u0441\u043f\u043e\u0441\u043e\u0431 \u0442\u0440\u0430\u043d\u0441\u043f\u043e\u0440\u0442\u0438\u0440\u043e\u0432\u043a\u0438 \u0434\u043e 3 \u0432\u0435\u043b\u043e\u0441\u0438\u043f\u0435\u0434\u043e\u0432 \u043d\u0430 \u0437\u0430\u0434\u043d\u0435\u0439 \u0434\u0432\u0435\u0440\u0438 \u0432\u0430\u0448\u0435\u0433\u043e \u0430\u0432\u0442\u043e\u043c\u043e\u0431\u0438\u043b\u044f.\" \/>\n<meta name=\"robots\" content=\"index, follow, max-snippet:-1, max-image-preview:large, max-video-preview:-1\" \/>\n<link rel=\"canonical\" href=\"https:\/\/xstyle.md\/ro\/produs\/kreplenie-thule-freeway-968\/\" \/>\n<meta property=\"og:locale\" content=\"ro_RO\" \/>\n<meta property=\"og:type\" content=\"article\" \/>\n<meta property=\"og:title\" content=\"\u041a\u0440\u0435\u043f\u043b\u0435\u043d\u0438\u0435 \u0434\u043b\u044f \u0432\u0435\u043b\u043e\u0441\u0438\u043f\u0435\u0434\u0430 Thule Freeway 968 - \u041c\u0430\u0433\u0430\u0437\u0438\u043d Xstyle\" \/>\n<meta property=\"og:description\" content=\"\u041a\u0440\u0435\u043f\u043b\u0435\u043d\u0438\u0435 \u0434\u043b\u044f \u0432\u0435\u043b\u043e\u0441\u0438\u043f\u0435\u0434\u0430 Thule Freeway 968 - \u043d\u0430\u0434\u0435\u0436\u043d\u044b\u0439 \u0438 \u0443\u0434\u043e\u0431\u043d\u044b\u0439 \u0441\u043f\u043e\u0441\u043e\u0431 \u0442\u0440\u0430\u043d\u0441\u043f\u043e\u0440\u0442\u0438\u0440\u043e\u0432\u043a\u0438 \u0434\u043e 3 \u0432\u0435\u043b\u043e\u0441\u0438\u043f\u0435\u0434\u043e\u0432 \u043d\u0430 \u0437\u0430\u0434\u043d\u0435\u0439 \u0434\u0432\u0435\u0440\u0438 \u0432\u0430\u0448\u0435\u0433\u043e \u0430\u0432\u0442\u043e\u043c\u043e\u0431\u0438\u043b\u044f.\" \/>\n<meta property=\"og:url\" content=\"https:\/\/xstyle.md\/ro\/produs\/kreplenie-thule-freeway-968\/\" \/>\n<meta property=\"og:site_name\" content=\"\u041c\u0430\u0433\u0430\u0437\u0438\u043d Xstyle\" \/>\n<meta property=\"article:publisher\" content=\"https:\/\/www.facebook.com\/xstylemd\" \/>\n<meta property=\"article:modified_time\" content=\"2024-10-02T17:38:36+00:00\" \/>\n<meta property=\"og:image\" content=\"https:\/\/xstyle.md\/wp-content\/uploads\/2020\/07\/560846_sized_1800x1200_rev_1.jpg\" \/>\n\t<meta property=\"og:image:width\" content=\"1800\" \/>\n\t<meta property=\"og:image:height\" content=\"1190\" \/>\n\t<meta property=\"og:image:type\" content=\"image\/jpeg\" \/>\n<meta name=\"twitter:card\" content=\"summary_large_image\" \/>\n<meta name=\"twitter:label1\" content=\"Pre\u021b\" \/>\n\t<meta name=\"twitter:data1\" content=\"3.790&nbsp;MDL\" \/>\n\t<meta name=\"twitter:label2\" content=\"Disponibilitate\" \/>\n\t<meta name=\"twitter:data2\" content=\"Stoc epuizat\" \/>\n<script type=\"application\/ld+json\" class=\"yoast-schema-graph\">{\"@context\":\"https:\/\/schema.org\",\"@graph\":[{\"@type\":\"WebPage\",\"@id\":\"https:\/\/xstyle.md\/product\/kreplenie-thule-freeway-968\/\",\"url\":\"https:\/\/xstyle.md\/product\/kreplenie-thule-freeway-968\/\",\"name\":\"\u041a\u0440\u0435\u043f\u043b\u0435\u043d\u0438\u0435 \u0434\u043b\u044f \u0432\u0435\u043b\u043e\u0441\u0438\u043f\u0435\u0434\u0430 Thule Freeway 968 - \u041c\u0430\u0433\u0430\u0437\u0438\u043d Xstyle\",\"isPartOf\":{\"@id\":\"https:\/\/xstyle.md\/#website\"},\"primaryImageOfPage\":{\"@id\":\"https:\/\/xstyle.md\/product\/kreplenie-thule-freeway-968\/#primaryimage\"},\"image\":{\"@id\":\"https:\/\/xstyle.md\/product\/kreplenie-thule-freeway-968\/#primaryimage\"},\"thumbnailUrl\":\"https:\/\/xstyle.md\/wp-content\/uploads\/2020\/07\/560846_sized_1800x1200_rev_1.jpg\",\"datePublished\":\"2020-07-16T13:30:22+00:00\",\"dateModified\":\"2024-10-02T17:38:36+00:00\",\"description\":\"\u041a\u0440\u0435\u043f\u043b\u0435\u043d\u0438\u0435 \u0434\u043b\u044f \u0432\u0435\u043b\u043e\u0441\u0438\u043f\u0435\u0434\u0430 Thule Freeway 968 - \u043d\u0430\u0434\u0435\u0436\u043d\u044b\u0439 \u0438 \u0443\u0434\u043e\u0431\u043d\u044b\u0439 \u0441\u043f\u043e\u0441\u043e\u0431 \u0442\u0440\u0430\u043d\u0441\u043f\u043e\u0440\u0442\u0438\u0440\u043e\u0432\u043a\u0438 \u0434\u043e 3 \u0432\u0435\u043b\u043e\u0441\u0438\u043f\u0435\u0434\u043e\u0432 \u043d\u0430 \u0437\u0430\u0434\u043d\u0435\u0439 \u0434\u0432\u0435\u0440\u0438 \u0432\u0430\u0448\u0435\u0433\u043e \u0430\u0432\u0442\u043e\u043c\u043e\u0431\u0438\u043b\u044f.\",\"breadcrumb\":{\"@id\":\"https:\/\/xstyle.md\/product\/kreplenie-thule-freeway-968\/#breadcrumb\"},\"inLanguage\":\"ro-RO\",\"potentialAction\":[{\"@type\":\"ReadAction\",\"target\":[\"https:\/\/xstyle.md\/product\/kreplenie-thule-freeway-968\/\"]}]},{\"@type\":\"ImageObject\",\"inLanguage\":\"ro-RO\",\"@id\":\"https:\/\/xstyle.md\/product\/kreplenie-thule-freeway-968\/#primaryimage\",\"url\":\"https:\/\/xstyle.md\/wp-content\/uploads\/2020\/07\/560846_sized_1800x1200_rev_1.jpg\",\"contentUrl\":\"https:\/\/xstyle.md\/wp-content\/uploads\/2020\/07\/560846_sized_1800x1200_rev_1.jpg\",\"width\":1800,\"height\":1190},{\"@type\":\"BreadcrumbList\",\"@id\":\"https:\/\/xstyle.md\/product\/kreplenie-thule-freeway-968\/#breadcrumb\",\"itemListElement\":[{\"@type\":\"ListItem\",\"position\":1,\"name\":\"\u0413\u043b\u0430\u0432\u043d\u0430\u044f \u0441\u0442\u0440\u0430\u043d\u0438\u0446\u0430\",\"item\":\"https:\/\/xstyle.md\/\"},{\"@type\":\"ListItem\",\"position\":2,\"name\":\"\u041c\u0430\u0433\u0430\u0437\u0438\u043d\",\"item\":\"https:\/\/xstyle.md\/shop\/\"},{\"@type\":\"ListItem\",\"position\":3,\"name\":\"\u041a\u0440\u0435\u043f\u043b\u0435\u043d\u0438\u0435 \u0434\u043b\u044f \u0432\u0435\u043b\u043e\u0441\u0438\u043f\u0435\u0434\u0430 Thule Freeway 968\"}]},{\"@type\":\"WebSite\",\"@id\":\"https:\/\/xstyle.md\/#website\",\"url\":\"https:\/\/xstyle.md\/\",\"name\":\"\u041c\u0430\u0433\u0430\u0437\u0438\u043d Xstyle\",\"description\":\"C\u043d\u0430\u0440\u044f\u0436\u0435\u043d\u0438\u0435 \u0434\u043b\u044f \u0442\u0443\u0440\u0438\u0437\u043c\u0430 \u0438 \u044d\u043a\u0441\u0442\u0440\u0435\u043c\u0430\u043b\u044c\u043d\u044b\u0445 \u0432\u0438\u0434\u043e\u0432 \u0441\u043f\u043e\u0440\u0442\u0430 \u0432 \u041c\u043e\u043b\u0434\u043e\u0432\u0435.. \u0426\u0435\u043d\u044b, \u0444\u043e\u0442\u043e, \u0445\u0430\u0440\u0430\u043a\u0442\u0435\u0440\u0438\u0441\u0442\u0438\u043a\u0438 \u0432 \u041c\u043e\u043b\u0434\u043e\u0432\u0435.\",\"publisher\":{\"@id\":\"https:\/\/xstyle.md\/#organization\"},\"alternateName\":\"X-Style\",\"potentialAction\":[{\"@type\":\"SearchAction\",\"target\":{\"@type\":\"EntryPoint\",\"urlTemplate\":\"https:\/\/xstyle.md\/?s={search_term_string}\"},\"query-input\":{\"@type\":\"PropertyValueSpecification\",\"valueRequired\":true,\"valueName\":\"search_term_string\"}}],\"inLanguage\":\"ro-RO\"},{\"@type\":\"Organization\",\"@id\":\"https:\/\/xstyle.md\/#organization\",\"name\":\"\u041c\u0430\u0433\u0430\u0437\u0438\u043d Xstyle\",\"alternateName\":\"x-style\",\"url\":\"https:\/\/xstyle.md\/\",\"logo\":{\"@type\":\"ImageObject\",\"inLanguage\":\"ro-RO\",\"@id\":\"https:\/\/xstyle.md\/#\/schema\/logo\/image\/\",\"url\":\"https:\/\/xstyle.md\/wp-content\/uploads\/2020\/06\/logoicon.svg\",\"contentUrl\":\"https:\/\/xstyle.md\/wp-content\/uploads\/2020\/06\/logoicon.svg\",\"caption\":\"\u041c\u0430\u0433\u0430\u0437\u0438\u043d Xstyle\"},\"image\":{\"@id\":\"https:\/\/xstyle.md\/#\/schema\/logo\/image\/\"},\"sameAs\":[\"https:\/\/www.facebook.com\/xstylemd\",\"https:\/\/www.instagram.com\/xstyle_md\/\",\"https:\/\/t.me\/xstyle_outdoor\"],\"hasMerchantReturnPolicy\":{\"@type\":\"MerchantReturnPolicy\",\"merchantReturnLink\":\"https:\/\/xstyle.md\/ro\/conditions\/\"}}]}<\/script>\n<meta property=\"product:price:amount\" content=\"3790.00\" \/>\n<meta property=\"product:price:currency\" content=\"MDL\" \/>\n<meta property=\"og:availability\" content=\"out of stock\" \/>\n<meta property=\"product:availability\" content=\"out of stock\" \/>\n<meta property=\"product:retailer_item_id\" content=\"968001\" \/>\n<meta property=\"product:condition\" content=\"new\" \/>\n<!-- \/ Yoast SEO plugin. -->","yoast_head_json":{"title":"THULE Freeway 968 - Magazin Xstyle","description":"\u041a\u0440\u0435\u043f\u043b\u0435\u043d\u0438\u0435 \u0434\u043b\u044f \u0432\u0435\u043b\u043e\u0441\u0438\u043f\u0435\u0434\u0430 Thule Freeway 968 - \u043d\u0430\u0434\u0435\u0436\u043d\u044b\u0439 \u0438 \u0443\u0434\u043e\u0431\u043d\u044b\u0439 \u0441\u043f\u043e\u0441\u043e\u0431 \u0442\u0440\u0430\u043d\u0441\u043f\u043e\u0440\u0442\u0438\u0440\u043e\u0432\u043a\u0438 \u0434\u043e 3 \u0432\u0435\u043b\u043e\u0441\u0438\u043f\u0435\u0434\u043e\u0432 \u043d\u0430 \u0437\u0430\u0434\u043d\u0435\u0439 \u0434\u0432\u0435\u0440\u0438 \u0432\u0430\u0448\u0435\u0433\u043e \u0430\u0432\u0442\u043e\u043c\u043e\u0431\u0438\u043b\u044f.","robots":{"index":"index","follow":"follow","max-snippet":"max-snippet:-1","max-image-preview":"max-image-preview:large","max-video-preview":"max-video-preview:-1"},"canonical":"https:\/\/xstyle.md\/ro\/produs\/kreplenie-thule-freeway-968\/","og_locale":"ro_RO","og_type":"article","og_title":"\u041a\u0440\u0435\u043f\u043b\u0435\u043d\u0438\u0435 \u0434\u043b\u044f \u0432\u0435\u043b\u043e\u0441\u0438\u043f\u0435\u0434\u0430 Thule Freeway 968 - \u041c\u0430\u0433\u0430\u0437\u0438\u043d Xstyle","og_description":"\u041a\u0440\u0435\u043f\u043b\u0435\u043d\u0438\u0435 \u0434\u043b\u044f \u0432\u0435\u043b\u043e\u0441\u0438\u043f\u0435\u0434\u0430 Thule Freeway 968 - \u043d\u0430\u0434\u0435\u0436\u043d\u044b\u0439 \u0438 \u0443\u0434\u043e\u0431\u043d\u044b\u0439 \u0441\u043f\u043e\u0441\u043e\u0431 \u0442\u0440\u0430\u043d\u0441\u043f\u043e\u0440\u0442\u0438\u0440\u043e\u0432\u043a\u0438 \u0434\u043e 3 \u0432\u0435\u043b\u043e\u0441\u0438\u043f\u0435\u0434\u043e\u0432 \u043d\u0430 \u0437\u0430\u0434\u043d\u0435\u0439 \u0434\u0432\u0435\u0440\u0438 \u0432\u0430\u0448\u0435\u0433\u043e \u0430\u0432\u0442\u043e\u043c\u043e\u0431\u0438\u043b\u044f.","og_url":"https:\/\/xstyle.md\/ro\/produs\/kreplenie-thule-freeway-968\/","og_site_name":"\u041c\u0430\u0433\u0430\u0437\u0438\u043d Xstyle","article_publisher":"https:\/\/www.facebook.com\/xstylemd","article_modified_time":"2024-10-02T17:38:36+00:00","og_image":[{"width":1800,"height":1190,"url":"https:\/\/xstyle.md\/wp-content\/uploads\/2020\/07\/560846_sized_1800x1200_rev_1.jpg","type":"image\/jpeg"}],"twitter_card":"summary_large_image","twitter_misc":{"Pre\u021b":"3.790&nbsp;MDL","Disponibilitate":"Stoc epuizat"},"schema":{"@context":"https:\/\/schema.org","@graph":[{"@type":"WebPage","@id":"https:\/\/xstyle.md\/product\/kreplenie-thule-freeway-968\/","url":"https:\/\/xstyle.md\/product\/kreplenie-thule-freeway-968\/","name":"THULE Freeway 968 - Magazin Xstyle","isPartOf":{"@id":"https:\/\/xstyle.md\/#website"},"primaryImageOfPage":{"@id":"https:\/\/xstyle.md\/product\/kreplenie-thule-freeway-968\/#primaryimage"},"image":{"@id":"https:\/\/xstyle.md\/product\/kreplenie-thule-freeway-968\/#primaryimage"},"thumbnailUrl":"https:\/\/xstyle.md\/wp-content\/uploads\/2020\/07\/560846_sized_1800x1200_rev_1.jpg","datePublished":"2020-07-16T13:30:22+00:00","dateModified":"2024-10-02T17:38:36+00:00","description":"\u041a\u0440\u0435\u043f\u043b\u0435\u043d\u0438\u0435 \u0434\u043b\u044f \u0432\u0435\u043b\u043e\u0441\u0438\u043f\u0435\u0434\u0430 Thule Freeway 968 - \u043d\u0430\u0434\u0435\u0436\u043d\u044b\u0439 \u0438 \u0443\u0434\u043e\u0431\u043d\u044b\u0439 \u0441\u043f\u043e\u0441\u043e\u0431 \u0442\u0440\u0430\u043d\u0441\u043f\u043e\u0440\u0442\u0438\u0440\u043e\u0432\u043a\u0438 \u0434\u043e 3 \u0432\u0435\u043b\u043e\u0441\u0438\u043f\u0435\u0434\u043e\u0432 \u043d\u0430 \u0437\u0430\u0434\u043d\u0435\u0439 \u0434\u0432\u0435\u0440\u0438 \u0432\u0430\u0448\u0435\u0433\u043e \u0430\u0432\u0442\u043e\u043c\u043e\u0431\u0438\u043b\u044f.","breadcrumb":{"@id":"https:\/\/xstyle.md\/product\/kreplenie-thule-freeway-968\/#breadcrumb"},"inLanguage":"ro-RO","potentialAction":[{"@type":"ReadAction","target":["https:\/\/xstyle.md\/product\/kreplenie-thule-freeway-968\/"]}]},{"@type":"ImageObject","inLanguage":"ro-RO","@id":"https:\/\/xstyle.md\/product\/kreplenie-thule-freeway-968\/#primaryimage","url":"https:\/\/xstyle.md\/wp-content\/uploads\/2020\/07\/560846_sized_1800x1200_rev_1.jpg","contentUrl":"https:\/\/xstyle.md\/wp-content\/uploads\/2020\/07\/560846_sized_1800x1200_rev_1.jpg","width":1800,"height":1190},{"@type":"BreadcrumbList","@id":"https:\/\/xstyle.md\/product\/kreplenie-thule-freeway-968\/#breadcrumb","itemListElement":[{"@type":"ListItem","position":1,"name":"\u0413\u043b\u0430\u0432\u043d\u0430\u044f \u0441\u0442\u0440\u0430\u043d\u0438\u0446\u0430","item":"https:\/\/xstyle.md\/"},{"@type":"ListItem","position":2,"name":"\u041c\u0430\u0433\u0430\u0437\u0438\u043d","item":"https:\/\/xstyle.md\/shop\/"},{"@type":"ListItem","position":3,"name":"\u041a\u0440\u0435\u043f\u043b\u0435\u043d\u0438\u0435 \u0434\u043b\u044f \u0432\u0435\u043b\u043e\u0441\u0438\u043f\u0435\u0434\u0430 Thule Freeway 968"}]},{"@type":"WebSite","@id":"https:\/\/xstyle.md\/#website","url":"https:\/\/xstyle.md\/","name":"Magazinul X-Style","description":"Echipamente pentru turism \u0219i sporturi extreme \u00een Moldova. Pre\u021buri, fotografii, caracteristici \u00een Moldova.","publisher":{"@id":"https:\/\/xstyle.md\/#organization"},"alternateName":"X-Style","potentialAction":[{"@type":"SearchAction","target":{"@type":"EntryPoint","urlTemplate":"https:\/\/xstyle.md\/?s={search_term_string}"},"query-input":{"@type":"PropertyValueSpecification","valueRequired":true,"valueName":"search_term_string"}}],"inLanguage":"ro-RO"},{"@type":"Organization","@id":"https:\/\/xstyle.md\/#organization","name":"Magazinul X-Style","alternateName":"x-style","url":"https:\/\/xstyle.md\/","logo":{"@type":"ImageObject","inLanguage":"ro-RO","@id":"https:\/\/xstyle.md\/#\/schema\/logo\/image\/","url":"https:\/\/xstyle.md\/wp-content\/uploads\/2020\/06\/logoicon.svg","contentUrl":"https:\/\/xstyle.md\/wp-content\/uploads\/2020\/06\/logoicon.svg","caption":"\u041c\u0430\u0433\u0430\u0437\u0438\u043d Xstyle"},"image":{"@id":"https:\/\/xstyle.md\/#\/schema\/logo\/image\/"},"sameAs":["https:\/\/www.facebook.com\/xstylemd","https:\/\/www.instagram.com\/xstyle_md\/","https:\/\/t.me\/xstyle_outdoor"],"hasMerchantReturnPolicy":{"@type":"MerchantReturnPolicy","merchantReturnLink":"https:\/\/xstyle.md\/ro\/conditions\/"}}]},"product_price_amount":"3790.00","product_price_currency":"MDL","og_availability":"out of stock","product_availability":"out of stock","product_retailer_item_id":"968001","product_condition":"new"},"post_mailing_queue_ids":[],"_links":{"self":[{"href":"https:\/\/xstyle.md\/ro\/wp-json\/wp\/v2\/product\/1612","targetHints":{"allow":["GET"]}}],"collection":[{"href":"https:\/\/xstyle.md\/ro\/wp-json\/wp\/v2\/product"}],"about":[{"href":"https:\/\/xstyle.md\/ro\/wp-json\/wp\/v2\/types\/product"}],"replies":[{"embeddable":true,"href":"https:\/\/xstyle.md\/ro\/wp-json\/wp\/v2\/comments?post=1612"}],"wp:featuredmedia":[{"embeddable":true,"href":"https:\/\/xstyle.md\/ro\/wp-json\/wp\/v2\/media\/1609"}],"wp:attachment":[{"href":"https:\/\/xstyle.md\/ro\/wp-json\/wp\/v2\/media?parent=1612"}],"wp:term":[{"taxonomy":"product_brand","embeddable":true,"href":"https:\/\/xstyle.md\/ro\/wp-json\/wp\/v2\/product_brand?post=1612"},{"taxonomy":"product_cat","embeddable":true,"href":"https:\/\/xstyle.md\/ro\/wp-json\/wp\/v2\/product_cat?post=1612"},{"taxonomy":"product_tag","embeddable":true,"href":"https:\/\/xstyle.md\/ro\/wp-json\/wp\/v2\/product_tag?post=1612"}],"curies":[{"name":"wp","href":"https:\/\/api.w.org\/{rel}","templated":true}]}}