{"id":16106,"date":"2020-07-17T16:39:58","date_gmt":"2020-07-17T13:39:58","guid":{"rendered":"https:\/\/xstyle.md\/product\/opora-thule-evo-raised-rail-7104"},"modified":"2026-02-17T18:26:39","modified_gmt":"2026-02-17T15:26:39","slug":"opora-thule-evo-raised-rail-7104","status":"publish","type":"product","link":"https:\/\/xstyle.md\/ro\/produs\/opora-thule-evo-raised-rail-7104\/","title":{"rendered":"Sistem de prindere Thule Evo Raised Rail (710410)"},"content":{"rendered":"<\/p>\n<p><strong>Thule Evo Raised Rail (7104)<\/strong> &#8212; proiectat\u0103 pentru a se potrivi cu Thule cu vehiculele cu bare longitudinale .<\/p>\n<p>Designul clemei este completat cu o garnitur\u0103 de cauciuc \u00een partea superioar\u0103, datorit\u0103 c\u0103reia acestea se vor fixa perfect pe acoperi\u0219. Ergonomie \u00eembun\u0103t\u0103\u021bit\u0103, compatibil\u0103 cu aproape toate modelele de acoperi\u0219 cu bare longitudinale. Datorit\u0103 m\u00e2nerului hexagonal confortabil, barele pentru acoperi\u0219 pot fi reglate \u0219i instalate rapid. Thule Evo Raised Rail 7104 este proiectat pentru asamblarea barei de acoperi\u0219 Thule pe vehicule.<\/p>\n<p>Pentru a instala barele pe acoperi\u0219 unei ma\u0219ini, este necesar, conform instruc\u021biunilor, s\u0103 introduce\u021bi uni\u021bi accesoriile necesare \u0219i s\u0103 le fixa\u021bi pe ma\u0219in\u0103 pe automobil. Odat\u0103 ce portbagajul este fixat ferm de vehicul, barele sunt blocate cu sistemul Thule One Key. Men\u021bin o greutate de 100 kg.<\/p>\n<p>Compania produce produse premium, renumite pentru calitatea, siguran\u021ba, u\u0219urin\u021ba \u00een utilizare \u0219i designul elegant de neegalat. Compania suedez\u0103 Thule produce bare pentru acoperi\u0219 \u0219i alte echipamente auto folosind tehnologii europene avansate. Toate produsele sunt supuse celor mai riguroase test\u0103ri \u00een diferite condi\u021bii pentru a v\u0103 asigura c\u0103 Thule nu v\u0103 va dezam\u0103gi.<\/p>\n<p><em>Garan\u021bia oficial\u0103 a produc\u0103torului se r\u0103sfr\u00e2nge asupra produselor \u0219i componentelor m\u0103rcii comerciale Thule timp de 5 ani. <\/em><\/p>\n<h3>Specifica\u021bii<\/h3>\n<ul>\n<li>Suporturi pentru fixarea barelor transversale Thule Evo<\/li>\n<li>Cheia limitatorului indic\u0103 dac\u0103 portbagajul este fixat corect \u0219i \u00een siguran\u021b\u0103 de vehiculul dumneavoastr\u0103<\/li>\n<li>Asamblare rapid\u0103 \u0219i instalare cu consol\u0103 de montare, nu sunt necesare unelte<\/li>\n<li>Fixeaz\u0103 \u00een siguran\u021b\u0103 barele de acoperi\u0219ul vehiculului datorit\u0103 clemelor brevetate<\/li>\n<li>Sistem de lac\u0103t Thule One-Key (incluse)<\/li>\n<li>G\u0103si\u021bi portbagajul potrivit pentru ma\u0219ina dvs. cu catalogul de selec\u021bie Thule<\/li>\n<li>Toate produsele sunt fabricate<\/li>\n<\/ul>\n<h3>Caracteristici<\/h3>\n<ul>\n<li>Sarcina maxim\u0103 -100 kg. De asemenea, verifica\u021bi sarcina maxim\u0103 admis\u0103 pe acoperi\u0219 a vehiculului dumneavoastr\u0103<\/li>\n<li>Se potrive\u0219te cu Thule WingBar Evo &#8212; Da<\/li>\n<li>Se potrive\u0219te cu Thule WingBar &#8212; Da<\/li>\n<li>Se potrive\u0219te cu Thule SlideBar &#8212; Da<\/li>\n<li>Se potrive\u0219te cu Thule SquareBar &#8212; Da<\/li>\n<li>Se potrive\u0219te cu Thule ProBar &#8212; Da<\/li>\n<li>\u00cencuietori incluse &#8212; Da<\/li>\n<li>Un sistem cheie compatibil &#8212; Da<\/li>\n<li>Culoare neagr\u0103<\/li>\n<\/ul>\n<div><\/div>\n<div class=\"col-md-6\">\n<p><iframe loading=\"lazy\" title=\"Roof racks - Thule Evo Raised Railing\" width=\"640\" height=\"360\" src=\"https:\/\/www.youtube.com\/embed\/BaaGfbPoJ1g?feature=oembed\" frameborder=\"0\" allow=\"accelerometer; autoplay; clipboard-write; encrypted-media; gyroscope; picture-in-picture; web-share\" referrerpolicy=\"strict-origin-when-cross-origin\" allowfullscreen><\/iframe><\/p>\n<\/div>\n<p><\/p>","protected":false},"excerpt":{"rendered":"<p>Sistem de prindere Thule Evo Raised Rail (7104)<\/p>","protected":false},"featured_media":16101,"comment_status":"open","ping_status":"closed","template":"","meta":{"_acf_changed":false,"inline_featured_image":false},"product_brand":[1269],"product_cat":[260],"product_tag":[],"class_list":{"0":"post-16106","1":"product","2":"type-product","3":"status-publish","4":"has-post-thumbnail","6":"product_brand-thule","7":"product_cat-supports","9":"first","10":"instock","11":"shipping-taxable","12":"purchasable","13":"product-type-simple"},"acf":[],"yoast_head":"<!-- This site is optimized with the Yoast SEO plugin v27.4 - https:\/\/yoast.com\/product\/yoast-seo-wordpress\/ -->\n<title>\u041e\u043f\u043e\u0440\u0430 Thule Evo Raised Rail (710410) - \u041c\u0430\u0433\u0430\u0437\u0438\u043d Xstyle<\/title>\n<meta name=\"description\" content=\"\u041e\u043f\u043e\u0440\u0430 Thule Evo Raised Rail (7104) - \u0438\u0434\u0435\u0430\u043b\u044c\u043d\u043e\u0435 \u0440\u0435\u0448\u0435\u043d\u0438\u0435 \u0434\u043b\u044f \u0430\u0432\u0442\u043e\u043c\u043e\u0431\u0438\u043b\u0435\u0439 \u0441 \u043f\u0440\u043e\u0434\u043e\u043b\u044c\u043d\u044b\u043c\u0438 \u0440\u0435\u0439\u043b\u0438\u043d\u0433\u0430\u043c\u0438. \u0423\u0441\u0442\u0430\u043d\u043e\u0432\u043a\u0430 \u043f\u0440\u043e\u0441\u0442\u0430, \u043d\u0430\u0434\u0451\u0436\u043d\u043e\u0441\u0442\u044c \u0438 \u0443\u043d\u0438\u0432\u0435\u0440\u0441\u0430\u043b\u044c\u043d\u043e\u0441\u0442\u044c \u0433\u0430\u0440\u0430\u043d\u0442\u0438\u0440\u043e\u0432\u0430\u043d\u044b!\" \/>\n<meta name=\"robots\" content=\"index, follow, max-snippet:-1, max-image-preview:large, max-video-preview:-1\" \/>\n<link rel=\"canonical\" href=\"https:\/\/xstyle.md\/ro\/produs\/opora-thule-evo-raised-rail-7104\/\" \/>\n<meta property=\"og:locale\" content=\"ro_RO\" \/>\n<meta property=\"og:type\" content=\"article\" \/>\n<meta property=\"og:title\" content=\"\u041e\u043f\u043e\u0440\u0430 Thule Evo Raised Rail (710410) - \u041c\u0430\u0433\u0430\u0437\u0438\u043d Xstyle\" \/>\n<meta property=\"og:description\" content=\"\u041e\u043f\u043e\u0440\u0430 Thule Evo Raised Rail (7104) - \u0438\u0434\u0435\u0430\u043b\u044c\u043d\u043e\u0435 \u0440\u0435\u0448\u0435\u043d\u0438\u0435 \u0434\u043b\u044f \u0430\u0432\u0442\u043e\u043c\u043e\u0431\u0438\u043b\u0435\u0439 \u0441 \u043f\u0440\u043e\u0434\u043e\u043b\u044c\u043d\u044b\u043c\u0438 \u0440\u0435\u0439\u043b\u0438\u043d\u0433\u0430\u043c\u0438. \u0423\u0441\u0442\u0430\u043d\u043e\u0432\u043a\u0430 \u043f\u0440\u043e\u0441\u0442\u0430, \u043d\u0430\u0434\u0451\u0436\u043d\u043e\u0441\u0442\u044c \u0438 \u0443\u043d\u0438\u0432\u0435\u0440\u0441\u0430\u043b\u044c\u043d\u043e\u0441\u0442\u044c \u0433\u0430\u0440\u0430\u043d\u0442\u0438\u0440\u043e\u0432\u0430\u043d\u044b!\" \/>\n<meta property=\"og:url\" content=\"https:\/\/xstyle.md\/ro\/produs\/opora-thule-evo-raised-rail-7104\/\" \/>\n<meta property=\"og:site_name\" content=\"\u041c\u0430\u0433\u0430\u0437\u0438\u043d Xstyle\" \/>\n<meta property=\"article:publisher\" content=\"https:\/\/www.facebook.com\/xstylemd\" \/>\n<meta property=\"article:modified_time\" content=\"2026-02-17T15:26:39+00:00\" \/>\n<meta property=\"og:image\" content=\"https:\/\/xstyle.md\/wp-content\/uploads\/2020\/07\/thule_evo_raised_rail.jpg\" \/>\n\t<meta property=\"og:image:width\" content=\"511\" \/>\n\t<meta property=\"og:image:height\" content=\"479\" \/>\n\t<meta property=\"og:image:type\" content=\"image\/jpeg\" \/>\n<meta name=\"twitter:card\" content=\"summary_large_image\" \/>\n<meta name=\"twitter:label1\" content=\"Pre\u021b\" \/>\n\t<meta name=\"twitter:data1\" content=\"3.190&nbsp;MDL\" \/>\n\t<meta name=\"twitter:label2\" content=\"Disponibilitate\" \/>\n\t<meta name=\"twitter:data2\" content=\"\u00cen stoc\" \/>\n<script type=\"application\/ld+json\" class=\"yoast-schema-graph\">{\"@context\":\"https:\\\/\\\/schema.org\",\"@graph\":[{\"@type\":\"WebPage\",\"@id\":\"https:\\\/\\\/xstyle.md\\\/product\\\/opora-thule-evo-raised-rail-7104\\\/\",\"url\":\"https:\\\/\\\/xstyle.md\\\/product\\\/opora-thule-evo-raised-rail-7104\\\/\",\"name\":\"\u041e\u043f\u043e\u0440\u0430 Thule Evo Raised Rail (710410) - \u041c\u0430\u0433\u0430\u0437\u0438\u043d Xstyle\",\"isPartOf\":{\"@id\":\"https:\\\/\\\/xstyle.md\\\/#website\"},\"primaryImageOfPage\":{\"@id\":\"https:\\\/\\\/xstyle.md\\\/product\\\/opora-thule-evo-raised-rail-7104\\\/#primaryimage\"},\"image\":{\"@id\":\"https:\\\/\\\/xstyle.md\\\/product\\\/opora-thule-evo-raised-rail-7104\\\/#primaryimage\"},\"thumbnailUrl\":\"https:\\\/\\\/xstyle.md\\\/wp-content\\\/uploads\\\/2020\\\/07\\\/thule_evo_raised_rail.jpg\",\"datePublished\":\"2020-07-17T13:39:58+00:00\",\"dateModified\":\"2026-02-17T15:26:39+00:00\",\"description\":\"\u041e\u043f\u043e\u0440\u0430 Thule Evo Raised Rail (7104) - \u0438\u0434\u0435\u0430\u043b\u044c\u043d\u043e\u0435 \u0440\u0435\u0448\u0435\u043d\u0438\u0435 \u0434\u043b\u044f \u0430\u0432\u0442\u043e\u043c\u043e\u0431\u0438\u043b\u0435\u0439 \u0441 \u043f\u0440\u043e\u0434\u043e\u043b\u044c\u043d\u044b\u043c\u0438 \u0440\u0435\u0439\u043b\u0438\u043d\u0433\u0430\u043c\u0438. \u0423\u0441\u0442\u0430\u043d\u043e\u0432\u043a\u0430 \u043f\u0440\u043e\u0441\u0442\u0430, \u043d\u0430\u0434\u0451\u0436\u043d\u043e\u0441\u0442\u044c \u0438 \u0443\u043d\u0438\u0432\u0435\u0440\u0441\u0430\u043b\u044c\u043d\u043e\u0441\u0442\u044c \u0433\u0430\u0440\u0430\u043d\u0442\u0438\u0440\u043e\u0432\u0430\u043d\u044b!\",\"breadcrumb\":{\"@id\":\"https:\\\/\\\/xstyle.md\\\/product\\\/opora-thule-evo-raised-rail-7104\\\/#breadcrumb\"},\"inLanguage\":\"ro-RO\",\"potentialAction\":[{\"@type\":\"ReadAction\",\"target\":[\"https:\\\/\\\/xstyle.md\\\/product\\\/opora-thule-evo-raised-rail-7104\\\/\"]}]},{\"@type\":\"ImageObject\",\"inLanguage\":\"ro-RO\",\"@id\":\"https:\\\/\\\/xstyle.md\\\/product\\\/opora-thule-evo-raised-rail-7104\\\/#primaryimage\",\"url\":\"https:\\\/\\\/xstyle.md\\\/wp-content\\\/uploads\\\/2020\\\/07\\\/thule_evo_raised_rail.jpg\",\"contentUrl\":\"https:\\\/\\\/xstyle.md\\\/wp-content\\\/uploads\\\/2020\\\/07\\\/thule_evo_raised_rail.jpg\",\"width\":511,\"height\":479},{\"@type\":\"BreadcrumbList\",\"@id\":\"https:\\\/\\\/xstyle.md\\\/product\\\/opora-thule-evo-raised-rail-7104\\\/#breadcrumb\",\"itemListElement\":[{\"@type\":\"ListItem\",\"position\":1,\"name\":\"\u0413\u043b\u0430\u0432\u043d\u0430\u044f \u0441\u0442\u0440\u0430\u043d\u0438\u0446\u0430\",\"item\":\"https:\\\/\\\/xstyle.md\\\/\"},{\"@type\":\"ListItem\",\"position\":2,\"name\":\"\u041c\u0430\u0433\u0430\u0437\u0438\u043d\",\"item\":\"https:\\\/\\\/xstyle.md\\\/shop\\\/\"},{\"@type\":\"ListItem\",\"position\":3,\"name\":\"\u041e\u043f\u043e\u0440\u0430 Thule Evo Raised Rail (710410)\"}]},{\"@type\":\"WebSite\",\"@id\":\"https:\\\/\\\/xstyle.md\\\/#website\",\"url\":\"https:\\\/\\\/xstyle.md\\\/\",\"name\":\"\u041c\u0430\u0433\u0430\u0437\u0438\u043d Xstyle\",\"description\":\"C\u043d\u0430\u0440\u044f\u0436\u0435\u043d\u0438\u0435 \u0434\u043b\u044f \u0442\u0443\u0440\u0438\u0437\u043c\u0430 \u0438 \u044d\u043a\u0441\u0442\u0440\u0435\u043c\u0430\u043b\u044c\u043d\u044b\u0445 \u0432\u0438\u0434\u043e\u0432 \u0441\u043f\u043e\u0440\u0442\u0430 \u0432 \u041c\u043e\u043b\u0434\u043e\u0432\u0435.. \u0426\u0435\u043d\u044b, \u0444\u043e\u0442\u043e, \u0445\u0430\u0440\u0430\u043a\u0442\u0435\u0440\u0438\u0441\u0442\u0438\u043a\u0438 \u0432 \u041c\u043e\u043b\u0434\u043e\u0432\u0435.\",\"publisher\":{\"@id\":\"https:\\\/\\\/xstyle.md\\\/#organization\"},\"alternateName\":\"X-Style\",\"potentialAction\":[{\"@type\":\"SearchAction\",\"target\":{\"@type\":\"EntryPoint\",\"urlTemplate\":\"https:\\\/\\\/xstyle.md\\\/?s={search_term_string}\"},\"query-input\":{\"@type\":\"PropertyValueSpecification\",\"valueRequired\":true,\"valueName\":\"search_term_string\"}}],\"inLanguage\":\"ro-RO\"},{\"@type\":\"Organization\",\"@id\":\"https:\\\/\\\/xstyle.md\\\/#organization\",\"name\":\"\u041c\u0430\u0433\u0430\u0437\u0438\u043d Xstyle\",\"alternateName\":\"x-style\",\"url\":\"https:\\\/\\\/xstyle.md\\\/\",\"logo\":{\"@type\":\"ImageObject\",\"inLanguage\":\"ro-RO\",\"@id\":\"https:\\\/\\\/xstyle.md\\\/#\\\/schema\\\/logo\\\/image\\\/\",\"url\":\"https:\\\/\\\/xstyle.md\\\/wp-content\\\/uploads\\\/2020\\\/06\\\/logoicon.svg\",\"contentUrl\":\"https:\\\/\\\/xstyle.md\\\/wp-content\\\/uploads\\\/2020\\\/06\\\/logoicon.svg\",\"caption\":\"\u041c\u0430\u0433\u0430\u0437\u0438\u043d Xstyle\"},\"image\":{\"@id\":\"https:\\\/\\\/xstyle.md\\\/#\\\/schema\\\/logo\\\/image\\\/\"},\"sameAs\":[\"https:\\\/\\\/www.facebook.com\\\/xstylemd\",\"https:\\\/\\\/www.instagram.com\\\/xstyle_md\\\/\",\"https:\\\/\\\/t.me\\\/xstyle_outdoor\"],\"hasMerchantReturnPolicy\":{\"@type\":\"MerchantReturnPolicy\",\"merchantReturnLink\":\"https:\\\/\\\/xstyle.md\\\/ro\\\/conditions\\\/\"}}]}<\/script>\n<meta property=\"product:price:amount\" content=\"3190.00\" \/>\n<meta property=\"product:price:currency\" content=\"MDL\" \/>\n<meta property=\"og:availability\" content=\"instock\" \/>\n<meta property=\"product:availability\" content=\"instock\" \/>\n<meta property=\"product:retailer_item_id\" content=\"710410\" \/>\n<meta property=\"product:condition\" content=\"new\" \/>\n<!-- \/ Yoast SEO plugin. -->","yoast_head_json":{"title":"\u041e\u043f\u043e\u0440\u0430 Thule Evo Raised Rail (710410) - \u041c\u0430\u0433\u0430\u0437\u0438\u043d Xstyle","description":"Suport Thule Evo Raised Rail (7104) - solu\u021bia perfect\u0103 pentru ma\u0219inile cu bare transversale longitudinale. Instalarea este simpl\u0103, fiabilitatea \u0219i versatilitatea sunt garantate!","robots":{"index":"index","follow":"follow","max-snippet":"max-snippet:-1","max-image-preview":"max-image-preview:large","max-video-preview":"max-video-preview:-1"},"canonical":"https:\/\/xstyle.md\/ro\/produs\/opora-thule-evo-raised-rail-7104\/","og_locale":"ro_RO","og_type":"article","og_title":"\u041e\u043f\u043e\u0440\u0430 Thule Evo Raised Rail (710410) - \u041c\u0430\u0433\u0430\u0437\u0438\u043d Xstyle","og_description":"\u041e\u043f\u043e\u0440\u0430 Thule Evo Raised Rail (7104) - \u0438\u0434\u0435\u0430\u043b\u044c\u043d\u043e\u0435 \u0440\u0435\u0448\u0435\u043d\u0438\u0435 \u0434\u043b\u044f \u0430\u0432\u0442\u043e\u043c\u043e\u0431\u0438\u043b\u0435\u0439 \u0441 \u043f\u0440\u043e\u0434\u043e\u043b\u044c\u043d\u044b\u043c\u0438 \u0440\u0435\u0439\u043b\u0438\u043d\u0433\u0430\u043c\u0438. \u0423\u0441\u0442\u0430\u043d\u043e\u0432\u043a\u0430 \u043f\u0440\u043e\u0441\u0442\u0430, \u043d\u0430\u0434\u0451\u0436\u043d\u043e\u0441\u0442\u044c \u0438 \u0443\u043d\u0438\u0432\u0435\u0440\u0441\u0430\u043b\u044c\u043d\u043e\u0441\u0442\u044c \u0433\u0430\u0440\u0430\u043d\u0442\u0438\u0440\u043e\u0432\u0430\u043d\u044b!","og_url":"https:\/\/xstyle.md\/ro\/produs\/opora-thule-evo-raised-rail-7104\/","og_site_name":"\u041c\u0430\u0433\u0430\u0437\u0438\u043d Xstyle","article_publisher":"https:\/\/www.facebook.com\/xstylemd","article_modified_time":"2026-02-17T15:26:39+00:00","og_image":[{"width":511,"height":479,"url":"https:\/\/xstyle.md\/wp-content\/uploads\/2020\/07\/thule_evo_raised_rail.jpg","type":"image\/jpeg"}],"twitter_card":"summary_large_image","twitter_misc":{"Pre\u021b":"3.190&nbsp;MDL","Disponibilitate":"\u00cen stoc"},"schema":{"@context":"https:\/\/schema.org","@graph":[{"@type":"WebPage","@id":"https:\/\/xstyle.md\/product\/opora-thule-evo-raised-rail-7104\/","url":"https:\/\/xstyle.md\/product\/opora-thule-evo-raised-rail-7104\/","name":"\u041e\u043f\u043e\u0440\u0430 Thule Evo Raised Rail (710410) - \u041c\u0430\u0433\u0430\u0437\u0438\u043d Xstyle","isPartOf":{"@id":"https:\/\/xstyle.md\/#website"},"primaryImageOfPage":{"@id":"https:\/\/xstyle.md\/product\/opora-thule-evo-raised-rail-7104\/#primaryimage"},"image":{"@id":"https:\/\/xstyle.md\/product\/opora-thule-evo-raised-rail-7104\/#primaryimage"},"thumbnailUrl":"https:\/\/xstyle.md\/wp-content\/uploads\/2020\/07\/thule_evo_raised_rail.jpg","datePublished":"2020-07-17T13:39:58+00:00","dateModified":"2026-02-17T15:26:39+00:00","description":"Suport Thule Evo Raised Rail (7104) - solu\u021bia perfect\u0103 pentru ma\u0219inile cu bare transversale longitudinale. Instalarea este simpl\u0103, fiabilitatea \u0219i versatilitatea sunt garantate!","breadcrumb":{"@id":"https:\/\/xstyle.md\/product\/opora-thule-evo-raised-rail-7104\/#breadcrumb"},"inLanguage":"ro-RO","potentialAction":[{"@type":"ReadAction","target":["https:\/\/xstyle.md\/product\/opora-thule-evo-raised-rail-7104\/"]}]},{"@type":"ImageObject","inLanguage":"ro-RO","@id":"https:\/\/xstyle.md\/product\/opora-thule-evo-raised-rail-7104\/#primaryimage","url":"https:\/\/xstyle.md\/wp-content\/uploads\/2020\/07\/thule_evo_raised_rail.jpg","contentUrl":"https:\/\/xstyle.md\/wp-content\/uploads\/2020\/07\/thule_evo_raised_rail.jpg","width":511,"height":479},{"@type":"BreadcrumbList","@id":"https:\/\/xstyle.md\/product\/opora-thule-evo-raised-rail-7104\/#breadcrumb","itemListElement":[{"@type":"ListItem","position":1,"name":"\u0413\u043b\u0430\u0432\u043d\u0430\u044f \u0441\u0442\u0440\u0430\u043d\u0438\u0446\u0430","item":"https:\/\/xstyle.md\/"},{"@type":"ListItem","position":2,"name":"\u041c\u0430\u0433\u0430\u0437\u0438\u043d","item":"https:\/\/xstyle.md\/shop\/"},{"@type":"ListItem","position":3,"name":"\u041e\u043f\u043e\u0440\u0430 Thule Evo Raised Rail (710410)"}]},{"@type":"WebSite","@id":"https:\/\/xstyle.md\/#website","url":"https:\/\/xstyle.md\/","name":"Magazinul X-Style","description":"Echipamente pentru turism \u0219i sporturi extreme \u00een Moldova. Pre\u021buri, fotografii, caracteristici \u00een Moldova.","publisher":{"@id":"https:\/\/xstyle.md\/#organization"},"alternateName":"X-Style","potentialAction":[{"@type":"SearchAction","target":{"@type":"EntryPoint","urlTemplate":"https:\/\/xstyle.md\/?s={search_term_string}"},"query-input":{"@type":"PropertyValueSpecification","valueRequired":true,"valueName":"search_term_string"}}],"inLanguage":"ro-RO"},{"@type":"Organization","@id":"https:\/\/xstyle.md\/#organization","name":"Magazinul X-Style","alternateName":"x-style","url":"https:\/\/xstyle.md\/","logo":{"@type":"ImageObject","inLanguage":"ro-RO","@id":"https:\/\/xstyle.md\/#\/schema\/logo\/image\/","url":"https:\/\/xstyle.md\/wp-content\/uploads\/2020\/06\/logoicon.svg","contentUrl":"https:\/\/xstyle.md\/wp-content\/uploads\/2020\/06\/logoicon.svg","caption":"\u041c\u0430\u0433\u0430\u0437\u0438\u043d Xstyle"},"image":{"@id":"https:\/\/xstyle.md\/#\/schema\/logo\/image\/"},"sameAs":["https:\/\/www.facebook.com\/xstylemd","https:\/\/www.instagram.com\/xstyle_md\/","https:\/\/t.me\/xstyle_outdoor"],"hasMerchantReturnPolicy":{"@type":"MerchantReturnPolicy","merchantReturnLink":"https:\/\/xstyle.md\/ro\/conditions\/"}}]},"product_price_amount":"3190.00","product_price_currency":"MDL","og_availability":"instock","product_availability":"instock","product_retailer_item_id":"710410","product_condition":"new"},"_links":{"self":[{"href":"https:\/\/xstyle.md\/ro\/wp-json\/wp\/v2\/product\/16106","targetHints":{"allow":["GET"]}}],"collection":[{"href":"https:\/\/xstyle.md\/ro\/wp-json\/wp\/v2\/product"}],"about":[{"href":"https:\/\/xstyle.md\/ro\/wp-json\/wp\/v2\/types\/product"}],"replies":[{"embeddable":true,"href":"https:\/\/xstyle.md\/ro\/wp-json\/wp\/v2\/comments?post=16106"}],"wp:featuredmedia":[{"embeddable":true,"href":"https:\/\/xstyle.md\/ro\/wp-json\/wp\/v2\/media\/16101"}],"wp:attachment":[{"href":"https:\/\/xstyle.md\/ro\/wp-json\/wp\/v2\/media?parent=16106"}],"wp:term":[{"taxonomy":"product_brand","embeddable":true,"href":"https:\/\/xstyle.md\/ro\/wp-json\/wp\/v2\/product_brand?post=16106"},{"taxonomy":"product_cat","embeddable":true,"href":"https:\/\/xstyle.md\/ro\/wp-json\/wp\/v2\/product_cat?post=16106"},{"taxonomy":"product_tag","embeddable":true,"href":"https:\/\/xstyle.md\/ro\/wp-json\/wp\/v2\/product_tag?post=16106"}],"curies":[{"name":"wp","href":"https:\/\/api.w.org\/{rel}","templated":true}]}}