{"id":16050,"date":"2020-07-17T16:35:31","date_gmt":"2020-07-17T13:35:31","guid":{"rendered":"https:\/\/xstyle.md\/product\/velobagazhnik-na-zadnjuju-dver-thule-backpac-2-973"},"modified":"2024-10-02T22:01:16","modified_gmt":"2024-10-02T19:01:16","slug":"velobagazhnik-na-zadnjuju-dver-thule-backpac-2-973","status":"publish","type":"product","link":"https:\/\/xstyle.md\/ro\/produs\/velobagazhnik-na-zadnjuju-dver-thule-backpac-2-973\/","title":{"rendered":"Suport biciclet\u0103 Thule BackPac 2 (973)"},"content":{"rendered":"<\/p>\n<p><strong>Suport pentru biciclete Thule BackPac 2 (973)<\/strong> &#8212; Suportul pentru u\u0219i din spate este proiectat pentru transportul simultan de p&acirc;n\u0103 la patru biciclete cu o greutate de 15 kg fiecare. Ca standard, nu pot fi instalate mai mult de dou\u0103 biciclete pe ea, a treia poate fi instalat\u0103 sub rezerva ad\u0103ug\u0103rii adaptorului Thule 973-23, iar a patra, de asemenea, adaptorul Thule 973-24. Acest model este potrivit &icirc;n mod optim pentru microbuze, autoutilitare, SUV-uri cu dimensiuni mari \u0219i alte ma\u0219ini cu u\u0219\u0103 spate mare.<\/p>\n<p>Thule BackPac2 este instalat folosind un kit de fixare special care v\u0103 permite s\u0103 regla\u021bi suportul pentru biciclete pe u\u0219a din spate de diferite dimensiuni \u0219i configura\u021bii. Montarea \u0219i demontarea necesit\u0103 un anumit timp \u0219i unealt\u0103, cu toate acestea, &icirc;ntre utilizare, suportul poate fi pliat f\u0103r\u0103 a-l scoate din u\u0219\u0103. &Icirc;n plus, designul, chiar \u0219i dup\u0103 instalarea bicicletelor pe el, nu blocheaz\u0103 luminile din spate \u0219i pl\u0103cu\u021ba de &icirc;nmatriculare.<\/p>\n<p>BackPac2 are accesorii retractabile &icirc;n form\u0103 de V pentru transportul bicicletelor cu o baz\u0103 larg\u0103. Bicicletele sunt fixate &icirc;n trei puncte: folosind suporturi rigide pentru cadru \u0219i suporturi flexibile pentru ro\u021bi. L\u0103c\u0103\u021bile cadrului se pot bloca pentru a preveni furtul bicicletelor.<\/p>\n<p><span>Compania creeaz&atilde; produsele de cea mai &icirc;nalt&atilde; clas&atilde;, care este r&atilde;sp&icirc;ndit&atilde; prin calitate superioar&atilde;, siguran\u021b&atilde;, simplitate prin utilizare \u015fi aspect robust. Compania suedez&atilde; Thule produce boxe \u015fi alte accesorii pentru automobil dup&atilde; cele mai inovative tehnologii. Toate produsele trec un control minu\u0163ios &icirc;n diverse condi\u021bii, pentru ca Dvs s&atilde; fi\u0163i convin\u015fi de profesionalismul s&atilde;u.<\/span><\/p>\n<p><em>Garan\u021bia oficial&atilde; de la produc&atilde;tor se r&atilde;sp&acirc;nde\u015fte asupra tuturor produselor Thule \u015fi este valabil\u0103 5 ani.<\/em><\/p>\n<h3>Specifica\u021bii<\/h3>\n<ul>\n<li>Pute\u021bi cre\u0219te capacitatea de transportare de la 2 la 3 biciclete ad\u0103ug&acirc;nd un adaptor 973-23 sau p&acirc;n\u0103 la 4 biciclete ad\u0103ug&acirc;nd 973-23 \u0219i 973-24<\/li>\n<li>&Icirc;n pozi\u021bia ridicat\u0103, suportul nu ascunde farurile din spate \u0219i placa de &icirc;nmatriculare<\/li>\n<li>Toate piesele sunt acoperite cu cauciuc pentru o protec\u021bie suplimentar\u0103<\/li>\n<li>Montare convenabil\u0103 pentru biciclete cu ajutorul fixatoarelor mobile<\/li>\n<li>Ro\u021bile sunt fixate &icirc;n siguran\u021b\u0103 datorit\u0103 centurilor cu eliberare rapid\u0103<\/li>\n<li>Stativ pentru ro\u021bile bicicletelor mari<\/li>\n<li>Se pliaz\u0103 compact pentru depozitare \u0219i transportare u\u0219oar\u0103<\/li>\n<li>Bicicletele sunt fixate pe suport cu o l\u0103cat\u0103 (inclus\u0103),<\/li>\n<li>Un kit special adapteaz\u0103 suportul la unele modele de ma\u0219ini<\/li>\n<li>Acest produs nu este universal.<\/li>\n<\/ul>\n<h3>Caracteristici&nbsp;<\/h3>\n<div class=\"row\">\n<div class=\"col-md-6\">\n<ul>\n<li>Num\u0103rul maxim de biciclete &#8212; 2 (3) (4)<\/li>\n<li>Sarcin\u0103 util\u0103 60 kg<\/li>\n<li>Greutatea maxim\u0103 a bicicletei &#8212; 15 kg<\/li>\n<li>Dimensiuni &#8212; 141 x 75 x 154 cm<\/li>\n<li>Pliat &#8212; 97 x 45 x 154 cm<\/li>\n<li>Greutate &#8212; 15 kg<\/li>\n<li>Suporturi pentru rame deta\u0219abile &#8212; da<\/li>\n<li>Potrivit pentru rame de carbon &#8212; nu<\/li>\n<li>Bicicletele instalate nu blocheaz\u0103 luminile din spate \u0219i pl\u0103cu\u021ba de &icirc;nmatriculare &#8212; da<\/li>\n<li>Compatibilitate cu One Key System &#8212; da<\/li>\n<li>Blocarea bicicletei cu lac\u0103t &ndash; da<\/li>\n<li>&Icirc;ncuie lac\u0103tul pe ma\u0219ii-da<\/li>\n<\/ul>\n<\/div>\n<div class=\"col-md-6\">&nbsp;<\/div>\n<\/div>\n<p><\/p>","protected":false},"excerpt":{"rendered":"<p>Suport biciclet\u0103 Thule BackPac 2 (973)<\/p>","protected":false},"featured_media":16045,"comment_status":"open","ping_status":"closed","template":"","meta":{"_acf_changed":false,"inline_featured_image":false},"product_brand":[1269],"product_cat":[264],"product_tag":[],"class_list":{"0":"post-16050","1":"product","2":"type-product","3":"status-publish","4":"has-post-thumbnail","6":"product_brand-thule","7":"product_cat-back-door","9":"first","10":"outofstock","11":"shipping-taxable","12":"product-type-simple"},"acf":[],"yoast_head":"<!-- This site is optimized with the Yoast SEO plugin v27.4 - https:\/\/yoast.com\/product\/yoast-seo-wordpress\/ -->\n<title>\u041a\u0440\u0435\u043f\u043b\u0435\u043d\u0438\u0435 \u0434\u043b\u044f \u0432\u0435\u043b\u043e\u0441\u0438\u043f\u0435\u0434\u0430 Thule BackPac 2 (973) - \u041c\u0430\u0433\u0430\u0437\u0438\u043d Xstyle<\/title>\n<meta name=\"description\" content=\"\u041a\u0440\u0435\u043f\u043b\u0435\u043d\u0438\u0435 \u0434\u043b\u044f \u0432\u0435\u043b\u043e\u0441\u0438\u043f\u0435\u0434\u0430 Thule BackPac 2 (973) \u0438\u0434\u0435\u0430\u043b\u044c\u043d\u043e \u043f\u043e\u0434\u0445\u043e\u0434\u0438\u0442 \u0434\u043b\u044f \u0431\u0435\u0437\u043e\u043f\u0430\u0441\u043d\u043e\u0433\u043e \u0438 \u0443\u0434\u043e\u0431\u043d\u043e\u0433\u043e \u043f\u0435\u0440\u0435\u0432\u043e\u0437\u043a\u0438 \u0434\u043e 4 \u0432\u0435\u043b\u043e\u0441\u0438\u043f\u0435\u0434\u043e\u0432 \u043d\u0430 \u0437\u0430\u0434\u043d\u0438\u0445 \u0434\u0432\u0435\u0440\u044f\u0445 \u0432\u0430\u0448\u0435\u0433\u043e \u0430\u0432\u0442\u043e.\" \/>\n<meta name=\"robots\" content=\"index, follow, max-snippet:-1, max-image-preview:large, max-video-preview:-1\" \/>\n<link rel=\"canonical\" href=\"https:\/\/xstyle.md\/ro\/produs\/velobagazhnik-na-zadnjuju-dver-thule-backpac-2-973\/\" \/>\n<meta property=\"og:locale\" content=\"ro_RO\" \/>\n<meta property=\"og:type\" content=\"article\" \/>\n<meta property=\"og:title\" content=\"\u041a\u0440\u0435\u043f\u043b\u0435\u043d\u0438\u0435 \u0434\u043b\u044f \u0432\u0435\u043b\u043e\u0441\u0438\u043f\u0435\u0434\u0430 Thule BackPac 2 (973) - \u041c\u0430\u0433\u0430\u0437\u0438\u043d Xstyle\" \/>\n<meta property=\"og:description\" content=\"\u041a\u0440\u0435\u043f\u043b\u0435\u043d\u0438\u0435 \u0434\u043b\u044f \u0432\u0435\u043b\u043e\u0441\u0438\u043f\u0435\u0434\u0430 Thule BackPac 2 (973) \u0438\u0434\u0435\u0430\u043b\u044c\u043d\u043e \u043f\u043e\u0434\u0445\u043e\u0434\u0438\u0442 \u0434\u043b\u044f \u0431\u0435\u0437\u043e\u043f\u0430\u0441\u043d\u043e\u0433\u043e \u0438 \u0443\u0434\u043e\u0431\u043d\u043e\u0433\u043e \u043f\u0435\u0440\u0435\u0432\u043e\u0437\u043a\u0438 \u0434\u043e 4 \u0432\u0435\u043b\u043e\u0441\u0438\u043f\u0435\u0434\u043e\u0432 \u043d\u0430 \u0437\u0430\u0434\u043d\u0438\u0445 \u0434\u0432\u0435\u0440\u044f\u0445 \u0432\u0430\u0448\u0435\u0433\u043e \u0430\u0432\u0442\u043e.\" \/>\n<meta property=\"og:url\" content=\"https:\/\/xstyle.md\/ro\/produs\/velobagazhnik-na-zadnjuju-dver-thule-backpac-2-973\/\" \/>\n<meta property=\"og:site_name\" content=\"\u041c\u0430\u0433\u0430\u0437\u0438\u043d Xstyle\" \/>\n<meta property=\"article:publisher\" content=\"https:\/\/www.facebook.com\/xstylemd\" \/>\n<meta property=\"article:modified_time\" content=\"2024-10-02T19:01:16+00:00\" \/>\n<meta property=\"og:image\" content=\"https:\/\/xstyle.md\/wp-content\/uploads\/2020\/07\/973002_p_1_sized_900x600_rev_1.jpg\" \/>\n\t<meta property=\"og:image:width\" content=\"526\" \/>\n\t<meta property=\"og:image:height\" content=\"595\" \/>\n\t<meta property=\"og:image:type\" content=\"image\/jpeg\" \/>\n<meta name=\"twitter:card\" content=\"summary_large_image\" \/>\n<meta name=\"twitter:label1\" content=\"Pre\u021b\" \/>\n\t<meta name=\"twitter:data1\" content=\"7.790&nbsp;MDL\" \/>\n\t<meta name=\"twitter:label2\" content=\"Disponibilitate\" \/>\n\t<meta name=\"twitter:data2\" content=\"Stoc epuizat\" \/>\n<script type=\"application\/ld+json\" class=\"yoast-schema-graph\">{\"@context\":\"https:\\\/\\\/schema.org\",\"@graph\":[{\"@type\":\"WebPage\",\"@id\":\"https:\\\/\\\/xstyle.md\\\/product\\\/velobagazhnik-na-zadnjuju-dver-thule-backpac-2-973\\\/\",\"url\":\"https:\\\/\\\/xstyle.md\\\/product\\\/velobagazhnik-na-zadnjuju-dver-thule-backpac-2-973\\\/\",\"name\":\"\u041a\u0440\u0435\u043f\u043b\u0435\u043d\u0438\u0435 \u0434\u043b\u044f \u0432\u0435\u043b\u043e\u0441\u0438\u043f\u0435\u0434\u0430 Thule BackPac 2 (973) - \u041c\u0430\u0433\u0430\u0437\u0438\u043d Xstyle\",\"isPartOf\":{\"@id\":\"https:\\\/\\\/xstyle.md\\\/#website\"},\"primaryImageOfPage\":{\"@id\":\"https:\\\/\\\/xstyle.md\\\/product\\\/velobagazhnik-na-zadnjuju-dver-thule-backpac-2-973\\\/#primaryimage\"},\"image\":{\"@id\":\"https:\\\/\\\/xstyle.md\\\/product\\\/velobagazhnik-na-zadnjuju-dver-thule-backpac-2-973\\\/#primaryimage\"},\"thumbnailUrl\":\"https:\\\/\\\/xstyle.md\\\/wp-content\\\/uploads\\\/2020\\\/07\\\/973002_p_1_sized_900x600_rev_1.jpg\",\"datePublished\":\"2020-07-17T13:35:31+00:00\",\"dateModified\":\"2024-10-02T19:01:16+00:00\",\"description\":\"\u041a\u0440\u0435\u043f\u043b\u0435\u043d\u0438\u0435 \u0434\u043b\u044f \u0432\u0435\u043b\u043e\u0441\u0438\u043f\u0435\u0434\u0430 Thule BackPac 2 (973) \u0438\u0434\u0435\u0430\u043b\u044c\u043d\u043e \u043f\u043e\u0434\u0445\u043e\u0434\u0438\u0442 \u0434\u043b\u044f \u0431\u0435\u0437\u043e\u043f\u0430\u0441\u043d\u043e\u0433\u043e \u0438 \u0443\u0434\u043e\u0431\u043d\u043e\u0433\u043e \u043f\u0435\u0440\u0435\u0432\u043e\u0437\u043a\u0438 \u0434\u043e 4 \u0432\u0435\u043b\u043e\u0441\u0438\u043f\u0435\u0434\u043e\u0432 \u043d\u0430 \u0437\u0430\u0434\u043d\u0438\u0445 \u0434\u0432\u0435\u0440\u044f\u0445 \u0432\u0430\u0448\u0435\u0433\u043e \u0430\u0432\u0442\u043e.\",\"breadcrumb\":{\"@id\":\"https:\\\/\\\/xstyle.md\\\/product\\\/velobagazhnik-na-zadnjuju-dver-thule-backpac-2-973\\\/#breadcrumb\"},\"inLanguage\":\"ro-RO\",\"potentialAction\":[{\"@type\":\"ReadAction\",\"target\":[\"https:\\\/\\\/xstyle.md\\\/product\\\/velobagazhnik-na-zadnjuju-dver-thule-backpac-2-973\\\/\"]}]},{\"@type\":\"ImageObject\",\"inLanguage\":\"ro-RO\",\"@id\":\"https:\\\/\\\/xstyle.md\\\/product\\\/velobagazhnik-na-zadnjuju-dver-thule-backpac-2-973\\\/#primaryimage\",\"url\":\"https:\\\/\\\/xstyle.md\\\/wp-content\\\/uploads\\\/2020\\\/07\\\/973002_p_1_sized_900x600_rev_1.jpg\",\"contentUrl\":\"https:\\\/\\\/xstyle.md\\\/wp-content\\\/uploads\\\/2020\\\/07\\\/973002_p_1_sized_900x600_rev_1.jpg\",\"width\":526,\"height\":595},{\"@type\":\"BreadcrumbList\",\"@id\":\"https:\\\/\\\/xstyle.md\\\/product\\\/velobagazhnik-na-zadnjuju-dver-thule-backpac-2-973\\\/#breadcrumb\",\"itemListElement\":[{\"@type\":\"ListItem\",\"position\":1,\"name\":\"\u0413\u043b\u0430\u0432\u043d\u0430\u044f \u0441\u0442\u0440\u0430\u043d\u0438\u0446\u0430\",\"item\":\"https:\\\/\\\/xstyle.md\\\/\"},{\"@type\":\"ListItem\",\"position\":2,\"name\":\"\u041c\u0430\u0433\u0430\u0437\u0438\u043d\",\"item\":\"https:\\\/\\\/xstyle.md\\\/shop\\\/\"},{\"@type\":\"ListItem\",\"position\":3,\"name\":\"\u041a\u0440\u0435\u043f\u043b\u0435\u043d\u0438\u0435 \u0434\u043b\u044f \u0432\u0435\u043b\u043e\u0441\u0438\u043f\u0435\u0434\u0430 Thule BackPac 2 (973)\"}]},{\"@type\":\"WebSite\",\"@id\":\"https:\\\/\\\/xstyle.md\\\/#website\",\"url\":\"https:\\\/\\\/xstyle.md\\\/\",\"name\":\"\u041c\u0430\u0433\u0430\u0437\u0438\u043d Xstyle\",\"description\":\"C\u043d\u0430\u0440\u044f\u0436\u0435\u043d\u0438\u0435 \u0434\u043b\u044f \u0442\u0443\u0440\u0438\u0437\u043c\u0430 \u0438 \u044d\u043a\u0441\u0442\u0440\u0435\u043c\u0430\u043b\u044c\u043d\u044b\u0445 \u0432\u0438\u0434\u043e\u0432 \u0441\u043f\u043e\u0440\u0442\u0430 \u0432 \u041c\u043e\u043b\u0434\u043e\u0432\u0435.. \u0426\u0435\u043d\u044b, \u0444\u043e\u0442\u043e, \u0445\u0430\u0440\u0430\u043a\u0442\u0435\u0440\u0438\u0441\u0442\u0438\u043a\u0438 \u0432 \u041c\u043e\u043b\u0434\u043e\u0432\u0435.\",\"publisher\":{\"@id\":\"https:\\\/\\\/xstyle.md\\\/#organization\"},\"alternateName\":\"X-Style\",\"potentialAction\":[{\"@type\":\"SearchAction\",\"target\":{\"@type\":\"EntryPoint\",\"urlTemplate\":\"https:\\\/\\\/xstyle.md\\\/?s={search_term_string}\"},\"query-input\":{\"@type\":\"PropertyValueSpecification\",\"valueRequired\":true,\"valueName\":\"search_term_string\"}}],\"inLanguage\":\"ro-RO\"},{\"@type\":\"Organization\",\"@id\":\"https:\\\/\\\/xstyle.md\\\/#organization\",\"name\":\"\u041c\u0430\u0433\u0430\u0437\u0438\u043d Xstyle\",\"alternateName\":\"x-style\",\"url\":\"https:\\\/\\\/xstyle.md\\\/\",\"logo\":{\"@type\":\"ImageObject\",\"inLanguage\":\"ro-RO\",\"@id\":\"https:\\\/\\\/xstyle.md\\\/#\\\/schema\\\/logo\\\/image\\\/\",\"url\":\"https:\\\/\\\/xstyle.md\\\/wp-content\\\/uploads\\\/2020\\\/06\\\/logoicon.svg\",\"contentUrl\":\"https:\\\/\\\/xstyle.md\\\/wp-content\\\/uploads\\\/2020\\\/06\\\/logoicon.svg\",\"caption\":\"\u041c\u0430\u0433\u0430\u0437\u0438\u043d Xstyle\"},\"image\":{\"@id\":\"https:\\\/\\\/xstyle.md\\\/#\\\/schema\\\/logo\\\/image\\\/\"},\"sameAs\":[\"https:\\\/\\\/www.facebook.com\\\/xstylemd\",\"https:\\\/\\\/www.instagram.com\\\/xstyle_md\\\/\",\"https:\\\/\\\/t.me\\\/xstyle_outdoor\"],\"hasMerchantReturnPolicy\":{\"@type\":\"MerchantReturnPolicy\",\"merchantReturnLink\":\"https:\\\/\\\/xstyle.md\\\/ro\\\/conditions\\\/\"}}]}<\/script>\n<meta property=\"product:price:amount\" content=\"7790.00\" \/>\n<meta property=\"product:price:currency\" content=\"MDL\" \/>\n<meta property=\"og:availability\" content=\"out of stock\" \/>\n<meta property=\"product:availability\" content=\"out of stock\" \/>\n<meta property=\"product:retailer_item_id\" content=\"973002\" \/>\n<meta property=\"product:condition\" content=\"new\" \/>\n<!-- \/ Yoast SEO plugin. -->","yoast_head_json":{"title":"Suport biciclet\u0103 cu prindere pe haion Thule BackPac 2 (973) - Magazin Xstyle","description":"Prindere pentru biciclet\u0103 Thule BackPac 2 (973) este ideal\u0103 pentru transportul sigur \u0219i convenabil a p\u00e2n\u0103 la 4 biciclete pe u\u0219ile din spate ale ma\u0219inii dumneavoastr\u0103.","robots":{"index":"index","follow":"follow","max-snippet":"max-snippet:-1","max-image-preview":"max-image-preview:large","max-video-preview":"max-video-preview:-1"},"canonical":"https:\/\/xstyle.md\/ro\/produs\/velobagazhnik-na-zadnjuju-dver-thule-backpac-2-973\/","og_locale":"ro_RO","og_type":"article","og_title":"\u041a\u0440\u0435\u043f\u043b\u0435\u043d\u0438\u0435 \u0434\u043b\u044f \u0432\u0435\u043b\u043e\u0441\u0438\u043f\u0435\u0434\u0430 Thule BackPac 2 (973) - \u041c\u0430\u0433\u0430\u0437\u0438\u043d Xstyle","og_description":"\u041a\u0440\u0435\u043f\u043b\u0435\u043d\u0438\u0435 \u0434\u043b\u044f \u0432\u0435\u043b\u043e\u0441\u0438\u043f\u0435\u0434\u0430 Thule BackPac 2 (973) \u0438\u0434\u0435\u0430\u043b\u044c\u043d\u043e \u043f\u043e\u0434\u0445\u043e\u0434\u0438\u0442 \u0434\u043b\u044f \u0431\u0435\u0437\u043e\u043f\u0430\u0441\u043d\u043e\u0433\u043e \u0438 \u0443\u0434\u043e\u0431\u043d\u043e\u0433\u043e \u043f\u0435\u0440\u0435\u0432\u043e\u0437\u043a\u0438 \u0434\u043e 4 \u0432\u0435\u043b\u043e\u0441\u0438\u043f\u0435\u0434\u043e\u0432 \u043d\u0430 \u0437\u0430\u0434\u043d\u0438\u0445 \u0434\u0432\u0435\u0440\u044f\u0445 \u0432\u0430\u0448\u0435\u0433\u043e \u0430\u0432\u0442\u043e.","og_url":"https:\/\/xstyle.md\/ro\/produs\/velobagazhnik-na-zadnjuju-dver-thule-backpac-2-973\/","og_site_name":"\u041c\u0430\u0433\u0430\u0437\u0438\u043d Xstyle","article_publisher":"https:\/\/www.facebook.com\/xstylemd","article_modified_time":"2024-10-02T19:01:16+00:00","og_image":[{"width":526,"height":595,"url":"https:\/\/xstyle.md\/wp-content\/uploads\/2020\/07\/973002_p_1_sized_900x600_rev_1.jpg","type":"image\/jpeg"}],"twitter_card":"summary_large_image","twitter_misc":{"Pre\u021b":"7.790&nbsp;MDL","Disponibilitate":"Stoc epuizat"},"schema":{"@context":"https:\/\/schema.org","@graph":[{"@type":"WebPage","@id":"https:\/\/xstyle.md\/product\/velobagazhnik-na-zadnjuju-dver-thule-backpac-2-973\/","url":"https:\/\/xstyle.md\/product\/velobagazhnik-na-zadnjuju-dver-thule-backpac-2-973\/","name":"Suport biciclet\u0103 cu prindere pe haion Thule BackPac 2 (973) - Magazin Xstyle","isPartOf":{"@id":"https:\/\/xstyle.md\/#website"},"primaryImageOfPage":{"@id":"https:\/\/xstyle.md\/product\/velobagazhnik-na-zadnjuju-dver-thule-backpac-2-973\/#primaryimage"},"image":{"@id":"https:\/\/xstyle.md\/product\/velobagazhnik-na-zadnjuju-dver-thule-backpac-2-973\/#primaryimage"},"thumbnailUrl":"https:\/\/xstyle.md\/wp-content\/uploads\/2020\/07\/973002_p_1_sized_900x600_rev_1.jpg","datePublished":"2020-07-17T13:35:31+00:00","dateModified":"2024-10-02T19:01:16+00:00","description":"Prindere pentru biciclet\u0103 Thule BackPac 2 (973) este ideal\u0103 pentru transportul sigur \u0219i convenabil a p\u00e2n\u0103 la 4 biciclete pe u\u0219ile din spate ale ma\u0219inii dumneavoastr\u0103.","breadcrumb":{"@id":"https:\/\/xstyle.md\/product\/velobagazhnik-na-zadnjuju-dver-thule-backpac-2-973\/#breadcrumb"},"inLanguage":"ro-RO","potentialAction":[{"@type":"ReadAction","target":["https:\/\/xstyle.md\/product\/velobagazhnik-na-zadnjuju-dver-thule-backpac-2-973\/"]}]},{"@type":"ImageObject","inLanguage":"ro-RO","@id":"https:\/\/xstyle.md\/product\/velobagazhnik-na-zadnjuju-dver-thule-backpac-2-973\/#primaryimage","url":"https:\/\/xstyle.md\/wp-content\/uploads\/2020\/07\/973002_p_1_sized_900x600_rev_1.jpg","contentUrl":"https:\/\/xstyle.md\/wp-content\/uploads\/2020\/07\/973002_p_1_sized_900x600_rev_1.jpg","width":526,"height":595},{"@type":"BreadcrumbList","@id":"https:\/\/xstyle.md\/product\/velobagazhnik-na-zadnjuju-dver-thule-backpac-2-973\/#breadcrumb","itemListElement":[{"@type":"ListItem","position":1,"name":"\u0413\u043b\u0430\u0432\u043d\u0430\u044f \u0441\u0442\u0440\u0430\u043d\u0438\u0446\u0430","item":"https:\/\/xstyle.md\/"},{"@type":"ListItem","position":2,"name":"\u041c\u0430\u0433\u0430\u0437\u0438\u043d","item":"https:\/\/xstyle.md\/shop\/"},{"@type":"ListItem","position":3,"name":"\u041a\u0440\u0435\u043f\u043b\u0435\u043d\u0438\u0435 \u0434\u043b\u044f \u0432\u0435\u043b\u043e\u0441\u0438\u043f\u0435\u0434\u0430 Thule BackPac 2 (973)"}]},{"@type":"WebSite","@id":"https:\/\/xstyle.md\/#website","url":"https:\/\/xstyle.md\/","name":"Magazinul X-Style","description":"Echipamente pentru turism \u0219i sporturi extreme \u00een Moldova. Pre\u021buri, fotografii, caracteristici \u00een Moldova.","publisher":{"@id":"https:\/\/xstyle.md\/#organization"},"alternateName":"X-Style","potentialAction":[{"@type":"SearchAction","target":{"@type":"EntryPoint","urlTemplate":"https:\/\/xstyle.md\/?s={search_term_string}"},"query-input":{"@type":"PropertyValueSpecification","valueRequired":true,"valueName":"search_term_string"}}],"inLanguage":"ro-RO"},{"@type":"Organization","@id":"https:\/\/xstyle.md\/#organization","name":"Magazinul X-Style","alternateName":"x-style","url":"https:\/\/xstyle.md\/","logo":{"@type":"ImageObject","inLanguage":"ro-RO","@id":"https:\/\/xstyle.md\/#\/schema\/logo\/image\/","url":"https:\/\/xstyle.md\/wp-content\/uploads\/2020\/06\/logoicon.svg","contentUrl":"https:\/\/xstyle.md\/wp-content\/uploads\/2020\/06\/logoicon.svg","caption":"\u041c\u0430\u0433\u0430\u0437\u0438\u043d Xstyle"},"image":{"@id":"https:\/\/xstyle.md\/#\/schema\/logo\/image\/"},"sameAs":["https:\/\/www.facebook.com\/xstylemd","https:\/\/www.instagram.com\/xstyle_md\/","https:\/\/t.me\/xstyle_outdoor"],"hasMerchantReturnPolicy":{"@type":"MerchantReturnPolicy","merchantReturnLink":"https:\/\/xstyle.md\/ro\/conditions\/"}}]},"product_price_amount":"7790.00","product_price_currency":"MDL","og_availability":"out of stock","product_availability":"out of stock","product_retailer_item_id":"973002","product_condition":"new"},"post_mailing_queue_ids":[],"_links":{"self":[{"href":"https:\/\/xstyle.md\/ro\/wp-json\/wp\/v2\/product\/16050","targetHints":{"allow":["GET"]}}],"collection":[{"href":"https:\/\/xstyle.md\/ro\/wp-json\/wp\/v2\/product"}],"about":[{"href":"https:\/\/xstyle.md\/ro\/wp-json\/wp\/v2\/types\/product"}],"replies":[{"embeddable":true,"href":"https:\/\/xstyle.md\/ro\/wp-json\/wp\/v2\/comments?post=16050"}],"wp:featuredmedia":[{"embeddable":true,"href":"https:\/\/xstyle.md\/ro\/wp-json\/wp\/v2\/media\/16045"}],"wp:attachment":[{"href":"https:\/\/xstyle.md\/ro\/wp-json\/wp\/v2\/media?parent=16050"}],"wp:term":[{"taxonomy":"product_brand","embeddable":true,"href":"https:\/\/xstyle.md\/ro\/wp-json\/wp\/v2\/product_brand?post=16050"},{"taxonomy":"product_cat","embeddable":true,"href":"https:\/\/xstyle.md\/ro\/wp-json\/wp\/v2\/product_cat?post=16050"},{"taxonomy":"product_tag","embeddable":true,"href":"https:\/\/xstyle.md\/ro\/wp-json\/wp\/v2\/product_tag?post=16050"}],"curies":[{"name":"wp","href":"https:\/\/api.w.org\/{rel}","templated":true}]}}