{"id":15892,"date":"2020-07-17T16:22:17","date_gmt":"2020-07-17T13:22:17","guid":{"rendered":"https:\/\/xstyle.md\/?post_type=product&#038;p=15892"},"modified":"2025-11-11T18:03:11","modified_gmt":"2025-11-11T15:03:11","slug":"chehol-dlja-snouborda-travel-extreme-rider-164-cm","status":"publish","type":"product","link":"https:\/\/xstyle.md\/ro\/produs\/chehol-dlja-snouborda-travel-extreme-rider-164-cm\/","title":{"rendered":"Hus\u0103 snowboard Travel Extreme Rider 164 cm"},"content":{"rendered":"<\/p>\n<p><strong>Hus\u0103 pentru snowboard Travel Extreme Rider 164 cm\u00a0&#8212;\u00a0<\/strong>hus\u0103 confortabil\u0103 pentru snowboard care se transform\u0103 \u00eentr-un rucsac. V\u0103 permite s\u0103 transporta\u021bi \u00een plus fa\u021b\u0103 de snowbord \u0219i \u00eenc\u0103l\u021b\u0103mintea \u0219i alte lucruri. Proiectat pentru depozitarea \u0219i transportul snowboardului.<\/p>\n<h3>Particularit\u0103\u021bi<\/h3>\n<ul>\n<li>Ata\u0219ament pentru snowboard \u00een interiorul husei<\/li>\n<li>Buzunar exterior cu fermoar<\/li>\n<li>Leg\u0103tur\u0103 pentru curea<\/li>\n<li>Curele de um\u0103r pentru transportul pe umeri ca rucsac<\/li>\n<li>Inser\u021bii de etan\u0219are c\u0103ptu\u0219ite pentru a preveni deteriorarea pl\u0103cii<\/li>\n<li>Fermoar larg \u00een dou\u0103 direc\u021bii<\/li>\n<li>Feronerie rezistent\u0103 la \u00eenghe\u021b<\/li>\n<li>Tractoare mari pentru fermoar care sunt u\u0219or de deschis chiar \u0219i cu m\u0103nu\u0219i<\/li>\n<\/ul>\n<h3>Caracteristici<\/h3>\n<ul>\n<li>Material &#8212; 600D Nylon<\/li>\n<li>Dimensiune &#8212; 164 cm<\/li>\n<li>Greutate &#8212; 810 g<\/li>\n<\/ul>\n<p><\/p>","protected":false},"excerpt":{"rendered":"<p>Hus\u0103 snowboard Travel Extreme Rider 164 cm<\/p>","protected":false},"featured_media":15890,"comment_status":"open","ping_status":"closed","template":"","meta":{"_acf_changed":false,"inline_featured_image":false},"product_brand":[1343],"product_cat":[397],"product_tag":[],"class_list":{"0":"post-15892","1":"product","2":"type-product","3":"status-publish","4":"has-post-thumbnail","6":"product_brand-travel-extreme","7":"product_cat-husa-pentru-echipamente","9":"first","10":"instock","11":"shipping-taxable","12":"purchasable","13":"product-type-simple"},"acf":[],"yoast_head":"<!-- This site is optimized with the Yoast SEO plugin v27.4 - https:\/\/yoast.com\/product\/yoast-seo-wordpress\/ -->\n<title>\u0427\u0435\u0445\u043e\u043b \u0434\u043b\u044f \u0441\u043d\u043e\u0443\u0431\u043e\u0440\u0434\u0430 Travel Extreme Rider 164 cm - \u041c\u0430\u0433\u0430\u0437\u0438\u043d Xstyle<\/title>\n<meta name=\"description\" content=\"\u041e\u0442\u043a\u0440\u043e\u0439\u0442\u0435 \u0434\u043b\u044f \u0441\u0435\u0431\u044f \u0447\u0435\u0445\u043e\u043b Travel Extreme Rider 164 \u0441\u043c \u2014 \u0443\u0434\u043e\u0431\u043d\u044b\u0439 \u0438 \u0444\u0443\u043d\u043a\u0446\u0438\u043e\u043d\u0430\u043b\u044c\u043d\u044b\u0439 \u0434\u043b\u044f \u0432\u0430\u0448\u0435\u0433\u043e \u0441\u043d\u043e\u0443\u0431\u043e\u0440\u0434\u0430. \u041f\u0440\u0435\u043e\u0431\u0440\u0430\u0437\u0443\u0435\u0442\u0441\u044f \u0432 \u0440\u044e\u043a\u0437\u0430\u043a, \u0438\u0434\u0435\u0430\u043b\u044c\u043d\u043e \u0434\u043b\u044f \u0445\u0440\u0430\u043d\u0435\u043d\u0438\u044f.\" \/>\n<meta name=\"robots\" content=\"index, follow, max-snippet:-1, max-image-preview:large, max-video-preview:-1\" \/>\n<link rel=\"canonical\" href=\"https:\/\/xstyle.md\/ro\/produs\/chehol-dlja-snouborda-travel-extreme-rider-164-cm\/\" \/>\n<meta property=\"og:locale\" content=\"ro_RO\" \/>\n<meta property=\"og:type\" content=\"article\" \/>\n<meta property=\"og:title\" content=\"\u0427\u0435\u0445\u043e\u043b \u0434\u043b\u044f \u0441\u043d\u043e\u0443\u0431\u043e\u0440\u0434\u0430 Travel Extreme Rider 164 cm - \u041c\u0430\u0433\u0430\u0437\u0438\u043d Xstyle\" \/>\n<meta property=\"og:description\" content=\"\u041e\u0442\u043a\u0440\u043e\u0439\u0442\u0435 \u0434\u043b\u044f \u0441\u0435\u0431\u044f \u0447\u0435\u0445\u043e\u043b Travel Extreme Rider 164 \u0441\u043c \u2014 \u0443\u0434\u043e\u0431\u043d\u044b\u0439 \u0438 \u0444\u0443\u043d\u043a\u0446\u0438\u043e\u043d\u0430\u043b\u044c\u043d\u044b\u0439 \u0434\u043b\u044f \u0432\u0430\u0448\u0435\u0433\u043e \u0441\u043d\u043e\u0443\u0431\u043e\u0440\u0434\u0430. \u041f\u0440\u0435\u043e\u0431\u0440\u0430\u0437\u0443\u0435\u0442\u0441\u044f \u0432 \u0440\u044e\u043a\u0437\u0430\u043a, \u0438\u0434\u0435\u0430\u043b\u044c\u043d\u043e \u0434\u043b\u044f \u0445\u0440\u0430\u043d\u0435\u043d\u0438\u044f.\" \/>\n<meta property=\"og:url\" content=\"https:\/\/xstyle.md\/ro\/produs\/chehol-dlja-snouborda-travel-extreme-rider-164-cm\/\" \/>\n<meta property=\"og:site_name\" content=\"\u041c\u0430\u0433\u0430\u0437\u0438\u043d Xstyle\" \/>\n<meta property=\"article:publisher\" content=\"https:\/\/www.facebook.com\/xstylemd\" \/>\n<meta property=\"article:modified_time\" content=\"2025-11-11T15:03:11+00:00\" \/>\n<meta property=\"og:image\" content=\"https:\/\/xstyle.md\/wp-content\/uploads\/2020\/07\/photo_2018-12-14_10-06-57.jpg\" \/>\n\t<meta property=\"og:image:width\" content=\"500\" \/>\n\t<meta property=\"og:image:height\" content=\"470\" \/>\n\t<meta property=\"og:image:type\" content=\"image\/jpeg\" \/>\n<meta name=\"twitter:card\" content=\"summary_large_image\" \/>\n<meta name=\"twitter:label1\" content=\"Pre\u021b\" \/>\n\t<meta name=\"twitter:data1\" content=\"1.790&nbsp;MDL\" \/>\n\t<meta name=\"twitter:label2\" content=\"Disponibilitate\" \/>\n\t<meta name=\"twitter:data2\" content=\"\u00cen stoc\" \/>\n<script type=\"application\/ld+json\" class=\"yoast-schema-graph\">{\"@context\":\"https:\\\/\\\/schema.org\",\"@graph\":[{\"@type\":\"WebPage\",\"@id\":\"https:\\\/\\\/xstyle.md\\\/product\\\/chehol-dlja-snouborda-travel-extreme-rider-164-cm\\\/\",\"url\":\"https:\\\/\\\/xstyle.md\\\/product\\\/chehol-dlja-snouborda-travel-extreme-rider-164-cm\\\/\",\"name\":\"\u0427\u0435\u0445\u043e\u043b \u0434\u043b\u044f \u0441\u043d\u043e\u0443\u0431\u043e\u0440\u0434\u0430 Travel Extreme Rider 164 cm - \u041c\u0430\u0433\u0430\u0437\u0438\u043d Xstyle\",\"isPartOf\":{\"@id\":\"https:\\\/\\\/xstyle.md\\\/#website\"},\"primaryImageOfPage\":{\"@id\":\"https:\\\/\\\/xstyle.md\\\/product\\\/chehol-dlja-snouborda-travel-extreme-rider-164-cm\\\/#primaryimage\"},\"image\":{\"@id\":\"https:\\\/\\\/xstyle.md\\\/product\\\/chehol-dlja-snouborda-travel-extreme-rider-164-cm\\\/#primaryimage\"},\"thumbnailUrl\":\"https:\\\/\\\/xstyle.md\\\/wp-content\\\/uploads\\\/2020\\\/07\\\/photo_2018-12-14_10-06-57.jpg\",\"datePublished\":\"2020-07-17T13:22:17+00:00\",\"dateModified\":\"2025-11-11T15:03:11+00:00\",\"description\":\"\u041e\u0442\u043a\u0440\u043e\u0439\u0442\u0435 \u0434\u043b\u044f \u0441\u0435\u0431\u044f \u0447\u0435\u0445\u043e\u043b Travel Extreme Rider 164 \u0441\u043c \u2014 \u0443\u0434\u043e\u0431\u043d\u044b\u0439 \u0438 \u0444\u0443\u043d\u043a\u0446\u0438\u043e\u043d\u0430\u043b\u044c\u043d\u044b\u0439 \u0434\u043b\u044f \u0432\u0430\u0448\u0435\u0433\u043e \u0441\u043d\u043e\u0443\u0431\u043e\u0440\u0434\u0430. \u041f\u0440\u0435\u043e\u0431\u0440\u0430\u0437\u0443\u0435\u0442\u0441\u044f \u0432 \u0440\u044e\u043a\u0437\u0430\u043a, \u0438\u0434\u0435\u0430\u043b\u044c\u043d\u043e \u0434\u043b\u044f \u0445\u0440\u0430\u043d\u0435\u043d\u0438\u044f.\",\"breadcrumb\":{\"@id\":\"https:\\\/\\\/xstyle.md\\\/product\\\/chehol-dlja-snouborda-travel-extreme-rider-164-cm\\\/#breadcrumb\"},\"inLanguage\":\"ro-RO\",\"potentialAction\":[{\"@type\":\"ReadAction\",\"target\":[\"https:\\\/\\\/xstyle.md\\\/product\\\/chehol-dlja-snouborda-travel-extreme-rider-164-cm\\\/\"]}]},{\"@type\":\"ImageObject\",\"inLanguage\":\"ro-RO\",\"@id\":\"https:\\\/\\\/xstyle.md\\\/product\\\/chehol-dlja-snouborda-travel-extreme-rider-164-cm\\\/#primaryimage\",\"url\":\"https:\\\/\\\/xstyle.md\\\/wp-content\\\/uploads\\\/2020\\\/07\\\/photo_2018-12-14_10-06-57.jpg\",\"contentUrl\":\"https:\\\/\\\/xstyle.md\\\/wp-content\\\/uploads\\\/2020\\\/07\\\/photo_2018-12-14_10-06-57.jpg\",\"width\":500,\"height\":470},{\"@type\":\"BreadcrumbList\",\"@id\":\"https:\\\/\\\/xstyle.md\\\/product\\\/chehol-dlja-snouborda-travel-extreme-rider-164-cm\\\/#breadcrumb\",\"itemListElement\":[{\"@type\":\"ListItem\",\"position\":1,\"name\":\"\u0413\u043b\u0430\u0432\u043d\u0430\u044f \u0441\u0442\u0440\u0430\u043d\u0438\u0446\u0430\",\"item\":\"https:\\\/\\\/xstyle.md\\\/\"},{\"@type\":\"ListItem\",\"position\":2,\"name\":\"\u041c\u0430\u0433\u0430\u0437\u0438\u043d\",\"item\":\"https:\\\/\\\/xstyle.md\\\/shop\\\/\"},{\"@type\":\"ListItem\",\"position\":3,\"name\":\"\u0427\u0435\u0445\u043e\u043b \u0434\u043b\u044f \u0441\u043d\u043e\u0443\u0431\u043e\u0440\u0434\u0430 Travel Extreme Rider 164 cm\"}]},{\"@type\":\"WebSite\",\"@id\":\"https:\\\/\\\/xstyle.md\\\/#website\",\"url\":\"https:\\\/\\\/xstyle.md\\\/\",\"name\":\"\u041c\u0430\u0433\u0430\u0437\u0438\u043d Xstyle\",\"description\":\"C\u043d\u0430\u0440\u044f\u0436\u0435\u043d\u0438\u0435 \u0434\u043b\u044f \u0442\u0443\u0440\u0438\u0437\u043c\u0430 \u0438 \u044d\u043a\u0441\u0442\u0440\u0435\u043c\u0430\u043b\u044c\u043d\u044b\u0445 \u0432\u0438\u0434\u043e\u0432 \u0441\u043f\u043e\u0440\u0442\u0430 \u0432 \u041c\u043e\u043b\u0434\u043e\u0432\u0435.. \u0426\u0435\u043d\u044b, \u0444\u043e\u0442\u043e, \u0445\u0430\u0440\u0430\u043a\u0442\u0435\u0440\u0438\u0441\u0442\u0438\u043a\u0438 \u0432 \u041c\u043e\u043b\u0434\u043e\u0432\u0435.\",\"publisher\":{\"@id\":\"https:\\\/\\\/xstyle.md\\\/#organization\"},\"alternateName\":\"X-Style\",\"potentialAction\":[{\"@type\":\"SearchAction\",\"target\":{\"@type\":\"EntryPoint\",\"urlTemplate\":\"https:\\\/\\\/xstyle.md\\\/?s={search_term_string}\"},\"query-input\":{\"@type\":\"PropertyValueSpecification\",\"valueRequired\":true,\"valueName\":\"search_term_string\"}}],\"inLanguage\":\"ro-RO\"},{\"@type\":\"Organization\",\"@id\":\"https:\\\/\\\/xstyle.md\\\/#organization\",\"name\":\"\u041c\u0430\u0433\u0430\u0437\u0438\u043d Xstyle\",\"alternateName\":\"x-style\",\"url\":\"https:\\\/\\\/xstyle.md\\\/\",\"logo\":{\"@type\":\"ImageObject\",\"inLanguage\":\"ro-RO\",\"@id\":\"https:\\\/\\\/xstyle.md\\\/#\\\/schema\\\/logo\\\/image\\\/\",\"url\":\"https:\\\/\\\/xstyle.md\\\/wp-content\\\/uploads\\\/2020\\\/06\\\/logoicon.svg\",\"contentUrl\":\"https:\\\/\\\/xstyle.md\\\/wp-content\\\/uploads\\\/2020\\\/06\\\/logoicon.svg\",\"caption\":\"\u041c\u0430\u0433\u0430\u0437\u0438\u043d Xstyle\"},\"image\":{\"@id\":\"https:\\\/\\\/xstyle.md\\\/#\\\/schema\\\/logo\\\/image\\\/\"},\"sameAs\":[\"https:\\\/\\\/www.facebook.com\\\/xstylemd\",\"https:\\\/\\\/www.instagram.com\\\/xstyle_md\\\/\",\"https:\\\/\\\/t.me\\\/xstyle_outdoor\"],\"hasMerchantReturnPolicy\":{\"@type\":\"MerchantReturnPolicy\",\"merchantReturnLink\":\"https:\\\/\\\/xstyle.md\\\/ro\\\/conditions\\\/\"}}]}<\/script>\n<meta property=\"product:price:amount\" content=\"1790.00\" \/>\n<meta property=\"product:price:currency\" content=\"MDL\" \/>\n<meta property=\"og:availability\" content=\"instock\" \/>\n<meta property=\"product:availability\" content=\"instock\" \/>\n<meta property=\"product:retailer_item_id\" content=\"2880009515617\" \/>\n<meta property=\"product:condition\" content=\"new\" \/>\n<!-- \/ Yoast SEO plugin. -->","yoast_head_json":{"title":"Hus\u0103 pentru snowboard Travel Extreme Rider 164 cm - Magazin Xstyle","description":"Descoperi\u021bi husa Travel Extreme Rider de 164 cm \u2014 confortabil\u0103 \u0219i func\u021bional\u0103 pentru snowboardul dumneavoastr\u0103. Se transform\u0103 \u00een rucsac, perfect pentru depozitare.","robots":{"index":"index","follow":"follow","max-snippet":"max-snippet:-1","max-image-preview":"max-image-preview:large","max-video-preview":"max-video-preview:-1"},"canonical":"https:\/\/xstyle.md\/ro\/produs\/chehol-dlja-snouborda-travel-extreme-rider-164-cm\/","og_locale":"ro_RO","og_type":"article","og_title":"\u0427\u0435\u0445\u043e\u043b \u0434\u043b\u044f \u0441\u043d\u043e\u0443\u0431\u043e\u0440\u0434\u0430 Travel Extreme Rider 164 cm - \u041c\u0430\u0433\u0430\u0437\u0438\u043d Xstyle","og_description":"\u041e\u0442\u043a\u0440\u043e\u0439\u0442\u0435 \u0434\u043b\u044f \u0441\u0435\u0431\u044f \u0447\u0435\u0445\u043e\u043b Travel Extreme Rider 164 \u0441\u043c \u2014 \u0443\u0434\u043e\u0431\u043d\u044b\u0439 \u0438 \u0444\u0443\u043d\u043a\u0446\u0438\u043e\u043d\u0430\u043b\u044c\u043d\u044b\u0439 \u0434\u043b\u044f \u0432\u0430\u0448\u0435\u0433\u043e \u0441\u043d\u043e\u0443\u0431\u043e\u0440\u0434\u0430. \u041f\u0440\u0435\u043e\u0431\u0440\u0430\u0437\u0443\u0435\u0442\u0441\u044f \u0432 \u0440\u044e\u043a\u0437\u0430\u043a, \u0438\u0434\u0435\u0430\u043b\u044c\u043d\u043e \u0434\u043b\u044f \u0445\u0440\u0430\u043d\u0435\u043d\u0438\u044f.","og_url":"https:\/\/xstyle.md\/ro\/produs\/chehol-dlja-snouborda-travel-extreme-rider-164-cm\/","og_site_name":"\u041c\u0430\u0433\u0430\u0437\u0438\u043d Xstyle","article_publisher":"https:\/\/www.facebook.com\/xstylemd","article_modified_time":"2025-11-11T15:03:11+00:00","og_image":[{"width":500,"height":470,"url":"https:\/\/xstyle.md\/wp-content\/uploads\/2020\/07\/photo_2018-12-14_10-06-57.jpg","type":"image\/jpeg"}],"twitter_card":"summary_large_image","twitter_misc":{"Pre\u021b":"1.790&nbsp;MDL","Disponibilitate":"\u00cen stoc"},"schema":{"@context":"https:\/\/schema.org","@graph":[{"@type":"WebPage","@id":"https:\/\/xstyle.md\/product\/chehol-dlja-snouborda-travel-extreme-rider-164-cm\/","url":"https:\/\/xstyle.md\/product\/chehol-dlja-snouborda-travel-extreme-rider-164-cm\/","name":"Hus\u0103 pentru snowboard Travel Extreme Rider 164 cm - Magazin Xstyle","isPartOf":{"@id":"https:\/\/xstyle.md\/#website"},"primaryImageOfPage":{"@id":"https:\/\/xstyle.md\/product\/chehol-dlja-snouborda-travel-extreme-rider-164-cm\/#primaryimage"},"image":{"@id":"https:\/\/xstyle.md\/product\/chehol-dlja-snouborda-travel-extreme-rider-164-cm\/#primaryimage"},"thumbnailUrl":"https:\/\/xstyle.md\/wp-content\/uploads\/2020\/07\/photo_2018-12-14_10-06-57.jpg","datePublished":"2020-07-17T13:22:17+00:00","dateModified":"2025-11-11T15:03:11+00:00","description":"Descoperi\u021bi husa Travel Extreme Rider de 164 cm \u2014 confortabil\u0103 \u0219i func\u021bional\u0103 pentru snowboardul dumneavoastr\u0103. Se transform\u0103 \u00een rucsac, perfect pentru depozitare.","breadcrumb":{"@id":"https:\/\/xstyle.md\/product\/chehol-dlja-snouborda-travel-extreme-rider-164-cm\/#breadcrumb"},"inLanguage":"ro-RO","potentialAction":[{"@type":"ReadAction","target":["https:\/\/xstyle.md\/product\/chehol-dlja-snouborda-travel-extreme-rider-164-cm\/"]}]},{"@type":"ImageObject","inLanguage":"ro-RO","@id":"https:\/\/xstyle.md\/product\/chehol-dlja-snouborda-travel-extreme-rider-164-cm\/#primaryimage","url":"https:\/\/xstyle.md\/wp-content\/uploads\/2020\/07\/photo_2018-12-14_10-06-57.jpg","contentUrl":"https:\/\/xstyle.md\/wp-content\/uploads\/2020\/07\/photo_2018-12-14_10-06-57.jpg","width":500,"height":470},{"@type":"BreadcrumbList","@id":"https:\/\/xstyle.md\/product\/chehol-dlja-snouborda-travel-extreme-rider-164-cm\/#breadcrumb","itemListElement":[{"@type":"ListItem","position":1,"name":"\u0413\u043b\u0430\u0432\u043d\u0430\u044f \u0441\u0442\u0440\u0430\u043d\u0438\u0446\u0430","item":"https:\/\/xstyle.md\/"},{"@type":"ListItem","position":2,"name":"\u041c\u0430\u0433\u0430\u0437\u0438\u043d","item":"https:\/\/xstyle.md\/shop\/"},{"@type":"ListItem","position":3,"name":"\u0427\u0435\u0445\u043e\u043b \u0434\u043b\u044f \u0441\u043d\u043e\u0443\u0431\u043e\u0440\u0434\u0430 Travel Extreme Rider 164 cm"}]},{"@type":"WebSite","@id":"https:\/\/xstyle.md\/#website","url":"https:\/\/xstyle.md\/","name":"Magazinul X-Style","description":"Echipamente pentru turism \u0219i sporturi extreme \u00een Moldova. Pre\u021buri, fotografii, caracteristici \u00een Moldova.","publisher":{"@id":"https:\/\/xstyle.md\/#organization"},"alternateName":"X-Style","potentialAction":[{"@type":"SearchAction","target":{"@type":"EntryPoint","urlTemplate":"https:\/\/xstyle.md\/?s={search_term_string}"},"query-input":{"@type":"PropertyValueSpecification","valueRequired":true,"valueName":"search_term_string"}}],"inLanguage":"ro-RO"},{"@type":"Organization","@id":"https:\/\/xstyle.md\/#organization","name":"Magazinul X-Style","alternateName":"x-style","url":"https:\/\/xstyle.md\/","logo":{"@type":"ImageObject","inLanguage":"ro-RO","@id":"https:\/\/xstyle.md\/#\/schema\/logo\/image\/","url":"https:\/\/xstyle.md\/wp-content\/uploads\/2020\/06\/logoicon.svg","contentUrl":"https:\/\/xstyle.md\/wp-content\/uploads\/2020\/06\/logoicon.svg","caption":"\u041c\u0430\u0433\u0430\u0437\u0438\u043d Xstyle"},"image":{"@id":"https:\/\/xstyle.md\/#\/schema\/logo\/image\/"},"sameAs":["https:\/\/www.facebook.com\/xstylemd","https:\/\/www.instagram.com\/xstyle_md\/","https:\/\/t.me\/xstyle_outdoor"],"hasMerchantReturnPolicy":{"@type":"MerchantReturnPolicy","merchantReturnLink":"https:\/\/xstyle.md\/ro\/conditions\/"}}]},"product_price_amount":"1790.00","product_price_currency":"MDL","og_availability":"instock","product_availability":"instock","product_retailer_item_id":"2880009515617","product_condition":"new"},"_links":{"self":[{"href":"https:\/\/xstyle.md\/ro\/wp-json\/wp\/v2\/product\/15892","targetHints":{"allow":["GET"]}}],"collection":[{"href":"https:\/\/xstyle.md\/ro\/wp-json\/wp\/v2\/product"}],"about":[{"href":"https:\/\/xstyle.md\/ro\/wp-json\/wp\/v2\/types\/product"}],"replies":[{"embeddable":true,"href":"https:\/\/xstyle.md\/ro\/wp-json\/wp\/v2\/comments?post=15892"}],"wp:featuredmedia":[{"embeddable":true,"href":"https:\/\/xstyle.md\/ro\/wp-json\/wp\/v2\/media\/15890"}],"wp:attachment":[{"href":"https:\/\/xstyle.md\/ro\/wp-json\/wp\/v2\/media?parent=15892"}],"wp:term":[{"taxonomy":"product_brand","embeddable":true,"href":"https:\/\/xstyle.md\/ro\/wp-json\/wp\/v2\/product_brand?post=15892"},{"taxonomy":"product_cat","embeddable":true,"href":"https:\/\/xstyle.md\/ro\/wp-json\/wp\/v2\/product_cat?post=15892"},{"taxonomy":"product_tag","embeddable":true,"href":"https:\/\/xstyle.md\/ro\/wp-json\/wp\/v2\/product_tag?post=15892"}],"curies":[{"name":"wp","href":"https:\/\/api.w.org\/{rel}","templated":true}]}}