{"id":15827,"date":"2020-07-17T16:17:36","date_gmt":"2020-07-17T13:17:36","guid":{"rendered":"https:\/\/xstyle.md\/product\/boks-thule-force-xt-l-black"},"modified":"2025-03-29T21:32:08","modified_gmt":"2025-03-29T18:32:08","slug":"boks-thule-force-xt-l-black","status":"publish","type":"product","link":"https:\/\/xstyle.md\/ro\/produs\/boks-thule-force-xt-l-black\/","title":{"rendered":"Box Thule Force XT L Black"},"content":{"rendered":"<\/p>\n<p><strong>Thule Force XT L Black<\/strong> este o cutie de bagaje universal\u0103 pentru acoperi\u0219uri auto, care este potrivit\u0103 at\u00e2t pentru vacan\u021bele familiei, c\u00e2t \u0219i pentru transportul echipamentelor sportive \u0219i turistice. Cutia are un strat de Aeroskin negru \u00eembun\u0103t\u0103\u021bit, care \u00eembun\u0103t\u0103\u021be\u0219te propriet\u0103\u021bile aerodinamice ale cutiei datorit\u0103 texturii, similar cu o minge de golf. Lungimea sa intern\u0103 este de 177 cm. Poate transporta \u00een siguran\u021b\u0103 p\u00e2n\u0103 la \u0219apte perechi de schiuri sau p\u00e2n\u0103 la cinci snowboarduri. Capacitatea boxei este de 450 de litri, ceea ce v\u0103 permite s\u0103 plasa\u021bi lucruri dintr-o familie de 4 persoane pentru o c\u0103l\u0103torie lung\u0103.<\/p>\n<p>Boxul pe acoperi\u0219 este u\u0219or datorit\u0103 sistemului de instalare PowerClick. Cu m\u00e2nerul de miel, str\u00e2nge\u021bi clemele de fixare pe ambele p\u0103r\u021bi ale arcului. Un clic va clarifica c\u0103 caseta este blocat\u0103 \u00een siguran\u021b\u0103. Thule Force XT prezint\u0103 un nou sistem de blocare &#8212; LockKnob. Cheia este introdus\u0103 \u0219i cade \u00een canelura de pe m\u00e2ner. Dac\u0103 totul este corect, cheia este rotit\u0103 cu m\u00e2nerul aripii. Dac\u0103 cheia nu este complet introdus\u0103, m\u00e2nerul nu se va \u00eentoarce. Boxa se deschide \u00een ambele direc\u021bii, datorit\u0103 mecanismului de deschidere DualSide. \u0218i loca\u021bia cutiei mai aproape de fa\u021ba ma\u0219inii nu va crea dificult\u0103\u021bi la deschiderea porbagajului.<\/p>\n<p>Compania produce produse premium, care sunt renumite pentru calitatea lor de neegalat, siguran\u021ba, u\u0219urin\u021ba \u00een exploatare \u0219i designul elegant. Compania suedez\u0103 Thule produce rafturi pentru bagaje \u0219i alte echipamente auto folosind tehnologii europene avansate. Toate produsele sunt supuse celor mai riguroase test\u0103ri \u00een diferite condi\u021bii, astfel \u00eenc\u00e2t sunte\u021bi sigur c\u0103 Thule nu v\u0103 va dezam\u0103gi.<\/p>\n<p><em>Garan\u021bia oficial\u0103 a produc\u0103torului se aplic\u0103 produselor \u0219i componentelor m\u0103rcii Thule \u015fi dureaz\u0103 5 ani.<\/em><\/p>\n<h3>Specificatii<\/h3>\n<ul>\n<li>Cea mai eficient\u0103 utilizare a spa\u021biului \u00eentr-o gam\u0103 larg\u0103 de ma\u0219ini<\/li>\n<li>Instalare u\u0219oar\u0103 \u015fi rapid\u0103 PowerClick. Indicatorul de cuplu integrat d\u0103 un clic la atingerea valorilor dorite, ceea ce asigur\u0103 o montare rapid\u0103 \u0219i durabil\u0103<\/li>\n<li>U\u0219or de deschis \u0219i de \u00eenchis datorit\u0103 m\u00e2nerului de blocare LockKnob, care ajut\u0103, de asemenea, la prevenirea deterior\u0103rii cheii Thule Comfort<\/li>\n<li>Sistemul de deschidere cu dou\u0103 fe\u021be DualSide ofer\u0103 acces facil la toate p\u0103r\u021bile cutiei de pe ambele p\u0103r\u021bi ale vehiculului<\/li>\n<li>Datorit\u0103 amplas\u0103rii frontale pe acoperi\u0219ul ma\u0219inii, cutia nu interfereaz\u0103 cu deschiderea portbagajului<\/li>\n<li>Curele pentru asigurarea \u00eenc\u0103rc\u0103turii sunt incluse<\/li>\n<li>Sistemul brevetat de deschidere lin\u0103 a cutiilor de for\u021b\u0103 dubl\u0103<\/li>\n<li>Are o aerodinamic\u0103 excelent\u0103, nu provoac\u0103 zgomot, iar la vitez\u0103 mare func\u021bioneaz\u0103 ca \u201earipa\u201d, ap\u0103s\u00e2nd ma\u0219ina pe \u0219in\u0103 \u0219i cresc\u00e2nd stabilitatea acesteia.<\/li>\n<\/ul>\n<h3>Caracteristici<\/h3>\n<ul>\n<li>Volumul &#8212; 450 L<\/li>\n<li>Dimensiuni exterioare &#8212; 190 x 84 x 46 cm<\/li>\n<li>Dimensiuni interne &#8212; 177 x 73 x 41 cm<\/li>\n<li>\u00cen\u0103l\u021bime deasupra arcului transversal &#8212; 43 cm<\/li>\n<li>Sarcin\u0103 util\u0103 &#8212; 75 kg<\/li>\n<li>Sistem de montare &#8212; PowerClick<\/li>\n<li>Greutate &#8212; 18,7 kg<\/li>\n<li>Sistem de blocare &#8212; Blocare central\u0103<\/li>\n<li>\u00cencuietori incluse &#8212; Da<\/li>\n<li>Compatibil cu One Key System &#8212; Da<\/li>\n<li>Sarcin\u0103 util\u0103 (perechi de schiuri) &#8212; 5-7<\/li>\n<li>Capacitate de ridicare (snowboard) &#8212; 3-5<\/li>\n<li>Lungimea maxim\u0103 a schiului &#8212; 175 cm<\/li>\n<li>Suport de schi &#8212; Da, este necesar Thule Box Adaptor pentru transport de schi 694-8<\/li>\n<li>Culoare &#8212; negru mat<\/li>\n<li>Potrivit pentru Thule WingBar Evo \u00a0&#8212; Da<\/li>\n<li>Potrivit pentru Thule WingBar &#8212; Da<\/li>\n<li>Potrivit pentru Thule SlideBar \u00a0&#8212; Da, este necesar Thule T-track Adaptor 697-6<\/li>\n<li>Potrivit pentru Thule SquareBar &#8212; Da<\/li>\n<li>Potrivit pentru Thule ProBar &#8212; Da<\/li>\n<\/ul>\n<p><\/p>","protected":false},"excerpt":{"rendered":"<p>Cutie portbagaj Thule Force XT L Black<\/p>","protected":false},"featured_media":15818,"comment_status":"open","ping_status":"closed","template":"","meta":{"_acf_changed":false,"inline_featured_image":false},"product_brand":[1269],"product_cat":[623],"product_tag":[],"class_list":{"0":"post-15827","1":"product","2":"type-product","3":"status-publish","4":"has-post-thumbnail","6":"product_brand-thule","7":"product_cat-force","9":"first","10":"outofstock","11":"shipping-taxable","12":"product-type-simple"},"acf":[],"yoast_head":"<!-- This site is optimized with the Yoast SEO plugin v27.2 - https:\/\/yoast.com\/product\/yoast-seo-wordpress\/ -->\n<title>\u0411\u0430\u0433\u0430\u0436\u043d\u0438\u043a \u043d\u0430 \u043a\u0440\u044b\u0448\u0443 Thule Force XT L Black - \u041c\u0430\u0433\u0430\u0437\u0438\u043d Xstyle<\/title>\n<meta name=\"description\" content=\"\u041a\u0443\u043f\u0438\u0442\u0435 \u0431\u043e\u043a\u0441 Thule Force XT L Black: \u0441\u0442\u0438\u043b\u044c\u043d\u044b\u0439, \u0432\u043c\u0435\u0441\u0442\u0438\u0442\u0435\u043b\u044c\u043d\u044b\u0439 \u0438 \u0431\u0435\u0437\u043e\u043f\u0430\u0441\u043d\u044b\u0439! \u0418\u0434\u0435\u0430\u043b\u0435\u043d \u0434\u043b\u044f \u043f\u0443\u0442\u0435\u0448\u0435\u0441\u0442\u0432\u0438\u0439. \u0423\u0434\u043e\u0431\u043d\u044b\u0435 \u0444\u0443\u043d\u043a\u0446\u0438\u0438 \u0438 \u043d\u0430\u0434\u0435\u0436\u043d\u0430\u044f \u0437\u0430\u0449\u0438\u0442\u0430 \u0434\u043b\u044f \u0432\u0430\u0448\u0435\u0433\u043e \u0433\u0440\u0443\u0437\u0430.\" \/>\n<meta name=\"robots\" content=\"index, follow, max-snippet:-1, max-image-preview:large, max-video-preview:-1\" \/>\n<link rel=\"canonical\" href=\"https:\/\/xstyle.md\/ro\/produs\/boks-thule-force-xt-l-black\/\" \/>\n<meta property=\"og:locale\" content=\"ro_RO\" \/>\n<meta property=\"og:type\" content=\"article\" \/>\n<meta property=\"og:title\" content=\"\u0411\u0430\u0433\u0430\u0436\u043d\u0438\u043a \u043d\u0430 \u043a\u0440\u044b\u0448\u0443 Thule Force XT L Black - \u041c\u0430\u0433\u0430\u0437\u0438\u043d Xstyle\" \/>\n<meta property=\"og:description\" content=\"\u041a\u0443\u043f\u0438\u0442\u0435 \u0431\u043e\u043a\u0441 Thule Force XT L Black: \u0441\u0442\u0438\u043b\u044c\u043d\u044b\u0439, \u0432\u043c\u0435\u0441\u0442\u0438\u0442\u0435\u043b\u044c\u043d\u044b\u0439 \u0438 \u0431\u0435\u0437\u043e\u043f\u0430\u0441\u043d\u044b\u0439! \u0418\u0434\u0435\u0430\u043b\u0435\u043d \u0434\u043b\u044f \u043f\u0443\u0442\u0435\u0448\u0435\u0441\u0442\u0432\u0438\u0439. \u0423\u0434\u043e\u0431\u043d\u044b\u0435 \u0444\u0443\u043d\u043a\u0446\u0438\u0438 \u0438 \u043d\u0430\u0434\u0435\u0436\u043d\u0430\u044f \u0437\u0430\u0449\u0438\u0442\u0430 \u0434\u043b\u044f \u0432\u0430\u0448\u0435\u0433\u043e \u0433\u0440\u0443\u0437\u0430.\" \/>\n<meta property=\"og:url\" content=\"https:\/\/xstyle.md\/ro\/produs\/boks-thule-force-xt-l-black\/\" \/>\n<meta property=\"og:site_name\" content=\"\u041c\u0430\u0433\u0430\u0437\u0438\u043d Xstyle\" \/>\n<meta property=\"article:publisher\" content=\"https:\/\/www.facebook.com\/xstylemd\" \/>\n<meta property=\"article:modified_time\" content=\"2025-03-29T18:32:08+00:00\" \/>\n<meta property=\"og:image\" content=\"https:\/\/xstyle.md\/wp-content\/uploads\/2020\/07\/621930_sized_900x600_rev_1.jpg\" \/>\n\t<meta property=\"og:image:width\" content=\"900\" \/>\n\t<meta property=\"og:image:height\" content=\"600\" \/>\n\t<meta property=\"og:image:type\" content=\"image\/jpeg\" \/>\n<meta name=\"twitter:card\" content=\"summary_large_image\" \/>\n<meta name=\"twitter:label1\" content=\"Pre\u021b\" \/>\n\t<meta name=\"twitter:data1\" content=\"13.490&nbsp;MDL\" \/>\n\t<meta name=\"twitter:label2\" content=\"Disponibilitate\" \/>\n\t<meta name=\"twitter:data2\" content=\"Stoc epuizat\" \/>\n<script type=\"application\/ld+json\" class=\"yoast-schema-graph\">{\"@context\":\"https:\/\/schema.org\",\"@graph\":[{\"@type\":\"WebPage\",\"@id\":\"https:\/\/xstyle.md\/product\/boks-thule-force-xt-l-black\/\",\"url\":\"https:\/\/xstyle.md\/product\/boks-thule-force-xt-l-black\/\",\"name\":\"\u0411\u0430\u0433\u0430\u0436\u043d\u0438\u043a \u043d\u0430 \u043a\u0440\u044b\u0448\u0443 Thule Force XT L Black - \u041c\u0430\u0433\u0430\u0437\u0438\u043d Xstyle\",\"isPartOf\":{\"@id\":\"https:\/\/xstyle.md\/#website\"},\"primaryImageOfPage\":{\"@id\":\"https:\/\/xstyle.md\/product\/boks-thule-force-xt-l-black\/#primaryimage\"},\"image\":{\"@id\":\"https:\/\/xstyle.md\/product\/boks-thule-force-xt-l-black\/#primaryimage\"},\"thumbnailUrl\":\"https:\/\/xstyle.md\/wp-content\/uploads\/2020\/07\/621930_sized_900x600_rev_1.jpg\",\"datePublished\":\"2020-07-17T13:17:36+00:00\",\"dateModified\":\"2025-03-29T18:32:08+00:00\",\"description\":\"\u041a\u0443\u043f\u0438\u0442\u0435 \u0431\u043e\u043a\u0441 Thule Force XT L Black: \u0441\u0442\u0438\u043b\u044c\u043d\u044b\u0439, \u0432\u043c\u0435\u0441\u0442\u0438\u0442\u0435\u043b\u044c\u043d\u044b\u0439 \u0438 \u0431\u0435\u0437\u043e\u043f\u0430\u0441\u043d\u044b\u0439! \u0418\u0434\u0435\u0430\u043b\u0435\u043d \u0434\u043b\u044f \u043f\u0443\u0442\u0435\u0448\u0435\u0441\u0442\u0432\u0438\u0439. \u0423\u0434\u043e\u0431\u043d\u044b\u0435 \u0444\u0443\u043d\u043a\u0446\u0438\u0438 \u0438 \u043d\u0430\u0434\u0435\u0436\u043d\u0430\u044f \u0437\u0430\u0449\u0438\u0442\u0430 \u0434\u043b\u044f \u0432\u0430\u0448\u0435\u0433\u043e \u0433\u0440\u0443\u0437\u0430.\",\"breadcrumb\":{\"@id\":\"https:\/\/xstyle.md\/product\/boks-thule-force-xt-l-black\/#breadcrumb\"},\"inLanguage\":\"ro-RO\",\"potentialAction\":[{\"@type\":\"ReadAction\",\"target\":[\"https:\/\/xstyle.md\/product\/boks-thule-force-xt-l-black\/\"]}]},{\"@type\":\"ImageObject\",\"inLanguage\":\"ro-RO\",\"@id\":\"https:\/\/xstyle.md\/product\/boks-thule-force-xt-l-black\/#primaryimage\",\"url\":\"https:\/\/xstyle.md\/wp-content\/uploads\/2020\/07\/621930_sized_900x600_rev_1.jpg\",\"contentUrl\":\"https:\/\/xstyle.md\/wp-content\/uploads\/2020\/07\/621930_sized_900x600_rev_1.jpg\",\"width\":900,\"height\":600},{\"@type\":\"BreadcrumbList\",\"@id\":\"https:\/\/xstyle.md\/product\/boks-thule-force-xt-l-black\/#breadcrumb\",\"itemListElement\":[{\"@type\":\"ListItem\",\"position\":1,\"name\":\"\u0413\u043b\u0430\u0432\u043d\u0430\u044f \u0441\u0442\u0440\u0430\u043d\u0438\u0446\u0430\",\"item\":\"https:\/\/xstyle.md\/\"},{\"@type\":\"ListItem\",\"position\":2,\"name\":\"\u041c\u0430\u0433\u0430\u0437\u0438\u043d\",\"item\":\"https:\/\/xstyle.md\/shop\/\"},{\"@type\":\"ListItem\",\"position\":3,\"name\":\"\u0411\u0430\u0433\u0430\u0436\u043d\u0438\u043a \u043d\u0430 \u043a\u0440\u044b\u0448\u0443 Thule Force XT L Black\"}]},{\"@type\":\"WebSite\",\"@id\":\"https:\/\/xstyle.md\/#website\",\"url\":\"https:\/\/xstyle.md\/\",\"name\":\"\u041c\u0430\u0433\u0430\u0437\u0438\u043d Xstyle\",\"description\":\"C\u043d\u0430\u0440\u044f\u0436\u0435\u043d\u0438\u0435 \u0434\u043b\u044f \u0442\u0443\u0440\u0438\u0437\u043c\u0430 \u0438 \u044d\u043a\u0441\u0442\u0440\u0435\u043c\u0430\u043b\u044c\u043d\u044b\u0445 \u0432\u0438\u0434\u043e\u0432 \u0441\u043f\u043e\u0440\u0442\u0430 \u0432 \u041c\u043e\u043b\u0434\u043e\u0432\u0435.. \u0426\u0435\u043d\u044b, \u0444\u043e\u0442\u043e, \u0445\u0430\u0440\u0430\u043a\u0442\u0435\u0440\u0438\u0441\u0442\u0438\u043a\u0438 \u0432 \u041c\u043e\u043b\u0434\u043e\u0432\u0435.\",\"publisher\":{\"@id\":\"https:\/\/xstyle.md\/#organization\"},\"alternateName\":\"X-Style\",\"potentialAction\":[{\"@type\":\"SearchAction\",\"target\":{\"@type\":\"EntryPoint\",\"urlTemplate\":\"https:\/\/xstyle.md\/?s={search_term_string}\"},\"query-input\":{\"@type\":\"PropertyValueSpecification\",\"valueRequired\":true,\"valueName\":\"search_term_string\"}}],\"inLanguage\":\"ro-RO\"},{\"@type\":\"Organization\",\"@id\":\"https:\/\/xstyle.md\/#organization\",\"name\":\"\u041c\u0430\u0433\u0430\u0437\u0438\u043d Xstyle\",\"alternateName\":\"x-style\",\"url\":\"https:\/\/xstyle.md\/\",\"logo\":{\"@type\":\"ImageObject\",\"inLanguage\":\"ro-RO\",\"@id\":\"https:\/\/xstyle.md\/#\/schema\/logo\/image\/\",\"url\":\"https:\/\/xstyle.md\/wp-content\/uploads\/2020\/06\/logoicon.svg\",\"contentUrl\":\"https:\/\/xstyle.md\/wp-content\/uploads\/2020\/06\/logoicon.svg\",\"caption\":\"\u041c\u0430\u0433\u0430\u0437\u0438\u043d Xstyle\"},\"image\":{\"@id\":\"https:\/\/xstyle.md\/#\/schema\/logo\/image\/\"},\"sameAs\":[\"https:\/\/www.facebook.com\/xstylemd\",\"https:\/\/www.instagram.com\/xstyle_md\/\",\"https:\/\/t.me\/xstyle_outdoor\"],\"hasMerchantReturnPolicy\":{\"@type\":\"MerchantReturnPolicy\",\"merchantReturnLink\":\"https:\/\/xstyle.md\/ro\/conditions\/\"}}]}<\/script>\n<meta property=\"product:price:amount\" content=\"13490.00\" \/>\n<meta property=\"product:price:currency\" content=\"MDL\" \/>\n<meta property=\"og:availability\" content=\"out of stock\" \/>\n<meta property=\"product:availability\" content=\"out of stock\" \/>\n<meta property=\"product:retailer_item_id\" content=\"635700\" \/>\n<meta property=\"product:condition\" content=\"new\" \/>\n<!-- \/ Yoast SEO plugin. -->","yoast_head_json":{"title":"\u0411\u0430\u0433\u0430\u0436\u043d\u0438\u043a \u043d\u0430 \u043a\u0440\u044b\u0448\u0443 Thule Force XT L Black - \u041c\u0430\u0433\u0430\u0437\u0438\u043d Xstyle","description":"Cump\u0103ra\u021bi cutia Thule Force XT L Black: stilat\u0103, spa\u021bioas\u0103 \u0219i sigur\u0103! Ideal\u0103 pentru c\u0103l\u0103torii. Func\u021bii confortabile \u0219i protec\u021bie fiabil\u0103 pentru \u00eenc\u0103rc\u0103tura dvs.","robots":{"index":"index","follow":"follow","max-snippet":"max-snippet:-1","max-image-preview":"max-image-preview:large","max-video-preview":"max-video-preview:-1"},"canonical":"https:\/\/xstyle.md\/ro\/produs\/boks-thule-force-xt-l-black\/","og_locale":"ro_RO","og_type":"article","og_title":"\u0411\u0430\u0433\u0430\u0436\u043d\u0438\u043a \u043d\u0430 \u043a\u0440\u044b\u0448\u0443 Thule Force XT L Black - \u041c\u0430\u0433\u0430\u0437\u0438\u043d Xstyle","og_description":"\u041a\u0443\u043f\u0438\u0442\u0435 \u0431\u043e\u043a\u0441 Thule Force XT L Black: \u0441\u0442\u0438\u043b\u044c\u043d\u044b\u0439, \u0432\u043c\u0435\u0441\u0442\u0438\u0442\u0435\u043b\u044c\u043d\u044b\u0439 \u0438 \u0431\u0435\u0437\u043e\u043f\u0430\u0441\u043d\u044b\u0439! \u0418\u0434\u0435\u0430\u043b\u0435\u043d \u0434\u043b\u044f \u043f\u0443\u0442\u0435\u0448\u0435\u0441\u0442\u0432\u0438\u0439. \u0423\u0434\u043e\u0431\u043d\u044b\u0435 \u0444\u0443\u043d\u043a\u0446\u0438\u0438 \u0438 \u043d\u0430\u0434\u0435\u0436\u043d\u0430\u044f \u0437\u0430\u0449\u0438\u0442\u0430 \u0434\u043b\u044f \u0432\u0430\u0448\u0435\u0433\u043e \u0433\u0440\u0443\u0437\u0430.","og_url":"https:\/\/xstyle.md\/ro\/produs\/boks-thule-force-xt-l-black\/","og_site_name":"\u041c\u0430\u0433\u0430\u0437\u0438\u043d Xstyle","article_publisher":"https:\/\/www.facebook.com\/xstylemd","article_modified_time":"2025-03-29T18:32:08+00:00","og_image":[{"width":900,"height":600,"url":"https:\/\/xstyle.md\/wp-content\/uploads\/2020\/07\/621930_sized_900x600_rev_1.jpg","type":"image\/jpeg"}],"twitter_card":"summary_large_image","twitter_misc":{"Pre\u021b":"13.490&nbsp;MDL","Disponibilitate":"Stoc epuizat"},"schema":{"@context":"https:\/\/schema.org","@graph":[{"@type":"WebPage","@id":"https:\/\/xstyle.md\/product\/boks-thule-force-xt-l-black\/","url":"https:\/\/xstyle.md\/product\/boks-thule-force-xt-l-black\/","name":"\u0411\u0430\u0433\u0430\u0436\u043d\u0438\u043a \u043d\u0430 \u043a\u0440\u044b\u0448\u0443 Thule Force XT L Black - \u041c\u0430\u0433\u0430\u0437\u0438\u043d Xstyle","isPartOf":{"@id":"https:\/\/xstyle.md\/#website"},"primaryImageOfPage":{"@id":"https:\/\/xstyle.md\/product\/boks-thule-force-xt-l-black\/#primaryimage"},"image":{"@id":"https:\/\/xstyle.md\/product\/boks-thule-force-xt-l-black\/#primaryimage"},"thumbnailUrl":"https:\/\/xstyle.md\/wp-content\/uploads\/2020\/07\/621930_sized_900x600_rev_1.jpg","datePublished":"2020-07-17T13:17:36+00:00","dateModified":"2025-03-29T18:32:08+00:00","description":"Cump\u0103ra\u021bi cutia Thule Force XT L Black: stilat\u0103, spa\u021bioas\u0103 \u0219i sigur\u0103! Ideal\u0103 pentru c\u0103l\u0103torii. Func\u021bii confortabile \u0219i protec\u021bie fiabil\u0103 pentru \u00eenc\u0103rc\u0103tura dvs.","breadcrumb":{"@id":"https:\/\/xstyle.md\/product\/boks-thule-force-xt-l-black\/#breadcrumb"},"inLanguage":"ro-RO","potentialAction":[{"@type":"ReadAction","target":["https:\/\/xstyle.md\/product\/boks-thule-force-xt-l-black\/"]}]},{"@type":"ImageObject","inLanguage":"ro-RO","@id":"https:\/\/xstyle.md\/product\/boks-thule-force-xt-l-black\/#primaryimage","url":"https:\/\/xstyle.md\/wp-content\/uploads\/2020\/07\/621930_sized_900x600_rev_1.jpg","contentUrl":"https:\/\/xstyle.md\/wp-content\/uploads\/2020\/07\/621930_sized_900x600_rev_1.jpg","width":900,"height":600},{"@type":"BreadcrumbList","@id":"https:\/\/xstyle.md\/product\/boks-thule-force-xt-l-black\/#breadcrumb","itemListElement":[{"@type":"ListItem","position":1,"name":"\u0413\u043b\u0430\u0432\u043d\u0430\u044f \u0441\u0442\u0440\u0430\u043d\u0438\u0446\u0430","item":"https:\/\/xstyle.md\/"},{"@type":"ListItem","position":2,"name":"\u041c\u0430\u0433\u0430\u0437\u0438\u043d","item":"https:\/\/xstyle.md\/shop\/"},{"@type":"ListItem","position":3,"name":"\u0411\u0430\u0433\u0430\u0436\u043d\u0438\u043a \u043d\u0430 \u043a\u0440\u044b\u0448\u0443 Thule Force XT L Black"}]},{"@type":"WebSite","@id":"https:\/\/xstyle.md\/#website","url":"https:\/\/xstyle.md\/","name":"Magazinul X-Style","description":"Echipamente pentru turism \u0219i sporturi extreme \u00een Moldova. Pre\u021buri, fotografii, caracteristici \u00een Moldova.","publisher":{"@id":"https:\/\/xstyle.md\/#organization"},"alternateName":"X-Style","potentialAction":[{"@type":"SearchAction","target":{"@type":"EntryPoint","urlTemplate":"https:\/\/xstyle.md\/?s={search_term_string}"},"query-input":{"@type":"PropertyValueSpecification","valueRequired":true,"valueName":"search_term_string"}}],"inLanguage":"ro-RO"},{"@type":"Organization","@id":"https:\/\/xstyle.md\/#organization","name":"Magazinul X-Style","alternateName":"x-style","url":"https:\/\/xstyle.md\/","logo":{"@type":"ImageObject","inLanguage":"ro-RO","@id":"https:\/\/xstyle.md\/#\/schema\/logo\/image\/","url":"https:\/\/xstyle.md\/wp-content\/uploads\/2020\/06\/logoicon.svg","contentUrl":"https:\/\/xstyle.md\/wp-content\/uploads\/2020\/06\/logoicon.svg","caption":"\u041c\u0430\u0433\u0430\u0437\u0438\u043d Xstyle"},"image":{"@id":"https:\/\/xstyle.md\/#\/schema\/logo\/image\/"},"sameAs":["https:\/\/www.facebook.com\/xstylemd","https:\/\/www.instagram.com\/xstyle_md\/","https:\/\/t.me\/xstyle_outdoor"],"hasMerchantReturnPolicy":{"@type":"MerchantReturnPolicy","merchantReturnLink":"https:\/\/xstyle.md\/ro\/conditions\/"}}]},"product_price_amount":"13490.00","product_price_currency":"MDL","og_availability":"out of stock","product_availability":"out of stock","product_retailer_item_id":"635700","product_condition":"new"},"post_mailing_queue_ids":[],"_links":{"self":[{"href":"https:\/\/xstyle.md\/ro\/wp-json\/wp\/v2\/product\/15827","targetHints":{"allow":["GET"]}}],"collection":[{"href":"https:\/\/xstyle.md\/ro\/wp-json\/wp\/v2\/product"}],"about":[{"href":"https:\/\/xstyle.md\/ro\/wp-json\/wp\/v2\/types\/product"}],"replies":[{"embeddable":true,"href":"https:\/\/xstyle.md\/ro\/wp-json\/wp\/v2\/comments?post=15827"}],"wp:featuredmedia":[{"embeddable":true,"href":"https:\/\/xstyle.md\/ro\/wp-json\/wp\/v2\/media\/15818"}],"wp:attachment":[{"href":"https:\/\/xstyle.md\/ro\/wp-json\/wp\/v2\/media?parent=15827"}],"wp:term":[{"taxonomy":"product_brand","embeddable":true,"href":"https:\/\/xstyle.md\/ro\/wp-json\/wp\/v2\/product_brand?post=15827"},{"taxonomy":"product_cat","embeddable":true,"href":"https:\/\/xstyle.md\/ro\/wp-json\/wp\/v2\/product_cat?post=15827"},{"taxonomy":"product_tag","embeddable":true,"href":"https:\/\/xstyle.md\/ro\/wp-json\/wp\/v2\/product_tag?post=15827"}],"curies":[{"name":"wp","href":"https:\/\/api.w.org\/{rel}","templated":true}]}}