{"id":15796,"date":"2020-07-17T16:15:29","date_gmt":"2020-07-17T13:15:29","guid":{"rendered":"https:\/\/xstyle.md\/product\/podushka-littlelife-neckpillow-snooze-dino"},"modified":"2024-10-02T22:00:21","modified_gmt":"2024-10-02T19:00:21","slug":"podushka-littlelife-neckpillow-snooze-dino","status":"publish","type":"product","link":"https:\/\/xstyle.md\/ro\/produs\/podushka-littlelife-neckpillow-snooze-dino\/","title":{"rendered":"Pern\u0103 LittleLife Neckpillow Snooze Dino"},"content":{"rendered":"<\/p>\n<p><strong>Pern\u0103 LittleLife Neckpillow Snooze Dino&nbsp;&#8212;&nbsp;<\/strong>pentru copii, proiectat\u0103 pentru c\u0103l\u0103torii lungi. Forma confortabil\u0103 a pernei va reduce tensiunea din g&acirc;t, iar \u021bes\u0103tura moale fleece este pl\u0103cut\u0103 la atingere \u0219i nu irit\u0103 pielea. O blocare magnetic\u0103 o va men\u021bine &icirc;n pozi\u021bie.<\/p>\n<p><strong>Caracteristici:<\/strong><\/p>\n<ul>\n<li>Recomandat pentru copii de la 2 ani<\/li>\n<li>Amelioreaz\u0103 tensiunea din g&acirc;t<\/li>\n<li>Nu irit\u0103 pielea<\/li>\n<li>Dimensiune: 22 x 22 x 6 cm<\/li>\n<li>Greutate: 93 g<\/li>\n<li>Material: \u021bes\u0103tur\u0103 din fleece.<\/li>\n<\/ul>\n<p><\/p>","protected":false},"excerpt":{"rendered":"<p>Pern\u0103 LittleLife Neckpillow Snooze Dino<\/p>","protected":false},"featured_media":15795,"comment_status":"open","ping_status":"closed","template":"","meta":{"_acf_changed":false,"inline_featured_image":false},"product_brand":[1380],"product_cat":[207],"product_tag":[],"class_list":{"0":"post-15796","1":"product","2":"type-product","3":"status-publish","4":"has-post-thumbnail","6":"product_brand-relags","7":"product_cat-pillows-headrests","9":"first","10":"instock","11":"shipping-taxable","12":"purchasable","13":"product-type-simple"},"acf":[],"yoast_head":"<!-- This site is optimized with the Yoast SEO plugin v27.2 - https:\/\/yoast.com\/product\/yoast-seo-wordpress\/ -->\n<title>\u041f\u043e\u0434\u0443\u0448\u043a\u0430 LittleLife Neckpillow Snooze Dino - \u041c\u0430\u0433\u0430\u0437\u0438\u043d Xstyle<\/title>\n<meta name=\"description\" content=\"\u041a\u0443\u043f\u0438\u0442\u0435 \u043f\u043e\u0434\u0443\u0448\u043a\u0443 LittleLife Neckpillow Snooze Dino \u0434\u043b\u044f \u043f\u0443\u0442\u0435\u0448\u0435\u0441\u0442\u0432\u0438\u0439! \u0423\u0434\u043e\u0431\u043d\u0430\u044f \u0444\u043e\u0440\u043c\u0430, \u043c\u044f\u0433\u043a\u0438\u0439 \u0444\u043b\u0438\u0441 \u0438 \u043c\u0430\u0433\u043d\u0438\u0442\u043d\u0430\u044f \u0437\u0430\u0441\u0442\u0435\u0436\u043a\u0430. \u0418\u0434\u0435\u0430\u043b\u044c\u043d\u043e \u0434\u043b\u044f \u0434\u0435\u0442\u0435\u0439 \u043e\u0442 2 \u043b\u0435\u0442!\" \/>\n<meta name=\"robots\" content=\"index, follow, max-snippet:-1, max-image-preview:large, max-video-preview:-1\" \/>\n<link rel=\"canonical\" href=\"https:\/\/xstyle.md\/ro\/produs\/podushka-littlelife-neckpillow-snooze-dino\/\" \/>\n<meta property=\"og:locale\" content=\"ro_RO\" \/>\n<meta property=\"og:type\" content=\"article\" \/>\n<meta property=\"og:title\" content=\"\u041f\u043e\u0434\u0443\u0448\u043a\u0430 LittleLife Neckpillow Snooze Dino - \u041c\u0430\u0433\u0430\u0437\u0438\u043d Xstyle\" \/>\n<meta property=\"og:description\" content=\"\u041a\u0443\u043f\u0438\u0442\u0435 \u043f\u043e\u0434\u0443\u0448\u043a\u0443 LittleLife Neckpillow Snooze Dino \u0434\u043b\u044f \u043f\u0443\u0442\u0435\u0448\u0435\u0441\u0442\u0432\u0438\u0439! \u0423\u0434\u043e\u0431\u043d\u0430\u044f \u0444\u043e\u0440\u043c\u0430, \u043c\u044f\u0433\u043a\u0438\u0439 \u0444\u043b\u0438\u0441 \u0438 \u043c\u0430\u0433\u043d\u0438\u0442\u043d\u0430\u044f \u0437\u0430\u0441\u0442\u0435\u0436\u043a\u0430. \u0418\u0434\u0435\u0430\u043b\u044c\u043d\u043e \u0434\u043b\u044f \u0434\u0435\u0442\u0435\u0439 \u043e\u0442 2 \u043b\u0435\u0442!\" \/>\n<meta property=\"og:url\" content=\"https:\/\/xstyle.md\/ro\/produs\/podushka-littlelife-neckpillow-snooze-dino\/\" \/>\n<meta property=\"og:site_name\" content=\"\u041c\u0430\u0433\u0430\u0437\u0438\u043d Xstyle\" \/>\n<meta property=\"article:publisher\" content=\"https:\/\/www.facebook.com\/xstylemd\" \/>\n<meta property=\"article:modified_time\" content=\"2024-10-02T19:00:21+00:00\" \/>\n<meta property=\"og:image\" content=\"https:\/\/xstyle.md\/wp-content\/uploads\/2020\/07\/l12911-dinosaur-travel-pillow-1.jpg\" \/>\n\t<meta property=\"og:image:width\" content=\"700\" \/>\n\t<meta property=\"og:image:height\" content=\"700\" \/>\n\t<meta property=\"og:image:type\" content=\"image\/jpeg\" \/>\n<meta name=\"twitter:card\" content=\"summary_large_image\" \/>\n<meta name=\"twitter:label1\" content=\"Pre\u021b\" \/>\n\t<meta name=\"twitter:data1\" content=\"470&nbsp;MDL\" \/>\n\t<meta name=\"twitter:label2\" content=\"Disponibilitate\" \/>\n\t<meta name=\"twitter:data2\" content=\"\u00cen stoc\" \/>\n<script type=\"application\/ld+json\" class=\"yoast-schema-graph\">{\"@context\":\"https:\/\/schema.org\",\"@graph\":[{\"@type\":\"WebPage\",\"@id\":\"https:\/\/xstyle.md\/product\/podushka-littlelife-neckpillow-snooze-dino\/\",\"url\":\"https:\/\/xstyle.md\/product\/podushka-littlelife-neckpillow-snooze-dino\/\",\"name\":\"\u041f\u043e\u0434\u0443\u0448\u043a\u0430 LittleLife Neckpillow Snooze Dino - \u041c\u0430\u0433\u0430\u0437\u0438\u043d Xstyle\",\"isPartOf\":{\"@id\":\"https:\/\/xstyle.md\/#website\"},\"primaryImageOfPage\":{\"@id\":\"https:\/\/xstyle.md\/product\/podushka-littlelife-neckpillow-snooze-dino\/#primaryimage\"},\"image\":{\"@id\":\"https:\/\/xstyle.md\/product\/podushka-littlelife-neckpillow-snooze-dino\/#primaryimage\"},\"thumbnailUrl\":\"https:\/\/xstyle.md\/wp-content\/uploads\/2020\/07\/l12911-dinosaur-travel-pillow-1.jpg\",\"datePublished\":\"2020-07-17T13:15:29+00:00\",\"dateModified\":\"2024-10-02T19:00:21+00:00\",\"description\":\"\u041a\u0443\u043f\u0438\u0442\u0435 \u043f\u043e\u0434\u0443\u0448\u043a\u0443 LittleLife Neckpillow Snooze Dino \u0434\u043b\u044f \u043f\u0443\u0442\u0435\u0448\u0435\u0441\u0442\u0432\u0438\u0439! \u0423\u0434\u043e\u0431\u043d\u0430\u044f \u0444\u043e\u0440\u043c\u0430, \u043c\u044f\u0433\u043a\u0438\u0439 \u0444\u043b\u0438\u0441 \u0438 \u043c\u0430\u0433\u043d\u0438\u0442\u043d\u0430\u044f \u0437\u0430\u0441\u0442\u0435\u0436\u043a\u0430. \u0418\u0434\u0435\u0430\u043b\u044c\u043d\u043e \u0434\u043b\u044f \u0434\u0435\u0442\u0435\u0439 \u043e\u0442 2 \u043b\u0435\u0442!\",\"breadcrumb\":{\"@id\":\"https:\/\/xstyle.md\/product\/podushka-littlelife-neckpillow-snooze-dino\/#breadcrumb\"},\"inLanguage\":\"ro-RO\",\"potentialAction\":[{\"@type\":\"ReadAction\",\"target\":[\"https:\/\/xstyle.md\/product\/podushka-littlelife-neckpillow-snooze-dino\/\"]}]},{\"@type\":\"ImageObject\",\"inLanguage\":\"ro-RO\",\"@id\":\"https:\/\/xstyle.md\/product\/podushka-littlelife-neckpillow-snooze-dino\/#primaryimage\",\"url\":\"https:\/\/xstyle.md\/wp-content\/uploads\/2020\/07\/l12911-dinosaur-travel-pillow-1.jpg\",\"contentUrl\":\"https:\/\/xstyle.md\/wp-content\/uploads\/2020\/07\/l12911-dinosaur-travel-pillow-1.jpg\",\"width\":700,\"height\":700},{\"@type\":\"BreadcrumbList\",\"@id\":\"https:\/\/xstyle.md\/product\/podushka-littlelife-neckpillow-snooze-dino\/#breadcrumb\",\"itemListElement\":[{\"@type\":\"ListItem\",\"position\":1,\"name\":\"\u0413\u043b\u0430\u0432\u043d\u0430\u044f \u0441\u0442\u0440\u0430\u043d\u0438\u0446\u0430\",\"item\":\"https:\/\/xstyle.md\/\"},{\"@type\":\"ListItem\",\"position\":2,\"name\":\"\u041c\u0430\u0433\u0430\u0437\u0438\u043d\",\"item\":\"https:\/\/xstyle.md\/shop\/\"},{\"@type\":\"ListItem\",\"position\":3,\"name\":\"\u041f\u043e\u0434\u0443\u0448\u043a\u0430 LittleLife Neckpillow Snooze Dino\"}]},{\"@type\":\"WebSite\",\"@id\":\"https:\/\/xstyle.md\/#website\",\"url\":\"https:\/\/xstyle.md\/\",\"name\":\"\u041c\u0430\u0433\u0430\u0437\u0438\u043d Xstyle\",\"description\":\"C\u043d\u0430\u0440\u044f\u0436\u0435\u043d\u0438\u0435 \u0434\u043b\u044f \u0442\u0443\u0440\u0438\u0437\u043c\u0430 \u0438 \u044d\u043a\u0441\u0442\u0440\u0435\u043c\u0430\u043b\u044c\u043d\u044b\u0445 \u0432\u0438\u0434\u043e\u0432 \u0441\u043f\u043e\u0440\u0442\u0430 \u0432 \u041c\u043e\u043b\u0434\u043e\u0432\u0435.. \u0426\u0435\u043d\u044b, \u0444\u043e\u0442\u043e, \u0445\u0430\u0440\u0430\u043a\u0442\u0435\u0440\u0438\u0441\u0442\u0438\u043a\u0438 \u0432 \u041c\u043e\u043b\u0434\u043e\u0432\u0435.\",\"publisher\":{\"@id\":\"https:\/\/xstyle.md\/#organization\"},\"alternateName\":\"X-Style\",\"potentialAction\":[{\"@type\":\"SearchAction\",\"target\":{\"@type\":\"EntryPoint\",\"urlTemplate\":\"https:\/\/xstyle.md\/?s={search_term_string}\"},\"query-input\":{\"@type\":\"PropertyValueSpecification\",\"valueRequired\":true,\"valueName\":\"search_term_string\"}}],\"inLanguage\":\"ro-RO\"},{\"@type\":\"Organization\",\"@id\":\"https:\/\/xstyle.md\/#organization\",\"name\":\"\u041c\u0430\u0433\u0430\u0437\u0438\u043d Xstyle\",\"alternateName\":\"x-style\",\"url\":\"https:\/\/xstyle.md\/\",\"logo\":{\"@type\":\"ImageObject\",\"inLanguage\":\"ro-RO\",\"@id\":\"https:\/\/xstyle.md\/#\/schema\/logo\/image\/\",\"url\":\"https:\/\/xstyle.md\/wp-content\/uploads\/2020\/06\/logoicon.svg\",\"contentUrl\":\"https:\/\/xstyle.md\/wp-content\/uploads\/2020\/06\/logoicon.svg\",\"caption\":\"\u041c\u0430\u0433\u0430\u0437\u0438\u043d Xstyle\"},\"image\":{\"@id\":\"https:\/\/xstyle.md\/#\/schema\/logo\/image\/\"},\"sameAs\":[\"https:\/\/www.facebook.com\/xstylemd\",\"https:\/\/www.instagram.com\/xstyle_md\/\",\"https:\/\/t.me\/xstyle_outdoor\"],\"hasMerchantReturnPolicy\":{\"@type\":\"MerchantReturnPolicy\",\"merchantReturnLink\":\"https:\/\/xstyle.md\/ro\/conditions\/\"}}]}<\/script>\n<meta property=\"product:price:amount\" content=\"470.00\" \/>\n<meta property=\"product:price:currency\" content=\"MDL\" \/>\n<meta property=\"og:availability\" content=\"instock\" \/>\n<meta property=\"product:availability\" content=\"instock\" \/>\n<meta property=\"product:retailer_item_id\" content=\"5031863129114\" \/>\n<meta property=\"product:condition\" content=\"new\" \/>\n<!-- \/ Yoast SEO plugin. -->","yoast_head_json":{"title":"Pern\u0103 LittleLife Neckpillow Snooze Dino - Magazin Xstyle","description":"Cump\u0103ra\u021bi perna LittleLife Neckpillow Snooze Dino pentru c\u0103l\u0103torii! Form\u0103 confortabil\u0103, fleece moale \u0219i \u00eenchidere magnetic\u0103. Ideal\u0103 pentru copii de la 2 ani!","robots":{"index":"index","follow":"follow","max-snippet":"max-snippet:-1","max-image-preview":"max-image-preview:large","max-video-preview":"max-video-preview:-1"},"canonical":"https:\/\/xstyle.md\/ro\/produs\/podushka-littlelife-neckpillow-snooze-dino\/","og_locale":"ro_RO","og_type":"article","og_title":"\u041f\u043e\u0434\u0443\u0448\u043a\u0430 LittleLife Neckpillow Snooze Dino - \u041c\u0430\u0433\u0430\u0437\u0438\u043d Xstyle","og_description":"\u041a\u0443\u043f\u0438\u0442\u0435 \u043f\u043e\u0434\u0443\u0448\u043a\u0443 LittleLife Neckpillow Snooze Dino \u0434\u043b\u044f \u043f\u0443\u0442\u0435\u0448\u0435\u0441\u0442\u0432\u0438\u0439! \u0423\u0434\u043e\u0431\u043d\u0430\u044f \u0444\u043e\u0440\u043c\u0430, \u043c\u044f\u0433\u043a\u0438\u0439 \u0444\u043b\u0438\u0441 \u0438 \u043c\u0430\u0433\u043d\u0438\u0442\u043d\u0430\u044f \u0437\u0430\u0441\u0442\u0435\u0436\u043a\u0430. \u0418\u0434\u0435\u0430\u043b\u044c\u043d\u043e \u0434\u043b\u044f \u0434\u0435\u0442\u0435\u0439 \u043e\u0442 2 \u043b\u0435\u0442!","og_url":"https:\/\/xstyle.md\/ro\/produs\/podushka-littlelife-neckpillow-snooze-dino\/","og_site_name":"\u041c\u0430\u0433\u0430\u0437\u0438\u043d Xstyle","article_publisher":"https:\/\/www.facebook.com\/xstylemd","article_modified_time":"2024-10-02T19:00:21+00:00","og_image":[{"width":700,"height":700,"url":"https:\/\/xstyle.md\/wp-content\/uploads\/2020\/07\/l12911-dinosaur-travel-pillow-1.jpg","type":"image\/jpeg"}],"twitter_card":"summary_large_image","twitter_misc":{"Pre\u021b":"470&nbsp;MDL","Disponibilitate":"\u00cen stoc"},"schema":{"@context":"https:\/\/schema.org","@graph":[{"@type":"WebPage","@id":"https:\/\/xstyle.md\/product\/podushka-littlelife-neckpillow-snooze-dino\/","url":"https:\/\/xstyle.md\/product\/podushka-littlelife-neckpillow-snooze-dino\/","name":"Pern\u0103 LittleLife Neckpillow Snooze Dino - Magazin Xstyle","isPartOf":{"@id":"https:\/\/xstyle.md\/#website"},"primaryImageOfPage":{"@id":"https:\/\/xstyle.md\/product\/podushka-littlelife-neckpillow-snooze-dino\/#primaryimage"},"image":{"@id":"https:\/\/xstyle.md\/product\/podushka-littlelife-neckpillow-snooze-dino\/#primaryimage"},"thumbnailUrl":"https:\/\/xstyle.md\/wp-content\/uploads\/2020\/07\/l12911-dinosaur-travel-pillow-1.jpg","datePublished":"2020-07-17T13:15:29+00:00","dateModified":"2024-10-02T19:00:21+00:00","description":"Cump\u0103ra\u021bi perna LittleLife Neckpillow Snooze Dino pentru c\u0103l\u0103torii! Form\u0103 confortabil\u0103, fleece moale \u0219i \u00eenchidere magnetic\u0103. Ideal\u0103 pentru copii de la 2 ani!","breadcrumb":{"@id":"https:\/\/xstyle.md\/product\/podushka-littlelife-neckpillow-snooze-dino\/#breadcrumb"},"inLanguage":"ro-RO","potentialAction":[{"@type":"ReadAction","target":["https:\/\/xstyle.md\/product\/podushka-littlelife-neckpillow-snooze-dino\/"]}]},{"@type":"ImageObject","inLanguage":"ro-RO","@id":"https:\/\/xstyle.md\/product\/podushka-littlelife-neckpillow-snooze-dino\/#primaryimage","url":"https:\/\/xstyle.md\/wp-content\/uploads\/2020\/07\/l12911-dinosaur-travel-pillow-1.jpg","contentUrl":"https:\/\/xstyle.md\/wp-content\/uploads\/2020\/07\/l12911-dinosaur-travel-pillow-1.jpg","width":700,"height":700},{"@type":"BreadcrumbList","@id":"https:\/\/xstyle.md\/product\/podushka-littlelife-neckpillow-snooze-dino\/#breadcrumb","itemListElement":[{"@type":"ListItem","position":1,"name":"\u0413\u043b\u0430\u0432\u043d\u0430\u044f \u0441\u0442\u0440\u0430\u043d\u0438\u0446\u0430","item":"https:\/\/xstyle.md\/"},{"@type":"ListItem","position":2,"name":"\u041c\u0430\u0433\u0430\u0437\u0438\u043d","item":"https:\/\/xstyle.md\/shop\/"},{"@type":"ListItem","position":3,"name":"\u041f\u043e\u0434\u0443\u0448\u043a\u0430 LittleLife Neckpillow Snooze Dino"}]},{"@type":"WebSite","@id":"https:\/\/xstyle.md\/#website","url":"https:\/\/xstyle.md\/","name":"Magazinul X-Style","description":"Echipamente pentru turism \u0219i sporturi extreme \u00een Moldova. Pre\u021buri, fotografii, caracteristici \u00een Moldova.","publisher":{"@id":"https:\/\/xstyle.md\/#organization"},"alternateName":"X-Style","potentialAction":[{"@type":"SearchAction","target":{"@type":"EntryPoint","urlTemplate":"https:\/\/xstyle.md\/?s={search_term_string}"},"query-input":{"@type":"PropertyValueSpecification","valueRequired":true,"valueName":"search_term_string"}}],"inLanguage":"ro-RO"},{"@type":"Organization","@id":"https:\/\/xstyle.md\/#organization","name":"Magazinul X-Style","alternateName":"x-style","url":"https:\/\/xstyle.md\/","logo":{"@type":"ImageObject","inLanguage":"ro-RO","@id":"https:\/\/xstyle.md\/#\/schema\/logo\/image\/","url":"https:\/\/xstyle.md\/wp-content\/uploads\/2020\/06\/logoicon.svg","contentUrl":"https:\/\/xstyle.md\/wp-content\/uploads\/2020\/06\/logoicon.svg","caption":"\u041c\u0430\u0433\u0430\u0437\u0438\u043d Xstyle"},"image":{"@id":"https:\/\/xstyle.md\/#\/schema\/logo\/image\/"},"sameAs":["https:\/\/www.facebook.com\/xstylemd","https:\/\/www.instagram.com\/xstyle_md\/","https:\/\/t.me\/xstyle_outdoor"],"hasMerchantReturnPolicy":{"@type":"MerchantReturnPolicy","merchantReturnLink":"https:\/\/xstyle.md\/ro\/conditions\/"}}]},"product_price_amount":"470.00","product_price_currency":"MDL","og_availability":"instock","product_availability":"instock","product_retailer_item_id":"5031863129114","product_condition":"new"},"post_mailing_queue_ids":[],"_links":{"self":[{"href":"https:\/\/xstyle.md\/ro\/wp-json\/wp\/v2\/product\/15796","targetHints":{"allow":["GET"]}}],"collection":[{"href":"https:\/\/xstyle.md\/ro\/wp-json\/wp\/v2\/product"}],"about":[{"href":"https:\/\/xstyle.md\/ro\/wp-json\/wp\/v2\/types\/product"}],"replies":[{"embeddable":true,"href":"https:\/\/xstyle.md\/ro\/wp-json\/wp\/v2\/comments?post=15796"}],"wp:featuredmedia":[{"embeddable":true,"href":"https:\/\/xstyle.md\/ro\/wp-json\/wp\/v2\/media\/15795"}],"wp:attachment":[{"href":"https:\/\/xstyle.md\/ro\/wp-json\/wp\/v2\/media?parent=15796"}],"wp:term":[{"taxonomy":"product_brand","embeddable":true,"href":"https:\/\/xstyle.md\/ro\/wp-json\/wp\/v2\/product_brand?post=15796"},{"taxonomy":"product_cat","embeddable":true,"href":"https:\/\/xstyle.md\/ro\/wp-json\/wp\/v2\/product_cat?post=15796"},{"taxonomy":"product_tag","embeddable":true,"href":"https:\/\/xstyle.md\/ro\/wp-json\/wp\/v2\/product_tag?post=15796"}],"curies":[{"name":"wp","href":"https:\/\/api.w.org\/{rel}","templated":true}]}}