{"id":1570,"date":"2020-07-16T16:26:50","date_gmt":"2020-07-16T13:26:50","guid":{"rendered":"https:\/\/xstyle.md\/?post_type=product&#038;p=1570"},"modified":"2026-04-07T15:22:35","modified_gmt":"2026-04-07T12:22:35","slug":"gamak-kreslo-amazonas-brasil-grenadine","status":"publish","type":"product","link":"https:\/\/xstyle.md\/ro\/produs\/gamak-kreslo-amazonas-brasil-grenadine\/","title":{"rendered":"Hamac-scaun Amazonas Brasil"},"content":{"rendered":"<\/p>\n<p><strong>Hamac-scaun Amazonas Brasil <\/strong>&#8212; va fi o achizi\u021bie util\u0103 pentru cei care prefer\u0103 s\u0103 se odihneasc\u0103 confortabil la casa de la \u021bar\u0103, la terenul de la \u021bar\u0103 sau l\u00e2ng\u0103 mare. Produsul asamblat ocup\u0103 pu\u021bin spa\u021biu, este u\u0219or de ata\u0219at la un singur punct de suspensie \u0219i este fabricat din bumbac durabil 100%. Hamacul-scaun este la fel de confortabil pentru a citi, a a\u021bipi sau a lucra la laptop \u00een timp ce v\u0103 bucura\u021bi de aerul curat, de frumuse\u021bea \u0219i de sunetele naturii.<\/p>\n<p>Cu o l\u0103\u021bime de 1,3 metri \u0219i o lungime de 1,6 metri, acest fotoliu king size poate fi comparat cu un hamac mare \u0219i poate g\u0103zdui dou\u0103 persoane (max. 150 kg). Marginile cu 4 cus\u0103turi \u0219i materialul de 400 g\/m\u00b2 garanteaz\u0103 confort, stabilitate \u0219i durabilitate. \u00cen plus, fotoliul este montat pe o grind\u0103 robust\u0103, din lemn, conceput\u0103 special pentru a distribui corect greautatea \u0219i pentru a \u00eempiedica alunecarea fr\u00e2nghiilor \u00een mijloc. Astfel, scaunul este confortabil pentru a citi, a\u021bipi sau relaxa \u00een timp ce v\u0103 bucura\u021bi de muzic\u0103 pl\u0103cut\u0103.<\/p>\n<h3>Particularit\u0103\u021bi<\/h3>\n<ul>\n<li>Bar\u0103 transversal\u0103 pentru stabilizare \u0219i distribuirea corect\u0103 a sarcinii.<\/li>\n<li>Marginile sunt cusute cu 4 cus\u0103turi mecanice pentru o siguran\u021b\u0103 suplimentar\u0103.<\/li>\n<li>Poate fi utilizat cu dou\u0103 persoane (max. 150 kg).<\/li>\n<li>Confortabil, robust \u0219i u\u0219or de transportat.<\/li>\n<\/ul>\n<h3>Caracteristici<\/h3>\n<ul>\n<li>Material: 100% bumbac, lemn<\/li>\n<li>Suprafa\u021ba de \u0219edere: 160 x 130 cm<\/li>\n<li>Lungimea grinzii: 1,1 mm<\/li>\n<li>Sarcina maxim\u0103: 120 kg<\/li>\n<li>Greutate: 2,7 kg.<\/li>\n<\/ul>\n<h3>Marca<\/h3>\n<p>Amazonas sunt unii dintre cei mai importan\u021bi produc\u0103tori de hamace. Ace\u0219tia sunt cunoscu\u021bi \u00een principal pentru hamacele lor originale din bumbac brazilian. De asemenea, ace\u0219tia produc o gam\u0103 de hamace ultrau\u0219oare \u0219i accesorii pentru c\u0103l\u0103tori, cum ar fi scaune agatate, corturi \u0219i p\u0103turi pentru relaxare, precum \u0219i o gam\u0103 de produse pentru copii (c\u0103rucioare, hamace, scaune etc.).<\/p>\n<p><\/p>","protected":false},"excerpt":{"rendered":"<p>Hamac-scaun Amazonas Brasil<\/p>","protected":false},"featured_media":1565,"comment_status":"open","ping_status":"closed","template":"","meta":{"_acf_changed":false,"inline_featured_image":false},"product_brand":[1285],"product_cat":[197],"product_tag":[],"class_list":{"0":"post-1570","1":"product","2":"type-product","3":"status-publish","4":"has-post-thumbnail","6":"product_brand-amazonas","7":"product_cat-camping-hammocks","9":"first","10":"instock","11":"shipping-taxable","12":"purchasable","13":"product-type-simple"},"acf":[],"yoast_head":"<!-- This site is optimized with the Yoast SEO plugin v27.2 - https:\/\/yoast.com\/product\/yoast-seo-wordpress\/ -->\n<title>\u0413\u0430\u043c\u0430\u043a-\u043a\u0440\u0435\u0441\u043b\u043e Amazonas Brasil Grenadine - \u041c\u0430\u0433\u0430\u0437\u0438\u043d Xstyle<\/title>\n<meta name=\"description\" content=\"\u0413\u0430\u043c\u0430\u043a-\u043a\u0440\u0435\u0441\u043b\u043e Amazonas Brasil Grenadine: \u0438\u0434\u0435\u0430\u043b\u044c\u043d\u044b\u0439 \u0432\u044b\u0431\u043e\u0440 \u0434\u043b\u044f \u043a\u043e\u043c\u0444\u043e\u0440\u0442\u043d\u043e\u0433\u043e \u043e\u0442\u0434\u044b\u0445\u0430 \u043d\u0430 \u0434\u0430\u0447\u0435 \u0438\u043b\u0438 \u043f\u043b\u044f\u0436\u0435. \u041b\u0435\u0433\u043a\u0438\u0439, \u043a\u043e\u043c\u043f\u0430\u043a\u0442\u043d\u044b\u0439 \u0438 \u043f\u0440\u043e\u0447\u043d\u044b\u0439 - \u043d\u0430\u0441\u043b\u0430\u0436\u0434\u0430\u0439\u0442\u0435\u0441\u044c \u043e\u0442\u043f\u0443\u0441\u043a\u043e\u043c!\" \/>\n<meta name=\"robots\" content=\"index, follow, max-snippet:-1, max-image-preview:large, max-video-preview:-1\" \/>\n<link rel=\"canonical\" href=\"https:\/\/xstyle.md\/ro\/produs\/gamak-kreslo-amazonas-brasil-grenadine\/\" \/>\n<meta property=\"og:locale\" content=\"ro_RO\" \/>\n<meta property=\"og:type\" content=\"article\" \/>\n<meta property=\"og:title\" content=\"\u0413\u0430\u043c\u0430\u043a-\u043a\u0440\u0435\u0441\u043b\u043e Amazonas Brasil Grenadine - \u041c\u0430\u0433\u0430\u0437\u0438\u043d Xstyle\" \/>\n<meta property=\"og:description\" content=\"\u0413\u0430\u043c\u0430\u043a-\u043a\u0440\u0435\u0441\u043b\u043e Amazonas Brasil Grenadine: \u0438\u0434\u0435\u0430\u043b\u044c\u043d\u044b\u0439 \u0432\u044b\u0431\u043e\u0440 \u0434\u043b\u044f \u043a\u043e\u043c\u0444\u043e\u0440\u0442\u043d\u043e\u0433\u043e \u043e\u0442\u0434\u044b\u0445\u0430 \u043d\u0430 \u0434\u0430\u0447\u0435 \u0438\u043b\u0438 \u043f\u043b\u044f\u0436\u0435. \u041b\u0435\u0433\u043a\u0438\u0439, \u043a\u043e\u043c\u043f\u0430\u043a\u0442\u043d\u044b\u0439 \u0438 \u043f\u0440\u043e\u0447\u043d\u044b\u0439 - \u043d\u0430\u0441\u043b\u0430\u0436\u0434\u0430\u0439\u0442\u0435\u0441\u044c \u043e\u0442\u043f\u0443\u0441\u043a\u043e\u043c!\" \/>\n<meta property=\"og:url\" content=\"https:\/\/xstyle.md\/ro\/produs\/gamak-kreslo-amazonas-brasil-grenadine\/\" \/>\n<meta property=\"og:site_name\" content=\"\u041c\u0430\u0433\u0430\u0437\u0438\u043d Xstyle\" \/>\n<meta property=\"article:publisher\" content=\"https:\/\/www.facebook.com\/xstylemd\" \/>\n<meta property=\"article:modified_time\" content=\"2026-04-07T12:22:35+00:00\" \/>\n<meta property=\"og:image\" content=\"https:\/\/xstyle.md\/wp-content\/uploads\/2020\/07\/amazonas-hanging-chair-brasil-grenadine-az-2030130-160cm.jpg\" \/>\n\t<meta property=\"og:image:width\" content=\"514\" \/>\n\t<meta property=\"og:image:height\" content=\"670\" \/>\n\t<meta property=\"og:image:type\" content=\"image\/jpeg\" \/>\n<meta name=\"twitter:card\" content=\"summary_large_image\" \/>\n<meta name=\"twitter:label1\" content=\"Pre\u021b\" \/>\n\t<meta name=\"twitter:data1\" content=\"1.560&nbsp;MDL\" \/>\n\t<meta name=\"twitter:label2\" content=\"Disponibilitate\" \/>\n\t<meta name=\"twitter:data2\" content=\"\u00cen stoc\" \/>\n<script type=\"application\/ld+json\" class=\"yoast-schema-graph\">{\"@context\":\"https:\/\/schema.org\",\"@graph\":[{\"@type\":\"WebPage\",\"@id\":\"https:\/\/xstyle.md\/product\/gamak-kreslo-amazonas-brasil-grenadine\/\",\"url\":\"https:\/\/xstyle.md\/product\/gamak-kreslo-amazonas-brasil-grenadine\/\",\"name\":\"\u0413\u0430\u043c\u0430\u043a-\u043a\u0440\u0435\u0441\u043b\u043e Amazonas Brasil Grenadine - \u041c\u0430\u0433\u0430\u0437\u0438\u043d Xstyle\",\"isPartOf\":{\"@id\":\"https:\/\/xstyle.md\/#website\"},\"primaryImageOfPage\":{\"@id\":\"https:\/\/xstyle.md\/product\/gamak-kreslo-amazonas-brasil-grenadine\/#primaryimage\"},\"image\":{\"@id\":\"https:\/\/xstyle.md\/product\/gamak-kreslo-amazonas-brasil-grenadine\/#primaryimage\"},\"thumbnailUrl\":\"https:\/\/xstyle.md\/wp-content\/uploads\/2020\/07\/amazonas-hanging-chair-brasil-grenadine-az-2030130-160cm.jpg\",\"datePublished\":\"2020-07-16T13:26:50+00:00\",\"dateModified\":\"2026-04-07T12:22:35+00:00\",\"description\":\"\u0413\u0430\u043c\u0430\u043a-\u043a\u0440\u0435\u0441\u043b\u043e Amazonas Brasil Grenadine: \u0438\u0434\u0435\u0430\u043b\u044c\u043d\u044b\u0439 \u0432\u044b\u0431\u043e\u0440 \u0434\u043b\u044f \u043a\u043e\u043c\u0444\u043e\u0440\u0442\u043d\u043e\u0433\u043e \u043e\u0442\u0434\u044b\u0445\u0430 \u043d\u0430 \u0434\u0430\u0447\u0435 \u0438\u043b\u0438 \u043f\u043b\u044f\u0436\u0435. \u041b\u0435\u0433\u043a\u0438\u0439, \u043a\u043e\u043c\u043f\u0430\u043a\u0442\u043d\u044b\u0439 \u0438 \u043f\u0440\u043e\u0447\u043d\u044b\u0439 - \u043d\u0430\u0441\u043b\u0430\u0436\u0434\u0430\u0439\u0442\u0435\u0441\u044c \u043e\u0442\u043f\u0443\u0441\u043a\u043e\u043c!\",\"breadcrumb\":{\"@id\":\"https:\/\/xstyle.md\/product\/gamak-kreslo-amazonas-brasil-grenadine\/#breadcrumb\"},\"inLanguage\":\"ro-RO\",\"potentialAction\":[{\"@type\":\"ReadAction\",\"target\":[\"https:\/\/xstyle.md\/product\/gamak-kreslo-amazonas-brasil-grenadine\/\"]}]},{\"@type\":\"ImageObject\",\"inLanguage\":\"ro-RO\",\"@id\":\"https:\/\/xstyle.md\/product\/gamak-kreslo-amazonas-brasil-grenadine\/#primaryimage\",\"url\":\"https:\/\/xstyle.md\/wp-content\/uploads\/2020\/07\/amazonas-hanging-chair-brasil-grenadine-az-2030130-160cm.jpg\",\"contentUrl\":\"https:\/\/xstyle.md\/wp-content\/uploads\/2020\/07\/amazonas-hanging-chair-brasil-grenadine-az-2030130-160cm.jpg\",\"width\":514,\"height\":670},{\"@type\":\"BreadcrumbList\",\"@id\":\"https:\/\/xstyle.md\/product\/gamak-kreslo-amazonas-brasil-grenadine\/#breadcrumb\",\"itemListElement\":[{\"@type\":\"ListItem\",\"position\":1,\"name\":\"\u0413\u043b\u0430\u0432\u043d\u0430\u044f \u0441\u0442\u0440\u0430\u043d\u0438\u0446\u0430\",\"item\":\"https:\/\/xstyle.md\/\"},{\"@type\":\"ListItem\",\"position\":2,\"name\":\"\u041c\u0430\u0433\u0430\u0437\u0438\u043d\",\"item\":\"https:\/\/xstyle.md\/shop\/\"},{\"@type\":\"ListItem\",\"position\":3,\"name\":\"\u0413\u0430\u043c\u0430\u043a-\u043a\u0440\u0435\u0441\u043b\u043e Amazonas Brasil Grenadine\"}]},{\"@type\":\"WebSite\",\"@id\":\"https:\/\/xstyle.md\/#website\",\"url\":\"https:\/\/xstyle.md\/\",\"name\":\"\u041c\u0430\u0433\u0430\u0437\u0438\u043d Xstyle\",\"description\":\"C\u043d\u0430\u0440\u044f\u0436\u0435\u043d\u0438\u0435 \u0434\u043b\u044f \u0442\u0443\u0440\u0438\u0437\u043c\u0430 \u0438 \u044d\u043a\u0441\u0442\u0440\u0435\u043c\u0430\u043b\u044c\u043d\u044b\u0445 \u0432\u0438\u0434\u043e\u0432 \u0441\u043f\u043e\u0440\u0442\u0430 \u0432 \u041c\u043e\u043b\u0434\u043e\u0432\u0435.. \u0426\u0435\u043d\u044b, \u0444\u043e\u0442\u043e, \u0445\u0430\u0440\u0430\u043a\u0442\u0435\u0440\u0438\u0441\u0442\u0438\u043a\u0438 \u0432 \u041c\u043e\u043b\u0434\u043e\u0432\u0435.\",\"publisher\":{\"@id\":\"https:\/\/xstyle.md\/#organization\"},\"alternateName\":\"X-Style\",\"potentialAction\":[{\"@type\":\"SearchAction\",\"target\":{\"@type\":\"EntryPoint\",\"urlTemplate\":\"https:\/\/xstyle.md\/?s={search_term_string}\"},\"query-input\":{\"@type\":\"PropertyValueSpecification\",\"valueRequired\":true,\"valueName\":\"search_term_string\"}}],\"inLanguage\":\"ro-RO\"},{\"@type\":\"Organization\",\"@id\":\"https:\/\/xstyle.md\/#organization\",\"name\":\"\u041c\u0430\u0433\u0430\u0437\u0438\u043d Xstyle\",\"alternateName\":\"x-style\",\"url\":\"https:\/\/xstyle.md\/\",\"logo\":{\"@type\":\"ImageObject\",\"inLanguage\":\"ro-RO\",\"@id\":\"https:\/\/xstyle.md\/#\/schema\/logo\/image\/\",\"url\":\"https:\/\/xstyle.md\/wp-content\/uploads\/2020\/06\/logoicon.svg\",\"contentUrl\":\"https:\/\/xstyle.md\/wp-content\/uploads\/2020\/06\/logoicon.svg\",\"caption\":\"\u041c\u0430\u0433\u0430\u0437\u0438\u043d Xstyle\"},\"image\":{\"@id\":\"https:\/\/xstyle.md\/#\/schema\/logo\/image\/\"},\"sameAs\":[\"https:\/\/www.facebook.com\/xstylemd\",\"https:\/\/www.instagram.com\/xstyle_md\/\",\"https:\/\/t.me\/xstyle_outdoor\"],\"hasMerchantReturnPolicy\":{\"@type\":\"MerchantReturnPolicy\",\"merchantReturnLink\":\"https:\/\/xstyle.md\/ro\/conditions\/\"}}]}<\/script>\n<meta property=\"product:price:amount\" content=\"1560.00\" \/>\n<meta property=\"product:price:currency\" content=\"MDL\" \/>\n<meta property=\"og:availability\" content=\"instock\" \/>\n<meta property=\"product:availability\" content=\"instock\" \/>\n<meta property=\"product:retailer_item_id\" content=\"4030454003674\" \/>\n<meta property=\"product:condition\" content=\"new\" \/>\n<!-- \/ Yoast SEO plugin. -->","yoast_head_json":{"title":"Hamac-scaun Amazonas Brasil - Magazin Xstyle","description":"\u0413\u0430\u043c\u0430\u043a-\u043a\u0440\u0435\u0441\u043b\u043e Amazonas Brasil Grenadine: \u0438\u0434\u0435\u0430\u043b\u044c\u043d\u044b\u0439 \u0432\u044b\u0431\u043e\u0440 \u0434\u043b\u044f \u043a\u043e\u043c\u0444\u043e\u0440\u0442\u043d\u043e\u0433\u043e \u043e\u0442\u0434\u044b\u0445\u0430 \u043d\u0430 \u0434\u0430\u0447\u0435 \u0438\u043b\u0438 \u043f\u043b\u044f\u0436\u0435. \u041b\u0435\u0433\u043a\u0438\u0439, \u043a\u043e\u043c\u043f\u0430\u043a\u0442\u043d\u044b\u0439 \u0438 \u043f\u0440\u043e\u0447\u043d\u044b\u0439 - \u043d\u0430\u0441\u043b\u0430\u0436\u0434\u0430\u0439\u0442\u0435\u0441\u044c \u043e\u0442\u043f\u0443\u0441\u043a\u043e\u043c!","robots":{"index":"index","follow":"follow","max-snippet":"max-snippet:-1","max-image-preview":"max-image-preview:large","max-video-preview":"max-video-preview:-1"},"canonical":"https:\/\/xstyle.md\/ro\/produs\/gamak-kreslo-amazonas-brasil-grenadine\/","og_locale":"ro_RO","og_type":"article","og_title":"\u0413\u0430\u043c\u0430\u043a-\u043a\u0440\u0435\u0441\u043b\u043e Amazonas Brasil Grenadine - \u041c\u0430\u0433\u0430\u0437\u0438\u043d Xstyle","og_description":"\u0413\u0430\u043c\u0430\u043a-\u043a\u0440\u0435\u0441\u043b\u043e Amazonas Brasil Grenadine: \u0438\u0434\u0435\u0430\u043b\u044c\u043d\u044b\u0439 \u0432\u044b\u0431\u043e\u0440 \u0434\u043b\u044f \u043a\u043e\u043c\u0444\u043e\u0440\u0442\u043d\u043e\u0433\u043e \u043e\u0442\u0434\u044b\u0445\u0430 \u043d\u0430 \u0434\u0430\u0447\u0435 \u0438\u043b\u0438 \u043f\u043b\u044f\u0436\u0435. \u041b\u0435\u0433\u043a\u0438\u0439, \u043a\u043e\u043c\u043f\u0430\u043a\u0442\u043d\u044b\u0439 \u0438 \u043f\u0440\u043e\u0447\u043d\u044b\u0439 - \u043d\u0430\u0441\u043b\u0430\u0436\u0434\u0430\u0439\u0442\u0435\u0441\u044c \u043e\u0442\u043f\u0443\u0441\u043a\u043e\u043c!","og_url":"https:\/\/xstyle.md\/ro\/produs\/gamak-kreslo-amazonas-brasil-grenadine\/","og_site_name":"\u041c\u0430\u0433\u0430\u0437\u0438\u043d Xstyle","article_publisher":"https:\/\/www.facebook.com\/xstylemd","article_modified_time":"2026-04-07T12:22:35+00:00","og_image":[{"width":514,"height":670,"url":"https:\/\/xstyle.md\/wp-content\/uploads\/2020\/07\/amazonas-hanging-chair-brasil-grenadine-az-2030130-160cm.jpg","type":"image\/jpeg"}],"twitter_card":"summary_large_image","twitter_misc":{"Pre\u021b":"1.560&nbsp;MDL","Disponibilitate":"\u00cen stoc"},"schema":{"@context":"https:\/\/schema.org","@graph":[{"@type":"WebPage","@id":"https:\/\/xstyle.md\/product\/gamak-kreslo-amazonas-brasil-grenadine\/","url":"https:\/\/xstyle.md\/product\/gamak-kreslo-amazonas-brasil-grenadine\/","name":"Hamac-scaun Amazonas Brasil - Magazin Xstyle","isPartOf":{"@id":"https:\/\/xstyle.md\/#website"},"primaryImageOfPage":{"@id":"https:\/\/xstyle.md\/product\/gamak-kreslo-amazonas-brasil-grenadine\/#primaryimage"},"image":{"@id":"https:\/\/xstyle.md\/product\/gamak-kreslo-amazonas-brasil-grenadine\/#primaryimage"},"thumbnailUrl":"https:\/\/xstyle.md\/wp-content\/uploads\/2020\/07\/amazonas-hanging-chair-brasil-grenadine-az-2030130-160cm.jpg","datePublished":"2020-07-16T13:26:50+00:00","dateModified":"2026-04-07T12:22:35+00:00","description":"\u0413\u0430\u043c\u0430\u043a-\u043a\u0440\u0435\u0441\u043b\u043e Amazonas Brasil Grenadine: \u0438\u0434\u0435\u0430\u043b\u044c\u043d\u044b\u0439 \u0432\u044b\u0431\u043e\u0440 \u0434\u043b\u044f \u043a\u043e\u043c\u0444\u043e\u0440\u0442\u043d\u043e\u0433\u043e \u043e\u0442\u0434\u044b\u0445\u0430 \u043d\u0430 \u0434\u0430\u0447\u0435 \u0438\u043b\u0438 \u043f\u043b\u044f\u0436\u0435. \u041b\u0435\u0433\u043a\u0438\u0439, \u043a\u043e\u043c\u043f\u0430\u043a\u0442\u043d\u044b\u0439 \u0438 \u043f\u0440\u043e\u0447\u043d\u044b\u0439 - \u043d\u0430\u0441\u043b\u0430\u0436\u0434\u0430\u0439\u0442\u0435\u0441\u044c \u043e\u0442\u043f\u0443\u0441\u043a\u043e\u043c!","breadcrumb":{"@id":"https:\/\/xstyle.md\/product\/gamak-kreslo-amazonas-brasil-grenadine\/#breadcrumb"},"inLanguage":"ro-RO","potentialAction":[{"@type":"ReadAction","target":["https:\/\/xstyle.md\/product\/gamak-kreslo-amazonas-brasil-grenadine\/"]}]},{"@type":"ImageObject","inLanguage":"ro-RO","@id":"https:\/\/xstyle.md\/product\/gamak-kreslo-amazonas-brasil-grenadine\/#primaryimage","url":"https:\/\/xstyle.md\/wp-content\/uploads\/2020\/07\/amazonas-hanging-chair-brasil-grenadine-az-2030130-160cm.jpg","contentUrl":"https:\/\/xstyle.md\/wp-content\/uploads\/2020\/07\/amazonas-hanging-chair-brasil-grenadine-az-2030130-160cm.jpg","width":514,"height":670},{"@type":"BreadcrumbList","@id":"https:\/\/xstyle.md\/product\/gamak-kreslo-amazonas-brasil-grenadine\/#breadcrumb","itemListElement":[{"@type":"ListItem","position":1,"name":"\u0413\u043b\u0430\u0432\u043d\u0430\u044f \u0441\u0442\u0440\u0430\u043d\u0438\u0446\u0430","item":"https:\/\/xstyle.md\/"},{"@type":"ListItem","position":2,"name":"\u041c\u0430\u0433\u0430\u0437\u0438\u043d","item":"https:\/\/xstyle.md\/shop\/"},{"@type":"ListItem","position":3,"name":"\u0413\u0430\u043c\u0430\u043a-\u043a\u0440\u0435\u0441\u043b\u043e Amazonas Brasil Grenadine"}]},{"@type":"WebSite","@id":"https:\/\/xstyle.md\/#website","url":"https:\/\/xstyle.md\/","name":"Magazinul X-Style","description":"Echipamente pentru turism \u0219i sporturi extreme \u00een Moldova. Pre\u021buri, fotografii, caracteristici \u00een Moldova.","publisher":{"@id":"https:\/\/xstyle.md\/#organization"},"alternateName":"X-Style","potentialAction":[{"@type":"SearchAction","target":{"@type":"EntryPoint","urlTemplate":"https:\/\/xstyle.md\/?s={search_term_string}"},"query-input":{"@type":"PropertyValueSpecification","valueRequired":true,"valueName":"search_term_string"}}],"inLanguage":"ro-RO"},{"@type":"Organization","@id":"https:\/\/xstyle.md\/#organization","name":"Magazinul X-Style","alternateName":"x-style","url":"https:\/\/xstyle.md\/","logo":{"@type":"ImageObject","inLanguage":"ro-RO","@id":"https:\/\/xstyle.md\/#\/schema\/logo\/image\/","url":"https:\/\/xstyle.md\/wp-content\/uploads\/2020\/06\/logoicon.svg","contentUrl":"https:\/\/xstyle.md\/wp-content\/uploads\/2020\/06\/logoicon.svg","caption":"\u041c\u0430\u0433\u0430\u0437\u0438\u043d Xstyle"},"image":{"@id":"https:\/\/xstyle.md\/#\/schema\/logo\/image\/"},"sameAs":["https:\/\/www.facebook.com\/xstylemd","https:\/\/www.instagram.com\/xstyle_md\/","https:\/\/t.me\/xstyle_outdoor"],"hasMerchantReturnPolicy":{"@type":"MerchantReturnPolicy","merchantReturnLink":"https:\/\/xstyle.md\/ro\/conditions\/"}}]},"product_price_amount":"1560.00","product_price_currency":"MDL","og_availability":"instock","product_availability":"instock","product_retailer_item_id":"4030454003674","product_condition":"new"},"post_mailing_queue_ids":[],"_links":{"self":[{"href":"https:\/\/xstyle.md\/ro\/wp-json\/wp\/v2\/product\/1570","targetHints":{"allow":["GET"]}}],"collection":[{"href":"https:\/\/xstyle.md\/ro\/wp-json\/wp\/v2\/product"}],"about":[{"href":"https:\/\/xstyle.md\/ro\/wp-json\/wp\/v2\/types\/product"}],"replies":[{"embeddable":true,"href":"https:\/\/xstyle.md\/ro\/wp-json\/wp\/v2\/comments?post=1570"}],"wp:featuredmedia":[{"embeddable":true,"href":"https:\/\/xstyle.md\/ro\/wp-json\/wp\/v2\/media\/1565"}],"wp:attachment":[{"href":"https:\/\/xstyle.md\/ro\/wp-json\/wp\/v2\/media?parent=1570"}],"wp:term":[{"taxonomy":"product_brand","embeddable":true,"href":"https:\/\/xstyle.md\/ro\/wp-json\/wp\/v2\/product_brand?post=1570"},{"taxonomy":"product_cat","embeddable":true,"href":"https:\/\/xstyle.md\/ro\/wp-json\/wp\/v2\/product_cat?post=1570"},{"taxonomy":"product_tag","embeddable":true,"href":"https:\/\/xstyle.md\/ro\/wp-json\/wp\/v2\/product_tag?post=1570"}],"curies":[{"name":"wp","href":"https:\/\/api.w.org\/{rel}","templated":true}]}}