{"id":15621,"date":"2020-07-17T16:06:38","date_gmt":"2020-07-17T13:06:38","guid":{"rendered":"https:\/\/xstyle.md\/product\/gornolyzhnyj-shlem-julbo-leto"},"modified":"2026-01-09T14:01:33","modified_gmt":"2026-01-09T11:01:33","slug":"gornolyzhnyj-shlem-julbo-leto","status":"publish","type":"product","link":"https:\/\/xstyle.md\/ro\/produs\/gornolyzhnyj-shlem-julbo-leto\/","title":{"rendered":"Casc\u0103 schi Julbo Leto"},"content":{"rendered":"<\/p>\n<p><strong>Julbo Leto<\/strong> &#8212; este o casc\u0103 de schi excelent\u0103 pentru copii \u0219i adolescen\u021bi la un pre\u021b accesibil. Beneficiile designului includ o cochilie durabil\u0103 din plastic ABS, dimensiuni reglabile, ventila\u021bie pasiv\u0103 \u0219i perni\u021be cu plas\u0103 deschis\u0103. \u0218i pentru c\u0103 stilul este \u00eentotdeauna o prioritate pentru copii, Julbo a creat o gam\u0103 de culori cool care vor fi pe placul at\u00e2t al fetelor, c\u00e2t \u0219i al b\u0103ie\u021bilor.<\/p>\n<h3>Particularit\u0103\u021bi<\/h3>\n<ul>\n<li>Carcas\u0103 din ABS turnat prin injec\u021bie pentru rezisten\u021b\u0103 la \u0219ocuri \u0219i zg\u00e2rieturi<\/li>\n<li>Pernu\u021be confortabile pentru urechi<\/li>\n<li>Reglare precis\u0103 a dimensiunii pentru o potrivire mai bun\u0103<\/li>\n<li>Tehnologie turnat\u0103 prin injec\u021bie. Carcas\u0103 ABS ultrarezistent\u0103 turnat\u0103 prin injec\u021bie (grosime: 2 mm), rezistent\u0103 la impact \u0219i zg\u00e2rieturi, c\u0103ptu\u0219it\u0103 la interior cu spum\u0103 EPS pentru absorb\u021bia \u0219i distribuirea \u0219ocurilor. Avantaj: rezistent la zg\u00e2rieturi \u0219i la impact<\/li>\n<li>Reglabil pentru o potrivire mai bun\u0103<\/li>\n<li>C\u0103ptu\u0219eal\u0103 interioar\u0103 deta\u0219abil\u0103 pentru cur\u0103\u021bare atunci c\u00e2nd este necesar.<\/li>\n<\/ul>\n<h3>Caracteristici<\/h3>\n<ul>\n<li>Scop &#8212; universal<\/li>\n<li>Ventila\u021bie &#8212; pasiv\u0103<\/li>\n<li>Construc\u021bie &#8212; \u00een mucegai<\/li>\n<li>Certificare &#8212; EN1077<\/li>\n<li>Greutate &#8212; 550.<\/li>\n<\/ul>\n<h3>Tehnologie<\/h3>\n<ul>\n<li><strong>Adjustable Fit\u00a0<\/strong>ajustare precis\u0103 la dimensiunea capului.<\/li>\n<li><strong>Air flow <\/strong>toate c\u0103\u0219tile sunt ventilate prin orificii de aerisire plasate strategic \u0219i printr-o plas\u0103 special\u0103 pentru a \u00eendep\u0103rta transpira\u021bia.<\/li>\n<li><strong>Half shell\u00a0<\/strong>c\u0103\u0219ti deta\u0219abile semi-rigide.<\/li>\n<li><strong>Strap attachment\u00a0<\/strong>de pe partea din spate a c\u0103\u0219tii pentru a fixa cureaua m\u0103\u0219tii \u0219i a o men\u021bine \u00een pozi\u021bie.<\/li>\n<li><strong>In-mold<\/strong> &#8212; \u00eenveli\u0219ul interior din EPS este acoperit cu un strat sub\u021bire de policarbonat turnat prin injec\u021bie. De aici \u0219i denumirea In-Mold, prescurtare de la &#171;injec\u021bie turnat\u0103&#187;. Aceast\u0103 construc\u021bie este mult mai u\u0219oar\u0103 dec\u00e2t omologii s\u0103i \u0219i este potrivit\u0103 pentru majoritatea schiorilor care nu \u00ee\u0219i sfideaz\u0103 soarta \u00een c\u0103utare de adrenalin\u0103.<\/li>\n<\/ul>\n<h3>Marca<\/h3>\n<p>Julbo este un brand francez de renume mondial care produce ochelari de sport de \u00eenalt\u0103 calitate, ochelari pentru sporturi nautice, ochelari pentru alpinism la mare altitudine, m\u0103\u0219ti pentru sporturi de iarn\u0103, c\u0103\u0219ti de schi \u0219i multe altele. Aceast\u0103 companie are o istorie de peste 130 de ani, iar \u00een acest timp s-a dezvoltat de la o mic\u0103 firm\u0103 de familie la un juc\u0103tor important pe pia\u021ba global\u0103. Julbo a devenit un veritabil expert \u0219i un punct de referin\u021b\u0103 \u00een dezvoltarea opticii pentru utilizarea \u00een condi\u021bii extreme. Experien\u021ba acumulat\u0103 de-a lungul anilor, tehnologiile inovatoare \u0219i cooperarea cu sportivii au dus la o gam\u0103 larg\u0103 de produse care au c\u00e2\u0219tigat o mare popularitate \u00een \u00eentreaga lume.<\/p>\n<p><\/p>","protected":false},"excerpt":{"rendered":"<p>Casc\u0103 schi Julbo Leto<\/p>","protected":false},"featured_media":15618,"comment_status":"open","ping_status":"closed","template":"","meta":{"_acf_changed":false,"inline_featured_image":false},"product_brand":[1294],"product_cat":[355],"product_tag":[],"class_list":{"0":"post-15621","1":"product","2":"type-product","3":"status-publish","4":"has-post-thumbnail","6":"product_brand-julbo","7":"product_cat-ski-helmet","9":"first","10":"outofstock","11":"shipping-taxable","12":"product-type-simple"},"acf":[],"yoast_head":"<!-- This site is optimized with the Yoast SEO plugin v27.2 - https:\/\/yoast.com\/product\/yoast-seo-wordpress\/ -->\n<title>\u0413\u043e\u0440\u043d\u043e\u043b\u044b\u0436\u043d\u044b\u0439 \u0448\u043b\u0435\u043c Julbo Leto - \u041c\u0430\u0433\u0430\u0437\u0438\u043d Xstyle<\/title>\n<meta name=\"description\" content=\"\u041a\u0443\u043f\u0438\u0442\u0435 \u0433\u043e\u0440\u043d\u043e\u043b\u044b\u0436\u043d\u044b\u0439 \u0448\u043b\u0435\u043c Julbo Leto \u0434\u043b\u044f \u0434\u0435\u0442\u0435\u0439 \u0438 \u043f\u043e\u0434\u0440\u043e\u0441\u0442\u043a\u043e\u0432. \u041f\u0440\u043e\u0447\u043d\u044b\u0435 \u043c\u0430\u0442\u0435\u0440\u0438\u0430\u043b\u044b, \u0440\u0435\u0433\u0443\u043b\u0438\u0440\u0443\u0435\u043c\u0430\u044f \u043f\u043e\u0441\u0430\u0434\u043a\u0430 \u0438 \u043e\u0442\u043b\u0438\u0447\u043d\u0430\u044f \u0432\u0435\u043d\u0442\u0438\u043b\u044f\u0446\u0438\u044f. \u0411\u0435\u0437\u043e\u043f\u0430\u0441\u043d\u043e\u0441\u0442\u044c \u0438 \u043a\u043e\u043c\u0444\u043e\u0440\u0442 \u043d\u0430 \u0441\u043a\u043b\u043e\u043d\u0435!\" \/>\n<meta name=\"robots\" content=\"index, follow, max-snippet:-1, max-image-preview:large, max-video-preview:-1\" \/>\n<link rel=\"canonical\" href=\"https:\/\/xstyle.md\/ro\/produs\/gornolyzhnyj-shlem-julbo-leto\/\" \/>\n<meta property=\"og:locale\" content=\"ro_RO\" \/>\n<meta property=\"og:type\" content=\"article\" \/>\n<meta property=\"og:title\" content=\"\u0413\u043e\u0440\u043d\u043e\u043b\u044b\u0436\u043d\u044b\u0439 \u0448\u043b\u0435\u043c Julbo Leto - \u041c\u0430\u0433\u0430\u0437\u0438\u043d Xstyle\" \/>\n<meta property=\"og:description\" content=\"\u041a\u0443\u043f\u0438\u0442\u0435 \u0433\u043e\u0440\u043d\u043e\u043b\u044b\u0436\u043d\u044b\u0439 \u0448\u043b\u0435\u043c Julbo Leto \u0434\u043b\u044f \u0434\u0435\u0442\u0435\u0439 \u0438 \u043f\u043e\u0434\u0440\u043e\u0441\u0442\u043a\u043e\u0432. \u041f\u0440\u043e\u0447\u043d\u044b\u0435 \u043c\u0430\u0442\u0435\u0440\u0438\u0430\u043b\u044b, \u0440\u0435\u0433\u0443\u043b\u0438\u0440\u0443\u0435\u043c\u0430\u044f \u043f\u043e\u0441\u0430\u0434\u043a\u0430 \u0438 \u043e\u0442\u043b\u0438\u0447\u043d\u0430\u044f \u0432\u0435\u043d\u0442\u0438\u043b\u044f\u0446\u0438\u044f. \u0411\u0435\u0437\u043e\u043f\u0430\u0441\u043d\u043e\u0441\u0442\u044c \u0438 \u043a\u043e\u043c\u0444\u043e\u0440\u0442 \u043d\u0430 \u0441\u043a\u043b\u043e\u043d\u0435!\" \/>\n<meta property=\"og:url\" content=\"https:\/\/xstyle.md\/ro\/produs\/gornolyzhnyj-shlem-julbo-leto\/\" \/>\n<meta property=\"og:site_name\" content=\"\u041c\u0430\u0433\u0430\u0437\u0438\u043d Xstyle\" \/>\n<meta property=\"article:publisher\" content=\"https:\/\/www.facebook.com\/xstylemd\" \/>\n<meta property=\"article:modified_time\" content=\"2026-01-09T11:01:33+00:00\" \/>\n<meta property=\"og:image\" content=\"https:\/\/xstyle.md\/wp-content\/uploads\/2020\/07\/1738223-n0.jpg\" \/>\n\t<meta property=\"og:image:width\" content=\"500\" \/>\n\t<meta property=\"og:image:height\" content=\"500\" \/>\n\t<meta property=\"og:image:type\" content=\"image\/jpeg\" \/>\n<meta name=\"twitter:card\" content=\"summary_large_image\" \/>\n<meta name=\"twitter:label1\" content=\"Pre\u021b\" \/>\n\t<meta name=\"twitter:data1\" content=\"1.240&nbsp;MDL\" \/>\n\t<meta name=\"twitter:label2\" content=\"Disponibilitate\" \/>\n\t<meta name=\"twitter:data2\" content=\"Stoc epuizat\" \/>\n<script type=\"application\/ld+json\" class=\"yoast-schema-graph\">{\"@context\":\"https:\/\/schema.org\",\"@graph\":[{\"@type\":\"WebPage\",\"@id\":\"https:\/\/xstyle.md\/product\/gornolyzhnyj-shlem-julbo-leto\/\",\"url\":\"https:\/\/xstyle.md\/product\/gornolyzhnyj-shlem-julbo-leto\/\",\"name\":\"\u0413\u043e\u0440\u043d\u043e\u043b\u044b\u0436\u043d\u044b\u0439 \u0448\u043b\u0435\u043c Julbo Leto - \u041c\u0430\u0433\u0430\u0437\u0438\u043d Xstyle\",\"isPartOf\":{\"@id\":\"https:\/\/xstyle.md\/#website\"},\"primaryImageOfPage\":{\"@id\":\"https:\/\/xstyle.md\/product\/gornolyzhnyj-shlem-julbo-leto\/#primaryimage\"},\"image\":{\"@id\":\"https:\/\/xstyle.md\/product\/gornolyzhnyj-shlem-julbo-leto\/#primaryimage\"},\"thumbnailUrl\":\"https:\/\/xstyle.md\/wp-content\/uploads\/2020\/07\/1738223-n0.jpg\",\"datePublished\":\"2020-07-17T13:06:38+00:00\",\"dateModified\":\"2026-01-09T11:01:33+00:00\",\"description\":\"\u041a\u0443\u043f\u0438\u0442\u0435 \u0433\u043e\u0440\u043d\u043e\u043b\u044b\u0436\u043d\u044b\u0439 \u0448\u043b\u0435\u043c Julbo Leto \u0434\u043b\u044f \u0434\u0435\u0442\u0435\u0439 \u0438 \u043f\u043e\u0434\u0440\u043e\u0441\u0442\u043a\u043e\u0432. \u041f\u0440\u043e\u0447\u043d\u044b\u0435 \u043c\u0430\u0442\u0435\u0440\u0438\u0430\u043b\u044b, \u0440\u0435\u0433\u0443\u043b\u0438\u0440\u0443\u0435\u043c\u0430\u044f \u043f\u043e\u0441\u0430\u0434\u043a\u0430 \u0438 \u043e\u0442\u043b\u0438\u0447\u043d\u0430\u044f \u0432\u0435\u043d\u0442\u0438\u043b\u044f\u0446\u0438\u044f. \u0411\u0435\u0437\u043e\u043f\u0430\u0441\u043d\u043e\u0441\u0442\u044c \u0438 \u043a\u043e\u043c\u0444\u043e\u0440\u0442 \u043d\u0430 \u0441\u043a\u043b\u043e\u043d\u0435!\",\"breadcrumb\":{\"@id\":\"https:\/\/xstyle.md\/product\/gornolyzhnyj-shlem-julbo-leto\/#breadcrumb\"},\"inLanguage\":\"ro-RO\",\"potentialAction\":[{\"@type\":\"ReadAction\",\"target\":[\"https:\/\/xstyle.md\/product\/gornolyzhnyj-shlem-julbo-leto\/\"]}]},{\"@type\":\"ImageObject\",\"inLanguage\":\"ro-RO\",\"@id\":\"https:\/\/xstyle.md\/product\/gornolyzhnyj-shlem-julbo-leto\/#primaryimage\",\"url\":\"https:\/\/xstyle.md\/wp-content\/uploads\/2020\/07\/1738223-n0.jpg\",\"contentUrl\":\"https:\/\/xstyle.md\/wp-content\/uploads\/2020\/07\/1738223-n0.jpg\",\"width\":500,\"height\":500},{\"@type\":\"BreadcrumbList\",\"@id\":\"https:\/\/xstyle.md\/product\/gornolyzhnyj-shlem-julbo-leto\/#breadcrumb\",\"itemListElement\":[{\"@type\":\"ListItem\",\"position\":1,\"name\":\"\u0413\u043b\u0430\u0432\u043d\u0430\u044f \u0441\u0442\u0440\u0430\u043d\u0438\u0446\u0430\",\"item\":\"https:\/\/xstyle.md\/\"},{\"@type\":\"ListItem\",\"position\":2,\"name\":\"\u041c\u0430\u0433\u0430\u0437\u0438\u043d\",\"item\":\"https:\/\/xstyle.md\/shop\/\"},{\"@type\":\"ListItem\",\"position\":3,\"name\":\"\u0413\u043e\u0440\u043d\u043e\u043b\u044b\u0436\u043d\u044b\u0439 \u0448\u043b\u0435\u043c Julbo Leto\"}]},{\"@type\":\"WebSite\",\"@id\":\"https:\/\/xstyle.md\/#website\",\"url\":\"https:\/\/xstyle.md\/\",\"name\":\"\u041c\u0430\u0433\u0430\u0437\u0438\u043d Xstyle\",\"description\":\"C\u043d\u0430\u0440\u044f\u0436\u0435\u043d\u0438\u0435 \u0434\u043b\u044f \u0442\u0443\u0440\u0438\u0437\u043c\u0430 \u0438 \u044d\u043a\u0441\u0442\u0440\u0435\u043c\u0430\u043b\u044c\u043d\u044b\u0445 \u0432\u0438\u0434\u043e\u0432 \u0441\u043f\u043e\u0440\u0442\u0430 \u0432 \u041c\u043e\u043b\u0434\u043e\u0432\u0435.. \u0426\u0435\u043d\u044b, \u0444\u043e\u0442\u043e, \u0445\u0430\u0440\u0430\u043a\u0442\u0435\u0440\u0438\u0441\u0442\u0438\u043a\u0438 \u0432 \u041c\u043e\u043b\u0434\u043e\u0432\u0435.\",\"publisher\":{\"@id\":\"https:\/\/xstyle.md\/#organization\"},\"alternateName\":\"X-Style\",\"potentialAction\":[{\"@type\":\"SearchAction\",\"target\":{\"@type\":\"EntryPoint\",\"urlTemplate\":\"https:\/\/xstyle.md\/?s={search_term_string}\"},\"query-input\":{\"@type\":\"PropertyValueSpecification\",\"valueRequired\":true,\"valueName\":\"search_term_string\"}}],\"inLanguage\":\"ro-RO\"},{\"@type\":\"Organization\",\"@id\":\"https:\/\/xstyle.md\/#organization\",\"name\":\"\u041c\u0430\u0433\u0430\u0437\u0438\u043d Xstyle\",\"alternateName\":\"x-style\",\"url\":\"https:\/\/xstyle.md\/\",\"logo\":{\"@type\":\"ImageObject\",\"inLanguage\":\"ro-RO\",\"@id\":\"https:\/\/xstyle.md\/#\/schema\/logo\/image\/\",\"url\":\"https:\/\/xstyle.md\/wp-content\/uploads\/2020\/06\/logoicon.svg\",\"contentUrl\":\"https:\/\/xstyle.md\/wp-content\/uploads\/2020\/06\/logoicon.svg\",\"caption\":\"\u041c\u0430\u0433\u0430\u0437\u0438\u043d Xstyle\"},\"image\":{\"@id\":\"https:\/\/xstyle.md\/#\/schema\/logo\/image\/\"},\"sameAs\":[\"https:\/\/www.facebook.com\/xstylemd\",\"https:\/\/www.instagram.com\/xstyle_md\/\",\"https:\/\/t.me\/xstyle_outdoor\"],\"hasMerchantReturnPolicy\":{\"@type\":\"MerchantReturnPolicy\",\"merchantReturnLink\":\"https:\/\/xstyle.md\/ro\/conditions\/\"}}]}<\/script>\n<meta property=\"product:price:amount\" content=\"1240.00\" \/>\n<meta property=\"product:price:currency\" content=\"MDL\" \/>\n<meta property=\"og:availability\" content=\"out of stock\" \/>\n<meta property=\"product:availability\" content=\"out of stock\" \/>\n<meta property=\"product:retailer_item_id\" content=\"3660576302839\" \/>\n<meta property=\"product:condition\" content=\"new\" \/>\n<!-- \/ Yoast SEO plugin. -->","yoast_head_json":{"title":"Casc\u0103 schi Julbo Leto - Magazin Xstyle","description":"Cump\u0103ra\u021bi casca de schi Julbo Leto pentru copii \u0219i adolescen\u021bi. Materiale durabile, ajustare reglabil\u0103 \u0219i ventila\u021bie excelent\u0103. Siguran\u021b\u0103 \u0219i confort pe p\u00e2rtie!","robots":{"index":"index","follow":"follow","max-snippet":"max-snippet:-1","max-image-preview":"max-image-preview:large","max-video-preview":"max-video-preview:-1"},"canonical":"https:\/\/xstyle.md\/ro\/produs\/gornolyzhnyj-shlem-julbo-leto\/","og_locale":"ro_RO","og_type":"article","og_title":"\u0413\u043e\u0440\u043d\u043e\u043b\u044b\u0436\u043d\u044b\u0439 \u0448\u043b\u0435\u043c Julbo Leto - \u041c\u0430\u0433\u0430\u0437\u0438\u043d Xstyle","og_description":"\u041a\u0443\u043f\u0438\u0442\u0435 \u0433\u043e\u0440\u043d\u043e\u043b\u044b\u0436\u043d\u044b\u0439 \u0448\u043b\u0435\u043c Julbo Leto \u0434\u043b\u044f \u0434\u0435\u0442\u0435\u0439 \u0438 \u043f\u043e\u0434\u0440\u043e\u0441\u0442\u043a\u043e\u0432. \u041f\u0440\u043e\u0447\u043d\u044b\u0435 \u043c\u0430\u0442\u0435\u0440\u0438\u0430\u043b\u044b, \u0440\u0435\u0433\u0443\u043b\u0438\u0440\u0443\u0435\u043c\u0430\u044f \u043f\u043e\u0441\u0430\u0434\u043a\u0430 \u0438 \u043e\u0442\u043b\u0438\u0447\u043d\u0430\u044f \u0432\u0435\u043d\u0442\u0438\u043b\u044f\u0446\u0438\u044f. \u0411\u0435\u0437\u043e\u043f\u0430\u0441\u043d\u043e\u0441\u0442\u044c \u0438 \u043a\u043e\u043c\u0444\u043e\u0440\u0442 \u043d\u0430 \u0441\u043a\u043b\u043e\u043d\u0435!","og_url":"https:\/\/xstyle.md\/ro\/produs\/gornolyzhnyj-shlem-julbo-leto\/","og_site_name":"\u041c\u0430\u0433\u0430\u0437\u0438\u043d Xstyle","article_publisher":"https:\/\/www.facebook.com\/xstylemd","article_modified_time":"2026-01-09T11:01:33+00:00","og_image":[{"width":500,"height":500,"url":"https:\/\/xstyle.md\/wp-content\/uploads\/2020\/07\/1738223-n0.jpg","type":"image\/jpeg"}],"twitter_card":"summary_large_image","twitter_misc":{"Pre\u021b":"1.240&nbsp;MDL","Disponibilitate":"Stoc epuizat"},"schema":{"@context":"https:\/\/schema.org","@graph":[{"@type":"WebPage","@id":"https:\/\/xstyle.md\/product\/gornolyzhnyj-shlem-julbo-leto\/","url":"https:\/\/xstyle.md\/product\/gornolyzhnyj-shlem-julbo-leto\/","name":"Casc\u0103 schi Julbo Leto - Magazin Xstyle","isPartOf":{"@id":"https:\/\/xstyle.md\/#website"},"primaryImageOfPage":{"@id":"https:\/\/xstyle.md\/product\/gornolyzhnyj-shlem-julbo-leto\/#primaryimage"},"image":{"@id":"https:\/\/xstyle.md\/product\/gornolyzhnyj-shlem-julbo-leto\/#primaryimage"},"thumbnailUrl":"https:\/\/xstyle.md\/wp-content\/uploads\/2020\/07\/1738223-n0.jpg","datePublished":"2020-07-17T13:06:38+00:00","dateModified":"2026-01-09T11:01:33+00:00","description":"Cump\u0103ra\u021bi casca de schi Julbo Leto pentru copii \u0219i adolescen\u021bi. Materiale durabile, ajustare reglabil\u0103 \u0219i ventila\u021bie excelent\u0103. Siguran\u021b\u0103 \u0219i confort pe p\u00e2rtie!","breadcrumb":{"@id":"https:\/\/xstyle.md\/product\/gornolyzhnyj-shlem-julbo-leto\/#breadcrumb"},"inLanguage":"ro-RO","potentialAction":[{"@type":"ReadAction","target":["https:\/\/xstyle.md\/product\/gornolyzhnyj-shlem-julbo-leto\/"]}]},{"@type":"ImageObject","inLanguage":"ro-RO","@id":"https:\/\/xstyle.md\/product\/gornolyzhnyj-shlem-julbo-leto\/#primaryimage","url":"https:\/\/xstyle.md\/wp-content\/uploads\/2020\/07\/1738223-n0.jpg","contentUrl":"https:\/\/xstyle.md\/wp-content\/uploads\/2020\/07\/1738223-n0.jpg","width":500,"height":500},{"@type":"BreadcrumbList","@id":"https:\/\/xstyle.md\/product\/gornolyzhnyj-shlem-julbo-leto\/#breadcrumb","itemListElement":[{"@type":"ListItem","position":1,"name":"\u0413\u043b\u0430\u0432\u043d\u0430\u044f \u0441\u0442\u0440\u0430\u043d\u0438\u0446\u0430","item":"https:\/\/xstyle.md\/"},{"@type":"ListItem","position":2,"name":"\u041c\u0430\u0433\u0430\u0437\u0438\u043d","item":"https:\/\/xstyle.md\/shop\/"},{"@type":"ListItem","position":3,"name":"\u0413\u043e\u0440\u043d\u043e\u043b\u044b\u0436\u043d\u044b\u0439 \u0448\u043b\u0435\u043c Julbo Leto"}]},{"@type":"WebSite","@id":"https:\/\/xstyle.md\/#website","url":"https:\/\/xstyle.md\/","name":"Magazinul X-Style","description":"Echipamente pentru turism \u0219i sporturi extreme \u00een Moldova. Pre\u021buri, fotografii, caracteristici \u00een Moldova.","publisher":{"@id":"https:\/\/xstyle.md\/#organization"},"alternateName":"X-Style","potentialAction":[{"@type":"SearchAction","target":{"@type":"EntryPoint","urlTemplate":"https:\/\/xstyle.md\/?s={search_term_string}"},"query-input":{"@type":"PropertyValueSpecification","valueRequired":true,"valueName":"search_term_string"}}],"inLanguage":"ro-RO"},{"@type":"Organization","@id":"https:\/\/xstyle.md\/#organization","name":"Magazinul X-Style","alternateName":"x-style","url":"https:\/\/xstyle.md\/","logo":{"@type":"ImageObject","inLanguage":"ro-RO","@id":"https:\/\/xstyle.md\/#\/schema\/logo\/image\/","url":"https:\/\/xstyle.md\/wp-content\/uploads\/2020\/06\/logoicon.svg","contentUrl":"https:\/\/xstyle.md\/wp-content\/uploads\/2020\/06\/logoicon.svg","caption":"\u041c\u0430\u0433\u0430\u0437\u0438\u043d Xstyle"},"image":{"@id":"https:\/\/xstyle.md\/#\/schema\/logo\/image\/"},"sameAs":["https:\/\/www.facebook.com\/xstylemd","https:\/\/www.instagram.com\/xstyle_md\/","https:\/\/t.me\/xstyle_outdoor"],"hasMerchantReturnPolicy":{"@type":"MerchantReturnPolicy","merchantReturnLink":"https:\/\/xstyle.md\/ro\/conditions\/"}}]},"product_price_amount":"1240.00","product_price_currency":"MDL","og_availability":"out of stock","product_availability":"out of stock","product_retailer_item_id":"3660576302839","product_condition":"new"},"post_mailing_queue_ids":[],"_links":{"self":[{"href":"https:\/\/xstyle.md\/ro\/wp-json\/wp\/v2\/product\/15621","targetHints":{"allow":["GET"]}}],"collection":[{"href":"https:\/\/xstyle.md\/ro\/wp-json\/wp\/v2\/product"}],"about":[{"href":"https:\/\/xstyle.md\/ro\/wp-json\/wp\/v2\/types\/product"}],"replies":[{"embeddable":true,"href":"https:\/\/xstyle.md\/ro\/wp-json\/wp\/v2\/comments?post=15621"}],"wp:featuredmedia":[{"embeddable":true,"href":"https:\/\/xstyle.md\/ro\/wp-json\/wp\/v2\/media\/15618"}],"wp:attachment":[{"href":"https:\/\/xstyle.md\/ro\/wp-json\/wp\/v2\/media?parent=15621"}],"wp:term":[{"taxonomy":"product_brand","embeddable":true,"href":"https:\/\/xstyle.md\/ro\/wp-json\/wp\/v2\/product_brand?post=15621"},{"taxonomy":"product_cat","embeddable":true,"href":"https:\/\/xstyle.md\/ro\/wp-json\/wp\/v2\/product_cat?post=15621"},{"taxonomy":"product_tag","embeddable":true,"href":"https:\/\/xstyle.md\/ro\/wp-json\/wp\/v2\/product_tag?post=15621"}],"curies":[{"name":"wp","href":"https:\/\/api.w.org\/{rel}","templated":true}]}}