{"id":15516,"date":"2020-07-17T14:52:10","date_gmt":"2020-07-17T11:52:10","guid":{"rendered":"https:\/\/xstyle.md\/product\/kamus-dlja-gornyh-lyzh-ibex-84"},"modified":"2024-10-21T09:12:28","modified_gmt":"2024-10-21T06:12:28","slug":"kamus-dlja-gornyh-lyzh-ibex-84","status":"publish","type":"product","link":"https:\/\/xstyle.md\/ro\/produs\/kamus-dlja-gornyh-lyzh-ibex-84\/","title":{"rendered":"Piei pentru schi Elan Ibex 84"},"content":{"rendered":"<\/p>\n<p><strong>Piei pentru schi Elan Ibex 84<\/strong><\/p>\n<p>Datorit\u0103 combina\u021biei ideale de Mohair (65%) \u0219i Nylon (35%), aceste piei pentru modelul Ibex 84 asigur\u0103 o men\u021binere sigur\u0103 la ascensiune \u0219i o alunecare u\u0219oar\u0103.<\/p>\n<p><strong>Caracteristici:<\/strong><\/p>\n<ul>\n<li>Acest material reduce absorb\u021bia de umiditate \u0219i confer\u0103 &icirc;ncredere \u0219i un sentiment de siguran\u021b\u0103 &icirc;n timpul ascensiunilor.<\/li>\n<li>Un dispozitiv de prindere u\u0219oar\u0103 special\u0103 asigur\u0103 fixarea pieilor la toate modelele Elan Ibex. Stratul adeziv aplicat de la v&acirc;rful piciorului la c\u0103lc&acirc;iul schiurilor &icirc;mpiedic\u0103 intrarea z\u0103pezii &icirc;ntre piei \u0219i suprafa\u021ba de alunecare, asigur&acirc;nd o potrivire excelent\u0103 pe schi, chiar \u0219i &icirc;n cea mai rece vreme.<\/li>\n<li>Leg\u0103tura la c\u0103lc&acirc;i reglabil\u0103 cu extensii de cauciuc fixeaz\u0103 ferm pieile \u0219i le men\u021bine pe loc pe orice tip z\u0103pad\u0103.<\/li>\n<li>Croiala bine g&acirc;ndit\u0103 &icirc;n zona rockerului ofer\u0103 o alunecare excelent\u0103 \u0219i reduce greutatea &icirc;n zona v&acirc;rfurilor de schi.<\/li>\n<\/ul>\n<p><strong>Specifica\u021bii:<\/strong><\/p>\n<ul>\n<li>Material: Mohair 65% \/ Nylon 35%<\/li>\n<li>Tip: Piei dup\u0103 modelului de schi<\/li>\n<li>Strat adeziv: Adeziv<\/li>\n<li>Fixare v&acirc;rf: clips metalic<\/li>\n<li>Fixare c\u0103lc&acirc;i: fixaj special<\/li>\n<li>Compatibilitate: Ibex 84 Carbon XLT, Ibex 84 Carbon &amp; Ibex 84<\/li>\n<\/ul>\n<p><\/p>","protected":false},"excerpt":{"rendered":"<p>Piei pentru schi Elan Ibex 84<\/p>","protected":false},"featured_media":15514,"comment_status":"open","ping_status":"closed","template":"","meta":{"_acf_changed":false,"inline_featured_image":false},"product_brand":[1315],"product_cat":[621],"product_tag":[],"class_list":{"0":"post-15516","1":"product","2":"type-product","3":"status-publish","4":"has-post-thumbnail","6":"product_brand-elan","7":"product_cat-ski-touring","9":"first","10":"instock","11":"shipping-taxable","12":"purchasable","13":"product-type-simple"},"acf":[],"yoast_head":"<!-- This site is optimized with the Yoast SEO plugin v27.2 - https:\/\/yoast.com\/product\/yoast-seo-wordpress\/ -->\n<title>\u041a\u0430\u043c\u0443\u0441 \u0434\u043b\u044f \u043b\u044b\u0436 Elan Ibex 84 - \u041c\u0430\u0433\u0430\u0437\u0438\u043d Xstyle<\/title>\n<meta name=\"description\" content=\"\u041a\u0430\u043c\u0443\u0441 \u0434\u043b\u044f \u043b\u044b\u0436 Elan Ibex 84 \u0441\u043e\u0447\u0435\u0442\u0430\u0435\u0442 \u0432 \u0441\u0435\u0431\u0435 Mohair 65% \u0438 Nylon 35%, \u043e\u0431\u0435\u0441\u043f\u0435\u0447\u0438\u0432\u0430\u044f \u043e\u0442\u043b\u0438\u0447\u043d\u043e\u0435 \u0441\u0446\u0435\u043f\u043b\u0435\u043d\u0438\u0435 \u0438 \u043b\u0435\u0433\u043a\u043e\u0441\u0442\u044c \u043f\u0440\u0438 \u0432\u043e\u0441\u0445\u043e\u0436\u0434\u0435\u043d\u0438\u0438. \u0412\u0430\u0448 \u0438\u0434\u0435\u0430\u043b\u044c\u043d\u044b\u0439 \u0432\u044b\u0431\u043e\u0440!\" \/>\n<meta name=\"robots\" content=\"index, follow, max-snippet:-1, max-image-preview:large, max-video-preview:-1\" \/>\n<link rel=\"canonical\" href=\"https:\/\/xstyle.md\/ro\/produs\/kamus-dlja-gornyh-lyzh-ibex-84\/\" \/>\n<meta property=\"og:locale\" content=\"ro_RO\" \/>\n<meta property=\"og:type\" content=\"article\" \/>\n<meta property=\"og:title\" content=\"\u041a\u0430\u043c\u0443\u0441 \u0434\u043b\u044f \u043b\u044b\u0436 Elan Ibex 84 - \u041c\u0430\u0433\u0430\u0437\u0438\u043d Xstyle\" \/>\n<meta property=\"og:description\" content=\"\u041a\u0430\u043c\u0443\u0441 \u0434\u043b\u044f \u043b\u044b\u0436 Elan Ibex 84 \u0441\u043e\u0447\u0435\u0442\u0430\u0435\u0442 \u0432 \u0441\u0435\u0431\u0435 Mohair 65% \u0438 Nylon 35%, \u043e\u0431\u0435\u0441\u043f\u0435\u0447\u0438\u0432\u0430\u044f \u043e\u0442\u043b\u0438\u0447\u043d\u043e\u0435 \u0441\u0446\u0435\u043f\u043b\u0435\u043d\u0438\u0435 \u0438 \u043b\u0435\u0433\u043a\u043e\u0441\u0442\u044c \u043f\u0440\u0438 \u0432\u043e\u0441\u0445\u043e\u0436\u0434\u0435\u043d\u0438\u0438. \u0412\u0430\u0448 \u0438\u0434\u0435\u0430\u043b\u044c\u043d\u044b\u0439 \u0432\u044b\u0431\u043e\u0440!\" \/>\n<meta property=\"og:url\" content=\"https:\/\/xstyle.md\/ro\/produs\/kamus-dlja-gornyh-lyzh-ibex-84\/\" \/>\n<meta property=\"og:site_name\" content=\"\u041c\u0430\u0433\u0430\u0437\u0438\u043d Xstyle\" \/>\n<meta property=\"article:publisher\" content=\"https:\/\/www.facebook.com\/xstylemd\" \/>\n<meta property=\"article:modified_time\" content=\"2024-10-21T06:12:28+00:00\" \/>\n<meta property=\"og:image\" content=\"https:\/\/xstyle.md\/wp-content\/uploads\/2020\/07\/ibex_84_2018_170_l_1.jpg\" \/>\n\t<meta property=\"og:image:width\" content=\"793\" \/>\n\t<meta property=\"og:image:height\" content=\"778\" \/>\n\t<meta property=\"og:image:type\" content=\"image\/jpeg\" \/>\n<meta name=\"twitter:card\" content=\"summary_large_image\" \/>\n<meta name=\"twitter:label1\" content=\"Pre\u021b\" \/>\n\t<meta name=\"twitter:data1\" content=\"3.590&nbsp;MDL\" \/>\n\t<meta name=\"twitter:label2\" content=\"Disponibilitate\" \/>\n\t<meta name=\"twitter:data2\" content=\"\u00cen stoc\" \/>\n<script type=\"application\/ld+json\" class=\"yoast-schema-graph\">{\"@context\":\"https:\/\/schema.org\",\"@graph\":[{\"@type\":\"WebPage\",\"@id\":\"https:\/\/xstyle.md\/product\/kamus-dlja-gornyh-lyzh-ibex-84\/\",\"url\":\"https:\/\/xstyle.md\/product\/kamus-dlja-gornyh-lyzh-ibex-84\/\",\"name\":\"\u041a\u0430\u043c\u0443\u0441 \u0434\u043b\u044f \u043b\u044b\u0436 Elan Ibex 84 - \u041c\u0430\u0433\u0430\u0437\u0438\u043d Xstyle\",\"isPartOf\":{\"@id\":\"https:\/\/xstyle.md\/#website\"},\"primaryImageOfPage\":{\"@id\":\"https:\/\/xstyle.md\/product\/kamus-dlja-gornyh-lyzh-ibex-84\/#primaryimage\"},\"image\":{\"@id\":\"https:\/\/xstyle.md\/product\/kamus-dlja-gornyh-lyzh-ibex-84\/#primaryimage\"},\"thumbnailUrl\":\"https:\/\/xstyle.md\/wp-content\/uploads\/2020\/07\/ibex_84_2018_170_l_1.jpg\",\"datePublished\":\"2020-07-17T11:52:10+00:00\",\"dateModified\":\"2024-10-21T06:12:28+00:00\",\"description\":\"\u041a\u0430\u043c\u0443\u0441 \u0434\u043b\u044f \u043b\u044b\u0436 Elan Ibex 84 \u0441\u043e\u0447\u0435\u0442\u0430\u0435\u0442 \u0432 \u0441\u0435\u0431\u0435 Mohair 65% \u0438 Nylon 35%, \u043e\u0431\u0435\u0441\u043f\u0435\u0447\u0438\u0432\u0430\u044f \u043e\u0442\u043b\u0438\u0447\u043d\u043e\u0435 \u0441\u0446\u0435\u043f\u043b\u0435\u043d\u0438\u0435 \u0438 \u043b\u0435\u0433\u043a\u043e\u0441\u0442\u044c \u043f\u0440\u0438 \u0432\u043e\u0441\u0445\u043e\u0436\u0434\u0435\u043d\u0438\u0438. \u0412\u0430\u0448 \u0438\u0434\u0435\u0430\u043b\u044c\u043d\u044b\u0439 \u0432\u044b\u0431\u043e\u0440!\",\"breadcrumb\":{\"@id\":\"https:\/\/xstyle.md\/product\/kamus-dlja-gornyh-lyzh-ibex-84\/#breadcrumb\"},\"inLanguage\":\"ro-RO\",\"potentialAction\":[{\"@type\":\"ReadAction\",\"target\":[\"https:\/\/xstyle.md\/product\/kamus-dlja-gornyh-lyzh-ibex-84\/\"]}]},{\"@type\":\"ImageObject\",\"inLanguage\":\"ro-RO\",\"@id\":\"https:\/\/xstyle.md\/product\/kamus-dlja-gornyh-lyzh-ibex-84\/#primaryimage\",\"url\":\"https:\/\/xstyle.md\/wp-content\/uploads\/2020\/07\/ibex_84_2018_170_l_1.jpg\",\"contentUrl\":\"https:\/\/xstyle.md\/wp-content\/uploads\/2020\/07\/ibex_84_2018_170_l_1.jpg\",\"width\":793,\"height\":778},{\"@type\":\"BreadcrumbList\",\"@id\":\"https:\/\/xstyle.md\/product\/kamus-dlja-gornyh-lyzh-ibex-84\/#breadcrumb\",\"itemListElement\":[{\"@type\":\"ListItem\",\"position\":1,\"name\":\"\u0413\u043b\u0430\u0432\u043d\u0430\u044f \u0441\u0442\u0440\u0430\u043d\u0438\u0446\u0430\",\"item\":\"https:\/\/xstyle.md\/\"},{\"@type\":\"ListItem\",\"position\":2,\"name\":\"\u041c\u0430\u0433\u0430\u0437\u0438\u043d\",\"item\":\"https:\/\/xstyle.md\/shop\/\"},{\"@type\":\"ListItem\",\"position\":3,\"name\":\"\u041a\u0430\u043c\u0443\u0441 \u0434\u043b\u044f \u043b\u044b\u0436 Elan Ibex 84\"}]},{\"@type\":\"WebSite\",\"@id\":\"https:\/\/xstyle.md\/#website\",\"url\":\"https:\/\/xstyle.md\/\",\"name\":\"\u041c\u0430\u0433\u0430\u0437\u0438\u043d Xstyle\",\"description\":\"C\u043d\u0430\u0440\u044f\u0436\u0435\u043d\u0438\u0435 \u0434\u043b\u044f \u0442\u0443\u0440\u0438\u0437\u043c\u0430 \u0438 \u044d\u043a\u0441\u0442\u0440\u0435\u043c\u0430\u043b\u044c\u043d\u044b\u0445 \u0432\u0438\u0434\u043e\u0432 \u0441\u043f\u043e\u0440\u0442\u0430 \u0432 \u041c\u043e\u043b\u0434\u043e\u0432\u0435.. \u0426\u0435\u043d\u044b, \u0444\u043e\u0442\u043e, \u0445\u0430\u0440\u0430\u043a\u0442\u0435\u0440\u0438\u0441\u0442\u0438\u043a\u0438 \u0432 \u041c\u043e\u043b\u0434\u043e\u0432\u0435.\",\"publisher\":{\"@id\":\"https:\/\/xstyle.md\/#organization\"},\"alternateName\":\"X-Style\",\"potentialAction\":[{\"@type\":\"SearchAction\",\"target\":{\"@type\":\"EntryPoint\",\"urlTemplate\":\"https:\/\/xstyle.md\/?s={search_term_string}\"},\"query-input\":{\"@type\":\"PropertyValueSpecification\",\"valueRequired\":true,\"valueName\":\"search_term_string\"}}],\"inLanguage\":\"ro-RO\"},{\"@type\":\"Organization\",\"@id\":\"https:\/\/xstyle.md\/#organization\",\"name\":\"\u041c\u0430\u0433\u0430\u0437\u0438\u043d Xstyle\",\"alternateName\":\"x-style\",\"url\":\"https:\/\/xstyle.md\/\",\"logo\":{\"@type\":\"ImageObject\",\"inLanguage\":\"ro-RO\",\"@id\":\"https:\/\/xstyle.md\/#\/schema\/logo\/image\/\",\"url\":\"https:\/\/xstyle.md\/wp-content\/uploads\/2020\/06\/logoicon.svg\",\"contentUrl\":\"https:\/\/xstyle.md\/wp-content\/uploads\/2020\/06\/logoicon.svg\",\"caption\":\"\u041c\u0430\u0433\u0430\u0437\u0438\u043d Xstyle\"},\"image\":{\"@id\":\"https:\/\/xstyle.md\/#\/schema\/logo\/image\/\"},\"sameAs\":[\"https:\/\/www.facebook.com\/xstylemd\",\"https:\/\/www.instagram.com\/xstyle_md\/\",\"https:\/\/t.me\/xstyle_outdoor\"],\"hasMerchantReturnPolicy\":{\"@type\":\"MerchantReturnPolicy\",\"merchantReturnLink\":\"https:\/\/xstyle.md\/ro\/conditions\/\"}}]}<\/script>\n<meta property=\"product:price:amount\" content=\"3590.00\" \/>\n<meta property=\"product:price:currency\" content=\"MDL\" \/>\n<meta property=\"og:availability\" content=\"instock\" \/>\n<meta property=\"product:availability\" content=\"instock\" \/>\n<meta property=\"product:retailer_item_id\" content=\"DTS80218\" \/>\n<meta property=\"product:condition\" content=\"new\" \/>\n<!-- \/ Yoast SEO plugin. -->","yoast_head_json":{"title":"Piei pentru schi Elan Ibex 84 - Magazin Xstyle","description":"Camu\u0219ul pentru schiuri Elan Ibex 84 combin\u0103 Mohair 65% \u0219i Nylon 35%, oferind o aderen\u021b\u0103 excelent\u0103 \u0219i u\u0219urin\u021b\u0103 \u00een ascensiune. Alege-l ca alegerea ideal\u0103!","robots":{"index":"index","follow":"follow","max-snippet":"max-snippet:-1","max-image-preview":"max-image-preview:large","max-video-preview":"max-video-preview:-1"},"canonical":"https:\/\/xstyle.md\/ro\/produs\/kamus-dlja-gornyh-lyzh-ibex-84\/","og_locale":"ro_RO","og_type":"article","og_title":"\u041a\u0430\u043c\u0443\u0441 \u0434\u043b\u044f \u043b\u044b\u0436 Elan Ibex 84 - \u041c\u0430\u0433\u0430\u0437\u0438\u043d Xstyle","og_description":"\u041a\u0430\u043c\u0443\u0441 \u0434\u043b\u044f \u043b\u044b\u0436 Elan Ibex 84 \u0441\u043e\u0447\u0435\u0442\u0430\u0435\u0442 \u0432 \u0441\u0435\u0431\u0435 Mohair 65% \u0438 Nylon 35%, \u043e\u0431\u0435\u0441\u043f\u0435\u0447\u0438\u0432\u0430\u044f \u043e\u0442\u043b\u0438\u0447\u043d\u043e\u0435 \u0441\u0446\u0435\u043f\u043b\u0435\u043d\u0438\u0435 \u0438 \u043b\u0435\u0433\u043a\u043e\u0441\u0442\u044c \u043f\u0440\u0438 \u0432\u043e\u0441\u0445\u043e\u0436\u0434\u0435\u043d\u0438\u0438. \u0412\u0430\u0448 \u0438\u0434\u0435\u0430\u043b\u044c\u043d\u044b\u0439 \u0432\u044b\u0431\u043e\u0440!","og_url":"https:\/\/xstyle.md\/ro\/produs\/kamus-dlja-gornyh-lyzh-ibex-84\/","og_site_name":"\u041c\u0430\u0433\u0430\u0437\u0438\u043d Xstyle","article_publisher":"https:\/\/www.facebook.com\/xstylemd","article_modified_time":"2024-10-21T06:12:28+00:00","og_image":[{"width":793,"height":778,"url":"https:\/\/xstyle.md\/wp-content\/uploads\/2020\/07\/ibex_84_2018_170_l_1.jpg","type":"image\/jpeg"}],"twitter_card":"summary_large_image","twitter_misc":{"Pre\u021b":"3.590&nbsp;MDL","Disponibilitate":"\u00cen stoc"},"schema":{"@context":"https:\/\/schema.org","@graph":[{"@type":"WebPage","@id":"https:\/\/xstyle.md\/product\/kamus-dlja-gornyh-lyzh-ibex-84\/","url":"https:\/\/xstyle.md\/product\/kamus-dlja-gornyh-lyzh-ibex-84\/","name":"Piei pentru schi Elan Ibex 84 - Magazin Xstyle","isPartOf":{"@id":"https:\/\/xstyle.md\/#website"},"primaryImageOfPage":{"@id":"https:\/\/xstyle.md\/product\/kamus-dlja-gornyh-lyzh-ibex-84\/#primaryimage"},"image":{"@id":"https:\/\/xstyle.md\/product\/kamus-dlja-gornyh-lyzh-ibex-84\/#primaryimage"},"thumbnailUrl":"https:\/\/xstyle.md\/wp-content\/uploads\/2020\/07\/ibex_84_2018_170_l_1.jpg","datePublished":"2020-07-17T11:52:10+00:00","dateModified":"2024-10-21T06:12:28+00:00","description":"Camu\u0219ul pentru schiuri Elan Ibex 84 combin\u0103 Mohair 65% \u0219i Nylon 35%, oferind o aderen\u021b\u0103 excelent\u0103 \u0219i u\u0219urin\u021b\u0103 \u00een ascensiune. Alege-l ca alegerea ideal\u0103!","breadcrumb":{"@id":"https:\/\/xstyle.md\/product\/kamus-dlja-gornyh-lyzh-ibex-84\/#breadcrumb"},"inLanguage":"ro-RO","potentialAction":[{"@type":"ReadAction","target":["https:\/\/xstyle.md\/product\/kamus-dlja-gornyh-lyzh-ibex-84\/"]}]},{"@type":"ImageObject","inLanguage":"ro-RO","@id":"https:\/\/xstyle.md\/product\/kamus-dlja-gornyh-lyzh-ibex-84\/#primaryimage","url":"https:\/\/xstyle.md\/wp-content\/uploads\/2020\/07\/ibex_84_2018_170_l_1.jpg","contentUrl":"https:\/\/xstyle.md\/wp-content\/uploads\/2020\/07\/ibex_84_2018_170_l_1.jpg","width":793,"height":778},{"@type":"BreadcrumbList","@id":"https:\/\/xstyle.md\/product\/kamus-dlja-gornyh-lyzh-ibex-84\/#breadcrumb","itemListElement":[{"@type":"ListItem","position":1,"name":"\u0413\u043b\u0430\u0432\u043d\u0430\u044f \u0441\u0442\u0440\u0430\u043d\u0438\u0446\u0430","item":"https:\/\/xstyle.md\/"},{"@type":"ListItem","position":2,"name":"\u041c\u0430\u0433\u0430\u0437\u0438\u043d","item":"https:\/\/xstyle.md\/shop\/"},{"@type":"ListItem","position":3,"name":"\u041a\u0430\u043c\u0443\u0441 \u0434\u043b\u044f \u043b\u044b\u0436 Elan Ibex 84"}]},{"@type":"WebSite","@id":"https:\/\/xstyle.md\/#website","url":"https:\/\/xstyle.md\/","name":"Magazinul X-Style","description":"Echipamente pentru turism \u0219i sporturi extreme \u00een Moldova. Pre\u021buri, fotografii, caracteristici \u00een Moldova.","publisher":{"@id":"https:\/\/xstyle.md\/#organization"},"alternateName":"X-Style","potentialAction":[{"@type":"SearchAction","target":{"@type":"EntryPoint","urlTemplate":"https:\/\/xstyle.md\/?s={search_term_string}"},"query-input":{"@type":"PropertyValueSpecification","valueRequired":true,"valueName":"search_term_string"}}],"inLanguage":"ro-RO"},{"@type":"Organization","@id":"https:\/\/xstyle.md\/#organization","name":"Magazinul X-Style","alternateName":"x-style","url":"https:\/\/xstyle.md\/","logo":{"@type":"ImageObject","inLanguage":"ro-RO","@id":"https:\/\/xstyle.md\/#\/schema\/logo\/image\/","url":"https:\/\/xstyle.md\/wp-content\/uploads\/2020\/06\/logoicon.svg","contentUrl":"https:\/\/xstyle.md\/wp-content\/uploads\/2020\/06\/logoicon.svg","caption":"\u041c\u0430\u0433\u0430\u0437\u0438\u043d Xstyle"},"image":{"@id":"https:\/\/xstyle.md\/#\/schema\/logo\/image\/"},"sameAs":["https:\/\/www.facebook.com\/xstylemd","https:\/\/www.instagram.com\/xstyle_md\/","https:\/\/t.me\/xstyle_outdoor"],"hasMerchantReturnPolicy":{"@type":"MerchantReturnPolicy","merchantReturnLink":"https:\/\/xstyle.md\/ro\/conditions\/"}}]},"product_price_amount":"3590.00","product_price_currency":"MDL","og_availability":"instock","product_availability":"instock","product_retailer_item_id":"DTS80218","product_condition":"new"},"post_mailing_queue_ids":[],"_links":{"self":[{"href":"https:\/\/xstyle.md\/ro\/wp-json\/wp\/v2\/product\/15516","targetHints":{"allow":["GET"]}}],"collection":[{"href":"https:\/\/xstyle.md\/ro\/wp-json\/wp\/v2\/product"}],"about":[{"href":"https:\/\/xstyle.md\/ro\/wp-json\/wp\/v2\/types\/product"}],"replies":[{"embeddable":true,"href":"https:\/\/xstyle.md\/ro\/wp-json\/wp\/v2\/comments?post=15516"}],"wp:featuredmedia":[{"embeddable":true,"href":"https:\/\/xstyle.md\/ro\/wp-json\/wp\/v2\/media\/15514"}],"wp:attachment":[{"href":"https:\/\/xstyle.md\/ro\/wp-json\/wp\/v2\/media?parent=15516"}],"wp:term":[{"taxonomy":"product_brand","embeddable":true,"href":"https:\/\/xstyle.md\/ro\/wp-json\/wp\/v2\/product_brand?post=15516"},{"taxonomy":"product_cat","embeddable":true,"href":"https:\/\/xstyle.md\/ro\/wp-json\/wp\/v2\/product_cat?post=15516"},{"taxonomy":"product_tag","embeddable":true,"href":"https:\/\/xstyle.md\/ro\/wp-json\/wp\/v2\/product_tag?post=15516"}],"curies":[{"name":"wp","href":"https:\/\/api.w.org\/{rel}","templated":true}]}}