{"id":15509,"date":"2020-07-17T14:51:52","date_gmt":"2020-07-17T11:51:52","guid":{"rendered":"https:\/\/xstyle.md\/product\/gornolyzhnye-palki-elan-speedrod"},"modified":"2024-10-28T20:47:49","modified_gmt":"2024-10-28T17:47:49","slug":"gornolyzhnye-palki-elan-speedrod","status":"publish","type":"product","link":"https:\/\/xstyle.md\/ro\/produs\/gornolyzhnye-palki-elan-speedrod\/","title":{"rendered":"Be\u021be schi Elan SpeedRod"},"content":{"rendered":"<\/p>\n<p><strong>Be\u021be schi Elan SpeedRod\u00a0<\/strong>&#8212; be\u021be de schi fiabile cu tij\u0103 din aluminiu \u0219i v\u00e2rf din o\u021bel. Designul laconic se \u00eembin\u0103 perfect cu construc\u021bia robust\u0103 pentru o experien\u021b\u0103 de schi confortabil\u0103.<\/p>\n<h3>Particularit\u0103\u021bi<\/h3>\n<ul>\n<li>Ghidon fabricat din aliaj de aluminiu durabil 5038<\/li>\n<li>M\u00e2ner ergonomic<\/li>\n<li>V\u00e2rf robust din o\u021bel<\/li>\n<li>Grip-ul BIC Bulwark este u\u0219or \u0219i ofer\u0103 o prindere ergonomic\u0103 confortabil\u0103.<\/li>\n<\/ul>\n<h3>Caracteristici<\/h3>\n<ul>\n<li>Materialul bra\u021bului &#8212; aluminiu 5038<\/li>\n<li>Diametrul arborelui &#8212; 16 mm<\/li>\n<li>Diametrul inelului &#8212; 45 mm<\/li>\n<li>M\u00e2ner &#8212; Bulwark BIC Grip<\/li>\n<li>V\u00e2rf &#8212; o\u021bel<\/li>\n<li>Destina\u021bie &#8212; universal.<\/li>\n<\/ul>\n<h3>Tehnologie<\/h3>\n<ul>\n<li><strong>ALU 5038<\/strong> &#8212; este u\u0219or, rezistent \u0219i unul dintre cele mai rezistente aliaje de aluminiu pentru aeronave disponibile. Aceast\u0103 u\u0219urin\u021b\u0103 \u0219i rezisten\u021b\u0103 v\u0103 vor men\u021bine \u00eencrederea \u00een orice drume\u021bie.<\/li>\n<li><strong>Bulwark BIC Grip<\/strong> &#8212; m\u00e2nerul u\u0219or cu dou\u0103 componente este u\u0219or \u0219i ofer\u0103 o prindere ergonomic\u0103 confortabil\u0103.<\/li>\n<\/ul>\n<h3>Marca<\/h3>\n<p>Elan Group este un produc\u0103tor \u0219i furnizor de top de echipamente sportive \u0219i de agrement. Compania este prezent\u0103 pe aceast\u0103 pia\u021b\u0103 de mai bine de 60 de ani. Toate activit\u0103\u021bile Elan sunt axate pe dezvoltarea tehnic\u0103 a produselor \u0219i pe tehnologia avansat\u0103 exprimat\u0103 prin design progresiv. Printre activit\u0103\u021bile Grupului Elan se num\u0103r\u0103: schi alpin \u0219i snowboarding, iahturi cu vele \u00een larg \u0219i furnizarea de facilit\u0103\u021bi sportive cu toate echipamentele necesare.<\/p>\n<p><\/p>","protected":false},"excerpt":{"rendered":"<p>Be\u021be schi Elan SpeedRod<\/p>","protected":false},"featured_media":77143,"comment_status":"open","ping_status":"closed","template":"","meta":{"_acf_changed":false,"inline_featured_image":false},"product_brand":[1315],"product_cat":[399],"product_tag":[],"class_list":{"0":"post-15509","1":"product","2":"type-product","3":"status-publish","4":"has-post-thumbnail","6":"product_brand-elan","7":"product_cat-ski-poles","9":"first","10":"instock","11":"shipping-taxable","12":"purchasable","13":"product-type-simple"},"acf":[],"yoast_head":"<!-- This site is optimized with the Yoast SEO plugin v27.2 - https:\/\/yoast.com\/product\/yoast-seo-wordpress\/ -->\n<title>\u0413\u043e\u0440\u043d\u043e\u043b\u044b\u0436\u043d\u044b\u0435 \u043f\u0430\u043b\u043a\u0438 Elan SpeedRod - \u041c\u0430\u0433\u0430\u0437\u0438\u043d Xstyle<\/title>\n<meta name=\"description\" content=\"\u0413\u043e\u0440\u043d\u043e\u043b\u044b\u0436\u043d\u044b\u0435 \u043f\u0430\u043b\u043a\u0438 Elan SpeedRod - \u043d\u0430\u0434\u0451\u0436\u043d\u044b\u0435 \u0430\u043b\u044e\u043c\u0438\u043d\u0438\u0435\u0432\u044b\u0435 \u043f\u0430\u043b\u043a\u0438 \u0441 \u043f\u0440\u043e\u0447\u043d\u044b\u043c \u0441\u0442\u0430\u043b\u044c\u043d\u044b\u043c \u043e\u0441\u0442\u0440\u0438\u0451\u043c \u0438 \u044d\u0440\u0433\u043e\u043d\u043e\u043c\u0438\u0447\u043d\u044b\u043c Grip BIC. \u0418\u0434\u0435\u0430\u043b\u044c\u043d\u044b \u0434\u043b\u044f \u043a\u043e\u043c\u0444\u043e\u0440\u0442\u043d\u043e\u0433\u043e \u043a\u0430\u0442\u0430\u043d\u0438\u044f!\" \/>\n<meta name=\"robots\" content=\"index, follow, max-snippet:-1, max-image-preview:large, max-video-preview:-1\" \/>\n<link rel=\"canonical\" href=\"https:\/\/xstyle.md\/ro\/produs\/gornolyzhnye-palki-elan-speedrod\/\" \/>\n<meta property=\"og:locale\" content=\"ro_RO\" \/>\n<meta property=\"og:type\" content=\"article\" \/>\n<meta property=\"og:title\" content=\"\u0413\u043e\u0440\u043d\u043e\u043b\u044b\u0436\u043d\u044b\u0435 \u043f\u0430\u043b\u043a\u0438 Elan SpeedRod - \u041c\u0430\u0433\u0430\u0437\u0438\u043d Xstyle\" \/>\n<meta property=\"og:description\" content=\"\u0413\u043e\u0440\u043d\u043e\u043b\u044b\u0436\u043d\u044b\u0435 \u043f\u0430\u043b\u043a\u0438 Elan SpeedRod - \u043d\u0430\u0434\u0451\u0436\u043d\u044b\u0435 \u0430\u043b\u044e\u043c\u0438\u043d\u0438\u0435\u0432\u044b\u0435 \u043f\u0430\u043b\u043a\u0438 \u0441 \u043f\u0440\u043e\u0447\u043d\u044b\u043c \u0441\u0442\u0430\u043b\u044c\u043d\u044b\u043c \u043e\u0441\u0442\u0440\u0438\u0451\u043c \u0438 \u044d\u0440\u0433\u043e\u043d\u043e\u043c\u0438\u0447\u043d\u044b\u043c Grip BIC. \u0418\u0434\u0435\u0430\u043b\u044c\u043d\u044b \u0434\u043b\u044f \u043a\u043e\u043c\u0444\u043e\u0440\u0442\u043d\u043e\u0433\u043e \u043a\u0430\u0442\u0430\u043d\u0438\u044f!\" \/>\n<meta property=\"og:url\" content=\"https:\/\/xstyle.md\/ro\/produs\/gornolyzhnye-palki-elan-speedrod\/\" \/>\n<meta property=\"og:site_name\" content=\"\u041c\u0430\u0433\u0430\u0437\u0438\u043d Xstyle\" \/>\n<meta property=\"article:publisher\" content=\"https:\/\/www.facebook.com\/xstylemd\" \/>\n<meta property=\"article:modified_time\" content=\"2024-10-28T17:47:49+00:00\" \/>\n<meta property=\"og:image\" content=\"https:\/\/xstyle.md\/wp-content\/uploads\/2020\/07\/elan-speedrod-blue-0.jpg\" \/>\n\t<meta property=\"og:image:width\" content=\"354\" \/>\n\t<meta property=\"og:image:height\" content=\"354\" \/>\n\t<meta property=\"og:image:type\" content=\"image\/jpeg\" \/>\n<meta name=\"twitter:card\" content=\"summary_large_image\" \/>\n<meta name=\"twitter:label1\" content=\"Pre\u021b\" \/>\n\t<meta name=\"twitter:data1\" content=\"690&nbsp;MDL\" \/>\n\t<meta name=\"twitter:label2\" content=\"Disponibilitate\" \/>\n\t<meta name=\"twitter:data2\" content=\"\u00cen stoc\" \/>\n<script type=\"application\/ld+json\" class=\"yoast-schema-graph\">{\"@context\":\"https:\/\/schema.org\",\"@graph\":[{\"@type\":\"WebPage\",\"@id\":\"https:\/\/xstyle.md\/product\/gornolyzhnye-palki-elan-speedrod\/\",\"url\":\"https:\/\/xstyle.md\/product\/gornolyzhnye-palki-elan-speedrod\/\",\"name\":\"\u0413\u043e\u0440\u043d\u043e\u043b\u044b\u0436\u043d\u044b\u0435 \u043f\u0430\u043b\u043a\u0438 Elan SpeedRod - \u041c\u0430\u0433\u0430\u0437\u0438\u043d Xstyle\",\"isPartOf\":{\"@id\":\"https:\/\/xstyle.md\/#website\"},\"primaryImageOfPage\":{\"@id\":\"https:\/\/xstyle.md\/product\/gornolyzhnye-palki-elan-speedrod\/#primaryimage\"},\"image\":{\"@id\":\"https:\/\/xstyle.md\/product\/gornolyzhnye-palki-elan-speedrod\/#primaryimage\"},\"thumbnailUrl\":\"https:\/\/xstyle.md\/wp-content\/uploads\/2020\/07\/elan-speedrod-blue-0.jpg\",\"datePublished\":\"2020-07-17T11:51:52+00:00\",\"dateModified\":\"2024-10-28T17:47:49+00:00\",\"description\":\"\u0413\u043e\u0440\u043d\u043e\u043b\u044b\u0436\u043d\u044b\u0435 \u043f\u0430\u043b\u043a\u0438 Elan SpeedRod - \u043d\u0430\u0434\u0451\u0436\u043d\u044b\u0435 \u0430\u043b\u044e\u043c\u0438\u043d\u0438\u0435\u0432\u044b\u0435 \u043f\u0430\u043b\u043a\u0438 \u0441 \u043f\u0440\u043e\u0447\u043d\u044b\u043c \u0441\u0442\u0430\u043b\u044c\u043d\u044b\u043c \u043e\u0441\u0442\u0440\u0438\u0451\u043c \u0438 \u044d\u0440\u0433\u043e\u043d\u043e\u043c\u0438\u0447\u043d\u044b\u043c Grip BIC. \u0418\u0434\u0435\u0430\u043b\u044c\u043d\u044b \u0434\u043b\u044f \u043a\u043e\u043c\u0444\u043e\u0440\u0442\u043d\u043e\u0433\u043e \u043a\u0430\u0442\u0430\u043d\u0438\u044f!\",\"breadcrumb\":{\"@id\":\"https:\/\/xstyle.md\/product\/gornolyzhnye-palki-elan-speedrod\/#breadcrumb\"},\"inLanguage\":\"ro-RO\",\"potentialAction\":[{\"@type\":\"ReadAction\",\"target\":[\"https:\/\/xstyle.md\/product\/gornolyzhnye-palki-elan-speedrod\/\"]}]},{\"@type\":\"ImageObject\",\"inLanguage\":\"ro-RO\",\"@id\":\"https:\/\/xstyle.md\/product\/gornolyzhnye-palki-elan-speedrod\/#primaryimage\",\"url\":\"https:\/\/xstyle.md\/wp-content\/uploads\/2020\/07\/elan-speedrod-blue-0.jpg\",\"contentUrl\":\"https:\/\/xstyle.md\/wp-content\/uploads\/2020\/07\/elan-speedrod-blue-0.jpg\",\"width\":354,\"height\":354,\"caption\":\"\u0413\u043e\u0440\u043d\u043e\u043b\u044b\u0436\u043d\u044b\u0435 \u043f\u0430\u043b\u043a\u0438 Elan SpeedRod \u0434\u043b\u044f \u0430\u043a\u0442\u0438\u0432\u043d\u043e\u0433\u043e \u043e\u0442\u0434\u044b\u0445\u0430, \u043b\u044b\u0436\u043d\u044b\u0445 \u043f\u0443\u0442\u0435\u0448\u0435\u0441\u0442\u0432\u0438\u0439, \u0442\u0443\u0440\u0438\u0437\u043c\u0430 \u0438 \u0430\u043b\u044c\u043f\u0438\u043d\u0438\u0437\u043c\u0430 \u0432 \u0438\u043d\u0442\u0435\u0440\u043d\u0435\u0442-\u043c\u0430\u0433\u0430\u0437\u0438\u043d\u0435 \u0434\u043b\u044f \u043b\u044e\u0431\u0438\u0442\u0435\u043b\u0435\u0439 \u0430\u043a\u0442\u0438\u0432\u043d\u043e\u0439 \u0436\u0438\u0437\u043d\u0438\"},{\"@type\":\"BreadcrumbList\",\"@id\":\"https:\/\/xstyle.md\/product\/gornolyzhnye-palki-elan-speedrod\/#breadcrumb\",\"itemListElement\":[{\"@type\":\"ListItem\",\"position\":1,\"name\":\"\u0413\u043b\u0430\u0432\u043d\u0430\u044f \u0441\u0442\u0440\u0430\u043d\u0438\u0446\u0430\",\"item\":\"https:\/\/xstyle.md\/\"},{\"@type\":\"ListItem\",\"position\":2,\"name\":\"\u041c\u0430\u0433\u0430\u0437\u0438\u043d\",\"item\":\"https:\/\/xstyle.md\/shop\/\"},{\"@type\":\"ListItem\",\"position\":3,\"name\":\"\u0413\u043e\u0440\u043d\u043e\u043b\u044b\u0436\u043d\u044b\u0435 \u043f\u0430\u043b\u043a\u0438 Elan SpeedRod\"}]},{\"@type\":\"WebSite\",\"@id\":\"https:\/\/xstyle.md\/#website\",\"url\":\"https:\/\/xstyle.md\/\",\"name\":\"\u041c\u0430\u0433\u0430\u0437\u0438\u043d Xstyle\",\"description\":\"C\u043d\u0430\u0440\u044f\u0436\u0435\u043d\u0438\u0435 \u0434\u043b\u044f \u0442\u0443\u0440\u0438\u0437\u043c\u0430 \u0438 \u044d\u043a\u0441\u0442\u0440\u0435\u043c\u0430\u043b\u044c\u043d\u044b\u0445 \u0432\u0438\u0434\u043e\u0432 \u0441\u043f\u043e\u0440\u0442\u0430 \u0432 \u041c\u043e\u043b\u0434\u043e\u0432\u0435.. \u0426\u0435\u043d\u044b, \u0444\u043e\u0442\u043e, \u0445\u0430\u0440\u0430\u043a\u0442\u0435\u0440\u0438\u0441\u0442\u0438\u043a\u0438 \u0432 \u041c\u043e\u043b\u0434\u043e\u0432\u0435.\",\"publisher\":{\"@id\":\"https:\/\/xstyle.md\/#organization\"},\"alternateName\":\"X-Style\",\"potentialAction\":[{\"@type\":\"SearchAction\",\"target\":{\"@type\":\"EntryPoint\",\"urlTemplate\":\"https:\/\/xstyle.md\/?s={search_term_string}\"},\"query-input\":{\"@type\":\"PropertyValueSpecification\",\"valueRequired\":true,\"valueName\":\"search_term_string\"}}],\"inLanguage\":\"ro-RO\"},{\"@type\":\"Organization\",\"@id\":\"https:\/\/xstyle.md\/#organization\",\"name\":\"\u041c\u0430\u0433\u0430\u0437\u0438\u043d Xstyle\",\"alternateName\":\"x-style\",\"url\":\"https:\/\/xstyle.md\/\",\"logo\":{\"@type\":\"ImageObject\",\"inLanguage\":\"ro-RO\",\"@id\":\"https:\/\/xstyle.md\/#\/schema\/logo\/image\/\",\"url\":\"https:\/\/xstyle.md\/wp-content\/uploads\/2020\/06\/logoicon.svg\",\"contentUrl\":\"https:\/\/xstyle.md\/wp-content\/uploads\/2020\/06\/logoicon.svg\",\"caption\":\"\u041c\u0430\u0433\u0430\u0437\u0438\u043d Xstyle\"},\"image\":{\"@id\":\"https:\/\/xstyle.md\/#\/schema\/logo\/image\/\"},\"sameAs\":[\"https:\/\/www.facebook.com\/xstylemd\",\"https:\/\/www.instagram.com\/xstyle_md\/\",\"https:\/\/t.me\/xstyle_outdoor\"],\"hasMerchantReturnPolicy\":{\"@type\":\"MerchantReturnPolicy\",\"merchantReturnLink\":\"https:\/\/xstyle.md\/ro\/conditions\/\"}}]}<\/script>\n<meta property=\"product:price:amount\" content=\"690.00\" \/>\n<meta property=\"product:price:currency\" content=\"MDL\" \/>\n<meta property=\"og:availability\" content=\"instock\" \/>\n<meta property=\"product:availability\" content=\"instock\" \/>\n<meta property=\"product:retailer_item_id\" content=\"CD582418\" \/>\n<meta property=\"product:condition\" content=\"new\" \/>\n<!-- \/ Yoast SEO plugin. -->","yoast_head_json":{"title":"Be\u021be schi Elan SpeedRod - Magazin Xstyle","description":"Schiori Elan SpeedRod - be\u021be de schi fiabile din aluminiu, cu un v\u00e2rf de o\u021bel rezistent \u0219i un Grip BIC ergonomic. Ideale pentru o experien\u021b\u0103 confortabil\u0103 la schi!","robots":{"index":"index","follow":"follow","max-snippet":"max-snippet:-1","max-image-preview":"max-image-preview:large","max-video-preview":"max-video-preview:-1"},"canonical":"https:\/\/xstyle.md\/ro\/produs\/gornolyzhnye-palki-elan-speedrod\/","og_locale":"ro_RO","og_type":"article","og_title":"\u0413\u043e\u0440\u043d\u043e\u043b\u044b\u0436\u043d\u044b\u0435 \u043f\u0430\u043b\u043a\u0438 Elan SpeedRod - \u041c\u0430\u0433\u0430\u0437\u0438\u043d Xstyle","og_description":"\u0413\u043e\u0440\u043d\u043e\u043b\u044b\u0436\u043d\u044b\u0435 \u043f\u0430\u043b\u043a\u0438 Elan SpeedRod - \u043d\u0430\u0434\u0451\u0436\u043d\u044b\u0435 \u0430\u043b\u044e\u043c\u0438\u043d\u0438\u0435\u0432\u044b\u0435 \u043f\u0430\u043b\u043a\u0438 \u0441 \u043f\u0440\u043e\u0447\u043d\u044b\u043c \u0441\u0442\u0430\u043b\u044c\u043d\u044b\u043c \u043e\u0441\u0442\u0440\u0438\u0451\u043c \u0438 \u044d\u0440\u0433\u043e\u043d\u043e\u043c\u0438\u0447\u043d\u044b\u043c Grip BIC. \u0418\u0434\u0435\u0430\u043b\u044c\u043d\u044b \u0434\u043b\u044f \u043a\u043e\u043c\u0444\u043e\u0440\u0442\u043d\u043e\u0433\u043e \u043a\u0430\u0442\u0430\u043d\u0438\u044f!","og_url":"https:\/\/xstyle.md\/ro\/produs\/gornolyzhnye-palki-elan-speedrod\/","og_site_name":"\u041c\u0430\u0433\u0430\u0437\u0438\u043d Xstyle","article_publisher":"https:\/\/www.facebook.com\/xstylemd","article_modified_time":"2024-10-28T17:47:49+00:00","og_image":[{"width":354,"height":354,"url":"https:\/\/xstyle.md\/wp-content\/uploads\/2020\/07\/elan-speedrod-blue-0.jpg","type":"image\/jpeg"}],"twitter_card":"summary_large_image","twitter_misc":{"Pre\u021b":"690&nbsp;MDL","Disponibilitate":"\u00cen stoc"},"schema":{"@context":"https:\/\/schema.org","@graph":[{"@type":"WebPage","@id":"https:\/\/xstyle.md\/product\/gornolyzhnye-palki-elan-speedrod\/","url":"https:\/\/xstyle.md\/product\/gornolyzhnye-palki-elan-speedrod\/","name":"Be\u021be schi Elan SpeedRod - Magazin Xstyle","isPartOf":{"@id":"https:\/\/xstyle.md\/#website"},"primaryImageOfPage":{"@id":"https:\/\/xstyle.md\/product\/gornolyzhnye-palki-elan-speedrod\/#primaryimage"},"image":{"@id":"https:\/\/xstyle.md\/product\/gornolyzhnye-palki-elan-speedrod\/#primaryimage"},"thumbnailUrl":"https:\/\/xstyle.md\/wp-content\/uploads\/2020\/07\/elan-speedrod-blue-0.jpg","datePublished":"2020-07-17T11:51:52+00:00","dateModified":"2024-10-28T17:47:49+00:00","description":"Schiori Elan SpeedRod - be\u021be de schi fiabile din aluminiu, cu un v\u00e2rf de o\u021bel rezistent \u0219i un Grip BIC ergonomic. Ideale pentru o experien\u021b\u0103 confortabil\u0103 la schi!","breadcrumb":{"@id":"https:\/\/xstyle.md\/product\/gornolyzhnye-palki-elan-speedrod\/#breadcrumb"},"inLanguage":"ro-RO","potentialAction":[{"@type":"ReadAction","target":["https:\/\/xstyle.md\/product\/gornolyzhnye-palki-elan-speedrod\/"]}]},{"@type":"ImageObject","inLanguage":"ro-RO","@id":"https:\/\/xstyle.md\/product\/gornolyzhnye-palki-elan-speedrod\/#primaryimage","url":"https:\/\/xstyle.md\/wp-content\/uploads\/2020\/07\/elan-speedrod-blue-0.jpg","contentUrl":"https:\/\/xstyle.md\/wp-content\/uploads\/2020\/07\/elan-speedrod-blue-0.jpg","width":354,"height":354,"caption":"\u0413\u043e\u0440\u043d\u043e\u043b\u044b\u0436\u043d\u044b\u0435 \u043f\u0430\u043b\u043a\u0438 Elan SpeedRod \u0434\u043b\u044f \u0430\u043a\u0442\u0438\u0432\u043d\u043e\u0433\u043e \u043e\u0442\u0434\u044b\u0445\u0430, \u043b\u044b\u0436\u043d\u044b\u0445 \u043f\u0443\u0442\u0435\u0448\u0435\u0441\u0442\u0432\u0438\u0439, \u0442\u0443\u0440\u0438\u0437\u043c\u0430 \u0438 \u0430\u043b\u044c\u043f\u0438\u043d\u0438\u0437\u043c\u0430 \u0432 \u0438\u043d\u0442\u0435\u0440\u043d\u0435\u0442-\u043c\u0430\u0433\u0430\u0437\u0438\u043d\u0435 \u0434\u043b\u044f \u043b\u044e\u0431\u0438\u0442\u0435\u043b\u0435\u0439 \u0430\u043a\u0442\u0438\u0432\u043d\u043e\u0439 \u0436\u0438\u0437\u043d\u0438"},{"@type":"BreadcrumbList","@id":"https:\/\/xstyle.md\/product\/gornolyzhnye-palki-elan-speedrod\/#breadcrumb","itemListElement":[{"@type":"ListItem","position":1,"name":"\u0413\u043b\u0430\u0432\u043d\u0430\u044f \u0441\u0442\u0440\u0430\u043d\u0438\u0446\u0430","item":"https:\/\/xstyle.md\/"},{"@type":"ListItem","position":2,"name":"\u041c\u0430\u0433\u0430\u0437\u0438\u043d","item":"https:\/\/xstyle.md\/shop\/"},{"@type":"ListItem","position":3,"name":"\u0413\u043e\u0440\u043d\u043e\u043b\u044b\u0436\u043d\u044b\u0435 \u043f\u0430\u043b\u043a\u0438 Elan SpeedRod"}]},{"@type":"WebSite","@id":"https:\/\/xstyle.md\/#website","url":"https:\/\/xstyle.md\/","name":"Magazinul X-Style","description":"Echipamente pentru turism \u0219i sporturi extreme \u00een Moldova. Pre\u021buri, fotografii, caracteristici \u00een Moldova.","publisher":{"@id":"https:\/\/xstyle.md\/#organization"},"alternateName":"X-Style","potentialAction":[{"@type":"SearchAction","target":{"@type":"EntryPoint","urlTemplate":"https:\/\/xstyle.md\/?s={search_term_string}"},"query-input":{"@type":"PropertyValueSpecification","valueRequired":true,"valueName":"search_term_string"}}],"inLanguage":"ro-RO"},{"@type":"Organization","@id":"https:\/\/xstyle.md\/#organization","name":"Magazinul X-Style","alternateName":"x-style","url":"https:\/\/xstyle.md\/","logo":{"@type":"ImageObject","inLanguage":"ro-RO","@id":"https:\/\/xstyle.md\/#\/schema\/logo\/image\/","url":"https:\/\/xstyle.md\/wp-content\/uploads\/2020\/06\/logoicon.svg","contentUrl":"https:\/\/xstyle.md\/wp-content\/uploads\/2020\/06\/logoicon.svg","caption":"\u041c\u0430\u0433\u0430\u0437\u0438\u043d Xstyle"},"image":{"@id":"https:\/\/xstyle.md\/#\/schema\/logo\/image\/"},"sameAs":["https:\/\/www.facebook.com\/xstylemd","https:\/\/www.instagram.com\/xstyle_md\/","https:\/\/t.me\/xstyle_outdoor"],"hasMerchantReturnPolicy":{"@type":"MerchantReturnPolicy","merchantReturnLink":"https:\/\/xstyle.md\/ro\/conditions\/"}}]},"product_price_amount":"690.00","product_price_currency":"MDL","og_availability":"instock","product_availability":"instock","product_retailer_item_id":"CD582418","product_condition":"new"},"post_mailing_queue_ids":[],"_links":{"self":[{"href":"https:\/\/xstyle.md\/ro\/wp-json\/wp\/v2\/product\/15509","targetHints":{"allow":["GET"]}}],"collection":[{"href":"https:\/\/xstyle.md\/ro\/wp-json\/wp\/v2\/product"}],"about":[{"href":"https:\/\/xstyle.md\/ro\/wp-json\/wp\/v2\/types\/product"}],"replies":[{"embeddable":true,"href":"https:\/\/xstyle.md\/ro\/wp-json\/wp\/v2\/comments?post=15509"}],"wp:featuredmedia":[{"embeddable":true,"href":"https:\/\/xstyle.md\/ro\/wp-json\/wp\/v2\/media\/77143"}],"wp:attachment":[{"href":"https:\/\/xstyle.md\/ro\/wp-json\/wp\/v2\/media?parent=15509"}],"wp:term":[{"taxonomy":"product_brand","embeddable":true,"href":"https:\/\/xstyle.md\/ro\/wp-json\/wp\/v2\/product_brand?post=15509"},{"taxonomy":"product_cat","embeddable":true,"href":"https:\/\/xstyle.md\/ro\/wp-json\/wp\/v2\/product_cat?post=15509"},{"taxonomy":"product_tag","embeddable":true,"href":"https:\/\/xstyle.md\/ro\/wp-json\/wp\/v2\/product_tag?post=15509"}],"curies":[{"name":"wp","href":"https:\/\/api.w.org\/{rel}","templated":true}]}}