{"id":15480,"date":"2020-07-17T14:50:33","date_gmt":"2020-07-17T11:50:33","guid":{"rendered":"https:\/\/xstyle.md\/?post_type=product&#038;p=15480"},"modified":"2025-10-24T12:55:51","modified_gmt":"2025-10-24T09:55:51","slug":"racija-motorola-talkabout-t42-2","status":"publish","type":"product","link":"https:\/\/xstyle.md\/ro\/produs\/racija-motorola-talkabout-t42-2\/","title":{"rendered":"Sta\u021bie radio Motorola Talkabout T42 Triple"},"content":{"rendered":"<\/p>\n<p><strong>Sta\u0163ia radio Motorola Talkabout T42 Triple<\/strong> &ndash; se conecteaz\u0103 &icirc;n c&acirc;teva secunde. Pentru a face acest lucru, porni\u021bi radioul \u0219i ap\u0103sa\u021bi tasta de asociere. Puterea emi\u021b\u0103torului este de 0,5 wa\u021bi. Datorit\u0103 acestui fapt, ve\u021bi fi disponibili &icirc;n raza de 4 km. MOTOROLA folose\u0219te standardul de comunicare PMR446. Bateriile AAA sunt utilizate ca baterie &icirc;ntr-o sta\u0163ie. Un abonat poate comuta &icirc;ntre opt canale PMR pentru a ob\u021bine semnal radio de cea mai bun\u0103 calitate. Volumul sunetului este reglat cu ajutorul unor comenzi speciale. Aparatul este alimentat de trei baterii AAA. Timpul maxim de convorbire este de 16 ore.<\/p>\n<p>Motorola Talkabout T42 Triple este echipat\u0103 cu un display cu cristale lichide, care afi\u0219eaz\u0103 modul de transmitere a semnalului selectat, nivelul bateriei \u0219i alte informa\u021bii. Aparatul accept\u0103 func\u021bia de blocare a tastelor. Gadgetul poate fi purtat &icirc;ntr-o m&acirc;n\u0103 sau fixat pe o centur\u0103.<\/p>\n<p>Cu un aspect str\u0103lucitor: dispozitive cu culori verzi, albastre \u0219i portocalii, cu o margine alb\u0103, realizate din materiale de calitate.<\/p>\n<p>&Icirc;n orice loc dispozitivul prezint\u0103 propriet\u0103\u021bi bune. &Icirc;n parc cu copiii \/ pe plaj\u0103 cu prietenii sau pur \u0219i simplu &icirc;ntr-o aventur\u0103 distractiv\u0103, sta\u0163ia v\u0103 va permite s\u0103 p\u0103stra\u021bi leg\u0103tura, astfel &icirc;nc&acirc;t s\u0103 v\u0103 pute\u021bi concentra asupra momentelor care sunt importante pentru dvs.<\/p>\n<h3>Specificatii<\/h3>\n<ul>\n<li>Ecran LCD cu iluminare de fundal<\/li>\n<li>Blocarea cheii Indicator de<\/li>\n<li>&icirc;nc\u0103rcare a bateriei clam\u0103<\/li>\n<li>Transmiterea puterii 500mW<\/li>\n<li>Func\u021bie u\u0219oar\u0103 de &icirc;mperechere<\/li>\n<\/ul>\n<h3>Caracteristici<\/h3>\n<ul>\n<li>Greutate &#8212; 79 g (f\u0103r\u0103 baterie)<\/li>\n<li>Dimensiune &#8212; 4,8 x 13,6 x 2,7 cm<\/li>\n<li>Interval de frecven\u021b\u0103 &#8212; PMR446<\/li>\n<li>Putere de ie\u0219ire &#8212; 500 mW<\/li>\n<li>L\u0103\u021bime de band\u0103 &#8212; 12,5 KHz<\/li>\n<li>Canale &#8212; 16<\/li>\n<li>Interval de p&acirc;n\u0103 la 4 km<\/li>\n<li>Blocarea cheii<\/li>\n<li>Notificare baterie sc\u0103zut\u0103<\/li>\n<li>Montare pe curea<\/li>\n<li>Tonuri de apel<\/li>\n<li>Semnal de confirmare a apelului \/ Semnal de primire<\/li>\n<li>Scanare \/ Monitorizare<\/li>\n<li>Ecran LCD<\/li>\n<\/ul>\n<div>\n<h3>Setul Include<\/h3>\n<ul>\n<li>3 radiouri portabile<\/li>\n<li>3 suporturi pentru curea<\/li>\n<li>Autocolante de personalizare<\/li>\n<li>Manual de utilizare<\/li>\n<\/ul>\n<\/div>\n<p><strong><\/strong><iframe loading=\"lazy\" title=\"TALKABOUT T42 Walkie-Talkie Overview\" width=\"640\" height=\"360\" src=\"https:\/\/www.youtube.com\/embed\/j1TJVJ0n-ko?feature=oembed\" frameborder=\"0\" allow=\"accelerometer; autoplay; clipboard-write; encrypted-media; gyroscope; picture-in-picture; web-share\" referrerpolicy=\"strict-origin-when-cross-origin\" allowfullscreen><\/iframe><\/p>\n<p><\/p>","protected":false},"excerpt":{"rendered":"<p>Sta\u021bie radio Motorola Talkabout T42 Triple<\/p>","protected":false},"featured_media":15474,"comment_status":"open","ping_status":"closed","template":"","meta":{"_acf_changed":false,"inline_featured_image":false},"product_brand":[1331],"product_cat":[427],"product_tag":[],"class_list":{"0":"post-15480","1":"product","2":"type-product","3":"status-publish","4":"has-post-thumbnail","6":"product_brand-motorola","7":"product_cat-ratii","9":"first","10":"instock","11":"shipping-taxable","12":"purchasable","13":"product-type-simple"},"acf":[],"yoast_head":"<!-- This site is optimized with the Yoast SEO plugin v27.2 - https:\/\/yoast.com\/product\/yoast-seo-wordpress\/ -->\n<title>\u0420\u0430\u0446\u0438\u044f Motorola Talkabout T42 Triple - \u041c\u0430\u0433\u0430\u0437\u0438\u043d Xstyle<\/title>\n<meta name=\"description\" content=\"\u0420\u0430\u0446\u0438\u044f Motorola Talkabout T42 Triple - \u043d\u0430\u0434\u0435\u0436\u043d\u0430\u044f \u0441\u0432\u044f\u0437\u044c \u0441 \u0434\u0430\u043b\u044c\u043d\u043e\u0441\u0442\u044c\u044e \u0434\u043e 500 \u043c. \u0423\u0434\u043e\u0431\u043d\u043e\u0435 \u0443\u043f\u0440\u0430\u0432\u043b\u0435\u043d\u0438\u0435, LCD-\u0434\u0438\u0441\u043f\u043b\u0435\u0439, \u0441\u0442\u0438\u043b\u044c\u043d\u044b\u0439 \u0434\u0438\u0437\u0430\u0439\u043d. \u0418\u0434\u0435\u0430\u043b\u044c\u043d\u0430 \u0434\u043b\u044f \u0430\u043a\u0442\u0438\u0432\u043d\u043e\u0433\u043e \u043e\u0442\u0434\u044b\u0445\u0430!\" \/>\n<meta name=\"robots\" content=\"index, follow, max-snippet:-1, max-image-preview:large, max-video-preview:-1\" \/>\n<link rel=\"canonical\" href=\"https:\/\/xstyle.md\/ro\/produs\/racija-motorola-talkabout-t42-2\/\" \/>\n<meta property=\"og:locale\" content=\"ro_RO\" \/>\n<meta property=\"og:type\" content=\"article\" \/>\n<meta property=\"og:title\" content=\"\u0420\u0430\u0446\u0438\u044f Motorola Talkabout T42 Triple - \u041c\u0430\u0433\u0430\u0437\u0438\u043d Xstyle\" \/>\n<meta property=\"og:description\" content=\"\u0420\u0430\u0446\u0438\u044f Motorola Talkabout T42 Triple - \u043d\u0430\u0434\u0435\u0436\u043d\u0430\u044f \u0441\u0432\u044f\u0437\u044c \u0441 \u0434\u0430\u043b\u044c\u043d\u043e\u0441\u0442\u044c\u044e \u0434\u043e 500 \u043c. \u0423\u0434\u043e\u0431\u043d\u043e\u0435 \u0443\u043f\u0440\u0430\u0432\u043b\u0435\u043d\u0438\u0435, LCD-\u0434\u0438\u0441\u043f\u043b\u0435\u0439, \u0441\u0442\u0438\u043b\u044c\u043d\u044b\u0439 \u0434\u0438\u0437\u0430\u0439\u043d. \u0418\u0434\u0435\u0430\u043b\u044c\u043d\u0430 \u0434\u043b\u044f \u0430\u043a\u0442\u0438\u0432\u043d\u043e\u0433\u043e \u043e\u0442\u0434\u044b\u0445\u0430!\" \/>\n<meta property=\"og:url\" content=\"https:\/\/xstyle.md\/ro\/produs\/racija-motorola-talkabout-t42-2\/\" \/>\n<meta property=\"og:site_name\" content=\"\u041c\u0430\u0433\u0430\u0437\u0438\u043d Xstyle\" \/>\n<meta property=\"article:publisher\" content=\"https:\/\/www.facebook.com\/xstylemd\" \/>\n<meta property=\"article:modified_time\" content=\"2025-10-24T09:55:51+00:00\" \/>\n<meta property=\"og:image\" content=\"https:\/\/xstyle.md\/wp-content\/uploads\/2020\/07\/motorola_talkabout_t42_triple.jpg\" \/>\n\t<meta property=\"og:image:width\" content=\"600\" \/>\n\t<meta property=\"og:image:height\" content=\"600\" \/>\n\t<meta property=\"og:image:type\" content=\"image\/jpeg\" \/>\n<meta name=\"twitter:card\" content=\"summary_large_image\" \/>\n<meta name=\"twitter:label1\" content=\"Pre\u021b\" \/>\n\t<meta name=\"twitter:data1\" content=\"1.090&nbsp;MDL\" \/>\n\t<meta name=\"twitter:label2\" content=\"Disponibilitate\" \/>\n\t<meta name=\"twitter:data2\" content=\"\u00cen stoc\" \/>\n<script type=\"application\/ld+json\" class=\"yoast-schema-graph\">{\"@context\":\"https:\/\/schema.org\",\"@graph\":[{\"@type\":\"WebPage\",\"@id\":\"https:\/\/xstyle.md\/product\/racija-motorola-talkabout-t42-2\/\",\"url\":\"https:\/\/xstyle.md\/product\/racija-motorola-talkabout-t42-2\/\",\"name\":\"\u0420\u0430\u0446\u0438\u044f Motorola Talkabout T42 Triple - \u041c\u0430\u0433\u0430\u0437\u0438\u043d Xstyle\",\"isPartOf\":{\"@id\":\"https:\/\/xstyle.md\/#website\"},\"primaryImageOfPage\":{\"@id\":\"https:\/\/xstyle.md\/product\/racija-motorola-talkabout-t42-2\/#primaryimage\"},\"image\":{\"@id\":\"https:\/\/xstyle.md\/product\/racija-motorola-talkabout-t42-2\/#primaryimage\"},\"thumbnailUrl\":\"https:\/\/xstyle.md\/wp-content\/uploads\/2020\/07\/motorola_talkabout_t42_triple.jpg\",\"datePublished\":\"2020-07-17T11:50:33+00:00\",\"dateModified\":\"2025-10-24T09:55:51+00:00\",\"description\":\"\u0420\u0430\u0446\u0438\u044f Motorola Talkabout T42 Triple - \u043d\u0430\u0434\u0435\u0436\u043d\u0430\u044f \u0441\u0432\u044f\u0437\u044c \u0441 \u0434\u0430\u043b\u044c\u043d\u043e\u0441\u0442\u044c\u044e \u0434\u043e 500 \u043c. \u0423\u0434\u043e\u0431\u043d\u043e\u0435 \u0443\u043f\u0440\u0430\u0432\u043b\u0435\u043d\u0438\u0435, LCD-\u0434\u0438\u0441\u043f\u043b\u0435\u0439, \u0441\u0442\u0438\u043b\u044c\u043d\u044b\u0439 \u0434\u0438\u0437\u0430\u0439\u043d. \u0418\u0434\u0435\u0430\u043b\u044c\u043d\u0430 \u0434\u043b\u044f \u0430\u043a\u0442\u0438\u0432\u043d\u043e\u0433\u043e \u043e\u0442\u0434\u044b\u0445\u0430!\",\"breadcrumb\":{\"@id\":\"https:\/\/xstyle.md\/product\/racija-motorola-talkabout-t42-2\/#breadcrumb\"},\"inLanguage\":\"ro-RO\",\"potentialAction\":[{\"@type\":\"ReadAction\",\"target\":[\"https:\/\/xstyle.md\/product\/racija-motorola-talkabout-t42-2\/\"]}]},{\"@type\":\"ImageObject\",\"inLanguage\":\"ro-RO\",\"@id\":\"https:\/\/xstyle.md\/product\/racija-motorola-talkabout-t42-2\/#primaryimage\",\"url\":\"https:\/\/xstyle.md\/wp-content\/uploads\/2020\/07\/motorola_talkabout_t42_triple.jpg\",\"contentUrl\":\"https:\/\/xstyle.md\/wp-content\/uploads\/2020\/07\/motorola_talkabout_t42_triple.jpg\",\"width\":600,\"height\":600},{\"@type\":\"BreadcrumbList\",\"@id\":\"https:\/\/xstyle.md\/product\/racija-motorola-talkabout-t42-2\/#breadcrumb\",\"itemListElement\":[{\"@type\":\"ListItem\",\"position\":1,\"name\":\"\u0413\u043b\u0430\u0432\u043d\u0430\u044f \u0441\u0442\u0440\u0430\u043d\u0438\u0446\u0430\",\"item\":\"https:\/\/xstyle.md\/\"},{\"@type\":\"ListItem\",\"position\":2,\"name\":\"\u041c\u0430\u0433\u0430\u0437\u0438\u043d\",\"item\":\"https:\/\/xstyle.md\/shop\/\"},{\"@type\":\"ListItem\",\"position\":3,\"name\":\"\u0420\u0430\u0446\u0438\u044f Motorola Talkabout T42 Triple\"}]},{\"@type\":\"WebSite\",\"@id\":\"https:\/\/xstyle.md\/#website\",\"url\":\"https:\/\/xstyle.md\/\",\"name\":\"\u041c\u0430\u0433\u0430\u0437\u0438\u043d Xstyle\",\"description\":\"C\u043d\u0430\u0440\u044f\u0436\u0435\u043d\u0438\u0435 \u0434\u043b\u044f \u0442\u0443\u0440\u0438\u0437\u043c\u0430 \u0438 \u044d\u043a\u0441\u0442\u0440\u0435\u043c\u0430\u043b\u044c\u043d\u044b\u0445 \u0432\u0438\u0434\u043e\u0432 \u0441\u043f\u043e\u0440\u0442\u0430 \u0432 \u041c\u043e\u043b\u0434\u043e\u0432\u0435.. \u0426\u0435\u043d\u044b, \u0444\u043e\u0442\u043e, \u0445\u0430\u0440\u0430\u043a\u0442\u0435\u0440\u0438\u0441\u0442\u0438\u043a\u0438 \u0432 \u041c\u043e\u043b\u0434\u043e\u0432\u0435.\",\"publisher\":{\"@id\":\"https:\/\/xstyle.md\/#organization\"},\"alternateName\":\"X-Style\",\"potentialAction\":[{\"@type\":\"SearchAction\",\"target\":{\"@type\":\"EntryPoint\",\"urlTemplate\":\"https:\/\/xstyle.md\/?s={search_term_string}\"},\"query-input\":{\"@type\":\"PropertyValueSpecification\",\"valueRequired\":true,\"valueName\":\"search_term_string\"}}],\"inLanguage\":\"ro-RO\"},{\"@type\":\"Organization\",\"@id\":\"https:\/\/xstyle.md\/#organization\",\"name\":\"\u041c\u0430\u0433\u0430\u0437\u0438\u043d Xstyle\",\"alternateName\":\"x-style\",\"url\":\"https:\/\/xstyle.md\/\",\"logo\":{\"@type\":\"ImageObject\",\"inLanguage\":\"ro-RO\",\"@id\":\"https:\/\/xstyle.md\/#\/schema\/logo\/image\/\",\"url\":\"https:\/\/xstyle.md\/wp-content\/uploads\/2020\/06\/logoicon.svg\",\"contentUrl\":\"https:\/\/xstyle.md\/wp-content\/uploads\/2020\/06\/logoicon.svg\",\"caption\":\"\u041c\u0430\u0433\u0430\u0437\u0438\u043d Xstyle\"},\"image\":{\"@id\":\"https:\/\/xstyle.md\/#\/schema\/logo\/image\/\"},\"sameAs\":[\"https:\/\/www.facebook.com\/xstylemd\",\"https:\/\/www.instagram.com\/xstyle_md\/\",\"https:\/\/t.me\/xstyle_outdoor\"],\"hasMerchantReturnPolicy\":{\"@type\":\"MerchantReturnPolicy\",\"merchantReturnLink\":\"https:\/\/xstyle.md\/ro\/conditions\/\"}}]}<\/script>\n<meta property=\"product:price:amount\" content=\"1090.00\" \/>\n<meta property=\"product:price:currency\" content=\"MDL\" \/>\n<meta property=\"og:availability\" content=\"instock\" \/>\n<meta property=\"product:availability\" content=\"instock\" \/>\n<meta property=\"product:retailer_item_id\" content=\"5031753007515\" \/>\n<meta property=\"product:condition\" content=\"new\" \/>\n<!-- \/ Yoast SEO plugin. -->","yoast_head_json":{"title":"Sta\u021bie radio Motorola Talkabout T42 Triple - Magazin Xstyle","description":"Racii Motorola Talkabout T42 Triple - comunicare de \u00eencredere cu un interval de p\u00e2n\u0103 la 500 m. Control convenabil, display LCD, design elegant. Ideal\u0103 pentru activit\u0103\u021bi \u00een aer liber!","robots":{"index":"index","follow":"follow","max-snippet":"max-snippet:-1","max-image-preview":"max-image-preview:large","max-video-preview":"max-video-preview:-1"},"canonical":"https:\/\/xstyle.md\/ro\/produs\/racija-motorola-talkabout-t42-2\/","og_locale":"ro_RO","og_type":"article","og_title":"\u0420\u0430\u0446\u0438\u044f Motorola Talkabout T42 Triple - \u041c\u0430\u0433\u0430\u0437\u0438\u043d Xstyle","og_description":"\u0420\u0430\u0446\u0438\u044f Motorola Talkabout T42 Triple - \u043d\u0430\u0434\u0435\u0436\u043d\u0430\u044f \u0441\u0432\u044f\u0437\u044c \u0441 \u0434\u0430\u043b\u044c\u043d\u043e\u0441\u0442\u044c\u044e \u0434\u043e 500 \u043c. \u0423\u0434\u043e\u0431\u043d\u043e\u0435 \u0443\u043f\u0440\u0430\u0432\u043b\u0435\u043d\u0438\u0435, LCD-\u0434\u0438\u0441\u043f\u043b\u0435\u0439, \u0441\u0442\u0438\u043b\u044c\u043d\u044b\u0439 \u0434\u0438\u0437\u0430\u0439\u043d. \u0418\u0434\u0435\u0430\u043b\u044c\u043d\u0430 \u0434\u043b\u044f \u0430\u043a\u0442\u0438\u0432\u043d\u043e\u0433\u043e \u043e\u0442\u0434\u044b\u0445\u0430!","og_url":"https:\/\/xstyle.md\/ro\/produs\/racija-motorola-talkabout-t42-2\/","og_site_name":"\u041c\u0430\u0433\u0430\u0437\u0438\u043d Xstyle","article_publisher":"https:\/\/www.facebook.com\/xstylemd","article_modified_time":"2025-10-24T09:55:51+00:00","og_image":[{"width":600,"height":600,"url":"https:\/\/xstyle.md\/wp-content\/uploads\/2020\/07\/motorola_talkabout_t42_triple.jpg","type":"image\/jpeg"}],"twitter_card":"summary_large_image","twitter_misc":{"Pre\u021b":"1.090&nbsp;MDL","Disponibilitate":"\u00cen stoc"},"schema":{"@context":"https:\/\/schema.org","@graph":[{"@type":"WebPage","@id":"https:\/\/xstyle.md\/product\/racija-motorola-talkabout-t42-2\/","url":"https:\/\/xstyle.md\/product\/racija-motorola-talkabout-t42-2\/","name":"Sta\u021bie radio Motorola Talkabout T42 Triple - Magazin Xstyle","isPartOf":{"@id":"https:\/\/xstyle.md\/#website"},"primaryImageOfPage":{"@id":"https:\/\/xstyle.md\/product\/racija-motorola-talkabout-t42-2\/#primaryimage"},"image":{"@id":"https:\/\/xstyle.md\/product\/racija-motorola-talkabout-t42-2\/#primaryimage"},"thumbnailUrl":"https:\/\/xstyle.md\/wp-content\/uploads\/2020\/07\/motorola_talkabout_t42_triple.jpg","datePublished":"2020-07-17T11:50:33+00:00","dateModified":"2025-10-24T09:55:51+00:00","description":"Racii Motorola Talkabout T42 Triple - comunicare de \u00eencredere cu un interval de p\u00e2n\u0103 la 500 m. Control convenabil, display LCD, design elegant. Ideal\u0103 pentru activit\u0103\u021bi \u00een aer liber!","breadcrumb":{"@id":"https:\/\/xstyle.md\/product\/racija-motorola-talkabout-t42-2\/#breadcrumb"},"inLanguage":"ro-RO","potentialAction":[{"@type":"ReadAction","target":["https:\/\/xstyle.md\/product\/racija-motorola-talkabout-t42-2\/"]}]},{"@type":"ImageObject","inLanguage":"ro-RO","@id":"https:\/\/xstyle.md\/product\/racija-motorola-talkabout-t42-2\/#primaryimage","url":"https:\/\/xstyle.md\/wp-content\/uploads\/2020\/07\/motorola_talkabout_t42_triple.jpg","contentUrl":"https:\/\/xstyle.md\/wp-content\/uploads\/2020\/07\/motorola_talkabout_t42_triple.jpg","width":600,"height":600},{"@type":"BreadcrumbList","@id":"https:\/\/xstyle.md\/product\/racija-motorola-talkabout-t42-2\/#breadcrumb","itemListElement":[{"@type":"ListItem","position":1,"name":"\u0413\u043b\u0430\u0432\u043d\u0430\u044f \u0441\u0442\u0440\u0430\u043d\u0438\u0446\u0430","item":"https:\/\/xstyle.md\/"},{"@type":"ListItem","position":2,"name":"\u041c\u0430\u0433\u0430\u0437\u0438\u043d","item":"https:\/\/xstyle.md\/shop\/"},{"@type":"ListItem","position":3,"name":"\u0420\u0430\u0446\u0438\u044f Motorola Talkabout T42 Triple"}]},{"@type":"WebSite","@id":"https:\/\/xstyle.md\/#website","url":"https:\/\/xstyle.md\/","name":"Magazinul X-Style","description":"Echipamente pentru turism \u0219i sporturi extreme \u00een Moldova. Pre\u021buri, fotografii, caracteristici \u00een Moldova.","publisher":{"@id":"https:\/\/xstyle.md\/#organization"},"alternateName":"X-Style","potentialAction":[{"@type":"SearchAction","target":{"@type":"EntryPoint","urlTemplate":"https:\/\/xstyle.md\/?s={search_term_string}"},"query-input":{"@type":"PropertyValueSpecification","valueRequired":true,"valueName":"search_term_string"}}],"inLanguage":"ro-RO"},{"@type":"Organization","@id":"https:\/\/xstyle.md\/#organization","name":"Magazinul X-Style","alternateName":"x-style","url":"https:\/\/xstyle.md\/","logo":{"@type":"ImageObject","inLanguage":"ro-RO","@id":"https:\/\/xstyle.md\/#\/schema\/logo\/image\/","url":"https:\/\/xstyle.md\/wp-content\/uploads\/2020\/06\/logoicon.svg","contentUrl":"https:\/\/xstyle.md\/wp-content\/uploads\/2020\/06\/logoicon.svg","caption":"\u041c\u0430\u0433\u0430\u0437\u0438\u043d Xstyle"},"image":{"@id":"https:\/\/xstyle.md\/#\/schema\/logo\/image\/"},"sameAs":["https:\/\/www.facebook.com\/xstylemd","https:\/\/www.instagram.com\/xstyle_md\/","https:\/\/t.me\/xstyle_outdoor"],"hasMerchantReturnPolicy":{"@type":"MerchantReturnPolicy","merchantReturnLink":"https:\/\/xstyle.md\/ro\/conditions\/"}}]},"product_price_amount":"1090.00","product_price_currency":"MDL","og_availability":"instock","product_availability":"instock","product_retailer_item_id":"5031753007515","product_condition":"new"},"post_mailing_queue_ids":[],"_links":{"self":[{"href":"https:\/\/xstyle.md\/ro\/wp-json\/wp\/v2\/product\/15480","targetHints":{"allow":["GET"]}}],"collection":[{"href":"https:\/\/xstyle.md\/ro\/wp-json\/wp\/v2\/product"}],"about":[{"href":"https:\/\/xstyle.md\/ro\/wp-json\/wp\/v2\/types\/product"}],"replies":[{"embeddable":true,"href":"https:\/\/xstyle.md\/ro\/wp-json\/wp\/v2\/comments?post=15480"}],"wp:featuredmedia":[{"embeddable":true,"href":"https:\/\/xstyle.md\/ro\/wp-json\/wp\/v2\/media\/15474"}],"wp:attachment":[{"href":"https:\/\/xstyle.md\/ro\/wp-json\/wp\/v2\/media?parent=15480"}],"wp:term":[{"taxonomy":"product_brand","embeddable":true,"href":"https:\/\/xstyle.md\/ro\/wp-json\/wp\/v2\/product_brand?post=15480"},{"taxonomy":"product_cat","embeddable":true,"href":"https:\/\/xstyle.md\/ro\/wp-json\/wp\/v2\/product_cat?post=15480"},{"taxonomy":"product_tag","embeddable":true,"href":"https:\/\/xstyle.md\/ro\/wp-json\/wp\/v2\/product_tag?post=15480"}],"curies":[{"name":"wp","href":"https:\/\/api.w.org\/{rel}","templated":true}]}}