{"id":15344,"date":"2020-07-17T14:44:34","date_gmt":"2020-07-17T11:44:34","guid":{"rendered":"https:\/\/xstyle.md\/?post_type=product&#038;p=15344"},"modified":"2025-10-24T12:24:57","modified_gmt":"2025-10-24T09:24:57","slug":"legkij-merinosovyj-buff-black","status":"publish","type":"product","link":"https:\/\/xstyle.md\/ro\/produs\/legkij-merinosovyj-buff-black\/","title":{"rendered":"Buff u\u0219or din l\u00e2n\u0103 merino Black"},"content":{"rendered":"<\/p>\n<p><strong>Buff Black<\/strong> &#8212; Merino Buff u\u0219or ofer\u0103 un echilibru excelent \u00een zilele mai reci. Ideal pentru plimb\u0103ri, drume\u021bii sau sporturi de intensitate redus\u0103. Re\u021bine perfect c\u0103ldura \u0219i absoarbe \u0219i elimin\u0103 bine umezeala.<\/p>\n<p>Versatilele Merino Wool Buffs sunt fabricate din 100% l\u00e2n\u0103 merino de calitate \u0219i moale, permi\u021b\u00e2ndu-v\u0103 s\u0103 le purta\u021bi \u00een jurul g\u00e2tului sau al fe\u021bei f\u0103r\u0103 a provoca irita\u021bii.<\/p>\n<h3>Particularit\u0103\u021bi<\/h3>\n<ul>\n<li>Poate fi folosit\u0103 ca o p\u0103l\u0103rie u\u0219oar\u0103 cu strat dublu<\/li>\n<li>Ideal\u0103 pentru plimb\u0103ri, drume\u021bii sau activit\u0103\u021bi sportive de intensitate sc\u0103zut\u0103<\/li>\n<li>100% l\u00e2n\u0103 merinos natural\u0103<\/li>\n<li>U\u0219oar\u0103, cu propriet\u0103\u021bi izolatoare excelente<\/li>\n<li>Materialul absoarbe mirosurile nepl\u0103cute<\/li>\n<li>\u021aes\u0103tura e\u0219arfei este tratat\u0103 cu tehnologia special\u0103 Polygiene\u00ae cu s\u0103ruri de argint, care \u00eempiedic\u0103 bacteriile \u0219i ciupercile s\u0103 se dezvolte pe \u021bes\u0103tura sintetic\u0103.<\/li>\n<li>Certificat OEKO-TEX standart 100: sistem independent de testare a produselor \u00een toate etapele de produc\u021bie.<\/li>\n<\/ul>\n<h3>Caracteristici<\/h3>\n<ul>\n<li>Material - 100% l\u00e2n\u0103 Merino<\/li>\n<li>Densitate &#8212; 125g\/m\u00b2<\/li>\n<li>Lungime &#8212; 66 cm<\/li>\n<li>L\u0103\u021bime &#8212; 24,5 cm.<\/li>\n<\/ul>\n<h3>Tehnologie<\/h3>\n<ul>\n<li><b>Polygiene<\/b> (Natural Silver Salt Technology) \u2013 care previne mirosurile nepl\u0103cute. Datorit\u0103 firelor de argint incluse \u00een compozi\u021bie, care sunt derivate din natur\u0103 \u0219i au propriet\u0103\u021bi antibacteriene &#8212; aceasta este o tehnologie activ\u0103 de control al mirosurilor. F\u0103r\u0103 r\u0103sp\u00e2ndire bacterian\u0103, nu trebuie s\u0103 v\u0103 face\u021bi griji cu privire la mirosul nepl\u0103cut. Aceast\u0103 proprietate a materialului se p\u0103streaz\u0103 \u0219i dup\u0103 sp\u0103l\u0103ri repetate.<\/li>\n<li><strong>L\u00e2n\u0103 Merino<\/strong> - Acesta este un l\u00e2n\u0103 Merino australian\u0103, care are caracteristici unificate. Este un material natural, foarte moale, cu un centru de fibre care este foarte scopic. Acest material v\u0103 men\u021bine cald chiar \u0219i atunci c\u00e2nd este ud \u0219i izoleaz\u0103 umezeala de piele. Aceast\u0103 tehnologie v\u0103 va ajuta s\u0103 rezista\u021bi chiar \u0219i la temperaturi foarte sc\u0103zute. Datorit\u0103 dimensiunii pl\u0103m\u00e2nului de v\u00e2nzare mari (65-100 mm) \u0219i a diametrului micronului (max. 24 microni), firul este foarte eficient, iar materialul din miez este un excelent regulator de temperatur\u0103, care este capabil s\u0103 \u00eempiedice transportul, permi\u021b\u00e2nd pastilelor s\u0103 fie respirate.<\/li>\n<\/ul>\n<h3>Marca<\/h3>\n<p>BUFF\u00ae \u2013 brand spaniol, a c\u0103rui istorie a \u00eenceput \u00een 1992, c\u00e2nd proprietarul unei fabrici de textile catalane, Joan Rojas (Joan Rojas), pasionat de motociclism, a ajuns la concluzia c\u0103, pentru o c\u0103l\u0103torie mai confortabil\u0103 pe motociclet\u0103, este necesar un accesoriu simplu care s\u0103 protejeze g\u00e2tul \u0219i capul de v\u00e2ntul care se apropie, de frig \u0219i de soarele arz\u0103tor.<\/p>\n<p>Lui Rojas i-a pl\u0103cut ideea unei e\u0219arfe militare multifunc\u021bionale, care se poate transforma \u00eentr-o masc\u0103, o coafur\u0103 sau o e\u0219arf\u0103. Experimentele efectuate \u00een fabrica de textile a familiei sale cu diferite materiale \u0219i forme t\u0103iate au culminat cu g\u0103sirea de c\u0103tre Rojas a unei modalit\u0103\u021bi de a produce o e\u0219arf\u0103 cilindric\u0103 f\u0103r\u0103 cus\u0103turi din microfibr\u0103. Dup\u0103 ce prototipurile au fost testate de familia, prietenii \u0219i colegii atle\u021bi ai lui Rojas, \u00een 1992 a fost lansat\u0103 prima colec\u021bie de bandane f\u0103r\u0103 cus\u0103turi sub sigla BUFF\u00ae.<\/p>\n<p>\u00cen 2017, BUFF\u00ae \u0219i-a extins sim\u021bitor linia de modele, a \u00eenceput s\u0103 produc\u0103 nu numai bandane, ci \u0219i alte articole de acoperit capul, at\u00e2t pentru sport, c\u00e2t \u0219i pentru via\u021ba de zi cu zi.<\/p>\n<p><\/p>","protected":false},"excerpt":{"rendered":"<p>Buff u\u0219or din l\u00e2n\u0103 merino Black<\/p>","protected":false},"featured_media":15343,"comment_status":"open","ping_status":"closed","template":"","meta":{"_acf_changed":false,"inline_featured_image":false},"product_brand":[1302],"product_cat":[522],"product_tag":[],"class_list":{"0":"post-15344","1":"product","2":"type-product","3":"status-publish","4":"has-post-thumbnail","6":"product_brand-buff","7":"product_cat-wool-buff","9":"first","10":"instock","11":"shipping-taxable","12":"purchasable","13":"product-type-simple"},"acf":[],"yoast_head":"<!-- This site is optimized with the Yoast SEO plugin v27.2 - https:\/\/yoast.com\/product\/yoast-seo-wordpress\/ -->\n<title>\u041b\u0435\u0433\u043a\u0438\u0439 \u043c\u0435\u0440\u0438\u043d\u043e\u0441\u043e\u0432\u044b\u0439 Buff Black - \u041c\u0430\u0433\u0430\u0437\u0438\u043d Xstyle<\/title>\n<meta name=\"description\" content=\"\u041b\u0435\u0433\u043a\u0438\u0439 \u043c\u0435\u0440\u0438\u043d\u043e\u0441\u043e\u0432\u044b\u0439 Buff Black \u2013 \u0438\u0434\u0435\u0430\u043b\u044c\u043d\u044b\u0439 \u0430\u043a\u0441\u0435\u0441\u0441\u0443\u0430\u0440 \u0434\u043b\u044f \u0437\u0438\u043c\u043d\u0438\u0445 \u043f\u0440\u043e\u0433\u0443\u043b\u043e\u043a \u0438 \u0437\u0430\u043d\u044f\u0442\u0438\u0439 \u0441\u043f\u043e\u0440\u0442\u043e\u043c. \u0422\u0435\u043f\u043b\u043e, \u043a\u043e\u043c\u0444\u043e\u0440\u0442 \u0438 \u043e\u0442\u043b\u0438\u0447\u043d\u0430\u044f \u0432\u043b\u0430\u0433\u043e\u043e\u0442\u0432\u043e\u0434\u0438\u043c\u043e\u0441\u0442\u044c \u0431\u043b\u0430\u0433\u043e\u0434\u0430\u0440\u044f \u0448\u0435\u0440\u0441\u0442\u0438 \u043c\u0435\u0440\u0438\u043d\u043e\u0441\u0430.\" \/>\n<meta name=\"robots\" content=\"index, follow, max-snippet:-1, max-image-preview:large, max-video-preview:-1\" \/>\n<link rel=\"canonical\" href=\"https:\/\/xstyle.md\/ro\/produs\/legkij-merinosovyj-buff-black\/\" \/>\n<meta property=\"og:locale\" content=\"ro_RO\" \/>\n<meta property=\"og:type\" content=\"article\" \/>\n<meta property=\"og:title\" content=\"\u041b\u0435\u0433\u043a\u0438\u0439 \u043c\u0435\u0440\u0438\u043d\u043e\u0441\u043e\u0432\u044b\u0439 Buff Black - \u041c\u0430\u0433\u0430\u0437\u0438\u043d Xstyle\" \/>\n<meta property=\"og:description\" content=\"\u041b\u0435\u0433\u043a\u0438\u0439 \u043c\u0435\u0440\u0438\u043d\u043e\u0441\u043e\u0432\u044b\u0439 Buff Black \u2013 \u0438\u0434\u0435\u0430\u043b\u044c\u043d\u044b\u0439 \u0430\u043a\u0441\u0435\u0441\u0441\u0443\u0430\u0440 \u0434\u043b\u044f \u0437\u0438\u043c\u043d\u0438\u0445 \u043f\u0440\u043e\u0433\u0443\u043b\u043e\u043a \u0438 \u0437\u0430\u043d\u044f\u0442\u0438\u0439 \u0441\u043f\u043e\u0440\u0442\u043e\u043c. \u0422\u0435\u043f\u043b\u043e, \u043a\u043e\u043c\u0444\u043e\u0440\u0442 \u0438 \u043e\u0442\u043b\u0438\u0447\u043d\u0430\u044f \u0432\u043b\u0430\u0433\u043e\u043e\u0442\u0432\u043e\u0434\u0438\u043c\u043e\u0441\u0442\u044c \u0431\u043b\u0430\u0433\u043e\u0434\u0430\u0440\u044f \u0448\u0435\u0440\u0441\u0442\u0438 \u043c\u0435\u0440\u0438\u043d\u043e\u0441\u0430.\" \/>\n<meta property=\"og:url\" content=\"https:\/\/xstyle.md\/ro\/produs\/legkij-merinosovyj-buff-black\/\" \/>\n<meta property=\"og:site_name\" content=\"\u041c\u0430\u0433\u0430\u0437\u0438\u043d Xstyle\" \/>\n<meta property=\"article:publisher\" content=\"https:\/\/www.facebook.com\/xstylemd\" \/>\n<meta property=\"article:modified_time\" content=\"2025-10-24T09:24:57+00:00\" \/>\n<meta property=\"og:image\" content=\"https:\/\/xstyle.md\/wp-content\/uploads\/2020\/07\/100637.00.png\" \/>\n\t<meta property=\"og:image:width\" content=\"196\" \/>\n\t<meta property=\"og:image:height\" content=\"380\" \/>\n\t<meta property=\"og:image:type\" content=\"image\/png\" \/>\n<meta name=\"twitter:card\" content=\"summary_large_image\" \/>\n<meta name=\"twitter:label1\" content=\"Pre\u021b\" \/>\n\t<meta name=\"twitter:data1\" content=\"450&nbsp;MDL\" \/>\n\t<meta name=\"twitter:label2\" content=\"Disponibilitate\" \/>\n\t<meta name=\"twitter:data2\" content=\"\u00cen stoc\" \/>\n<script type=\"application\/ld+json\" class=\"yoast-schema-graph\">{\"@context\":\"https:\/\/schema.org\",\"@graph\":[{\"@type\":\"WebPage\",\"@id\":\"https:\/\/xstyle.md\/product\/legkij-merinosovyj-buff-black\/\",\"url\":\"https:\/\/xstyle.md\/product\/legkij-merinosovyj-buff-black\/\",\"name\":\"\u041b\u0435\u0433\u043a\u0438\u0439 \u043c\u0435\u0440\u0438\u043d\u043e\u0441\u043e\u0432\u044b\u0439 Buff Black - \u041c\u0430\u0433\u0430\u0437\u0438\u043d Xstyle\",\"isPartOf\":{\"@id\":\"https:\/\/xstyle.md\/#website\"},\"primaryImageOfPage\":{\"@id\":\"https:\/\/xstyle.md\/product\/legkij-merinosovyj-buff-black\/#primaryimage\"},\"image\":{\"@id\":\"https:\/\/xstyle.md\/product\/legkij-merinosovyj-buff-black\/#primaryimage\"},\"thumbnailUrl\":\"https:\/\/xstyle.md\/wp-content\/uploads\/2020\/07\/100637.00.png\",\"datePublished\":\"2020-07-17T11:44:34+00:00\",\"dateModified\":\"2025-10-24T09:24:57+00:00\",\"description\":\"\u041b\u0435\u0433\u043a\u0438\u0439 \u043c\u0435\u0440\u0438\u043d\u043e\u0441\u043e\u0432\u044b\u0439 Buff Black \u2013 \u0438\u0434\u0435\u0430\u043b\u044c\u043d\u044b\u0439 \u0430\u043a\u0441\u0435\u0441\u0441\u0443\u0430\u0440 \u0434\u043b\u044f \u0437\u0438\u043c\u043d\u0438\u0445 \u043f\u0440\u043e\u0433\u0443\u043b\u043e\u043a \u0438 \u0437\u0430\u043d\u044f\u0442\u0438\u0439 \u0441\u043f\u043e\u0440\u0442\u043e\u043c. \u0422\u0435\u043f\u043b\u043e, \u043a\u043e\u043c\u0444\u043e\u0440\u0442 \u0438 \u043e\u0442\u043b\u0438\u0447\u043d\u0430\u044f \u0432\u043b\u0430\u0433\u043e\u043e\u0442\u0432\u043e\u0434\u0438\u043c\u043e\u0441\u0442\u044c \u0431\u043b\u0430\u0433\u043e\u0434\u0430\u0440\u044f \u0448\u0435\u0440\u0441\u0442\u0438 \u043c\u0435\u0440\u0438\u043d\u043e\u0441\u0430.\",\"breadcrumb\":{\"@id\":\"https:\/\/xstyle.md\/product\/legkij-merinosovyj-buff-black\/#breadcrumb\"},\"inLanguage\":\"ro-RO\",\"potentialAction\":[{\"@type\":\"ReadAction\",\"target\":[\"https:\/\/xstyle.md\/product\/legkij-merinosovyj-buff-black\/\"]}]},{\"@type\":\"ImageObject\",\"inLanguage\":\"ro-RO\",\"@id\":\"https:\/\/xstyle.md\/product\/legkij-merinosovyj-buff-black\/#primaryimage\",\"url\":\"https:\/\/xstyle.md\/wp-content\/uploads\/2020\/07\/100637.00.png\",\"contentUrl\":\"https:\/\/xstyle.md\/wp-content\/uploads\/2020\/07\/100637.00.png\",\"width\":196,\"height\":380},{\"@type\":\"BreadcrumbList\",\"@id\":\"https:\/\/xstyle.md\/product\/legkij-merinosovyj-buff-black\/#breadcrumb\",\"itemListElement\":[{\"@type\":\"ListItem\",\"position\":1,\"name\":\"\u0413\u043b\u0430\u0432\u043d\u0430\u044f \u0441\u0442\u0440\u0430\u043d\u0438\u0446\u0430\",\"item\":\"https:\/\/xstyle.md\/\"},{\"@type\":\"ListItem\",\"position\":2,\"name\":\"\u041c\u0430\u0433\u0430\u0437\u0438\u043d\",\"item\":\"https:\/\/xstyle.md\/shop\/\"},{\"@type\":\"ListItem\",\"position\":3,\"name\":\"\u041b\u0435\u0433\u043a\u0438\u0439 \u043c\u0435\u0440\u0438\u043d\u043e\u0441\u043e\u0432\u044b\u0439 Buff Black\"}]},{\"@type\":\"WebSite\",\"@id\":\"https:\/\/xstyle.md\/#website\",\"url\":\"https:\/\/xstyle.md\/\",\"name\":\"\u041c\u0430\u0433\u0430\u0437\u0438\u043d Xstyle\",\"description\":\"C\u043d\u0430\u0440\u044f\u0436\u0435\u043d\u0438\u0435 \u0434\u043b\u044f \u0442\u0443\u0440\u0438\u0437\u043c\u0430 \u0438 \u044d\u043a\u0441\u0442\u0440\u0435\u043c\u0430\u043b\u044c\u043d\u044b\u0445 \u0432\u0438\u0434\u043e\u0432 \u0441\u043f\u043e\u0440\u0442\u0430 \u0432 \u041c\u043e\u043b\u0434\u043e\u0432\u0435.. \u0426\u0435\u043d\u044b, \u0444\u043e\u0442\u043e, \u0445\u0430\u0440\u0430\u043a\u0442\u0435\u0440\u0438\u0441\u0442\u0438\u043a\u0438 \u0432 \u041c\u043e\u043b\u0434\u043e\u0432\u0435.\",\"publisher\":{\"@id\":\"https:\/\/xstyle.md\/#organization\"},\"alternateName\":\"X-Style\",\"potentialAction\":[{\"@type\":\"SearchAction\",\"target\":{\"@type\":\"EntryPoint\",\"urlTemplate\":\"https:\/\/xstyle.md\/?s={search_term_string}\"},\"query-input\":{\"@type\":\"PropertyValueSpecification\",\"valueRequired\":true,\"valueName\":\"search_term_string\"}}],\"inLanguage\":\"ro-RO\"},{\"@type\":\"Organization\",\"@id\":\"https:\/\/xstyle.md\/#organization\",\"name\":\"\u041c\u0430\u0433\u0430\u0437\u0438\u043d Xstyle\",\"alternateName\":\"x-style\",\"url\":\"https:\/\/xstyle.md\/\",\"logo\":{\"@type\":\"ImageObject\",\"inLanguage\":\"ro-RO\",\"@id\":\"https:\/\/xstyle.md\/#\/schema\/logo\/image\/\",\"url\":\"https:\/\/xstyle.md\/wp-content\/uploads\/2020\/06\/logoicon.svg\",\"contentUrl\":\"https:\/\/xstyle.md\/wp-content\/uploads\/2020\/06\/logoicon.svg\",\"caption\":\"\u041c\u0430\u0433\u0430\u0437\u0438\u043d Xstyle\"},\"image\":{\"@id\":\"https:\/\/xstyle.md\/#\/schema\/logo\/image\/\"},\"sameAs\":[\"https:\/\/www.facebook.com\/xstylemd\",\"https:\/\/www.instagram.com\/xstyle_md\/\",\"https:\/\/t.me\/xstyle_outdoor\"],\"hasMerchantReturnPolicy\":{\"@type\":\"MerchantReturnPolicy\",\"merchantReturnLink\":\"https:\/\/xstyle.md\/ro\/conditions\/\"}}]}<\/script>\n<meta property=\"product:price:amount\" content=\"450.00\" \/>\n<meta property=\"product:price:currency\" content=\"MDL\" \/>\n<meta property=\"og:availability\" content=\"instock\" \/>\n<meta property=\"product:availability\" content=\"instock\" \/>\n<meta property=\"product:retailer_item_id\" content=\"8428927330079\" \/>\n<meta property=\"product:condition\" content=\"new\" \/>\n<!-- \/ Yoast SEO plugin. -->","yoast_head_json":{"title":"Buff u\u0219or din l\u00e2n\u0103 merino Black - Magazin Xstyle","description":"Buff Black din l\u00e2n\u0103 merinos u\u0219or \u2013 accesoriul ideal pentru plimb\u0103rile de iarn\u0103 \u0219i activit\u0103\u021bile sportive. C\u0103ldur\u0103, confort \u0219i o excelent\u0103 abilitate de absorb\u021bie a umidit\u0103\u021bii datorit\u0103 l\u00e2nii merinos.","robots":{"index":"index","follow":"follow","max-snippet":"max-snippet:-1","max-image-preview":"max-image-preview:large","max-video-preview":"max-video-preview:-1"},"canonical":"https:\/\/xstyle.md\/ro\/produs\/legkij-merinosovyj-buff-black\/","og_locale":"ro_RO","og_type":"article","og_title":"\u041b\u0435\u0433\u043a\u0438\u0439 \u043c\u0435\u0440\u0438\u043d\u043e\u0441\u043e\u0432\u044b\u0439 Buff Black - \u041c\u0430\u0433\u0430\u0437\u0438\u043d Xstyle","og_description":"\u041b\u0435\u0433\u043a\u0438\u0439 \u043c\u0435\u0440\u0438\u043d\u043e\u0441\u043e\u0432\u044b\u0439 Buff Black \u2013 \u0438\u0434\u0435\u0430\u043b\u044c\u043d\u044b\u0439 \u0430\u043a\u0441\u0435\u0441\u0441\u0443\u0430\u0440 \u0434\u043b\u044f \u0437\u0438\u043c\u043d\u0438\u0445 \u043f\u0440\u043e\u0433\u0443\u043b\u043e\u043a \u0438 \u0437\u0430\u043d\u044f\u0442\u0438\u0439 \u0441\u043f\u043e\u0440\u0442\u043e\u043c. \u0422\u0435\u043f\u043b\u043e, \u043a\u043e\u043c\u0444\u043e\u0440\u0442 \u0438 \u043e\u0442\u043b\u0438\u0447\u043d\u0430\u044f \u0432\u043b\u0430\u0433\u043e\u043e\u0442\u0432\u043e\u0434\u0438\u043c\u043e\u0441\u0442\u044c \u0431\u043b\u0430\u0433\u043e\u0434\u0430\u0440\u044f \u0448\u0435\u0440\u0441\u0442\u0438 \u043c\u0435\u0440\u0438\u043d\u043e\u0441\u0430.","og_url":"https:\/\/xstyle.md\/ro\/produs\/legkij-merinosovyj-buff-black\/","og_site_name":"\u041c\u0430\u0433\u0430\u0437\u0438\u043d Xstyle","article_publisher":"https:\/\/www.facebook.com\/xstylemd","article_modified_time":"2025-10-24T09:24:57+00:00","og_image":[{"width":196,"height":380,"url":"https:\/\/xstyle.md\/wp-content\/uploads\/2020\/07\/100637.00.png","type":"image\/png"}],"twitter_card":"summary_large_image","twitter_misc":{"Pre\u021b":"450&nbsp;MDL","Disponibilitate":"\u00cen stoc"},"schema":{"@context":"https:\/\/schema.org","@graph":[{"@type":"WebPage","@id":"https:\/\/xstyle.md\/product\/legkij-merinosovyj-buff-black\/","url":"https:\/\/xstyle.md\/product\/legkij-merinosovyj-buff-black\/","name":"Buff u\u0219or din l\u00e2n\u0103 merino Black - Magazin Xstyle","isPartOf":{"@id":"https:\/\/xstyle.md\/#website"},"primaryImageOfPage":{"@id":"https:\/\/xstyle.md\/product\/legkij-merinosovyj-buff-black\/#primaryimage"},"image":{"@id":"https:\/\/xstyle.md\/product\/legkij-merinosovyj-buff-black\/#primaryimage"},"thumbnailUrl":"https:\/\/xstyle.md\/wp-content\/uploads\/2020\/07\/100637.00.png","datePublished":"2020-07-17T11:44:34+00:00","dateModified":"2025-10-24T09:24:57+00:00","description":"Buff Black din l\u00e2n\u0103 merinos u\u0219or \u2013 accesoriul ideal pentru plimb\u0103rile de iarn\u0103 \u0219i activit\u0103\u021bile sportive. C\u0103ldur\u0103, confort \u0219i o excelent\u0103 abilitate de absorb\u021bie a umidit\u0103\u021bii datorit\u0103 l\u00e2nii merinos.","breadcrumb":{"@id":"https:\/\/xstyle.md\/product\/legkij-merinosovyj-buff-black\/#breadcrumb"},"inLanguage":"ro-RO","potentialAction":[{"@type":"ReadAction","target":["https:\/\/xstyle.md\/product\/legkij-merinosovyj-buff-black\/"]}]},{"@type":"ImageObject","inLanguage":"ro-RO","@id":"https:\/\/xstyle.md\/product\/legkij-merinosovyj-buff-black\/#primaryimage","url":"https:\/\/xstyle.md\/wp-content\/uploads\/2020\/07\/100637.00.png","contentUrl":"https:\/\/xstyle.md\/wp-content\/uploads\/2020\/07\/100637.00.png","width":196,"height":380},{"@type":"BreadcrumbList","@id":"https:\/\/xstyle.md\/product\/legkij-merinosovyj-buff-black\/#breadcrumb","itemListElement":[{"@type":"ListItem","position":1,"name":"\u0413\u043b\u0430\u0432\u043d\u0430\u044f \u0441\u0442\u0440\u0430\u043d\u0438\u0446\u0430","item":"https:\/\/xstyle.md\/"},{"@type":"ListItem","position":2,"name":"\u041c\u0430\u0433\u0430\u0437\u0438\u043d","item":"https:\/\/xstyle.md\/shop\/"},{"@type":"ListItem","position":3,"name":"\u041b\u0435\u0433\u043a\u0438\u0439 \u043c\u0435\u0440\u0438\u043d\u043e\u0441\u043e\u0432\u044b\u0439 Buff Black"}]},{"@type":"WebSite","@id":"https:\/\/xstyle.md\/#website","url":"https:\/\/xstyle.md\/","name":"Magazinul X-Style","description":"Echipamente pentru turism \u0219i sporturi extreme \u00een Moldova. Pre\u021buri, fotografii, caracteristici \u00een Moldova.","publisher":{"@id":"https:\/\/xstyle.md\/#organization"},"alternateName":"X-Style","potentialAction":[{"@type":"SearchAction","target":{"@type":"EntryPoint","urlTemplate":"https:\/\/xstyle.md\/?s={search_term_string}"},"query-input":{"@type":"PropertyValueSpecification","valueRequired":true,"valueName":"search_term_string"}}],"inLanguage":"ro-RO"},{"@type":"Organization","@id":"https:\/\/xstyle.md\/#organization","name":"Magazinul X-Style","alternateName":"x-style","url":"https:\/\/xstyle.md\/","logo":{"@type":"ImageObject","inLanguage":"ro-RO","@id":"https:\/\/xstyle.md\/#\/schema\/logo\/image\/","url":"https:\/\/xstyle.md\/wp-content\/uploads\/2020\/06\/logoicon.svg","contentUrl":"https:\/\/xstyle.md\/wp-content\/uploads\/2020\/06\/logoicon.svg","caption":"\u041c\u0430\u0433\u0430\u0437\u0438\u043d Xstyle"},"image":{"@id":"https:\/\/xstyle.md\/#\/schema\/logo\/image\/"},"sameAs":["https:\/\/www.facebook.com\/xstylemd","https:\/\/www.instagram.com\/xstyle_md\/","https:\/\/t.me\/xstyle_outdoor"],"hasMerchantReturnPolicy":{"@type":"MerchantReturnPolicy","merchantReturnLink":"https:\/\/xstyle.md\/ro\/conditions\/"}}]},"product_price_amount":"450.00","product_price_currency":"MDL","og_availability":"instock","product_availability":"instock","product_retailer_item_id":"8428927330079","product_condition":"new"},"post_mailing_queue_ids":[],"_links":{"self":[{"href":"https:\/\/xstyle.md\/ro\/wp-json\/wp\/v2\/product\/15344","targetHints":{"allow":["GET"]}}],"collection":[{"href":"https:\/\/xstyle.md\/ro\/wp-json\/wp\/v2\/product"}],"about":[{"href":"https:\/\/xstyle.md\/ro\/wp-json\/wp\/v2\/types\/product"}],"replies":[{"embeddable":true,"href":"https:\/\/xstyle.md\/ro\/wp-json\/wp\/v2\/comments?post=15344"}],"wp:featuredmedia":[{"embeddable":true,"href":"https:\/\/xstyle.md\/ro\/wp-json\/wp\/v2\/media\/15343"}],"wp:attachment":[{"href":"https:\/\/xstyle.md\/ro\/wp-json\/wp\/v2\/media?parent=15344"}],"wp:term":[{"taxonomy":"product_brand","embeddable":true,"href":"https:\/\/xstyle.md\/ro\/wp-json\/wp\/v2\/product_brand?post=15344"},{"taxonomy":"product_cat","embeddable":true,"href":"https:\/\/xstyle.md\/ro\/wp-json\/wp\/v2\/product_cat?post=15344"},{"taxonomy":"product_tag","embeddable":true,"href":"https:\/\/xstyle.md\/ro\/wp-json\/wp\/v2\/product_tag?post=15344"}],"curies":[{"name":"wp","href":"https:\/\/api.w.org\/{rel}","templated":true}]}}