{"id":14818,"date":"2020-07-17T14:20:15","date_gmt":"2020-07-17T11:20:15","guid":{"rendered":"https:\/\/xstyle.md\/product\/gornolyzhnye-botinki-dalbello-ds-mx-90-ms"},"modified":"2026-03-19T16:36:44","modified_gmt":"2026-03-19T13:36:44","slug":"gornolyzhnye-botinki-dalbello-ds-mx-90-ms","status":"publish","type":"product","link":"https:\/\/xstyle.md\/ro\/produs\/gornolyzhnye-botinki-dalbello-ds-mx-90-ms\/","title":{"rendered":"Cl\u0103pari Dalbello DS MX 90 MS"},"content":{"rendered":"<\/p>\n<p>Cl\u0103pari <strong>Dalbello DS MX 90 MS<\/strong> &#8212; conceput pentru schiorii care apreciaz\u0103 confortul. Ghetele sunt fabricate dintr-un polimer u\u0219or care absoarbe vibra\u021biile \u0219i \u0219ocurile, facilit\u00e2nd schiatul.<\/p>\n<p>Patru cleme \u0219i o curea de putere \u021bin piciorul inferior al schiorului mai str\u00e2ns, ajut\u00e2ndu-l pe schior s\u0103 se flexeze mai puternic \u00een viraje. Acest aranjament este optim \u00een ceea ce prive\u0219te transmiterea for\u021bei atunci c\u00e2nd se schiaz\u0103 pe p\u00e2rtie.<\/p>\n<h3>Particularit\u0103\u021bi<\/h3>\n<ul>\n<li>Construc\u021bia Power Plate asigur\u0103 un transfer mai bun al sarcinii de la ghete la schiuri<\/li>\n<li>Echipat cu 4 catarame din aluminiu cu micro- \u0219i micro-reglare pentru o ajustare precis\u0103 a ghetei<\/li>\n<li>Cizmele interioare confortabile ofer\u0103 amortizare \u0219i c\u0103ldur\u0103 pe p\u00e2rtia de schi<\/li>\n<li>P\u0103r\u021bile interioare \u0219i exterioare sunt realizate din materiale durabile \u0219i pl\u0103cute la atingere, care se caracterizeaz\u0103 prin durabilitate \u0219i practicitate<\/li>\n<li>Op\u021biunea Grip Walk &#8212; o talp\u0103 profilat\u0103 \u0219i filetat\u0103 care asigur\u0103 o aderen\u021b\u0103 perfect\u0103 \u0219i confort la mers.<\/li>\n<\/ul>\n<h3>Caracteristici<\/h3>\n<ul>\n<li>Nivelul schiorului &#8212; \u00eencep\u0103tor, avansat<\/li>\n<li>Structur\u0103 &#8212; gheat\u0103 clasic\u0103 cu 4 crampoane \u0219i intrare frontal\u0103 din dou\u0103 piese<\/li>\n<li>Caracteristici de construc\u021bie &#8212; 4 clipsuri ALU Micro, curea de putere<\/li>\n<li>\u00cenc\u0103l\u021b\u0103minte interioar\u0103 &#8212; Supercomfort<\/li>\n<li>\u00cenc\u0103l\u021b\u0103minte exterioar\u0103 &#8212; DB HYPERLITE<\/li>\n<li>Fixare &#8212; aluminiu<\/li>\n<li>Talp\u0103 exterioar\u0103 &#8212; ISO 5355<\/li>\n<li>Indice de flexibilitate &#8212; 90<\/li>\n<li>Model - b\u0103rba\u021bi.<\/li>\n<\/ul>\n<h3>Tehnologie<\/h3>\n<ul>\n<li><strong>Design suprapus<\/strong> &#8212; designul clasic al cizmei exterioare, care const\u0103 din dou\u0103 p\u0103r\u021bi suprapuse care se suprapun atunci c\u00e2nd sunt fixate. Acest lucru asigur\u0103 c\u0103 gheata se fixeaz\u0103 cu precizie pe picior \u0219i maximizeaz\u0103 eficien\u021ba transmiterii for\u021bei schiorului.<\/li>\n<li><strong>Contour 4 Shell-Fit\u00a0<\/strong>&#8212; o tehnologie inovatoare \u00een produc\u021bia carcasei exterioare a unei ghete de schi, care are un design care urmeaz\u0103 contururile anatomice ale piciorului \u00een patru zone cu probleme: glezna, c\u0103lc\u00e2iul, metatarsul (osul metatarsian 5) \u0219i osul navicular. Aceste contururi maximizeaz\u0103 confortul \u0219i reduc la minimum ajustarea manual\u0103 suplimentar\u0103 a ghetelor.<\/li>\n<li><strong>DB HYPERLITE<\/strong> &#8212; este un polimer incredibil de u\u0219or, de cea mai \u00eenalt\u0103 calitate, cu performan\u021be superioare \u0219i o amortizare excelent\u0103 a vibra\u021biilor. Modelele de cizme de schi Dalbello care utilizeaz\u0103 aceast\u0103 tehnologie sunt mai stabile, absorb mai u\u0219or \u0219ocurile \u0219i vibra\u021biile \u0219i sunt mai receptive pe toate tipurile de teren \u0219i z\u0103pad\u0103.<\/li>\n<li><strong>Flex Index<\/strong> &#8212; unul dintre principalii parametri care caracterizeaz\u0103 rigiditatea \u00eenc\u0103l\u021b\u0103mintei. Cu c\u00e2t rigiditatea este mai mic\u0103, cu at\u00e2t antrenamentul este mai confortabil \u0219i mai u\u0219or.<\/li>\n<li><strong>ISO 5355<\/strong> &#8212; talpa standard a cizmelor de schi universale, este complet plat\u0103 \u0219i are o \u00een\u0103l\u021bime de 19\u00b11 mm.<\/li>\n<\/ul>\n<h3>Marca<\/h3>\n<p>Compania italian\u0103 Dalbello este cel mai renumit produc\u0103tor de ghete de schi din lume. Prin urmare, atitudinea fa\u021b\u0103 de afaceri este cea mai serioas\u0103. De c\u00e2nd Dalbello a \u00eenceput s\u0103 produc\u0103 cizme de schi \u00een 1974, ideea principal\u0103 a companiei a fost aceea de a crea cizmele de cea mai bun\u0103 calitate, cele mai performante \u0219i cele mai confortabile din lume. Astfel, numero\u0219i schiori din \u00eentreaga lume au descoperit deja c\u0103 calitatea \u0219i confortul Dalbello vorbesc de la sine. Acest lucru a f\u0103cut ca Dalbello s\u0103 fie \u00een prezent marca de ghete de schi cu cea mai rapid\u0103 cre\u0219tere din lume.<\/p>\n<p><\/p>","protected":false},"excerpt":{"rendered":"<p>Cl\u0103pari Dalbello DS MX 90 MS<\/p>","protected":false},"featured_media":14817,"comment_status":"open","ping_status":"closed","template":"","meta":{"_acf_changed":false,"inline_featured_image":false},"product_brand":[1311],"product_cat":[353],"product_tag":[],"class_list":{"0":"post-14818","1":"product","2":"type-product","3":"status-publish","4":"has-post-thumbnail","6":"product_brand-dalbello","7":"product_cat-ski-boots","9":"first","10":"instock","11":"shipping-taxable","12":"purchasable","13":"product-type-simple"},"acf":[],"yoast_head":"<!-- This site is optimized with the Yoast SEO plugin v27.4 - https:\/\/yoast.com\/product\/yoast-seo-wordpress\/ -->\n<title>\u0413\u043e\u0440\u043d\u043e\u043b\u044b\u0436\u043d\u044b\u0435 \u0431\u043e\u0442\u0438\u043d\u043a\u0438 Dalbello DS MX 90 MS - \u041c\u0430\u0433\u0430\u0437\u0438\u043d Xstyle<\/title>\n<meta name=\"description\" content=\"\u0413\u043e\u0440\u043d\u043e\u043b\u044b\u0436\u043d\u044b\u0435 \u0431\u043e\u0442\u0438\u043d\u043a\u0438 Dalbello DS MX 90 MS \u043e\u0431\u0435\u0441\u043f\u0435\u0447\u0438\u0432\u0430\u044e\u0442 \u043a\u043e\u043c\u0444\u043e\u0440\u0442 \u0438 \u043f\u043e\u0434\u0434\u0435\u0440\u0436\u043a\u0443 \u0431\u043b\u0430\u0433\u043e\u0434\u0430\u0440\u044f \u0442\u0435\u0445\u043d\u043e\u043b\u043e\u0433\u0438\u0438 Power Plate \u0438 \u043b\u0435\u0433\u043a\u043e\u043c\u0443 \u043f\u043e\u043b\u0438\u043c\u0435\u0440\u0443 \u0434\u043b\u044f \u0430\u043c\u043e\u0440\u0442\u0438\u0437\u0430\u0446\u0438\u0438.\" \/>\n<meta name=\"robots\" content=\"index, follow, max-snippet:-1, max-image-preview:large, max-video-preview:-1\" \/>\n<link rel=\"canonical\" href=\"https:\/\/xstyle.md\/ro\/produs\/gornolyzhnye-botinki-dalbello-ds-mx-90-ms\/\" \/>\n<meta property=\"og:locale\" content=\"ro_RO\" \/>\n<meta property=\"og:type\" content=\"article\" \/>\n<meta property=\"og:title\" content=\"\u0413\u043e\u0440\u043d\u043e\u043b\u044b\u0436\u043d\u044b\u0435 \u0431\u043e\u0442\u0438\u043d\u043a\u0438 Dalbello DS MX 90 MS - \u041c\u0430\u0433\u0430\u0437\u0438\u043d Xstyle\" \/>\n<meta property=\"og:description\" content=\"\u0413\u043e\u0440\u043d\u043e\u043b\u044b\u0436\u043d\u044b\u0435 \u0431\u043e\u0442\u0438\u043d\u043a\u0438 Dalbello DS MX 90 MS \u043e\u0431\u0435\u0441\u043f\u0435\u0447\u0438\u0432\u0430\u044e\u0442 \u043a\u043e\u043c\u0444\u043e\u0440\u0442 \u0438 \u043f\u043e\u0434\u0434\u0435\u0440\u0436\u043a\u0443 \u0431\u043b\u0430\u0433\u043e\u0434\u0430\u0440\u044f \u0442\u0435\u0445\u043d\u043e\u043b\u043e\u0433\u0438\u0438 Power Plate \u0438 \u043b\u0435\u0433\u043a\u043e\u043c\u0443 \u043f\u043e\u043b\u0438\u043c\u0435\u0440\u0443 \u0434\u043b\u044f \u0430\u043c\u043e\u0440\u0442\u0438\u0437\u0430\u0446\u0438\u0438.\" \/>\n<meta property=\"og:url\" content=\"https:\/\/xstyle.md\/ro\/produs\/gornolyzhnye-botinki-dalbello-ds-mx-90-ms\/\" \/>\n<meta property=\"og:site_name\" content=\"\u041c\u0430\u0433\u0430\u0437\u0438\u043d Xstyle\" \/>\n<meta property=\"article:publisher\" content=\"https:\/\/www.facebook.com\/xstylemd\" \/>\n<meta property=\"article:modified_time\" content=\"2026-03-19T13:36:44+00:00\" \/>\n<meta property=\"og:image\" content=\"https:\/\/xstyle.md\/wp-content\/uploads\/2020\/07\/dalbello_ds_mx_90_ms_black.jpg\" \/>\n\t<meta property=\"og:image:width\" content=\"693\" \/>\n\t<meta property=\"og:image:height\" content=\"800\" \/>\n\t<meta property=\"og:image:type\" content=\"image\/jpeg\" \/>\n<meta name=\"twitter:card\" content=\"summary_large_image\" \/>\n<meta name=\"twitter:label1\" content=\"Pre\u021b\" \/>\n\t<meta name=\"twitter:data1\" content=\"3.890&nbsp;MDL\" \/>\n\t<meta name=\"twitter:label2\" content=\"Disponibilitate\" \/>\n\t<meta name=\"twitter:data2\" content=\"\u00cen stoc\" \/>\n<script type=\"application\/ld+json\" class=\"yoast-schema-graph\">{\"@context\":\"https:\\\/\\\/schema.org\",\"@graph\":[{\"@type\":\"WebPage\",\"@id\":\"https:\\\/\\\/xstyle.md\\\/product\\\/gornolyzhnye-botinki-dalbello-ds-mx-90-ms\\\/\",\"url\":\"https:\\\/\\\/xstyle.md\\\/product\\\/gornolyzhnye-botinki-dalbello-ds-mx-90-ms\\\/\",\"name\":\"\u0413\u043e\u0440\u043d\u043e\u043b\u044b\u0436\u043d\u044b\u0435 \u0431\u043e\u0442\u0438\u043d\u043a\u0438 Dalbello DS MX 90 MS - \u041c\u0430\u0433\u0430\u0437\u0438\u043d Xstyle\",\"isPartOf\":{\"@id\":\"https:\\\/\\\/xstyle.md\\\/#website\"},\"primaryImageOfPage\":{\"@id\":\"https:\\\/\\\/xstyle.md\\\/product\\\/gornolyzhnye-botinki-dalbello-ds-mx-90-ms\\\/#primaryimage\"},\"image\":{\"@id\":\"https:\\\/\\\/xstyle.md\\\/product\\\/gornolyzhnye-botinki-dalbello-ds-mx-90-ms\\\/#primaryimage\"},\"thumbnailUrl\":\"https:\\\/\\\/xstyle.md\\\/wp-content\\\/uploads\\\/2020\\\/07\\\/dalbello_ds_mx_90_ms_black.jpg\",\"datePublished\":\"2020-07-17T11:20:15+00:00\",\"dateModified\":\"2026-03-19T13:36:44+00:00\",\"description\":\"\u0413\u043e\u0440\u043d\u043e\u043b\u044b\u0436\u043d\u044b\u0435 \u0431\u043e\u0442\u0438\u043d\u043a\u0438 Dalbello DS MX 90 MS \u043e\u0431\u0435\u0441\u043f\u0435\u0447\u0438\u0432\u0430\u044e\u0442 \u043a\u043e\u043c\u0444\u043e\u0440\u0442 \u0438 \u043f\u043e\u0434\u0434\u0435\u0440\u0436\u043a\u0443 \u0431\u043b\u0430\u0433\u043e\u0434\u0430\u0440\u044f \u0442\u0435\u0445\u043d\u043e\u043b\u043e\u0433\u0438\u0438 Power Plate \u0438 \u043b\u0435\u0433\u043a\u043e\u043c\u0443 \u043f\u043e\u043b\u0438\u043c\u0435\u0440\u0443 \u0434\u043b\u044f \u0430\u043c\u043e\u0440\u0442\u0438\u0437\u0430\u0446\u0438\u0438.\",\"breadcrumb\":{\"@id\":\"https:\\\/\\\/xstyle.md\\\/product\\\/gornolyzhnye-botinki-dalbello-ds-mx-90-ms\\\/#breadcrumb\"},\"inLanguage\":\"ro-RO\",\"potentialAction\":[{\"@type\":\"ReadAction\",\"target\":[\"https:\\\/\\\/xstyle.md\\\/product\\\/gornolyzhnye-botinki-dalbello-ds-mx-90-ms\\\/\"]}]},{\"@type\":\"ImageObject\",\"inLanguage\":\"ro-RO\",\"@id\":\"https:\\\/\\\/xstyle.md\\\/product\\\/gornolyzhnye-botinki-dalbello-ds-mx-90-ms\\\/#primaryimage\",\"url\":\"https:\\\/\\\/xstyle.md\\\/wp-content\\\/uploads\\\/2020\\\/07\\\/dalbello_ds_mx_90_ms_black.jpg\",\"contentUrl\":\"https:\\\/\\\/xstyle.md\\\/wp-content\\\/uploads\\\/2020\\\/07\\\/dalbello_ds_mx_90_ms_black.jpg\",\"width\":693,\"height\":800},{\"@type\":\"BreadcrumbList\",\"@id\":\"https:\\\/\\\/xstyle.md\\\/product\\\/gornolyzhnye-botinki-dalbello-ds-mx-90-ms\\\/#breadcrumb\",\"itemListElement\":[{\"@type\":\"ListItem\",\"position\":1,\"name\":\"\u0413\u043b\u0430\u0432\u043d\u0430\u044f \u0441\u0442\u0440\u0430\u043d\u0438\u0446\u0430\",\"item\":\"https:\\\/\\\/xstyle.md\\\/\"},{\"@type\":\"ListItem\",\"position\":2,\"name\":\"\u041c\u0430\u0433\u0430\u0437\u0438\u043d\",\"item\":\"https:\\\/\\\/xstyle.md\\\/shop\\\/\"},{\"@type\":\"ListItem\",\"position\":3,\"name\":\"\u0413\u043e\u0440\u043d\u043e\u043b\u044b\u0436\u043d\u044b\u0435 \u0431\u043e\u0442\u0438\u043d\u043a\u0438 Dalbello DS MX 90 MS\"}]},{\"@type\":\"WebSite\",\"@id\":\"https:\\\/\\\/xstyle.md\\\/#website\",\"url\":\"https:\\\/\\\/xstyle.md\\\/\",\"name\":\"\u041c\u0430\u0433\u0430\u0437\u0438\u043d Xstyle\",\"description\":\"C\u043d\u0430\u0440\u044f\u0436\u0435\u043d\u0438\u0435 \u0434\u043b\u044f \u0442\u0443\u0440\u0438\u0437\u043c\u0430 \u0438 \u044d\u043a\u0441\u0442\u0440\u0435\u043c\u0430\u043b\u044c\u043d\u044b\u0445 \u0432\u0438\u0434\u043e\u0432 \u0441\u043f\u043e\u0440\u0442\u0430 \u0432 \u041c\u043e\u043b\u0434\u043e\u0432\u0435.. \u0426\u0435\u043d\u044b, \u0444\u043e\u0442\u043e, \u0445\u0430\u0440\u0430\u043a\u0442\u0435\u0440\u0438\u0441\u0442\u0438\u043a\u0438 \u0432 \u041c\u043e\u043b\u0434\u043e\u0432\u0435.\",\"publisher\":{\"@id\":\"https:\\\/\\\/xstyle.md\\\/#organization\"},\"alternateName\":\"X-Style\",\"potentialAction\":[{\"@type\":\"SearchAction\",\"target\":{\"@type\":\"EntryPoint\",\"urlTemplate\":\"https:\\\/\\\/xstyle.md\\\/?s={search_term_string}\"},\"query-input\":{\"@type\":\"PropertyValueSpecification\",\"valueRequired\":true,\"valueName\":\"search_term_string\"}}],\"inLanguage\":\"ro-RO\"},{\"@type\":\"Organization\",\"@id\":\"https:\\\/\\\/xstyle.md\\\/#organization\",\"name\":\"\u041c\u0430\u0433\u0430\u0437\u0438\u043d Xstyle\",\"alternateName\":\"x-style\",\"url\":\"https:\\\/\\\/xstyle.md\\\/\",\"logo\":{\"@type\":\"ImageObject\",\"inLanguage\":\"ro-RO\",\"@id\":\"https:\\\/\\\/xstyle.md\\\/#\\\/schema\\\/logo\\\/image\\\/\",\"url\":\"https:\\\/\\\/xstyle.md\\\/wp-content\\\/uploads\\\/2020\\\/06\\\/logoicon.svg\",\"contentUrl\":\"https:\\\/\\\/xstyle.md\\\/wp-content\\\/uploads\\\/2020\\\/06\\\/logoicon.svg\",\"caption\":\"\u041c\u0430\u0433\u0430\u0437\u0438\u043d Xstyle\"},\"image\":{\"@id\":\"https:\\\/\\\/xstyle.md\\\/#\\\/schema\\\/logo\\\/image\\\/\"},\"sameAs\":[\"https:\\\/\\\/www.facebook.com\\\/xstylemd\",\"https:\\\/\\\/www.instagram.com\\\/xstyle_md\\\/\",\"https:\\\/\\\/t.me\\\/xstyle_outdoor\"],\"hasMerchantReturnPolicy\":{\"@type\":\"MerchantReturnPolicy\",\"merchantReturnLink\":\"https:\\\/\\\/xstyle.md\\\/ro\\\/conditions\\\/\"}}]}<\/script>\n<meta property=\"product:price:amount\" content=\"3890.00\" \/>\n<meta property=\"product:price:currency\" content=\"MDL\" \/>\n<meta property=\"og:availability\" content=\"instock\" \/>\n<meta property=\"product:availability\" content=\"instock\" \/>\n<meta property=\"product:retailer_item_id\" content=\"8050440118775\" \/>\n<meta property=\"product:condition\" content=\"new\" \/>\n<!-- \/ Yoast SEO plugin. -->","yoast_head_json":{"title":"Cl\u0103pari Dalbello DS MX 90 MS - Magazin Xstyle","description":"Bocancii de schi Dalbello DS MX 90 MS ofer\u0103 confort \u0219i suport datorit\u0103 tehnologiei Power Plate \u0219i a polimerului u\u0219or pentru amortizare.","robots":{"index":"index","follow":"follow","max-snippet":"max-snippet:-1","max-image-preview":"max-image-preview:large","max-video-preview":"max-video-preview:-1"},"canonical":"https:\/\/xstyle.md\/ro\/produs\/gornolyzhnye-botinki-dalbello-ds-mx-90-ms\/","og_locale":"ro_RO","og_type":"article","og_title":"\u0413\u043e\u0440\u043d\u043e\u043b\u044b\u0436\u043d\u044b\u0435 \u0431\u043e\u0442\u0438\u043d\u043a\u0438 Dalbello DS MX 90 MS - \u041c\u0430\u0433\u0430\u0437\u0438\u043d Xstyle","og_description":"\u0413\u043e\u0440\u043d\u043e\u043b\u044b\u0436\u043d\u044b\u0435 \u0431\u043e\u0442\u0438\u043d\u043a\u0438 Dalbello DS MX 90 MS \u043e\u0431\u0435\u0441\u043f\u0435\u0447\u0438\u0432\u0430\u044e\u0442 \u043a\u043e\u043c\u0444\u043e\u0440\u0442 \u0438 \u043f\u043e\u0434\u0434\u0435\u0440\u0436\u043a\u0443 \u0431\u043b\u0430\u0433\u043e\u0434\u0430\u0440\u044f \u0442\u0435\u0445\u043d\u043e\u043b\u043e\u0433\u0438\u0438 Power Plate \u0438 \u043b\u0435\u0433\u043a\u043e\u043c\u0443 \u043f\u043e\u043b\u0438\u043c\u0435\u0440\u0443 \u0434\u043b\u044f \u0430\u043c\u043e\u0440\u0442\u0438\u0437\u0430\u0446\u0438\u0438.","og_url":"https:\/\/xstyle.md\/ro\/produs\/gornolyzhnye-botinki-dalbello-ds-mx-90-ms\/","og_site_name":"\u041c\u0430\u0433\u0430\u0437\u0438\u043d Xstyle","article_publisher":"https:\/\/www.facebook.com\/xstylemd","article_modified_time":"2026-03-19T13:36:44+00:00","og_image":[{"width":693,"height":800,"url":"https:\/\/xstyle.md\/wp-content\/uploads\/2020\/07\/dalbello_ds_mx_90_ms_black.jpg","type":"image\/jpeg"}],"twitter_card":"summary_large_image","twitter_misc":{"Pre\u021b":"3.890&nbsp;MDL","Disponibilitate":"\u00cen stoc"},"schema":{"@context":"https:\/\/schema.org","@graph":[{"@type":"WebPage","@id":"https:\/\/xstyle.md\/product\/gornolyzhnye-botinki-dalbello-ds-mx-90-ms\/","url":"https:\/\/xstyle.md\/product\/gornolyzhnye-botinki-dalbello-ds-mx-90-ms\/","name":"Cl\u0103pari Dalbello DS MX 90 MS - Magazin Xstyle","isPartOf":{"@id":"https:\/\/xstyle.md\/#website"},"primaryImageOfPage":{"@id":"https:\/\/xstyle.md\/product\/gornolyzhnye-botinki-dalbello-ds-mx-90-ms\/#primaryimage"},"image":{"@id":"https:\/\/xstyle.md\/product\/gornolyzhnye-botinki-dalbello-ds-mx-90-ms\/#primaryimage"},"thumbnailUrl":"https:\/\/xstyle.md\/wp-content\/uploads\/2020\/07\/dalbello_ds_mx_90_ms_black.jpg","datePublished":"2020-07-17T11:20:15+00:00","dateModified":"2026-03-19T13:36:44+00:00","description":"Bocancii de schi Dalbello DS MX 90 MS ofer\u0103 confort \u0219i suport datorit\u0103 tehnologiei Power Plate \u0219i a polimerului u\u0219or pentru amortizare.","breadcrumb":{"@id":"https:\/\/xstyle.md\/product\/gornolyzhnye-botinki-dalbello-ds-mx-90-ms\/#breadcrumb"},"inLanguage":"ro-RO","potentialAction":[{"@type":"ReadAction","target":["https:\/\/xstyle.md\/product\/gornolyzhnye-botinki-dalbello-ds-mx-90-ms\/"]}]},{"@type":"ImageObject","inLanguage":"ro-RO","@id":"https:\/\/xstyle.md\/product\/gornolyzhnye-botinki-dalbello-ds-mx-90-ms\/#primaryimage","url":"https:\/\/xstyle.md\/wp-content\/uploads\/2020\/07\/dalbello_ds_mx_90_ms_black.jpg","contentUrl":"https:\/\/xstyle.md\/wp-content\/uploads\/2020\/07\/dalbello_ds_mx_90_ms_black.jpg","width":693,"height":800},{"@type":"BreadcrumbList","@id":"https:\/\/xstyle.md\/product\/gornolyzhnye-botinki-dalbello-ds-mx-90-ms\/#breadcrumb","itemListElement":[{"@type":"ListItem","position":1,"name":"\u0413\u043b\u0430\u0432\u043d\u0430\u044f \u0441\u0442\u0440\u0430\u043d\u0438\u0446\u0430","item":"https:\/\/xstyle.md\/"},{"@type":"ListItem","position":2,"name":"\u041c\u0430\u0433\u0430\u0437\u0438\u043d","item":"https:\/\/xstyle.md\/shop\/"},{"@type":"ListItem","position":3,"name":"\u0413\u043e\u0440\u043d\u043e\u043b\u044b\u0436\u043d\u044b\u0435 \u0431\u043e\u0442\u0438\u043d\u043a\u0438 Dalbello DS MX 90 MS"}]},{"@type":"WebSite","@id":"https:\/\/xstyle.md\/#website","url":"https:\/\/xstyle.md\/","name":"Magazinul X-Style","description":"Echipamente pentru turism \u0219i sporturi extreme \u00een Moldova. Pre\u021buri, fotografii, caracteristici \u00een Moldova.","publisher":{"@id":"https:\/\/xstyle.md\/#organization"},"alternateName":"X-Style","potentialAction":[{"@type":"SearchAction","target":{"@type":"EntryPoint","urlTemplate":"https:\/\/xstyle.md\/?s={search_term_string}"},"query-input":{"@type":"PropertyValueSpecification","valueRequired":true,"valueName":"search_term_string"}}],"inLanguage":"ro-RO"},{"@type":"Organization","@id":"https:\/\/xstyle.md\/#organization","name":"Magazinul X-Style","alternateName":"x-style","url":"https:\/\/xstyle.md\/","logo":{"@type":"ImageObject","inLanguage":"ro-RO","@id":"https:\/\/xstyle.md\/#\/schema\/logo\/image\/","url":"https:\/\/xstyle.md\/wp-content\/uploads\/2020\/06\/logoicon.svg","contentUrl":"https:\/\/xstyle.md\/wp-content\/uploads\/2020\/06\/logoicon.svg","caption":"\u041c\u0430\u0433\u0430\u0437\u0438\u043d Xstyle"},"image":{"@id":"https:\/\/xstyle.md\/#\/schema\/logo\/image\/"},"sameAs":["https:\/\/www.facebook.com\/xstylemd","https:\/\/www.instagram.com\/xstyle_md\/","https:\/\/t.me\/xstyle_outdoor"],"hasMerchantReturnPolicy":{"@type":"MerchantReturnPolicy","merchantReturnLink":"https:\/\/xstyle.md\/ro\/conditions\/"}}]},"product_price_amount":"3890.00","product_price_currency":"MDL","og_availability":"instock","product_availability":"instock","product_retailer_item_id":"8050440118775","product_condition":"new"},"_links":{"self":[{"href":"https:\/\/xstyle.md\/ro\/wp-json\/wp\/v2\/product\/14818","targetHints":{"allow":["GET"]}}],"collection":[{"href":"https:\/\/xstyle.md\/ro\/wp-json\/wp\/v2\/product"}],"about":[{"href":"https:\/\/xstyle.md\/ro\/wp-json\/wp\/v2\/types\/product"}],"replies":[{"embeddable":true,"href":"https:\/\/xstyle.md\/ro\/wp-json\/wp\/v2\/comments?post=14818"}],"wp:featuredmedia":[{"embeddable":true,"href":"https:\/\/xstyle.md\/ro\/wp-json\/wp\/v2\/media\/14817"}],"wp:attachment":[{"href":"https:\/\/xstyle.md\/ro\/wp-json\/wp\/v2\/media?parent=14818"}],"wp:term":[{"taxonomy":"product_brand","embeddable":true,"href":"https:\/\/xstyle.md\/ro\/wp-json\/wp\/v2\/product_brand?post=14818"},{"taxonomy":"product_cat","embeddable":true,"href":"https:\/\/xstyle.md\/ro\/wp-json\/wp\/v2\/product_cat?post=14818"},{"taxonomy":"product_tag","embeddable":true,"href":"https:\/\/xstyle.md\/ro\/wp-json\/wp\/v2\/product_tag?post=14818"}],"curies":[{"name":"wp","href":"https:\/\/api.w.org\/{rel}","templated":true}]}}