{"id":14812,"date":"2020-07-17T14:19:57","date_gmt":"2020-07-17T11:19:57","guid":{"rendered":"https:\/\/xstyle.md\/product\/gornolyzhnye-botinki-dalbello-ds-ax-120-ms"},"modified":"2026-03-19T16:36:41","modified_gmt":"2026-03-19T13:36:41","slug":"gornolyzhnye-botinki-dalbello-ds-ax-120-ms","status":"publish","type":"product","link":"https:\/\/xstyle.md\/ro\/produs\/gornolyzhnye-botinki-dalbello-ds-ax-120-ms\/","title":{"rendered":"Cl\u0103pari Dalbello DS AX 120 MS"},"content":{"rendered":"<\/p>\n<p>Cl\u0103pari <strong>Dalbello DS AX 120 MS<\/strong> &#8212; pentru schiorii ambi\u021bio\u0219i care apreciaz\u0103 confortul. \u00cenveli\u0219ul interior \u0219i exterior confortabil al bocancii este modelabil termic cu tehnologia unic\u0103 My Fit. Construc\u021bia unic\u0103 a cadrului exterior de ranforsare POWERCAGE din material rigid \u0219i gheata \u00een sine din material mai moale creeaz\u0103 o combina\u021bie \u00eentre o gheat\u0103 puternic\u0103 \u0219i precis\u0103, dar confortabil\u0103.<\/p>\n<p>Patru cleme \u0219i o curea de putere \u021bin piciorul inferior al schiorului mai str\u00e2ns, ceea ce \u00eel ajut\u0103 pe schior s\u0103 se flexeze mai puternic \u00een viraje. Acest aranjament este optim \u00een ceea ce prive\u0219te transmiterea for\u021bei atunci c\u00e2nd se schiaz\u0103 pe p\u00e2rtie.<\/p>\n<p>Suprapunerile speciale ale benzii de rulare GRIP WALK v\u0103 permit s\u0103 cobor\u00e2\u021bi confortabil \u00een aceste ghete de schi confortabile.<\/p>\n<h3>Particularit\u0103\u021bi<\/h3>\n<ul>\n<li>Tehnologia revolu\u021bionar\u0103 Powercage asigur\u0103 un transfer precis al \u00eenc\u0103rc\u0103turii, o greutate redus\u0103 a produsului \u0219i o mai bun\u0103 stabilitate a cizmei<\/li>\n<li>Designul de prindere 3D protejeaz\u0103 \u00eempotriva deterior\u0103rilor mecanice \u0219i \u00eembun\u0103t\u0103\u021be\u0219te trac\u021biunea<\/li>\n<li>Sistem personalizabil My Fit pentru o potrivire perfect\u0103<\/li>\n<li>\u00cenveli\u0219 cu form\u0103 anatomic\u0103 \u0219i c\u0103ptu\u0219eal\u0103 Instant Fit pentru confort \u0219i c\u0103ldur\u0103 perfect\u0103<\/li>\n<li>Greutatea redus\u0103 a produsului ofer\u0103 \u0219i mai mult confort<\/li>\n<li>Forma anatomic\u0103 Contour 4 creeaz\u0103 un confort maxim \u00een timpul mersului \u0219i al c\u0103l\u0103riei<\/li>\n<li>Op\u021biunea Grip Walk &#8212; o talp\u0103 exterioar\u0103 profilat\u0103 \u0219i filetat\u0103 care asigur\u0103 o aderen\u021b\u0103 perfect\u0103 \u0219i confort la mers.<\/li>\n<\/ul>\n<h3>Caracteristici<\/h3>\n<ul>\n<li>Nivelul schiorului &#8212; avansat<\/li>\n<li>Structur\u0103 &#8212; cizm\u0103 clasic\u0103 cu 4 crampoane cu intrare frontal\u0103<\/li>\n<li>Caracteristici de construc\u021bie &#8212; 4 clipuri ALU Micro, power strap<\/li>\n<li>\u00cenc\u0103l\u021b\u0103minte interioar\u0103 &#8212; Instant Fit (I.F.) Performer Plus<\/li>\n<li>\u00cenc\u0103l\u021b\u0103minte exterioar\u0103 &#8212; PU\/DB HYPERLITE<\/li>\n<li>Fixare &#8212; aluminiu<\/li>\n<li>Talp\u0103 exterioar\u0103 &#8212; ISO 5355<\/li>\n<li>Indice de flexibilitate &#8212; 120<\/li>\n<li>Model - b\u0103rba\u021bi.<\/li>\n<\/ul>\n<h3>Tehnologie<\/h3>\n<ul>\n<li><strong>Design suprapus<\/strong> &#8212; designul clasic al cizmei exterioare, care const\u0103 din dou\u0103 p\u0103r\u021bi suprapuse care se suprapun atunci c\u00e2nd sunt fixate. Acest lucru asigur\u0103 c\u0103 gheata se fixeaz\u0103 cu precizie pe picior \u0219i maximizeaz\u0103 eficien\u021ba transmiterii for\u021bei schiorului.<\/li>\n<li><strong>Instant Fit (I.F.) Performer<\/strong> &#8212; utilizeaz\u0103 materiale de \u00eenalt\u0103 densitate \u00een limb\u0103 care sunt perfect termoformabile.<\/li>\n<li><strong>Contour 4 Shell-Fit\u00a0<\/strong>&#8212; o tehnologie inovatoare \u00een produc\u021bia carcasei exterioare a unei ghete de schi, care are un design care urmeaz\u0103 contururile anatomice ale piciorului \u00een patru zone cu probleme: glezna, c\u0103lc\u00e2iul, metatarsul (osul metatarsian 5) \u0219i osul navicular. Aceste contururi maximizeaz\u0103 confortul \u0219i reduc la minimum ajustarea manual\u0103 suplimentar\u0103 a ghetelor.<\/li>\n<li><strong>Flex Index<\/strong> &#8212; unul dintre principalii parametri care caracterizeaz\u0103 rigiditatea \u00eenc\u0103l\u021b\u0103mintei. Cu c\u00e2t rigiditatea este mai mic\u0103, cu at\u00e2t antrenamentul este mai confortabil \u0219i mai u\u0219or.<\/li>\n<li><strong>ISO 5355<\/strong> &#8212; talpa standard a cizmelor de schi universale, este complet plat\u0103 \u0219i are o \u00een\u0103l\u021bime de 19\u00b11 mm.<\/li>\n<\/ul>\n<h3>Marca<\/h3>\n<p>Compania italian\u0103 Dalbello este cel mai renumit produc\u0103tor de ghete de schi din lume. Prin urmare, atitudinea fa\u021b\u0103 de afaceri este cea mai serioas\u0103. De c\u00e2nd Dalbello a \u00eenceput s\u0103 produc\u0103 cizme de schi \u00een 1974, ideea principal\u0103 a companiei a fost aceea de a crea cizmele de cea mai bun\u0103 calitate, cele mai performante \u0219i cele mai confortabile din lume. Astfel, numero\u0219i schiori din \u00eentreaga lume au descoperit deja c\u0103 calitatea \u0219i confortul Dalbello vorbesc de la sine. Acest lucru a f\u0103cut ca Dalbello s\u0103 fie \u00een prezent marca de ghete de schi cu cea mai rapid\u0103 cre\u0219tere din lume.<\/p>\n<p><\/p>","protected":false},"excerpt":{"rendered":"<p>Cl\u0103pari Dalbello DS AX 120 MS<\/p>","protected":false},"featured_media":14811,"comment_status":"open","ping_status":"closed","template":"","meta":{"_acf_changed":false,"inline_featured_image":false},"product_brand":[1311],"product_cat":[353],"product_tag":[],"class_list":{"0":"post-14812","1":"product","2":"type-product","3":"status-publish","4":"has-post-thumbnail","6":"product_brand-dalbello","7":"product_cat-ski-boots","9":"first","10":"instock","11":"shipping-taxable","12":"purchasable","13":"product-type-simple"},"acf":[],"yoast_head":"<!-- This site is optimized with the Yoast SEO plugin v27.2 - https:\/\/yoast.com\/product\/yoast-seo-wordpress\/ -->\n<title>\u0413\u043e\u0440\u043d\u043e\u043b\u044b\u0436\u043d\u044b\u0435 \u0431\u043e\u0442\u0438\u043d\u043a\u0438 Dalbello DS AX 120 MS - \u041c\u0430\u0433\u0430\u0437\u0438\u043d Xstyle<\/title>\n<meta name=\"description\" content=\"\u041e\u0442\u043a\u0440\u043e\u0439\u0442\u0435 \u0434\u043b\u044f \u0441\u0435\u0431\u044f \u0433\u043e\u0440\u043d\u043e\u043b\u044b\u0436\u043d\u044b\u0435 \u0431\u043e\u0442\u0438\u043d\u043a\u0438 Dalbello DS AX 120 MS \u0441 \u0444\u043b\u0435\u043a\u0441\u043e\u043c 120. \u041a\u043e\u043c\u0444\u043e\u0440\u0442, \u0442\u0435\u0445\u043d\u043e\u043b\u043e\u0433\u0438\u044f My Fit \u0438 \u043d\u0430\u0434\u0435\u0436\u043d\u0430\u044f \u0441\u0446\u0435\u043f\u043a\u0430 Grip Walk \u0434\u043b\u044f \u043b\u0443\u0447\u0448\u0438\u0445 \u0441\u043f\u0443\u0441\u043a\u043e\u0432!\" \/>\n<meta name=\"robots\" content=\"index, follow, max-snippet:-1, max-image-preview:large, max-video-preview:-1\" \/>\n<link rel=\"canonical\" href=\"https:\/\/xstyle.md\/ro\/produs\/gornolyzhnye-botinki-dalbello-ds-ax-120-ms\/\" \/>\n<meta property=\"og:locale\" content=\"ro_RO\" \/>\n<meta property=\"og:type\" content=\"article\" \/>\n<meta property=\"og:title\" content=\"\u0413\u043e\u0440\u043d\u043e\u043b\u044b\u0436\u043d\u044b\u0435 \u0431\u043e\u0442\u0438\u043d\u043a\u0438 Dalbello DS AX 120 MS - \u041c\u0430\u0433\u0430\u0437\u0438\u043d Xstyle\" \/>\n<meta property=\"og:description\" content=\"\u041e\u0442\u043a\u0440\u043e\u0439\u0442\u0435 \u0434\u043b\u044f \u0441\u0435\u0431\u044f \u0433\u043e\u0440\u043d\u043e\u043b\u044b\u0436\u043d\u044b\u0435 \u0431\u043e\u0442\u0438\u043d\u043a\u0438 Dalbello DS AX 120 MS \u0441 \u0444\u043b\u0435\u043a\u0441\u043e\u043c 120. \u041a\u043e\u043c\u0444\u043e\u0440\u0442, \u0442\u0435\u0445\u043d\u043e\u043b\u043e\u0433\u0438\u044f My Fit \u0438 \u043d\u0430\u0434\u0435\u0436\u043d\u0430\u044f \u0441\u0446\u0435\u043f\u043a\u0430 Grip Walk \u0434\u043b\u044f \u043b\u0443\u0447\u0448\u0438\u0445 \u0441\u043f\u0443\u0441\u043a\u043e\u0432!\" \/>\n<meta property=\"og:url\" content=\"https:\/\/xstyle.md\/ro\/produs\/gornolyzhnye-botinki-dalbello-ds-ax-120-ms\/\" \/>\n<meta property=\"og:site_name\" content=\"\u041c\u0430\u0433\u0430\u0437\u0438\u043d Xstyle\" \/>\n<meta property=\"article:publisher\" content=\"https:\/\/www.facebook.com\/xstylemd\" \/>\n<meta property=\"article:modified_time\" content=\"2026-03-19T13:36:41+00:00\" \/>\n<meta property=\"og:image\" content=\"https:\/\/xstyle.md\/wp-content\/uploads\/2020\/07\/045_d1804001_00_01.jpg\" \/>\n\t<meta property=\"og:image:width\" content=\"701\" \/>\n\t<meta property=\"og:image:height\" content=\"900\" \/>\n\t<meta property=\"og:image:type\" content=\"image\/jpeg\" \/>\n<meta name=\"twitter:card\" content=\"summary_large_image\" \/>\n<meta name=\"twitter:label1\" content=\"Pre\u021b\" \/>\n\t<meta name=\"twitter:data1\" content=\"5.890&nbsp;MDL\" \/>\n\t<meta name=\"twitter:label2\" content=\"Disponibilitate\" \/>\n\t<meta name=\"twitter:data2\" content=\"\u00cen stoc\" \/>\n<script type=\"application\/ld+json\" class=\"yoast-schema-graph\">{\"@context\":\"https:\/\/schema.org\",\"@graph\":[{\"@type\":\"WebPage\",\"@id\":\"https:\/\/xstyle.md\/product\/gornolyzhnye-botinki-dalbello-ds-ax-120-ms\/\",\"url\":\"https:\/\/xstyle.md\/product\/gornolyzhnye-botinki-dalbello-ds-ax-120-ms\/\",\"name\":\"\u0413\u043e\u0440\u043d\u043e\u043b\u044b\u0436\u043d\u044b\u0435 \u0431\u043e\u0442\u0438\u043d\u043a\u0438 Dalbello DS AX 120 MS - \u041c\u0430\u0433\u0430\u0437\u0438\u043d Xstyle\",\"isPartOf\":{\"@id\":\"https:\/\/xstyle.md\/#website\"},\"primaryImageOfPage\":{\"@id\":\"https:\/\/xstyle.md\/product\/gornolyzhnye-botinki-dalbello-ds-ax-120-ms\/#primaryimage\"},\"image\":{\"@id\":\"https:\/\/xstyle.md\/product\/gornolyzhnye-botinki-dalbello-ds-ax-120-ms\/#primaryimage\"},\"thumbnailUrl\":\"https:\/\/xstyle.md\/wp-content\/uploads\/2020\/07\/045_d1804001_00_01.jpg\",\"datePublished\":\"2020-07-17T11:19:57+00:00\",\"dateModified\":\"2026-03-19T13:36:41+00:00\",\"description\":\"\u041e\u0442\u043a\u0440\u043e\u0439\u0442\u0435 \u0434\u043b\u044f \u0441\u0435\u0431\u044f \u0433\u043e\u0440\u043d\u043e\u043b\u044b\u0436\u043d\u044b\u0435 \u0431\u043e\u0442\u0438\u043d\u043a\u0438 Dalbello DS AX 120 MS \u0441 \u0444\u043b\u0435\u043a\u0441\u043e\u043c 120. \u041a\u043e\u043c\u0444\u043e\u0440\u0442, \u0442\u0435\u0445\u043d\u043e\u043b\u043e\u0433\u0438\u044f My Fit \u0438 \u043d\u0430\u0434\u0435\u0436\u043d\u0430\u044f \u0441\u0446\u0435\u043f\u043a\u0430 Grip Walk \u0434\u043b\u044f \u043b\u0443\u0447\u0448\u0438\u0445 \u0441\u043f\u0443\u0441\u043a\u043e\u0432!\",\"breadcrumb\":{\"@id\":\"https:\/\/xstyle.md\/product\/gornolyzhnye-botinki-dalbello-ds-ax-120-ms\/#breadcrumb\"},\"inLanguage\":\"ro-RO\",\"potentialAction\":[{\"@type\":\"ReadAction\",\"target\":[\"https:\/\/xstyle.md\/product\/gornolyzhnye-botinki-dalbello-ds-ax-120-ms\/\"]}]},{\"@type\":\"ImageObject\",\"inLanguage\":\"ro-RO\",\"@id\":\"https:\/\/xstyle.md\/product\/gornolyzhnye-botinki-dalbello-ds-ax-120-ms\/#primaryimage\",\"url\":\"https:\/\/xstyle.md\/wp-content\/uploads\/2020\/07\/045_d1804001_00_01.jpg\",\"contentUrl\":\"https:\/\/xstyle.md\/wp-content\/uploads\/2020\/07\/045_d1804001_00_01.jpg\",\"width\":701,\"height\":900},{\"@type\":\"BreadcrumbList\",\"@id\":\"https:\/\/xstyle.md\/product\/gornolyzhnye-botinki-dalbello-ds-ax-120-ms\/#breadcrumb\",\"itemListElement\":[{\"@type\":\"ListItem\",\"position\":1,\"name\":\"\u0413\u043b\u0430\u0432\u043d\u0430\u044f \u0441\u0442\u0440\u0430\u043d\u0438\u0446\u0430\",\"item\":\"https:\/\/xstyle.md\/\"},{\"@type\":\"ListItem\",\"position\":2,\"name\":\"\u041c\u0430\u0433\u0430\u0437\u0438\u043d\",\"item\":\"https:\/\/xstyle.md\/shop\/\"},{\"@type\":\"ListItem\",\"position\":3,\"name\":\"\u0413\u043e\u0440\u043d\u043e\u043b\u044b\u0436\u043d\u044b\u0435 \u0431\u043e\u0442\u0438\u043d\u043a\u0438 Dalbello DS AX 120 MS\"}]},{\"@type\":\"WebSite\",\"@id\":\"https:\/\/xstyle.md\/#website\",\"url\":\"https:\/\/xstyle.md\/\",\"name\":\"\u041c\u0430\u0433\u0430\u0437\u0438\u043d Xstyle\",\"description\":\"C\u043d\u0430\u0440\u044f\u0436\u0435\u043d\u0438\u0435 \u0434\u043b\u044f \u0442\u0443\u0440\u0438\u0437\u043c\u0430 \u0438 \u044d\u043a\u0441\u0442\u0440\u0435\u043c\u0430\u043b\u044c\u043d\u044b\u0445 \u0432\u0438\u0434\u043e\u0432 \u0441\u043f\u043e\u0440\u0442\u0430 \u0432 \u041c\u043e\u043b\u0434\u043e\u0432\u0435.. \u0426\u0435\u043d\u044b, \u0444\u043e\u0442\u043e, \u0445\u0430\u0440\u0430\u043a\u0442\u0435\u0440\u0438\u0441\u0442\u0438\u043a\u0438 \u0432 \u041c\u043e\u043b\u0434\u043e\u0432\u0435.\",\"publisher\":{\"@id\":\"https:\/\/xstyle.md\/#organization\"},\"alternateName\":\"X-Style\",\"potentialAction\":[{\"@type\":\"SearchAction\",\"target\":{\"@type\":\"EntryPoint\",\"urlTemplate\":\"https:\/\/xstyle.md\/?s={search_term_string}\"},\"query-input\":{\"@type\":\"PropertyValueSpecification\",\"valueRequired\":true,\"valueName\":\"search_term_string\"}}],\"inLanguage\":\"ro-RO\"},{\"@type\":\"Organization\",\"@id\":\"https:\/\/xstyle.md\/#organization\",\"name\":\"\u041c\u0430\u0433\u0430\u0437\u0438\u043d Xstyle\",\"alternateName\":\"x-style\",\"url\":\"https:\/\/xstyle.md\/\",\"logo\":{\"@type\":\"ImageObject\",\"inLanguage\":\"ro-RO\",\"@id\":\"https:\/\/xstyle.md\/#\/schema\/logo\/image\/\",\"url\":\"https:\/\/xstyle.md\/wp-content\/uploads\/2020\/06\/logoicon.svg\",\"contentUrl\":\"https:\/\/xstyle.md\/wp-content\/uploads\/2020\/06\/logoicon.svg\",\"caption\":\"\u041c\u0430\u0433\u0430\u0437\u0438\u043d Xstyle\"},\"image\":{\"@id\":\"https:\/\/xstyle.md\/#\/schema\/logo\/image\/\"},\"sameAs\":[\"https:\/\/www.facebook.com\/xstylemd\",\"https:\/\/www.instagram.com\/xstyle_md\/\",\"https:\/\/t.me\/xstyle_outdoor\"],\"hasMerchantReturnPolicy\":{\"@type\":\"MerchantReturnPolicy\",\"merchantReturnLink\":\"https:\/\/xstyle.md\/ro\/conditions\/\"}}]}<\/script>\n<meta property=\"product:price:amount\" content=\"5890.00\" \/>\n<meta property=\"product:price:currency\" content=\"MDL\" \/>\n<meta property=\"og:availability\" content=\"instock\" \/>\n<meta property=\"product:availability\" content=\"instock\" \/>\n<meta property=\"product:retailer_item_id\" content=\"8050440117419\" \/>\n<meta property=\"product:condition\" content=\"new\" \/>\n<!-- \/ Yoast SEO plugin. -->","yoast_head_json":{"title":"Cl\u0103pari Dalbello DS AX 120 MS - Magazin Xstyle","description":"Descoperi\u021bi bocancii de schi Dalbello DS AX 120 MS cu flex de 120. Confort, tehnologia My Fit \u0219i aderen\u021b\u0103 fiabil\u0103 Grip Walk pentru cele mai bune cobor\u00e2ri!","robots":{"index":"index","follow":"follow","max-snippet":"max-snippet:-1","max-image-preview":"max-image-preview:large","max-video-preview":"max-video-preview:-1"},"canonical":"https:\/\/xstyle.md\/ro\/produs\/gornolyzhnye-botinki-dalbello-ds-ax-120-ms\/","og_locale":"ro_RO","og_type":"article","og_title":"\u0413\u043e\u0440\u043d\u043e\u043b\u044b\u0436\u043d\u044b\u0435 \u0431\u043e\u0442\u0438\u043d\u043a\u0438 Dalbello DS AX 120 MS - \u041c\u0430\u0433\u0430\u0437\u0438\u043d Xstyle","og_description":"\u041e\u0442\u043a\u0440\u043e\u0439\u0442\u0435 \u0434\u043b\u044f \u0441\u0435\u0431\u044f \u0433\u043e\u0440\u043d\u043e\u043b\u044b\u0436\u043d\u044b\u0435 \u0431\u043e\u0442\u0438\u043d\u043a\u0438 Dalbello DS AX 120 MS \u0441 \u0444\u043b\u0435\u043a\u0441\u043e\u043c 120. \u041a\u043e\u043c\u0444\u043e\u0440\u0442, \u0442\u0435\u0445\u043d\u043e\u043b\u043e\u0433\u0438\u044f My Fit \u0438 \u043d\u0430\u0434\u0435\u0436\u043d\u0430\u044f \u0441\u0446\u0435\u043f\u043a\u0430 Grip Walk \u0434\u043b\u044f \u043b\u0443\u0447\u0448\u0438\u0445 \u0441\u043f\u0443\u0441\u043a\u043e\u0432!","og_url":"https:\/\/xstyle.md\/ro\/produs\/gornolyzhnye-botinki-dalbello-ds-ax-120-ms\/","og_site_name":"\u041c\u0430\u0433\u0430\u0437\u0438\u043d Xstyle","article_publisher":"https:\/\/www.facebook.com\/xstylemd","article_modified_time":"2026-03-19T13:36:41+00:00","og_image":[{"width":701,"height":900,"url":"https:\/\/xstyle.md\/wp-content\/uploads\/2020\/07\/045_d1804001_00_01.jpg","type":"image\/jpeg"}],"twitter_card":"summary_large_image","twitter_misc":{"Pre\u021b":"5.890&nbsp;MDL","Disponibilitate":"\u00cen stoc"},"schema":{"@context":"https:\/\/schema.org","@graph":[{"@type":"WebPage","@id":"https:\/\/xstyle.md\/product\/gornolyzhnye-botinki-dalbello-ds-ax-120-ms\/","url":"https:\/\/xstyle.md\/product\/gornolyzhnye-botinki-dalbello-ds-ax-120-ms\/","name":"Cl\u0103pari Dalbello DS AX 120 MS - Magazin Xstyle","isPartOf":{"@id":"https:\/\/xstyle.md\/#website"},"primaryImageOfPage":{"@id":"https:\/\/xstyle.md\/product\/gornolyzhnye-botinki-dalbello-ds-ax-120-ms\/#primaryimage"},"image":{"@id":"https:\/\/xstyle.md\/product\/gornolyzhnye-botinki-dalbello-ds-ax-120-ms\/#primaryimage"},"thumbnailUrl":"https:\/\/xstyle.md\/wp-content\/uploads\/2020\/07\/045_d1804001_00_01.jpg","datePublished":"2020-07-17T11:19:57+00:00","dateModified":"2026-03-19T13:36:41+00:00","description":"Descoperi\u021bi bocancii de schi Dalbello DS AX 120 MS cu flex de 120. Confort, tehnologia My Fit \u0219i aderen\u021b\u0103 fiabil\u0103 Grip Walk pentru cele mai bune cobor\u00e2ri!","breadcrumb":{"@id":"https:\/\/xstyle.md\/product\/gornolyzhnye-botinki-dalbello-ds-ax-120-ms\/#breadcrumb"},"inLanguage":"ro-RO","potentialAction":[{"@type":"ReadAction","target":["https:\/\/xstyle.md\/product\/gornolyzhnye-botinki-dalbello-ds-ax-120-ms\/"]}]},{"@type":"ImageObject","inLanguage":"ro-RO","@id":"https:\/\/xstyle.md\/product\/gornolyzhnye-botinki-dalbello-ds-ax-120-ms\/#primaryimage","url":"https:\/\/xstyle.md\/wp-content\/uploads\/2020\/07\/045_d1804001_00_01.jpg","contentUrl":"https:\/\/xstyle.md\/wp-content\/uploads\/2020\/07\/045_d1804001_00_01.jpg","width":701,"height":900},{"@type":"BreadcrumbList","@id":"https:\/\/xstyle.md\/product\/gornolyzhnye-botinki-dalbello-ds-ax-120-ms\/#breadcrumb","itemListElement":[{"@type":"ListItem","position":1,"name":"\u0413\u043b\u0430\u0432\u043d\u0430\u044f \u0441\u0442\u0440\u0430\u043d\u0438\u0446\u0430","item":"https:\/\/xstyle.md\/"},{"@type":"ListItem","position":2,"name":"\u041c\u0430\u0433\u0430\u0437\u0438\u043d","item":"https:\/\/xstyle.md\/shop\/"},{"@type":"ListItem","position":3,"name":"\u0413\u043e\u0440\u043d\u043e\u043b\u044b\u0436\u043d\u044b\u0435 \u0431\u043e\u0442\u0438\u043d\u043a\u0438 Dalbello DS AX 120 MS"}]},{"@type":"WebSite","@id":"https:\/\/xstyle.md\/#website","url":"https:\/\/xstyle.md\/","name":"Magazinul X-Style","description":"Echipamente pentru turism \u0219i sporturi extreme \u00een Moldova. Pre\u021buri, fotografii, caracteristici \u00een Moldova.","publisher":{"@id":"https:\/\/xstyle.md\/#organization"},"alternateName":"X-Style","potentialAction":[{"@type":"SearchAction","target":{"@type":"EntryPoint","urlTemplate":"https:\/\/xstyle.md\/?s={search_term_string}"},"query-input":{"@type":"PropertyValueSpecification","valueRequired":true,"valueName":"search_term_string"}}],"inLanguage":"ro-RO"},{"@type":"Organization","@id":"https:\/\/xstyle.md\/#organization","name":"Magazinul X-Style","alternateName":"x-style","url":"https:\/\/xstyle.md\/","logo":{"@type":"ImageObject","inLanguage":"ro-RO","@id":"https:\/\/xstyle.md\/#\/schema\/logo\/image\/","url":"https:\/\/xstyle.md\/wp-content\/uploads\/2020\/06\/logoicon.svg","contentUrl":"https:\/\/xstyle.md\/wp-content\/uploads\/2020\/06\/logoicon.svg","caption":"\u041c\u0430\u0433\u0430\u0437\u0438\u043d Xstyle"},"image":{"@id":"https:\/\/xstyle.md\/#\/schema\/logo\/image\/"},"sameAs":["https:\/\/www.facebook.com\/xstylemd","https:\/\/www.instagram.com\/xstyle_md\/","https:\/\/t.me\/xstyle_outdoor"],"hasMerchantReturnPolicy":{"@type":"MerchantReturnPolicy","merchantReturnLink":"https:\/\/xstyle.md\/ro\/conditions\/"}}]},"product_price_amount":"5890.00","product_price_currency":"MDL","og_availability":"instock","product_availability":"instock","product_retailer_item_id":"8050440117419","product_condition":"new"},"post_mailing_queue_ids":[],"_links":{"self":[{"href":"https:\/\/xstyle.md\/ro\/wp-json\/wp\/v2\/product\/14812","targetHints":{"allow":["GET"]}}],"collection":[{"href":"https:\/\/xstyle.md\/ro\/wp-json\/wp\/v2\/product"}],"about":[{"href":"https:\/\/xstyle.md\/ro\/wp-json\/wp\/v2\/types\/product"}],"replies":[{"embeddable":true,"href":"https:\/\/xstyle.md\/ro\/wp-json\/wp\/v2\/comments?post=14812"}],"wp:featuredmedia":[{"embeddable":true,"href":"https:\/\/xstyle.md\/ro\/wp-json\/wp\/v2\/media\/14811"}],"wp:attachment":[{"href":"https:\/\/xstyle.md\/ro\/wp-json\/wp\/v2\/media?parent=14812"}],"wp:term":[{"taxonomy":"product_brand","embeddable":true,"href":"https:\/\/xstyle.md\/ro\/wp-json\/wp\/v2\/product_brand?post=14812"},{"taxonomy":"product_cat","embeddable":true,"href":"https:\/\/xstyle.md\/ro\/wp-json\/wp\/v2\/product_cat?post=14812"},{"taxonomy":"product_tag","embeddable":true,"href":"https:\/\/xstyle.md\/ro\/wp-json\/wp\/v2\/product_tag?post=14812"}],"curies":[{"name":"wp","href":"https:\/\/api.w.org\/{rel}","templated":true}]}}