{"id":14719,"date":"2020-07-17T14:15:32","date_gmt":"2020-07-17T11:15:32","guid":{"rendered":"https:\/\/xstyle.md\/product\/botinki-olang-lima-2"},"modified":"2026-03-19T16:36:38","modified_gmt":"2026-03-19T13:36:38","slug":"botinki-olang-lima-2","status":"publish","type":"product","link":"https:\/\/xstyle.md\/ro\/produs\/botinki-olang-lima-2\/","title":{"rendered":"Bocanci Olang Lima Beige"},"content":{"rendered":"<\/p>\n<p>Bocanci <strong>Olang Lima<\/strong> &#8212; bocancii de iarn\u0103, construite din lana de vac\u0103 la exterior \u0219i c\u0103ptu\u0219eal\u0103 din l\u00e2n\u0103 de oaie shearling natural in interior, incredibil de calzi, eleganti \u0219i practici \u00een acela\u0219i timp. Vor rezista mai multe sezoane.<\/p>\n<h3>Particularit\u0103\u021bi<\/h3>\n<ul>\n<li>Talp\u0103 exterioar\u0103 durabil\u0103 compusa din cauciuc antiderapant &#8212; va oferi stabilitate pe suprafe\u021be alunecoase<\/li>\n<li>Interior din piele de oaie &#8212; c\u0103ptu\u0219eal\u0103 marca Olang<\/li>\n<li>T\u0103lpile izolate cu aluminiu te ajut\u0103 s\u0103 te \u00eenc\u0103lze\u0219ti chiar \u0219i \u00een cele mai reci zile de iarn\u0103<\/li>\n<li>\u0218ireturi reglabile\u044e<\/li>\n<\/ul>\n<h3>Caracteristici<\/h3>\n<ul>\n<li>Material principal &#8212; piele<\/li>\n<li>Partea superioar\u0103 &#8212; pielea intoarsa<\/li>\n<li>C\u0103ptu\u0219eal\u0103 &#8212; blan\u0103<\/li>\n<li>Talp\u0103 exterioar\u0103 &#8212; cauciuc<\/li>\n<li>Zona de confort &#8212; 30\u00b0C<\/li>\n<li>Sezonul: toamn\u0103\/iarn\u0103.<\/li>\n<\/ul>\n<p>\n<p><img decoding=\"async\" class=\"alignnone\" style=\"width: 100%;\" src=\"https:\/\/xstyle.md\/wp-content\/uploads\/2021\/01\/razmer_olang.jpg\" alt=\"\" \/><\/p>\n\n<\/p>\n<h3>Marca<\/h3>\n<p>Compania italian\u0103 OLANG este unul dintre liderii \u00een produc\u021bia de \u00eenc\u0103l\u021b\u0103minte outdoor de \u00eenalt\u0103 calitate. Este specializat\u0103 \u00een \u00eenc\u0103l\u021b\u0103minte de iarn\u0103 pentru femei \u0219i b\u0103rba\u021bi \u0219i \u00eenc\u0103l\u021b\u0103minte de trekking pentru activit\u0103\u021bi \u00een aer liber. Una dintre principalele caracteristici ale \u00eenc\u0103l\u021b\u0103mintei este utilizarea tehnologiei pentru o stabilitate maxim\u0103 pe suprafe\u021bele \u00eenghe\u021bate.<\/p>\n<p>Olang ofer\u0103 confort \u0219i stil fiec\u0103rui client: durabil, u\u0219or \u0219i conceput chiar \u0219i pentru cele mai sofisticate situa\u021bii. Olang Spa a fost fondat\u0103 \u00een 1990 de Armando Sartor, care obi\u0219nuia s\u0103 proiecteze pantofii Lotto \u0219i Tecnica Spa.<\/p>\n<p>","protected":false},"excerpt":{"rendered":"<p>Bocanci Olang Lima Beige<\/p>","protected":false},"featured_media":14718,"comment_status":"open","ping_status":"closed","template":"","meta":{"_acf_changed":false,"inline_featured_image":false},"product_brand":[1402],"product_cat":[146],"product_tag":[],"class_list":{"0":"post-14719","1":"product","2":"type-product","3":"status-publish","4":"has-post-thumbnail","6":"product_brand-olang","7":"product_cat-fall-winter","9":"first","10":"instock","11":"shipping-taxable","12":"purchasable","13":"product-type-simple"},"acf":[],"yoast_head":"<!-- This site is optimized with the Yoast SEO plugin v27.2 - https:\/\/yoast.com\/product\/yoast-seo-wordpress\/ -->\n<title>\u0411\u043e\u0442\u0438\u043d\u043a\u0438 Olang Lima beige - \u041c\u0430\u0433\u0430\u0437\u0438\u043d Xstyle<\/title>\n<meta name=\"description\" content=\"\u0411\u043e\u0442\u0438\u043d\u043a\u0438 Olang Lima beige \u0438\u0437 \u043d\u0430\u0442\u0443\u0440\u0430\u043b\u044c\u043d\u043e\u0433\u043e \u043e\u0432\u0435\u0447\u044c\u0435\u0433\u043e \u043c\u0435\u0445\u0430 \u2013 \u0441\u0442\u0438\u043b\u044c\u043d\u044b\u0435 \u0438 \u0442\u0435\u043f\u043b\u044b\u0435, \u0438\u0434\u0435\u0430\u043b\u044c\u043d\u043e \u043f\u043e\u0434\u0445\u043e\u0434\u044f\u0442 \u0434\u043b\u044f \u0437\u0438\u043c\u044b. \u0423\u0441\u0442\u043e\u0439\u0447\u0438\u0432\u044b\u0435 \u043a \u0441\u043a\u043e\u043b\u044c\u0436\u0435\u043d\u0438\u044e, \u0434\u043e\u043b\u0433\u043e\u0432\u0435\u0447\u043d\u044b\u0435.\" \/>\n<meta name=\"robots\" content=\"index, follow, max-snippet:-1, max-image-preview:large, max-video-preview:-1\" \/>\n<link rel=\"canonical\" href=\"https:\/\/xstyle.md\/ro\/produs\/botinki-olang-lima-2\/\" \/>\n<meta property=\"og:locale\" content=\"ro_RO\" \/>\n<meta property=\"og:type\" content=\"article\" \/>\n<meta property=\"og:title\" content=\"\u0411\u043e\u0442\u0438\u043d\u043a\u0438 Olang Lima beige - \u041c\u0430\u0433\u0430\u0437\u0438\u043d Xstyle\" \/>\n<meta property=\"og:description\" content=\"\u0411\u043e\u0442\u0438\u043d\u043a\u0438 Olang Lima beige \u0438\u0437 \u043d\u0430\u0442\u0443\u0440\u0430\u043b\u044c\u043d\u043e\u0433\u043e \u043e\u0432\u0435\u0447\u044c\u0435\u0433\u043e \u043c\u0435\u0445\u0430 \u2013 \u0441\u0442\u0438\u043b\u044c\u043d\u044b\u0435 \u0438 \u0442\u0435\u043f\u043b\u044b\u0435, \u0438\u0434\u0435\u0430\u043b\u044c\u043d\u043e \u043f\u043e\u0434\u0445\u043e\u0434\u044f\u0442 \u0434\u043b\u044f \u0437\u0438\u043c\u044b. \u0423\u0441\u0442\u043e\u0439\u0447\u0438\u0432\u044b\u0435 \u043a \u0441\u043a\u043e\u043b\u044c\u0436\u0435\u043d\u0438\u044e, \u0434\u043e\u043b\u0433\u043e\u0432\u0435\u0447\u043d\u044b\u0435.\" \/>\n<meta property=\"og:url\" content=\"https:\/\/xstyle.md\/ro\/produs\/botinki-olang-lima-2\/\" \/>\n<meta property=\"og:site_name\" content=\"\u041c\u0430\u0433\u0430\u0437\u0438\u043d Xstyle\" \/>\n<meta property=\"article:publisher\" content=\"https:\/\/www.facebook.com\/xstylemd\" \/>\n<meta property=\"article:modified_time\" content=\"2026-03-19T13:36:38+00:00\" \/>\n<meta property=\"og:image\" content=\"https:\/\/xstyle.md\/wp-content\/uploads\/2020\/07\/88_1_1.jpg\" \/>\n\t<meta property=\"og:image:width\" content=\"560\" \/>\n\t<meta property=\"og:image:height\" content=\"490\" \/>\n\t<meta property=\"og:image:type\" content=\"image\/jpeg\" \/>\n<meta name=\"twitter:card\" content=\"summary_large_image\" \/>\n<meta name=\"twitter:label1\" content=\"Pre\u021b\" \/>\n\t<meta name=\"twitter:data1\" content=\"4.190&nbsp;MDL\" \/>\n\t<meta name=\"twitter:label2\" content=\"Disponibilitate\" \/>\n\t<meta name=\"twitter:data2\" content=\"\u00cen stoc\" \/>\n<script type=\"application\/ld+json\" class=\"yoast-schema-graph\">{\"@context\":\"https:\/\/schema.org\",\"@graph\":[{\"@type\":\"WebPage\",\"@id\":\"https:\/\/xstyle.md\/product\/botinki-olang-lima-2\/\",\"url\":\"https:\/\/xstyle.md\/product\/botinki-olang-lima-2\/\",\"name\":\"\u0411\u043e\u0442\u0438\u043d\u043a\u0438 Olang Lima beige - \u041c\u0430\u0433\u0430\u0437\u0438\u043d Xstyle\",\"isPartOf\":{\"@id\":\"https:\/\/xstyle.md\/#website\"},\"primaryImageOfPage\":{\"@id\":\"https:\/\/xstyle.md\/product\/botinki-olang-lima-2\/#primaryimage\"},\"image\":{\"@id\":\"https:\/\/xstyle.md\/product\/botinki-olang-lima-2\/#primaryimage\"},\"thumbnailUrl\":\"https:\/\/xstyle.md\/wp-content\/uploads\/2020\/07\/88_1_1.jpg\",\"datePublished\":\"2020-07-17T11:15:32+00:00\",\"dateModified\":\"2026-03-19T13:36:38+00:00\",\"description\":\"\u0411\u043e\u0442\u0438\u043d\u043a\u0438 Olang Lima beige \u0438\u0437 \u043d\u0430\u0442\u0443\u0440\u0430\u043b\u044c\u043d\u043e\u0433\u043e \u043e\u0432\u0435\u0447\u044c\u0435\u0433\u043e \u043c\u0435\u0445\u0430 \u2013 \u0441\u0442\u0438\u043b\u044c\u043d\u044b\u0435 \u0438 \u0442\u0435\u043f\u043b\u044b\u0435, \u0438\u0434\u0435\u0430\u043b\u044c\u043d\u043e \u043f\u043e\u0434\u0445\u043e\u0434\u044f\u0442 \u0434\u043b\u044f \u0437\u0438\u043c\u044b. \u0423\u0441\u0442\u043e\u0439\u0447\u0438\u0432\u044b\u0435 \u043a \u0441\u043a\u043e\u043b\u044c\u0436\u0435\u043d\u0438\u044e, \u0434\u043e\u043b\u0433\u043e\u0432\u0435\u0447\u043d\u044b\u0435.\",\"breadcrumb\":{\"@id\":\"https:\/\/xstyle.md\/product\/botinki-olang-lima-2\/#breadcrumb\"},\"inLanguage\":\"ro-RO\",\"potentialAction\":[{\"@type\":\"ReadAction\",\"target\":[\"https:\/\/xstyle.md\/product\/botinki-olang-lima-2\/\"]}]},{\"@type\":\"ImageObject\",\"inLanguage\":\"ro-RO\",\"@id\":\"https:\/\/xstyle.md\/product\/botinki-olang-lima-2\/#primaryimage\",\"url\":\"https:\/\/xstyle.md\/wp-content\/uploads\/2020\/07\/88_1_1.jpg\",\"contentUrl\":\"https:\/\/xstyle.md\/wp-content\/uploads\/2020\/07\/88_1_1.jpg\",\"width\":560,\"height\":490},{\"@type\":\"BreadcrumbList\",\"@id\":\"https:\/\/xstyle.md\/product\/botinki-olang-lima-2\/#breadcrumb\",\"itemListElement\":[{\"@type\":\"ListItem\",\"position\":1,\"name\":\"\u0413\u043b\u0430\u0432\u043d\u0430\u044f \u0441\u0442\u0440\u0430\u043d\u0438\u0446\u0430\",\"item\":\"https:\/\/xstyle.md\/\"},{\"@type\":\"ListItem\",\"position\":2,\"name\":\"\u041c\u0430\u0433\u0430\u0437\u0438\u043d\",\"item\":\"https:\/\/xstyle.md\/shop\/\"},{\"@type\":\"ListItem\",\"position\":3,\"name\":\"\u0411\u043e\u0442\u0438\u043d\u043a\u0438 Olang Lima beige\"}]},{\"@type\":\"WebSite\",\"@id\":\"https:\/\/xstyle.md\/#website\",\"url\":\"https:\/\/xstyle.md\/\",\"name\":\"\u041c\u0430\u0433\u0430\u0437\u0438\u043d Xstyle\",\"description\":\"C\u043d\u0430\u0440\u044f\u0436\u0435\u043d\u0438\u0435 \u0434\u043b\u044f \u0442\u0443\u0440\u0438\u0437\u043c\u0430 \u0438 \u044d\u043a\u0441\u0442\u0440\u0435\u043c\u0430\u043b\u044c\u043d\u044b\u0445 \u0432\u0438\u0434\u043e\u0432 \u0441\u043f\u043e\u0440\u0442\u0430 \u0432 \u041c\u043e\u043b\u0434\u043e\u0432\u0435.. \u0426\u0435\u043d\u044b, \u0444\u043e\u0442\u043e, \u0445\u0430\u0440\u0430\u043a\u0442\u0435\u0440\u0438\u0441\u0442\u0438\u043a\u0438 \u0432 \u041c\u043e\u043b\u0434\u043e\u0432\u0435.\",\"publisher\":{\"@id\":\"https:\/\/xstyle.md\/#organization\"},\"alternateName\":\"X-Style\",\"potentialAction\":[{\"@type\":\"SearchAction\",\"target\":{\"@type\":\"EntryPoint\",\"urlTemplate\":\"https:\/\/xstyle.md\/?s={search_term_string}\"},\"query-input\":{\"@type\":\"PropertyValueSpecification\",\"valueRequired\":true,\"valueName\":\"search_term_string\"}}],\"inLanguage\":\"ro-RO\"},{\"@type\":\"Organization\",\"@id\":\"https:\/\/xstyle.md\/#organization\",\"name\":\"\u041c\u0430\u0433\u0430\u0437\u0438\u043d Xstyle\",\"alternateName\":\"x-style\",\"url\":\"https:\/\/xstyle.md\/\",\"logo\":{\"@type\":\"ImageObject\",\"inLanguage\":\"ro-RO\",\"@id\":\"https:\/\/xstyle.md\/#\/schema\/logo\/image\/\",\"url\":\"https:\/\/xstyle.md\/wp-content\/uploads\/2020\/06\/logoicon.svg\",\"contentUrl\":\"https:\/\/xstyle.md\/wp-content\/uploads\/2020\/06\/logoicon.svg\",\"caption\":\"\u041c\u0430\u0433\u0430\u0437\u0438\u043d Xstyle\"},\"image\":{\"@id\":\"https:\/\/xstyle.md\/#\/schema\/logo\/image\/\"},\"sameAs\":[\"https:\/\/www.facebook.com\/xstylemd\",\"https:\/\/www.instagram.com\/xstyle_md\/\",\"https:\/\/t.me\/xstyle_outdoor\"],\"hasMerchantReturnPolicy\":{\"@type\":\"MerchantReturnPolicy\",\"merchantReturnLink\":\"https:\/\/xstyle.md\/ro\/conditions\/\"}}]}<\/script>\n<meta property=\"product:price:amount\" content=\"4190.00\" \/>\n<meta property=\"product:price:currency\" content=\"MDL\" \/>\n<meta property=\"og:availability\" content=\"instock\" \/>\n<meta property=\"product:availability\" content=\"instock\" \/>\n<meta property=\"product:retailer_item_id\" content=\"8026556514510\" \/>\n<meta property=\"product:condition\" content=\"new\" \/>\n<!-- \/ Yoast SEO plugin. -->","yoast_head_json":{"title":"Bocanci Olang Lima Beige - Magazin Xstyle","description":"Boto\u0219ii Olang Lima beige din l\u00e2n\u0103 de oaie natural\u0103 \u2013 stilati \u0219i c\u0103lduro\u0219i, se potrivesc perfect pentru iarn\u0103. Rezisten\u021bi la alunecare, durabili.","robots":{"index":"index","follow":"follow","max-snippet":"max-snippet:-1","max-image-preview":"max-image-preview:large","max-video-preview":"max-video-preview:-1"},"canonical":"https:\/\/xstyle.md\/ro\/produs\/botinki-olang-lima-2\/","og_locale":"ro_RO","og_type":"article","og_title":"\u0411\u043e\u0442\u0438\u043d\u043a\u0438 Olang Lima beige - \u041c\u0430\u0433\u0430\u0437\u0438\u043d Xstyle","og_description":"\u0411\u043e\u0442\u0438\u043d\u043a\u0438 Olang Lima beige \u0438\u0437 \u043d\u0430\u0442\u0443\u0440\u0430\u043b\u044c\u043d\u043e\u0433\u043e \u043e\u0432\u0435\u0447\u044c\u0435\u0433\u043e \u043c\u0435\u0445\u0430 \u2013 \u0441\u0442\u0438\u043b\u044c\u043d\u044b\u0435 \u0438 \u0442\u0435\u043f\u043b\u044b\u0435, \u0438\u0434\u0435\u0430\u043b\u044c\u043d\u043e \u043f\u043e\u0434\u0445\u043e\u0434\u044f\u0442 \u0434\u043b\u044f \u0437\u0438\u043c\u044b. \u0423\u0441\u0442\u043e\u0439\u0447\u0438\u0432\u044b\u0435 \u043a \u0441\u043a\u043e\u043b\u044c\u0436\u0435\u043d\u0438\u044e, \u0434\u043e\u043b\u0433\u043e\u0432\u0435\u0447\u043d\u044b\u0435.","og_url":"https:\/\/xstyle.md\/ro\/produs\/botinki-olang-lima-2\/","og_site_name":"\u041c\u0430\u0433\u0430\u0437\u0438\u043d Xstyle","article_publisher":"https:\/\/www.facebook.com\/xstylemd","article_modified_time":"2026-03-19T13:36:38+00:00","og_image":[{"width":560,"height":490,"url":"https:\/\/xstyle.md\/wp-content\/uploads\/2020\/07\/88_1_1.jpg","type":"image\/jpeg"}],"twitter_card":"summary_large_image","twitter_misc":{"Pre\u021b":"4.190&nbsp;MDL","Disponibilitate":"\u00cen stoc"},"schema":{"@context":"https:\/\/schema.org","@graph":[{"@type":"WebPage","@id":"https:\/\/xstyle.md\/product\/botinki-olang-lima-2\/","url":"https:\/\/xstyle.md\/product\/botinki-olang-lima-2\/","name":"Bocanci Olang Lima Beige - Magazin Xstyle","isPartOf":{"@id":"https:\/\/xstyle.md\/#website"},"primaryImageOfPage":{"@id":"https:\/\/xstyle.md\/product\/botinki-olang-lima-2\/#primaryimage"},"image":{"@id":"https:\/\/xstyle.md\/product\/botinki-olang-lima-2\/#primaryimage"},"thumbnailUrl":"https:\/\/xstyle.md\/wp-content\/uploads\/2020\/07\/88_1_1.jpg","datePublished":"2020-07-17T11:15:32+00:00","dateModified":"2026-03-19T13:36:38+00:00","description":"Boto\u0219ii Olang Lima beige din l\u00e2n\u0103 de oaie natural\u0103 \u2013 stilati \u0219i c\u0103lduro\u0219i, se potrivesc perfect pentru iarn\u0103. Rezisten\u021bi la alunecare, durabili.","breadcrumb":{"@id":"https:\/\/xstyle.md\/product\/botinki-olang-lima-2\/#breadcrumb"},"inLanguage":"ro-RO","potentialAction":[{"@type":"ReadAction","target":["https:\/\/xstyle.md\/product\/botinki-olang-lima-2\/"]}]},{"@type":"ImageObject","inLanguage":"ro-RO","@id":"https:\/\/xstyle.md\/product\/botinki-olang-lima-2\/#primaryimage","url":"https:\/\/xstyle.md\/wp-content\/uploads\/2020\/07\/88_1_1.jpg","contentUrl":"https:\/\/xstyle.md\/wp-content\/uploads\/2020\/07\/88_1_1.jpg","width":560,"height":490},{"@type":"BreadcrumbList","@id":"https:\/\/xstyle.md\/product\/botinki-olang-lima-2\/#breadcrumb","itemListElement":[{"@type":"ListItem","position":1,"name":"\u0413\u043b\u0430\u0432\u043d\u0430\u044f \u0441\u0442\u0440\u0430\u043d\u0438\u0446\u0430","item":"https:\/\/xstyle.md\/"},{"@type":"ListItem","position":2,"name":"\u041c\u0430\u0433\u0430\u0437\u0438\u043d","item":"https:\/\/xstyle.md\/shop\/"},{"@type":"ListItem","position":3,"name":"\u0411\u043e\u0442\u0438\u043d\u043a\u0438 Olang Lima beige"}]},{"@type":"WebSite","@id":"https:\/\/xstyle.md\/#website","url":"https:\/\/xstyle.md\/","name":"Magazinul X-Style","description":"Echipamente pentru turism \u0219i sporturi extreme \u00een Moldova. Pre\u021buri, fotografii, caracteristici \u00een Moldova.","publisher":{"@id":"https:\/\/xstyle.md\/#organization"},"alternateName":"X-Style","potentialAction":[{"@type":"SearchAction","target":{"@type":"EntryPoint","urlTemplate":"https:\/\/xstyle.md\/?s={search_term_string}"},"query-input":{"@type":"PropertyValueSpecification","valueRequired":true,"valueName":"search_term_string"}}],"inLanguage":"ro-RO"},{"@type":"Organization","@id":"https:\/\/xstyle.md\/#organization","name":"Magazinul X-Style","alternateName":"x-style","url":"https:\/\/xstyle.md\/","logo":{"@type":"ImageObject","inLanguage":"ro-RO","@id":"https:\/\/xstyle.md\/#\/schema\/logo\/image\/","url":"https:\/\/xstyle.md\/wp-content\/uploads\/2020\/06\/logoicon.svg","contentUrl":"https:\/\/xstyle.md\/wp-content\/uploads\/2020\/06\/logoicon.svg","caption":"\u041c\u0430\u0433\u0430\u0437\u0438\u043d Xstyle"},"image":{"@id":"https:\/\/xstyle.md\/#\/schema\/logo\/image\/"},"sameAs":["https:\/\/www.facebook.com\/xstylemd","https:\/\/www.instagram.com\/xstyle_md\/","https:\/\/t.me\/xstyle_outdoor"],"hasMerchantReturnPolicy":{"@type":"MerchantReturnPolicy","merchantReturnLink":"https:\/\/xstyle.md\/ro\/conditions\/"}}]},"product_price_amount":"4190.00","product_price_currency":"MDL","og_availability":"instock","product_availability":"instock","product_retailer_item_id":"8026556514510","product_condition":"new"},"post_mailing_queue_ids":[],"_links":{"self":[{"href":"https:\/\/xstyle.md\/ro\/wp-json\/wp\/v2\/product\/14719","targetHints":{"allow":["GET"]}}],"collection":[{"href":"https:\/\/xstyle.md\/ro\/wp-json\/wp\/v2\/product"}],"about":[{"href":"https:\/\/xstyle.md\/ro\/wp-json\/wp\/v2\/types\/product"}],"replies":[{"embeddable":true,"href":"https:\/\/xstyle.md\/ro\/wp-json\/wp\/v2\/comments?post=14719"}],"wp:featuredmedia":[{"embeddable":true,"href":"https:\/\/xstyle.md\/ro\/wp-json\/wp\/v2\/media\/14718"}],"wp:attachment":[{"href":"https:\/\/xstyle.md\/ro\/wp-json\/wp\/v2\/media?parent=14719"}],"wp:term":[{"taxonomy":"product_brand","embeddable":true,"href":"https:\/\/xstyle.md\/ro\/wp-json\/wp\/v2\/product_brand?post=14719"},{"taxonomy":"product_cat","embeddable":true,"href":"https:\/\/xstyle.md\/ro\/wp-json\/wp\/v2\/product_cat?post=14719"},{"taxonomy":"product_tag","embeddable":true,"href":"https:\/\/xstyle.md\/ro\/wp-json\/wp\/v2\/product_tag?post=14719"}],"curies":[{"name":"wp","href":"https:\/\/api.w.org\/{rel}","templated":true}]}}