{"id":14695,"date":"2020-07-17T14:14:12","date_gmt":"2020-07-17T11:14:12","guid":{"rendered":"https:\/\/xstyle.md\/product\/kurtka-muzhskaja-hannah-revel"},"modified":"2026-04-08T11:13:08","modified_gmt":"2026-04-08T08:13:08","slug":"kurtka-muzhskaja-hannah-revel","status":"publish","type":"product","link":"https:\/\/xstyle.md\/ro\/produs\/kurtka-muzhskaja-hannah-revel\/","title":{"rendered":"Geac\u0103 de schi Hannah Revel Mns midnight navy"},"content":{"rendered":"<\/p>\n<p><strong>Hannah Revel Midnight Navy <\/strong>pentru iubitorii de alpinism, schi fond \u0219i alte activit\u0103\u021bi \u00een aer liber pe timp de iarn\u0103.<\/p>\n<p>Geaca se \u00eempacheteaz\u0103 cu u\u0219urin\u021b\u0103 \u00eentr-o hus\u0103 mic\u0103 pentru \u00eembr\u0103c\u0103minte. Datorit\u0103 diverselor materiale utilizate pe fa\u021b\u0103 \u0219i spate, p\u0103r\u021bi laterale respirabile \u0219i micro-acoperire Airlite AC, geaca are propriet\u0103\u021bi excelente de gestionare a temperaturii.<\/p>\n<p>M\u00e2necile \u0219i tivul de jos sunt elastice \u0219i, \u00eempreun\u0103 cu gulerul vertical, urmeaz\u0103 conturul corpului \u0219i nu \u00eengreuneaz\u0103 mi\u0219carea. Buzunarele principale cu fermoar \u0219i buzunarul de la piept cu fermoar ascuns sunt o necesitate.<\/p>\n<h3>Particularit\u0103\u021bi<\/h3>\n<ul>\n<li>Buzunare principale practice cu fermoar \u0219i buzunare ascunse pentru monede<\/li>\n<li>Guler vertical<\/li>\n<li>M\u00e2neci cu man\u0219ete elastice<\/li>\n<li>Tivul de jos cu band\u0103 elastic\u0103<\/li>\n<li>P\u0103r\u021bi laterale respirabile<\/li>\n<li>Termoreglare excelent\u0103<\/li>\n<\/ul>\n<h3>Caracteristici<\/h3>\n<ul>\n<li>Material &#8212; 88% Polyester, 12% Elastan, Micro Airlite AC<\/li>\n<li>Izola\u021bie &#8212; Vezi Izola\u021bie \/ DuPont Sorona \/ HL TECH-DOWN LIKE<\/li>\n<li>Membran\u0103 &#8212; WR<\/li>\n<li>Model &#8212; pentru b\u0103rba\u021bi<\/li>\n<\/ul>\n<h3 class=\"clear\" data-reader-unique-id=\"32\">Marca<\/h3>\n<p data-reader-unique-id=\"33\">Hannah\u00a0\u2014 este un brand interna\u021bional specializat \u00een \u00eembr\u0103c\u0103minte de c\u0103l\u0103torii \u0219i sport pentru toate anotimpurile. Brandul Hannah a fost fondat \u00een Republica Ceh\u0103 \u00een anul 1991. Compania a ob\u021binut un succes remarcabil pe pia\u021ba intern\u0103, datorit\u0103 calit\u0103\u021bii \u00eenalte \u0219i pre\u021burilor accesibile.<\/p>\n<p data-reader-unique-id=\"34\">La \u00eenceput, compania fabrica produse conform standardelor interna\u021bionale, deoarece au \u00een\u021beles pe deplin importan\u021ba unei reputa\u021bii excelente. \u00cen acest sens, s-a alocat mult timp selec\u021biei materialelor de \u00eenalt\u0103 calitate, care sunt rezistente la uzur\u0103 \u0219i rezistente la ap\u0103. Ast\u0103zi, brandul nu st\u0103 pe loc, catalogul lor este \u00een permanen\u021b\u0103 actualizat \u0219i extins, iar produsele pot fi g\u0103site \u00een toat\u0103 lumea.<\/p>\n<p><\/p>","protected":false},"excerpt":{"rendered":"<p>\u041a\u0443\u0440\u0442\u043a\u0430 Hannah Revel midnight navy<\/p>","protected":false},"featured_media":14694,"comment_status":"open","ping_status":"closed","template":"","meta":{"_acf_changed":false,"inline_featured_image":false},"product_brand":[1271],"product_cat":[450],"product_tag":[],"class_list":{"0":"post-14695","1":"product","2":"type-product","3":"status-publish","4":"has-post-thumbnail","6":"product_brand-hannah","7":"product_cat-jachete-de-schi-barbati","9":"first","10":"instock","11":"shipping-taxable","12":"purchasable","13":"product-type-simple"},"acf":[],"yoast_head":"<!-- This site is optimized with the Yoast SEO plugin v27.2 - https:\/\/yoast.com\/product\/yoast-seo-wordpress\/ -->\n<title>\u041a\u0443\u0440\u0442\u043a\u0430 Hannah Revel Mns midnight navy - \u041c\u0430\u0433\u0430\u0437\u0438\u043d Xstyle<\/title>\n<meta name=\"description\" content=\"\u041a\u0443\u0440\u0442\u043a\u0430 Hannah Revel Mns \u0432 \u0446\u0432\u0435\u0442\u0435 midnight navy \u0438\u0434\u0435\u0430\u043b\u044c\u043d\u043e \u043f\u043e\u0434\u0445\u043e\u0434\u0438\u0442 \u0434\u043b\u044f \u0437\u0438\u043c\u043d\u0438\u0445 \u0430\u043a\u0442\u0438\u0432\u043d\u043e\u0441\u0442\u0435\u0439. \u041b\u0435\u0433\u043a\u0430\u044f, \u0434\u044b\u0448\u0430\u0449\u0430\u044f, \u043a\u043e\u043c\u043f\u0430\u043a\u0442\u043d\u0430\u044f - \u0432\u0430\u0448 \u0438\u0434\u0435\u0430\u043b\u044c\u043d\u044b\u0439 \u0441\u043f\u0443\u0442\u043d\u0438\u043a \u0432 \u0433\u043e\u0440\u0430\u0445!\" \/>\n<meta name=\"robots\" content=\"index, follow, max-snippet:-1, max-image-preview:large, max-video-preview:-1\" \/>\n<link rel=\"canonical\" href=\"https:\/\/xstyle.md\/ro\/produs\/kurtka-muzhskaja-hannah-revel\/\" \/>\n<meta property=\"og:locale\" content=\"ro_RO\" \/>\n<meta property=\"og:type\" content=\"article\" \/>\n<meta property=\"og:title\" content=\"\u041a\u0443\u0440\u0442\u043a\u0430 Hannah Revel Mns midnight navy - \u041c\u0430\u0433\u0430\u0437\u0438\u043d Xstyle\" \/>\n<meta property=\"og:description\" content=\"\u041a\u0443\u0440\u0442\u043a\u0430 Hannah Revel Mns \u0432 \u0446\u0432\u0435\u0442\u0435 midnight navy \u0438\u0434\u0435\u0430\u043b\u044c\u043d\u043e \u043f\u043e\u0434\u0445\u043e\u0434\u0438\u0442 \u0434\u043b\u044f \u0437\u0438\u043c\u043d\u0438\u0445 \u0430\u043a\u0442\u0438\u0432\u043d\u043e\u0441\u0442\u0435\u0439. \u041b\u0435\u0433\u043a\u0430\u044f, \u0434\u044b\u0448\u0430\u0449\u0430\u044f, \u043a\u043e\u043c\u043f\u0430\u043a\u0442\u043d\u0430\u044f - \u0432\u0430\u0448 \u0438\u0434\u0435\u0430\u043b\u044c\u043d\u044b\u0439 \u0441\u043f\u0443\u0442\u043d\u0438\u043a \u0432 \u0433\u043e\u0440\u0430\u0445!\" \/>\n<meta property=\"og:url\" content=\"https:\/\/xstyle.md\/ro\/produs\/kurtka-muzhskaja-hannah-revel\/\" \/>\n<meta property=\"og:site_name\" content=\"\u041c\u0430\u0433\u0430\u0437\u0438\u043d Xstyle\" \/>\n<meta property=\"article:publisher\" content=\"https:\/\/www.facebook.com\/xstylemd\" \/>\n<meta property=\"article:modified_time\" content=\"2026-04-08T08:13:08+00:00\" \/>\n<meta property=\"og:image\" content=\"https:\/\/xstyle.md\/wp-content\/uploads\/2020\/07\/mid_navy_2.jpg\" \/>\n\t<meta property=\"og:image:width\" content=\"800\" \/>\n\t<meta property=\"og:image:height\" content=\"800\" \/>\n\t<meta property=\"og:image:type\" content=\"image\/jpeg\" \/>\n<meta name=\"twitter:card\" content=\"summary_large_image\" \/>\n<meta name=\"twitter:label1\" content=\"Pre\u021b\" \/>\n\t<meta name=\"twitter:data1\" content=\"2.650&nbsp;MDL\" \/>\n\t<meta name=\"twitter:label2\" content=\"Disponibilitate\" \/>\n\t<meta name=\"twitter:data2\" content=\"\u00cen stoc\" \/>\n<script type=\"application\/ld+json\" class=\"yoast-schema-graph\">{\"@context\":\"https:\/\/schema.org\",\"@graph\":[{\"@type\":\"WebPage\",\"@id\":\"https:\/\/xstyle.md\/product\/kurtka-muzhskaja-hannah-revel\/\",\"url\":\"https:\/\/xstyle.md\/product\/kurtka-muzhskaja-hannah-revel\/\",\"name\":\"\u041a\u0443\u0440\u0442\u043a\u0430 Hannah Revel Mns midnight navy - \u041c\u0430\u0433\u0430\u0437\u0438\u043d Xstyle\",\"isPartOf\":{\"@id\":\"https:\/\/xstyle.md\/#website\"},\"primaryImageOfPage\":{\"@id\":\"https:\/\/xstyle.md\/product\/kurtka-muzhskaja-hannah-revel\/#primaryimage\"},\"image\":{\"@id\":\"https:\/\/xstyle.md\/product\/kurtka-muzhskaja-hannah-revel\/#primaryimage\"},\"thumbnailUrl\":\"https:\/\/xstyle.md\/wp-content\/uploads\/2020\/07\/mid_navy_2.jpg\",\"datePublished\":\"2020-07-17T11:14:12+00:00\",\"dateModified\":\"2026-04-08T08:13:08+00:00\",\"description\":\"\u041a\u0443\u0440\u0442\u043a\u0430 Hannah Revel Mns \u0432 \u0446\u0432\u0435\u0442\u0435 midnight navy \u0438\u0434\u0435\u0430\u043b\u044c\u043d\u043e \u043f\u043e\u0434\u0445\u043e\u0434\u0438\u0442 \u0434\u043b\u044f \u0437\u0438\u043c\u043d\u0438\u0445 \u0430\u043a\u0442\u0438\u0432\u043d\u043e\u0441\u0442\u0435\u0439. \u041b\u0435\u0433\u043a\u0430\u044f, \u0434\u044b\u0448\u0430\u0449\u0430\u044f, \u043a\u043e\u043c\u043f\u0430\u043a\u0442\u043d\u0430\u044f - \u0432\u0430\u0448 \u0438\u0434\u0435\u0430\u043b\u044c\u043d\u044b\u0439 \u0441\u043f\u0443\u0442\u043d\u0438\u043a \u0432 \u0433\u043e\u0440\u0430\u0445!\",\"breadcrumb\":{\"@id\":\"https:\/\/xstyle.md\/product\/kurtka-muzhskaja-hannah-revel\/#breadcrumb\"},\"inLanguage\":\"ro-RO\",\"potentialAction\":[{\"@type\":\"ReadAction\",\"target\":[\"https:\/\/xstyle.md\/product\/kurtka-muzhskaja-hannah-revel\/\"]}]},{\"@type\":\"ImageObject\",\"inLanguage\":\"ro-RO\",\"@id\":\"https:\/\/xstyle.md\/product\/kurtka-muzhskaja-hannah-revel\/#primaryimage\",\"url\":\"https:\/\/xstyle.md\/wp-content\/uploads\/2020\/07\/mid_navy_2.jpg\",\"contentUrl\":\"https:\/\/xstyle.md\/wp-content\/uploads\/2020\/07\/mid_navy_2.jpg\",\"width\":800,\"height\":800},{\"@type\":\"BreadcrumbList\",\"@id\":\"https:\/\/xstyle.md\/product\/kurtka-muzhskaja-hannah-revel\/#breadcrumb\",\"itemListElement\":[{\"@type\":\"ListItem\",\"position\":1,\"name\":\"\u0413\u043b\u0430\u0432\u043d\u0430\u044f \u0441\u0442\u0440\u0430\u043d\u0438\u0446\u0430\",\"item\":\"https:\/\/xstyle.md\/\"},{\"@type\":\"ListItem\",\"position\":2,\"name\":\"\u041c\u0430\u0433\u0430\u0437\u0438\u043d\",\"item\":\"https:\/\/xstyle.md\/shop\/\"},{\"@type\":\"ListItem\",\"position\":3,\"name\":\"\u041a\u0443\u0440\u0442\u043a\u0430 Hannah Revel Mns midnight navy\"}]},{\"@type\":\"WebSite\",\"@id\":\"https:\/\/xstyle.md\/#website\",\"url\":\"https:\/\/xstyle.md\/\",\"name\":\"\u041c\u0430\u0433\u0430\u0437\u0438\u043d Xstyle\",\"description\":\"C\u043d\u0430\u0440\u044f\u0436\u0435\u043d\u0438\u0435 \u0434\u043b\u044f \u0442\u0443\u0440\u0438\u0437\u043c\u0430 \u0438 \u044d\u043a\u0441\u0442\u0440\u0435\u043c\u0430\u043b\u044c\u043d\u044b\u0445 \u0432\u0438\u0434\u043e\u0432 \u0441\u043f\u043e\u0440\u0442\u0430 \u0432 \u041c\u043e\u043b\u0434\u043e\u0432\u0435.. \u0426\u0435\u043d\u044b, \u0444\u043e\u0442\u043e, \u0445\u0430\u0440\u0430\u043a\u0442\u0435\u0440\u0438\u0441\u0442\u0438\u043a\u0438 \u0432 \u041c\u043e\u043b\u0434\u043e\u0432\u0435.\",\"publisher\":{\"@id\":\"https:\/\/xstyle.md\/#organization\"},\"alternateName\":\"X-Style\",\"potentialAction\":[{\"@type\":\"SearchAction\",\"target\":{\"@type\":\"EntryPoint\",\"urlTemplate\":\"https:\/\/xstyle.md\/?s={search_term_string}\"},\"query-input\":{\"@type\":\"PropertyValueSpecification\",\"valueRequired\":true,\"valueName\":\"search_term_string\"}}],\"inLanguage\":\"ro-RO\"},{\"@type\":\"Organization\",\"@id\":\"https:\/\/xstyle.md\/#organization\",\"name\":\"\u041c\u0430\u0433\u0430\u0437\u0438\u043d Xstyle\",\"alternateName\":\"x-style\",\"url\":\"https:\/\/xstyle.md\/\",\"logo\":{\"@type\":\"ImageObject\",\"inLanguage\":\"ro-RO\",\"@id\":\"https:\/\/xstyle.md\/#\/schema\/logo\/image\/\",\"url\":\"https:\/\/xstyle.md\/wp-content\/uploads\/2020\/06\/logoicon.svg\",\"contentUrl\":\"https:\/\/xstyle.md\/wp-content\/uploads\/2020\/06\/logoicon.svg\",\"caption\":\"\u041c\u0430\u0433\u0430\u0437\u0438\u043d Xstyle\"},\"image\":{\"@id\":\"https:\/\/xstyle.md\/#\/schema\/logo\/image\/\"},\"sameAs\":[\"https:\/\/www.facebook.com\/xstylemd\",\"https:\/\/www.instagram.com\/xstyle_md\/\",\"https:\/\/t.me\/xstyle_outdoor\"],\"hasMerchantReturnPolicy\":{\"@type\":\"MerchantReturnPolicy\",\"merchantReturnLink\":\"https:\/\/xstyle.md\/ro\/conditions\/\"}}]}<\/script>\n<meta property=\"product:price:amount\" content=\"2650.00\" \/>\n<meta property=\"product:price:currency\" content=\"MDL\" \/>\n<meta property=\"og:availability\" content=\"instock\" \/>\n<meta property=\"product:availability\" content=\"instock\" \/>\n<meta property=\"product:retailer_item_id\" content=\"8591203985833\" \/>\n<meta property=\"product:condition\" content=\"new\" \/>\n<!-- \/ Yoast SEO plugin. -->","yoast_head_json":{"title":"Geac\u0103 Hannah Revel Mns Midnight Navy - Magazin Xstyle","description":"Jacheta Hannah Revel Mns \u00een culoarea midnight navy este perfect\u0103 pentru activit\u0103\u021bile de iarn\u0103. U\u0219oar\u0103, respirabil\u0103, compact\u0103 - tovar\u0103\u0219ul ideal \u00een mun\u021bi!","robots":{"index":"index","follow":"follow","max-snippet":"max-snippet:-1","max-image-preview":"max-image-preview:large","max-video-preview":"max-video-preview:-1"},"canonical":"https:\/\/xstyle.md\/ro\/produs\/kurtka-muzhskaja-hannah-revel\/","og_locale":"ro_RO","og_type":"article","og_title":"\u041a\u0443\u0440\u0442\u043a\u0430 Hannah Revel Mns midnight navy - \u041c\u0430\u0433\u0430\u0437\u0438\u043d Xstyle","og_description":"\u041a\u0443\u0440\u0442\u043a\u0430 Hannah Revel Mns \u0432 \u0446\u0432\u0435\u0442\u0435 midnight navy \u0438\u0434\u0435\u0430\u043b\u044c\u043d\u043e \u043f\u043e\u0434\u0445\u043e\u0434\u0438\u0442 \u0434\u043b\u044f \u0437\u0438\u043c\u043d\u0438\u0445 \u0430\u043a\u0442\u0438\u0432\u043d\u043e\u0441\u0442\u0435\u0439. \u041b\u0435\u0433\u043a\u0430\u044f, \u0434\u044b\u0448\u0430\u0449\u0430\u044f, \u043a\u043e\u043c\u043f\u0430\u043a\u0442\u043d\u0430\u044f - \u0432\u0430\u0448 \u0438\u0434\u0435\u0430\u043b\u044c\u043d\u044b\u0439 \u0441\u043f\u0443\u0442\u043d\u0438\u043a \u0432 \u0433\u043e\u0440\u0430\u0445!","og_url":"https:\/\/xstyle.md\/ro\/produs\/kurtka-muzhskaja-hannah-revel\/","og_site_name":"\u041c\u0430\u0433\u0430\u0437\u0438\u043d Xstyle","article_publisher":"https:\/\/www.facebook.com\/xstylemd","article_modified_time":"2026-04-08T08:13:08+00:00","og_image":[{"width":800,"height":800,"url":"https:\/\/xstyle.md\/wp-content\/uploads\/2020\/07\/mid_navy_2.jpg","type":"image\/jpeg"}],"twitter_card":"summary_large_image","twitter_misc":{"Pre\u021b":"2.650&nbsp;MDL","Disponibilitate":"\u00cen stoc"},"schema":{"@context":"https:\/\/schema.org","@graph":[{"@type":"WebPage","@id":"https:\/\/xstyle.md\/product\/kurtka-muzhskaja-hannah-revel\/","url":"https:\/\/xstyle.md\/product\/kurtka-muzhskaja-hannah-revel\/","name":"Geac\u0103 Hannah Revel Mns Midnight Navy - Magazin Xstyle","isPartOf":{"@id":"https:\/\/xstyle.md\/#website"},"primaryImageOfPage":{"@id":"https:\/\/xstyle.md\/product\/kurtka-muzhskaja-hannah-revel\/#primaryimage"},"image":{"@id":"https:\/\/xstyle.md\/product\/kurtka-muzhskaja-hannah-revel\/#primaryimage"},"thumbnailUrl":"https:\/\/xstyle.md\/wp-content\/uploads\/2020\/07\/mid_navy_2.jpg","datePublished":"2020-07-17T11:14:12+00:00","dateModified":"2026-04-08T08:13:08+00:00","description":"Jacheta Hannah Revel Mns \u00een culoarea midnight navy este perfect\u0103 pentru activit\u0103\u021bile de iarn\u0103. U\u0219oar\u0103, respirabil\u0103, compact\u0103 - tovar\u0103\u0219ul ideal \u00een mun\u021bi!","breadcrumb":{"@id":"https:\/\/xstyle.md\/product\/kurtka-muzhskaja-hannah-revel\/#breadcrumb"},"inLanguage":"ro-RO","potentialAction":[{"@type":"ReadAction","target":["https:\/\/xstyle.md\/product\/kurtka-muzhskaja-hannah-revel\/"]}]},{"@type":"ImageObject","inLanguage":"ro-RO","@id":"https:\/\/xstyle.md\/product\/kurtka-muzhskaja-hannah-revel\/#primaryimage","url":"https:\/\/xstyle.md\/wp-content\/uploads\/2020\/07\/mid_navy_2.jpg","contentUrl":"https:\/\/xstyle.md\/wp-content\/uploads\/2020\/07\/mid_navy_2.jpg","width":800,"height":800},{"@type":"BreadcrumbList","@id":"https:\/\/xstyle.md\/product\/kurtka-muzhskaja-hannah-revel\/#breadcrumb","itemListElement":[{"@type":"ListItem","position":1,"name":"\u0413\u043b\u0430\u0432\u043d\u0430\u044f \u0441\u0442\u0440\u0430\u043d\u0438\u0446\u0430","item":"https:\/\/xstyle.md\/"},{"@type":"ListItem","position":2,"name":"\u041c\u0430\u0433\u0430\u0437\u0438\u043d","item":"https:\/\/xstyle.md\/shop\/"},{"@type":"ListItem","position":3,"name":"\u041a\u0443\u0440\u0442\u043a\u0430 Hannah Revel Mns midnight navy"}]},{"@type":"WebSite","@id":"https:\/\/xstyle.md\/#website","url":"https:\/\/xstyle.md\/","name":"Magazinul X-Style","description":"Echipamente pentru turism \u0219i sporturi extreme \u00een Moldova. Pre\u021buri, fotografii, caracteristici \u00een Moldova.","publisher":{"@id":"https:\/\/xstyle.md\/#organization"},"alternateName":"X-Style","potentialAction":[{"@type":"SearchAction","target":{"@type":"EntryPoint","urlTemplate":"https:\/\/xstyle.md\/?s={search_term_string}"},"query-input":{"@type":"PropertyValueSpecification","valueRequired":true,"valueName":"search_term_string"}}],"inLanguage":"ro-RO"},{"@type":"Organization","@id":"https:\/\/xstyle.md\/#organization","name":"Magazinul X-Style","alternateName":"x-style","url":"https:\/\/xstyle.md\/","logo":{"@type":"ImageObject","inLanguage":"ro-RO","@id":"https:\/\/xstyle.md\/#\/schema\/logo\/image\/","url":"https:\/\/xstyle.md\/wp-content\/uploads\/2020\/06\/logoicon.svg","contentUrl":"https:\/\/xstyle.md\/wp-content\/uploads\/2020\/06\/logoicon.svg","caption":"\u041c\u0430\u0433\u0430\u0437\u0438\u043d Xstyle"},"image":{"@id":"https:\/\/xstyle.md\/#\/schema\/logo\/image\/"},"sameAs":["https:\/\/www.facebook.com\/xstylemd","https:\/\/www.instagram.com\/xstyle_md\/","https:\/\/t.me\/xstyle_outdoor"],"hasMerchantReturnPolicy":{"@type":"MerchantReturnPolicy","merchantReturnLink":"https:\/\/xstyle.md\/ro\/conditions\/"}}]},"product_price_amount":"2650.00","product_price_currency":"MDL","og_availability":"instock","product_availability":"instock","product_retailer_item_id":"8591203985833","product_condition":"new"},"post_mailing_queue_ids":[],"_links":{"self":[{"href":"https:\/\/xstyle.md\/ro\/wp-json\/wp\/v2\/product\/14695","targetHints":{"allow":["GET"]}}],"collection":[{"href":"https:\/\/xstyle.md\/ro\/wp-json\/wp\/v2\/product"}],"about":[{"href":"https:\/\/xstyle.md\/ro\/wp-json\/wp\/v2\/types\/product"}],"replies":[{"embeddable":true,"href":"https:\/\/xstyle.md\/ro\/wp-json\/wp\/v2\/comments?post=14695"}],"wp:featuredmedia":[{"embeddable":true,"href":"https:\/\/xstyle.md\/ro\/wp-json\/wp\/v2\/media\/14694"}],"wp:attachment":[{"href":"https:\/\/xstyle.md\/ro\/wp-json\/wp\/v2\/media?parent=14695"}],"wp:term":[{"taxonomy":"product_brand","embeddable":true,"href":"https:\/\/xstyle.md\/ro\/wp-json\/wp\/v2\/product_brand?post=14695"},{"taxonomy":"product_cat","embeddable":true,"href":"https:\/\/xstyle.md\/ro\/wp-json\/wp\/v2\/product_cat?post=14695"},{"taxonomy":"product_tag","embeddable":true,"href":"https:\/\/xstyle.md\/ro\/wp-json\/wp\/v2\/product_tag?post=14695"}],"curies":[{"name":"wp","href":"https:\/\/api.w.org\/{rel}","templated":true}]}}