{"id":14658,"date":"2020-07-17T14:12:37","date_gmt":"2020-07-17T11:12:37","guid":{"rendered":"https:\/\/xstyle.md\/product\/batnik-detskij-hannah-taurum-jr"},"modified":"2026-03-04T12:18:12","modified_gmt":"2026-03-04T09:18:12","slug":"batnikhannah-taurum-jr","status":"publish","type":"product","link":"https:\/\/xstyle.md\/ro\/produs\/batnikhannah-taurum-jr\/","title":{"rendered":"Vest\u0103 pentru copii Hannah Taurum JR"},"content":{"rendered":"<\/p>\n<p><strong>Hannah Taurum JR<\/strong> &#8212; vest\u0103 pentru copii cu fermoar complet \u0219i guler \u00eenalt, care este convenabil pentru reglarea temperaturii. Izola\u021bie optim\u0103 \u00een sezonul rece ca strat mijlociu.<\/p>\n<h3>Particularit\u0103\u021bi<\/h3>\n<ul>\n<li>Fermoar lung;<\/li>\n<li>Gulerul \u00eenalt protejeaz\u0103 g\u00e2tul de frig sau de curen\u021bi;<\/li>\n<li>Material pl\u0103cut \u0219i moale la atingere;<\/li>\n<li>P\u0103streaz\u0103 c\u0103ldura corpului;<\/li>\n<li>Buzunare laterale confortabile;<\/li>\n<li>M\u00e2neci elastice.<\/li>\n<\/ul>\n<h3>Caracteristici<\/h3>\n<ul>\n<li>Material &#8212; PolarSoft Micro;<\/li>\n<li>Aplicare &#8212; sport\/utilizare zilnic\u0103\/trekking;<\/li>\n<li>Sezon &#8212; iarn\u0103\/prim\u0103var\u0103\/toamn\u0103;<\/li>\n<li>Model &#8212; pentru copii.<\/li>\n<\/ul>\n<h3>Tehnologie<\/h3>\n<ul>\n<li><strong>PolarSoft Micro<\/strong>\u00a0&#8212; material tricotat sub\u021bire \u0219i u\u0219or din fleece, folosit pentru a crea diverse straturi c\u0103lduroase. Materialul este pl\u0103cut la atingere, iar produsele realizate din acesta pot fi folosite pentru anumite sporturi precum schi sau alergare fitness pe vreme rece.<\/li>\n<\/ul>\n<h3>Marca<\/h3>\n<p>Hannah \u2014 este un brand interna\u021bional specializat \u00een \u00eembr\u0103c\u0103minte de c\u0103l\u0103torii \u0219i sport pentru toate anotimpurile. Brandul Hannah a fost fondat \u00een Republica Ceh\u0103 \u00een anul 1991. Compania a ob\u021binut un succes remarcabil pe pia\u021ba intern\u0103, datorit\u0103 calit\u0103\u021bii \u00eenalte \u0219i pre\u021burilor accesibile.<\/p>\n<p>La \u00eenceput, compania fabrica produse conform standardelor interna\u021bionale, deoarece au \u00een\u021beles pe deplin importan\u021ba unei reputa\u021bii excelente. \u00cen acest sens, s-a alocat mult timp selec\u021biei materialelor de \u00eenalt\u0103 calitate, care sunt rezistente la uzur\u0103 \u0219i rezistente la ap\u0103. Ast\u0103zi, brandul nu st\u0103 pe loc, catalogul lor este \u00een permanen\u021b\u0103 actualizat \u0219i extins, iar produsele pot fi g\u0103site \u00een toat\u0103 lumea.<\/p>\n<p><\/p>","protected":false},"excerpt":{"rendered":"<p>\u0411\u0430\u0442\u043d\u0438\u043a \u0434\u0435\u0442\u0441\u043a\u0438\u0439 Hannah Taurum JR<\/p>","protected":false},"featured_media":58701,"comment_status":"open","ping_status":"closed","template":"","meta":{"_acf_changed":false,"inline_featured_image":false},"product_brand":[1271],"product_cat":[561],"product_tag":[],"class_list":{"0":"post-14658","1":"product","2":"type-product","3":"status-publish","4":"has-post-thumbnail","6":"product_brand-hannah","7":"product_cat-second-layer-kid","9":"first","10":"instock","11":"shipping-taxable","12":"purchasable","13":"product-type-simple"},"acf":[],"yoast_head":"<!-- This site is optimized with the Yoast SEO plugin v27.2 - https:\/\/yoast.com\/product\/yoast-seo-wordpress\/ -->\n<title>\u0411\u0430\u0442\u043d\u0438\u043a Hannah Taurum JR - \u041c\u0430\u0433\u0430\u0437\u0438\u043d Xstyle<\/title>\n<meta name=\"description\" content=\"\u041a\u0443\u043f\u0438\u0442\u0435 \u0431\u0430\u0442\u043d\u0438\u043a Hannah Taurum JR \u0434\u043b\u044f \u0434\u0435\u0442\u0435\u0439 \u0441 \u0432\u044b\u0441\u043e\u043a\u0438\u043c \u0432\u043e\u0440\u043e\u0442\u043d\u0438\u043a\u043e\u043c \u0438 \u0434\u043b\u0438\u043d\u043d\u044b\u043c \u043c\u043e\u043b\u043d\u0438\u0435\u0439. \u0418\u0434\u0435\u0430\u043b\u044c\u043d\u0430\u044f \u0438\u0437\u043e\u043b\u044f\u0446\u0438\u044f \u0434\u043b\u044f \u0437\u0438\u043c\u043d\u0438\u0445 \u0445\u043e\u043b\u043e\u0434\u043e\u0432! \u041a\u043e\u043c\u0444\u043e\u0440\u0442 \u0438 \u0442\u0435\u043f\u043b\u043e \u0432\u0441\u0435 \u0432\u0440\u0435\u043c\u044f!\" \/>\n<meta name=\"robots\" content=\"index, follow, max-snippet:-1, max-image-preview:large, max-video-preview:-1\" \/>\n<link rel=\"canonical\" href=\"https:\/\/xstyle.md\/ro\/produs\/batnikhannah-taurum-jr\/\" \/>\n<meta property=\"og:locale\" content=\"ro_RO\" \/>\n<meta property=\"og:type\" content=\"article\" \/>\n<meta property=\"og:title\" content=\"\u0411\u0430\u0442\u043d\u0438\u043a Hannah Taurum JR - \u041c\u0430\u0433\u0430\u0437\u0438\u043d Xstyle\" \/>\n<meta property=\"og:description\" content=\"\u041a\u0443\u043f\u0438\u0442\u0435 \u0431\u0430\u0442\u043d\u0438\u043a Hannah Taurum JR \u0434\u043b\u044f \u0434\u0435\u0442\u0435\u0439 \u0441 \u0432\u044b\u0441\u043e\u043a\u0438\u043c \u0432\u043e\u0440\u043e\u0442\u043d\u0438\u043a\u043e\u043c \u0438 \u0434\u043b\u0438\u043d\u043d\u044b\u043c \u043c\u043e\u043b\u043d\u0438\u0435\u0439. \u0418\u0434\u0435\u0430\u043b\u044c\u043d\u0430\u044f \u0438\u0437\u043e\u043b\u044f\u0446\u0438\u044f \u0434\u043b\u044f \u0437\u0438\u043c\u043d\u0438\u0445 \u0445\u043e\u043b\u043e\u0434\u043e\u0432! \u041a\u043e\u043c\u0444\u043e\u0440\u0442 \u0438 \u0442\u0435\u043f\u043b\u043e \u0432\u0441\u0435 \u0432\u0440\u0435\u043c\u044f!\" \/>\n<meta property=\"og:url\" content=\"https:\/\/xstyle.md\/ro\/produs\/batnikhannah-taurum-jr\/\" \/>\n<meta property=\"og:site_name\" content=\"\u041c\u0430\u0433\u0430\u0437\u0438\u043d Xstyle\" \/>\n<meta property=\"article:publisher\" content=\"https:\/\/www.facebook.com\/xstylemd\" \/>\n<meta property=\"article:modified_time\" content=\"2026-03-04T09:18:12+00:00\" \/>\n<meta property=\"og:image\" content=\"https:\/\/xstyle.md\/wp-content\/uploads\/2020\/07\/hannah-taurum-jr-blue.jpg\" \/>\n\t<meta property=\"og:image:width\" content=\"839\" \/>\n\t<meta property=\"og:image:height\" content=\"844\" \/>\n\t<meta property=\"og:image:type\" content=\"image\/jpeg\" \/>\n<meta name=\"twitter:card\" content=\"summary_large_image\" \/>\n<meta name=\"twitter:label1\" content=\"Pre\u021b\" \/>\n\t<meta name=\"twitter:data1\" content=\"690&nbsp;MDL\" \/>\n\t<meta name=\"twitter:label2\" content=\"Disponibilitate\" \/>\n\t<meta name=\"twitter:data2\" content=\"\u00cen stoc\" \/>\n<script type=\"application\/ld+json\" class=\"yoast-schema-graph\">{\"@context\":\"https:\/\/schema.org\",\"@graph\":[{\"@type\":\"WebPage\",\"@id\":\"https:\/\/xstyle.md\/product\/batnikhannah-taurum-jr\/\",\"url\":\"https:\/\/xstyle.md\/product\/batnikhannah-taurum-jr\/\",\"name\":\"\u0411\u0430\u0442\u043d\u0438\u043a Hannah Taurum JR - \u041c\u0430\u0433\u0430\u0437\u0438\u043d Xstyle\",\"isPartOf\":{\"@id\":\"https:\/\/xstyle.md\/#website\"},\"primaryImageOfPage\":{\"@id\":\"https:\/\/xstyle.md\/product\/batnikhannah-taurum-jr\/#primaryimage\"},\"image\":{\"@id\":\"https:\/\/xstyle.md\/product\/batnikhannah-taurum-jr\/#primaryimage\"},\"thumbnailUrl\":\"https:\/\/xstyle.md\/wp-content\/uploads\/2020\/07\/hannah-taurum-jr-blue.jpg\",\"datePublished\":\"2020-07-17T11:12:37+00:00\",\"dateModified\":\"2026-03-04T09:18:12+00:00\",\"description\":\"\u041a\u0443\u043f\u0438\u0442\u0435 \u0431\u0430\u0442\u043d\u0438\u043a Hannah Taurum JR \u0434\u043b\u044f \u0434\u0435\u0442\u0435\u0439 \u0441 \u0432\u044b\u0441\u043e\u043a\u0438\u043c \u0432\u043e\u0440\u043e\u0442\u043d\u0438\u043a\u043e\u043c \u0438 \u0434\u043b\u0438\u043d\u043d\u044b\u043c \u043c\u043e\u043b\u043d\u0438\u0435\u0439. \u0418\u0434\u0435\u0430\u043b\u044c\u043d\u0430\u044f \u0438\u0437\u043e\u043b\u044f\u0446\u0438\u044f \u0434\u043b\u044f \u0437\u0438\u043c\u043d\u0438\u0445 \u0445\u043e\u043b\u043e\u0434\u043e\u0432! \u041a\u043e\u043c\u0444\u043e\u0440\u0442 \u0438 \u0442\u0435\u043f\u043b\u043e \u0432\u0441\u0435 \u0432\u0440\u0435\u043c\u044f!\",\"breadcrumb\":{\"@id\":\"https:\/\/xstyle.md\/product\/batnikhannah-taurum-jr\/#breadcrumb\"},\"inLanguage\":\"ro-RO\",\"potentialAction\":[{\"@type\":\"ReadAction\",\"target\":[\"https:\/\/xstyle.md\/product\/batnikhannah-taurum-jr\/\"]}]},{\"@type\":\"ImageObject\",\"inLanguage\":\"ro-RO\",\"@id\":\"https:\/\/xstyle.md\/product\/batnikhannah-taurum-jr\/#primaryimage\",\"url\":\"https:\/\/xstyle.md\/wp-content\/uploads\/2020\/07\/hannah-taurum-jr-blue.jpg\",\"contentUrl\":\"https:\/\/xstyle.md\/wp-content\/uploads\/2020\/07\/hannah-taurum-jr-blue.jpg\",\"width\":839,\"height\":844,\"caption\":\"\u0411\u0430\u0442\u043d\u0438\u043a Hannah Taurum JR \u0434\u043b\u044f \u0430\u043a\u0442\u0438\u0432\u043d\u043e\u0433\u043e \u043e\u0442\u0434\u044b\u0445\u0430 \u0441\u043d\u0430\u0440\u044f\u0436\u0435\u043d\u0438\u0435 \u0434\u043b\u044f \u0430\u043b\u044c\u043f\u0438\u043d\u0438\u0437\u043c\u0430 \u0438 \u043f\u0443\u0442\u0435\u0448\u0435\u0441\u0442\u0432\u0438\u0439 \u043e\u0431\u0443\u0432\u044c \u0438 \u043e\u0434\u0435\u0436\u0434\u0430 \u0434\u043b\u044f \u0442\u0443\u0440\u0438\u0441\u0442\u043e\u0432 \u0438 \u043b\u044e\u0431\u0438\u0442\u0435\u043b\u0435\u0439 \u0445\u0430\u0439\u043a\u0438\u043d\u0433\u0430 \u043d\u0430 \u043e\u043d\u043b\u0430\u0439\u043d \u043c\u0430\u0433\u0430\u0437\u0438\u043d\u0435 \u0430\u043a\u0442\u0438\u0432\u043d\u043e\u0439 \u0436\u0438\u0437\u043d\u0438\"},{\"@type\":\"BreadcrumbList\",\"@id\":\"https:\/\/xstyle.md\/product\/batnikhannah-taurum-jr\/#breadcrumb\",\"itemListElement\":[{\"@type\":\"ListItem\",\"position\":1,\"name\":\"\u0413\u043b\u0430\u0432\u043d\u0430\u044f \u0441\u0442\u0440\u0430\u043d\u0438\u0446\u0430\",\"item\":\"https:\/\/xstyle.md\/\"},{\"@type\":\"ListItem\",\"position\":2,\"name\":\"\u041c\u0430\u0433\u0430\u0437\u0438\u043d\",\"item\":\"https:\/\/xstyle.md\/shop\/\"},{\"@type\":\"ListItem\",\"position\":3,\"name\":\"\u0411\u0430\u0442\u043d\u0438\u043a Hannah Taurum JR\"}]},{\"@type\":\"WebSite\",\"@id\":\"https:\/\/xstyle.md\/#website\",\"url\":\"https:\/\/xstyle.md\/\",\"name\":\"\u041c\u0430\u0433\u0430\u0437\u0438\u043d Xstyle\",\"description\":\"C\u043d\u0430\u0440\u044f\u0436\u0435\u043d\u0438\u0435 \u0434\u043b\u044f \u0442\u0443\u0440\u0438\u0437\u043c\u0430 \u0438 \u044d\u043a\u0441\u0442\u0440\u0435\u043c\u0430\u043b\u044c\u043d\u044b\u0445 \u0432\u0438\u0434\u043e\u0432 \u0441\u043f\u043e\u0440\u0442\u0430 \u0432 \u041c\u043e\u043b\u0434\u043e\u0432\u0435.. \u0426\u0435\u043d\u044b, \u0444\u043e\u0442\u043e, \u0445\u0430\u0440\u0430\u043a\u0442\u0435\u0440\u0438\u0441\u0442\u0438\u043a\u0438 \u0432 \u041c\u043e\u043b\u0434\u043e\u0432\u0435.\",\"publisher\":{\"@id\":\"https:\/\/xstyle.md\/#organization\"},\"alternateName\":\"X-Style\",\"potentialAction\":[{\"@type\":\"SearchAction\",\"target\":{\"@type\":\"EntryPoint\",\"urlTemplate\":\"https:\/\/xstyle.md\/?s={search_term_string}\"},\"query-input\":{\"@type\":\"PropertyValueSpecification\",\"valueRequired\":true,\"valueName\":\"search_term_string\"}}],\"inLanguage\":\"ro-RO\"},{\"@type\":\"Organization\",\"@id\":\"https:\/\/xstyle.md\/#organization\",\"name\":\"\u041c\u0430\u0433\u0430\u0437\u0438\u043d Xstyle\",\"alternateName\":\"x-style\",\"url\":\"https:\/\/xstyle.md\/\",\"logo\":{\"@type\":\"ImageObject\",\"inLanguage\":\"ro-RO\",\"@id\":\"https:\/\/xstyle.md\/#\/schema\/logo\/image\/\",\"url\":\"https:\/\/xstyle.md\/wp-content\/uploads\/2020\/06\/logoicon.svg\",\"contentUrl\":\"https:\/\/xstyle.md\/wp-content\/uploads\/2020\/06\/logoicon.svg\",\"caption\":\"\u041c\u0430\u0433\u0430\u0437\u0438\u043d Xstyle\"},\"image\":{\"@id\":\"https:\/\/xstyle.md\/#\/schema\/logo\/image\/\"},\"sameAs\":[\"https:\/\/www.facebook.com\/xstylemd\",\"https:\/\/www.instagram.com\/xstyle_md\/\",\"https:\/\/t.me\/xstyle_outdoor\"],\"hasMerchantReturnPolicy\":{\"@type\":\"MerchantReturnPolicy\",\"merchantReturnLink\":\"https:\/\/xstyle.md\/ro\/conditions\/\"}}]}<\/script>\n<meta property=\"product:price:amount\" content=\"690.00\" \/>\n<meta property=\"product:price:currency\" content=\"MDL\" \/>\n<meta property=\"og:availability\" content=\"instock\" \/>\n<meta property=\"product:availability\" content=\"instock\" \/>\n<meta property=\"product:retailer_item_id\" content=\"8591203989862\" \/>\n<meta property=\"product:condition\" content=\"new\" \/>\n<!-- \/ Yoast SEO plugin. -->","yoast_head_json":{"title":"Vest\u0103 pentru copii Hannah Taurum JR - Magazin Xstyle","description":"Cump\u0103ra\u021bi hanoracul Hannah Taurum JR pentru copii, cu guler \u00eenalt \u0219i fermoar lung. Izola\u021bie perfect\u0103 pentru frigul iernii! Confort \u0219i c\u0103ldur\u0103 \u00een permanen\u021b\u0103!","robots":{"index":"index","follow":"follow","max-snippet":"max-snippet:-1","max-image-preview":"max-image-preview:large","max-video-preview":"max-video-preview:-1"},"canonical":"https:\/\/xstyle.md\/ro\/produs\/batnikhannah-taurum-jr\/","og_locale":"ro_RO","og_type":"article","og_title":"\u0411\u0430\u0442\u043d\u0438\u043a Hannah Taurum JR - \u041c\u0430\u0433\u0430\u0437\u0438\u043d Xstyle","og_description":"\u041a\u0443\u043f\u0438\u0442\u0435 \u0431\u0430\u0442\u043d\u0438\u043a Hannah Taurum JR \u0434\u043b\u044f \u0434\u0435\u0442\u0435\u0439 \u0441 \u0432\u044b\u0441\u043e\u043a\u0438\u043c \u0432\u043e\u0440\u043e\u0442\u043d\u0438\u043a\u043e\u043c \u0438 \u0434\u043b\u0438\u043d\u043d\u044b\u043c \u043c\u043e\u043b\u043d\u0438\u0435\u0439. \u0418\u0434\u0435\u0430\u043b\u044c\u043d\u0430\u044f \u0438\u0437\u043e\u043b\u044f\u0446\u0438\u044f \u0434\u043b\u044f \u0437\u0438\u043c\u043d\u0438\u0445 \u0445\u043e\u043b\u043e\u0434\u043e\u0432! \u041a\u043e\u043c\u0444\u043e\u0440\u0442 \u0438 \u0442\u0435\u043f\u043b\u043e \u0432\u0441\u0435 \u0432\u0440\u0435\u043c\u044f!","og_url":"https:\/\/xstyle.md\/ro\/produs\/batnikhannah-taurum-jr\/","og_site_name":"\u041c\u0430\u0433\u0430\u0437\u0438\u043d Xstyle","article_publisher":"https:\/\/www.facebook.com\/xstylemd","article_modified_time":"2026-03-04T09:18:12+00:00","og_image":[{"width":839,"height":844,"url":"https:\/\/xstyle.md\/wp-content\/uploads\/2020\/07\/hannah-taurum-jr-blue.jpg","type":"image\/jpeg"}],"twitter_card":"summary_large_image","twitter_misc":{"Pre\u021b":"690&nbsp;MDL","Disponibilitate":"\u00cen stoc"},"schema":{"@context":"https:\/\/schema.org","@graph":[{"@type":"WebPage","@id":"https:\/\/xstyle.md\/product\/batnikhannah-taurum-jr\/","url":"https:\/\/xstyle.md\/product\/batnikhannah-taurum-jr\/","name":"Vest\u0103 pentru copii Hannah Taurum JR - Magazin Xstyle","isPartOf":{"@id":"https:\/\/xstyle.md\/#website"},"primaryImageOfPage":{"@id":"https:\/\/xstyle.md\/product\/batnikhannah-taurum-jr\/#primaryimage"},"image":{"@id":"https:\/\/xstyle.md\/product\/batnikhannah-taurum-jr\/#primaryimage"},"thumbnailUrl":"https:\/\/xstyle.md\/wp-content\/uploads\/2020\/07\/hannah-taurum-jr-blue.jpg","datePublished":"2020-07-17T11:12:37+00:00","dateModified":"2026-03-04T09:18:12+00:00","description":"Cump\u0103ra\u021bi hanoracul Hannah Taurum JR pentru copii, cu guler \u00eenalt \u0219i fermoar lung. Izola\u021bie perfect\u0103 pentru frigul iernii! Confort \u0219i c\u0103ldur\u0103 \u00een permanen\u021b\u0103!","breadcrumb":{"@id":"https:\/\/xstyle.md\/product\/batnikhannah-taurum-jr\/#breadcrumb"},"inLanguage":"ro-RO","potentialAction":[{"@type":"ReadAction","target":["https:\/\/xstyle.md\/product\/batnikhannah-taurum-jr\/"]}]},{"@type":"ImageObject","inLanguage":"ro-RO","@id":"https:\/\/xstyle.md\/product\/batnikhannah-taurum-jr\/#primaryimage","url":"https:\/\/xstyle.md\/wp-content\/uploads\/2020\/07\/hannah-taurum-jr-blue.jpg","contentUrl":"https:\/\/xstyle.md\/wp-content\/uploads\/2020\/07\/hannah-taurum-jr-blue.jpg","width":839,"height":844,"caption":"\u0411\u0430\u0442\u043d\u0438\u043a Hannah Taurum JR \u0434\u043b\u044f \u0430\u043a\u0442\u0438\u0432\u043d\u043e\u0433\u043e \u043e\u0442\u0434\u044b\u0445\u0430 \u0441\u043d\u0430\u0440\u044f\u0436\u0435\u043d\u0438\u0435 \u0434\u043b\u044f \u0430\u043b\u044c\u043f\u0438\u043d\u0438\u0437\u043c\u0430 \u0438 \u043f\u0443\u0442\u0435\u0448\u0435\u0441\u0442\u0432\u0438\u0439 \u043e\u0431\u0443\u0432\u044c \u0438 \u043e\u0434\u0435\u0436\u0434\u0430 \u0434\u043b\u044f \u0442\u0443\u0440\u0438\u0441\u0442\u043e\u0432 \u0438 \u043b\u044e\u0431\u0438\u0442\u0435\u043b\u0435\u0439 \u0445\u0430\u0439\u043a\u0438\u043d\u0433\u0430 \u043d\u0430 \u043e\u043d\u043b\u0430\u0439\u043d \u043c\u0430\u0433\u0430\u0437\u0438\u043d\u0435 \u0430\u043a\u0442\u0438\u0432\u043d\u043e\u0439 \u0436\u0438\u0437\u043d\u0438"},{"@type":"BreadcrumbList","@id":"https:\/\/xstyle.md\/product\/batnikhannah-taurum-jr\/#breadcrumb","itemListElement":[{"@type":"ListItem","position":1,"name":"\u0413\u043b\u0430\u0432\u043d\u0430\u044f \u0441\u0442\u0440\u0430\u043d\u0438\u0446\u0430","item":"https:\/\/xstyle.md\/"},{"@type":"ListItem","position":2,"name":"\u041c\u0430\u0433\u0430\u0437\u0438\u043d","item":"https:\/\/xstyle.md\/shop\/"},{"@type":"ListItem","position":3,"name":"\u0411\u0430\u0442\u043d\u0438\u043a Hannah Taurum JR"}]},{"@type":"WebSite","@id":"https:\/\/xstyle.md\/#website","url":"https:\/\/xstyle.md\/","name":"Magazinul X-Style","description":"Echipamente pentru turism \u0219i sporturi extreme \u00een Moldova. Pre\u021buri, fotografii, caracteristici \u00een Moldova.","publisher":{"@id":"https:\/\/xstyle.md\/#organization"},"alternateName":"X-Style","potentialAction":[{"@type":"SearchAction","target":{"@type":"EntryPoint","urlTemplate":"https:\/\/xstyle.md\/?s={search_term_string}"},"query-input":{"@type":"PropertyValueSpecification","valueRequired":true,"valueName":"search_term_string"}}],"inLanguage":"ro-RO"},{"@type":"Organization","@id":"https:\/\/xstyle.md\/#organization","name":"Magazinul X-Style","alternateName":"x-style","url":"https:\/\/xstyle.md\/","logo":{"@type":"ImageObject","inLanguage":"ro-RO","@id":"https:\/\/xstyle.md\/#\/schema\/logo\/image\/","url":"https:\/\/xstyle.md\/wp-content\/uploads\/2020\/06\/logoicon.svg","contentUrl":"https:\/\/xstyle.md\/wp-content\/uploads\/2020\/06\/logoicon.svg","caption":"\u041c\u0430\u0433\u0430\u0437\u0438\u043d Xstyle"},"image":{"@id":"https:\/\/xstyle.md\/#\/schema\/logo\/image\/"},"sameAs":["https:\/\/www.facebook.com\/xstylemd","https:\/\/www.instagram.com\/xstyle_md\/","https:\/\/t.me\/xstyle_outdoor"],"hasMerchantReturnPolicy":{"@type":"MerchantReturnPolicy","merchantReturnLink":"https:\/\/xstyle.md\/ro\/conditions\/"}}]},"product_price_amount":"690.00","product_price_currency":"MDL","og_availability":"instock","product_availability":"instock","product_retailer_item_id":"8591203989862","product_condition":"new"},"post_mailing_queue_ids":[],"_links":{"self":[{"href":"https:\/\/xstyle.md\/ro\/wp-json\/wp\/v2\/product\/14658","targetHints":{"allow":["GET"]}}],"collection":[{"href":"https:\/\/xstyle.md\/ro\/wp-json\/wp\/v2\/product"}],"about":[{"href":"https:\/\/xstyle.md\/ro\/wp-json\/wp\/v2\/types\/product"}],"replies":[{"embeddable":true,"href":"https:\/\/xstyle.md\/ro\/wp-json\/wp\/v2\/comments?post=14658"}],"wp:featuredmedia":[{"embeddable":true,"href":"https:\/\/xstyle.md\/ro\/wp-json\/wp\/v2\/media\/58701"}],"wp:attachment":[{"href":"https:\/\/xstyle.md\/ro\/wp-json\/wp\/v2\/media?parent=14658"}],"wp:term":[{"taxonomy":"product_brand","embeddable":true,"href":"https:\/\/xstyle.md\/ro\/wp-json\/wp\/v2\/product_brand?post=14658"},{"taxonomy":"product_cat","embeddable":true,"href":"https:\/\/xstyle.md\/ro\/wp-json\/wp\/v2\/product_cat?post=14658"},{"taxonomy":"product_tag","embeddable":true,"href":"https:\/\/xstyle.md\/ro\/wp-json\/wp\/v2\/product_tag?post=14658"}],"curies":[{"name":"wp","href":"https:\/\/api.w.org\/{rel}","templated":true}]}}