{"id":14509,"date":"2020-07-17T14:00:29","date_gmt":"2020-07-17T11:00:29","guid":{"rendered":"https:\/\/xstyle.md\/product\/botinki-olang-scozia-kid"},"modified":"2026-03-19T16:36:30","modified_gmt":"2026-03-19T13:36:30","slug":"botinki-olang-scozia-kid","status":"publish","type":"product","link":"https:\/\/xstyle.md\/ro\/produs\/botinki-olang-scozia-kid\/","title":{"rendered":"Bocanci Olang Scozia Kid blu"},"content":{"rendered":"<\/p>\n<p>Bocanci <strong>Olang Scozia Kid<\/strong> sunt moderne \u0219i practice, cu piele nubuc prelucrata cu solutie impermeabila \u0219i blan\u0103 Shearling \u00een interior pentru c\u0103ldur\u0103 \u0219i confort \u00een cele mai reci zile. Talp\u0103 din cauciuc rezistent microporos.<\/p>\n<p>Talp\u0103: Toronto &#8212; elementele benzii de rulare nu limiteaz\u0103 flexibilitatea t\u0103lpii, cauciucul antiderapant este durabil \u0219i ofer\u0103 o aderen\u021b\u0103 excelent\u0103 piciorului pe suprafe\u021be umede \u0219i uscate, propriet\u0103\u021bile t\u0103lpii se men\u021bin \u00een diferite regimuri de temperatur\u0103 rece. Benzile de rulare sunt pozi\u021bionate \u00een toate direc\u021biile pentru o trac\u021biune excelent\u0103.<\/p>\n<h3>Particularit\u0103\u021bi<\/h3>\n<ul>\n<li>Cizme de iarn\u0103 pentru copii, impermeabile<\/li>\n<li>Confec\u021biona\u021bi din piele nubuc, prelucrata pentru impermeabilizare<\/li>\n<li>Blana cald\u0103 \u00een interior<\/li>\n<li>Cu nasturi pe lateral pentru o potrivire confortabil\u0103<\/li>\n<li>Talp\u0103 din cauciuc microporos pentru fiabilitate \u0219i aderen\u021b\u0103 bun\u0103.<\/li>\n<\/ul>\n<h3>Caracteristici<\/h3>\n<ul>\n<li>Material principal &#8212; piele<\/li>\n<li>Material superior &#8212; blan\u0103<\/li>\n<li>C\u0103ptu\u0219eal\u0103 &#8212; blan\u0103 natural\u0103, piele de miel<\/li>\n<li>Talp\u0103 exterioar\u0103 &#8212; cauciuc<\/li>\n<li>Zona de confort &#8212; 30\u00b0C<\/li>\n<li>Sezonier pentru toamn\u0103\/iarn\u0103.<\/li>\n<\/ul>\n<p>\n<p><img decoding=\"async\" class=\"alignnone\" style=\"width: 100%;\" src=\"https:\/\/xstyle.md\/wp-content\/uploads\/2021\/01\/razmer_olang_baby.jpg\" alt=\"\" \/><\/p>\n\n<\/p>\n<h3>Marca<\/h3>\n<p>Compania italian\u0103 OLANG este unul dintre liderii \u00een produc\u021bia de \u00eenc\u0103l\u021b\u0103minte de \u00eenalt\u0103 calitate pentru activit\u0103\u021bi \u00een aer liber. Specializat\u0103 \u00een \u00eenc\u0103l\u021b\u0103minte de iarn\u0103 pentru femei \u0219i b\u0103rba\u021bi \u0219i pantofi de trekking pentru activit\u0103\u021bi \u00een aer liber. Una dintre principalele caracteristici ale pantofului este utilizarea tehnologiei pentru stabilitate maxim\u0103 pe suprafe\u021bele \u00eenghe\u021bate.<\/p>\n<p>Olang aduce confort \u0219i stil fiec\u0103rui client: durabil, u\u0219or \u0219i conceput chiar \u0219i pentru cele mai complicate situa\u021bii. Olang Spa a fost fondat\u0103 \u00een 1990 de Armando Sartor, care a conceput pantofi pentru Lotto \u0219i Tecnica Spa.<\/p>\n<p>","protected":false},"excerpt":{"rendered":"<p>Bocanci Olang Scozia Kid blu<\/p>","protected":false},"featured_media":14507,"comment_status":"open","ping_status":"closed","template":"","meta":{"_acf_changed":false,"inline_featured_image":false},"product_brand":[1402],"product_cat":[146],"product_tag":[],"class_list":{"0":"post-14509","1":"product","2":"type-product","3":"status-publish","4":"has-post-thumbnail","6":"product_brand-olang","7":"product_cat-fall-winter","9":"first","10":"instock","11":"shipping-taxable","12":"purchasable","13":"product-type-simple"},"acf":[],"yoast_head":"<!-- This site is optimized with the Yoast SEO plugin v27.2 - https:\/\/yoast.com\/product\/yoast-seo-wordpress\/ -->\n<title>\u0411\u043e\u0442\u0438\u043d\u043a\u0438 Olang Scozia Kid blu - \u041c\u0430\u0433\u0430\u0437\u0438\u043d Xstyle<\/title>\n<meta name=\"description\" content=\"\u0411\u043e\u0442\u0438\u043d\u043a\u0438 Olang Scozia Kid blu \u2014 \u0438\u0434\u0435\u0430\u043b\u044c\u043d\u043e\u0435 \u0441\u043e\u0447\u0435\u0442\u0430\u043d\u0438\u0435 \u0441\u0442\u0438\u043b\u044f \u0438 \u043a\u043e\u043c\u0444\u043e\u0440\u0442\u0430 \u0434\u043b\u044f \u0445\u043e\u043b\u043e\u0434\u043d\u043e\u0439 \u043f\u043e\u0433\u043e\u0434\u044b \u0441 \u0432\u043e\u0434\u043e\u043e\u0442\u0442\u0430\u043b\u043a\u0438\u0432\u0430\u044e\u0449\u0435\u0439 \u043d\u0443\u0431\u0443\u043a\u043e\u0432\u043e\u0439 \u043a\u043e\u0436\u0435\u0439 \u0438 \u0442\u0435\u043f\u043b\u043e\u0439 \u0448\u0435\u0440\u043f\u043e\u0439 \u0432\u043d\u0443\u0442\u0440\u0438.\" \/>\n<meta name=\"robots\" content=\"index, follow, max-snippet:-1, max-image-preview:large, max-video-preview:-1\" \/>\n<link rel=\"canonical\" href=\"https:\/\/xstyle.md\/ro\/produs\/botinki-olang-scozia-kid\/\" \/>\n<meta property=\"og:locale\" content=\"ro_RO\" \/>\n<meta property=\"og:type\" content=\"article\" \/>\n<meta property=\"og:title\" content=\"\u0411\u043e\u0442\u0438\u043d\u043a\u0438 Olang Scozia Kid blu - \u041c\u0430\u0433\u0430\u0437\u0438\u043d Xstyle\" \/>\n<meta property=\"og:description\" content=\"\u0411\u043e\u0442\u0438\u043d\u043a\u0438 Olang Scozia Kid blu \u2014 \u0438\u0434\u0435\u0430\u043b\u044c\u043d\u043e\u0435 \u0441\u043e\u0447\u0435\u0442\u0430\u043d\u0438\u0435 \u0441\u0442\u0438\u043b\u044f \u0438 \u043a\u043e\u043c\u0444\u043e\u0440\u0442\u0430 \u0434\u043b\u044f \u0445\u043e\u043b\u043e\u0434\u043d\u043e\u0439 \u043f\u043e\u0433\u043e\u0434\u044b \u0441 \u0432\u043e\u0434\u043e\u043e\u0442\u0442\u0430\u043b\u043a\u0438\u0432\u0430\u044e\u0449\u0435\u0439 \u043d\u0443\u0431\u0443\u043a\u043e\u0432\u043e\u0439 \u043a\u043e\u0436\u0435\u0439 \u0438 \u0442\u0435\u043f\u043b\u043e\u0439 \u0448\u0435\u0440\u043f\u043e\u0439 \u0432\u043d\u0443\u0442\u0440\u0438.\" \/>\n<meta property=\"og:url\" content=\"https:\/\/xstyle.md\/ro\/produs\/botinki-olang-scozia-kid\/\" \/>\n<meta property=\"og:site_name\" content=\"\u041c\u0430\u0433\u0430\u0437\u0438\u043d Xstyle\" \/>\n<meta property=\"article:publisher\" content=\"https:\/\/www.facebook.com\/xstylemd\" \/>\n<meta property=\"article:modified_time\" content=\"2026-03-19T13:36:30+00:00\" \/>\n<meta property=\"og:image\" content=\"https:\/\/xstyle.md\/wp-content\/uploads\/2020\/07\/olang_scozia.jpg\" \/>\n\t<meta property=\"og:image:width\" content=\"1920\" \/>\n\t<meta property=\"og:image:height\" content=\"1819\" \/>\n\t<meta property=\"og:image:type\" content=\"image\/jpeg\" \/>\n<meta name=\"twitter:card\" content=\"summary_large_image\" \/>\n<meta name=\"twitter:label1\" content=\"Pre\u021b\" \/>\n\t<meta name=\"twitter:data1\" content=\"2.190&nbsp;MDL\" \/>\n\t<meta name=\"twitter:label2\" content=\"Disponibilitate\" \/>\n\t<meta name=\"twitter:data2\" content=\"\u00cen stoc\" \/>\n<script type=\"application\/ld+json\" class=\"yoast-schema-graph\">{\"@context\":\"https:\/\/schema.org\",\"@graph\":[{\"@type\":\"WebPage\",\"@id\":\"https:\/\/xstyle.md\/product\/botinki-olang-scozia-kid\/\",\"url\":\"https:\/\/xstyle.md\/product\/botinki-olang-scozia-kid\/\",\"name\":\"\u0411\u043e\u0442\u0438\u043d\u043a\u0438 Olang Scozia Kid blu - \u041c\u0430\u0433\u0430\u0437\u0438\u043d Xstyle\",\"isPartOf\":{\"@id\":\"https:\/\/xstyle.md\/#website\"},\"primaryImageOfPage\":{\"@id\":\"https:\/\/xstyle.md\/product\/botinki-olang-scozia-kid\/#primaryimage\"},\"image\":{\"@id\":\"https:\/\/xstyle.md\/product\/botinki-olang-scozia-kid\/#primaryimage\"},\"thumbnailUrl\":\"https:\/\/xstyle.md\/wp-content\/uploads\/2020\/07\/olang_scozia.jpg\",\"datePublished\":\"2020-07-17T11:00:29+00:00\",\"dateModified\":\"2026-03-19T13:36:30+00:00\",\"description\":\"\u0411\u043e\u0442\u0438\u043d\u043a\u0438 Olang Scozia Kid blu \u2014 \u0438\u0434\u0435\u0430\u043b\u044c\u043d\u043e\u0435 \u0441\u043e\u0447\u0435\u0442\u0430\u043d\u0438\u0435 \u0441\u0442\u0438\u043b\u044f \u0438 \u043a\u043e\u043c\u0444\u043e\u0440\u0442\u0430 \u0434\u043b\u044f \u0445\u043e\u043b\u043e\u0434\u043d\u043e\u0439 \u043f\u043e\u0433\u043e\u0434\u044b \u0441 \u0432\u043e\u0434\u043e\u043e\u0442\u0442\u0430\u043b\u043a\u0438\u0432\u0430\u044e\u0449\u0435\u0439 \u043d\u0443\u0431\u0443\u043a\u043e\u0432\u043e\u0439 \u043a\u043e\u0436\u0435\u0439 \u0438 \u0442\u0435\u043f\u043b\u043e\u0439 \u0448\u0435\u0440\u043f\u043e\u0439 \u0432\u043d\u0443\u0442\u0440\u0438.\",\"breadcrumb\":{\"@id\":\"https:\/\/xstyle.md\/product\/botinki-olang-scozia-kid\/#breadcrumb\"},\"inLanguage\":\"ro-RO\",\"potentialAction\":[{\"@type\":\"ReadAction\",\"target\":[\"https:\/\/xstyle.md\/product\/botinki-olang-scozia-kid\/\"]}]},{\"@type\":\"ImageObject\",\"inLanguage\":\"ro-RO\",\"@id\":\"https:\/\/xstyle.md\/product\/botinki-olang-scozia-kid\/#primaryimage\",\"url\":\"https:\/\/xstyle.md\/wp-content\/uploads\/2020\/07\/olang_scozia.jpg\",\"contentUrl\":\"https:\/\/xstyle.md\/wp-content\/uploads\/2020\/07\/olang_scozia.jpg\",\"width\":1920,\"height\":1819},{\"@type\":\"BreadcrumbList\",\"@id\":\"https:\/\/xstyle.md\/product\/botinki-olang-scozia-kid\/#breadcrumb\",\"itemListElement\":[{\"@type\":\"ListItem\",\"position\":1,\"name\":\"\u0413\u043b\u0430\u0432\u043d\u0430\u044f \u0441\u0442\u0440\u0430\u043d\u0438\u0446\u0430\",\"item\":\"https:\/\/xstyle.md\/\"},{\"@type\":\"ListItem\",\"position\":2,\"name\":\"\u041c\u0430\u0433\u0430\u0437\u0438\u043d\",\"item\":\"https:\/\/xstyle.md\/shop\/\"},{\"@type\":\"ListItem\",\"position\":3,\"name\":\"\u0411\u043e\u0442\u0438\u043d\u043a\u0438 Olang Scozia Kid blu\"}]},{\"@type\":\"WebSite\",\"@id\":\"https:\/\/xstyle.md\/#website\",\"url\":\"https:\/\/xstyle.md\/\",\"name\":\"\u041c\u0430\u0433\u0430\u0437\u0438\u043d Xstyle\",\"description\":\"C\u043d\u0430\u0440\u044f\u0436\u0435\u043d\u0438\u0435 \u0434\u043b\u044f \u0442\u0443\u0440\u0438\u0437\u043c\u0430 \u0438 \u044d\u043a\u0441\u0442\u0440\u0435\u043c\u0430\u043b\u044c\u043d\u044b\u0445 \u0432\u0438\u0434\u043e\u0432 \u0441\u043f\u043e\u0440\u0442\u0430 \u0432 \u041c\u043e\u043b\u0434\u043e\u0432\u0435.. \u0426\u0435\u043d\u044b, \u0444\u043e\u0442\u043e, \u0445\u0430\u0440\u0430\u043a\u0442\u0435\u0440\u0438\u0441\u0442\u0438\u043a\u0438 \u0432 \u041c\u043e\u043b\u0434\u043e\u0432\u0435.\",\"publisher\":{\"@id\":\"https:\/\/xstyle.md\/#organization\"},\"alternateName\":\"X-Style\",\"potentialAction\":[{\"@type\":\"SearchAction\",\"target\":{\"@type\":\"EntryPoint\",\"urlTemplate\":\"https:\/\/xstyle.md\/?s={search_term_string}\"},\"query-input\":{\"@type\":\"PropertyValueSpecification\",\"valueRequired\":true,\"valueName\":\"search_term_string\"}}],\"inLanguage\":\"ro-RO\"},{\"@type\":\"Organization\",\"@id\":\"https:\/\/xstyle.md\/#organization\",\"name\":\"\u041c\u0430\u0433\u0430\u0437\u0438\u043d Xstyle\",\"alternateName\":\"x-style\",\"url\":\"https:\/\/xstyle.md\/\",\"logo\":{\"@type\":\"ImageObject\",\"inLanguage\":\"ro-RO\",\"@id\":\"https:\/\/xstyle.md\/#\/schema\/logo\/image\/\",\"url\":\"https:\/\/xstyle.md\/wp-content\/uploads\/2020\/06\/logoicon.svg\",\"contentUrl\":\"https:\/\/xstyle.md\/wp-content\/uploads\/2020\/06\/logoicon.svg\",\"caption\":\"\u041c\u0430\u0433\u0430\u0437\u0438\u043d Xstyle\"},\"image\":{\"@id\":\"https:\/\/xstyle.md\/#\/schema\/logo\/image\/\"},\"sameAs\":[\"https:\/\/www.facebook.com\/xstylemd\",\"https:\/\/www.instagram.com\/xstyle_md\/\",\"https:\/\/t.me\/xstyle_outdoor\"],\"hasMerchantReturnPolicy\":{\"@type\":\"MerchantReturnPolicy\",\"merchantReturnLink\":\"https:\/\/xstyle.md\/ro\/conditions\/\"}}]}<\/script>\n<meta property=\"product:price:amount\" content=\"2190.00\" \/>\n<meta property=\"product:price:currency\" content=\"MDL\" \/>\n<meta property=\"og:availability\" content=\"instock\" \/>\n<meta property=\"product:availability\" content=\"instock\" \/>\n<meta property=\"product:retailer_item_id\" content=\"8026556516262\" \/>\n<meta property=\"product:condition\" content=\"new\" \/>\n<!-- \/ Yoast SEO plugin. -->","yoast_head_json":{"title":"Bocanci Olang Scozia Kid blu - Magazin Xstyle","description":"Botine Olang Scozia Kid bleumarin \u2014 combina\u021bia perfect\u0103 de stil \u0219i confort pentru vreme rece, cu piele nubuc rezistent\u0103 la ap\u0103 \u0219i bl\u0103ni\u021b\u0103 cald\u0103 \u00een interior.","robots":{"index":"index","follow":"follow","max-snippet":"max-snippet:-1","max-image-preview":"max-image-preview:large","max-video-preview":"max-video-preview:-1"},"canonical":"https:\/\/xstyle.md\/ro\/produs\/botinki-olang-scozia-kid\/","og_locale":"ro_RO","og_type":"article","og_title":"\u0411\u043e\u0442\u0438\u043d\u043a\u0438 Olang Scozia Kid blu - \u041c\u0430\u0433\u0430\u0437\u0438\u043d Xstyle","og_description":"\u0411\u043e\u0442\u0438\u043d\u043a\u0438 Olang Scozia Kid blu \u2014 \u0438\u0434\u0435\u0430\u043b\u044c\u043d\u043e\u0435 \u0441\u043e\u0447\u0435\u0442\u0430\u043d\u0438\u0435 \u0441\u0442\u0438\u043b\u044f \u0438 \u043a\u043e\u043c\u0444\u043e\u0440\u0442\u0430 \u0434\u043b\u044f \u0445\u043e\u043b\u043e\u0434\u043d\u043e\u0439 \u043f\u043e\u0433\u043e\u0434\u044b \u0441 \u0432\u043e\u0434\u043e\u043e\u0442\u0442\u0430\u043b\u043a\u0438\u0432\u0430\u044e\u0449\u0435\u0439 \u043d\u0443\u0431\u0443\u043a\u043e\u0432\u043e\u0439 \u043a\u043e\u0436\u0435\u0439 \u0438 \u0442\u0435\u043f\u043b\u043e\u0439 \u0448\u0435\u0440\u043f\u043e\u0439 \u0432\u043d\u0443\u0442\u0440\u0438.","og_url":"https:\/\/xstyle.md\/ro\/produs\/botinki-olang-scozia-kid\/","og_site_name":"\u041c\u0430\u0433\u0430\u0437\u0438\u043d Xstyle","article_publisher":"https:\/\/www.facebook.com\/xstylemd","article_modified_time":"2026-03-19T13:36:30+00:00","og_image":[{"width":1920,"height":1819,"url":"https:\/\/xstyle.md\/wp-content\/uploads\/2020\/07\/olang_scozia.jpg","type":"image\/jpeg"}],"twitter_card":"summary_large_image","twitter_misc":{"Pre\u021b":"2.190&nbsp;MDL","Disponibilitate":"\u00cen stoc"},"schema":{"@context":"https:\/\/schema.org","@graph":[{"@type":"WebPage","@id":"https:\/\/xstyle.md\/product\/botinki-olang-scozia-kid\/","url":"https:\/\/xstyle.md\/product\/botinki-olang-scozia-kid\/","name":"Bocanci Olang Scozia Kid blu - Magazin Xstyle","isPartOf":{"@id":"https:\/\/xstyle.md\/#website"},"primaryImageOfPage":{"@id":"https:\/\/xstyle.md\/product\/botinki-olang-scozia-kid\/#primaryimage"},"image":{"@id":"https:\/\/xstyle.md\/product\/botinki-olang-scozia-kid\/#primaryimage"},"thumbnailUrl":"https:\/\/xstyle.md\/wp-content\/uploads\/2020\/07\/olang_scozia.jpg","datePublished":"2020-07-17T11:00:29+00:00","dateModified":"2026-03-19T13:36:30+00:00","description":"Botine Olang Scozia Kid bleumarin \u2014 combina\u021bia perfect\u0103 de stil \u0219i confort pentru vreme rece, cu piele nubuc rezistent\u0103 la ap\u0103 \u0219i bl\u0103ni\u021b\u0103 cald\u0103 \u00een interior.","breadcrumb":{"@id":"https:\/\/xstyle.md\/product\/botinki-olang-scozia-kid\/#breadcrumb"},"inLanguage":"ro-RO","potentialAction":[{"@type":"ReadAction","target":["https:\/\/xstyle.md\/product\/botinki-olang-scozia-kid\/"]}]},{"@type":"ImageObject","inLanguage":"ro-RO","@id":"https:\/\/xstyle.md\/product\/botinki-olang-scozia-kid\/#primaryimage","url":"https:\/\/xstyle.md\/wp-content\/uploads\/2020\/07\/olang_scozia.jpg","contentUrl":"https:\/\/xstyle.md\/wp-content\/uploads\/2020\/07\/olang_scozia.jpg","width":1920,"height":1819},{"@type":"BreadcrumbList","@id":"https:\/\/xstyle.md\/product\/botinki-olang-scozia-kid\/#breadcrumb","itemListElement":[{"@type":"ListItem","position":1,"name":"\u0413\u043b\u0430\u0432\u043d\u0430\u044f \u0441\u0442\u0440\u0430\u043d\u0438\u0446\u0430","item":"https:\/\/xstyle.md\/"},{"@type":"ListItem","position":2,"name":"\u041c\u0430\u0433\u0430\u0437\u0438\u043d","item":"https:\/\/xstyle.md\/shop\/"},{"@type":"ListItem","position":3,"name":"\u0411\u043e\u0442\u0438\u043d\u043a\u0438 Olang Scozia Kid blu"}]},{"@type":"WebSite","@id":"https:\/\/xstyle.md\/#website","url":"https:\/\/xstyle.md\/","name":"Magazinul X-Style","description":"Echipamente pentru turism \u0219i sporturi extreme \u00een Moldova. Pre\u021buri, fotografii, caracteristici \u00een Moldova.","publisher":{"@id":"https:\/\/xstyle.md\/#organization"},"alternateName":"X-Style","potentialAction":[{"@type":"SearchAction","target":{"@type":"EntryPoint","urlTemplate":"https:\/\/xstyle.md\/?s={search_term_string}"},"query-input":{"@type":"PropertyValueSpecification","valueRequired":true,"valueName":"search_term_string"}}],"inLanguage":"ro-RO"},{"@type":"Organization","@id":"https:\/\/xstyle.md\/#organization","name":"Magazinul X-Style","alternateName":"x-style","url":"https:\/\/xstyle.md\/","logo":{"@type":"ImageObject","inLanguage":"ro-RO","@id":"https:\/\/xstyle.md\/#\/schema\/logo\/image\/","url":"https:\/\/xstyle.md\/wp-content\/uploads\/2020\/06\/logoicon.svg","contentUrl":"https:\/\/xstyle.md\/wp-content\/uploads\/2020\/06\/logoicon.svg","caption":"\u041c\u0430\u0433\u0430\u0437\u0438\u043d Xstyle"},"image":{"@id":"https:\/\/xstyle.md\/#\/schema\/logo\/image\/"},"sameAs":["https:\/\/www.facebook.com\/xstylemd","https:\/\/www.instagram.com\/xstyle_md\/","https:\/\/t.me\/xstyle_outdoor"],"hasMerchantReturnPolicy":{"@type":"MerchantReturnPolicy","merchantReturnLink":"https:\/\/xstyle.md\/ro\/conditions\/"}}]},"product_price_amount":"2190.00","product_price_currency":"MDL","og_availability":"instock","product_availability":"instock","product_retailer_item_id":"8026556516262","product_condition":"new"},"post_mailing_queue_ids":[],"_links":{"self":[{"href":"https:\/\/xstyle.md\/ro\/wp-json\/wp\/v2\/product\/14509","targetHints":{"allow":["GET"]}}],"collection":[{"href":"https:\/\/xstyle.md\/ro\/wp-json\/wp\/v2\/product"}],"about":[{"href":"https:\/\/xstyle.md\/ro\/wp-json\/wp\/v2\/types\/product"}],"replies":[{"embeddable":true,"href":"https:\/\/xstyle.md\/ro\/wp-json\/wp\/v2\/comments?post=14509"}],"wp:featuredmedia":[{"embeddable":true,"href":"https:\/\/xstyle.md\/ro\/wp-json\/wp\/v2\/media\/14507"}],"wp:attachment":[{"href":"https:\/\/xstyle.md\/ro\/wp-json\/wp\/v2\/media?parent=14509"}],"wp:term":[{"taxonomy":"product_brand","embeddable":true,"href":"https:\/\/xstyle.md\/ro\/wp-json\/wp\/v2\/product_brand?post=14509"},{"taxonomy":"product_cat","embeddable":true,"href":"https:\/\/xstyle.md\/ro\/wp-json\/wp\/v2\/product_cat?post=14509"},{"taxonomy":"product_tag","embeddable":true,"href":"https:\/\/xstyle.md\/ro\/wp-json\/wp\/v2\/product_tag?post=14509"}],"curies":[{"name":"wp","href":"https:\/\/api.w.org\/{rel}","templated":true}]}}