{"id":14447,"date":"2020-07-17T13:57:44","date_gmt":"2020-07-17T10:57:44","guid":{"rendered":"https:\/\/xstyle.md\/product\/shapka-chaos-scooby"},"modified":"2026-03-19T16:36:24","modified_gmt":"2026-03-19T13:36:24","slug":"shapka-chaos-scooby","status":"publish","type":"product","link":"https:\/\/xstyle.md\/ro\/produs\/shapka-chaos-scooby\/","title":{"rendered":"C\u0103ciul\u0103 Chaos Scooby 064 azure blue"},"content":{"rendered":"<\/p>\n<p><strong>Chaos Scooby<\/strong> &#8212; o\u00a0c\u0103ciul\u0103 tricotat\u0103 pentru copii cu un design neobi\u0219nuit \u0219i colorat, care v\u0103 va \u021bine de cald chiar \u0219i \u00een cele mai reci zile. Partea de jos este legat\u0103 cu o band\u0103 elastic\u0103 cu nervuri pentru a \u00eempiedica p\u0103l\u0103ria s\u0103 alunece de pe cap.<\/p>\n<h3>Particularit\u0103\u021bi<\/h3>\n<ul>\n<li>Design interesant cu ochiuri \u0219i fermoar de \u00een\u0219el\u0103ciune<\/li>\n<li>Cald \u0219i confortabil<\/li>\n<li>Perfect pentru plimb\u0103ri lungi de iarn\u0103 \u0219i distrac\u021bie \u00een z\u0103pad\u0103.<\/li>\n<\/ul>\n<h3>Caracteristici<\/h3>\n<ul>\n<li>Material &#8212; acrilic, poliester<\/li>\n<li>Destina\u021bie &#8212; urban\u0103<\/li>\n<li>Model &#8212; pentru copii.<\/li>\n<\/ul>\n<h3>Marca<\/h3>\n<p>Chaos este o companie canadian\u0103 popular\u0103, specializat\u0103 \u00een fabricarea de accesorii pentru sezonul rece. Produsele m\u0103rcii se adreseaz\u0103 sportivilor profesioni\u0219ti \u0219i \u021bin cont de particularit\u0103\u021bile sporturilor de iarn\u0103.<\/p>\n<p>Compania a fost organizat\u0103 \u00een urm\u0103 cu mai bine de 10 ani. \u00cen etapa ini\u021bial\u0103, instala\u021biile de produc\u021bie erau situate exclusiv \u00een Canada. Cu toate acestea, la scurt timp dup\u0103 \u00eenfiin\u021bare, marca a devenit celebr\u0103 \u00een \u00eentreaga lume. Produsele sale au \u00eenceput s\u0103 fie solicitate de consumatorii din \u00eentreaga lume, ceea ce a dus la nevoia de extindere.<\/p>\n<p>Corpora\u021bia este, de asemenea, un lider \u00een produc\u021bia de articole de acoperit capul. \u00cen prezent, compania \u00ee\u0219i produce bunurile pe baza unor fabrici situate \u00een Canada, America de Nord \u0219i \u00een \u021b\u0103rile europene. Produsele sunt v\u00e2ndute \u00een peste 50 de \u021b\u0103ri din \u00eentreaga lume.<\/p>\n<p><\/p>","protected":false},"excerpt":{"rendered":"<p>C\u0103ciul\u0103 Chaos Scooby 064 azure blue<\/p>","protected":false},"featured_media":14446,"comment_status":"open","ping_status":"closed","template":"","meta":{"_acf_changed":false,"inline_featured_image":false},"product_brand":[1310],"product_cat":[351],"product_tag":[],"class_list":{"0":"post-14447","1":"product","2":"type-product","3":"status-publish","4":"has-post-thumbnail","6":"product_brand-chaos","7":"product_cat-caps-chaos","9":"first","10":"instock","11":"shipping-taxable","12":"purchasable","13":"product-type-simple"},"acf":[],"yoast_head":"<!-- This site is optimized with the Yoast SEO plugin v27.4 - https:\/\/yoast.com\/product\/yoast-seo-wordpress\/ -->\n<title>\u0428\u0430\u043f\u043a\u0430 Chaos Scooby 064 azure blue - \u041c\u0430\u0433\u0430\u0437\u0438\u043d Xstyle<\/title>\n<meta name=\"description\" content=\"\u0428\u0430\u043f\u043a\u0430 Chaos Scooby 064 \u0446\u0432\u0435\u0442\u0430 \u043d\u0435\u0431\u0435\u0441\u043d\u043e-\u0433\u043e\u043b\u0443\u0431\u043e\u0433\u043e - \u0442\u0435\u043f\u043b\u044b\u0439, \u0443\u0434\u043e\u0431\u043d\u044b\u0439 \u0438 \u0441\u0442\u0438\u043b\u044c\u043d\u044b\u0439 \u0430\u043a\u0441\u0435\u0441\u0441\u0443\u0430\u0440 \u0434\u043b\u044f \u0434\u0435\u0442\u0435\u0439. \u0417\u0430\u0449\u0438\u0442\u0438\u0442 \u043e\u0442 \u0445\u043e\u043b\u043e\u0434\u0430 \u0438 \u0443\u043a\u0440\u0430\u0441\u0438\u0442 \u0437\u0438\u043c\u043d\u0438\u0435 \u043f\u0440\u043e\u0433\u0443\u043b\u043a\u0438!\" \/>\n<meta name=\"robots\" content=\"index, follow, max-snippet:-1, max-image-preview:large, max-video-preview:-1\" \/>\n<link rel=\"canonical\" href=\"https:\/\/xstyle.md\/ro\/produs\/shapka-chaos-scooby\/\" \/>\n<meta property=\"og:locale\" content=\"ro_RO\" \/>\n<meta property=\"og:type\" content=\"article\" \/>\n<meta property=\"og:title\" content=\"\u0428\u0430\u043f\u043a\u0430 Chaos Scooby 064 azure blue - \u041c\u0430\u0433\u0430\u0437\u0438\u043d Xstyle\" \/>\n<meta property=\"og:description\" content=\"\u0428\u0430\u043f\u043a\u0430 Chaos Scooby 064 \u0446\u0432\u0435\u0442\u0430 \u043d\u0435\u0431\u0435\u0441\u043d\u043e-\u0433\u043e\u043b\u0443\u0431\u043e\u0433\u043e - \u0442\u0435\u043f\u043b\u044b\u0439, \u0443\u0434\u043e\u0431\u043d\u044b\u0439 \u0438 \u0441\u0442\u0438\u043b\u044c\u043d\u044b\u0439 \u0430\u043a\u0441\u0435\u0441\u0441\u0443\u0430\u0440 \u0434\u043b\u044f \u0434\u0435\u0442\u0435\u0439. \u0417\u0430\u0449\u0438\u0442\u0438\u0442 \u043e\u0442 \u0445\u043e\u043b\u043e\u0434\u0430 \u0438 \u0443\u043a\u0440\u0430\u0441\u0438\u0442 \u0437\u0438\u043c\u043d\u0438\u0435 \u043f\u0440\u043e\u0433\u0443\u043b\u043a\u0438!\" \/>\n<meta property=\"og:url\" content=\"https:\/\/xstyle.md\/ro\/produs\/shapka-chaos-scooby\/\" \/>\n<meta property=\"og:site_name\" content=\"\u041c\u0430\u0433\u0430\u0437\u0438\u043d Xstyle\" \/>\n<meta property=\"article:publisher\" content=\"https:\/\/www.facebook.com\/xstylemd\" \/>\n<meta property=\"article:modified_time\" content=\"2026-03-19T13:36:24+00:00\" \/>\n<meta property=\"og:image\" content=\"https:\/\/xstyle.md\/wp-content\/uploads\/2020\/07\/scooby.png\" \/>\n\t<meta property=\"og:image:width\" content=\"474\" \/>\n\t<meta property=\"og:image:height\" content=\"521\" \/>\n\t<meta property=\"og:image:type\" content=\"image\/png\" \/>\n<meta name=\"twitter:card\" content=\"summary_large_image\" \/>\n<meta name=\"twitter:label1\" content=\"Pre\u021b\" \/>\n\t<meta name=\"twitter:data1\" content=\"390&nbsp;MDL\" \/>\n\t<meta name=\"twitter:label2\" content=\"Disponibilitate\" \/>\n\t<meta name=\"twitter:data2\" content=\"\u00cen stoc\" \/>\n<script type=\"application\/ld+json\" class=\"yoast-schema-graph\">{\"@context\":\"https:\\\/\\\/schema.org\",\"@graph\":[{\"@type\":\"WebPage\",\"@id\":\"https:\\\/\\\/xstyle.md\\\/product\\\/shapka-chaos-scooby\\\/\",\"url\":\"https:\\\/\\\/xstyle.md\\\/product\\\/shapka-chaos-scooby\\\/\",\"name\":\"\u0428\u0430\u043f\u043a\u0430 Chaos Scooby 064 azure blue - \u041c\u0430\u0433\u0430\u0437\u0438\u043d Xstyle\",\"isPartOf\":{\"@id\":\"https:\\\/\\\/xstyle.md\\\/#website\"},\"primaryImageOfPage\":{\"@id\":\"https:\\\/\\\/xstyle.md\\\/product\\\/shapka-chaos-scooby\\\/#primaryimage\"},\"image\":{\"@id\":\"https:\\\/\\\/xstyle.md\\\/product\\\/shapka-chaos-scooby\\\/#primaryimage\"},\"thumbnailUrl\":\"https:\\\/\\\/xstyle.md\\\/wp-content\\\/uploads\\\/2020\\\/07\\\/scooby.png\",\"datePublished\":\"2020-07-17T10:57:44+00:00\",\"dateModified\":\"2026-03-19T13:36:24+00:00\",\"description\":\"\u0428\u0430\u043f\u043a\u0430 Chaos Scooby 064 \u0446\u0432\u0435\u0442\u0430 \u043d\u0435\u0431\u0435\u0441\u043d\u043e-\u0433\u043e\u043b\u0443\u0431\u043e\u0433\u043e - \u0442\u0435\u043f\u043b\u044b\u0439, \u0443\u0434\u043e\u0431\u043d\u044b\u0439 \u0438 \u0441\u0442\u0438\u043b\u044c\u043d\u044b\u0439 \u0430\u043a\u0441\u0435\u0441\u0441\u0443\u0430\u0440 \u0434\u043b\u044f \u0434\u0435\u0442\u0435\u0439. \u0417\u0430\u0449\u0438\u0442\u0438\u0442 \u043e\u0442 \u0445\u043e\u043b\u043e\u0434\u0430 \u0438 \u0443\u043a\u0440\u0430\u0441\u0438\u0442 \u0437\u0438\u043c\u043d\u0438\u0435 \u043f\u0440\u043e\u0433\u0443\u043b\u043a\u0438!\",\"breadcrumb\":{\"@id\":\"https:\\\/\\\/xstyle.md\\\/product\\\/shapka-chaos-scooby\\\/#breadcrumb\"},\"inLanguage\":\"ro-RO\",\"potentialAction\":[{\"@type\":\"ReadAction\",\"target\":[\"https:\\\/\\\/xstyle.md\\\/product\\\/shapka-chaos-scooby\\\/\"]}]},{\"@type\":\"ImageObject\",\"inLanguage\":\"ro-RO\",\"@id\":\"https:\\\/\\\/xstyle.md\\\/product\\\/shapka-chaos-scooby\\\/#primaryimage\",\"url\":\"https:\\\/\\\/xstyle.md\\\/wp-content\\\/uploads\\\/2020\\\/07\\\/scooby.png\",\"contentUrl\":\"https:\\\/\\\/xstyle.md\\\/wp-content\\\/uploads\\\/2020\\\/07\\\/scooby.png\",\"width\":474,\"height\":521},{\"@type\":\"BreadcrumbList\",\"@id\":\"https:\\\/\\\/xstyle.md\\\/product\\\/shapka-chaos-scooby\\\/#breadcrumb\",\"itemListElement\":[{\"@type\":\"ListItem\",\"position\":1,\"name\":\"\u0413\u043b\u0430\u0432\u043d\u0430\u044f \u0441\u0442\u0440\u0430\u043d\u0438\u0446\u0430\",\"item\":\"https:\\\/\\\/xstyle.md\\\/\"},{\"@type\":\"ListItem\",\"position\":2,\"name\":\"\u041c\u0430\u0433\u0430\u0437\u0438\u043d\",\"item\":\"https:\\\/\\\/xstyle.md\\\/shop\\\/\"},{\"@type\":\"ListItem\",\"position\":3,\"name\":\"\u0428\u0430\u043f\u043a\u0430 Chaos Scooby 064 azure blue\"}]},{\"@type\":\"WebSite\",\"@id\":\"https:\\\/\\\/xstyle.md\\\/#website\",\"url\":\"https:\\\/\\\/xstyle.md\\\/\",\"name\":\"\u041c\u0430\u0433\u0430\u0437\u0438\u043d Xstyle\",\"description\":\"C\u043d\u0430\u0440\u044f\u0436\u0435\u043d\u0438\u0435 \u0434\u043b\u044f \u0442\u0443\u0440\u0438\u0437\u043c\u0430 \u0438 \u044d\u043a\u0441\u0442\u0440\u0435\u043c\u0430\u043b\u044c\u043d\u044b\u0445 \u0432\u0438\u0434\u043e\u0432 \u0441\u043f\u043e\u0440\u0442\u0430 \u0432 \u041c\u043e\u043b\u0434\u043e\u0432\u0435.. \u0426\u0435\u043d\u044b, \u0444\u043e\u0442\u043e, \u0445\u0430\u0440\u0430\u043a\u0442\u0435\u0440\u0438\u0441\u0442\u0438\u043a\u0438 \u0432 \u041c\u043e\u043b\u0434\u043e\u0432\u0435.\",\"publisher\":{\"@id\":\"https:\\\/\\\/xstyle.md\\\/#organization\"},\"alternateName\":\"X-Style\",\"potentialAction\":[{\"@type\":\"SearchAction\",\"target\":{\"@type\":\"EntryPoint\",\"urlTemplate\":\"https:\\\/\\\/xstyle.md\\\/?s={search_term_string}\"},\"query-input\":{\"@type\":\"PropertyValueSpecification\",\"valueRequired\":true,\"valueName\":\"search_term_string\"}}],\"inLanguage\":\"ro-RO\"},{\"@type\":\"Organization\",\"@id\":\"https:\\\/\\\/xstyle.md\\\/#organization\",\"name\":\"\u041c\u0430\u0433\u0430\u0437\u0438\u043d Xstyle\",\"alternateName\":\"x-style\",\"url\":\"https:\\\/\\\/xstyle.md\\\/\",\"logo\":{\"@type\":\"ImageObject\",\"inLanguage\":\"ro-RO\",\"@id\":\"https:\\\/\\\/xstyle.md\\\/#\\\/schema\\\/logo\\\/image\\\/\",\"url\":\"https:\\\/\\\/xstyle.md\\\/wp-content\\\/uploads\\\/2020\\\/06\\\/logoicon.svg\",\"contentUrl\":\"https:\\\/\\\/xstyle.md\\\/wp-content\\\/uploads\\\/2020\\\/06\\\/logoicon.svg\",\"caption\":\"\u041c\u0430\u0433\u0430\u0437\u0438\u043d Xstyle\"},\"image\":{\"@id\":\"https:\\\/\\\/xstyle.md\\\/#\\\/schema\\\/logo\\\/image\\\/\"},\"sameAs\":[\"https:\\\/\\\/www.facebook.com\\\/xstylemd\",\"https:\\\/\\\/www.instagram.com\\\/xstyle_md\\\/\",\"https:\\\/\\\/t.me\\\/xstyle_outdoor\"],\"hasMerchantReturnPolicy\":{\"@type\":\"MerchantReturnPolicy\",\"merchantReturnLink\":\"https:\\\/\\\/xstyle.md\\\/ro\\\/conditions\\\/\"}}]}<\/script>\n<meta property=\"product:price:amount\" content=\"390.00\" \/>\n<meta property=\"product:price:currency\" content=\"MDL\" \/>\n<meta property=\"og:availability\" content=\"instock\" \/>\n<meta property=\"product:availability\" content=\"instock\" \/>\n<meta property=\"product:retailer_item_id\" content=\"59366116764\" \/>\n<meta property=\"product:condition\" content=\"new\" \/>\n<!-- \/ Yoast SEO plugin. -->","yoast_head_json":{"title":"C\u0103ciul\u0103 Chaos Scooby 064 azure blue - Magazin Xstyle","description":"Culoarea cerului - o p\u0103l\u0103rie Chaos Scooby 064 este un accesoriu cald, confortabil \u0219i stilat pentru copii. O va proteja de frig \u0219i va \u00eenfrumuse\u021ba plimb\u0103rile de iarn\u0103!","robots":{"index":"index","follow":"follow","max-snippet":"max-snippet:-1","max-image-preview":"max-image-preview:large","max-video-preview":"max-video-preview:-1"},"canonical":"https:\/\/xstyle.md\/ro\/produs\/shapka-chaos-scooby\/","og_locale":"ro_RO","og_type":"article","og_title":"\u0428\u0430\u043f\u043a\u0430 Chaos Scooby 064 azure blue - \u041c\u0430\u0433\u0430\u0437\u0438\u043d Xstyle","og_description":"\u0428\u0430\u043f\u043a\u0430 Chaos Scooby 064 \u0446\u0432\u0435\u0442\u0430 \u043d\u0435\u0431\u0435\u0441\u043d\u043e-\u0433\u043e\u043b\u0443\u0431\u043e\u0433\u043e - \u0442\u0435\u043f\u043b\u044b\u0439, \u0443\u0434\u043e\u0431\u043d\u044b\u0439 \u0438 \u0441\u0442\u0438\u043b\u044c\u043d\u044b\u0439 \u0430\u043a\u0441\u0435\u0441\u0441\u0443\u0430\u0440 \u0434\u043b\u044f \u0434\u0435\u0442\u0435\u0439. \u0417\u0430\u0449\u0438\u0442\u0438\u0442 \u043e\u0442 \u0445\u043e\u043b\u043e\u0434\u0430 \u0438 \u0443\u043a\u0440\u0430\u0441\u0438\u0442 \u0437\u0438\u043c\u043d\u0438\u0435 \u043f\u0440\u043e\u0433\u0443\u043b\u043a\u0438!","og_url":"https:\/\/xstyle.md\/ro\/produs\/shapka-chaos-scooby\/","og_site_name":"\u041c\u0430\u0433\u0430\u0437\u0438\u043d Xstyle","article_publisher":"https:\/\/www.facebook.com\/xstylemd","article_modified_time":"2026-03-19T13:36:24+00:00","og_image":[{"width":474,"height":521,"url":"https:\/\/xstyle.md\/wp-content\/uploads\/2020\/07\/scooby.png","type":"image\/png"}],"twitter_card":"summary_large_image","twitter_misc":{"Pre\u021b":"390&nbsp;MDL","Disponibilitate":"\u00cen stoc"},"schema":{"@context":"https:\/\/schema.org","@graph":[{"@type":"WebPage","@id":"https:\/\/xstyle.md\/product\/shapka-chaos-scooby\/","url":"https:\/\/xstyle.md\/product\/shapka-chaos-scooby\/","name":"C\u0103ciul\u0103 Chaos Scooby 064 azure blue - Magazin Xstyle","isPartOf":{"@id":"https:\/\/xstyle.md\/#website"},"primaryImageOfPage":{"@id":"https:\/\/xstyle.md\/product\/shapka-chaos-scooby\/#primaryimage"},"image":{"@id":"https:\/\/xstyle.md\/product\/shapka-chaos-scooby\/#primaryimage"},"thumbnailUrl":"https:\/\/xstyle.md\/wp-content\/uploads\/2020\/07\/scooby.png","datePublished":"2020-07-17T10:57:44+00:00","dateModified":"2026-03-19T13:36:24+00:00","description":"Culoarea cerului - o p\u0103l\u0103rie Chaos Scooby 064 este un accesoriu cald, confortabil \u0219i stilat pentru copii. O va proteja de frig \u0219i va \u00eenfrumuse\u021ba plimb\u0103rile de iarn\u0103!","breadcrumb":{"@id":"https:\/\/xstyle.md\/product\/shapka-chaos-scooby\/#breadcrumb"},"inLanguage":"ro-RO","potentialAction":[{"@type":"ReadAction","target":["https:\/\/xstyle.md\/product\/shapka-chaos-scooby\/"]}]},{"@type":"ImageObject","inLanguage":"ro-RO","@id":"https:\/\/xstyle.md\/product\/shapka-chaos-scooby\/#primaryimage","url":"https:\/\/xstyle.md\/wp-content\/uploads\/2020\/07\/scooby.png","contentUrl":"https:\/\/xstyle.md\/wp-content\/uploads\/2020\/07\/scooby.png","width":474,"height":521},{"@type":"BreadcrumbList","@id":"https:\/\/xstyle.md\/product\/shapka-chaos-scooby\/#breadcrumb","itemListElement":[{"@type":"ListItem","position":1,"name":"\u0413\u043b\u0430\u0432\u043d\u0430\u044f \u0441\u0442\u0440\u0430\u043d\u0438\u0446\u0430","item":"https:\/\/xstyle.md\/"},{"@type":"ListItem","position":2,"name":"\u041c\u0430\u0433\u0430\u0437\u0438\u043d","item":"https:\/\/xstyle.md\/shop\/"},{"@type":"ListItem","position":3,"name":"\u0428\u0430\u043f\u043a\u0430 Chaos Scooby 064 azure blue"}]},{"@type":"WebSite","@id":"https:\/\/xstyle.md\/#website","url":"https:\/\/xstyle.md\/","name":"Magazinul X-Style","description":"Echipamente pentru turism \u0219i sporturi extreme \u00een Moldova. Pre\u021buri, fotografii, caracteristici \u00een Moldova.","publisher":{"@id":"https:\/\/xstyle.md\/#organization"},"alternateName":"X-Style","potentialAction":[{"@type":"SearchAction","target":{"@type":"EntryPoint","urlTemplate":"https:\/\/xstyle.md\/?s={search_term_string}"},"query-input":{"@type":"PropertyValueSpecification","valueRequired":true,"valueName":"search_term_string"}}],"inLanguage":"ro-RO"},{"@type":"Organization","@id":"https:\/\/xstyle.md\/#organization","name":"Magazinul X-Style","alternateName":"x-style","url":"https:\/\/xstyle.md\/","logo":{"@type":"ImageObject","inLanguage":"ro-RO","@id":"https:\/\/xstyle.md\/#\/schema\/logo\/image\/","url":"https:\/\/xstyle.md\/wp-content\/uploads\/2020\/06\/logoicon.svg","contentUrl":"https:\/\/xstyle.md\/wp-content\/uploads\/2020\/06\/logoicon.svg","caption":"\u041c\u0430\u0433\u0430\u0437\u0438\u043d Xstyle"},"image":{"@id":"https:\/\/xstyle.md\/#\/schema\/logo\/image\/"},"sameAs":["https:\/\/www.facebook.com\/xstylemd","https:\/\/www.instagram.com\/xstyle_md\/","https:\/\/t.me\/xstyle_outdoor"],"hasMerchantReturnPolicy":{"@type":"MerchantReturnPolicy","merchantReturnLink":"https:\/\/xstyle.md\/ro\/conditions\/"}}]},"product_price_amount":"390.00","product_price_currency":"MDL","og_availability":"instock","product_availability":"instock","product_retailer_item_id":"59366116764","product_condition":"new"},"_links":{"self":[{"href":"https:\/\/xstyle.md\/ro\/wp-json\/wp\/v2\/product\/14447","targetHints":{"allow":["GET"]}}],"collection":[{"href":"https:\/\/xstyle.md\/ro\/wp-json\/wp\/v2\/product"}],"about":[{"href":"https:\/\/xstyle.md\/ro\/wp-json\/wp\/v2\/types\/product"}],"replies":[{"embeddable":true,"href":"https:\/\/xstyle.md\/ro\/wp-json\/wp\/v2\/comments?post=14447"}],"wp:featuredmedia":[{"embeddable":true,"href":"https:\/\/xstyle.md\/ro\/wp-json\/wp\/v2\/media\/14446"}],"wp:attachment":[{"href":"https:\/\/xstyle.md\/ro\/wp-json\/wp\/v2\/media?parent=14447"}],"wp:term":[{"taxonomy":"product_brand","embeddable":true,"href":"https:\/\/xstyle.md\/ro\/wp-json\/wp\/v2\/product_brand?post=14447"},{"taxonomy":"product_cat","embeddable":true,"href":"https:\/\/xstyle.md\/ro\/wp-json\/wp\/v2\/product_cat?post=14447"},{"taxonomy":"product_tag","embeddable":true,"href":"https:\/\/xstyle.md\/ro\/wp-json\/wp\/v2\/product_tag?post=14447"}],"curies":[{"name":"wp","href":"https:\/\/api.w.org\/{rel}","templated":true}]}}