{"id":14398,"date":"2020-07-17T13:55:38","date_gmt":"2020-07-17T10:55:38","guid":{"rendered":"https:\/\/xstyle.md\/product\/shapka-chaos-lilith"},"modified":"2026-03-19T16:36:17","modified_gmt":"2026-03-19T13:36:17","slug":"shapka-chaos-lilith","status":"publish","type":"product","link":"https:\/\/xstyle.md\/ro\/produs\/shapka-chaos-lilith\/","title":{"rendered":"C\u0103ciul\u0103 Chaos Lilith 011 ebony"},"content":{"rendered":"<\/p>\n<p><strong>Chaos Lilith<\/strong> &#8212; confec\u021bionat din l\u00e2n\u0103 u\u0219oar\u0103 \u0219i cald\u0103, design lejer cu model cu buline. Mai potrivit\u0103 pentru plimb\u0103rile de toamn\u0103 \u00een ora\u0219.<\/p>\n<h3>Particularit\u0103\u021bi<\/h3>\n<ul>\n<li>Pompon de blan\u0103 vopsit pentru a se potrivi cu culoarea p\u0103l\u0103riei<\/li>\n<li>Poate fi purtat\u0103 lejer sau cu man\u0219eta rulat\u0103<\/li>\n<li>Ideal\u0103 cu jachete \u0219i paltoane \u00een stil de ora\u0219.<\/li>\n<\/ul>\n<h3>Caracteristici<\/h3>\n<ul>\n<li>Material &#8212; acrilic, l\u00e2n\u0103<\/li>\n<li>Destina\u021bie &#8212; urban\u0103<\/li>\n<li>Model - pentru femei.<\/li>\n<\/ul>\n<h3>Marca<\/h3>\n<p>Chaos este o companie canadian\u0103 popular\u0103, specializat\u0103 \u00een fabricarea de accesorii pentru sezonul rece. Produsele m\u0103rcii se adreseaz\u0103 sportivilor profesioni\u0219ti \u0219i \u021bin cont de particularit\u0103\u021bile sporturilor de iarn\u0103.<\/p>\n<p>Compania a fost organizat\u0103 \u00een urm\u0103 cu mai bine de 10 ani. \u00cen etapa ini\u021bial\u0103, instala\u021biile de produc\u021bie erau situate exclusiv \u00een Canada. Cu toate acestea, la scurt timp dup\u0103 \u00eenfiin\u021bare, marca a devenit celebr\u0103 \u00een \u00eentreaga lume. Produsele sale au \u00eenceput s\u0103 fie solicitate de consumatorii din \u00eentreaga lume, ceea ce a dus la nevoia de extindere.<\/p>\n<p>Corpora\u021bia este, de asemenea, un lider \u00een produc\u021bia de articole de acoperit capul. \u00cen prezent, compania \u00ee\u0219i produce bunurile pe baza unor fabrici situate \u00een Canada, America de Nord \u0219i \u00een \u021b\u0103rile europene. Produsele sunt v\u00e2ndute \u00een peste 50 de \u021b\u0103ri din \u00eentreaga lume.<\/p>\n<p><\/p>","protected":false},"excerpt":{"rendered":"<p>C\u0103ciul\u0103 Chaos Lilith 011 ebony<\/p>","protected":false},"featured_media":14397,"comment_status":"open","ping_status":"closed","template":"","meta":{"_acf_changed":false,"inline_featured_image":false},"product_brand":[1310],"product_cat":[351],"product_tag":[],"class_list":{"0":"post-14398","1":"product","2":"type-product","3":"status-publish","4":"has-post-thumbnail","6":"product_brand-chaos","7":"product_cat-caps-chaos","9":"first","10":"instock","11":"shipping-taxable","12":"purchasable","13":"product-type-simple"},"acf":[],"yoast_head":"<!-- This site is optimized with the Yoast SEO plugin v27.4 - https:\/\/yoast.com\/product\/yoast-seo-wordpress\/ -->\n<title>\u0428\u0430\u043f\u043a\u0430 Chaos Lilith 011 ebony - \u041c\u0430\u0433\u0430\u0437\u0438\u043d Xstyle<\/title>\n<meta name=\"description\" content=\"\u0428\u0430\u043f\u043a\u0430 Chaos Lilith 011 ebony \u2014 \u0441\u0442\u0438\u043b\u044c\u043d\u0430\u044f, \u043b\u0435\u0433\u043a\u0430\u044f \u0448\u0435\u0440\u0448\u0430\u0432\u0430\u044f \u0448\u0430\u043f\u043a\u0430 \u0441 \u0443\u0437\u043e\u0440\u043e\u043c \u0433\u043e\u0440\u043e\u0448\u0435\u043a \u0438 \u043f\u043e\u043c\u043f\u043e\u043d\u043e\u043c. \u0418\u0434\u0435\u0430\u043b\u044c\u043d\u0430 \u0434\u043b\u044f \u043e\u0441\u0435\u043d\u043d\u0438\u0445 \u043f\u0440\u043e\u0433\u0443\u043b\u043e\u043a \u0432 \u0433\u043e\u0440\u043e\u0434\u0435.\" \/>\n<meta name=\"robots\" content=\"index, follow, max-snippet:-1, max-image-preview:large, max-video-preview:-1\" \/>\n<link rel=\"canonical\" href=\"https:\/\/xstyle.md\/ro\/produs\/shapka-chaos-lilith\/\" \/>\n<meta property=\"og:locale\" content=\"ro_RO\" \/>\n<meta property=\"og:type\" content=\"article\" \/>\n<meta property=\"og:title\" content=\"\u0428\u0430\u043f\u043a\u0430 Chaos Lilith 011 ebony - \u041c\u0430\u0433\u0430\u0437\u0438\u043d Xstyle\" \/>\n<meta property=\"og:description\" content=\"\u0428\u0430\u043f\u043a\u0430 Chaos Lilith 011 ebony \u2014 \u0441\u0442\u0438\u043b\u044c\u043d\u0430\u044f, \u043b\u0435\u0433\u043a\u0430\u044f \u0448\u0435\u0440\u0448\u0430\u0432\u0430\u044f \u0448\u0430\u043f\u043a\u0430 \u0441 \u0443\u0437\u043e\u0440\u043e\u043c \u0433\u043e\u0440\u043e\u0448\u0435\u043a \u0438 \u043f\u043e\u043c\u043f\u043e\u043d\u043e\u043c. \u0418\u0434\u0435\u0430\u043b\u044c\u043d\u0430 \u0434\u043b\u044f \u043e\u0441\u0435\u043d\u043d\u0438\u0445 \u043f\u0440\u043e\u0433\u0443\u043b\u043e\u043a \u0432 \u0433\u043e\u0440\u043e\u0434\u0435.\" \/>\n<meta property=\"og:url\" content=\"https:\/\/xstyle.md\/ro\/produs\/shapka-chaos-lilith\/\" \/>\n<meta property=\"og:site_name\" content=\"\u041c\u0430\u0433\u0430\u0437\u0438\u043d Xstyle\" \/>\n<meta property=\"article:publisher\" content=\"https:\/\/www.facebook.com\/xstylemd\" \/>\n<meta property=\"article:modified_time\" content=\"2026-03-19T13:36:17+00:00\" \/>\n<meta property=\"og:image\" content=\"https:\/\/xstyle.md\/wp-content\/uploads\/2020\/07\/lilith_ebony.jpg\" \/>\n\t<meta property=\"og:image:width\" content=\"549\" \/>\n\t<meta property=\"og:image:height\" content=\"700\" \/>\n\t<meta property=\"og:image:type\" content=\"image\/jpeg\" \/>\n<meta name=\"twitter:card\" content=\"summary_large_image\" \/>\n<meta name=\"twitter:label1\" content=\"Pre\u021b\" \/>\n\t<meta name=\"twitter:data1\" content=\"890&nbsp;MDL\" \/>\n\t<meta name=\"twitter:label2\" content=\"Disponibilitate\" \/>\n\t<meta name=\"twitter:data2\" content=\"\u00cen stoc\" \/>\n<script type=\"application\/ld+json\" class=\"yoast-schema-graph\">{\"@context\":\"https:\\\/\\\/schema.org\",\"@graph\":[{\"@type\":\"WebPage\",\"@id\":\"https:\\\/\\\/xstyle.md\\\/product\\\/shapka-chaos-lilith\\\/\",\"url\":\"https:\\\/\\\/xstyle.md\\\/product\\\/shapka-chaos-lilith\\\/\",\"name\":\"\u0428\u0430\u043f\u043a\u0430 Chaos Lilith 011 ebony - \u041c\u0430\u0433\u0430\u0437\u0438\u043d Xstyle\",\"isPartOf\":{\"@id\":\"https:\\\/\\\/xstyle.md\\\/#website\"},\"primaryImageOfPage\":{\"@id\":\"https:\\\/\\\/xstyle.md\\\/product\\\/shapka-chaos-lilith\\\/#primaryimage\"},\"image\":{\"@id\":\"https:\\\/\\\/xstyle.md\\\/product\\\/shapka-chaos-lilith\\\/#primaryimage\"},\"thumbnailUrl\":\"https:\\\/\\\/xstyle.md\\\/wp-content\\\/uploads\\\/2020\\\/07\\\/lilith_ebony.jpg\",\"datePublished\":\"2020-07-17T10:55:38+00:00\",\"dateModified\":\"2026-03-19T13:36:17+00:00\",\"description\":\"\u0428\u0430\u043f\u043a\u0430 Chaos Lilith 011 ebony \u2014 \u0441\u0442\u0438\u043b\u044c\u043d\u0430\u044f, \u043b\u0435\u0433\u043a\u0430\u044f \u0448\u0435\u0440\u0448\u0430\u0432\u0430\u044f \u0448\u0430\u043f\u043a\u0430 \u0441 \u0443\u0437\u043e\u0440\u043e\u043c \u0433\u043e\u0440\u043e\u0448\u0435\u043a \u0438 \u043f\u043e\u043c\u043f\u043e\u043d\u043e\u043c. \u0418\u0434\u0435\u0430\u043b\u044c\u043d\u0430 \u0434\u043b\u044f \u043e\u0441\u0435\u043d\u043d\u0438\u0445 \u043f\u0440\u043e\u0433\u0443\u043b\u043e\u043a \u0432 \u0433\u043e\u0440\u043e\u0434\u0435.\",\"breadcrumb\":{\"@id\":\"https:\\\/\\\/xstyle.md\\\/product\\\/shapka-chaos-lilith\\\/#breadcrumb\"},\"inLanguage\":\"ro-RO\",\"potentialAction\":[{\"@type\":\"ReadAction\",\"target\":[\"https:\\\/\\\/xstyle.md\\\/product\\\/shapka-chaos-lilith\\\/\"]}]},{\"@type\":\"ImageObject\",\"inLanguage\":\"ro-RO\",\"@id\":\"https:\\\/\\\/xstyle.md\\\/product\\\/shapka-chaos-lilith\\\/#primaryimage\",\"url\":\"https:\\\/\\\/xstyle.md\\\/wp-content\\\/uploads\\\/2020\\\/07\\\/lilith_ebony.jpg\",\"contentUrl\":\"https:\\\/\\\/xstyle.md\\\/wp-content\\\/uploads\\\/2020\\\/07\\\/lilith_ebony.jpg\",\"width\":549,\"height\":700},{\"@type\":\"BreadcrumbList\",\"@id\":\"https:\\\/\\\/xstyle.md\\\/product\\\/shapka-chaos-lilith\\\/#breadcrumb\",\"itemListElement\":[{\"@type\":\"ListItem\",\"position\":1,\"name\":\"\u0413\u043b\u0430\u0432\u043d\u0430\u044f \u0441\u0442\u0440\u0430\u043d\u0438\u0446\u0430\",\"item\":\"https:\\\/\\\/xstyle.md\\\/\"},{\"@type\":\"ListItem\",\"position\":2,\"name\":\"\u041c\u0430\u0433\u0430\u0437\u0438\u043d\",\"item\":\"https:\\\/\\\/xstyle.md\\\/shop\\\/\"},{\"@type\":\"ListItem\",\"position\":3,\"name\":\"\u0428\u0430\u043f\u043a\u0430 Chaos Lilith 011 ebony\"}]},{\"@type\":\"WebSite\",\"@id\":\"https:\\\/\\\/xstyle.md\\\/#website\",\"url\":\"https:\\\/\\\/xstyle.md\\\/\",\"name\":\"\u041c\u0430\u0433\u0430\u0437\u0438\u043d Xstyle\",\"description\":\"C\u043d\u0430\u0440\u044f\u0436\u0435\u043d\u0438\u0435 \u0434\u043b\u044f \u0442\u0443\u0440\u0438\u0437\u043c\u0430 \u0438 \u044d\u043a\u0441\u0442\u0440\u0435\u043c\u0430\u043b\u044c\u043d\u044b\u0445 \u0432\u0438\u0434\u043e\u0432 \u0441\u043f\u043e\u0440\u0442\u0430 \u0432 \u041c\u043e\u043b\u0434\u043e\u0432\u0435.. \u0426\u0435\u043d\u044b, \u0444\u043e\u0442\u043e, \u0445\u0430\u0440\u0430\u043a\u0442\u0435\u0440\u0438\u0441\u0442\u0438\u043a\u0438 \u0432 \u041c\u043e\u043b\u0434\u043e\u0432\u0435.\",\"publisher\":{\"@id\":\"https:\\\/\\\/xstyle.md\\\/#organization\"},\"alternateName\":\"X-Style\",\"potentialAction\":[{\"@type\":\"SearchAction\",\"target\":{\"@type\":\"EntryPoint\",\"urlTemplate\":\"https:\\\/\\\/xstyle.md\\\/?s={search_term_string}\"},\"query-input\":{\"@type\":\"PropertyValueSpecification\",\"valueRequired\":true,\"valueName\":\"search_term_string\"}}],\"inLanguage\":\"ro-RO\"},{\"@type\":\"Organization\",\"@id\":\"https:\\\/\\\/xstyle.md\\\/#organization\",\"name\":\"\u041c\u0430\u0433\u0430\u0437\u0438\u043d Xstyle\",\"alternateName\":\"x-style\",\"url\":\"https:\\\/\\\/xstyle.md\\\/\",\"logo\":{\"@type\":\"ImageObject\",\"inLanguage\":\"ro-RO\",\"@id\":\"https:\\\/\\\/xstyle.md\\\/#\\\/schema\\\/logo\\\/image\\\/\",\"url\":\"https:\\\/\\\/xstyle.md\\\/wp-content\\\/uploads\\\/2020\\\/06\\\/logoicon.svg\",\"contentUrl\":\"https:\\\/\\\/xstyle.md\\\/wp-content\\\/uploads\\\/2020\\\/06\\\/logoicon.svg\",\"caption\":\"\u041c\u0430\u0433\u0430\u0437\u0438\u043d Xstyle\"},\"image\":{\"@id\":\"https:\\\/\\\/xstyle.md\\\/#\\\/schema\\\/logo\\\/image\\\/\"},\"sameAs\":[\"https:\\\/\\\/www.facebook.com\\\/xstylemd\",\"https:\\\/\\\/www.instagram.com\\\/xstyle_md\\\/\",\"https:\\\/\\\/t.me\\\/xstyle_outdoor\"],\"hasMerchantReturnPolicy\":{\"@type\":\"MerchantReturnPolicy\",\"merchantReturnLink\":\"https:\\\/\\\/xstyle.md\\\/ro\\\/conditions\\\/\"}}]}<\/script>\n<meta property=\"product:price:amount\" content=\"890.00\" \/>\n<meta property=\"product:price:currency\" content=\"MDL\" \/>\n<meta property=\"og:availability\" content=\"instock\" \/>\n<meta property=\"product:availability\" content=\"instock\" \/>\n<meta property=\"product:retailer_item_id\" content=\"59366177246\" \/>\n<meta property=\"product:condition\" content=\"new\" \/>\n<!-- \/ Yoast SEO plugin. -->","yoast_head_json":{"title":"C\u0103ciul\u0103 Chaos Lilith 011 ebony - Magazin Xstyle","description":"C\u0103ciula Chaos Lilith 011 ebony \u2014 o c\u0103ciul\u0103 elegant\u0103, u\u0219oar\u0103, din l\u00e2n\u0103, cu un model cu buline \u0219i un pompon. Ideal\u0103 pentru plimb\u0103rile de toamn\u0103 \u00een ora\u0219.","robots":{"index":"index","follow":"follow","max-snippet":"max-snippet:-1","max-image-preview":"max-image-preview:large","max-video-preview":"max-video-preview:-1"},"canonical":"https:\/\/xstyle.md\/ro\/produs\/shapka-chaos-lilith\/","og_locale":"ro_RO","og_type":"article","og_title":"\u0428\u0430\u043f\u043a\u0430 Chaos Lilith 011 ebony - \u041c\u0430\u0433\u0430\u0437\u0438\u043d Xstyle","og_description":"\u0428\u0430\u043f\u043a\u0430 Chaos Lilith 011 ebony \u2014 \u0441\u0442\u0438\u043b\u044c\u043d\u0430\u044f, \u043b\u0435\u0433\u043a\u0430\u044f \u0448\u0435\u0440\u0448\u0430\u0432\u0430\u044f \u0448\u0430\u043f\u043a\u0430 \u0441 \u0443\u0437\u043e\u0440\u043e\u043c \u0433\u043e\u0440\u043e\u0448\u0435\u043a \u0438 \u043f\u043e\u043c\u043f\u043e\u043d\u043e\u043c. \u0418\u0434\u0435\u0430\u043b\u044c\u043d\u0430 \u0434\u043b\u044f \u043e\u0441\u0435\u043d\u043d\u0438\u0445 \u043f\u0440\u043e\u0433\u0443\u043b\u043e\u043a \u0432 \u0433\u043e\u0440\u043e\u0434\u0435.","og_url":"https:\/\/xstyle.md\/ro\/produs\/shapka-chaos-lilith\/","og_site_name":"\u041c\u0430\u0433\u0430\u0437\u0438\u043d Xstyle","article_publisher":"https:\/\/www.facebook.com\/xstylemd","article_modified_time":"2026-03-19T13:36:17+00:00","og_image":[{"width":549,"height":700,"url":"https:\/\/xstyle.md\/wp-content\/uploads\/2020\/07\/lilith_ebony.jpg","type":"image\/jpeg"}],"twitter_card":"summary_large_image","twitter_misc":{"Pre\u021b":"890&nbsp;MDL","Disponibilitate":"\u00cen stoc"},"schema":{"@context":"https:\/\/schema.org","@graph":[{"@type":"WebPage","@id":"https:\/\/xstyle.md\/product\/shapka-chaos-lilith\/","url":"https:\/\/xstyle.md\/product\/shapka-chaos-lilith\/","name":"C\u0103ciul\u0103 Chaos Lilith 011 ebony - Magazin Xstyle","isPartOf":{"@id":"https:\/\/xstyle.md\/#website"},"primaryImageOfPage":{"@id":"https:\/\/xstyle.md\/product\/shapka-chaos-lilith\/#primaryimage"},"image":{"@id":"https:\/\/xstyle.md\/product\/shapka-chaos-lilith\/#primaryimage"},"thumbnailUrl":"https:\/\/xstyle.md\/wp-content\/uploads\/2020\/07\/lilith_ebony.jpg","datePublished":"2020-07-17T10:55:38+00:00","dateModified":"2026-03-19T13:36:17+00:00","description":"C\u0103ciula Chaos Lilith 011 ebony \u2014 o c\u0103ciul\u0103 elegant\u0103, u\u0219oar\u0103, din l\u00e2n\u0103, cu un model cu buline \u0219i un pompon. Ideal\u0103 pentru plimb\u0103rile de toamn\u0103 \u00een ora\u0219.","breadcrumb":{"@id":"https:\/\/xstyle.md\/product\/shapka-chaos-lilith\/#breadcrumb"},"inLanguage":"ro-RO","potentialAction":[{"@type":"ReadAction","target":["https:\/\/xstyle.md\/product\/shapka-chaos-lilith\/"]}]},{"@type":"ImageObject","inLanguage":"ro-RO","@id":"https:\/\/xstyle.md\/product\/shapka-chaos-lilith\/#primaryimage","url":"https:\/\/xstyle.md\/wp-content\/uploads\/2020\/07\/lilith_ebony.jpg","contentUrl":"https:\/\/xstyle.md\/wp-content\/uploads\/2020\/07\/lilith_ebony.jpg","width":549,"height":700},{"@type":"BreadcrumbList","@id":"https:\/\/xstyle.md\/product\/shapka-chaos-lilith\/#breadcrumb","itemListElement":[{"@type":"ListItem","position":1,"name":"\u0413\u043b\u0430\u0432\u043d\u0430\u044f \u0441\u0442\u0440\u0430\u043d\u0438\u0446\u0430","item":"https:\/\/xstyle.md\/"},{"@type":"ListItem","position":2,"name":"\u041c\u0430\u0433\u0430\u0437\u0438\u043d","item":"https:\/\/xstyle.md\/shop\/"},{"@type":"ListItem","position":3,"name":"\u0428\u0430\u043f\u043a\u0430 Chaos Lilith 011 ebony"}]},{"@type":"WebSite","@id":"https:\/\/xstyle.md\/#website","url":"https:\/\/xstyle.md\/","name":"Magazinul X-Style","description":"Echipamente pentru turism \u0219i sporturi extreme \u00een Moldova. Pre\u021buri, fotografii, caracteristici \u00een Moldova.","publisher":{"@id":"https:\/\/xstyle.md\/#organization"},"alternateName":"X-Style","potentialAction":[{"@type":"SearchAction","target":{"@type":"EntryPoint","urlTemplate":"https:\/\/xstyle.md\/?s={search_term_string}"},"query-input":{"@type":"PropertyValueSpecification","valueRequired":true,"valueName":"search_term_string"}}],"inLanguage":"ro-RO"},{"@type":"Organization","@id":"https:\/\/xstyle.md\/#organization","name":"Magazinul X-Style","alternateName":"x-style","url":"https:\/\/xstyle.md\/","logo":{"@type":"ImageObject","inLanguage":"ro-RO","@id":"https:\/\/xstyle.md\/#\/schema\/logo\/image\/","url":"https:\/\/xstyle.md\/wp-content\/uploads\/2020\/06\/logoicon.svg","contentUrl":"https:\/\/xstyle.md\/wp-content\/uploads\/2020\/06\/logoicon.svg","caption":"\u041c\u0430\u0433\u0430\u0437\u0438\u043d Xstyle"},"image":{"@id":"https:\/\/xstyle.md\/#\/schema\/logo\/image\/"},"sameAs":["https:\/\/www.facebook.com\/xstylemd","https:\/\/www.instagram.com\/xstyle_md\/","https:\/\/t.me\/xstyle_outdoor"],"hasMerchantReturnPolicy":{"@type":"MerchantReturnPolicy","merchantReturnLink":"https:\/\/xstyle.md\/ro\/conditions\/"}}]},"product_price_amount":"890.00","product_price_currency":"MDL","og_availability":"instock","product_availability":"instock","product_retailer_item_id":"59366177246","product_condition":"new"},"_links":{"self":[{"href":"https:\/\/xstyle.md\/ro\/wp-json\/wp\/v2\/product\/14398","targetHints":{"allow":["GET"]}}],"collection":[{"href":"https:\/\/xstyle.md\/ro\/wp-json\/wp\/v2\/product"}],"about":[{"href":"https:\/\/xstyle.md\/ro\/wp-json\/wp\/v2\/types\/product"}],"replies":[{"embeddable":true,"href":"https:\/\/xstyle.md\/ro\/wp-json\/wp\/v2\/comments?post=14398"}],"wp:featuredmedia":[{"embeddable":true,"href":"https:\/\/xstyle.md\/ro\/wp-json\/wp\/v2\/media\/14397"}],"wp:attachment":[{"href":"https:\/\/xstyle.md\/ro\/wp-json\/wp\/v2\/media?parent=14398"}],"wp:term":[{"taxonomy":"product_brand","embeddable":true,"href":"https:\/\/xstyle.md\/ro\/wp-json\/wp\/v2\/product_brand?post=14398"},{"taxonomy":"product_cat","embeddable":true,"href":"https:\/\/xstyle.md\/ro\/wp-json\/wp\/v2\/product_cat?post=14398"},{"taxonomy":"product_tag","embeddable":true,"href":"https:\/\/xstyle.md\/ro\/wp-json\/wp\/v2\/product_tag?post=14398"}],"curies":[{"name":"wp","href":"https:\/\/api.w.org\/{rel}","templated":true}]}}