{"id":14250,"date":"2020-07-17T13:48:21","date_gmt":"2020-07-17T10:48:21","guid":{"rendered":"https:\/\/xstyle.md\/product\/krossovki-muzhskie-asolo-apex-gv-mm"},"modified":"2026-04-08T10:23:42","modified_gmt":"2026-04-08T07:23:42","slug":"krossovki-muzhskie-asolo-apex-gv-mm","status":"publish","type":"product","link":"https:\/\/xstyle.md\/ro\/produs\/krossovki-muzhskie-asolo-apex-gv-mm\/","title":{"rendered":"Adida\u0219i Asolo Apex GV grey"},"content":{"rendered":"<\/p>\n<p><strong>Adida\u0219i pentru b\u0103rba\u021bi Asolo Apex GV MM Grey<\/strong> \u2013 \u00eenc\u0103l\u021b\u0103minte clasic\u0103, fiind numit\u0103 \u0219i pentru drume\u021bie, care de obicei este folosit\u0103 pentru a ajunge la \u00eenceputul traseelor de alpinism sau escalad\u0103. Necesit\u0103 fixare \u0219i sus\u021binere precis\u0103 a piciorului, are protec\u021bie \u00eempotriva terenului st\u00e2ncos. Poate fi folosit \u0219i pentru trasee scurte, via ferrata sau bouldering.<\/p>\n<h3>Particularit\u0103\u021bi<\/h3>\n<ul>\n<li>Rezisten\u021b\u0103 crescut\u0103 la uzur\u0103;<\/li>\n<li>V\u00e2rful cauciucat;<\/li>\n<li>Amortizare bun\u0103;<\/li>\n<li>Buna fixare a piciorului;<\/li>\n<li>Construc\u021bia t\u0103lpii asigur\u0103 auto-cur\u0103\u021bare;<\/li>\n<li>Membrana Gore-Tex impermeabil\u0103 \u0219i respirabil\u0103.<\/li>\n<\/ul>\n<h3>Caracteristici<\/h3>\n<ul>\n<li>Material superior: piele de c\u0103ptu\u0219eal\u0103 1,6-1,8 mm cu impregnare rezistent\u0103 la umiditate;<\/li>\n<li>Membrana: GORE-TEX\u00ae Extended Comfort;<\/li>\n<li>Talp\u0103 anatomic\u0103 \u00abGround\u00bb;<\/li>\n<li>Talp\u0103: Asolo\/Vibram\u00ae Grounde Outsole Megagrip;<\/li>\n<li>Protec\u021bia degetelor;<\/li>\n<li>Scopul \u2014 trekking;<\/li>\n<li>Greutate: 432 gr.<\/li>\n<\/ul>\n<h3>Tehnologii<\/h3>\n<ul>\n<li><strong>HEEL LOCKING TECHNOLOGY \u00abMEGAGRIP\u00bb<\/strong>\u2014 Designul dezvoltat urmeaz\u0103 forma anatomic\u0103 a c\u0103lc\u00e2iului. Datorit\u0103 structurii \u00een form\u0103 de T, ofer\u0103 o fixare excelent\u0103 \u0219i sprijin al c\u0103lc\u00e2iului. Fabricat din inser\u021bii de poliuretan pentru a preveni abraziunea.<\/li>\n<li><strong>GORE-TEX\u00ae Extended Comfort Footwear<\/strong> este o membran\u0103 GORE-TEX\u00ae care ofer\u0103 protec\u021bie impermeabil\u0103 \u0219 i respirabilitate excelent\u0103 la temperaturi extreme moderate, cum ar fi frigul sau activitatea nes\u0103n\u0103toas\u0103. Excelent\u0103 \u00eentr-un mediu de cazuri \u00een care este necesar s\u0103 se reduc\u0103 la minimum re\u021binerea cazanului \u00een interiorul camerei.<\/li>\n<li><strong>Vibram<\/strong> \u2013 nou model de construc\u021bie a t\u0103lpii. Un strat de EVA modelat ofer\u0103 suport \u0219i confort optim. O inser\u021bie de poliuretan \u00een zona c\u0103lc\u00e2iului \u00eembun\u0103t\u0103\u021be\u0219te amor\u021birea.<\/li>\n<li>Stratul exterior \u2014 <strong>Vibram MEGAGRIP<\/strong> \u2014 este un cauciuc nou, mai v\u00e2scos, care are o aderen\u021b\u0103 optim\u0103 chiar \u0219i pe suprafe\u021be umede \u0219i este extrem de rezistent.<\/li>\n<\/ul>\n<h3>Marca<\/h3>\n<p>ASOLO \u2014 este una dintre cele mai mari companii produc\u0103toare de \u00eenc\u0103l\u021b\u0103minte de trekking, \u00eenc\u0103l\u021b\u0103minte de mare altitudine, \u00eenc\u0103l\u021b\u0103minte urbani \u0219i multisport. Compania italian\u0103 ASOLO exist\u0103 din 1975 \u0219i de la na\u0219tere nu a \u00eencetat s\u0103 uimeasc\u0103 lumea industriei sportului cu evolu\u021biile sale inovatoare.<\/p>\n<p>ASOLO \u00eentruchipeaz\u0103 cele mai recente realiz\u0103ri ale tehnologiei moderne \u0219i cele mai moderne materiale \u00een \u00eenc\u0103l\u021b\u0103minte, f\u0103c\u00e2ndu-l din ce \u00een ce mai perfect \u00een fiecare an. Calzi, u\u0219ori, confortabili \u0219i rezisten\u021bi, \u00eenc\u0103l\u021b\u0103mintea ASOLO folose\u0219te t\u0103lpi VIBRAM. Au o stabilitate uimitoare pe teren \u0219i previn alunecarea pe cele mai abrupte cobor\u00e2ri.<\/p>\n<p>Croirea excelent\u0103 \u0219i performan\u021ba, sunt punctele forte ale m\u0103rcii ASOLO.<\/p>\n<p><\/p>","protected":false},"excerpt":{"rendered":"<p>Adida\u0219i Asolo Apex GV grey<\/p>","protected":false},"featured_media":14243,"comment_status":"open","ping_status":"closed","template":"","meta":{"_acf_changed":false,"inline_featured_image":false},"product_brand":[1277],"product_cat":[142],"product_tag":[],"class_list":{"0":"post-14250","1":"product","2":"type-product","3":"status-publish","4":"has-post-thumbnail","6":"product_brand-asolo","7":"product_cat-sport-shoes","8":"pa_naznachenie-obuvi-trekking","9":"pa_razmer-shoes-44-1-2","10":"pa_sex-mns","11":"pa_sezon-demisezon","13":"first","14":"outofstock","15":"shipping-taxable","16":"product-type-variable"},"acf":[],"yoast_head":"<!-- This site is optimized with the Yoast SEO plugin v27.4 - https:\/\/yoast.com\/product\/yoast-seo-wordpress\/ -->\n<title>\u041a\u0440\u043e\u0441\u0441\u043e\u0432\u043a\u0438 Asolo Apex GV grey - \u041c\u0430\u0433\u0430\u0437\u0438\u043d Xstyle<\/title>\n<meta name=\"description\" content=\"\u041a\u0440\u043e\u0441\u0441\u043e\u0432\u043a\u0438 Asolo Apex GV grey \u2013 \u0438\u0434\u0435\u0430\u043b\u044c\u043d\u0430\u044f \u043e\u0431\u0443\u0432\u044c \u0434\u043b\u044f \u0430\u043b\u044c\u043f\u0438\u043d\u0438\u0437\u043c\u0430 \u0438 \u0442\u0440\u0435\u043a\u043a\u0438\u043d\u0433\u0430. \u0421 Gore-Tex \u0438 Vibram Megagrip \u043e\u0431\u0435\u0441\u043f\u0435\u0447\u0438\u0432\u0430\u044e\u0442 \u043a\u043e\u043c\u0444\u043e\u0440\u0442 \u0438 \u043d\u0430\u0434\u0435\u0436\u043d\u043e\u0441\u0442\u044c \u043d\u0430 \u043b\u044e\u0431\u044b\u0445 \u043c\u0430\u0440\u0448\u0440\u0443\u0442\u0430\u0445.\" \/>\n<meta name=\"robots\" content=\"index, follow, max-snippet:-1, max-image-preview:large, max-video-preview:-1\" \/>\n<link rel=\"canonical\" href=\"https:\/\/xstyle.md\/ro\/produs\/krossovki-muzhskie-asolo-apex-gv-mm\/\" \/>\n<meta property=\"og:locale\" content=\"ro_RO\" \/>\n<meta property=\"og:type\" content=\"article\" \/>\n<meta property=\"og:title\" content=\"\u041a\u0440\u043e\u0441\u0441\u043e\u0432\u043a\u0438 Asolo Apex GV grey - \u041c\u0430\u0433\u0430\u0437\u0438\u043d Xstyle\" \/>\n<meta property=\"og:description\" content=\"\u041a\u0440\u043e\u0441\u0441\u043e\u0432\u043a\u0438 Asolo Apex GV grey \u2013 \u0438\u0434\u0435\u0430\u043b\u044c\u043d\u0430\u044f \u043e\u0431\u0443\u0432\u044c \u0434\u043b\u044f \u0430\u043b\u044c\u043f\u0438\u043d\u0438\u0437\u043c\u0430 \u0438 \u0442\u0440\u0435\u043a\u043a\u0438\u043d\u0433\u0430. \u0421 Gore-Tex \u0438 Vibram Megagrip \u043e\u0431\u0435\u0441\u043f\u0435\u0447\u0438\u0432\u0430\u044e\u0442 \u043a\u043e\u043c\u0444\u043e\u0440\u0442 \u0438 \u043d\u0430\u0434\u0435\u0436\u043d\u043e\u0441\u0442\u044c \u043d\u0430 \u043b\u044e\u0431\u044b\u0445 \u043c\u0430\u0440\u0448\u0440\u0443\u0442\u0430\u0445.\" \/>\n<meta property=\"og:url\" content=\"https:\/\/xstyle.md\/ro\/produs\/krossovki-muzhskie-asolo-apex-gv-mm\/\" \/>\n<meta property=\"og:site_name\" content=\"\u041c\u0430\u0433\u0430\u0437\u0438\u043d Xstyle\" \/>\n<meta property=\"article:publisher\" content=\"https:\/\/www.facebook.com\/xstylemd\" \/>\n<meta property=\"article:modified_time\" content=\"2026-04-08T07:23:42+00:00\" \/>\n<meta property=\"og:image\" content=\"https:\/\/xstyle.md\/wp-content\/uploads\/2020\/07\/asolo_apex.jpg\" \/>\n\t<meta property=\"og:image:width\" content=\"888\" \/>\n\t<meta property=\"og:image:height\" content=\"656\" \/>\n\t<meta property=\"og:image:type\" content=\"image\/jpeg\" \/>\n<meta name=\"twitter:card\" content=\"summary_large_image\" \/>\n<meta name=\"twitter:label1\" content=\"Disponibilitate\" \/>\n\t<meta name=\"twitter:data1\" content=\"Stoc epuizat\" \/>\n<script type=\"application\/ld+json\" class=\"yoast-schema-graph\">{\"@context\":\"https:\\\/\\\/schema.org\",\"@graph\":[{\"@type\":\"WebPage\",\"@id\":\"https:\\\/\\\/xstyle.md\\\/product\\\/krossovki-muzhskie-asolo-apex-gv-mm\\\/\",\"url\":\"https:\\\/\\\/xstyle.md\\\/product\\\/krossovki-muzhskie-asolo-apex-gv-mm\\\/\",\"name\":\"\u041a\u0440\u043e\u0441\u0441\u043e\u0432\u043a\u0438 Asolo Apex GV grey - \u041c\u0430\u0433\u0430\u0437\u0438\u043d Xstyle\",\"isPartOf\":{\"@id\":\"https:\\\/\\\/xstyle.md\\\/#website\"},\"primaryImageOfPage\":{\"@id\":\"https:\\\/\\\/xstyle.md\\\/product\\\/krossovki-muzhskie-asolo-apex-gv-mm\\\/#primaryimage\"},\"image\":{\"@id\":\"https:\\\/\\\/xstyle.md\\\/product\\\/krossovki-muzhskie-asolo-apex-gv-mm\\\/#primaryimage\"},\"thumbnailUrl\":\"https:\\\/\\\/xstyle.md\\\/wp-content\\\/uploads\\\/2020\\\/07\\\/asolo_apex.jpg\",\"datePublished\":\"2020-07-17T10:48:21+00:00\",\"dateModified\":\"2026-04-08T07:23:42+00:00\",\"description\":\"\u041a\u0440\u043e\u0441\u0441\u043e\u0432\u043a\u0438 Asolo Apex GV grey \u2013 \u0438\u0434\u0435\u0430\u043b\u044c\u043d\u0430\u044f \u043e\u0431\u0443\u0432\u044c \u0434\u043b\u044f \u0430\u043b\u044c\u043f\u0438\u043d\u0438\u0437\u043c\u0430 \u0438 \u0442\u0440\u0435\u043a\u043a\u0438\u043d\u0433\u0430. \u0421 Gore-Tex \u0438 Vibram Megagrip \u043e\u0431\u0435\u0441\u043f\u0435\u0447\u0438\u0432\u0430\u044e\u0442 \u043a\u043e\u043c\u0444\u043e\u0440\u0442 \u0438 \u043d\u0430\u0434\u0435\u0436\u043d\u043e\u0441\u0442\u044c \u043d\u0430 \u043b\u044e\u0431\u044b\u0445 \u043c\u0430\u0440\u0448\u0440\u0443\u0442\u0430\u0445.\",\"breadcrumb\":{\"@id\":\"https:\\\/\\\/xstyle.md\\\/product\\\/krossovki-muzhskie-asolo-apex-gv-mm\\\/#breadcrumb\"},\"inLanguage\":\"ro-RO\",\"potentialAction\":[{\"@type\":\"ReadAction\",\"target\":[\"https:\\\/\\\/xstyle.md\\\/product\\\/krossovki-muzhskie-asolo-apex-gv-mm\\\/\"]}]},{\"@type\":\"ImageObject\",\"inLanguage\":\"ro-RO\",\"@id\":\"https:\\\/\\\/xstyle.md\\\/product\\\/krossovki-muzhskie-asolo-apex-gv-mm\\\/#primaryimage\",\"url\":\"https:\\\/\\\/xstyle.md\\\/wp-content\\\/uploads\\\/2020\\\/07\\\/asolo_apex.jpg\",\"contentUrl\":\"https:\\\/\\\/xstyle.md\\\/wp-content\\\/uploads\\\/2020\\\/07\\\/asolo_apex.jpg\",\"width\":888,\"height\":656},{\"@type\":\"BreadcrumbList\",\"@id\":\"https:\\\/\\\/xstyle.md\\\/product\\\/krossovki-muzhskie-asolo-apex-gv-mm\\\/#breadcrumb\",\"itemListElement\":[{\"@type\":\"ListItem\",\"position\":1,\"name\":\"\u0413\u043b\u0430\u0432\u043d\u0430\u044f \u0441\u0442\u0440\u0430\u043d\u0438\u0446\u0430\",\"item\":\"https:\\\/\\\/xstyle.md\\\/\"},{\"@type\":\"ListItem\",\"position\":2,\"name\":\"\u041c\u0430\u0433\u0430\u0437\u0438\u043d\",\"item\":\"https:\\\/\\\/xstyle.md\\\/shop\\\/\"},{\"@type\":\"ListItem\",\"position\":3,\"name\":\"\u041a\u0440\u043e\u0441\u0441\u043e\u0432\u043a\u0438 Asolo Apex GV grey\"}]},{\"@type\":\"WebSite\",\"@id\":\"https:\\\/\\\/xstyle.md\\\/#website\",\"url\":\"https:\\\/\\\/xstyle.md\\\/\",\"name\":\"\u041c\u0430\u0433\u0430\u0437\u0438\u043d Xstyle\",\"description\":\"C\u043d\u0430\u0440\u044f\u0436\u0435\u043d\u0438\u0435 \u0434\u043b\u044f \u0442\u0443\u0440\u0438\u0437\u043c\u0430 \u0438 \u044d\u043a\u0441\u0442\u0440\u0435\u043c\u0430\u043b\u044c\u043d\u044b\u0445 \u0432\u0438\u0434\u043e\u0432 \u0441\u043f\u043e\u0440\u0442\u0430 \u0432 \u041c\u043e\u043b\u0434\u043e\u0432\u0435.. \u0426\u0435\u043d\u044b, \u0444\u043e\u0442\u043e, \u0445\u0430\u0440\u0430\u043a\u0442\u0435\u0440\u0438\u0441\u0442\u0438\u043a\u0438 \u0432 \u041c\u043e\u043b\u0434\u043e\u0432\u0435.\",\"publisher\":{\"@id\":\"https:\\\/\\\/xstyle.md\\\/#organization\"},\"alternateName\":\"X-Style\",\"potentialAction\":[{\"@type\":\"SearchAction\",\"target\":{\"@type\":\"EntryPoint\",\"urlTemplate\":\"https:\\\/\\\/xstyle.md\\\/?s={search_term_string}\"},\"query-input\":{\"@type\":\"PropertyValueSpecification\",\"valueRequired\":true,\"valueName\":\"search_term_string\"}}],\"inLanguage\":\"ro-RO\"},{\"@type\":\"Organization\",\"@id\":\"https:\\\/\\\/xstyle.md\\\/#organization\",\"name\":\"\u041c\u0430\u0433\u0430\u0437\u0438\u043d Xstyle\",\"alternateName\":\"x-style\",\"url\":\"https:\\\/\\\/xstyle.md\\\/\",\"logo\":{\"@type\":\"ImageObject\",\"inLanguage\":\"ro-RO\",\"@id\":\"https:\\\/\\\/xstyle.md\\\/#\\\/schema\\\/logo\\\/image\\\/\",\"url\":\"https:\\\/\\\/xstyle.md\\\/wp-content\\\/uploads\\\/2020\\\/06\\\/logoicon.svg\",\"contentUrl\":\"https:\\\/\\\/xstyle.md\\\/wp-content\\\/uploads\\\/2020\\\/06\\\/logoicon.svg\",\"caption\":\"\u041c\u0430\u0433\u0430\u0437\u0438\u043d Xstyle\"},\"image\":{\"@id\":\"https:\\\/\\\/xstyle.md\\\/#\\\/schema\\\/logo\\\/image\\\/\"},\"sameAs\":[\"https:\\\/\\\/www.facebook.com\\\/xstylemd\",\"https:\\\/\\\/www.instagram.com\\\/xstyle_md\\\/\",\"https:\\\/\\\/t.me\\\/xstyle_outdoor\"],\"hasMerchantReturnPolicy\":{\"@type\":\"MerchantReturnPolicy\",\"merchantReturnLink\":\"https:\\\/\\\/xstyle.md\\\/ro\\\/conditions\\\/\"}}]}<\/script>\n<meta property=\"og:availability\" content=\"out of stock\" \/>\n<meta property=\"product:availability\" content=\"out of stock\" \/>\n<meta property=\"product:retailer_item_id\" content=\"X22001\" \/>\n<meta property=\"product:condition\" content=\"new\" \/>\n<!-- \/ Yoast SEO plugin. -->","yoast_head_json":{"title":"Adida\u0219i pentru b\u0103rba\u021bi Asolo Apex GV Grey - Magazin Xstyle","description":"Pantofii Asolo Apex GV gri \u2013 \u00eenc\u0103l\u021b\u0103mintea ideal\u0103 pentru alpinism \u0219i trekking. Cu Gore-Tex \u0219i Vibram Megagrip, ofer\u0103 confort \u0219i fiabilitate pe orice traseu.","robots":{"index":"index","follow":"follow","max-snippet":"max-snippet:-1","max-image-preview":"max-image-preview:large","max-video-preview":"max-video-preview:-1"},"canonical":"https:\/\/xstyle.md\/ro\/produs\/krossovki-muzhskie-asolo-apex-gv-mm\/","og_locale":"ro_RO","og_type":"article","og_title":"\u041a\u0440\u043e\u0441\u0441\u043e\u0432\u043a\u0438 Asolo Apex GV grey - \u041c\u0430\u0433\u0430\u0437\u0438\u043d Xstyle","og_description":"\u041a\u0440\u043e\u0441\u0441\u043e\u0432\u043a\u0438 Asolo Apex GV grey \u2013 \u0438\u0434\u0435\u0430\u043b\u044c\u043d\u0430\u044f \u043e\u0431\u0443\u0432\u044c \u0434\u043b\u044f \u0430\u043b\u044c\u043f\u0438\u043d\u0438\u0437\u043c\u0430 \u0438 \u0442\u0440\u0435\u043a\u043a\u0438\u043d\u0433\u0430. \u0421 Gore-Tex \u0438 Vibram Megagrip \u043e\u0431\u0435\u0441\u043f\u0435\u0447\u0438\u0432\u0430\u044e\u0442 \u043a\u043e\u043c\u0444\u043e\u0440\u0442 \u0438 \u043d\u0430\u0434\u0435\u0436\u043d\u043e\u0441\u0442\u044c \u043d\u0430 \u043b\u044e\u0431\u044b\u0445 \u043c\u0430\u0440\u0448\u0440\u0443\u0442\u0430\u0445.","og_url":"https:\/\/xstyle.md\/ro\/produs\/krossovki-muzhskie-asolo-apex-gv-mm\/","og_site_name":"\u041c\u0430\u0433\u0430\u0437\u0438\u043d Xstyle","article_publisher":"https:\/\/www.facebook.com\/xstylemd","article_modified_time":"2026-04-08T07:23:42+00:00","og_image":[{"width":888,"height":656,"url":"https:\/\/xstyle.md\/wp-content\/uploads\/2020\/07\/asolo_apex.jpg","type":"image\/jpeg"}],"twitter_card":"summary_large_image","twitter_misc":{"Disponibilitate":"Stoc epuizat"},"schema":{"@context":"https:\/\/schema.org","@graph":[{"@type":"WebPage","@id":"https:\/\/xstyle.md\/product\/krossovki-muzhskie-asolo-apex-gv-mm\/","url":"https:\/\/xstyle.md\/product\/krossovki-muzhskie-asolo-apex-gv-mm\/","name":"Adida\u0219i pentru b\u0103rba\u021bi Asolo Apex GV Grey - Magazin Xstyle","isPartOf":{"@id":"https:\/\/xstyle.md\/#website"},"primaryImageOfPage":{"@id":"https:\/\/xstyle.md\/product\/krossovki-muzhskie-asolo-apex-gv-mm\/#primaryimage"},"image":{"@id":"https:\/\/xstyle.md\/product\/krossovki-muzhskie-asolo-apex-gv-mm\/#primaryimage"},"thumbnailUrl":"https:\/\/xstyle.md\/wp-content\/uploads\/2020\/07\/asolo_apex.jpg","datePublished":"2020-07-17T10:48:21+00:00","dateModified":"2026-04-08T07:23:42+00:00","description":"Pantofii Asolo Apex GV gri \u2013 \u00eenc\u0103l\u021b\u0103mintea ideal\u0103 pentru alpinism \u0219i trekking. Cu Gore-Tex \u0219i Vibram Megagrip, ofer\u0103 confort \u0219i fiabilitate pe orice traseu.","breadcrumb":{"@id":"https:\/\/xstyle.md\/product\/krossovki-muzhskie-asolo-apex-gv-mm\/#breadcrumb"},"inLanguage":"ro-RO","potentialAction":[{"@type":"ReadAction","target":["https:\/\/xstyle.md\/product\/krossovki-muzhskie-asolo-apex-gv-mm\/"]}]},{"@type":"ImageObject","inLanguage":"ro-RO","@id":"https:\/\/xstyle.md\/product\/krossovki-muzhskie-asolo-apex-gv-mm\/#primaryimage","url":"https:\/\/xstyle.md\/wp-content\/uploads\/2020\/07\/asolo_apex.jpg","contentUrl":"https:\/\/xstyle.md\/wp-content\/uploads\/2020\/07\/asolo_apex.jpg","width":888,"height":656},{"@type":"BreadcrumbList","@id":"https:\/\/xstyle.md\/product\/krossovki-muzhskie-asolo-apex-gv-mm\/#breadcrumb","itemListElement":[{"@type":"ListItem","position":1,"name":"\u0413\u043b\u0430\u0432\u043d\u0430\u044f \u0441\u0442\u0440\u0430\u043d\u0438\u0446\u0430","item":"https:\/\/xstyle.md\/"},{"@type":"ListItem","position":2,"name":"\u041c\u0430\u0433\u0430\u0437\u0438\u043d","item":"https:\/\/xstyle.md\/shop\/"},{"@type":"ListItem","position":3,"name":"\u041a\u0440\u043e\u0441\u0441\u043e\u0432\u043a\u0438 Asolo Apex GV grey"}]},{"@type":"WebSite","@id":"https:\/\/xstyle.md\/#website","url":"https:\/\/xstyle.md\/","name":"Magazinul X-Style","description":"Echipamente pentru turism \u0219i sporturi extreme \u00een Moldova. Pre\u021buri, fotografii, caracteristici \u00een Moldova.","publisher":{"@id":"https:\/\/xstyle.md\/#organization"},"alternateName":"X-Style","potentialAction":[{"@type":"SearchAction","target":{"@type":"EntryPoint","urlTemplate":"https:\/\/xstyle.md\/?s={search_term_string}"},"query-input":{"@type":"PropertyValueSpecification","valueRequired":true,"valueName":"search_term_string"}}],"inLanguage":"ro-RO"},{"@type":"Organization","@id":"https:\/\/xstyle.md\/#organization","name":"Magazinul X-Style","alternateName":"x-style","url":"https:\/\/xstyle.md\/","logo":{"@type":"ImageObject","inLanguage":"ro-RO","@id":"https:\/\/xstyle.md\/#\/schema\/logo\/image\/","url":"https:\/\/xstyle.md\/wp-content\/uploads\/2020\/06\/logoicon.svg","contentUrl":"https:\/\/xstyle.md\/wp-content\/uploads\/2020\/06\/logoicon.svg","caption":"\u041c\u0430\u0433\u0430\u0437\u0438\u043d Xstyle"},"image":{"@id":"https:\/\/xstyle.md\/#\/schema\/logo\/image\/"},"sameAs":["https:\/\/www.facebook.com\/xstylemd","https:\/\/www.instagram.com\/xstyle_md\/","https:\/\/t.me\/xstyle_outdoor"],"hasMerchantReturnPolicy":{"@type":"MerchantReturnPolicy","merchantReturnLink":"https:\/\/xstyle.md\/ro\/conditions\/"}}]},"og_availability":"out of stock","product_availability":"out of stock","product_retailer_item_id":"X22001","product_condition":"new"},"post_mailing_queue_ids":[],"_links":{"self":[{"href":"https:\/\/xstyle.md\/ro\/wp-json\/wp\/v2\/product\/14250","targetHints":{"allow":["GET"]}}],"collection":[{"href":"https:\/\/xstyle.md\/ro\/wp-json\/wp\/v2\/product"}],"about":[{"href":"https:\/\/xstyle.md\/ro\/wp-json\/wp\/v2\/types\/product"}],"replies":[{"embeddable":true,"href":"https:\/\/xstyle.md\/ro\/wp-json\/wp\/v2\/comments?post=14250"}],"wp:featuredmedia":[{"embeddable":true,"href":"https:\/\/xstyle.md\/ro\/wp-json\/wp\/v2\/media\/14243"}],"wp:attachment":[{"href":"https:\/\/xstyle.md\/ro\/wp-json\/wp\/v2\/media?parent=14250"}],"wp:term":[{"taxonomy":"product_brand","embeddable":true,"href":"https:\/\/xstyle.md\/ro\/wp-json\/wp\/v2\/product_brand?post=14250"},{"taxonomy":"product_cat","embeddable":true,"href":"https:\/\/xstyle.md\/ro\/wp-json\/wp\/v2\/product_cat?post=14250"},{"taxonomy":"product_tag","embeddable":true,"href":"https:\/\/xstyle.md\/ro\/wp-json\/wp\/v2\/product_tag?post=14250"}],"curies":[{"name":"wp","href":"https:\/\/api.w.org\/{rel}","templated":true}]}}