{"id":14056,"date":"2020-07-17T13:38:41","date_gmt":"2020-07-17T10:38:41","guid":{"rendered":"https:\/\/xstyle.md\/product\/zhiletka-odlo-fujin-light-men"},"modified":"2026-03-31T18:32:13","modified_gmt":"2026-03-31T15:32:13","slug":"zhiletka-odlo-fujin-light-men","status":"publish","type":"product","link":"https:\/\/xstyle.md\/ro\/produs\/zhiletka-odlo-fujin-light-men\/","title":{"rendered":"Vest\u0103 Odlo Fujin Light Men"},"content":{"rendered":"<\/p>\n<p><strong>Odlo Fujin Light<\/strong> &#8212; vest\u0103 u\u0219oar\u0103, cu panouri moderne contrastante \u0219i fermoar inclus. Aceast\u0103 vest\u0103 a fost special conceput\u0103 pentru a se potrivi perfect \u00een timpul mersului cu bicicleta.<\/p>\n<p>Fabricat din material rezistent la v\u00e2nt \u0219i la rupere, pentru a-l men\u021bine u\u0219or \u0219i foarte respirabil. Tehnologia Logic Windproof blocheaz\u0103 v\u00e2ntul \u00een partea din fa\u021b\u0103, \u00een timp ce panourile din plas\u0103 din spate v\u0103 men\u021bin aerisit. Finisajul hidrofug, de asemenea, v\u0103 men\u021bine uscat pe timp de ploaie u\u0219oar\u0103, iar c\u00e2nd se \u00eenc\u0103lze\u0219te, vesta Fujin se pliaz\u0103 u\u0219or \u00een propriul buzunar.<\/p>\n<h3>Particularitati:<\/h3>\n<ul>\n<li>Material cu protec\u021bie dubl\u0103 pentru zonele predispuse la v\u00e2nt;<\/li>\n<li>Designul vestei include un spate alungit pentru biciclete;<\/li>\n<li>Are un fermoar lung;<\/li>\n<li>Guler ridicat pentru protectie ajustabil\u0103;<\/li>\n<li>Material elastic, respirabil, situat pe spate \u0219i pe p\u0103r\u021bile laterale pentru a ajuta la gestionarea umidit\u0103\u021bii;<\/li>\n<li>Vesta se \u00eempacheteaz\u0103 u\u0219or, pentru u\u0219urin\u021b\u0103 \u00een utilizare;<\/li>\n<li>Elemente reflectorizante pentru siguran\u021b\u0103;<\/li>\n<li>Se \u00eempacheteaz\u0103 cu u\u0219urin\u021b\u0103 \u00een propriul buzunar;<\/li>\n<li>Materialul este extrem de respirabil, rezistent la v\u00e2nt \u0219i la ap\u0103.<\/li>\n<\/ul>\n<h3>Caracteristici:<\/h3>\n<ul>\n<li>Material &#8212; 100% poliamid\u0103;<\/li>\n<li>Sezon &#8212; prim\u0103var\u0103\/var\u0103\/toamn\u0103;<\/li>\n<li>Model &#8212; pentru b\u0103rba\u021bi.<\/li>\n<\/ul>\n<p><\/p>\n<h3>Marca<\/h3>\n<p>Odlo \u2014 este un brand legendar norvegiano-elve\u021bian, considerat pionier \u00een crearea lenjeriei termice moderne \u0219i a \u00eembr\u0103c\u0103mintei sportive func\u021bionale. Compania este cunoscut\u0103 pentru abordarea sa inovatoare fa\u021b\u0103 de sistemele de echipament stratificat, asigur\u00e2nd echilibrul perfect \u00eentre temperatur\u0103 \u0219i eliminarea umidit\u0103\u021bii pentru sportivii de orice nivel.<\/p>","protected":false},"excerpt":{"rendered":"<p>Vest\u0103 Odlo Fujin Light Men<\/p>","protected":false},"featured_media":14055,"comment_status":"open","ping_status":"closed","template":"","meta":{"_acf_changed":false,"inline_featured_image":false},"product_brand":[1387],"product_cat":[222,279,444],"product_tag":[],"class_list":{"0":"post-14056","1":"product","2":"type-product","3":"status-publish","4":"has-post-thumbnail","6":"product_brand-odlo","7":"product_cat-cycling-wear","8":"product_cat-haine-velo-barbati","9":"product_cat-vesta-scurta-barbati","11":"first","12":"instock","13":"sale","14":"shipping-taxable","15":"purchasable","16":"product-type-simple"},"acf":[],"yoast_head":"<!-- This site is optimized with the Yoast SEO plugin v27.4 - https:\/\/yoast.com\/product\/yoast-seo-wordpress\/ -->\n<title>\u0416\u0438\u043b\u0435\u0442\u043a\u0430 Odlo Fujin Light Men - \u041c\u0430\u0433\u0430\u0437\u0438\u043d Xstyle<\/title>\n<meta name=\"description\" content=\"\u041b\u0435\u0433\u043a\u0430\u044f \u0436\u0438\u043b\u0435\u0442\u043a\u0430 Odlo Fujin Light \u0434\u043b\u044f \u043c\u0443\u0436\u0447\u0438\u043d: \u0437\u0430\u0449\u0438\u0442\u0438\u0442 \u043e\u0442 \u0432\u0435\u0442\u0440\u0430, \u0434\u044b\u0448\u0430\u0449\u0438\u0439 \u043c\u0430\u0442\u0435\u0440\u0438\u0430\u043b \u0438 \u0441\u043e\u0432\u0440\u0435\u043c\u0435\u043d\u043d\u044b\u0439 \u0434\u0438\u0437\u0430\u0439\u043d. \u0418\u0434\u0435\u0430\u043b\u044c\u043d\u0430 \u0434\u043b\u044f \u0432\u0435\u043b\u043e\u043f\u0440\u043e\u0433\u0443\u043b\u043e\u043a \u0438 \u0430\u043a\u0442\u0438\u0432\u043d\u043e\u0433\u043e \u043e\u0442\u0434\u044b\u0445\u0430.\" \/>\n<meta name=\"robots\" content=\"index, follow, max-snippet:-1, max-image-preview:large, max-video-preview:-1\" \/>\n<link rel=\"canonical\" href=\"https:\/\/xstyle.md\/ro\/produs\/zhiletka-odlo-fujin-light-men\/\" \/>\n<meta property=\"og:locale\" content=\"ro_RO\" \/>\n<meta property=\"og:type\" content=\"article\" \/>\n<meta property=\"og:title\" content=\"\u0416\u0438\u043b\u0435\u0442\u043a\u0430 Odlo Fujin Light Men - \u041c\u0430\u0433\u0430\u0437\u0438\u043d Xstyle\" \/>\n<meta property=\"og:description\" content=\"\u041b\u0435\u0433\u043a\u0430\u044f \u0436\u0438\u043b\u0435\u0442\u043a\u0430 Odlo Fujin Light \u0434\u043b\u044f \u043c\u0443\u0436\u0447\u0438\u043d: \u0437\u0430\u0449\u0438\u0442\u0438\u0442 \u043e\u0442 \u0432\u0435\u0442\u0440\u0430, \u0434\u044b\u0448\u0430\u0449\u0438\u0439 \u043c\u0430\u0442\u0435\u0440\u0438\u0430\u043b \u0438 \u0441\u043e\u0432\u0440\u0435\u043c\u0435\u043d\u043d\u044b\u0439 \u0434\u0438\u0437\u0430\u0439\u043d. \u0418\u0434\u0435\u0430\u043b\u044c\u043d\u0430 \u0434\u043b\u044f \u0432\u0435\u043b\u043e\u043f\u0440\u043e\u0433\u0443\u043b\u043e\u043a \u0438 \u0430\u043a\u0442\u0438\u0432\u043d\u043e\u0433\u043e \u043e\u0442\u0434\u044b\u0445\u0430.\" \/>\n<meta property=\"og:url\" content=\"https:\/\/xstyle.md\/ro\/produs\/zhiletka-odlo-fujin-light-men\/\" \/>\n<meta property=\"og:site_name\" content=\"\u041c\u0430\u0433\u0430\u0437\u0438\u043d Xstyle\" \/>\n<meta property=\"article:publisher\" content=\"https:\/\/www.facebook.com\/xstylemd\" \/>\n<meta property=\"article:modified_time\" content=\"2026-03-31T15:32:13+00:00\" \/>\n<meta property=\"og:image\" content=\"https:\/\/xstyle.md\/wp-content\/uploads\/2020\/07\/284260_00_c.jpg\" \/>\n\t<meta property=\"og:image:width\" content=\"350\" \/>\n\t<meta property=\"og:image:height\" content=\"350\" \/>\n\t<meta property=\"og:image:type\" content=\"image\/jpeg\" \/>\n<meta name=\"twitter:card\" content=\"summary_large_image\" \/>\n<meta name=\"twitter:label1\" content=\"Pre\u021b\" \/>\n\t<meta name=\"twitter:data1\" content=\"758&nbsp;MDL\" \/>\n\t<meta name=\"twitter:label2\" content=\"Disponibilitate\" \/>\n\t<meta name=\"twitter:data2\" content=\"\u00cen stoc\" \/>\n<script type=\"application\/ld+json\" class=\"yoast-schema-graph\">{\"@context\":\"https:\\\/\\\/schema.org\",\"@graph\":[{\"@type\":\"WebPage\",\"@id\":\"https:\\\/\\\/xstyle.md\\\/product\\\/zhiletka-odlo-fujin-light-men\\\/\",\"url\":\"https:\\\/\\\/xstyle.md\\\/product\\\/zhiletka-odlo-fujin-light-men\\\/\",\"name\":\"\u0416\u0438\u043b\u0435\u0442\u043a\u0430 Odlo Fujin Light Men - \u041c\u0430\u0433\u0430\u0437\u0438\u043d Xstyle\",\"isPartOf\":{\"@id\":\"https:\\\/\\\/xstyle.md\\\/#website\"},\"primaryImageOfPage\":{\"@id\":\"https:\\\/\\\/xstyle.md\\\/product\\\/zhiletka-odlo-fujin-light-men\\\/#primaryimage\"},\"image\":{\"@id\":\"https:\\\/\\\/xstyle.md\\\/product\\\/zhiletka-odlo-fujin-light-men\\\/#primaryimage\"},\"thumbnailUrl\":\"https:\\\/\\\/xstyle.md\\\/wp-content\\\/uploads\\\/2020\\\/07\\\/284260_00_c.jpg\",\"datePublished\":\"2020-07-17T10:38:41+00:00\",\"dateModified\":\"2026-03-31T15:32:13+00:00\",\"description\":\"\u041b\u0435\u0433\u043a\u0430\u044f \u0436\u0438\u043b\u0435\u0442\u043a\u0430 Odlo Fujin Light \u0434\u043b\u044f \u043c\u0443\u0436\u0447\u0438\u043d: \u0437\u0430\u0449\u0438\u0442\u0438\u0442 \u043e\u0442 \u0432\u0435\u0442\u0440\u0430, \u0434\u044b\u0448\u0430\u0449\u0438\u0439 \u043c\u0430\u0442\u0435\u0440\u0438\u0430\u043b \u0438 \u0441\u043e\u0432\u0440\u0435\u043c\u0435\u043d\u043d\u044b\u0439 \u0434\u0438\u0437\u0430\u0439\u043d. \u0418\u0434\u0435\u0430\u043b\u044c\u043d\u0430 \u0434\u043b\u044f \u0432\u0435\u043b\u043e\u043f\u0440\u043e\u0433\u0443\u043b\u043e\u043a \u0438 \u0430\u043a\u0442\u0438\u0432\u043d\u043e\u0433\u043e \u043e\u0442\u0434\u044b\u0445\u0430.\",\"breadcrumb\":{\"@id\":\"https:\\\/\\\/xstyle.md\\\/product\\\/zhiletka-odlo-fujin-light-men\\\/#breadcrumb\"},\"inLanguage\":\"ro-RO\",\"potentialAction\":[{\"@type\":\"ReadAction\",\"target\":[\"https:\\\/\\\/xstyle.md\\\/product\\\/zhiletka-odlo-fujin-light-men\\\/\"]}]},{\"@type\":\"ImageObject\",\"inLanguage\":\"ro-RO\",\"@id\":\"https:\\\/\\\/xstyle.md\\\/product\\\/zhiletka-odlo-fujin-light-men\\\/#primaryimage\",\"url\":\"https:\\\/\\\/xstyle.md\\\/wp-content\\\/uploads\\\/2020\\\/07\\\/284260_00_c.jpg\",\"contentUrl\":\"https:\\\/\\\/xstyle.md\\\/wp-content\\\/uploads\\\/2020\\\/07\\\/284260_00_c.jpg\",\"width\":350,\"height\":350},{\"@type\":\"BreadcrumbList\",\"@id\":\"https:\\\/\\\/xstyle.md\\\/product\\\/zhiletka-odlo-fujin-light-men\\\/#breadcrumb\",\"itemListElement\":[{\"@type\":\"ListItem\",\"position\":1,\"name\":\"\u0413\u043b\u0430\u0432\u043d\u0430\u044f \u0441\u0442\u0440\u0430\u043d\u0438\u0446\u0430\",\"item\":\"https:\\\/\\\/xstyle.md\\\/\"},{\"@type\":\"ListItem\",\"position\":2,\"name\":\"\u041c\u0430\u0433\u0430\u0437\u0438\u043d\",\"item\":\"https:\\\/\\\/xstyle.md\\\/shop\\\/\"},{\"@type\":\"ListItem\",\"position\":3,\"name\":\"\u0416\u0438\u043b\u0435\u0442\u043a\u0430 Odlo Fujin Light Men\"}]},{\"@type\":\"WebSite\",\"@id\":\"https:\\\/\\\/xstyle.md\\\/#website\",\"url\":\"https:\\\/\\\/xstyle.md\\\/\",\"name\":\"\u041c\u0430\u0433\u0430\u0437\u0438\u043d Xstyle\",\"description\":\"C\u043d\u0430\u0440\u044f\u0436\u0435\u043d\u0438\u0435 \u0434\u043b\u044f \u0442\u0443\u0440\u0438\u0437\u043c\u0430 \u0438 \u044d\u043a\u0441\u0442\u0440\u0435\u043c\u0430\u043b\u044c\u043d\u044b\u0445 \u0432\u0438\u0434\u043e\u0432 \u0441\u043f\u043e\u0440\u0442\u0430 \u0432 \u041c\u043e\u043b\u0434\u043e\u0432\u0435.. \u0426\u0435\u043d\u044b, \u0444\u043e\u0442\u043e, \u0445\u0430\u0440\u0430\u043a\u0442\u0435\u0440\u0438\u0441\u0442\u0438\u043a\u0438 \u0432 \u041c\u043e\u043b\u0434\u043e\u0432\u0435.\",\"publisher\":{\"@id\":\"https:\\\/\\\/xstyle.md\\\/#organization\"},\"alternateName\":\"X-Style\",\"potentialAction\":[{\"@type\":\"SearchAction\",\"target\":{\"@type\":\"EntryPoint\",\"urlTemplate\":\"https:\\\/\\\/xstyle.md\\\/?s={search_term_string}\"},\"query-input\":{\"@type\":\"PropertyValueSpecification\",\"valueRequired\":true,\"valueName\":\"search_term_string\"}}],\"inLanguage\":\"ro-RO\"},{\"@type\":\"Organization\",\"@id\":\"https:\\\/\\\/xstyle.md\\\/#organization\",\"name\":\"\u041c\u0430\u0433\u0430\u0437\u0438\u043d Xstyle\",\"alternateName\":\"x-style\",\"url\":\"https:\\\/\\\/xstyle.md\\\/\",\"logo\":{\"@type\":\"ImageObject\",\"inLanguage\":\"ro-RO\",\"@id\":\"https:\\\/\\\/xstyle.md\\\/#\\\/schema\\\/logo\\\/image\\\/\",\"url\":\"https:\\\/\\\/xstyle.md\\\/wp-content\\\/uploads\\\/2020\\\/06\\\/logoicon.svg\",\"contentUrl\":\"https:\\\/\\\/xstyle.md\\\/wp-content\\\/uploads\\\/2020\\\/06\\\/logoicon.svg\",\"caption\":\"\u041c\u0430\u0433\u0430\u0437\u0438\u043d Xstyle\"},\"image\":{\"@id\":\"https:\\\/\\\/xstyle.md\\\/#\\\/schema\\\/logo\\\/image\\\/\"},\"sameAs\":[\"https:\\\/\\\/www.facebook.com\\\/xstylemd\",\"https:\\\/\\\/www.instagram.com\\\/xstyle_md\\\/\",\"https:\\\/\\\/t.me\\\/xstyle_outdoor\"],\"hasMerchantReturnPolicy\":{\"@type\":\"MerchantReturnPolicy\",\"merchantReturnLink\":\"https:\\\/\\\/xstyle.md\\\/ro\\\/conditions\\\/\"}}]}<\/script>\n<meta property=\"product:price:amount\" content=\"758.00\" \/>\n<meta property=\"product:price:currency\" content=\"MDL\" \/>\n<meta property=\"og:availability\" content=\"instock\" \/>\n<meta property=\"product:availability\" content=\"instock\" \/>\n<meta property=\"product:retailer_item_id\" content=\"7613361272509\" \/>\n<meta property=\"product:condition\" content=\"new\" \/>\n<!-- \/ Yoast SEO plugin. -->","yoast_head_json":{"title":"Vest\u0103 Odlo Fujin Light Men - Magazin Xstyle","description":"Vesta u\u0219oar\u0103 Odlo Fujin Light pentru b\u0103rba\u021bi: protejeaz\u0103 de v\u00e2nt, material respirabil \u0219i design modern. Ideal\u0103 pentru plimb\u0103ri cu bicicleta \u0219i recreere activ\u0103.","robots":{"index":"index","follow":"follow","max-snippet":"max-snippet:-1","max-image-preview":"max-image-preview:large","max-video-preview":"max-video-preview:-1"},"canonical":"https:\/\/xstyle.md\/ro\/produs\/zhiletka-odlo-fujin-light-men\/","og_locale":"ro_RO","og_type":"article","og_title":"\u0416\u0438\u043b\u0435\u0442\u043a\u0430 Odlo Fujin Light Men - \u041c\u0430\u0433\u0430\u0437\u0438\u043d Xstyle","og_description":"\u041b\u0435\u0433\u043a\u0430\u044f \u0436\u0438\u043b\u0435\u0442\u043a\u0430 Odlo Fujin Light \u0434\u043b\u044f \u043c\u0443\u0436\u0447\u0438\u043d: \u0437\u0430\u0449\u0438\u0442\u0438\u0442 \u043e\u0442 \u0432\u0435\u0442\u0440\u0430, \u0434\u044b\u0448\u0430\u0449\u0438\u0439 \u043c\u0430\u0442\u0435\u0440\u0438\u0430\u043b \u0438 \u0441\u043e\u0432\u0440\u0435\u043c\u0435\u043d\u043d\u044b\u0439 \u0434\u0438\u0437\u0430\u0439\u043d. \u0418\u0434\u0435\u0430\u043b\u044c\u043d\u0430 \u0434\u043b\u044f \u0432\u0435\u043b\u043e\u043f\u0440\u043e\u0433\u0443\u043b\u043e\u043a \u0438 \u0430\u043a\u0442\u0438\u0432\u043d\u043e\u0433\u043e \u043e\u0442\u0434\u044b\u0445\u0430.","og_url":"https:\/\/xstyle.md\/ro\/produs\/zhiletka-odlo-fujin-light-men\/","og_site_name":"\u041c\u0430\u0433\u0430\u0437\u0438\u043d Xstyle","article_publisher":"https:\/\/www.facebook.com\/xstylemd","article_modified_time":"2026-03-31T15:32:13+00:00","og_image":[{"width":350,"height":350,"url":"https:\/\/xstyle.md\/wp-content\/uploads\/2020\/07\/284260_00_c.jpg","type":"image\/jpeg"}],"twitter_card":"summary_large_image","twitter_misc":{"Pre\u021b":"758&nbsp;MDL","Disponibilitate":"\u00cen stoc"},"schema":{"@context":"https:\/\/schema.org","@graph":[{"@type":"WebPage","@id":"https:\/\/xstyle.md\/product\/zhiletka-odlo-fujin-light-men\/","url":"https:\/\/xstyle.md\/product\/zhiletka-odlo-fujin-light-men\/","name":"Vest\u0103 Odlo Fujin Light Men - Magazin Xstyle","isPartOf":{"@id":"https:\/\/xstyle.md\/#website"},"primaryImageOfPage":{"@id":"https:\/\/xstyle.md\/product\/zhiletka-odlo-fujin-light-men\/#primaryimage"},"image":{"@id":"https:\/\/xstyle.md\/product\/zhiletka-odlo-fujin-light-men\/#primaryimage"},"thumbnailUrl":"https:\/\/xstyle.md\/wp-content\/uploads\/2020\/07\/284260_00_c.jpg","datePublished":"2020-07-17T10:38:41+00:00","dateModified":"2026-03-31T15:32:13+00:00","description":"Vesta u\u0219oar\u0103 Odlo Fujin Light pentru b\u0103rba\u021bi: protejeaz\u0103 de v\u00e2nt, material respirabil \u0219i design modern. Ideal\u0103 pentru plimb\u0103ri cu bicicleta \u0219i recreere activ\u0103.","breadcrumb":{"@id":"https:\/\/xstyle.md\/product\/zhiletka-odlo-fujin-light-men\/#breadcrumb"},"inLanguage":"ro-RO","potentialAction":[{"@type":"ReadAction","target":["https:\/\/xstyle.md\/product\/zhiletka-odlo-fujin-light-men\/"]}]},{"@type":"ImageObject","inLanguage":"ro-RO","@id":"https:\/\/xstyle.md\/product\/zhiletka-odlo-fujin-light-men\/#primaryimage","url":"https:\/\/xstyle.md\/wp-content\/uploads\/2020\/07\/284260_00_c.jpg","contentUrl":"https:\/\/xstyle.md\/wp-content\/uploads\/2020\/07\/284260_00_c.jpg","width":350,"height":350},{"@type":"BreadcrumbList","@id":"https:\/\/xstyle.md\/product\/zhiletka-odlo-fujin-light-men\/#breadcrumb","itemListElement":[{"@type":"ListItem","position":1,"name":"\u0413\u043b\u0430\u0432\u043d\u0430\u044f \u0441\u0442\u0440\u0430\u043d\u0438\u0446\u0430","item":"https:\/\/xstyle.md\/"},{"@type":"ListItem","position":2,"name":"\u041c\u0430\u0433\u0430\u0437\u0438\u043d","item":"https:\/\/xstyle.md\/shop\/"},{"@type":"ListItem","position":3,"name":"\u0416\u0438\u043b\u0435\u0442\u043a\u0430 Odlo Fujin Light Men"}]},{"@type":"WebSite","@id":"https:\/\/xstyle.md\/#website","url":"https:\/\/xstyle.md\/","name":"Magazinul X-Style","description":"Echipamente pentru turism \u0219i sporturi extreme \u00een Moldova. Pre\u021buri, fotografii, caracteristici \u00een Moldova.","publisher":{"@id":"https:\/\/xstyle.md\/#organization"},"alternateName":"X-Style","potentialAction":[{"@type":"SearchAction","target":{"@type":"EntryPoint","urlTemplate":"https:\/\/xstyle.md\/?s={search_term_string}"},"query-input":{"@type":"PropertyValueSpecification","valueRequired":true,"valueName":"search_term_string"}}],"inLanguage":"ro-RO"},{"@type":"Organization","@id":"https:\/\/xstyle.md\/#organization","name":"Magazinul X-Style","alternateName":"x-style","url":"https:\/\/xstyle.md\/","logo":{"@type":"ImageObject","inLanguage":"ro-RO","@id":"https:\/\/xstyle.md\/#\/schema\/logo\/image\/","url":"https:\/\/xstyle.md\/wp-content\/uploads\/2020\/06\/logoicon.svg","contentUrl":"https:\/\/xstyle.md\/wp-content\/uploads\/2020\/06\/logoicon.svg","caption":"\u041c\u0430\u0433\u0430\u0437\u0438\u043d Xstyle"},"image":{"@id":"https:\/\/xstyle.md\/#\/schema\/logo\/image\/"},"sameAs":["https:\/\/www.facebook.com\/xstylemd","https:\/\/www.instagram.com\/xstyle_md\/","https:\/\/t.me\/xstyle_outdoor"],"hasMerchantReturnPolicy":{"@type":"MerchantReturnPolicy","merchantReturnLink":"https:\/\/xstyle.md\/ro\/conditions\/"}}]},"product_price_amount":"758.00","product_price_currency":"MDL","og_availability":"instock","product_availability":"instock","product_retailer_item_id":"7613361272509","product_condition":"new"},"_links":{"self":[{"href":"https:\/\/xstyle.md\/ro\/wp-json\/wp\/v2\/product\/14056","targetHints":{"allow":["GET"]}}],"collection":[{"href":"https:\/\/xstyle.md\/ro\/wp-json\/wp\/v2\/product"}],"about":[{"href":"https:\/\/xstyle.md\/ro\/wp-json\/wp\/v2\/types\/product"}],"replies":[{"embeddable":true,"href":"https:\/\/xstyle.md\/ro\/wp-json\/wp\/v2\/comments?post=14056"}],"wp:featuredmedia":[{"embeddable":true,"href":"https:\/\/xstyle.md\/ro\/wp-json\/wp\/v2\/media\/14055"}],"wp:attachment":[{"href":"https:\/\/xstyle.md\/ro\/wp-json\/wp\/v2\/media?parent=14056"}],"wp:term":[{"taxonomy":"product_brand","embeddable":true,"href":"https:\/\/xstyle.md\/ro\/wp-json\/wp\/v2\/product_brand?post=14056"},{"taxonomy":"product_cat","embeddable":true,"href":"https:\/\/xstyle.md\/ro\/wp-json\/wp\/v2\/product_cat?post=14056"},{"taxonomy":"product_tag","embeddable":true,"href":"https:\/\/xstyle.md\/ro\/wp-json\/wp\/v2\/product_tag?post=14056"}],"curies":[{"name":"wp","href":"https:\/\/api.w.org\/{rel}","templated":true}]}}