{"id":14032,"date":"2020-07-17T13:37:24","date_gmt":"2020-07-17T10:37:24","guid":{"rendered":"https:\/\/xstyle.md\/product\/termoshtany-odlo-suw-bottom-performance-blackcomb"},"modified":"2025-12-24T18:49:10","modified_gmt":"2025-12-24T15:49:10","slug":"odlo-suw-bottom-performance-blackcomb-mns","status":"publish","type":"product","link":"https:\/\/xstyle.md\/ro\/produs\/odlo-suw-bottom-performance-blackcomb-mns\/","title":{"rendered":"Pantaloni termici Odlo SUW Bottom Performance Blackcomb Mns"},"content":{"rendered":"<\/p>\n<p><strong>Pantaloni termici pentru b\u0103rba\u021bi Odlo SUW Bottom Performance Blackcomb<\/strong> \u2013 pentru timpul de iarn\u0103, f\u0103r\u0103 cus\u0103turi, extrem de elastici, design \u00een vog\u0103, copie exact silueta, croial\u0103 ergonomic\u0103. Foarte pl\u0103cut pentru corp, material moale. Ofer\u0103 un nivel ridicat de confort cu o margine plat\u0103, respirabilitate excelent\u0103 \u0219i func\u021bionalitate optim\u0103 pentru toate tipurile de activitate fizic\u0103. Protec\u021bia antibacterian\u0103 cu argint nu folose\u0219te substan\u021be chimice, este complet hipoalergenic\u0103 \u0219i nu-\u0219i reduce eficacitatea nici dup\u0103 sp\u0103l\u0103ri frecvente.<\/p>\n<h3>Particularit\u0103\u021bi:<\/h3>\n<ul>\n<li>Men\u021bine pielea uscat\u0103 \u0219i cald\u0103;<\/li>\n<li>Designul f\u0103r\u0103 cus\u0103turi previne frecarea;<\/li>\n<li>Zone func\u021bionale perfect integrate pentru un control optim al temperaturii \u0219i o dezumidificare rapid\u0103;<\/li>\n<li>\u00cendep\u0103rtare excelent\u0103 a umezelii;<\/li>\n<li>Absorb\u021bie bun\u0103 a umidit\u0103\u021bii \u0219i respirabilitate;<\/li>\n<li>Total hipoalergenic.<\/li>\n<\/ul>\n<h3>Caracteristici:<\/h3>\n<ul>\n<li>Sezon &#8212; toamn\u0103\/iarn\u0103;<\/li>\n<li>Compozi\u021bie &#8212; 51% Poliamid\u0103, 38% Polyester reciclat;<\/li>\n<li>Aplicare &#8212; odihn\u0103 activ\u0103\/turism\/schi alpin;<\/li>\n<li>Model &#8212; pentru b\u0103rba\u021bi.<\/li>\n<\/ul>\n<h3><strong>Tehnologie<\/strong><strong>:<\/strong><\/h3>\n<ul>\n<li><strong>Poliesterul reciclat<\/strong> este fabricat din sticle de plastic uzate: sticlele sunt colectate, cur\u0103\u021bate, iar apoi plasticul cur\u0103\u021bat este presat, t\u0103iat \u00een buc\u0103\u021bi mici \u0219i trecut printr-un cazan cu abur.Avantajul utiliz\u0103rii polyesterului reciclat este clar: este nevoie de mai pu\u021bin ulei \u00een compara\u021bie cu produc\u021bia de polyester nou. \u00cen plus, emisiile de CO<sub>2<\/sub> sunt reduse \u0219i sunt utilizate mai pu\u021bine substan\u021be chimice. Ca urmare, efectele nocive ale textilelor asupra mediului \u0219i s\u0103n\u0103t\u0103\u021bii umane sunt semnificativ reduse dec\u00e2t atunci c\u00e2nd se utilizeaz\u0103 fibre noi de polyester.<\/li>\n<\/ul>\n<p><\/p>","protected":false},"excerpt":{"rendered":"<p>Pantaloni termici Odlo SUW Bottom Performance Blackcomb Mns<\/p>","protected":false},"featured_media":14027,"comment_status":"open","ping_status":"closed","template":"","meta":{"_acf_changed":false,"inline_featured_image":false},"product_brand":[1387],"product_cat":[288],"product_tag":[],"class_list":{"0":"post-14032","1":"product","2":"type-product","3":"status-publish","4":"has-post-thumbnail","6":"product_brand-odlo","7":"product_cat-thermals-barbati","9":"first","10":"instock","11":"sale","12":"shipping-taxable","13":"purchasable","14":"product-type-simple"},"acf":[],"yoast_head":"<!-- This site is optimized with the Yoast SEO plugin v27.4 - https:\/\/yoast.com\/product\/yoast-seo-wordpress\/ -->\n<title>\u0422\u0435\u0440\u043c\u043e\u0448\u0442\u0430\u043d\u044b Odlo SUW Bottom Performance Blackcomb Mns - \u041c\u0430\u0433\u0430\u0437\u0438\u043d Xstyle<\/title>\n<meta name=\"description\" content=\"\u0422\u0435\u0440\u043c\u043e\u0448\u0442\u0430\u043d\u044b Odlo SUW Bottom Performance Blackcomb Mns - \u0438\u0434\u0435\u0430\u043b\u044c\u043d\u044b\u0439 \u0432\u044b\u0431\u043e\u0440 \u0434\u043b\u044f \u0437\u0438\u043c\u043d\u0438\u0445 \u0430\u043a\u0442\u0438\u0432\u043d\u043e\u0441\u0442\u0435\u0439: \u044d\u043b\u0430\u0441\u0442\u0438\u0447\u043d\u044b\u0439, \u0434\u044b\u0448\u0430\u0449\u0438\u0439 \u0438 \u043a\u043e\u043c\u0444\u043e\u0440\u0442\u043d\u044b\u0439 \u0434\u0438\u0437\u0430\u0439\u043d \u0431\u0435\u0437 \u0448\u0432\u043e\u0432.\" \/>\n<meta name=\"robots\" content=\"index, follow, max-snippet:-1, max-image-preview:large, max-video-preview:-1\" \/>\n<link rel=\"canonical\" href=\"https:\/\/xstyle.md\/ro\/produs\/odlo-suw-bottom-performance-blackcomb-mns\/\" \/>\n<meta property=\"og:locale\" content=\"ro_RO\" \/>\n<meta property=\"og:type\" content=\"article\" \/>\n<meta property=\"og:title\" content=\"\u0422\u0435\u0440\u043c\u043e\u0448\u0442\u0430\u043d\u044b Odlo SUW Bottom Performance Blackcomb Mns - \u041c\u0430\u0433\u0430\u0437\u0438\u043d Xstyle\" \/>\n<meta property=\"og:description\" content=\"\u0422\u0435\u0440\u043c\u043e\u0448\u0442\u0430\u043d\u044b Odlo SUW Bottom Performance Blackcomb Mns - \u0438\u0434\u0435\u0430\u043b\u044c\u043d\u044b\u0439 \u0432\u044b\u0431\u043e\u0440 \u0434\u043b\u044f \u0437\u0438\u043c\u043d\u0438\u0445 \u0430\u043a\u0442\u0438\u0432\u043d\u043e\u0441\u0442\u0435\u0439: \u044d\u043b\u0430\u0441\u0442\u0438\u0447\u043d\u044b\u0439, \u0434\u044b\u0448\u0430\u0449\u0438\u0439 \u0438 \u043a\u043e\u043c\u0444\u043e\u0440\u0442\u043d\u044b\u0439 \u0434\u0438\u0437\u0430\u0439\u043d \u0431\u0435\u0437 \u0448\u0432\u043e\u0432.\" \/>\n<meta property=\"og:url\" content=\"https:\/\/xstyle.md\/ro\/produs\/odlo-suw-bottom-performance-blackcomb-mns\/\" \/>\n<meta property=\"og:site_name\" content=\"\u041c\u0430\u0433\u0430\u0437\u0438\u043d Xstyle\" \/>\n<meta property=\"article:publisher\" content=\"https:\/\/www.facebook.com\/xstylemd\" \/>\n<meta property=\"article:modified_time\" content=\"2025-12-24T15:49:10+00:00\" \/>\n<meta property=\"og:image\" content=\"https:\/\/xstyle.md\/wp-content\/uploads\/2020\/07\/odlo_blackcomb-2.jpg\" \/>\n\t<meta property=\"og:image:width\" content=\"570\" \/>\n\t<meta property=\"og:image:height\" content=\"570\" \/>\n\t<meta property=\"og:image:type\" content=\"image\/jpeg\" \/>\n<meta name=\"twitter:card\" content=\"summary_large_image\" \/>\n<meta name=\"twitter:label1\" content=\"Pre\u021b\" \/>\n\t<meta name=\"twitter:data1\" content=\"1.014&nbsp;MDL\" \/>\n\t<meta name=\"twitter:label2\" content=\"Disponibilitate\" \/>\n\t<meta name=\"twitter:data2\" content=\"\u00cen stoc\" \/>\n<script type=\"application\/ld+json\" class=\"yoast-schema-graph\">{\"@context\":\"https:\\\/\\\/schema.org\",\"@graph\":[{\"@type\":\"WebPage\",\"@id\":\"https:\\\/\\\/xstyle.md\\\/product\\\/odlo-suw-bottom-performance-blackcomb-mns\\\/\",\"url\":\"https:\\\/\\\/xstyle.md\\\/product\\\/odlo-suw-bottom-performance-blackcomb-mns\\\/\",\"name\":\"\u0422\u0435\u0440\u043c\u043e\u0448\u0442\u0430\u043d\u044b Odlo SUW Bottom Performance Blackcomb Mns - \u041c\u0430\u0433\u0430\u0437\u0438\u043d Xstyle\",\"isPartOf\":{\"@id\":\"https:\\\/\\\/xstyle.md\\\/#website\"},\"primaryImageOfPage\":{\"@id\":\"https:\\\/\\\/xstyle.md\\\/product\\\/odlo-suw-bottom-performance-blackcomb-mns\\\/#primaryimage\"},\"image\":{\"@id\":\"https:\\\/\\\/xstyle.md\\\/product\\\/odlo-suw-bottom-performance-blackcomb-mns\\\/#primaryimage\"},\"thumbnailUrl\":\"https:\\\/\\\/xstyle.md\\\/wp-content\\\/uploads\\\/2020\\\/07\\\/odlo_blackcomb-2.jpg\",\"datePublished\":\"2020-07-17T10:37:24+00:00\",\"dateModified\":\"2025-12-24T15:49:10+00:00\",\"description\":\"\u0422\u0435\u0440\u043c\u043e\u0448\u0442\u0430\u043d\u044b Odlo SUW Bottom Performance Blackcomb Mns - \u0438\u0434\u0435\u0430\u043b\u044c\u043d\u044b\u0439 \u0432\u044b\u0431\u043e\u0440 \u0434\u043b\u044f \u0437\u0438\u043c\u043d\u0438\u0445 \u0430\u043a\u0442\u0438\u0432\u043d\u043e\u0441\u0442\u0435\u0439: \u044d\u043b\u0430\u0441\u0442\u0438\u0447\u043d\u044b\u0439, \u0434\u044b\u0448\u0430\u0449\u0438\u0439 \u0438 \u043a\u043e\u043c\u0444\u043e\u0440\u0442\u043d\u044b\u0439 \u0434\u0438\u0437\u0430\u0439\u043d \u0431\u0435\u0437 \u0448\u0432\u043e\u0432.\",\"breadcrumb\":{\"@id\":\"https:\\\/\\\/xstyle.md\\\/product\\\/odlo-suw-bottom-performance-blackcomb-mns\\\/#breadcrumb\"},\"inLanguage\":\"ro-RO\",\"potentialAction\":[{\"@type\":\"ReadAction\",\"target\":[\"https:\\\/\\\/xstyle.md\\\/product\\\/odlo-suw-bottom-performance-blackcomb-mns\\\/\"]}]},{\"@type\":\"ImageObject\",\"inLanguage\":\"ro-RO\",\"@id\":\"https:\\\/\\\/xstyle.md\\\/product\\\/odlo-suw-bottom-performance-blackcomb-mns\\\/#primaryimage\",\"url\":\"https:\\\/\\\/xstyle.md\\\/wp-content\\\/uploads\\\/2020\\\/07\\\/odlo_blackcomb-2.jpg\",\"contentUrl\":\"https:\\\/\\\/xstyle.md\\\/wp-content\\\/uploads\\\/2020\\\/07\\\/odlo_blackcomb-2.jpg\",\"width\":570,\"height\":570},{\"@type\":\"BreadcrumbList\",\"@id\":\"https:\\\/\\\/xstyle.md\\\/product\\\/odlo-suw-bottom-performance-blackcomb-mns\\\/#breadcrumb\",\"itemListElement\":[{\"@type\":\"ListItem\",\"position\":1,\"name\":\"\u0413\u043b\u0430\u0432\u043d\u0430\u044f \u0441\u0442\u0440\u0430\u043d\u0438\u0446\u0430\",\"item\":\"https:\\\/\\\/xstyle.md\\\/\"},{\"@type\":\"ListItem\",\"position\":2,\"name\":\"\u041c\u0430\u0433\u0430\u0437\u0438\u043d\",\"item\":\"https:\\\/\\\/xstyle.md\\\/shop\\\/\"},{\"@type\":\"ListItem\",\"position\":3,\"name\":\"\u0422\u0435\u0440\u043c\u043e\u0448\u0442\u0430\u043d\u044b Odlo SUW Bottom Performance Blackcomb Mns\"}]},{\"@type\":\"WebSite\",\"@id\":\"https:\\\/\\\/xstyle.md\\\/#website\",\"url\":\"https:\\\/\\\/xstyle.md\\\/\",\"name\":\"\u041c\u0430\u0433\u0430\u0437\u0438\u043d Xstyle\",\"description\":\"C\u043d\u0430\u0440\u044f\u0436\u0435\u043d\u0438\u0435 \u0434\u043b\u044f \u0442\u0443\u0440\u0438\u0437\u043c\u0430 \u0438 \u044d\u043a\u0441\u0442\u0440\u0435\u043c\u0430\u043b\u044c\u043d\u044b\u0445 \u0432\u0438\u0434\u043e\u0432 \u0441\u043f\u043e\u0440\u0442\u0430 \u0432 \u041c\u043e\u043b\u0434\u043e\u0432\u0435.. \u0426\u0435\u043d\u044b, \u0444\u043e\u0442\u043e, \u0445\u0430\u0440\u0430\u043a\u0442\u0435\u0440\u0438\u0441\u0442\u0438\u043a\u0438 \u0432 \u041c\u043e\u043b\u0434\u043e\u0432\u0435.\",\"publisher\":{\"@id\":\"https:\\\/\\\/xstyle.md\\\/#organization\"},\"alternateName\":\"X-Style\",\"potentialAction\":[{\"@type\":\"SearchAction\",\"target\":{\"@type\":\"EntryPoint\",\"urlTemplate\":\"https:\\\/\\\/xstyle.md\\\/?s={search_term_string}\"},\"query-input\":{\"@type\":\"PropertyValueSpecification\",\"valueRequired\":true,\"valueName\":\"search_term_string\"}}],\"inLanguage\":\"ro-RO\"},{\"@type\":\"Organization\",\"@id\":\"https:\\\/\\\/xstyle.md\\\/#organization\",\"name\":\"\u041c\u0430\u0433\u0430\u0437\u0438\u043d Xstyle\",\"alternateName\":\"x-style\",\"url\":\"https:\\\/\\\/xstyle.md\\\/\",\"logo\":{\"@type\":\"ImageObject\",\"inLanguage\":\"ro-RO\",\"@id\":\"https:\\\/\\\/xstyle.md\\\/#\\\/schema\\\/logo\\\/image\\\/\",\"url\":\"https:\\\/\\\/xstyle.md\\\/wp-content\\\/uploads\\\/2020\\\/06\\\/logoicon.svg\",\"contentUrl\":\"https:\\\/\\\/xstyle.md\\\/wp-content\\\/uploads\\\/2020\\\/06\\\/logoicon.svg\",\"caption\":\"\u041c\u0430\u0433\u0430\u0437\u0438\u043d Xstyle\"},\"image\":{\"@id\":\"https:\\\/\\\/xstyle.md\\\/#\\\/schema\\\/logo\\\/image\\\/\"},\"sameAs\":[\"https:\\\/\\\/www.facebook.com\\\/xstylemd\",\"https:\\\/\\\/www.instagram.com\\\/xstyle_md\\\/\",\"https:\\\/\\\/t.me\\\/xstyle_outdoor\"],\"hasMerchantReturnPolicy\":{\"@type\":\"MerchantReturnPolicy\",\"merchantReturnLink\":\"https:\\\/\\\/xstyle.md\\\/ro\\\/conditions\\\/\"}}]}<\/script>\n<meta property=\"product:price:amount\" content=\"1014.00\" \/>\n<meta property=\"product:price:currency\" content=\"MDL\" \/>\n<meta property=\"og:availability\" content=\"instock\" \/>\n<meta property=\"product:availability\" content=\"instock\" \/>\n<meta property=\"product:retailer_item_id\" content=\"7613361247453\" \/>\n<meta property=\"product:condition\" content=\"new\" \/>\n<!-- \/ Yoast SEO plugin. -->","yoast_head_json":{"title":"Pantaloni termici Odlo SUW Bottom Performance Blackcomb Mns - Magazin Xstyle","description":"Termo\u0219ii Odlo SUW Bottom Performance Blackcomb Mns - alegerea ideal\u0103 pentru activit\u0103\u021bile de iarn\u0103: un design elastic, respirabil \u0219i comfortabil, f\u0103r\u0103 cus\u0103turi.","robots":{"index":"index","follow":"follow","max-snippet":"max-snippet:-1","max-image-preview":"max-image-preview:large","max-video-preview":"max-video-preview:-1"},"canonical":"https:\/\/xstyle.md\/ro\/produs\/odlo-suw-bottom-performance-blackcomb-mns\/","og_locale":"ro_RO","og_type":"article","og_title":"\u0422\u0435\u0440\u043c\u043e\u0448\u0442\u0430\u043d\u044b Odlo SUW Bottom Performance Blackcomb Mns - \u041c\u0430\u0433\u0430\u0437\u0438\u043d Xstyle","og_description":"\u0422\u0435\u0440\u043c\u043e\u0448\u0442\u0430\u043d\u044b Odlo SUW Bottom Performance Blackcomb Mns - \u0438\u0434\u0435\u0430\u043b\u044c\u043d\u044b\u0439 \u0432\u044b\u0431\u043e\u0440 \u0434\u043b\u044f \u0437\u0438\u043c\u043d\u0438\u0445 \u0430\u043a\u0442\u0438\u0432\u043d\u043e\u0441\u0442\u0435\u0439: \u044d\u043b\u0430\u0441\u0442\u0438\u0447\u043d\u044b\u0439, \u0434\u044b\u0448\u0430\u0449\u0438\u0439 \u0438 \u043a\u043e\u043c\u0444\u043e\u0440\u0442\u043d\u044b\u0439 \u0434\u0438\u0437\u0430\u0439\u043d \u0431\u0435\u0437 \u0448\u0432\u043e\u0432.","og_url":"https:\/\/xstyle.md\/ro\/produs\/odlo-suw-bottom-performance-blackcomb-mns\/","og_site_name":"\u041c\u0430\u0433\u0430\u0437\u0438\u043d Xstyle","article_publisher":"https:\/\/www.facebook.com\/xstylemd","article_modified_time":"2025-12-24T15:49:10+00:00","og_image":[{"width":570,"height":570,"url":"https:\/\/xstyle.md\/wp-content\/uploads\/2020\/07\/odlo_blackcomb-2.jpg","type":"image\/jpeg"}],"twitter_card":"summary_large_image","twitter_misc":{"Pre\u021b":"1.014&nbsp;MDL","Disponibilitate":"\u00cen stoc"},"schema":{"@context":"https:\/\/schema.org","@graph":[{"@type":"WebPage","@id":"https:\/\/xstyle.md\/product\/odlo-suw-bottom-performance-blackcomb-mns\/","url":"https:\/\/xstyle.md\/product\/odlo-suw-bottom-performance-blackcomb-mns\/","name":"Pantaloni termici Odlo SUW Bottom Performance Blackcomb Mns - Magazin Xstyle","isPartOf":{"@id":"https:\/\/xstyle.md\/#website"},"primaryImageOfPage":{"@id":"https:\/\/xstyle.md\/product\/odlo-suw-bottom-performance-blackcomb-mns\/#primaryimage"},"image":{"@id":"https:\/\/xstyle.md\/product\/odlo-suw-bottom-performance-blackcomb-mns\/#primaryimage"},"thumbnailUrl":"https:\/\/xstyle.md\/wp-content\/uploads\/2020\/07\/odlo_blackcomb-2.jpg","datePublished":"2020-07-17T10:37:24+00:00","dateModified":"2025-12-24T15:49:10+00:00","description":"Termo\u0219ii Odlo SUW Bottom Performance Blackcomb Mns - alegerea ideal\u0103 pentru activit\u0103\u021bile de iarn\u0103: un design elastic, respirabil \u0219i comfortabil, f\u0103r\u0103 cus\u0103turi.","breadcrumb":{"@id":"https:\/\/xstyle.md\/product\/odlo-suw-bottom-performance-blackcomb-mns\/#breadcrumb"},"inLanguage":"ro-RO","potentialAction":[{"@type":"ReadAction","target":["https:\/\/xstyle.md\/product\/odlo-suw-bottom-performance-blackcomb-mns\/"]}]},{"@type":"ImageObject","inLanguage":"ro-RO","@id":"https:\/\/xstyle.md\/product\/odlo-suw-bottom-performance-blackcomb-mns\/#primaryimage","url":"https:\/\/xstyle.md\/wp-content\/uploads\/2020\/07\/odlo_blackcomb-2.jpg","contentUrl":"https:\/\/xstyle.md\/wp-content\/uploads\/2020\/07\/odlo_blackcomb-2.jpg","width":570,"height":570},{"@type":"BreadcrumbList","@id":"https:\/\/xstyle.md\/product\/odlo-suw-bottom-performance-blackcomb-mns\/#breadcrumb","itemListElement":[{"@type":"ListItem","position":1,"name":"\u0413\u043b\u0430\u0432\u043d\u0430\u044f \u0441\u0442\u0440\u0430\u043d\u0438\u0446\u0430","item":"https:\/\/xstyle.md\/"},{"@type":"ListItem","position":2,"name":"\u041c\u0430\u0433\u0430\u0437\u0438\u043d","item":"https:\/\/xstyle.md\/shop\/"},{"@type":"ListItem","position":3,"name":"\u0422\u0435\u0440\u043c\u043e\u0448\u0442\u0430\u043d\u044b Odlo SUW Bottom Performance Blackcomb Mns"}]},{"@type":"WebSite","@id":"https:\/\/xstyle.md\/#website","url":"https:\/\/xstyle.md\/","name":"Magazinul X-Style","description":"Echipamente pentru turism \u0219i sporturi extreme \u00een Moldova. Pre\u021buri, fotografii, caracteristici \u00een Moldova.","publisher":{"@id":"https:\/\/xstyle.md\/#organization"},"alternateName":"X-Style","potentialAction":[{"@type":"SearchAction","target":{"@type":"EntryPoint","urlTemplate":"https:\/\/xstyle.md\/?s={search_term_string}"},"query-input":{"@type":"PropertyValueSpecification","valueRequired":true,"valueName":"search_term_string"}}],"inLanguage":"ro-RO"},{"@type":"Organization","@id":"https:\/\/xstyle.md\/#organization","name":"Magazinul X-Style","alternateName":"x-style","url":"https:\/\/xstyle.md\/","logo":{"@type":"ImageObject","inLanguage":"ro-RO","@id":"https:\/\/xstyle.md\/#\/schema\/logo\/image\/","url":"https:\/\/xstyle.md\/wp-content\/uploads\/2020\/06\/logoicon.svg","contentUrl":"https:\/\/xstyle.md\/wp-content\/uploads\/2020\/06\/logoicon.svg","caption":"\u041c\u0430\u0433\u0430\u0437\u0438\u043d Xstyle"},"image":{"@id":"https:\/\/xstyle.md\/#\/schema\/logo\/image\/"},"sameAs":["https:\/\/www.facebook.com\/xstylemd","https:\/\/www.instagram.com\/xstyle_md\/","https:\/\/t.me\/xstyle_outdoor"],"hasMerchantReturnPolicy":{"@type":"MerchantReturnPolicy","merchantReturnLink":"https:\/\/xstyle.md\/ro\/conditions\/"}}]},"product_price_amount":"1014.00","product_price_currency":"MDL","og_availability":"instock","product_availability":"instock","product_retailer_item_id":"7613361247453","product_condition":"new"},"_links":{"self":[{"href":"https:\/\/xstyle.md\/ro\/wp-json\/wp\/v2\/product\/14032","targetHints":{"allow":["GET"]}}],"collection":[{"href":"https:\/\/xstyle.md\/ro\/wp-json\/wp\/v2\/product"}],"about":[{"href":"https:\/\/xstyle.md\/ro\/wp-json\/wp\/v2\/types\/product"}],"replies":[{"embeddable":true,"href":"https:\/\/xstyle.md\/ro\/wp-json\/wp\/v2\/comments?post=14032"}],"wp:featuredmedia":[{"embeddable":true,"href":"https:\/\/xstyle.md\/ro\/wp-json\/wp\/v2\/media\/14027"}],"wp:attachment":[{"href":"https:\/\/xstyle.md\/ro\/wp-json\/wp\/v2\/media?parent=14032"}],"wp:term":[{"taxonomy":"product_brand","embeddable":true,"href":"https:\/\/xstyle.md\/ro\/wp-json\/wp\/v2\/product_brand?post=14032"},{"taxonomy":"product_cat","embeddable":true,"href":"https:\/\/xstyle.md\/ro\/wp-json\/wp\/v2\/product_cat?post=14032"},{"taxonomy":"product_tag","embeddable":true,"href":"https:\/\/xstyle.md\/ro\/wp-json\/wp\/v2\/product_tag?post=14032"}],"curies":[{"name":"wp","href":"https:\/\/api.w.org\/{rel}","templated":true}]}}