{"id":14015,"date":"2020-07-17T13:36:32","date_gmt":"2020-07-17T10:36:32","guid":{"rendered":"https:\/\/xstyle.md\/product\/ledohody-spikes-chainsen-pro"},"modified":"2026-03-04T12:14:17","modified_gmt":"2026-03-04T09:14:17","slug":"ledohody-snowline-spikes-chainsen-pro","status":"publish","type":"product","link":"https:\/\/xstyle.md\/ro\/produs\/ledohody-snowline-spikes-chainsen-pro\/","title":{"rendered":"Accesoriu antialunecare Snowline Spikes Chainsen Pro"},"content":{"rendered":"<\/p>\n<p>Crampoane de ghea\u021b\u0103 <strong>Snowline Spikes Chainsen Pro<\/strong>\u00a0&#8212; asigur\u0103 trac\u021biune excelent\u0103 pe ghea\u021b\u0103, z\u0103pad\u0103 \u0219i piatr\u0103 umed\u0103. Ideale pentru drume\u021bii \u00een timpul iernii, plimb\u0103ri cu sania, mers pe jos pe p\u00e2rtii sau mersul pe jos \u00een z\u0103pad\u0103, precum \u0219i la locul de munc\u0103 (\u00eendep\u0103rtare a z\u0103pezii, \u00eentre\u021binere pe autostrad\u0103, silvicultur\u0103, v\u00e2n\u0103toare).<\/p>\n<h3><strong>Particularit\u0103\u021bi<\/strong><\/h3>\n<ul>\n<li>Potrivite pentru orice \u00eenc\u0103l\u021b\u0103minte<\/li>\n<li>Designul flexibil simplific\u0103 imbracarea<\/li>\n<li>Rapid \u0219i confortabil de \u00eembr\u0103cat<\/li>\n<li>C\u00e2rlige ranforsate pentru o rezisten\u021b\u0103 maxim\u0103 la trac\u021biune<\/li>\n<li>U\u0219or \u0219i compact<\/li>\n<\/ul>\n<h3>Caracteristici<\/h3>\n<ul>\n<li>Greutate &#8212; 320 g<\/li>\n<li>Material \u021bepu\u0219\u0103 &#8212; o\u021bel inoxidabil c\u0103lit<\/li>\n<li>Material lan\u021b &#8212; o\u021bel inoxidabil 304, c\u0103lit<\/li>\n<li>Scop &#8212; drume\u021bii de iarn\u0103, v\u00e2n\u0103toare, alpinism.<\/li>\n<\/ul>\n<p><\/p>","protected":false},"excerpt":{"rendered":"<p>Crampoane de ghea\u021b\u0103 Spikes Chainsen Pro<\/p>","protected":false},"featured_media":27841,"comment_status":"open","ping_status":"closed","template":"","meta":{"_acf_changed":false,"inline_featured_image":false},"product_brand":[1401],"product_cat":[484],"product_tag":[],"class_list":{"0":"post-14015","1":"product","2":"type-product","3":"status-publish","4":"has-post-thumbnail","6":"product_brand-kochalpin","7":"product_cat-shoe-accessories","9":"first","10":"outofstock","11":"shipping-taxable","12":"product-type-simple"},"acf":[],"yoast_head":"<!-- This site is optimized with the Yoast SEO plugin v27.2 - https:\/\/yoast.com\/product\/yoast-seo-wordpress\/ -->\n<title>\u041b\u0435\u0434\u043e\u0445\u043e\u0434\u044b Snowline Spikes Chainsen Pro - \u041c\u0430\u0433\u0430\u0437\u0438\u043d Xstyle<\/title>\n<meta name=\"description\" content=\"\u041b\u0435\u0434\u043e\u0445\u043e\u0434\u044b Spikes Chainsen Pro \u043e\u0431\u0435\u0441\u043f\u0435\u0447\u0438\u0432\u0430\u044e\u0442 \u043e\u0442\u043b\u0438\u0447\u043d\u043e\u0435 \u0441\u0446\u0435\u043f\u043b\u0435\u043d\u0438\u0435 \u043d\u0430 \u043b\u044c\u0434\u0443 \u0438 \u0441\u043d\u0435\u0433\u0443. \u0418\u0434\u0435\u0430\u043b\u044c\u043d\u044b \u0434\u043b\u044f \u0437\u0438\u043c\u043d\u0438\u0445 \u043f\u0440\u043e\u0433\u0443\u043b\u043e\u043a, \u0442\u0443\u0440\u0438\u0437\u043c\u0430 \u0438 \u0440\u0430\u0431\u043e\u0442\u044b \u043d\u0430 \u0441\u043a\u043e\u043b\u044c\u0437\u043a\u0438\u0445 \u043f\u043e\u0432\u0435\u0440\u0445\u043d\u043e\u0441\u0442\u044f\u0445.\" \/>\n<meta name=\"robots\" content=\"index, follow, max-snippet:-1, max-image-preview:large, max-video-preview:-1\" \/>\n<link rel=\"canonical\" href=\"https:\/\/xstyle.md\/ro\/produs\/ledohody-snowline-spikes-chainsen-pro\/\" \/>\n<meta property=\"og:locale\" content=\"ro_RO\" \/>\n<meta property=\"og:type\" content=\"article\" \/>\n<meta property=\"og:title\" content=\"\u041b\u0435\u0434\u043e\u0445\u043e\u0434\u044b Snowline Spikes Chainsen Pro - \u041c\u0430\u0433\u0430\u0437\u0438\u043d Xstyle\" \/>\n<meta property=\"og:description\" content=\"\u041b\u0435\u0434\u043e\u0445\u043e\u0434\u044b Spikes Chainsen Pro \u043e\u0431\u0435\u0441\u043f\u0435\u0447\u0438\u0432\u0430\u044e\u0442 \u043e\u0442\u043b\u0438\u0447\u043d\u043e\u0435 \u0441\u0446\u0435\u043f\u043b\u0435\u043d\u0438\u0435 \u043d\u0430 \u043b\u044c\u0434\u0443 \u0438 \u0441\u043d\u0435\u0433\u0443. \u0418\u0434\u0435\u0430\u043b\u044c\u043d\u044b \u0434\u043b\u044f \u0437\u0438\u043c\u043d\u0438\u0445 \u043f\u0440\u043e\u0433\u0443\u043b\u043e\u043a, \u0442\u0443\u0440\u0438\u0437\u043c\u0430 \u0438 \u0440\u0430\u0431\u043e\u0442\u044b \u043d\u0430 \u0441\u043a\u043e\u043b\u044c\u0437\u043a\u0438\u0445 \u043f\u043e\u0432\u0435\u0440\u0445\u043d\u043e\u0441\u0442\u044f\u0445.\" \/>\n<meta property=\"og:url\" content=\"https:\/\/xstyle.md\/ro\/produs\/ledohody-snowline-spikes-chainsen-pro\/\" \/>\n<meta property=\"og:site_name\" content=\"\u041c\u0430\u0433\u0430\u0437\u0438\u043d Xstyle\" \/>\n<meta property=\"article:publisher\" content=\"https:\/\/www.facebook.com\/xstylemd\" \/>\n<meta property=\"article:modified_time\" content=\"2026-03-04T09:14:17+00:00\" \/>\n<meta property=\"og:image\" content=\"https:\/\/xstyle.md\/wp-content\/uploads\/2021\/04\/ledoh-1_1.jpg\" \/>\n\t<meta property=\"og:image:width\" content=\"526\" \/>\n\t<meta property=\"og:image:height\" content=\"426\" \/>\n\t<meta property=\"og:image:type\" content=\"image\/jpeg\" \/>\n<meta name=\"twitter:card\" content=\"summary_large_image\" \/>\n<meta name=\"twitter:label1\" content=\"Pre\u021b\" \/>\n\t<meta name=\"twitter:data1\" content=\"890&nbsp;MDL\" \/>\n\t<meta name=\"twitter:label2\" content=\"Disponibilitate\" \/>\n\t<meta name=\"twitter:data2\" content=\"Stoc epuizat\" \/>\n<script type=\"application\/ld+json\" class=\"yoast-schema-graph\">{\"@context\":\"https:\/\/schema.org\",\"@graph\":[{\"@type\":\"WebPage\",\"@id\":\"https:\/\/xstyle.md\/product\/ledohody-snowline-spikes-chainsen-pro\/\",\"url\":\"https:\/\/xstyle.md\/product\/ledohody-snowline-spikes-chainsen-pro\/\",\"name\":\"\u041b\u0435\u0434\u043e\u0445\u043e\u0434\u044b Snowline Spikes Chainsen Pro - \u041c\u0430\u0433\u0430\u0437\u0438\u043d Xstyle\",\"isPartOf\":{\"@id\":\"https:\/\/xstyle.md\/#website\"},\"primaryImageOfPage\":{\"@id\":\"https:\/\/xstyle.md\/product\/ledohody-snowline-spikes-chainsen-pro\/#primaryimage\"},\"image\":{\"@id\":\"https:\/\/xstyle.md\/product\/ledohody-snowline-spikes-chainsen-pro\/#primaryimage\"},\"thumbnailUrl\":\"https:\/\/xstyle.md\/wp-content\/uploads\/2021\/04\/ledoh-1_1.jpg\",\"datePublished\":\"2020-07-17T10:36:32+00:00\",\"dateModified\":\"2026-03-04T09:14:17+00:00\",\"description\":\"\u041b\u0435\u0434\u043e\u0445\u043e\u0434\u044b Spikes Chainsen Pro \u043e\u0431\u0435\u0441\u043f\u0435\u0447\u0438\u0432\u0430\u044e\u0442 \u043e\u0442\u043b\u0438\u0447\u043d\u043e\u0435 \u0441\u0446\u0435\u043f\u043b\u0435\u043d\u0438\u0435 \u043d\u0430 \u043b\u044c\u0434\u0443 \u0438 \u0441\u043d\u0435\u0433\u0443. \u0418\u0434\u0435\u0430\u043b\u044c\u043d\u044b \u0434\u043b\u044f \u0437\u0438\u043c\u043d\u0438\u0445 \u043f\u0440\u043e\u0433\u0443\u043b\u043e\u043a, \u0442\u0443\u0440\u0438\u0437\u043c\u0430 \u0438 \u0440\u0430\u0431\u043e\u0442\u044b \u043d\u0430 \u0441\u043a\u043e\u043b\u044c\u0437\u043a\u0438\u0445 \u043f\u043e\u0432\u0435\u0440\u0445\u043d\u043e\u0441\u0442\u044f\u0445.\",\"breadcrumb\":{\"@id\":\"https:\/\/xstyle.md\/product\/ledohody-snowline-spikes-chainsen-pro\/#breadcrumb\"},\"inLanguage\":\"ro-RO\",\"potentialAction\":[{\"@type\":\"ReadAction\",\"target\":[\"https:\/\/xstyle.md\/product\/ledohody-snowline-spikes-chainsen-pro\/\"]}]},{\"@type\":\"ImageObject\",\"inLanguage\":\"ro-RO\",\"@id\":\"https:\/\/xstyle.md\/product\/ledohody-snowline-spikes-chainsen-pro\/#primaryimage\",\"url\":\"https:\/\/xstyle.md\/wp-content\/uploads\/2021\/04\/ledoh-1_1.jpg\",\"contentUrl\":\"https:\/\/xstyle.md\/wp-content\/uploads\/2021\/04\/ledoh-1_1.jpg\",\"width\":526,\"height\":426},{\"@type\":\"BreadcrumbList\",\"@id\":\"https:\/\/xstyle.md\/product\/ledohody-snowline-spikes-chainsen-pro\/#breadcrumb\",\"itemListElement\":[{\"@type\":\"ListItem\",\"position\":1,\"name\":\"\u0413\u043b\u0430\u0432\u043d\u0430\u044f \u0441\u0442\u0440\u0430\u043d\u0438\u0446\u0430\",\"item\":\"https:\/\/xstyle.md\/\"},{\"@type\":\"ListItem\",\"position\":2,\"name\":\"\u041c\u0430\u0433\u0430\u0437\u0438\u043d\",\"item\":\"https:\/\/xstyle.md\/shop\/\"},{\"@type\":\"ListItem\",\"position\":3,\"name\":\"\u041b\u0435\u0434\u043e\u0445\u043e\u0434\u044b Snowline Spikes Chainsen Pro\"}]},{\"@type\":\"WebSite\",\"@id\":\"https:\/\/xstyle.md\/#website\",\"url\":\"https:\/\/xstyle.md\/\",\"name\":\"\u041c\u0430\u0433\u0430\u0437\u0438\u043d Xstyle\",\"description\":\"C\u043d\u0430\u0440\u044f\u0436\u0435\u043d\u0438\u0435 \u0434\u043b\u044f \u0442\u0443\u0440\u0438\u0437\u043c\u0430 \u0438 \u044d\u043a\u0441\u0442\u0440\u0435\u043c\u0430\u043b\u044c\u043d\u044b\u0445 \u0432\u0438\u0434\u043e\u0432 \u0441\u043f\u043e\u0440\u0442\u0430 \u0432 \u041c\u043e\u043b\u0434\u043e\u0432\u0435.. \u0426\u0435\u043d\u044b, \u0444\u043e\u0442\u043e, \u0445\u0430\u0440\u0430\u043a\u0442\u0435\u0440\u0438\u0441\u0442\u0438\u043a\u0438 \u0432 \u041c\u043e\u043b\u0434\u043e\u0432\u0435.\",\"publisher\":{\"@id\":\"https:\/\/xstyle.md\/#organization\"},\"alternateName\":\"X-Style\",\"potentialAction\":[{\"@type\":\"SearchAction\",\"target\":{\"@type\":\"EntryPoint\",\"urlTemplate\":\"https:\/\/xstyle.md\/?s={search_term_string}\"},\"query-input\":{\"@type\":\"PropertyValueSpecification\",\"valueRequired\":true,\"valueName\":\"search_term_string\"}}],\"inLanguage\":\"ro-RO\"},{\"@type\":\"Organization\",\"@id\":\"https:\/\/xstyle.md\/#organization\",\"name\":\"\u041c\u0430\u0433\u0430\u0437\u0438\u043d Xstyle\",\"alternateName\":\"x-style\",\"url\":\"https:\/\/xstyle.md\/\",\"logo\":{\"@type\":\"ImageObject\",\"inLanguage\":\"ro-RO\",\"@id\":\"https:\/\/xstyle.md\/#\/schema\/logo\/image\/\",\"url\":\"https:\/\/xstyle.md\/wp-content\/uploads\/2020\/06\/logoicon.svg\",\"contentUrl\":\"https:\/\/xstyle.md\/wp-content\/uploads\/2020\/06\/logoicon.svg\",\"caption\":\"\u041c\u0430\u0433\u0430\u0437\u0438\u043d Xstyle\"},\"image\":{\"@id\":\"https:\/\/xstyle.md\/#\/schema\/logo\/image\/\"},\"sameAs\":[\"https:\/\/www.facebook.com\/xstylemd\",\"https:\/\/www.instagram.com\/xstyle_md\/\",\"https:\/\/t.me\/xstyle_outdoor\"],\"hasMerchantReturnPolicy\":{\"@type\":\"MerchantReturnPolicy\",\"merchantReturnLink\":\"https:\/\/xstyle.md\/ro\/conditions\/\"}}]}<\/script>\n<meta property=\"product:price:amount\" content=\"890.00\" \/>\n<meta property=\"product:price:currency\" content=\"MDL\" \/>\n<meta property=\"og:availability\" content=\"out of stock\" \/>\n<meta property=\"product:availability\" content=\"out of stock\" \/>\n<meta property=\"product:retailer_item_id\" content=\"9005528390108\" \/>\n<meta property=\"product:condition\" content=\"new\" \/>\n<!-- \/ Yoast SEO plugin. -->","yoast_head_json":{"title":"\u041b\u0435\u0434\u043e\u0445\u043e\u0434\u044b Snowline Spikes Chainsen Pro - \u041c\u0430\u0433\u0430\u0437\u0438\u043d Xstyle","description":"Leden\u021bele Spikes Chainsen Pro asigur\u0103 o excelent\u0103 aderen\u021b\u0103 pe ghea\u021b\u0103 \u0219i z\u0103pad\u0103. Sunt ideale pentru plimb\u0103rile de iarn\u0103, drume\u021bii \u0219i pentru munca pe suprafe\u021be alunecoase.","robots":{"index":"index","follow":"follow","max-snippet":"max-snippet:-1","max-image-preview":"max-image-preview:large","max-video-preview":"max-video-preview:-1"},"canonical":"https:\/\/xstyle.md\/ro\/produs\/ledohody-snowline-spikes-chainsen-pro\/","og_locale":"ro_RO","og_type":"article","og_title":"\u041b\u0435\u0434\u043e\u0445\u043e\u0434\u044b Snowline Spikes Chainsen Pro - \u041c\u0430\u0433\u0430\u0437\u0438\u043d Xstyle","og_description":"\u041b\u0435\u0434\u043e\u0445\u043e\u0434\u044b Spikes Chainsen Pro \u043e\u0431\u0435\u0441\u043f\u0435\u0447\u0438\u0432\u0430\u044e\u0442 \u043e\u0442\u043b\u0438\u0447\u043d\u043e\u0435 \u0441\u0446\u0435\u043f\u043b\u0435\u043d\u0438\u0435 \u043d\u0430 \u043b\u044c\u0434\u0443 \u0438 \u0441\u043d\u0435\u0433\u0443. \u0418\u0434\u0435\u0430\u043b\u044c\u043d\u044b \u0434\u043b\u044f \u0437\u0438\u043c\u043d\u0438\u0445 \u043f\u0440\u043e\u0433\u0443\u043b\u043e\u043a, \u0442\u0443\u0440\u0438\u0437\u043c\u0430 \u0438 \u0440\u0430\u0431\u043e\u0442\u044b \u043d\u0430 \u0441\u043a\u043e\u043b\u044c\u0437\u043a\u0438\u0445 \u043f\u043e\u0432\u0435\u0440\u0445\u043d\u043e\u0441\u0442\u044f\u0445.","og_url":"https:\/\/xstyle.md\/ro\/produs\/ledohody-snowline-spikes-chainsen-pro\/","og_site_name":"\u041c\u0430\u0433\u0430\u0437\u0438\u043d Xstyle","article_publisher":"https:\/\/www.facebook.com\/xstylemd","article_modified_time":"2026-03-04T09:14:17+00:00","og_image":[{"width":526,"height":426,"url":"https:\/\/xstyle.md\/wp-content\/uploads\/2021\/04\/ledoh-1_1.jpg","type":"image\/jpeg"}],"twitter_card":"summary_large_image","twitter_misc":{"Pre\u021b":"890&nbsp;MDL","Disponibilitate":"Stoc epuizat"},"schema":{"@context":"https:\/\/schema.org","@graph":[{"@type":"WebPage","@id":"https:\/\/xstyle.md\/product\/ledohody-snowline-spikes-chainsen-pro\/","url":"https:\/\/xstyle.md\/product\/ledohody-snowline-spikes-chainsen-pro\/","name":"\u041b\u0435\u0434\u043e\u0445\u043e\u0434\u044b Snowline Spikes Chainsen Pro - \u041c\u0430\u0433\u0430\u0437\u0438\u043d Xstyle","isPartOf":{"@id":"https:\/\/xstyle.md\/#website"},"primaryImageOfPage":{"@id":"https:\/\/xstyle.md\/product\/ledohody-snowline-spikes-chainsen-pro\/#primaryimage"},"image":{"@id":"https:\/\/xstyle.md\/product\/ledohody-snowline-spikes-chainsen-pro\/#primaryimage"},"thumbnailUrl":"https:\/\/xstyle.md\/wp-content\/uploads\/2021\/04\/ledoh-1_1.jpg","datePublished":"2020-07-17T10:36:32+00:00","dateModified":"2026-03-04T09:14:17+00:00","description":"Leden\u021bele Spikes Chainsen Pro asigur\u0103 o excelent\u0103 aderen\u021b\u0103 pe ghea\u021b\u0103 \u0219i z\u0103pad\u0103. Sunt ideale pentru plimb\u0103rile de iarn\u0103, drume\u021bii \u0219i pentru munca pe suprafe\u021be alunecoase.","breadcrumb":{"@id":"https:\/\/xstyle.md\/product\/ledohody-snowline-spikes-chainsen-pro\/#breadcrumb"},"inLanguage":"ro-RO","potentialAction":[{"@type":"ReadAction","target":["https:\/\/xstyle.md\/product\/ledohody-snowline-spikes-chainsen-pro\/"]}]},{"@type":"ImageObject","inLanguage":"ro-RO","@id":"https:\/\/xstyle.md\/product\/ledohody-snowline-spikes-chainsen-pro\/#primaryimage","url":"https:\/\/xstyle.md\/wp-content\/uploads\/2021\/04\/ledoh-1_1.jpg","contentUrl":"https:\/\/xstyle.md\/wp-content\/uploads\/2021\/04\/ledoh-1_1.jpg","width":526,"height":426},{"@type":"BreadcrumbList","@id":"https:\/\/xstyle.md\/product\/ledohody-snowline-spikes-chainsen-pro\/#breadcrumb","itemListElement":[{"@type":"ListItem","position":1,"name":"\u0413\u043b\u0430\u0432\u043d\u0430\u044f \u0441\u0442\u0440\u0430\u043d\u0438\u0446\u0430","item":"https:\/\/xstyle.md\/"},{"@type":"ListItem","position":2,"name":"\u041c\u0430\u0433\u0430\u0437\u0438\u043d","item":"https:\/\/xstyle.md\/shop\/"},{"@type":"ListItem","position":3,"name":"\u041b\u0435\u0434\u043e\u0445\u043e\u0434\u044b Snowline Spikes Chainsen Pro"}]},{"@type":"WebSite","@id":"https:\/\/xstyle.md\/#website","url":"https:\/\/xstyle.md\/","name":"Magazinul X-Style","description":"Echipamente pentru turism \u0219i sporturi extreme \u00een Moldova. Pre\u021buri, fotografii, caracteristici \u00een Moldova.","publisher":{"@id":"https:\/\/xstyle.md\/#organization"},"alternateName":"X-Style","potentialAction":[{"@type":"SearchAction","target":{"@type":"EntryPoint","urlTemplate":"https:\/\/xstyle.md\/?s={search_term_string}"},"query-input":{"@type":"PropertyValueSpecification","valueRequired":true,"valueName":"search_term_string"}}],"inLanguage":"ro-RO"},{"@type":"Organization","@id":"https:\/\/xstyle.md\/#organization","name":"Magazinul X-Style","alternateName":"x-style","url":"https:\/\/xstyle.md\/","logo":{"@type":"ImageObject","inLanguage":"ro-RO","@id":"https:\/\/xstyle.md\/#\/schema\/logo\/image\/","url":"https:\/\/xstyle.md\/wp-content\/uploads\/2020\/06\/logoicon.svg","contentUrl":"https:\/\/xstyle.md\/wp-content\/uploads\/2020\/06\/logoicon.svg","caption":"\u041c\u0430\u0433\u0430\u0437\u0438\u043d Xstyle"},"image":{"@id":"https:\/\/xstyle.md\/#\/schema\/logo\/image\/"},"sameAs":["https:\/\/www.facebook.com\/xstylemd","https:\/\/www.instagram.com\/xstyle_md\/","https:\/\/t.me\/xstyle_outdoor"],"hasMerchantReturnPolicy":{"@type":"MerchantReturnPolicy","merchantReturnLink":"https:\/\/xstyle.md\/ro\/conditions\/"}}]},"product_price_amount":"890.00","product_price_currency":"MDL","og_availability":"out of stock","product_availability":"out of stock","product_retailer_item_id":"9005528390108","product_condition":"new"},"post_mailing_queue_ids":[],"_links":{"self":[{"href":"https:\/\/xstyle.md\/ro\/wp-json\/wp\/v2\/product\/14015","targetHints":{"allow":["GET"]}}],"collection":[{"href":"https:\/\/xstyle.md\/ro\/wp-json\/wp\/v2\/product"}],"about":[{"href":"https:\/\/xstyle.md\/ro\/wp-json\/wp\/v2\/types\/product"}],"replies":[{"embeddable":true,"href":"https:\/\/xstyle.md\/ro\/wp-json\/wp\/v2\/comments?post=14015"}],"wp:featuredmedia":[{"embeddable":true,"href":"https:\/\/xstyle.md\/ro\/wp-json\/wp\/v2\/media\/27841"}],"wp:attachment":[{"href":"https:\/\/xstyle.md\/ro\/wp-json\/wp\/v2\/media?parent=14015"}],"wp:term":[{"taxonomy":"product_brand","embeddable":true,"href":"https:\/\/xstyle.md\/ro\/wp-json\/wp\/v2\/product_brand?post=14015"},{"taxonomy":"product_cat","embeddable":true,"href":"https:\/\/xstyle.md\/ro\/wp-json\/wp\/v2\/product_cat?post=14015"},{"taxonomy":"product_tag","embeddable":true,"href":"https:\/\/xstyle.md\/ro\/wp-json\/wp\/v2\/product_tag?post=14015"}],"curies":[{"name":"wp","href":"https:\/\/api.w.org\/{rel}","templated":true}]}}