{"id":13792,"date":"2020-07-17T13:25:26","date_gmt":"2020-07-17T10:25:26","guid":{"rendered":"https:\/\/xstyle.md\/product\/staticheskaja-verevka-singing-rock-static-11-mm"},"modified":"2024-10-02T21:47:35","modified_gmt":"2024-10-02T18:47:35","slug":"staticheskaja-verevka-singing-rock-static-11-mm","status":"publish","type":"product","link":"https:\/\/xstyle.md\/ro\/produs\/staticheskaja-verevka-singing-rock-static-11-mm\/","title":{"rendered":"Coard\u0103 static\u0103 Singing Rock Static 11 mm"},"content":{"rendered":"<\/p>\n<p><strong>Coard\u0103 static\u0103 Singing Rock Static 11 mm<\/strong> &#8212; o fr\u00e2nghie special\u0103 cu calit\u0103\u021bi dinamice \u0219i de rezisten\u021b\u0103 deosebite utilizat\u0103 \u00een alpinism, speoturism, arboricultur\u0103, promalp.<\/p>\n<h3>Particularit\u0103\u021bi<\/h3>\n<ul>\n<li>Tip A &#8212; pentru utilizare general\u0103 (inclusiv salvare \u0219i speologie)<\/li>\n<li>Utilizare recomandat\u0103: ca fr\u00e2nghie de baz\u0103 pentru lucr\u0103ri de salvare, lucr\u0103ri la mare altitudine, utiliz\u0103ri militare \u0219i poli\u021biene\u0219ti, speologie, ancorare pe pere\u021bi st\u00e2nco\u0219i mari, ridicare de m\u0103rfuri, fr\u00e2nghie fix\u0103 pentru expedi\u021bii de alpinism.<\/li>\n<li>Etichetarea capetelor cablurilor prin transfer termic<\/li>\n<li>Extremitate ultrasonic\u0103<\/li>\n<\/ul>\n<h3>Caracteristici<\/h3>\n<ul>\n<li>Diametru &#8212; 11 mm<\/li>\n<li>Greutate &#8212; 80 g\/m<\/li>\n<li>Rezisten\u021b\u0103 &#8212; 34,5 (kN)<\/li>\n<li>Num\u0103rul de smucituri &#8212; 20<\/li>\n<li>Alungire (50-150 kg) &#8212; 3,3 %<\/li>\n<li>Material utilizat &#8212; PA<\/li>\n<li>Certificare &#8212; CE 1019 EN 1891 NFPA<\/li>\n<\/ul>\n<h3>Marca<\/h3>\n<p>SINGING ROCK este o companie ceh\u0103 implicat\u0103 \u00een produc\u021bia de echipamente de alpinism \u0219i escalad\u0103. A fost fondat\u0103 \u00een 1992 de c\u0103tre doi alpini\u0219ti cehi \u0219i un om de afaceri belgian. De la \u00eenceputurile sale \u0219i p\u00e2n\u0103 \u00een prezent, compania s-a concentrat pe utilizarea celor mai moderne progrese \u0219i evolu\u021bii \u00een produc\u021bie. SingingRock lucreaz\u0103 \u00een str\u00e2ns\u0103 leg\u0103tur\u0103 cu mul\u021bi alpini\u0219ti renumi\u021bi care testeaz\u0103 noile produse \u0219i ale c\u0103ror opinii sunt \u00eentotdeauna luate \u00een considerare \u00een timpul dezvolt\u0103rii.<\/p>\n<p>\u00cen prezent, SINGING ROCK este unul dintre liderii mondiali pe pia\u021ba echipamentelor profesionale pentru munca la \u00een\u0103l\u021bime, pentru armat\u0103 \u0219i pentru serviciile de urgen\u021b\u0103. Compania ofer\u0103 hamuri, fr\u00e2nghii, scripe\u021bi \u0219i carabiniere, dispozitive de rapel, dispozitive de siguran\u021b\u0103 pentru lucrul la \u00een\u0103l\u021bime, c\u00e2rlige de ancorare, fr\u00e2nghii de siguran\u021b\u0103 \u0219i alte echipamente necesare pentru acest tip de munc\u0103. Toate aceste produse sunt dezvoltate \u0219i fabricate \u00een Republica Ceh\u0103, \u00een Europa. Ele sunt certificate \u0219i respect\u0103 pe deplin standardele interna\u021bionale de securitate a muncii.<\/p>\n<p><\/p>","protected":false},"excerpt":{"rendered":"<p>Coard\u0103 static\u0103 Singing Rock Static 11 mm<\/p>","protected":false},"featured_media":13791,"comment_status":"open","ping_status":"closed","template":"","meta":{"_acf_changed":false,"inline_featured_image":false},"product_brand":[1276],"product_cat":[271],"product_tag":[],"class_list":{"0":"post-13792","1":"product","2":"type-product","3":"status-publish","4":"has-post-thumbnail","6":"product_brand-singing-rock","7":"product_cat-static-ropes","9":"first","10":"instock","11":"shipping-taxable","12":"purchasable","13":"product-type-simple"},"acf":[],"yoast_head":"<!-- This site is optimized with the Yoast SEO plugin v27.4 - https:\/\/yoast.com\/product\/yoast-seo-wordpress\/ -->\n<title>\u0421\u0442\u0430\u0442\u0438\u0447\u0435\u0441\u043a\u0430\u044f \u0432\u0435\u0440\u0435\u0432\u043a\u0430 Singing Rock Static 11 \u043c\u043c - \u041c\u0430\u0433\u0430\u0437\u0438\u043d Xstyle<\/title>\n<meta name=\"description\" content=\"\u0421\u0442\u0430\u0442\u0438\u0447\u0435\u0441\u043a\u0430\u044f \u0432\u0435\u0440\u0435\u0432\u043a\u0430 Singing Rock 11 \u043c\u043c - \u0438\u0434\u0435\u0430\u043b\u044c\u043d\u044b\u0439 \u0432\u044b\u0431\u043e\u0440 \u0434\u043b\u044f \u0430\u043b\u044c\u043f\u0438\u043d\u0438\u0437\u043c\u0430 \u0438 \u0441\u043f\u0430\u0441\u0430\u0442\u0435\u043b\u044c\u043d\u044b\u0445 \u043e\u043f\u0435\u0440\u0430\u0446\u0438\u0439. \u041f\u0440\u043e\u0447\u043d\u044b\u0435, \u043d\u0430\u0434\u0435\u0436\u043d\u044b\u0435 \u043c\u0430\u0442\u0435\u0440\u0438\u0430\u043b\u044b, \u0432\u044b\u0441\u043e\u043a\u0430\u044f \u043d\u0430\u0433\u0440\u0443\u0437\u043a\u0430 \u0434\u043e 50150 \u043a\u0433.\" \/>\n<meta name=\"robots\" content=\"index, follow, max-snippet:-1, max-image-preview:large, max-video-preview:-1\" \/>\n<link rel=\"canonical\" href=\"https:\/\/xstyle.md\/ro\/produs\/staticheskaja-verevka-singing-rock-static-11-mm\/\" \/>\n<meta property=\"og:locale\" content=\"ro_RO\" \/>\n<meta property=\"og:type\" content=\"article\" \/>\n<meta property=\"og:title\" content=\"\u0421\u0442\u0430\u0442\u0438\u0447\u0435\u0441\u043a\u0430\u044f \u0432\u0435\u0440\u0435\u0432\u043a\u0430 Singing Rock Static 11 \u043c\u043c - \u041c\u0430\u0433\u0430\u0437\u0438\u043d Xstyle\" \/>\n<meta property=\"og:description\" content=\"\u0421\u0442\u0430\u0442\u0438\u0447\u0435\u0441\u043a\u0430\u044f \u0432\u0435\u0440\u0435\u0432\u043a\u0430 Singing Rock 11 \u043c\u043c - \u0438\u0434\u0435\u0430\u043b\u044c\u043d\u044b\u0439 \u0432\u044b\u0431\u043e\u0440 \u0434\u043b\u044f \u0430\u043b\u044c\u043f\u0438\u043d\u0438\u0437\u043c\u0430 \u0438 \u0441\u043f\u0430\u0441\u0430\u0442\u0435\u043b\u044c\u043d\u044b\u0445 \u043e\u043f\u0435\u0440\u0430\u0446\u0438\u0439. \u041f\u0440\u043e\u0447\u043d\u044b\u0435, \u043d\u0430\u0434\u0435\u0436\u043d\u044b\u0435 \u043c\u0430\u0442\u0435\u0440\u0438\u0430\u043b\u044b, \u0432\u044b\u0441\u043e\u043a\u0430\u044f \u043d\u0430\u0433\u0440\u0443\u0437\u043a\u0430 \u0434\u043e 50150 \u043a\u0433.\" \/>\n<meta property=\"og:url\" content=\"https:\/\/xstyle.md\/ro\/produs\/staticheskaja-verevka-singing-rock-static-11-mm\/\" \/>\n<meta property=\"og:site_name\" content=\"\u041c\u0430\u0433\u0430\u0437\u0438\u043d Xstyle\" \/>\n<meta property=\"article:publisher\" content=\"https:\/\/www.facebook.com\/xstylemd\" \/>\n<meta property=\"article:modified_time\" content=\"2024-10-02T18:47:35+00:00\" \/>\n<meta property=\"og:image\" content=\"https:\/\/xstyle.md\/wp-content\/uploads\/2020\/07\/static11bila.jpg\" \/>\n\t<meta property=\"og:image:width\" content=\"500\" \/>\n\t<meta property=\"og:image:height\" content=\"410\" \/>\n\t<meta property=\"og:image:type\" content=\"image\/jpeg\" \/>\n<meta name=\"twitter:card\" content=\"summary_large_image\" \/>\n<meta name=\"twitter:label1\" content=\"Pre\u021b\" \/>\n\t<meta name=\"twitter:data1\" content=\"50&nbsp;MDL\" \/>\n\t<meta name=\"twitter:label2\" content=\"Disponibilitate\" \/>\n\t<meta name=\"twitter:data2\" content=\"\u00cen stoc\" \/>\n<script type=\"application\/ld+json\" class=\"yoast-schema-graph\">{\"@context\":\"https:\\\/\\\/schema.org\",\"@graph\":[{\"@type\":\"WebPage\",\"@id\":\"https:\\\/\\\/xstyle.md\\\/product\\\/staticheskaja-verevka-singing-rock-static-11-mm\\\/\",\"url\":\"https:\\\/\\\/xstyle.md\\\/product\\\/staticheskaja-verevka-singing-rock-static-11-mm\\\/\",\"name\":\"\u0421\u0442\u0430\u0442\u0438\u0447\u0435\u0441\u043a\u0430\u044f \u0432\u0435\u0440\u0435\u0432\u043a\u0430 Singing Rock Static 11 \u043c\u043c - \u041c\u0430\u0433\u0430\u0437\u0438\u043d Xstyle\",\"isPartOf\":{\"@id\":\"https:\\\/\\\/xstyle.md\\\/#website\"},\"primaryImageOfPage\":{\"@id\":\"https:\\\/\\\/xstyle.md\\\/product\\\/staticheskaja-verevka-singing-rock-static-11-mm\\\/#primaryimage\"},\"image\":{\"@id\":\"https:\\\/\\\/xstyle.md\\\/product\\\/staticheskaja-verevka-singing-rock-static-11-mm\\\/#primaryimage\"},\"thumbnailUrl\":\"https:\\\/\\\/xstyle.md\\\/wp-content\\\/uploads\\\/2020\\\/07\\\/static11bila.jpg\",\"datePublished\":\"2020-07-17T10:25:26+00:00\",\"dateModified\":\"2024-10-02T18:47:35+00:00\",\"description\":\"\u0421\u0442\u0430\u0442\u0438\u0447\u0435\u0441\u043a\u0430\u044f \u0432\u0435\u0440\u0435\u0432\u043a\u0430 Singing Rock 11 \u043c\u043c - \u0438\u0434\u0435\u0430\u043b\u044c\u043d\u044b\u0439 \u0432\u044b\u0431\u043e\u0440 \u0434\u043b\u044f \u0430\u043b\u044c\u043f\u0438\u043d\u0438\u0437\u043c\u0430 \u0438 \u0441\u043f\u0430\u0441\u0430\u0442\u0435\u043b\u044c\u043d\u044b\u0445 \u043e\u043f\u0435\u0440\u0430\u0446\u0438\u0439. \u041f\u0440\u043e\u0447\u043d\u044b\u0435, \u043d\u0430\u0434\u0435\u0436\u043d\u044b\u0435 \u043c\u0430\u0442\u0435\u0440\u0438\u0430\u043b\u044b, \u0432\u044b\u0441\u043e\u043a\u0430\u044f \u043d\u0430\u0433\u0440\u0443\u0437\u043a\u0430 \u0434\u043e 50150 \u043a\u0433.\",\"breadcrumb\":{\"@id\":\"https:\\\/\\\/xstyle.md\\\/product\\\/staticheskaja-verevka-singing-rock-static-11-mm\\\/#breadcrumb\"},\"inLanguage\":\"ro-RO\",\"potentialAction\":[{\"@type\":\"ReadAction\",\"target\":[\"https:\\\/\\\/xstyle.md\\\/product\\\/staticheskaja-verevka-singing-rock-static-11-mm\\\/\"]}]},{\"@type\":\"ImageObject\",\"inLanguage\":\"ro-RO\",\"@id\":\"https:\\\/\\\/xstyle.md\\\/product\\\/staticheskaja-verevka-singing-rock-static-11-mm\\\/#primaryimage\",\"url\":\"https:\\\/\\\/xstyle.md\\\/wp-content\\\/uploads\\\/2020\\\/07\\\/static11bila.jpg\",\"contentUrl\":\"https:\\\/\\\/xstyle.md\\\/wp-content\\\/uploads\\\/2020\\\/07\\\/static11bila.jpg\",\"width\":500,\"height\":410},{\"@type\":\"BreadcrumbList\",\"@id\":\"https:\\\/\\\/xstyle.md\\\/product\\\/staticheskaja-verevka-singing-rock-static-11-mm\\\/#breadcrumb\",\"itemListElement\":[{\"@type\":\"ListItem\",\"position\":1,\"name\":\"\u0413\u043b\u0430\u0432\u043d\u0430\u044f \u0441\u0442\u0440\u0430\u043d\u0438\u0446\u0430\",\"item\":\"https:\\\/\\\/xstyle.md\\\/\"},{\"@type\":\"ListItem\",\"position\":2,\"name\":\"\u041c\u0430\u0433\u0430\u0437\u0438\u043d\",\"item\":\"https:\\\/\\\/xstyle.md\\\/shop\\\/\"},{\"@type\":\"ListItem\",\"position\":3,\"name\":\"\u0421\u0442\u0430\u0442\u0438\u0447\u0435\u0441\u043a\u0430\u044f \u0432\u0435\u0440\u0435\u0432\u043a\u0430 Singing Rock Static 11 \u043c\u043c\"}]},{\"@type\":\"WebSite\",\"@id\":\"https:\\\/\\\/xstyle.md\\\/#website\",\"url\":\"https:\\\/\\\/xstyle.md\\\/\",\"name\":\"\u041c\u0430\u0433\u0430\u0437\u0438\u043d Xstyle\",\"description\":\"C\u043d\u0430\u0440\u044f\u0436\u0435\u043d\u0438\u0435 \u0434\u043b\u044f \u0442\u0443\u0440\u0438\u0437\u043c\u0430 \u0438 \u044d\u043a\u0441\u0442\u0440\u0435\u043c\u0430\u043b\u044c\u043d\u044b\u0445 \u0432\u0438\u0434\u043e\u0432 \u0441\u043f\u043e\u0440\u0442\u0430 \u0432 \u041c\u043e\u043b\u0434\u043e\u0432\u0435.. \u0426\u0435\u043d\u044b, \u0444\u043e\u0442\u043e, \u0445\u0430\u0440\u0430\u043a\u0442\u0435\u0440\u0438\u0441\u0442\u0438\u043a\u0438 \u0432 \u041c\u043e\u043b\u0434\u043e\u0432\u0435.\",\"publisher\":{\"@id\":\"https:\\\/\\\/xstyle.md\\\/#organization\"},\"alternateName\":\"X-Style\",\"potentialAction\":[{\"@type\":\"SearchAction\",\"target\":{\"@type\":\"EntryPoint\",\"urlTemplate\":\"https:\\\/\\\/xstyle.md\\\/?s={search_term_string}\"},\"query-input\":{\"@type\":\"PropertyValueSpecification\",\"valueRequired\":true,\"valueName\":\"search_term_string\"}}],\"inLanguage\":\"ro-RO\"},{\"@type\":\"Organization\",\"@id\":\"https:\\\/\\\/xstyle.md\\\/#organization\",\"name\":\"\u041c\u0430\u0433\u0430\u0437\u0438\u043d Xstyle\",\"alternateName\":\"x-style\",\"url\":\"https:\\\/\\\/xstyle.md\\\/\",\"logo\":{\"@type\":\"ImageObject\",\"inLanguage\":\"ro-RO\",\"@id\":\"https:\\\/\\\/xstyle.md\\\/#\\\/schema\\\/logo\\\/image\\\/\",\"url\":\"https:\\\/\\\/xstyle.md\\\/wp-content\\\/uploads\\\/2020\\\/06\\\/logoicon.svg\",\"contentUrl\":\"https:\\\/\\\/xstyle.md\\\/wp-content\\\/uploads\\\/2020\\\/06\\\/logoicon.svg\",\"caption\":\"\u041c\u0430\u0433\u0430\u0437\u0438\u043d Xstyle\"},\"image\":{\"@id\":\"https:\\\/\\\/xstyle.md\\\/#\\\/schema\\\/logo\\\/image\\\/\"},\"sameAs\":[\"https:\\\/\\\/www.facebook.com\\\/xstylemd\",\"https:\\\/\\\/www.instagram.com\\\/xstyle_md\\\/\",\"https:\\\/\\\/t.me\\\/xstyle_outdoor\"],\"hasMerchantReturnPolicy\":{\"@type\":\"MerchantReturnPolicy\",\"merchantReturnLink\":\"https:\\\/\\\/xstyle.md\\\/ro\\\/conditions\\\/\"}}]}<\/script>\n<meta property=\"product:price:amount\" content=\"50.00\" \/>\n<meta property=\"product:price:currency\" content=\"MDL\" \/>\n<meta property=\"og:availability\" content=\"instock\" \/>\n<meta property=\"product:availability\" content=\"instock\" \/>\n<meta property=\"product:retailer_item_id\" content=\"8595033320512\" \/>\n<meta property=\"product:condition\" content=\"new\" \/>\n<!-- \/ Yoast SEO plugin. -->","yoast_head_json":{"title":"Coard\u0103 static\u0103 Singing Rock Static 11 mm - Magazin Xstyle","description":"Singing Rock static rope de 11 mm - alegerea perfect\u0103 pentru alpinism \u0219i opera\u021biuni de salvare. Materiale rezistente \u0219i fiabile, capacitate mare de \u00eenc\u0103rcare de p\u00e2n\u0103 la 50150 kg.","robots":{"index":"index","follow":"follow","max-snippet":"max-snippet:-1","max-image-preview":"max-image-preview:large","max-video-preview":"max-video-preview:-1"},"canonical":"https:\/\/xstyle.md\/ro\/produs\/staticheskaja-verevka-singing-rock-static-11-mm\/","og_locale":"ro_RO","og_type":"article","og_title":"\u0421\u0442\u0430\u0442\u0438\u0447\u0435\u0441\u043a\u0430\u044f \u0432\u0435\u0440\u0435\u0432\u043a\u0430 Singing Rock Static 11 \u043c\u043c - \u041c\u0430\u0433\u0430\u0437\u0438\u043d Xstyle","og_description":"\u0421\u0442\u0430\u0442\u0438\u0447\u0435\u0441\u043a\u0430\u044f \u0432\u0435\u0440\u0435\u0432\u043a\u0430 Singing Rock 11 \u043c\u043c - \u0438\u0434\u0435\u0430\u043b\u044c\u043d\u044b\u0439 \u0432\u044b\u0431\u043e\u0440 \u0434\u043b\u044f \u0430\u043b\u044c\u043f\u0438\u043d\u0438\u0437\u043c\u0430 \u0438 \u0441\u043f\u0430\u0441\u0430\u0442\u0435\u043b\u044c\u043d\u044b\u0445 \u043e\u043f\u0435\u0440\u0430\u0446\u0438\u0439. \u041f\u0440\u043e\u0447\u043d\u044b\u0435, \u043d\u0430\u0434\u0435\u0436\u043d\u044b\u0435 \u043c\u0430\u0442\u0435\u0440\u0438\u0430\u043b\u044b, \u0432\u044b\u0441\u043e\u043a\u0430\u044f \u043d\u0430\u0433\u0440\u0443\u0437\u043a\u0430 \u0434\u043e 50150 \u043a\u0433.","og_url":"https:\/\/xstyle.md\/ro\/produs\/staticheskaja-verevka-singing-rock-static-11-mm\/","og_site_name":"\u041c\u0430\u0433\u0430\u0437\u0438\u043d Xstyle","article_publisher":"https:\/\/www.facebook.com\/xstylemd","article_modified_time":"2024-10-02T18:47:35+00:00","og_image":[{"width":500,"height":410,"url":"https:\/\/xstyle.md\/wp-content\/uploads\/2020\/07\/static11bila.jpg","type":"image\/jpeg"}],"twitter_card":"summary_large_image","twitter_misc":{"Pre\u021b":"50&nbsp;MDL","Disponibilitate":"\u00cen stoc"},"schema":{"@context":"https:\/\/schema.org","@graph":[{"@type":"WebPage","@id":"https:\/\/xstyle.md\/product\/staticheskaja-verevka-singing-rock-static-11-mm\/","url":"https:\/\/xstyle.md\/product\/staticheskaja-verevka-singing-rock-static-11-mm\/","name":"Coard\u0103 static\u0103 Singing Rock Static 11 mm - Magazin Xstyle","isPartOf":{"@id":"https:\/\/xstyle.md\/#website"},"primaryImageOfPage":{"@id":"https:\/\/xstyle.md\/product\/staticheskaja-verevka-singing-rock-static-11-mm\/#primaryimage"},"image":{"@id":"https:\/\/xstyle.md\/product\/staticheskaja-verevka-singing-rock-static-11-mm\/#primaryimage"},"thumbnailUrl":"https:\/\/xstyle.md\/wp-content\/uploads\/2020\/07\/static11bila.jpg","datePublished":"2020-07-17T10:25:26+00:00","dateModified":"2024-10-02T18:47:35+00:00","description":"Singing Rock static rope de 11 mm - alegerea perfect\u0103 pentru alpinism \u0219i opera\u021biuni de salvare. Materiale rezistente \u0219i fiabile, capacitate mare de \u00eenc\u0103rcare de p\u00e2n\u0103 la 50150 kg.","breadcrumb":{"@id":"https:\/\/xstyle.md\/product\/staticheskaja-verevka-singing-rock-static-11-mm\/#breadcrumb"},"inLanguage":"ro-RO","potentialAction":[{"@type":"ReadAction","target":["https:\/\/xstyle.md\/product\/staticheskaja-verevka-singing-rock-static-11-mm\/"]}]},{"@type":"ImageObject","inLanguage":"ro-RO","@id":"https:\/\/xstyle.md\/product\/staticheskaja-verevka-singing-rock-static-11-mm\/#primaryimage","url":"https:\/\/xstyle.md\/wp-content\/uploads\/2020\/07\/static11bila.jpg","contentUrl":"https:\/\/xstyle.md\/wp-content\/uploads\/2020\/07\/static11bila.jpg","width":500,"height":410},{"@type":"BreadcrumbList","@id":"https:\/\/xstyle.md\/product\/staticheskaja-verevka-singing-rock-static-11-mm\/#breadcrumb","itemListElement":[{"@type":"ListItem","position":1,"name":"\u0413\u043b\u0430\u0432\u043d\u0430\u044f \u0441\u0442\u0440\u0430\u043d\u0438\u0446\u0430","item":"https:\/\/xstyle.md\/"},{"@type":"ListItem","position":2,"name":"\u041c\u0430\u0433\u0430\u0437\u0438\u043d","item":"https:\/\/xstyle.md\/shop\/"},{"@type":"ListItem","position":3,"name":"\u0421\u0442\u0430\u0442\u0438\u0447\u0435\u0441\u043a\u0430\u044f \u0432\u0435\u0440\u0435\u0432\u043a\u0430 Singing Rock Static 11 \u043c\u043c"}]},{"@type":"WebSite","@id":"https:\/\/xstyle.md\/#website","url":"https:\/\/xstyle.md\/","name":"Magazinul X-Style","description":"Echipamente pentru turism \u0219i sporturi extreme \u00een Moldova. Pre\u021buri, fotografii, caracteristici \u00een Moldova.","publisher":{"@id":"https:\/\/xstyle.md\/#organization"},"alternateName":"X-Style","potentialAction":[{"@type":"SearchAction","target":{"@type":"EntryPoint","urlTemplate":"https:\/\/xstyle.md\/?s={search_term_string}"},"query-input":{"@type":"PropertyValueSpecification","valueRequired":true,"valueName":"search_term_string"}}],"inLanguage":"ro-RO"},{"@type":"Organization","@id":"https:\/\/xstyle.md\/#organization","name":"Magazinul X-Style","alternateName":"x-style","url":"https:\/\/xstyle.md\/","logo":{"@type":"ImageObject","inLanguage":"ro-RO","@id":"https:\/\/xstyle.md\/#\/schema\/logo\/image\/","url":"https:\/\/xstyle.md\/wp-content\/uploads\/2020\/06\/logoicon.svg","contentUrl":"https:\/\/xstyle.md\/wp-content\/uploads\/2020\/06\/logoicon.svg","caption":"\u041c\u0430\u0433\u0430\u0437\u0438\u043d Xstyle"},"image":{"@id":"https:\/\/xstyle.md\/#\/schema\/logo\/image\/"},"sameAs":["https:\/\/www.facebook.com\/xstylemd","https:\/\/www.instagram.com\/xstyle_md\/","https:\/\/t.me\/xstyle_outdoor"],"hasMerchantReturnPolicy":{"@type":"MerchantReturnPolicy","merchantReturnLink":"https:\/\/xstyle.md\/ro\/conditions\/"}}]},"product_price_amount":"50.00","product_price_currency":"MDL","og_availability":"instock","product_availability":"instock","product_retailer_item_id":"8595033320512","product_condition":"new"},"post_mailing_queue_ids":[],"_links":{"self":[{"href":"https:\/\/xstyle.md\/ro\/wp-json\/wp\/v2\/product\/13792","targetHints":{"allow":["GET"]}}],"collection":[{"href":"https:\/\/xstyle.md\/ro\/wp-json\/wp\/v2\/product"}],"about":[{"href":"https:\/\/xstyle.md\/ro\/wp-json\/wp\/v2\/types\/product"}],"replies":[{"embeddable":true,"href":"https:\/\/xstyle.md\/ro\/wp-json\/wp\/v2\/comments?post=13792"}],"wp:featuredmedia":[{"embeddable":true,"href":"https:\/\/xstyle.md\/ro\/wp-json\/wp\/v2\/media\/13791"}],"wp:attachment":[{"href":"https:\/\/xstyle.md\/ro\/wp-json\/wp\/v2\/media?parent=13792"}],"wp:term":[{"taxonomy":"product_brand","embeddable":true,"href":"https:\/\/xstyle.md\/ro\/wp-json\/wp\/v2\/product_brand?post=13792"},{"taxonomy":"product_cat","embeddable":true,"href":"https:\/\/xstyle.md\/ro\/wp-json\/wp\/v2\/product_cat?post=13792"},{"taxonomy":"product_tag","embeddable":true,"href":"https:\/\/xstyle.md\/ro\/wp-json\/wp\/v2\/product_tag?post=13792"}],"curies":[{"name":"wp","href":"https:\/\/api.w.org\/{rel}","templated":true}]}}