{"id":13699,"date":"2020-07-17T13:21:24","date_gmt":"2020-07-17T10:21:24","guid":{"rendered":"https:\/\/xstyle.md\/product\/sredstvo-dlja-zaschity-shvov-mcnett-seamsure"},"modified":"2025-07-28T19:01:05","modified_gmt":"2025-07-28T16:01:05","slug":"sredstvo-dlja-zaschity-shvov-mcnett-seamsure","status":"publish","type":"product","link":"https:\/\/xstyle.md\/ro\/produs\/sredstvo-dlja-zaschity-shvov-mcnett-seamsure\/","title":{"rendered":"Solu\u021bie protec\u021bie cus\u0103turi McNett Seamsure"},"content":{"rendered":"<\/p>\n<p><strong>Solu\u021bie protec\u021bie cus\u0103turi McNett Seamsure<\/strong>&nbsp;&#8212; pe baz\u0103 de ap\u0103, este destinat\u0103 impermeabiliz\u0103rii cus\u0103turilor la \u021bes\u0103turi sintetice \u0219i acoperiri respirabile.<\/p>\n<p>Citi\u021bi cu aten\u021bie instruc\u021biunile &icirc;nainte de a aplica!<\/p>\n<p><strong>Caracteristici:<\/strong><\/p>\n<ul>\n<li>Dup\u0103 uscare, acoper\u0103 fiabil toat\u0103 suprafa\u021ba cus\u0103turii, f\u0103r\u0103 a l\u0103sa urme vizibile \u0219i acoperire lucioas\u0103. Nu modific\u0103 culoarea \u021bes\u0103turii. P\u0103streaz\u0103 un nivel ridicat de respira\u021bie.<\/li>\n<li>Potrivit pentru: corturi, copertine, rucsacuri, &icirc;mbr\u0103c\u0103minte cu membran\u0103, &icirc;mbr\u0103c\u0103minte impermeabil\u0103.<\/li>\n<li>Din c&acirc;nd &icirc;n c&acirc;nd, este necesar\u0103 reaplicarea.<\/li>\n<li>McNett Seamsure este turnat &icirc;ntr-o sticl\u0103 care este prev\u0103zut\u0103 cu o perie special\u0103 pentru aplicare.<\/li>\n<li>Este lipit\u0103 &icirc;ntr-un blister.<\/li>\n<\/ul>\n<p><\/p>","protected":false},"excerpt":{"rendered":"<p>Solu\u021bie protec\u021bie cus\u0103turi McNett Seamsure<\/p>","protected":false},"featured_media":13698,"comment_status":"open","ping_status":"closed","template":"","meta":{"_acf_changed":false,"inline_featured_image":false},"product_brand":[1346],"product_cat":[483],"product_tag":[],"class_list":{"0":"post-13699","1":"product","2":"type-product","3":"status-publish","4":"has-post-thumbnail","6":"product_brand-mcnett","7":"product_cat-uhod-za-snareajeniem","9":"first","10":"instock","11":"shipping-taxable","12":"purchasable","13":"product-type-simple"},"acf":[],"yoast_head":"<!-- This site is optimized with the Yoast SEO plugin v27.2 - https:\/\/yoast.com\/product\/yoast-seo-wordpress\/ -->\n<title>\u0421\u0440\u0435\u0434\u0441\u0442\u0432\u043e \u0434\u043b\u044f \u0437\u0430\u0449\u0438\u0442\u044b \u0448\u0432\u043e\u0432 McNett Seamsure - \u041c\u0430\u0433\u0430\u0437\u0438\u043d Xstyle<\/title>\n<meta name=\"description\" content=\"\u0417\u0430\u0449\u0438\u0442\u0438\u0442\u0435 \u0448\u0432\u044b \u0441\u0432\u043e\u0438\u0445 \u0438\u0437\u0434\u0435\u043b\u0438\u0439 \u0441 McNett Seamsure! \u041f\u0440\u043e\u0434\u0443\u043a\u0442 \u043d\u0430 \u0432\u043e\u0434\u043d\u043e\u0439 \u043e\u0441\u043d\u043e\u0432\u0435 \u043e\u0431\u0435\u0441\u043f\u0435\u0447\u0438\u0432\u0430\u0435\u0442 \u043d\u0430\u0434\u0435\u0436\u043d\u0443\u044e \u0437\u0430\u0449\u0438\u0442\u0443 \u0438 \u043d\u0435 \u043c\u0435\u043d\u044f\u0435\u0442 \u0446\u0432\u0435\u0442 \u0442\u043a\u0430\u043d\u0438. \u0418\u0434\u0435\u0430\u043b\u044c\u043d\u043e \u0434\u043b\u044f \u043f\u0430\u043b\u0430\u0442\u043e\u043a!\" \/>\n<meta name=\"robots\" content=\"index, follow, max-snippet:-1, max-image-preview:large, max-video-preview:-1\" \/>\n<link rel=\"canonical\" href=\"https:\/\/xstyle.md\/ro\/produs\/sredstvo-dlja-zaschity-shvov-mcnett-seamsure\/\" \/>\n<meta property=\"og:locale\" content=\"ro_RO\" \/>\n<meta property=\"og:type\" content=\"article\" \/>\n<meta property=\"og:title\" content=\"\u0421\u0440\u0435\u0434\u0441\u0442\u0432\u043e \u0434\u043b\u044f \u0437\u0430\u0449\u0438\u0442\u044b \u0448\u0432\u043e\u0432 McNett Seamsure - \u041c\u0430\u0433\u0430\u0437\u0438\u043d Xstyle\" \/>\n<meta property=\"og:description\" content=\"\u0417\u0430\u0449\u0438\u0442\u0438\u0442\u0435 \u0448\u0432\u044b \u0441\u0432\u043e\u0438\u0445 \u0438\u0437\u0434\u0435\u043b\u0438\u0439 \u0441 McNett Seamsure! \u041f\u0440\u043e\u0434\u0443\u043a\u0442 \u043d\u0430 \u0432\u043e\u0434\u043d\u043e\u0439 \u043e\u0441\u043d\u043e\u0432\u0435 \u043e\u0431\u0435\u0441\u043f\u0435\u0447\u0438\u0432\u0430\u0435\u0442 \u043d\u0430\u0434\u0435\u0436\u043d\u0443\u044e \u0437\u0430\u0449\u0438\u0442\u0443 \u0438 \u043d\u0435 \u043c\u0435\u043d\u044f\u0435\u0442 \u0446\u0432\u0435\u0442 \u0442\u043a\u0430\u043d\u0438. \u0418\u0434\u0435\u0430\u043b\u044c\u043d\u043e \u0434\u043b\u044f \u043f\u0430\u043b\u0430\u0442\u043e\u043a!\" \/>\n<meta property=\"og:url\" content=\"https:\/\/xstyle.md\/ro\/produs\/sredstvo-dlja-zaschity-shvov-mcnett-seamsure\/\" \/>\n<meta property=\"og:site_name\" content=\"\u041c\u0430\u0433\u0430\u0437\u0438\u043d Xstyle\" \/>\n<meta property=\"article:publisher\" content=\"https:\/\/www.facebook.com\/xstylemd\" \/>\n<meta property=\"article:modified_time\" content=\"2025-07-28T16:01:05+00:00\" \/>\n<meta property=\"og:image\" content=\"https:\/\/xstyle.md\/wp-content\/uploads\/2020\/07\/seamsure.jpg\" \/>\n\t<meta property=\"og:image:width\" content=\"351\" \/>\n\t<meta property=\"og:image:height\" content=\"480\" \/>\n\t<meta property=\"og:image:type\" content=\"image\/jpeg\" \/>\n<meta name=\"twitter:card\" content=\"summary_large_image\" \/>\n<meta name=\"twitter:label1\" content=\"Pre\u021b\" \/>\n\t<meta name=\"twitter:data1\" content=\"240&nbsp;MDL\" \/>\n\t<meta name=\"twitter:label2\" content=\"Disponibilitate\" \/>\n\t<meta name=\"twitter:data2\" content=\"\u00cen stoc\" \/>\n<script type=\"application\/ld+json\" class=\"yoast-schema-graph\">{\"@context\":\"https:\/\/schema.org\",\"@graph\":[{\"@type\":\"WebPage\",\"@id\":\"https:\/\/xstyle.md\/product\/sredstvo-dlja-zaschity-shvov-mcnett-seamsure\/\",\"url\":\"https:\/\/xstyle.md\/product\/sredstvo-dlja-zaschity-shvov-mcnett-seamsure\/\",\"name\":\"\u0421\u0440\u0435\u0434\u0441\u0442\u0432\u043e \u0434\u043b\u044f \u0437\u0430\u0449\u0438\u0442\u044b \u0448\u0432\u043e\u0432 McNett Seamsure - \u041c\u0430\u0433\u0430\u0437\u0438\u043d Xstyle\",\"isPartOf\":{\"@id\":\"https:\/\/xstyle.md\/#website\"},\"primaryImageOfPage\":{\"@id\":\"https:\/\/xstyle.md\/product\/sredstvo-dlja-zaschity-shvov-mcnett-seamsure\/#primaryimage\"},\"image\":{\"@id\":\"https:\/\/xstyle.md\/product\/sredstvo-dlja-zaschity-shvov-mcnett-seamsure\/#primaryimage\"},\"thumbnailUrl\":\"https:\/\/xstyle.md\/wp-content\/uploads\/2020\/07\/seamsure.jpg\",\"datePublished\":\"2020-07-17T10:21:24+00:00\",\"dateModified\":\"2025-07-28T16:01:05+00:00\",\"description\":\"\u0417\u0430\u0449\u0438\u0442\u0438\u0442\u0435 \u0448\u0432\u044b \u0441\u0432\u043e\u0438\u0445 \u0438\u0437\u0434\u0435\u043b\u0438\u0439 \u0441 McNett Seamsure! \u041f\u0440\u043e\u0434\u0443\u043a\u0442 \u043d\u0430 \u0432\u043e\u0434\u043d\u043e\u0439 \u043e\u0441\u043d\u043e\u0432\u0435 \u043e\u0431\u0435\u0441\u043f\u0435\u0447\u0438\u0432\u0430\u0435\u0442 \u043d\u0430\u0434\u0435\u0436\u043d\u0443\u044e \u0437\u0430\u0449\u0438\u0442\u0443 \u0438 \u043d\u0435 \u043c\u0435\u043d\u044f\u0435\u0442 \u0446\u0432\u0435\u0442 \u0442\u043a\u0430\u043d\u0438. \u0418\u0434\u0435\u0430\u043b\u044c\u043d\u043e \u0434\u043b\u044f \u043f\u0430\u043b\u0430\u0442\u043e\u043a!\",\"breadcrumb\":{\"@id\":\"https:\/\/xstyle.md\/product\/sredstvo-dlja-zaschity-shvov-mcnett-seamsure\/#breadcrumb\"},\"inLanguage\":\"ro-RO\",\"potentialAction\":[{\"@type\":\"ReadAction\",\"target\":[\"https:\/\/xstyle.md\/product\/sredstvo-dlja-zaschity-shvov-mcnett-seamsure\/\"]}]},{\"@type\":\"ImageObject\",\"inLanguage\":\"ro-RO\",\"@id\":\"https:\/\/xstyle.md\/product\/sredstvo-dlja-zaschity-shvov-mcnett-seamsure\/#primaryimage\",\"url\":\"https:\/\/xstyle.md\/wp-content\/uploads\/2020\/07\/seamsure.jpg\",\"contentUrl\":\"https:\/\/xstyle.md\/wp-content\/uploads\/2020\/07\/seamsure.jpg\",\"width\":351,\"height\":480},{\"@type\":\"BreadcrumbList\",\"@id\":\"https:\/\/xstyle.md\/product\/sredstvo-dlja-zaschity-shvov-mcnett-seamsure\/#breadcrumb\",\"itemListElement\":[{\"@type\":\"ListItem\",\"position\":1,\"name\":\"\u0413\u043b\u0430\u0432\u043d\u0430\u044f \u0441\u0442\u0440\u0430\u043d\u0438\u0446\u0430\",\"item\":\"https:\/\/xstyle.md\/\"},{\"@type\":\"ListItem\",\"position\":2,\"name\":\"\u041c\u0430\u0433\u0430\u0437\u0438\u043d\",\"item\":\"https:\/\/xstyle.md\/shop\/\"},{\"@type\":\"ListItem\",\"position\":3,\"name\":\"\u0421\u0440\u0435\u0434\u0441\u0442\u0432\u043e \u0434\u043b\u044f \u0437\u0430\u0449\u0438\u0442\u044b \u0448\u0432\u043e\u0432 McNett Seamsure\"}]},{\"@type\":\"WebSite\",\"@id\":\"https:\/\/xstyle.md\/#website\",\"url\":\"https:\/\/xstyle.md\/\",\"name\":\"\u041c\u0430\u0433\u0430\u0437\u0438\u043d Xstyle\",\"description\":\"C\u043d\u0430\u0440\u044f\u0436\u0435\u043d\u0438\u0435 \u0434\u043b\u044f \u0442\u0443\u0440\u0438\u0437\u043c\u0430 \u0438 \u044d\u043a\u0441\u0442\u0440\u0435\u043c\u0430\u043b\u044c\u043d\u044b\u0445 \u0432\u0438\u0434\u043e\u0432 \u0441\u043f\u043e\u0440\u0442\u0430 \u0432 \u041c\u043e\u043b\u0434\u043e\u0432\u0435.. \u0426\u0435\u043d\u044b, \u0444\u043e\u0442\u043e, \u0445\u0430\u0440\u0430\u043a\u0442\u0435\u0440\u0438\u0441\u0442\u0438\u043a\u0438 \u0432 \u041c\u043e\u043b\u0434\u043e\u0432\u0435.\",\"publisher\":{\"@id\":\"https:\/\/xstyle.md\/#organization\"},\"alternateName\":\"X-Style\",\"potentialAction\":[{\"@type\":\"SearchAction\",\"target\":{\"@type\":\"EntryPoint\",\"urlTemplate\":\"https:\/\/xstyle.md\/?s={search_term_string}\"},\"query-input\":{\"@type\":\"PropertyValueSpecification\",\"valueRequired\":true,\"valueName\":\"search_term_string\"}}],\"inLanguage\":\"ro-RO\"},{\"@type\":\"Organization\",\"@id\":\"https:\/\/xstyle.md\/#organization\",\"name\":\"\u041c\u0430\u0433\u0430\u0437\u0438\u043d Xstyle\",\"alternateName\":\"x-style\",\"url\":\"https:\/\/xstyle.md\/\",\"logo\":{\"@type\":\"ImageObject\",\"inLanguage\":\"ro-RO\",\"@id\":\"https:\/\/xstyle.md\/#\/schema\/logo\/image\/\",\"url\":\"https:\/\/xstyle.md\/wp-content\/uploads\/2020\/06\/logoicon.svg\",\"contentUrl\":\"https:\/\/xstyle.md\/wp-content\/uploads\/2020\/06\/logoicon.svg\",\"caption\":\"\u041c\u0430\u0433\u0430\u0437\u0438\u043d Xstyle\"},\"image\":{\"@id\":\"https:\/\/xstyle.md\/#\/schema\/logo\/image\/\"},\"sameAs\":[\"https:\/\/www.facebook.com\/xstylemd\",\"https:\/\/www.instagram.com\/xstyle_md\/\",\"https:\/\/t.me\/xstyle_outdoor\"],\"hasMerchantReturnPolicy\":{\"@type\":\"MerchantReturnPolicy\",\"merchantReturnLink\":\"https:\/\/xstyle.md\/ro\/conditions\/\"}}]}<\/script>\n<meta property=\"product:price:amount\" content=\"240.00\" \/>\n<meta property=\"product:price:currency\" content=\"MDL\" \/>\n<meta property=\"og:availability\" content=\"instock\" \/>\n<meta property=\"product:availability\" content=\"instock\" \/>\n<meta property=\"product:retailer_item_id\" content=\"21563106039\" \/>\n<meta property=\"product:condition\" content=\"new\" \/>\n<!-- \/ Yoast SEO plugin. -->","yoast_head_json":{"title":"Solu\u021bie protec\u021bie cus\u0103turi McNett Seamsure - Magazin Xstyle","description":"Proteja\u021bi cus\u0103turile produselor dumneavoastr\u0103 cu McNett Seamsure! Produsul pe baz\u0103 de ap\u0103 ofer\u0103 o protec\u021bie sigur\u0103 \u0219i nu \u00ee\u0219i schimb\u0103 culoarea materialului. Ideal pentru corturi!","robots":{"index":"index","follow":"follow","max-snippet":"max-snippet:-1","max-image-preview":"max-image-preview:large","max-video-preview":"max-video-preview:-1"},"canonical":"https:\/\/xstyle.md\/ro\/produs\/sredstvo-dlja-zaschity-shvov-mcnett-seamsure\/","og_locale":"ro_RO","og_type":"article","og_title":"\u0421\u0440\u0435\u0434\u0441\u0442\u0432\u043e \u0434\u043b\u044f \u0437\u0430\u0449\u0438\u0442\u044b \u0448\u0432\u043e\u0432 McNett Seamsure - \u041c\u0430\u0433\u0430\u0437\u0438\u043d Xstyle","og_description":"\u0417\u0430\u0449\u0438\u0442\u0438\u0442\u0435 \u0448\u0432\u044b \u0441\u0432\u043e\u0438\u0445 \u0438\u0437\u0434\u0435\u043b\u0438\u0439 \u0441 McNett Seamsure! \u041f\u0440\u043e\u0434\u0443\u043a\u0442 \u043d\u0430 \u0432\u043e\u0434\u043d\u043e\u0439 \u043e\u0441\u043d\u043e\u0432\u0435 \u043e\u0431\u0435\u0441\u043f\u0435\u0447\u0438\u0432\u0430\u0435\u0442 \u043d\u0430\u0434\u0435\u0436\u043d\u0443\u044e \u0437\u0430\u0449\u0438\u0442\u0443 \u0438 \u043d\u0435 \u043c\u0435\u043d\u044f\u0435\u0442 \u0446\u0432\u0435\u0442 \u0442\u043a\u0430\u043d\u0438. \u0418\u0434\u0435\u0430\u043b\u044c\u043d\u043e \u0434\u043b\u044f \u043f\u0430\u043b\u0430\u0442\u043e\u043a!","og_url":"https:\/\/xstyle.md\/ro\/produs\/sredstvo-dlja-zaschity-shvov-mcnett-seamsure\/","og_site_name":"\u041c\u0430\u0433\u0430\u0437\u0438\u043d Xstyle","article_publisher":"https:\/\/www.facebook.com\/xstylemd","article_modified_time":"2025-07-28T16:01:05+00:00","og_image":[{"width":351,"height":480,"url":"https:\/\/xstyle.md\/wp-content\/uploads\/2020\/07\/seamsure.jpg","type":"image\/jpeg"}],"twitter_card":"summary_large_image","twitter_misc":{"Pre\u021b":"240&nbsp;MDL","Disponibilitate":"\u00cen stoc"},"schema":{"@context":"https:\/\/schema.org","@graph":[{"@type":"WebPage","@id":"https:\/\/xstyle.md\/product\/sredstvo-dlja-zaschity-shvov-mcnett-seamsure\/","url":"https:\/\/xstyle.md\/product\/sredstvo-dlja-zaschity-shvov-mcnett-seamsure\/","name":"Solu\u021bie protec\u021bie cus\u0103turi McNett Seamsure - Magazin Xstyle","isPartOf":{"@id":"https:\/\/xstyle.md\/#website"},"primaryImageOfPage":{"@id":"https:\/\/xstyle.md\/product\/sredstvo-dlja-zaschity-shvov-mcnett-seamsure\/#primaryimage"},"image":{"@id":"https:\/\/xstyle.md\/product\/sredstvo-dlja-zaschity-shvov-mcnett-seamsure\/#primaryimage"},"thumbnailUrl":"https:\/\/xstyle.md\/wp-content\/uploads\/2020\/07\/seamsure.jpg","datePublished":"2020-07-17T10:21:24+00:00","dateModified":"2025-07-28T16:01:05+00:00","description":"Proteja\u021bi cus\u0103turile produselor dumneavoastr\u0103 cu McNett Seamsure! Produsul pe baz\u0103 de ap\u0103 ofer\u0103 o protec\u021bie sigur\u0103 \u0219i nu \u00ee\u0219i schimb\u0103 culoarea materialului. Ideal pentru corturi!","breadcrumb":{"@id":"https:\/\/xstyle.md\/product\/sredstvo-dlja-zaschity-shvov-mcnett-seamsure\/#breadcrumb"},"inLanguage":"ro-RO","potentialAction":[{"@type":"ReadAction","target":["https:\/\/xstyle.md\/product\/sredstvo-dlja-zaschity-shvov-mcnett-seamsure\/"]}]},{"@type":"ImageObject","inLanguage":"ro-RO","@id":"https:\/\/xstyle.md\/product\/sredstvo-dlja-zaschity-shvov-mcnett-seamsure\/#primaryimage","url":"https:\/\/xstyle.md\/wp-content\/uploads\/2020\/07\/seamsure.jpg","contentUrl":"https:\/\/xstyle.md\/wp-content\/uploads\/2020\/07\/seamsure.jpg","width":351,"height":480},{"@type":"BreadcrumbList","@id":"https:\/\/xstyle.md\/product\/sredstvo-dlja-zaschity-shvov-mcnett-seamsure\/#breadcrumb","itemListElement":[{"@type":"ListItem","position":1,"name":"\u0413\u043b\u0430\u0432\u043d\u0430\u044f \u0441\u0442\u0440\u0430\u043d\u0438\u0446\u0430","item":"https:\/\/xstyle.md\/"},{"@type":"ListItem","position":2,"name":"\u041c\u0430\u0433\u0430\u0437\u0438\u043d","item":"https:\/\/xstyle.md\/shop\/"},{"@type":"ListItem","position":3,"name":"\u0421\u0440\u0435\u0434\u0441\u0442\u0432\u043e \u0434\u043b\u044f \u0437\u0430\u0449\u0438\u0442\u044b \u0448\u0432\u043e\u0432 McNett Seamsure"}]},{"@type":"WebSite","@id":"https:\/\/xstyle.md\/#website","url":"https:\/\/xstyle.md\/","name":"Magazinul X-Style","description":"Echipamente pentru turism \u0219i sporturi extreme \u00een Moldova. Pre\u021buri, fotografii, caracteristici \u00een Moldova.","publisher":{"@id":"https:\/\/xstyle.md\/#organization"},"alternateName":"X-Style","potentialAction":[{"@type":"SearchAction","target":{"@type":"EntryPoint","urlTemplate":"https:\/\/xstyle.md\/?s={search_term_string}"},"query-input":{"@type":"PropertyValueSpecification","valueRequired":true,"valueName":"search_term_string"}}],"inLanguage":"ro-RO"},{"@type":"Organization","@id":"https:\/\/xstyle.md\/#organization","name":"Magazinul X-Style","alternateName":"x-style","url":"https:\/\/xstyle.md\/","logo":{"@type":"ImageObject","inLanguage":"ro-RO","@id":"https:\/\/xstyle.md\/#\/schema\/logo\/image\/","url":"https:\/\/xstyle.md\/wp-content\/uploads\/2020\/06\/logoicon.svg","contentUrl":"https:\/\/xstyle.md\/wp-content\/uploads\/2020\/06\/logoicon.svg","caption":"\u041c\u0430\u0433\u0430\u0437\u0438\u043d Xstyle"},"image":{"@id":"https:\/\/xstyle.md\/#\/schema\/logo\/image\/"},"sameAs":["https:\/\/www.facebook.com\/xstylemd","https:\/\/www.instagram.com\/xstyle_md\/","https:\/\/t.me\/xstyle_outdoor"],"hasMerchantReturnPolicy":{"@type":"MerchantReturnPolicy","merchantReturnLink":"https:\/\/xstyle.md\/ro\/conditions\/"}}]},"product_price_amount":"240.00","product_price_currency":"MDL","og_availability":"instock","product_availability":"instock","product_retailer_item_id":"21563106039","product_condition":"new"},"post_mailing_queue_ids":[],"_links":{"self":[{"href":"https:\/\/xstyle.md\/ro\/wp-json\/wp\/v2\/product\/13699","targetHints":{"allow":["GET"]}}],"collection":[{"href":"https:\/\/xstyle.md\/ro\/wp-json\/wp\/v2\/product"}],"about":[{"href":"https:\/\/xstyle.md\/ro\/wp-json\/wp\/v2\/types\/product"}],"replies":[{"embeddable":true,"href":"https:\/\/xstyle.md\/ro\/wp-json\/wp\/v2\/comments?post=13699"}],"wp:featuredmedia":[{"embeddable":true,"href":"https:\/\/xstyle.md\/ro\/wp-json\/wp\/v2\/media\/13698"}],"wp:attachment":[{"href":"https:\/\/xstyle.md\/ro\/wp-json\/wp\/v2\/media?parent=13699"}],"wp:term":[{"taxonomy":"product_brand","embeddable":true,"href":"https:\/\/xstyle.md\/ro\/wp-json\/wp\/v2\/product_brand?post=13699"},{"taxonomy":"product_cat","embeddable":true,"href":"https:\/\/xstyle.md\/ro\/wp-json\/wp\/v2\/product_cat?post=13699"},{"taxonomy":"product_tag","embeddable":true,"href":"https:\/\/xstyle.md\/ro\/wp-json\/wp\/v2\/product_tag?post=13699"}],"curies":[{"name":"wp","href":"https:\/\/api.w.org\/{rel}","templated":true}]}}