{"id":13685,"date":"2020-07-17T13:20:57","date_gmt":"2020-07-17T10:20:57","guid":{"rendered":"https:\/\/xstyle.md\/product\/remnabor-mcnett-tenacious-tape-repair-black-ripstop-nylon-7-6-cm"},"modified":"2025-09-11T12:49:20","modified_gmt":"2025-09-11T09:49:20","slug":"remnabor-mcnett-tenacious-tape-repair-black-ripstop-nylon-7-6-cm","status":"publish","type":"product","link":"https:\/\/xstyle.md\/ro\/produs\/remnabor-mcnett-tenacious-tape-repair-black-ripstop-nylon-7-6-cm\/","title":{"rendered":"Set reparatie McNett Tenacious Tape Repair Black RipStop Nylon 7,6 cm"},"content":{"rendered":"<\/p>\n<p><strong>Set repara\u021bie McNett Tenacious Tape Repair Black RipStop Nylon 7,6 cm<\/strong>&nbsp;&#8212; band\u0103 pentru patch-uri concepute pentru a repara t\u0103ieturi \u0219i rupturi pe aproape orice echipament \u0219i &icirc;mbr\u0103c\u0103minte. Plasturile din aceast\u0103 band\u0103 se \u021bin acolo unde sunt lipite, indiferent de condi\u021biile meteorologice, \u0219i nu las\u0103 urme de clei.<\/p>\n<p><strong>Caracteristici:<\/strong><\/p>\n<ul>\n<li>tehnologie de lipire &#171;curat\u0103&#187;<\/li>\n<li>materialul benzii este durabil, de lung\u0103 durat\u0103 \u0219i nu se desprinde atunci c&acirc;nd se spal\u0103<\/li>\n<li>fabricat din \u021bes\u0103tur\u0103 de &icirc;nalt\u0103 calitate pentru corturi<\/li>\n<li>u\u0219or de utilizat &icirc;n teren<\/li>\n<li>band\u0103 adeziv\u0103 cu o l\u0103\u021bime de 76 mm \u0219i o lungime de 500 mm.<\/li>\n<\/ul>\n<p><strong>Ideal pentru:<\/strong> echipament de camping, covora\u0219e auto-gonflabile, corturi, &icirc;mbr\u0103c\u0103minte exterioar\u0103, inclusiv \u0219i jachete pufoase, nailon, vinil, plastic, plas\u0103, materiale respirabile.<\/p>\n<p><\/p>","protected":false},"excerpt":{"rendered":"<p>Set reparatie McNett Tenacious Tape Repair Black RipStop Nylon 7,6 cm<\/p>","protected":false},"featured_media":13684,"comment_status":"open","ping_status":"closed","template":"","meta":{"_acf_changed":false,"inline_featured_image":false},"product_brand":[1346],"product_cat":[206],"product_tag":[],"class_list":{"0":"post-13685","1":"product","2":"type-product","3":"status-publish","4":"has-post-thumbnail","6":"product_brand-mcnett","7":"product_cat-repairkits","9":"first","10":"outofstock","11":"shipping-taxable","12":"product-type-simple"},"acf":[],"yoast_head":"<!-- This site is optimized with the Yoast SEO plugin v27.2 - https:\/\/yoast.com\/product\/yoast-seo-wordpress\/ -->\n<title>\u0420\u0435\u043c\u043d\u0430\u0431\u043e\u0440 McNett Tenacious Tape Repair Black RipStop Nylon 7,6 cm - \u041c\u0430\u0433\u0430\u0437\u0438\u043d Xstyle<\/title>\n<meta name=\"description\" content=\"\u0420\u0435\u043c\u043d\u0430\u0431\u043e\u0440 McNett Tenacious Tape Repair Black 7,6 \u0441\u043c - \u0438\u0434\u0435\u0430\u043b\u044c\u043d\u043e\u0435 \u0440\u0435\u0448\u0435\u043d\u0438\u0435 \u0434\u043b\u044f \u0440\u0435\u043c\u043e\u043d\u0442\u0430 \u043f\u043e\u0432\u0440\u0435\u0436\u0434\u0435\u043d\u0438\u0439 \u043d\u0430 \u0441\u043d\u0430\u0440\u044f\u0436\u0435\u043d\u0438\u0438 \u0438 \u043e\u0434\u0435\u0436\u0434\u0435. \u0423\u0441\u0442\u043e\u0439\u0447\u0438\u0432 \u043a \u043f\u043e\u0433\u043e\u0434\u043d\u044b\u043c \u0443\u0441\u043b\u043e\u0432\u0438\u044f\u043c \u0438 \u043b\u0435\u0433\u043a\u043e \u043d\u0430\u043d\u043e\u0441\u0438\u0442\u0441\u044f!\" \/>\n<meta name=\"robots\" content=\"index, follow, max-snippet:-1, max-image-preview:large, max-video-preview:-1\" \/>\n<link rel=\"canonical\" href=\"https:\/\/xstyle.md\/ro\/produs\/remnabor-mcnett-tenacious-tape-repair-black-ripstop-nylon-7-6-cm\/\" \/>\n<meta property=\"og:locale\" content=\"ro_RO\" \/>\n<meta property=\"og:type\" content=\"article\" \/>\n<meta property=\"og:title\" content=\"\u0420\u0435\u043c\u043d\u0430\u0431\u043e\u0440 McNett Tenacious Tape Repair Black RipStop Nylon 7,6 cm - \u041c\u0430\u0433\u0430\u0437\u0438\u043d Xstyle\" \/>\n<meta property=\"og:description\" content=\"\u0420\u0435\u043c\u043d\u0430\u0431\u043e\u0440 McNett Tenacious Tape Repair Black 7,6 \u0441\u043c - \u0438\u0434\u0435\u0430\u043b\u044c\u043d\u043e\u0435 \u0440\u0435\u0448\u0435\u043d\u0438\u0435 \u0434\u043b\u044f \u0440\u0435\u043c\u043e\u043d\u0442\u0430 \u043f\u043e\u0432\u0440\u0435\u0436\u0434\u0435\u043d\u0438\u0439 \u043d\u0430 \u0441\u043d\u0430\u0440\u044f\u0436\u0435\u043d\u0438\u0438 \u0438 \u043e\u0434\u0435\u0436\u0434\u0435. \u0423\u0441\u0442\u043e\u0439\u0447\u0438\u0432 \u043a \u043f\u043e\u0433\u043e\u0434\u043d\u044b\u043c \u0443\u0441\u043b\u043e\u0432\u0438\u044f\u043c \u0438 \u043b\u0435\u0433\u043a\u043e \u043d\u0430\u043d\u043e\u0441\u0438\u0442\u0441\u044f!\" \/>\n<meta property=\"og:url\" content=\"https:\/\/xstyle.md\/ro\/produs\/remnabor-mcnett-tenacious-tape-repair-black-ripstop-nylon-7-6-cm\/\" \/>\n<meta property=\"og:site_name\" content=\"\u041c\u0430\u0433\u0430\u0437\u0438\u043d Xstyle\" \/>\n<meta property=\"article:publisher\" content=\"https:\/\/www.facebook.com\/xstylemd\" \/>\n<meta property=\"article:modified_time\" content=\"2025-09-11T09:49:20+00:00\" \/>\n<meta property=\"og:image\" content=\"https:\/\/xstyle.md\/wp-content\/uploads\/2020\/07\/mcn20001-blk.jpg\" \/>\n\t<meta property=\"og:image:width\" content=\"600\" \/>\n\t<meta property=\"og:image:height\" content=\"600\" \/>\n\t<meta property=\"og:image:type\" content=\"image\/jpeg\" \/>\n<meta name=\"twitter:card\" content=\"summary_large_image\" \/>\n<meta name=\"twitter:label1\" content=\"Pre\u021b\" \/>\n\t<meta name=\"twitter:data1\" content=\"220&nbsp;MDL\" \/>\n\t<meta name=\"twitter:label2\" content=\"Disponibilitate\" \/>\n\t<meta name=\"twitter:data2\" content=\"Stoc epuizat\" \/>\n<script type=\"application\/ld+json\" class=\"yoast-schema-graph\">{\"@context\":\"https:\/\/schema.org\",\"@graph\":[{\"@type\":\"WebPage\",\"@id\":\"https:\/\/xstyle.md\/product\/remnabor-mcnett-tenacious-tape-repair-black-ripstop-nylon-7-6-cm\/\",\"url\":\"https:\/\/xstyle.md\/product\/remnabor-mcnett-tenacious-tape-repair-black-ripstop-nylon-7-6-cm\/\",\"name\":\"\u0420\u0435\u043c\u043d\u0430\u0431\u043e\u0440 McNett Tenacious Tape Repair Black RipStop Nylon 7,6 cm - \u041c\u0430\u0433\u0430\u0437\u0438\u043d Xstyle\",\"isPartOf\":{\"@id\":\"https:\/\/xstyle.md\/#website\"},\"primaryImageOfPage\":{\"@id\":\"https:\/\/xstyle.md\/product\/remnabor-mcnett-tenacious-tape-repair-black-ripstop-nylon-7-6-cm\/#primaryimage\"},\"image\":{\"@id\":\"https:\/\/xstyle.md\/product\/remnabor-mcnett-tenacious-tape-repair-black-ripstop-nylon-7-6-cm\/#primaryimage\"},\"thumbnailUrl\":\"https:\/\/xstyle.md\/wp-content\/uploads\/2020\/07\/mcn20001-blk.jpg\",\"datePublished\":\"2020-07-17T10:20:57+00:00\",\"dateModified\":\"2025-09-11T09:49:20+00:00\",\"description\":\"\u0420\u0435\u043c\u043d\u0430\u0431\u043e\u0440 McNett Tenacious Tape Repair Black 7,6 \u0441\u043c - \u0438\u0434\u0435\u0430\u043b\u044c\u043d\u043e\u0435 \u0440\u0435\u0448\u0435\u043d\u0438\u0435 \u0434\u043b\u044f \u0440\u0435\u043c\u043e\u043d\u0442\u0430 \u043f\u043e\u0432\u0440\u0435\u0436\u0434\u0435\u043d\u0438\u0439 \u043d\u0430 \u0441\u043d\u0430\u0440\u044f\u0436\u0435\u043d\u0438\u0438 \u0438 \u043e\u0434\u0435\u0436\u0434\u0435. \u0423\u0441\u0442\u043e\u0439\u0447\u0438\u0432 \u043a \u043f\u043e\u0433\u043e\u0434\u043d\u044b\u043c \u0443\u0441\u043b\u043e\u0432\u0438\u044f\u043c \u0438 \u043b\u0435\u0433\u043a\u043e \u043d\u0430\u043d\u043e\u0441\u0438\u0442\u0441\u044f!\",\"breadcrumb\":{\"@id\":\"https:\/\/xstyle.md\/product\/remnabor-mcnett-tenacious-tape-repair-black-ripstop-nylon-7-6-cm\/#breadcrumb\"},\"inLanguage\":\"ro-RO\",\"potentialAction\":[{\"@type\":\"ReadAction\",\"target\":[\"https:\/\/xstyle.md\/product\/remnabor-mcnett-tenacious-tape-repair-black-ripstop-nylon-7-6-cm\/\"]}]},{\"@type\":\"ImageObject\",\"inLanguage\":\"ro-RO\",\"@id\":\"https:\/\/xstyle.md\/product\/remnabor-mcnett-tenacious-tape-repair-black-ripstop-nylon-7-6-cm\/#primaryimage\",\"url\":\"https:\/\/xstyle.md\/wp-content\/uploads\/2020\/07\/mcn20001-blk.jpg\",\"contentUrl\":\"https:\/\/xstyle.md\/wp-content\/uploads\/2020\/07\/mcn20001-blk.jpg\",\"width\":600,\"height\":600},{\"@type\":\"BreadcrumbList\",\"@id\":\"https:\/\/xstyle.md\/product\/remnabor-mcnett-tenacious-tape-repair-black-ripstop-nylon-7-6-cm\/#breadcrumb\",\"itemListElement\":[{\"@type\":\"ListItem\",\"position\":1,\"name\":\"\u0413\u043b\u0430\u0432\u043d\u0430\u044f \u0441\u0442\u0440\u0430\u043d\u0438\u0446\u0430\",\"item\":\"https:\/\/xstyle.md\/\"},{\"@type\":\"ListItem\",\"position\":2,\"name\":\"\u041c\u0430\u0433\u0430\u0437\u0438\u043d\",\"item\":\"https:\/\/xstyle.md\/shop\/\"},{\"@type\":\"ListItem\",\"position\":3,\"name\":\"\u0420\u0435\u043c\u043d\u0430\u0431\u043e\u0440 McNett Tenacious Tape Repair Black RipStop Nylon 7,6 cm\"}]},{\"@type\":\"WebSite\",\"@id\":\"https:\/\/xstyle.md\/#website\",\"url\":\"https:\/\/xstyle.md\/\",\"name\":\"\u041c\u0430\u0433\u0430\u0437\u0438\u043d Xstyle\",\"description\":\"C\u043d\u0430\u0440\u044f\u0436\u0435\u043d\u0438\u0435 \u0434\u043b\u044f \u0442\u0443\u0440\u0438\u0437\u043c\u0430 \u0438 \u044d\u043a\u0441\u0442\u0440\u0435\u043c\u0430\u043b\u044c\u043d\u044b\u0445 \u0432\u0438\u0434\u043e\u0432 \u0441\u043f\u043e\u0440\u0442\u0430 \u0432 \u041c\u043e\u043b\u0434\u043e\u0432\u0435.. \u0426\u0435\u043d\u044b, \u0444\u043e\u0442\u043e, \u0445\u0430\u0440\u0430\u043a\u0442\u0435\u0440\u0438\u0441\u0442\u0438\u043a\u0438 \u0432 \u041c\u043e\u043b\u0434\u043e\u0432\u0435.\",\"publisher\":{\"@id\":\"https:\/\/xstyle.md\/#organization\"},\"alternateName\":\"X-Style\",\"potentialAction\":[{\"@type\":\"SearchAction\",\"target\":{\"@type\":\"EntryPoint\",\"urlTemplate\":\"https:\/\/xstyle.md\/?s={search_term_string}\"},\"query-input\":{\"@type\":\"PropertyValueSpecification\",\"valueRequired\":true,\"valueName\":\"search_term_string\"}}],\"inLanguage\":\"ro-RO\"},{\"@type\":\"Organization\",\"@id\":\"https:\/\/xstyle.md\/#organization\",\"name\":\"\u041c\u0430\u0433\u0430\u0437\u0438\u043d Xstyle\",\"alternateName\":\"x-style\",\"url\":\"https:\/\/xstyle.md\/\",\"logo\":{\"@type\":\"ImageObject\",\"inLanguage\":\"ro-RO\",\"@id\":\"https:\/\/xstyle.md\/#\/schema\/logo\/image\/\",\"url\":\"https:\/\/xstyle.md\/wp-content\/uploads\/2020\/06\/logoicon.svg\",\"contentUrl\":\"https:\/\/xstyle.md\/wp-content\/uploads\/2020\/06\/logoicon.svg\",\"caption\":\"\u041c\u0430\u0433\u0430\u0437\u0438\u043d Xstyle\"},\"image\":{\"@id\":\"https:\/\/xstyle.md\/#\/schema\/logo\/image\/\"},\"sameAs\":[\"https:\/\/www.facebook.com\/xstylemd\",\"https:\/\/www.instagram.com\/xstyle_md\/\",\"https:\/\/t.me\/xstyle_outdoor\"],\"hasMerchantReturnPolicy\":{\"@type\":\"MerchantReturnPolicy\",\"merchantReturnLink\":\"https:\/\/xstyle.md\/ro\/conditions\/\"}}]}<\/script>\n<meta property=\"product:price:amount\" content=\"220.00\" \/>\n<meta property=\"product:price:currency\" content=\"MDL\" \/>\n<meta property=\"og:availability\" content=\"out of stock\" \/>\n<meta property=\"product:availability\" content=\"out of stock\" \/>\n<meta property=\"product:retailer_item_id\" content=\"21563106893\" \/>\n<meta property=\"product:condition\" content=\"new\" \/>\n<!-- \/ Yoast SEO plugin. -->","yoast_head_json":{"title":"\u0420\u0435\u043c\u043d\u0430\u0431\u043e\u0440 McNett Tenacious Tape Repair Black RipStop Nylon 7,6 cm - \u041c\u0430\u0433\u0430\u0437\u0438\u043d Xstyle","description":"Set de reparare McNett Tenacious Tape Repair Negru 7,6 cm - solu\u021bia perfect\u0103 pentru repararea daunelor la echipament \u0219i haine. Rezistent la condi\u021bii meteorologice \u0219i u\u0219or de aplicat!","robots":{"index":"index","follow":"follow","max-snippet":"max-snippet:-1","max-image-preview":"max-image-preview:large","max-video-preview":"max-video-preview:-1"},"canonical":"https:\/\/xstyle.md\/ro\/produs\/remnabor-mcnett-tenacious-tape-repair-black-ripstop-nylon-7-6-cm\/","og_locale":"ro_RO","og_type":"article","og_title":"\u0420\u0435\u043c\u043d\u0430\u0431\u043e\u0440 McNett Tenacious Tape Repair Black RipStop Nylon 7,6 cm - \u041c\u0430\u0433\u0430\u0437\u0438\u043d Xstyle","og_description":"\u0420\u0435\u043c\u043d\u0430\u0431\u043e\u0440 McNett Tenacious Tape Repair Black 7,6 \u0441\u043c - \u0438\u0434\u0435\u0430\u043b\u044c\u043d\u043e\u0435 \u0440\u0435\u0448\u0435\u043d\u0438\u0435 \u0434\u043b\u044f \u0440\u0435\u043c\u043e\u043d\u0442\u0430 \u043f\u043e\u0432\u0440\u0435\u0436\u0434\u0435\u043d\u0438\u0439 \u043d\u0430 \u0441\u043d\u0430\u0440\u044f\u0436\u0435\u043d\u0438\u0438 \u0438 \u043e\u0434\u0435\u0436\u0434\u0435. \u0423\u0441\u0442\u043e\u0439\u0447\u0438\u0432 \u043a \u043f\u043e\u0433\u043e\u0434\u043d\u044b\u043c \u0443\u0441\u043b\u043e\u0432\u0438\u044f\u043c \u0438 \u043b\u0435\u0433\u043a\u043e \u043d\u0430\u043d\u043e\u0441\u0438\u0442\u0441\u044f!","og_url":"https:\/\/xstyle.md\/ro\/produs\/remnabor-mcnett-tenacious-tape-repair-black-ripstop-nylon-7-6-cm\/","og_site_name":"\u041c\u0430\u0433\u0430\u0437\u0438\u043d Xstyle","article_publisher":"https:\/\/www.facebook.com\/xstylemd","article_modified_time":"2025-09-11T09:49:20+00:00","og_image":[{"width":600,"height":600,"url":"https:\/\/xstyle.md\/wp-content\/uploads\/2020\/07\/mcn20001-blk.jpg","type":"image\/jpeg"}],"twitter_card":"summary_large_image","twitter_misc":{"Pre\u021b":"220&nbsp;MDL","Disponibilitate":"Stoc epuizat"},"schema":{"@context":"https:\/\/schema.org","@graph":[{"@type":"WebPage","@id":"https:\/\/xstyle.md\/product\/remnabor-mcnett-tenacious-tape-repair-black-ripstop-nylon-7-6-cm\/","url":"https:\/\/xstyle.md\/product\/remnabor-mcnett-tenacious-tape-repair-black-ripstop-nylon-7-6-cm\/","name":"\u0420\u0435\u043c\u043d\u0430\u0431\u043e\u0440 McNett Tenacious Tape Repair Black RipStop Nylon 7,6 cm - \u041c\u0430\u0433\u0430\u0437\u0438\u043d Xstyle","isPartOf":{"@id":"https:\/\/xstyle.md\/#website"},"primaryImageOfPage":{"@id":"https:\/\/xstyle.md\/product\/remnabor-mcnett-tenacious-tape-repair-black-ripstop-nylon-7-6-cm\/#primaryimage"},"image":{"@id":"https:\/\/xstyle.md\/product\/remnabor-mcnett-tenacious-tape-repair-black-ripstop-nylon-7-6-cm\/#primaryimage"},"thumbnailUrl":"https:\/\/xstyle.md\/wp-content\/uploads\/2020\/07\/mcn20001-blk.jpg","datePublished":"2020-07-17T10:20:57+00:00","dateModified":"2025-09-11T09:49:20+00:00","description":"Set de reparare McNett Tenacious Tape Repair Negru 7,6 cm - solu\u021bia perfect\u0103 pentru repararea daunelor la echipament \u0219i haine. Rezistent la condi\u021bii meteorologice \u0219i u\u0219or de aplicat!","breadcrumb":{"@id":"https:\/\/xstyle.md\/product\/remnabor-mcnett-tenacious-tape-repair-black-ripstop-nylon-7-6-cm\/#breadcrumb"},"inLanguage":"ro-RO","potentialAction":[{"@type":"ReadAction","target":["https:\/\/xstyle.md\/product\/remnabor-mcnett-tenacious-tape-repair-black-ripstop-nylon-7-6-cm\/"]}]},{"@type":"ImageObject","inLanguage":"ro-RO","@id":"https:\/\/xstyle.md\/product\/remnabor-mcnett-tenacious-tape-repair-black-ripstop-nylon-7-6-cm\/#primaryimage","url":"https:\/\/xstyle.md\/wp-content\/uploads\/2020\/07\/mcn20001-blk.jpg","contentUrl":"https:\/\/xstyle.md\/wp-content\/uploads\/2020\/07\/mcn20001-blk.jpg","width":600,"height":600},{"@type":"BreadcrumbList","@id":"https:\/\/xstyle.md\/product\/remnabor-mcnett-tenacious-tape-repair-black-ripstop-nylon-7-6-cm\/#breadcrumb","itemListElement":[{"@type":"ListItem","position":1,"name":"\u0413\u043b\u0430\u0432\u043d\u0430\u044f \u0441\u0442\u0440\u0430\u043d\u0438\u0446\u0430","item":"https:\/\/xstyle.md\/"},{"@type":"ListItem","position":2,"name":"\u041c\u0430\u0433\u0430\u0437\u0438\u043d","item":"https:\/\/xstyle.md\/shop\/"},{"@type":"ListItem","position":3,"name":"\u0420\u0435\u043c\u043d\u0430\u0431\u043e\u0440 McNett Tenacious Tape Repair Black RipStop Nylon 7,6 cm"}]},{"@type":"WebSite","@id":"https:\/\/xstyle.md\/#website","url":"https:\/\/xstyle.md\/","name":"Magazinul X-Style","description":"Echipamente pentru turism \u0219i sporturi extreme \u00een Moldova. Pre\u021buri, fotografii, caracteristici \u00een Moldova.","publisher":{"@id":"https:\/\/xstyle.md\/#organization"},"alternateName":"X-Style","potentialAction":[{"@type":"SearchAction","target":{"@type":"EntryPoint","urlTemplate":"https:\/\/xstyle.md\/?s={search_term_string}"},"query-input":{"@type":"PropertyValueSpecification","valueRequired":true,"valueName":"search_term_string"}}],"inLanguage":"ro-RO"},{"@type":"Organization","@id":"https:\/\/xstyle.md\/#organization","name":"Magazinul X-Style","alternateName":"x-style","url":"https:\/\/xstyle.md\/","logo":{"@type":"ImageObject","inLanguage":"ro-RO","@id":"https:\/\/xstyle.md\/#\/schema\/logo\/image\/","url":"https:\/\/xstyle.md\/wp-content\/uploads\/2020\/06\/logoicon.svg","contentUrl":"https:\/\/xstyle.md\/wp-content\/uploads\/2020\/06\/logoicon.svg","caption":"\u041c\u0430\u0433\u0430\u0437\u0438\u043d Xstyle"},"image":{"@id":"https:\/\/xstyle.md\/#\/schema\/logo\/image\/"},"sameAs":["https:\/\/www.facebook.com\/xstylemd","https:\/\/www.instagram.com\/xstyle_md\/","https:\/\/t.me\/xstyle_outdoor"],"hasMerchantReturnPolicy":{"@type":"MerchantReturnPolicy","merchantReturnLink":"https:\/\/xstyle.md\/ro\/conditions\/"}}]},"product_price_amount":"220.00","product_price_currency":"MDL","og_availability":"out of stock","product_availability":"out of stock","product_retailer_item_id":"21563106893","product_condition":"new"},"post_mailing_queue_ids":[],"_links":{"self":[{"href":"https:\/\/xstyle.md\/ro\/wp-json\/wp\/v2\/product\/13685","targetHints":{"allow":["GET"]}}],"collection":[{"href":"https:\/\/xstyle.md\/ro\/wp-json\/wp\/v2\/product"}],"about":[{"href":"https:\/\/xstyle.md\/ro\/wp-json\/wp\/v2\/types\/product"}],"replies":[{"embeddable":true,"href":"https:\/\/xstyle.md\/ro\/wp-json\/wp\/v2\/comments?post=13685"}],"wp:featuredmedia":[{"embeddable":true,"href":"https:\/\/xstyle.md\/ro\/wp-json\/wp\/v2\/media\/13684"}],"wp:attachment":[{"href":"https:\/\/xstyle.md\/ro\/wp-json\/wp\/v2\/media?parent=13685"}],"wp:term":[{"taxonomy":"product_brand","embeddable":true,"href":"https:\/\/xstyle.md\/ro\/wp-json\/wp\/v2\/product_brand?post=13685"},{"taxonomy":"product_cat","embeddable":true,"href":"https:\/\/xstyle.md\/ro\/wp-json\/wp\/v2\/product_cat?post=13685"},{"taxonomy":"product_tag","embeddable":true,"href":"https:\/\/xstyle.md\/ro\/wp-json\/wp\/v2\/product_tag?post=13685"}],"curies":[{"name":"wp","href":"https:\/\/api.w.org\/{rel}","templated":true}]}}