{"id":13677,"date":"2020-07-17T13:20:40","date_gmt":"2020-07-17T10:20:40","guid":{"rendered":"https:\/\/xstyle.md\/product\/kreplenie-dlja-velosipeda-thule-hangon-4-update-9708"},"modified":"2026-03-04T12:17:35","modified_gmt":"2026-03-04T09:17:35","slug":"kreplenie-dlja-velosipeda-thule-hangon-4-update-9708","status":"publish","type":"product","link":"https:\/\/xstyle.md\/ro\/produs\/kreplenie-dlja-velosipeda-thule-hangon-4-update-9708\/","title":{"rendered":"Suport biciclete Thule HangOn 4 Update (9708)"},"content":{"rendered":"<\/p>\n<p><strong>Suportul pentru biciclete Thule HangOn 4 Update (9708)<\/strong> este conceput pentru a transporta p\u00e2n\u0103 la patru biciclete cu o greutate simultan\u0103 de p\u00e2n\u0103 la 15 kg fiecare. Designul universal al acestui model nu necesit\u0103 ajustare preliminar\u0103, ceea ce poate simplifica \u0219i accelera semnificativ procesul de instalare \u0219i demontare.<\/p>\n<p>C\u00e2nd este pliat, suportul pentru biciclete nu ocup\u0103 mult spa\u021biu \u00een portbagaj, asigur\u00e2nd astfel confortul transportului s\u0103u \u00eentre utilizare.<\/p>\n<p>Pentru a fixa HangOn 4 pe c\u00e2rlig, \u00een set sunt incluse o cheie \u0219i un element de fixare. Pentru a preveni scoaterea neautorizat\u0103 a suportului pentru biciclete, pute\u021bi instala op\u021bional accesoriul Thule Lock 957 (achizi\u021bionat separat). Proiectarea acestui model prevede posibilitatea deschiderii f\u0103r\u0103 demontare pentru a asigura accesul liber la u\u0219a din spate (dac\u0103 exist\u0103).<\/p>\n<p>Bicicletele sunt ata\u0219ate la Thule HangOn 4 cu suporturi de rame captusite. Acest model poate fi utilizat pentru transportul bicicletelor cu o dimensiune a cadrului de la 20 la 70 mm.<\/p>\n<p>Compania creeaz\u00e3 produsele de cea mai \u00eenalt\u00e3 clas\u00e3, care este r\u00e3sp\u00eendit\u00e3 prin calitate superioar\u00e3, siguran\u021b\u00e3, simplitate prin utilizare \u015fi aspect robust. Compania suedez\u00e3 Thule produce boxe \u015fi alte accesorii pentru automobil dup\u00e3 cele mai inovative tehnologii. Toate produsele trec un control minu\u0163ios \u00een diverse condi\u021bii, pentru ca Dvs s\u00e3 fi\u0163i convin\u015fi de profesionalismul s\u00e3u.<\/p>\n<p><em>Garan\u021bia oficial\u00e3 de la produc\u00e3tor se r\u00e3sp\u00e2nde\u015fte asupra tuturor produselor Thule \u015fi este valabil\u0103 5 ani.<\/em><\/p>\n<div class=\"col-md-6\">\n<h3>Specificatii<\/h3>\n<ul>\n<li>Conexiune robust\u0103 care nu necesit\u0103 ajustare suplimentar\u0103 \u00eenainte de instalare<\/li>\n<li>Posibilitatea de \u00eenclinare pentru a accesa portbagajul (f\u0103r\u0103 biciclete)<\/li>\n<li>Bicicletele sunt fixate cu curele elastice de cauciuc Utiliza\u021bi adaptorul pentru a monta biciclete cu adaptorul personalizat Thule Bike Frame 982, cum ar fi bicicletele pentru doamne, sau alte tipuri de biciclete.<\/li>\n<li>Se pliaz\u0103 compact pentru depozitare \u0219i transport u\u0219or Suportul pentru biciclete este fixat pe bara de remorcare cu accesoriul Thule Lock 957<\/li>\n<\/ul>\n<div>\n<h3>Caracteristici<\/h3>\n<ul>\n<li>Num\u0103rul maxim de biciclete &#8212; 4<\/li>\n<li>Sarcin\u0103 util\u0103 60 kg<\/li>\n<li>Greutatea maxim\u0103 a bicicletei &#8212; 15 kg<\/li>\n<li>Dimensiuni &#8212; 47 x 64 x 90 cm<\/li>\n<li>Dimensiuni pliate &#8212; 43 x 32 x 84 cm<\/li>\n<li>Greutate &#8212; 10,3 kg<\/li>\n<li>Dimensiuni de rame compatibile &#8212; toate dimensiunile \u00eencep\u00e2nd cu bicicletele pentru copii de 20 de inci Suporturi pentru rame deta\u0219abile \u2013 nu<\/li>\n<li>Potrivit pentru rame de carbon &#8212; Da<\/li>\n<li>Fixarea ro\u021bilor pe suporturi reglabile &#8212; n \/ a<\/li>\n<li>Func\u021bia de \u00eenclinare (cu bicicletele instalate) &#8212; Da Potrivit pentru ma\u0219inile cu autobuz de rezerv\u0103 extern -nu<\/li>\n<li>Faruri spate &#8212; Da, este necesar un Thule Light Board<\/li>\n<li>Compatibil cu One Key System &#8212; nu<\/li>\n<li>Blocarea bicicletei cu o \u00eencuietoare &#8212; da, este necesar\u0103 adaptarea Thule Cable Lock<\/li>\n<li>Blocarea l\u0103c\u0103\u021bii ma\u0219inii &#8212; Da, este necesar adaptorul Thule Lock 957<\/li>\n<\/ul>\n<\/div>\n<\/div>\n<p style=\"text-align: center\">_______________________<\/p>\n<p style=\"text-align: left\"><em>C\u00e2rligul \u00eel pute\u021bi achizi\u021biona de la reprezentantul dvs sau de la partenerii no\u015ftri, care comercializeaz\u0103 \u015fi instaleaz\u0103 c\u00e2rlige mobile \u015fi statice pentru orice tip de automobil. Detalii la telefonul 069203434 sau 069740760<\/em><\/p>\n<p><\/p>","protected":false},"excerpt":{"rendered":"<p>Suport biciclete Thule HangOn 4 Update (9708)<\/p>","protected":false},"featured_media":13673,"comment_status":"open","ping_status":"closed","template":"","meta":{"_acf_changed":false,"inline_featured_image":false},"product_brand":[1269],"product_cat":[265],"product_tag":[],"class_list":{"0":"post-13677","1":"product","2":"type-product","3":"status-publish","4":"has-post-thumbnail","6":"product_brand-thule","7":"product_cat-turnbuckle","9":"first","10":"instock","11":"shipping-taxable","12":"purchasable","13":"product-type-simple"},"acf":[],"yoast_head":"<!-- This site is optimized with the Yoast SEO plugin v27.4 - https:\/\/yoast.com\/product\/yoast-seo-wordpress\/ -->\n<title>\u0412\u0435\u043b\u043e\u043a\u0440\u0435\u043f\u043b\u0435\u043d\u0438\u0435 \u043d\u0430 \u0444\u0430\u0440\u043a\u043e\u043f Thule HangOn 4 Update (9708) - \u041c\u0430\u0433\u0430\u0437\u0438\u043d Xstyle<\/title>\n<meta name=\"description\" content=\"\u041a\u0440\u0435\u043f\u043b\u0435\u043d\u0438\u0435 \u043d\u0430 \u0444\u0430\u0440\u043a\u043e\u043f Thule HangOn 4 Update (9708) \u043e\u0442\u043b\u0438\u0447\u043d\u043e \u043f\u043e\u0434\u0445\u043e\u0434\u0438\u0442 \u0434\u043b\u044f \u043f\u0435\u0440\u0435\u0432\u043e\u0437\u043a\u0438 \u0434\u043e 4 \u0432\u0435\u043b\u043e\u0441\u0438\u043f\u0435\u0434\u043e\u0432. \u041b\u0435\u0433\u043a\u043e\u0441\u0442\u044c \u0443\u0441\u0442\u0430\u043d\u043e\u0432\u043a\u0438 \u0438 \u043d\u0430\u0434\u0435\u0436\u043d\u0430\u044f \u0437\u0430\u0449\u0438\u0442\u0430.\" \/>\n<meta name=\"robots\" content=\"index, follow, max-snippet:-1, max-image-preview:large, max-video-preview:-1\" \/>\n<link rel=\"canonical\" href=\"https:\/\/xstyle.md\/ro\/produs\/kreplenie-dlja-velosipeda-thule-hangon-4-update-9708\/\" \/>\n<meta property=\"og:locale\" content=\"ro_RO\" \/>\n<meta property=\"og:type\" content=\"article\" \/>\n<meta property=\"og:title\" content=\"\u0412\u0435\u043b\u043e\u043a\u0440\u0435\u043f\u043b\u0435\u043d\u0438\u0435 \u043d\u0430 \u0444\u0430\u0440\u043a\u043e\u043f Thule HangOn 4 Update (9708) - \u041c\u0430\u0433\u0430\u0437\u0438\u043d Xstyle\" \/>\n<meta property=\"og:description\" content=\"\u041a\u0440\u0435\u043f\u043b\u0435\u043d\u0438\u0435 \u043d\u0430 \u0444\u0430\u0440\u043a\u043e\u043f Thule HangOn 4 Update (9708) \u043e\u0442\u043b\u0438\u0447\u043d\u043e \u043f\u043e\u0434\u0445\u043e\u0434\u0438\u0442 \u0434\u043b\u044f \u043f\u0435\u0440\u0435\u0432\u043e\u0437\u043a\u0438 \u0434\u043e 4 \u0432\u0435\u043b\u043e\u0441\u0438\u043f\u0435\u0434\u043e\u0432. \u041b\u0435\u0433\u043a\u043e\u0441\u0442\u044c \u0443\u0441\u0442\u0430\u043d\u043e\u0432\u043a\u0438 \u0438 \u043d\u0430\u0434\u0435\u0436\u043d\u0430\u044f \u0437\u0430\u0449\u0438\u0442\u0430.\" \/>\n<meta property=\"og:url\" content=\"https:\/\/xstyle.md\/ro\/produs\/kreplenie-dlja-velosipeda-thule-hangon-4-update-9708\/\" \/>\n<meta property=\"og:site_name\" content=\"\u041c\u0430\u0433\u0430\u0437\u0438\u043d Xstyle\" \/>\n<meta property=\"article:publisher\" content=\"https:\/\/www.facebook.com\/xstylemd\" \/>\n<meta property=\"article:modified_time\" content=\"2026-03-04T09:17:35+00:00\" \/>\n<meta property=\"og:image\" content=\"https:\/\/xstyle.md\/wp-content\/uploads\/2020\/07\/thule_hangon_4_update-10.jpg\" \/>\n\t<meta property=\"og:image:width\" content=\"536\" \/>\n\t<meta property=\"og:image:height\" content=\"595\" \/>\n\t<meta property=\"og:image:type\" content=\"image\/jpeg\" \/>\n<meta name=\"twitter:card\" content=\"summary_large_image\" \/>\n<meta name=\"twitter:label1\" content=\"Pre\u021b\" \/>\n\t<meta name=\"twitter:data1\" content=\"5.390&nbsp;MDL\" \/>\n\t<meta name=\"twitter:label2\" content=\"Disponibilitate\" \/>\n\t<meta name=\"twitter:data2\" content=\"\u00cen stoc\" \/>\n<script type=\"application\/ld+json\" class=\"yoast-schema-graph\">{\"@context\":\"https:\\\/\\\/schema.org\",\"@graph\":[{\"@type\":\"WebPage\",\"@id\":\"https:\\\/\\\/xstyle.md\\\/product\\\/kreplenie-dlja-velosipeda-thule-hangon-4-update-9708\\\/\",\"url\":\"https:\\\/\\\/xstyle.md\\\/product\\\/kreplenie-dlja-velosipeda-thule-hangon-4-update-9708\\\/\",\"name\":\"\u0412\u0435\u043b\u043e\u043a\u0440\u0435\u043f\u043b\u0435\u043d\u0438\u0435 \u043d\u0430 \u0444\u0430\u0440\u043a\u043e\u043f Thule HangOn 4 Update (9708) - \u041c\u0430\u0433\u0430\u0437\u0438\u043d Xstyle\",\"isPartOf\":{\"@id\":\"https:\\\/\\\/xstyle.md\\\/#website\"},\"primaryImageOfPage\":{\"@id\":\"https:\\\/\\\/xstyle.md\\\/product\\\/kreplenie-dlja-velosipeda-thule-hangon-4-update-9708\\\/#primaryimage\"},\"image\":{\"@id\":\"https:\\\/\\\/xstyle.md\\\/product\\\/kreplenie-dlja-velosipeda-thule-hangon-4-update-9708\\\/#primaryimage\"},\"thumbnailUrl\":\"https:\\\/\\\/xstyle.md\\\/wp-content\\\/uploads\\\/2020\\\/07\\\/thule_hangon_4_update-10.jpg\",\"datePublished\":\"2020-07-17T10:20:40+00:00\",\"dateModified\":\"2026-03-04T09:17:35+00:00\",\"description\":\"\u041a\u0440\u0435\u043f\u043b\u0435\u043d\u0438\u0435 \u043d\u0430 \u0444\u0430\u0440\u043a\u043e\u043f Thule HangOn 4 Update (9708) \u043e\u0442\u043b\u0438\u0447\u043d\u043e \u043f\u043e\u0434\u0445\u043e\u0434\u0438\u0442 \u0434\u043b\u044f \u043f\u0435\u0440\u0435\u0432\u043e\u0437\u043a\u0438 \u0434\u043e 4 \u0432\u0435\u043b\u043e\u0441\u0438\u043f\u0435\u0434\u043e\u0432. \u041b\u0435\u0433\u043a\u043e\u0441\u0442\u044c \u0443\u0441\u0442\u0430\u043d\u043e\u0432\u043a\u0438 \u0438 \u043d\u0430\u0434\u0435\u0436\u043d\u0430\u044f \u0437\u0430\u0449\u0438\u0442\u0430.\",\"breadcrumb\":{\"@id\":\"https:\\\/\\\/xstyle.md\\\/product\\\/kreplenie-dlja-velosipeda-thule-hangon-4-update-9708\\\/#breadcrumb\"},\"inLanguage\":\"ro-RO\",\"potentialAction\":[{\"@type\":\"ReadAction\",\"target\":[\"https:\\\/\\\/xstyle.md\\\/product\\\/kreplenie-dlja-velosipeda-thule-hangon-4-update-9708\\\/\"]}]},{\"@type\":\"ImageObject\",\"inLanguage\":\"ro-RO\",\"@id\":\"https:\\\/\\\/xstyle.md\\\/product\\\/kreplenie-dlja-velosipeda-thule-hangon-4-update-9708\\\/#primaryimage\",\"url\":\"https:\\\/\\\/xstyle.md\\\/wp-content\\\/uploads\\\/2020\\\/07\\\/thule_hangon_4_update-10.jpg\",\"contentUrl\":\"https:\\\/\\\/xstyle.md\\\/wp-content\\\/uploads\\\/2020\\\/07\\\/thule_hangon_4_update-10.jpg\",\"width\":536,\"height\":595},{\"@type\":\"BreadcrumbList\",\"@id\":\"https:\\\/\\\/xstyle.md\\\/product\\\/kreplenie-dlja-velosipeda-thule-hangon-4-update-9708\\\/#breadcrumb\",\"itemListElement\":[{\"@type\":\"ListItem\",\"position\":1,\"name\":\"\u0413\u043b\u0430\u0432\u043d\u0430\u044f \u0441\u0442\u0440\u0430\u043d\u0438\u0446\u0430\",\"item\":\"https:\\\/\\\/xstyle.md\\\/\"},{\"@type\":\"ListItem\",\"position\":2,\"name\":\"\u041c\u0430\u0433\u0430\u0437\u0438\u043d\",\"item\":\"https:\\\/\\\/xstyle.md\\\/shop\\\/\"},{\"@type\":\"ListItem\",\"position\":3,\"name\":\"\u0412\u0435\u043b\u043e\u043a\u0440\u0435\u043f\u043b\u0435\u043d\u0438\u0435 \u043d\u0430 \u0444\u0430\u0440\u043a\u043e\u043f Thule HangOn 4 Update (9708)\"}]},{\"@type\":\"WebSite\",\"@id\":\"https:\\\/\\\/xstyle.md\\\/#website\",\"url\":\"https:\\\/\\\/xstyle.md\\\/\",\"name\":\"\u041c\u0430\u0433\u0430\u0437\u0438\u043d Xstyle\",\"description\":\"C\u043d\u0430\u0440\u044f\u0436\u0435\u043d\u0438\u0435 \u0434\u043b\u044f \u0442\u0443\u0440\u0438\u0437\u043c\u0430 \u0438 \u044d\u043a\u0441\u0442\u0440\u0435\u043c\u0430\u043b\u044c\u043d\u044b\u0445 \u0432\u0438\u0434\u043e\u0432 \u0441\u043f\u043e\u0440\u0442\u0430 \u0432 \u041c\u043e\u043b\u0434\u043e\u0432\u0435.. \u0426\u0435\u043d\u044b, \u0444\u043e\u0442\u043e, \u0445\u0430\u0440\u0430\u043a\u0442\u0435\u0440\u0438\u0441\u0442\u0438\u043a\u0438 \u0432 \u041c\u043e\u043b\u0434\u043e\u0432\u0435.\",\"publisher\":{\"@id\":\"https:\\\/\\\/xstyle.md\\\/#organization\"},\"alternateName\":\"X-Style\",\"potentialAction\":[{\"@type\":\"SearchAction\",\"target\":{\"@type\":\"EntryPoint\",\"urlTemplate\":\"https:\\\/\\\/xstyle.md\\\/?s={search_term_string}\"},\"query-input\":{\"@type\":\"PropertyValueSpecification\",\"valueRequired\":true,\"valueName\":\"search_term_string\"}}],\"inLanguage\":\"ro-RO\"},{\"@type\":\"Organization\",\"@id\":\"https:\\\/\\\/xstyle.md\\\/#organization\",\"name\":\"\u041c\u0430\u0433\u0430\u0437\u0438\u043d Xstyle\",\"alternateName\":\"x-style\",\"url\":\"https:\\\/\\\/xstyle.md\\\/\",\"logo\":{\"@type\":\"ImageObject\",\"inLanguage\":\"ro-RO\",\"@id\":\"https:\\\/\\\/xstyle.md\\\/#\\\/schema\\\/logo\\\/image\\\/\",\"url\":\"https:\\\/\\\/xstyle.md\\\/wp-content\\\/uploads\\\/2020\\\/06\\\/logoicon.svg\",\"contentUrl\":\"https:\\\/\\\/xstyle.md\\\/wp-content\\\/uploads\\\/2020\\\/06\\\/logoicon.svg\",\"caption\":\"\u041c\u0430\u0433\u0430\u0437\u0438\u043d Xstyle\"},\"image\":{\"@id\":\"https:\\\/\\\/xstyle.md\\\/#\\\/schema\\\/logo\\\/image\\\/\"},\"sameAs\":[\"https:\\\/\\\/www.facebook.com\\\/xstylemd\",\"https:\\\/\\\/www.instagram.com\\\/xstyle_md\\\/\",\"https:\\\/\\\/t.me\\\/xstyle_outdoor\"],\"hasMerchantReturnPolicy\":{\"@type\":\"MerchantReturnPolicy\",\"merchantReturnLink\":\"https:\\\/\\\/xstyle.md\\\/ro\\\/conditions\\\/\"}}]}<\/script>\n<meta property=\"product:price:amount\" content=\"5390.00\" \/>\n<meta property=\"product:price:currency\" content=\"MDL\" \/>\n<meta property=\"og:availability\" content=\"instock\" \/>\n<meta property=\"product:availability\" content=\"instock\" \/>\n<meta property=\"product:retailer_item_id\" content=\"970805\" \/>\n<meta property=\"product:condition\" content=\"new\" \/>\n<!-- \/ Yoast SEO plugin. -->","yoast_head_json":{"title":"Suport pentru biciclete Thule HangOn 4 Update (9708) - Magazin Xstyle","description":"Sistemul de prindere pe c\u00e2rlig Thule HangOn 4 Update (9708) este excelent pentru transportul a p\u00e2n\u0103 la 4 biciclete. U\u0219urin\u021ba de instalare \u0219i protec\u021bia fiabil\u0103.","robots":{"index":"index","follow":"follow","max-snippet":"max-snippet:-1","max-image-preview":"max-image-preview:large","max-video-preview":"max-video-preview:-1"},"canonical":"https:\/\/xstyle.md\/ro\/produs\/kreplenie-dlja-velosipeda-thule-hangon-4-update-9708\/","og_locale":"ro_RO","og_type":"article","og_title":"\u0412\u0435\u043b\u043e\u043a\u0440\u0435\u043f\u043b\u0435\u043d\u0438\u0435 \u043d\u0430 \u0444\u0430\u0440\u043a\u043e\u043f Thule HangOn 4 Update (9708) - \u041c\u0430\u0433\u0430\u0437\u0438\u043d Xstyle","og_description":"\u041a\u0440\u0435\u043f\u043b\u0435\u043d\u0438\u0435 \u043d\u0430 \u0444\u0430\u0440\u043a\u043e\u043f Thule HangOn 4 Update (9708) \u043e\u0442\u043b\u0438\u0447\u043d\u043e \u043f\u043e\u0434\u0445\u043e\u0434\u0438\u0442 \u0434\u043b\u044f \u043f\u0435\u0440\u0435\u0432\u043e\u0437\u043a\u0438 \u0434\u043e 4 \u0432\u0435\u043b\u043e\u0441\u0438\u043f\u0435\u0434\u043e\u0432. \u041b\u0435\u0433\u043a\u043e\u0441\u0442\u044c \u0443\u0441\u0442\u0430\u043d\u043e\u0432\u043a\u0438 \u0438 \u043d\u0430\u0434\u0435\u0436\u043d\u0430\u044f \u0437\u0430\u0449\u0438\u0442\u0430.","og_url":"https:\/\/xstyle.md\/ro\/produs\/kreplenie-dlja-velosipeda-thule-hangon-4-update-9708\/","og_site_name":"\u041c\u0430\u0433\u0430\u0437\u0438\u043d Xstyle","article_publisher":"https:\/\/www.facebook.com\/xstylemd","article_modified_time":"2026-03-04T09:17:35+00:00","og_image":[{"width":536,"height":595,"url":"https:\/\/xstyle.md\/wp-content\/uploads\/2020\/07\/thule_hangon_4_update-10.jpg","type":"image\/jpeg"}],"twitter_card":"summary_large_image","twitter_misc":{"Pre\u021b":"5.390&nbsp;MDL","Disponibilitate":"\u00cen stoc"},"schema":{"@context":"https:\/\/schema.org","@graph":[{"@type":"WebPage","@id":"https:\/\/xstyle.md\/product\/kreplenie-dlja-velosipeda-thule-hangon-4-update-9708\/","url":"https:\/\/xstyle.md\/product\/kreplenie-dlja-velosipeda-thule-hangon-4-update-9708\/","name":"Suport pentru biciclete Thule HangOn 4 Update (9708) - Magazin Xstyle","isPartOf":{"@id":"https:\/\/xstyle.md\/#website"},"primaryImageOfPage":{"@id":"https:\/\/xstyle.md\/product\/kreplenie-dlja-velosipeda-thule-hangon-4-update-9708\/#primaryimage"},"image":{"@id":"https:\/\/xstyle.md\/product\/kreplenie-dlja-velosipeda-thule-hangon-4-update-9708\/#primaryimage"},"thumbnailUrl":"https:\/\/xstyle.md\/wp-content\/uploads\/2020\/07\/thule_hangon_4_update-10.jpg","datePublished":"2020-07-17T10:20:40+00:00","dateModified":"2026-03-04T09:17:35+00:00","description":"Sistemul de prindere pe c\u00e2rlig Thule HangOn 4 Update (9708) este excelent pentru transportul a p\u00e2n\u0103 la 4 biciclete. U\u0219urin\u021ba de instalare \u0219i protec\u021bia fiabil\u0103.","breadcrumb":{"@id":"https:\/\/xstyle.md\/product\/kreplenie-dlja-velosipeda-thule-hangon-4-update-9708\/#breadcrumb"},"inLanguage":"ro-RO","potentialAction":[{"@type":"ReadAction","target":["https:\/\/xstyle.md\/product\/kreplenie-dlja-velosipeda-thule-hangon-4-update-9708\/"]}]},{"@type":"ImageObject","inLanguage":"ro-RO","@id":"https:\/\/xstyle.md\/product\/kreplenie-dlja-velosipeda-thule-hangon-4-update-9708\/#primaryimage","url":"https:\/\/xstyle.md\/wp-content\/uploads\/2020\/07\/thule_hangon_4_update-10.jpg","contentUrl":"https:\/\/xstyle.md\/wp-content\/uploads\/2020\/07\/thule_hangon_4_update-10.jpg","width":536,"height":595},{"@type":"BreadcrumbList","@id":"https:\/\/xstyle.md\/product\/kreplenie-dlja-velosipeda-thule-hangon-4-update-9708\/#breadcrumb","itemListElement":[{"@type":"ListItem","position":1,"name":"\u0413\u043b\u0430\u0432\u043d\u0430\u044f \u0441\u0442\u0440\u0430\u043d\u0438\u0446\u0430","item":"https:\/\/xstyle.md\/"},{"@type":"ListItem","position":2,"name":"\u041c\u0430\u0433\u0430\u0437\u0438\u043d","item":"https:\/\/xstyle.md\/shop\/"},{"@type":"ListItem","position":3,"name":"\u0412\u0435\u043b\u043e\u043a\u0440\u0435\u043f\u043b\u0435\u043d\u0438\u0435 \u043d\u0430 \u0444\u0430\u0440\u043a\u043e\u043f Thule HangOn 4 Update (9708)"}]},{"@type":"WebSite","@id":"https:\/\/xstyle.md\/#website","url":"https:\/\/xstyle.md\/","name":"Magazinul X-Style","description":"Echipamente pentru turism \u0219i sporturi extreme \u00een Moldova. Pre\u021buri, fotografii, caracteristici \u00een Moldova.","publisher":{"@id":"https:\/\/xstyle.md\/#organization"},"alternateName":"X-Style","potentialAction":[{"@type":"SearchAction","target":{"@type":"EntryPoint","urlTemplate":"https:\/\/xstyle.md\/?s={search_term_string}"},"query-input":{"@type":"PropertyValueSpecification","valueRequired":true,"valueName":"search_term_string"}}],"inLanguage":"ro-RO"},{"@type":"Organization","@id":"https:\/\/xstyle.md\/#organization","name":"Magazinul X-Style","alternateName":"x-style","url":"https:\/\/xstyle.md\/","logo":{"@type":"ImageObject","inLanguage":"ro-RO","@id":"https:\/\/xstyle.md\/#\/schema\/logo\/image\/","url":"https:\/\/xstyle.md\/wp-content\/uploads\/2020\/06\/logoicon.svg","contentUrl":"https:\/\/xstyle.md\/wp-content\/uploads\/2020\/06\/logoicon.svg","caption":"\u041c\u0430\u0433\u0430\u0437\u0438\u043d Xstyle"},"image":{"@id":"https:\/\/xstyle.md\/#\/schema\/logo\/image\/"},"sameAs":["https:\/\/www.facebook.com\/xstylemd","https:\/\/www.instagram.com\/xstyle_md\/","https:\/\/t.me\/xstyle_outdoor"],"hasMerchantReturnPolicy":{"@type":"MerchantReturnPolicy","merchantReturnLink":"https:\/\/xstyle.md\/ro\/conditions\/"}}]},"product_price_amount":"5390.00","product_price_currency":"MDL","og_availability":"instock","product_availability":"instock","product_retailer_item_id":"970805","product_condition":"new"},"_links":{"self":[{"href":"https:\/\/xstyle.md\/ro\/wp-json\/wp\/v2\/product\/13677","targetHints":{"allow":["GET"]}}],"collection":[{"href":"https:\/\/xstyle.md\/ro\/wp-json\/wp\/v2\/product"}],"about":[{"href":"https:\/\/xstyle.md\/ro\/wp-json\/wp\/v2\/types\/product"}],"replies":[{"embeddable":true,"href":"https:\/\/xstyle.md\/ro\/wp-json\/wp\/v2\/comments?post=13677"}],"wp:featuredmedia":[{"embeddable":true,"href":"https:\/\/xstyle.md\/ro\/wp-json\/wp\/v2\/media\/13673"}],"wp:attachment":[{"href":"https:\/\/xstyle.md\/ro\/wp-json\/wp\/v2\/media?parent=13677"}],"wp:term":[{"taxonomy":"product_brand","embeddable":true,"href":"https:\/\/xstyle.md\/ro\/wp-json\/wp\/v2\/product_brand?post=13677"},{"taxonomy":"product_cat","embeddable":true,"href":"https:\/\/xstyle.md\/ro\/wp-json\/wp\/v2\/product_cat?post=13677"},{"taxonomy":"product_tag","embeddable":true,"href":"https:\/\/xstyle.md\/ro\/wp-json\/wp\/v2\/product_tag?post=13677"}],"curies":[{"name":"wp","href":"https:\/\/api.w.org\/{rel}","templated":true}]}}