{"id":13672,"date":"2020-07-17T13:20:22","date_gmt":"2020-07-17T10:20:22","guid":{"rendered":"https:\/\/xstyle.md\/product\/salfetki-sea-to-summit-wilderness-wipes-12-sheets"},"modified":"2025-07-03T18:21:03","modified_gmt":"2025-07-03T15:21:03","slug":"salfetki-sea-to-summit-wilderness-wipes-12-sheets","status":"publish","type":"product","link":"https:\/\/xstyle.md\/ro\/produs\/salfetki-sea-to-summit-wilderness-wipes-12-sheets\/","title":{"rendered":"\u0218erve\u021bele Sea to Summit Wilderness Wipes 12 sheets"},"content":{"rendered":"<\/p>\n<p><strong>\u0218erve\u021bele Sea to Summit Wilderness Wipes 12 sheets<\/strong> &#8212; o modalitate excelent\u0103 de a v\u0103 re\u00eemprosp\u0103ta dup\u0103 o excursie de o zi. Datorit\u0103 nivelului echilibrat al pH-ului, acestea elimin\u0103 delicat \u0219i delicat s\u0103rurile \u0219i mirosurile nepl\u0103cute cauzate de transpira\u021bie \u0219i nu irit\u0103 pielea. \u00cen plus, aceste \u0219erve\u021bele sunt u\u0219or de reciclat dup\u0103 utilizare.<\/p>\n<h3>Particularit\u0103\u021bi<\/h3>\n<ul>\n<li>Realizate din fibre de v\u00e2scoz\u0103 100%, aceste \u0219erve\u021bele u\u0219or biodegradabile sunt nu numai bune pentru mediu, ci \u0219i delicate cu pielea dumneavoastr\u0103.<\/li>\n<li>\u00cembog\u0103\u021bite cu aloe vera \u0219i vitamina E, cu pH echilibrat, f\u0103r\u0103 miros \u0219i f\u0103r\u0103 alcool, ideale pentru \u00eendep\u0103rtarea murd\u0103riei de zi cu zi de pe corp atunci c\u00e2nd alte produse \u0219i comodit\u0103\u021bi nu sunt la \u00eendem\u00e2n\u0103<\/li>\n<li>Aceste \u0219erve\u021bele compacte vin \u00eentr-o pung\u0103 resigilabil\u0103 care poate fi transportat\u0103 \u00eentr-un rucsac sau buzunar pentru acces rapid<\/li>\n<\/ul>\n<h3>Caracteristici<\/h3>\n<ul>\n<li>Material &#8212; 100% viscoz\u0103<\/li>\n<li>Cantitate pe pachet &#8212; 12<\/li>\n<li>Dimensiuni pachet &#8212; 155 x 85 x 15 mm<\/li>\n<li>Greutatea pachetului &#8212; 100 g<\/li>\n<\/ul>\n<h3>Marca<\/h3>\n<p>Sea to Summit este o marc\u0103 fondat\u0103 \u00een 1990 \u00een Australia. Ofer\u0103 echipamente unice \u0219i utile pentru turism \u0219i c\u0103l\u0103torii: huse impermeabile, prosoape din microfibr\u0103, ustensile pliabile din silicon, gen\u021bi, rucsacuri, rucsacuri, corturi, saci de dormit. Fiecare articol conceput \u00een cadrul companiei are o greutate minim\u0103 \u0219i o func\u021bionalitate maxim\u0103.<\/p>\n<p><\/p>","protected":false},"excerpt":{"rendered":"<p>\u0218erve\u021bele Sea to Summit Wilderness Wipes 12 sheets<\/p>","protected":false},"featured_media":13671,"comment_status":"open","ping_status":"closed","template":"","meta":{"_acf_changed":false,"inline_featured_image":false},"product_brand":[1281],"product_cat":[380],"product_tag":[],"class_list":{"0":"post-13672","1":"product","2":"type-product","3":"status-publish","4":"has-post-thumbnail","6":"product_brand-sea-to-summit","7":"product_cat-travel-hygiene","9":"first","10":"instock","11":"shipping-taxable","12":"purchasable","13":"product-type-simple"},"acf":[],"yoast_head":"<!-- This site is optimized with the Yoast SEO plugin v27.4 - https:\/\/yoast.com\/product\/yoast-seo-wordpress\/ -->\n<title>\u0421\u0430\u043b\u0444\u0435\u0442\u043a\u0438 Sea to Summit Wilderness Wipes 12 sheets - \u041c\u0430\u0433\u0430\u0437\u0438\u043d Xstyle<\/title>\n<meta name=\"description\" content=\"\u0421\u0430\u043b\u0444\u0435\u0442\u043a\u0438 Sea to Summit Wilderness Wipes (12 \u0448\u0442) \u0438\u0434\u0435\u0430\u043b\u044c\u043d\u043e \u043f\u043e\u0434\u0445\u043e\u0434\u044f\u0442 \u0434\u043b\u044f \u043e\u0441\u0432\u0435\u0436\u0435\u043d\u0438\u044f \u043f\u043e\u0441\u043b\u0435 \u043f\u0440\u043e\u0433\u0443\u043b\u043a\u0438. \u0411\u0430\u043b\u0430\u043d\u0441 pH \u0431\u0435\u0440\u0435\u0436\u043d\u043e \u0443\u0434\u0430\u043b\u044f\u0435\u0442 \u043f\u043e\u0442 \u0438 \u0437\u0430\u043f\u0430\u0445\u0438, \u043d\u0435 \u0440\u0430\u0437\u0434\u0440\u0430\u0436\u0430\u044f \u043a\u043e\u0436\u0443.\" \/>\n<meta name=\"robots\" content=\"index, follow, max-snippet:-1, max-image-preview:large, max-video-preview:-1\" \/>\n<link rel=\"canonical\" href=\"https:\/\/xstyle.md\/ro\/produs\/salfetki-sea-to-summit-wilderness-wipes-12-sheets\/\" \/>\n<meta property=\"og:locale\" content=\"ro_RO\" \/>\n<meta property=\"og:type\" content=\"article\" \/>\n<meta property=\"og:title\" content=\"\u0421\u0430\u043b\u0444\u0435\u0442\u043a\u0438 Sea to Summit Wilderness Wipes 12 sheets - \u041c\u0430\u0433\u0430\u0437\u0438\u043d Xstyle\" \/>\n<meta property=\"og:description\" content=\"\u0421\u0430\u043b\u0444\u0435\u0442\u043a\u0438 Sea to Summit Wilderness Wipes (12 \u0448\u0442) \u0438\u0434\u0435\u0430\u043b\u044c\u043d\u043e \u043f\u043e\u0434\u0445\u043e\u0434\u044f\u0442 \u0434\u043b\u044f \u043e\u0441\u0432\u0435\u0436\u0435\u043d\u0438\u044f \u043f\u043e\u0441\u043b\u0435 \u043f\u0440\u043e\u0433\u0443\u043b\u043a\u0438. \u0411\u0430\u043b\u0430\u043d\u0441 pH \u0431\u0435\u0440\u0435\u0436\u043d\u043e \u0443\u0434\u0430\u043b\u044f\u0435\u0442 \u043f\u043e\u0442 \u0438 \u0437\u0430\u043f\u0430\u0445\u0438, \u043d\u0435 \u0440\u0430\u0437\u0434\u0440\u0430\u0436\u0430\u044f \u043a\u043e\u0436\u0443.\" \/>\n<meta property=\"og:url\" content=\"https:\/\/xstyle.md\/ro\/produs\/salfetki-sea-to-summit-wilderness-wipes-12-sheets\/\" \/>\n<meta property=\"og:site_name\" content=\"\u041c\u0430\u0433\u0430\u0437\u0438\u043d Xstyle\" \/>\n<meta property=\"article:publisher\" content=\"https:\/\/www.facebook.com\/xstylemd\" \/>\n<meta property=\"article:modified_time\" content=\"2025-07-03T15:21:03+00:00\" \/>\n<meta property=\"og:image\" content=\"https:\/\/xstyle.md\/wp-content\/uploads\/2020\/07\/wilderness-wipes-1_1.jpg\" \/>\n\t<meta property=\"og:image:width\" content=\"620\" \/>\n\t<meta property=\"og:image:height\" content=\"946\" \/>\n\t<meta property=\"og:image:type\" content=\"image\/jpeg\" \/>\n<meta name=\"twitter:card\" content=\"summary_large_image\" \/>\n<meta name=\"twitter:label1\" content=\"Pre\u021b\" \/>\n\t<meta name=\"twitter:data1\" content=\"100&nbsp;MDL\" \/>\n\t<meta name=\"twitter:label2\" content=\"Disponibilitate\" \/>\n\t<meta name=\"twitter:data2\" content=\"\u00cen stoc\" \/>\n<script type=\"application\/ld+json\" class=\"yoast-schema-graph\">{\"@context\":\"https:\\\/\\\/schema.org\",\"@graph\":[{\"@type\":\"WebPage\",\"@id\":\"https:\\\/\\\/xstyle.md\\\/product\\\/salfetki-sea-to-summit-wilderness-wipes-12-sheets\\\/\",\"url\":\"https:\\\/\\\/xstyle.md\\\/product\\\/salfetki-sea-to-summit-wilderness-wipes-12-sheets\\\/\",\"name\":\"\u0421\u0430\u043b\u0444\u0435\u0442\u043a\u0438 Sea to Summit Wilderness Wipes 12 sheets - \u041c\u0430\u0433\u0430\u0437\u0438\u043d Xstyle\",\"isPartOf\":{\"@id\":\"https:\\\/\\\/xstyle.md\\\/#website\"},\"primaryImageOfPage\":{\"@id\":\"https:\\\/\\\/xstyle.md\\\/product\\\/salfetki-sea-to-summit-wilderness-wipes-12-sheets\\\/#primaryimage\"},\"image\":{\"@id\":\"https:\\\/\\\/xstyle.md\\\/product\\\/salfetki-sea-to-summit-wilderness-wipes-12-sheets\\\/#primaryimage\"},\"thumbnailUrl\":\"https:\\\/\\\/xstyle.md\\\/wp-content\\\/uploads\\\/2020\\\/07\\\/wilderness-wipes-1_1.jpg\",\"datePublished\":\"2020-07-17T10:20:22+00:00\",\"dateModified\":\"2025-07-03T15:21:03+00:00\",\"description\":\"\u0421\u0430\u043b\u0444\u0435\u0442\u043a\u0438 Sea to Summit Wilderness Wipes (12 \u0448\u0442) \u0438\u0434\u0435\u0430\u043b\u044c\u043d\u043e \u043f\u043e\u0434\u0445\u043e\u0434\u044f\u0442 \u0434\u043b\u044f \u043e\u0441\u0432\u0435\u0436\u0435\u043d\u0438\u044f \u043f\u043e\u0441\u043b\u0435 \u043f\u0440\u043e\u0433\u0443\u043b\u043a\u0438. \u0411\u0430\u043b\u0430\u043d\u0441 pH \u0431\u0435\u0440\u0435\u0436\u043d\u043e \u0443\u0434\u0430\u043b\u044f\u0435\u0442 \u043f\u043e\u0442 \u0438 \u0437\u0430\u043f\u0430\u0445\u0438, \u043d\u0435 \u0440\u0430\u0437\u0434\u0440\u0430\u0436\u0430\u044f \u043a\u043e\u0436\u0443.\",\"breadcrumb\":{\"@id\":\"https:\\\/\\\/xstyle.md\\\/product\\\/salfetki-sea-to-summit-wilderness-wipes-12-sheets\\\/#breadcrumb\"},\"inLanguage\":\"ro-RO\",\"potentialAction\":[{\"@type\":\"ReadAction\",\"target\":[\"https:\\\/\\\/xstyle.md\\\/product\\\/salfetki-sea-to-summit-wilderness-wipes-12-sheets\\\/\"]}]},{\"@type\":\"ImageObject\",\"inLanguage\":\"ro-RO\",\"@id\":\"https:\\\/\\\/xstyle.md\\\/product\\\/salfetki-sea-to-summit-wilderness-wipes-12-sheets\\\/#primaryimage\",\"url\":\"https:\\\/\\\/xstyle.md\\\/wp-content\\\/uploads\\\/2020\\\/07\\\/wilderness-wipes-1_1.jpg\",\"contentUrl\":\"https:\\\/\\\/xstyle.md\\\/wp-content\\\/uploads\\\/2020\\\/07\\\/wilderness-wipes-1_1.jpg\",\"width\":620,\"height\":946},{\"@type\":\"BreadcrumbList\",\"@id\":\"https:\\\/\\\/xstyle.md\\\/product\\\/salfetki-sea-to-summit-wilderness-wipes-12-sheets\\\/#breadcrumb\",\"itemListElement\":[{\"@type\":\"ListItem\",\"position\":1,\"name\":\"\u0413\u043b\u0430\u0432\u043d\u0430\u044f \u0441\u0442\u0440\u0430\u043d\u0438\u0446\u0430\",\"item\":\"https:\\\/\\\/xstyle.md\\\/\"},{\"@type\":\"ListItem\",\"position\":2,\"name\":\"\u041c\u0430\u0433\u0430\u0437\u0438\u043d\",\"item\":\"https:\\\/\\\/xstyle.md\\\/shop\\\/\"},{\"@type\":\"ListItem\",\"position\":3,\"name\":\"\u0421\u0430\u043b\u0444\u0435\u0442\u043a\u0438 Sea to Summit Wilderness Wipes 12 sheets\"}]},{\"@type\":\"WebSite\",\"@id\":\"https:\\\/\\\/xstyle.md\\\/#website\",\"url\":\"https:\\\/\\\/xstyle.md\\\/\",\"name\":\"\u041c\u0430\u0433\u0430\u0437\u0438\u043d Xstyle\",\"description\":\"C\u043d\u0430\u0440\u044f\u0436\u0435\u043d\u0438\u0435 \u0434\u043b\u044f \u0442\u0443\u0440\u0438\u0437\u043c\u0430 \u0438 \u044d\u043a\u0441\u0442\u0440\u0435\u043c\u0430\u043b\u044c\u043d\u044b\u0445 \u0432\u0438\u0434\u043e\u0432 \u0441\u043f\u043e\u0440\u0442\u0430 \u0432 \u041c\u043e\u043b\u0434\u043e\u0432\u0435.. \u0426\u0435\u043d\u044b, \u0444\u043e\u0442\u043e, \u0445\u0430\u0440\u0430\u043a\u0442\u0435\u0440\u0438\u0441\u0442\u0438\u043a\u0438 \u0432 \u041c\u043e\u043b\u0434\u043e\u0432\u0435.\",\"publisher\":{\"@id\":\"https:\\\/\\\/xstyle.md\\\/#organization\"},\"alternateName\":\"X-Style\",\"potentialAction\":[{\"@type\":\"SearchAction\",\"target\":{\"@type\":\"EntryPoint\",\"urlTemplate\":\"https:\\\/\\\/xstyle.md\\\/?s={search_term_string}\"},\"query-input\":{\"@type\":\"PropertyValueSpecification\",\"valueRequired\":true,\"valueName\":\"search_term_string\"}}],\"inLanguage\":\"ro-RO\"},{\"@type\":\"Organization\",\"@id\":\"https:\\\/\\\/xstyle.md\\\/#organization\",\"name\":\"\u041c\u0430\u0433\u0430\u0437\u0438\u043d Xstyle\",\"alternateName\":\"x-style\",\"url\":\"https:\\\/\\\/xstyle.md\\\/\",\"logo\":{\"@type\":\"ImageObject\",\"inLanguage\":\"ro-RO\",\"@id\":\"https:\\\/\\\/xstyle.md\\\/#\\\/schema\\\/logo\\\/image\\\/\",\"url\":\"https:\\\/\\\/xstyle.md\\\/wp-content\\\/uploads\\\/2020\\\/06\\\/logoicon.svg\",\"contentUrl\":\"https:\\\/\\\/xstyle.md\\\/wp-content\\\/uploads\\\/2020\\\/06\\\/logoicon.svg\",\"caption\":\"\u041c\u0430\u0433\u0430\u0437\u0438\u043d Xstyle\"},\"image\":{\"@id\":\"https:\\\/\\\/xstyle.md\\\/#\\\/schema\\\/logo\\\/image\\\/\"},\"sameAs\":[\"https:\\\/\\\/www.facebook.com\\\/xstylemd\",\"https:\\\/\\\/www.instagram.com\\\/xstyle_md\\\/\",\"https:\\\/\\\/t.me\\\/xstyle_outdoor\"],\"hasMerchantReturnPolicy\":{\"@type\":\"MerchantReturnPolicy\",\"merchantReturnLink\":\"https:\\\/\\\/xstyle.md\\\/ro\\\/conditions\\\/\"}}]}<\/script>\n<meta property=\"product:price:amount\" content=\"100.00\" \/>\n<meta property=\"product:price:currency\" content=\"MDL\" \/>\n<meta property=\"og:availability\" content=\"instock\" \/>\n<meta property=\"product:availability\" content=\"instock\" \/>\n<meta property=\"product:retailer_item_id\" content=\"9327868071654\" \/>\n<meta property=\"product:condition\" content=\"new\" \/>\n<!-- \/ Yoast SEO plugin. -->","yoast_head_json":{"title":"\u0218erve\u021bele Sea to Summit Wilderness Wipes 12 sheets - Magazin Xstyle","description":"\u0218erve\u021belele Sea to Summit Wilderness Wipes (12 buc) sunt perfecte pentru a te re\u00eemprosp\u0103ta dup\u0103 o plimbare. Echilibrul pH-ului \u00eendep\u0103rteaz\u0103 cu grij\u0103 transpira\u021bia \u0219i mirosurile, f\u0103r\u0103 a irita pielea.","robots":{"index":"index","follow":"follow","max-snippet":"max-snippet:-1","max-image-preview":"max-image-preview:large","max-video-preview":"max-video-preview:-1"},"canonical":"https:\/\/xstyle.md\/ro\/produs\/salfetki-sea-to-summit-wilderness-wipes-12-sheets\/","og_locale":"ro_RO","og_type":"article","og_title":"\u0421\u0430\u043b\u0444\u0435\u0442\u043a\u0438 Sea to Summit Wilderness Wipes 12 sheets - \u041c\u0430\u0433\u0430\u0437\u0438\u043d Xstyle","og_description":"\u0421\u0430\u043b\u0444\u0435\u0442\u043a\u0438 Sea to Summit Wilderness Wipes (12 \u0448\u0442) \u0438\u0434\u0435\u0430\u043b\u044c\u043d\u043e \u043f\u043e\u0434\u0445\u043e\u0434\u044f\u0442 \u0434\u043b\u044f \u043e\u0441\u0432\u0435\u0436\u0435\u043d\u0438\u044f \u043f\u043e\u0441\u043b\u0435 \u043f\u0440\u043e\u0433\u0443\u043b\u043a\u0438. \u0411\u0430\u043b\u0430\u043d\u0441 pH \u0431\u0435\u0440\u0435\u0436\u043d\u043e \u0443\u0434\u0430\u043b\u044f\u0435\u0442 \u043f\u043e\u0442 \u0438 \u0437\u0430\u043f\u0430\u0445\u0438, \u043d\u0435 \u0440\u0430\u0437\u0434\u0440\u0430\u0436\u0430\u044f \u043a\u043e\u0436\u0443.","og_url":"https:\/\/xstyle.md\/ro\/produs\/salfetki-sea-to-summit-wilderness-wipes-12-sheets\/","og_site_name":"\u041c\u0430\u0433\u0430\u0437\u0438\u043d Xstyle","article_publisher":"https:\/\/www.facebook.com\/xstylemd","article_modified_time":"2025-07-03T15:21:03+00:00","og_image":[{"width":620,"height":946,"url":"https:\/\/xstyle.md\/wp-content\/uploads\/2020\/07\/wilderness-wipes-1_1.jpg","type":"image\/jpeg"}],"twitter_card":"summary_large_image","twitter_misc":{"Pre\u021b":"100&nbsp;MDL","Disponibilitate":"\u00cen stoc"},"schema":{"@context":"https:\/\/schema.org","@graph":[{"@type":"WebPage","@id":"https:\/\/xstyle.md\/product\/salfetki-sea-to-summit-wilderness-wipes-12-sheets\/","url":"https:\/\/xstyle.md\/product\/salfetki-sea-to-summit-wilderness-wipes-12-sheets\/","name":"\u0218erve\u021bele Sea to Summit Wilderness Wipes 12 sheets - Magazin Xstyle","isPartOf":{"@id":"https:\/\/xstyle.md\/#website"},"primaryImageOfPage":{"@id":"https:\/\/xstyle.md\/product\/salfetki-sea-to-summit-wilderness-wipes-12-sheets\/#primaryimage"},"image":{"@id":"https:\/\/xstyle.md\/product\/salfetki-sea-to-summit-wilderness-wipes-12-sheets\/#primaryimage"},"thumbnailUrl":"https:\/\/xstyle.md\/wp-content\/uploads\/2020\/07\/wilderness-wipes-1_1.jpg","datePublished":"2020-07-17T10:20:22+00:00","dateModified":"2025-07-03T15:21:03+00:00","description":"\u0218erve\u021belele Sea to Summit Wilderness Wipes (12 buc) sunt perfecte pentru a te re\u00eemprosp\u0103ta dup\u0103 o plimbare. Echilibrul pH-ului \u00eendep\u0103rteaz\u0103 cu grij\u0103 transpira\u021bia \u0219i mirosurile, f\u0103r\u0103 a irita pielea.","breadcrumb":{"@id":"https:\/\/xstyle.md\/product\/salfetki-sea-to-summit-wilderness-wipes-12-sheets\/#breadcrumb"},"inLanguage":"ro-RO","potentialAction":[{"@type":"ReadAction","target":["https:\/\/xstyle.md\/product\/salfetki-sea-to-summit-wilderness-wipes-12-sheets\/"]}]},{"@type":"ImageObject","inLanguage":"ro-RO","@id":"https:\/\/xstyle.md\/product\/salfetki-sea-to-summit-wilderness-wipes-12-sheets\/#primaryimage","url":"https:\/\/xstyle.md\/wp-content\/uploads\/2020\/07\/wilderness-wipes-1_1.jpg","contentUrl":"https:\/\/xstyle.md\/wp-content\/uploads\/2020\/07\/wilderness-wipes-1_1.jpg","width":620,"height":946},{"@type":"BreadcrumbList","@id":"https:\/\/xstyle.md\/product\/salfetki-sea-to-summit-wilderness-wipes-12-sheets\/#breadcrumb","itemListElement":[{"@type":"ListItem","position":1,"name":"\u0413\u043b\u0430\u0432\u043d\u0430\u044f \u0441\u0442\u0440\u0430\u043d\u0438\u0446\u0430","item":"https:\/\/xstyle.md\/"},{"@type":"ListItem","position":2,"name":"\u041c\u0430\u0433\u0430\u0437\u0438\u043d","item":"https:\/\/xstyle.md\/shop\/"},{"@type":"ListItem","position":3,"name":"\u0421\u0430\u043b\u0444\u0435\u0442\u043a\u0438 Sea to Summit Wilderness Wipes 12 sheets"}]},{"@type":"WebSite","@id":"https:\/\/xstyle.md\/#website","url":"https:\/\/xstyle.md\/","name":"Magazinul X-Style","description":"Echipamente pentru turism \u0219i sporturi extreme \u00een Moldova. Pre\u021buri, fotografii, caracteristici \u00een Moldova.","publisher":{"@id":"https:\/\/xstyle.md\/#organization"},"alternateName":"X-Style","potentialAction":[{"@type":"SearchAction","target":{"@type":"EntryPoint","urlTemplate":"https:\/\/xstyle.md\/?s={search_term_string}"},"query-input":{"@type":"PropertyValueSpecification","valueRequired":true,"valueName":"search_term_string"}}],"inLanguage":"ro-RO"},{"@type":"Organization","@id":"https:\/\/xstyle.md\/#organization","name":"Magazinul X-Style","alternateName":"x-style","url":"https:\/\/xstyle.md\/","logo":{"@type":"ImageObject","inLanguage":"ro-RO","@id":"https:\/\/xstyle.md\/#\/schema\/logo\/image\/","url":"https:\/\/xstyle.md\/wp-content\/uploads\/2020\/06\/logoicon.svg","contentUrl":"https:\/\/xstyle.md\/wp-content\/uploads\/2020\/06\/logoicon.svg","caption":"\u041c\u0430\u0433\u0430\u0437\u0438\u043d Xstyle"},"image":{"@id":"https:\/\/xstyle.md\/#\/schema\/logo\/image\/"},"sameAs":["https:\/\/www.facebook.com\/xstylemd","https:\/\/www.instagram.com\/xstyle_md\/","https:\/\/t.me\/xstyle_outdoor"],"hasMerchantReturnPolicy":{"@type":"MerchantReturnPolicy","merchantReturnLink":"https:\/\/xstyle.md\/ro\/conditions\/"}}]},"product_price_amount":"100.00","product_price_currency":"MDL","og_availability":"instock","product_availability":"instock","product_retailer_item_id":"9327868071654","product_condition":"new"},"_links":{"self":[{"href":"https:\/\/xstyle.md\/ro\/wp-json\/wp\/v2\/product\/13672","targetHints":{"allow":["GET"]}}],"collection":[{"href":"https:\/\/xstyle.md\/ro\/wp-json\/wp\/v2\/product"}],"about":[{"href":"https:\/\/xstyle.md\/ro\/wp-json\/wp\/v2\/types\/product"}],"replies":[{"embeddable":true,"href":"https:\/\/xstyle.md\/ro\/wp-json\/wp\/v2\/comments?post=13672"}],"wp:featuredmedia":[{"embeddable":true,"href":"https:\/\/xstyle.md\/ro\/wp-json\/wp\/v2\/media\/13671"}],"wp:attachment":[{"href":"https:\/\/xstyle.md\/ro\/wp-json\/wp\/v2\/media?parent=13672"}],"wp:term":[{"taxonomy":"product_brand","embeddable":true,"href":"https:\/\/xstyle.md\/ro\/wp-json\/wp\/v2\/product_brand?post=13672"},{"taxonomy":"product_cat","embeddable":true,"href":"https:\/\/xstyle.md\/ro\/wp-json\/wp\/v2\/product_cat?post=13672"},{"taxonomy":"product_tag","embeddable":true,"href":"https:\/\/xstyle.md\/ro\/wp-json\/wp\/v2\/product_tag?post=13672"}],"curies":[{"name":"wp","href":"https:\/\/api.w.org\/{rel}","templated":true}]}}