{"id":13635,"date":"2020-07-17T13:18:06","date_gmt":"2020-07-17T10:18:06","guid":{"rendered":"https:\/\/xstyle.md\/product\/pit-evaja-sistema-deuter-streamer-3-l"},"modified":"2026-03-14T21:48:06","modified_gmt":"2026-03-14T18:48:06","slug":"pit-evaja-sistema-deuter-streamer-3-l","status":"publish","type":"product","link":"https:\/\/xstyle.md\/ro\/produs\/pit-evaja-sistema-deuter-streamer-3-l\/","title":{"rendered":"Sistem de hidratare Deuter Streamer 3 l"},"content":{"rendered":"<\/p>\n<p><strong>Sistem de hidratare Deuter Streamer 3 l<\/strong> &#8212; este un accesoriu foarte util \u0219i convenabil pentru bicicli\u0219ti \u0219i excursioni\u0219ti \u00eentr-un ritm dinamic. Acesta v\u0103 permite s\u0103 be\u021bi ap\u0103 \u00een orice moment f\u0103r\u0103 a fi nevoi\u021bi s\u0103 v\u0103 opri\u021bi \u0219i s\u0103 face\u021bi mi\u0219c\u0103ri inutile. Furtunul flexibil \u0219i supapa convenabil\u0103 v\u0103 permit s\u0103 face\u021bi acest lucru practic din mers.<\/p>\n<h3>Particularit\u0103\u021bi<\/h3>\n<ul>\n<li>O pelicul\u0103 special\u0103 cu o suprafa\u021b\u0103 interioar\u0103 neted\u0103, asem\u0103n\u0103toare sticlei, permite stocarea apei timp de mai multe zile f\u0103r\u0103 gust nepl\u0103cut.<\/li>\n<li>Datorit\u0103 propriet\u0103\u021bilor moleculare ale cilindrului, sistemul este foarte igienic \u0219i u\u0219or de cur\u0103\u021bat<\/li>\n<li>Partea superioar\u0103 complet extensibil\u0103 pentru o utilizare \u0219i o cur\u0103\u021bare mai u\u0219oar\u0103<\/li>\n<li>Clema glisant\u0103 convenabil\u0103 elimin\u0103 complet scurgerile. Noua gur\u0103 de b\u0103utur\u0103 elimin\u0103 scurgerile datorit\u0103 unui robinet special<\/li>\n<li>Robinetul se deschide cu o \u00eentoarcere de 90 de grade<\/li>\n<li>Supapa Helix este u\u0219or de demontat \u0219i de cur\u0103\u021bat<\/li>\n<li>Film &#8212; Vezic\u0103 f\u0103r\u0103 gust\u00ae (Taste Free\u00ae Bladder)<\/li>\n<\/ul>\n<h3>Caracteristici<\/h3>\n<ul>\n<li>Material &#8212; PE co-extrudat<\/li>\n<li>Dimensiune &#8212; 42 x 21 cm<\/li>\n<li>Volum &#8212; 3 litri<\/li>\n<li>Greutate &#8212; 185 g<\/li>\n<\/ul>\n<h3>Tehnologie<\/h3>\n<ul>\n<li><strong>Taste Free<\/strong>\u00ae<strong> Bladder: <\/strong>o pelicul\u0103 special\u0103 cu o suprafa\u021b\u0103 interioar\u0103 neted\u0103, asem\u0103n\u0103toare sticlei, permite p\u0103strarea apei timp de mai multe zile f\u0103r\u0103 gust nepl\u0103cut.<\/li>\n<\/ul>\n<h3>Marca<\/h3>\n<p>Deuter este o marc\u0103 german\u0103 de gen\u021bi de sport \u0219i gen\u021bi pentru drume\u021bii, trekking, sporturi de iarn\u0103 \u0219i alte scopuri. Istoria companiei dateaz\u0103 de mai bine de 100 de ani: fondat\u0103 de Hans Deuter \u00een 1898, la \u00eenceputul secolului XX Deuter furniza deja saci po\u0219tali pentru Po\u0219ta Regal\u0103 Bavarez\u0103, iar \u00een anii 1910 &#8212; rucsacuri, gen\u021bi, curele \u0219i corturi pentru armat\u0103.<\/p>\n<p>Fiind unul dintre cei mai importan\u021bi produc\u0103tori de rucsacuri, Deuter a cooperat \u00eentotdeauna cu alpini\u0219ti experimenta\u021bi, care \u00eemp\u0103rt\u0103\u0219esc din experien\u021ba \u0219i cuno\u0219tin\u021bele lor bogate. Deuter nu se opre\u0219te la rezultatele ob\u021binute, lucr\u00e2nd \u00een mod constant la calitate \u0219i la \u00eembun\u0103t\u0103\u021birea produselor sale. Speciali\u0219tii companiei sunt mereu \u00een c\u0103utare de noi solu\u021bii tehnice care s\u0103 v\u0103 asigure confortul \u0219i siguran\u021ba.<\/p>\n<p><\/p>","protected":false},"excerpt":{"rendered":"<p>Sistem de hidratare Deuter Streamer 3 l<\/p>","protected":false},"featured_media":13634,"comment_status":"open","ping_status":"closed","template":"","meta":{"_acf_changed":false,"inline_featured_image":false},"product_brand":[1261],"product_cat":[407],"product_tag":[],"class_list":{"0":"post-13635","1":"product","2":"type-product","3":"status-publish","4":"has-post-thumbnail","6":"product_brand-deuter","7":"product_cat-drinking-systems","9":"first","10":"outofstock","11":"shipping-taxable","12":"product-type-simple"},"acf":[],"yoast_head":"<!-- This site is optimized with the Yoast SEO plugin v27.2 - https:\/\/yoast.com\/product\/yoast-seo-wordpress\/ -->\n<title>\u041f\u0438\u0442\u044c\u0435\u0432\u0430\u044f \u0441\u0438\u0441\u0442\u0435\u043c\u0430 Deuter Streamer 3 l - \u041c\u0430\u0433\u0430\u0437\u0438\u043d Xstyle<\/title>\n<meta name=\"description\" content=\"\u041f\u0438\u0442\u044c\u0435\u0432\u0430\u044f \u0441\u0438\u0441\u0442\u0435\u043c\u0430 Deuter Streamer 3 \u043b - \u0438\u0434\u0435\u0430\u043b\u044c\u043d\u043e\u0435 \u0440\u0435\u0448\u0435\u043d\u0438\u0435 \u0434\u043b\u044f \u0430\u043a\u0442\u0438\u0432\u043d\u044b\u0445 \u043f\u0443\u0442\u0435\u0448\u0435\u0441\u0442\u0432\u0438\u0439. \u0423\u0434\u043e\u0431\u043d\u044b\u0439 \u0434\u043e\u0441\u0442\u0443\u043f \u043a \u0432\u043e\u0434\u0435 \u0438 \u0442\u0430\u043b\u0430\u043d\u0442\u043b\u0438\u0432\u044b\u0439 \u0434\u0438\u0437\u0430\u0439\u043d \u0434\u043b\u044f \u0432\u0435\u043b\u043e\u0441\u043f\u043e\u0440\u0442\u0430 \u0438 \u044d\u043a\u0441\u043a\u0443\u0440\u0441\u0438\u0439!\" \/>\n<meta name=\"robots\" content=\"index, follow, max-snippet:-1, max-image-preview:large, max-video-preview:-1\" \/>\n<link rel=\"canonical\" href=\"https:\/\/xstyle.md\/ro\/produs\/pit-evaja-sistema-deuter-streamer-3-l\/\" \/>\n<meta property=\"og:locale\" content=\"ro_RO\" \/>\n<meta property=\"og:type\" content=\"article\" \/>\n<meta property=\"og:title\" content=\"\u041f\u0438\u0442\u044c\u0435\u0432\u0430\u044f \u0441\u0438\u0441\u0442\u0435\u043c\u0430 Deuter Streamer 3 l - \u041c\u0430\u0433\u0430\u0437\u0438\u043d Xstyle\" \/>\n<meta property=\"og:description\" content=\"\u041f\u0438\u0442\u044c\u0435\u0432\u0430\u044f \u0441\u0438\u0441\u0442\u0435\u043c\u0430 Deuter Streamer 3 \u043b - \u0438\u0434\u0435\u0430\u043b\u044c\u043d\u043e\u0435 \u0440\u0435\u0448\u0435\u043d\u0438\u0435 \u0434\u043b\u044f \u0430\u043a\u0442\u0438\u0432\u043d\u044b\u0445 \u043f\u0443\u0442\u0435\u0448\u0435\u0441\u0442\u0432\u0438\u0439. \u0423\u0434\u043e\u0431\u043d\u044b\u0439 \u0434\u043e\u0441\u0442\u0443\u043f \u043a \u0432\u043e\u0434\u0435 \u0438 \u0442\u0430\u043b\u0430\u043d\u0442\u043b\u0438\u0432\u044b\u0439 \u0434\u0438\u0437\u0430\u0439\u043d \u0434\u043b\u044f \u0432\u0435\u043b\u043e\u0441\u043f\u043e\u0440\u0442\u0430 \u0438 \u044d\u043a\u0441\u043a\u0443\u0440\u0441\u0438\u0439!\" \/>\n<meta property=\"og:url\" content=\"https:\/\/xstyle.md\/ro\/produs\/pit-evaja-sistema-deuter-streamer-3-l\/\" \/>\n<meta property=\"og:site_name\" content=\"\u041c\u0430\u0433\u0430\u0437\u0438\u043d Xstyle\" \/>\n<meta property=\"article:publisher\" content=\"https:\/\/www.facebook.com\/xstylemd\" \/>\n<meta property=\"article:modified_time\" content=\"2026-03-14T18:48:06+00:00\" \/>\n<meta property=\"og:image\" content=\"https:\/\/xstyle.md\/wp-content\/uploads\/2020\/07\/deuter_transp.jpg\" \/>\n\t<meta property=\"og:image:width\" content=\"1000\" \/>\n\t<meta property=\"og:image:height\" content=\"1000\" \/>\n\t<meta property=\"og:image:type\" content=\"image\/jpeg\" \/>\n<meta name=\"twitter:card\" content=\"summary_large_image\" \/>\n<meta name=\"twitter:label1\" content=\"Pre\u021b\" \/>\n\t<meta name=\"twitter:data1\" content=\"890&nbsp;MDL\" \/>\n\t<meta name=\"twitter:label2\" content=\"Disponibilitate\" \/>\n\t<meta name=\"twitter:data2\" content=\"Stoc epuizat\" \/>\n<script type=\"application\/ld+json\" class=\"yoast-schema-graph\">{\"@context\":\"https:\/\/schema.org\",\"@graph\":[{\"@type\":\"WebPage\",\"@id\":\"https:\/\/xstyle.md\/product\/pit-evaja-sistema-deuter-streamer-3-l\/\",\"url\":\"https:\/\/xstyle.md\/product\/pit-evaja-sistema-deuter-streamer-3-l\/\",\"name\":\"\u041f\u0438\u0442\u044c\u0435\u0432\u0430\u044f \u0441\u0438\u0441\u0442\u0435\u043c\u0430 Deuter Streamer 3 l - \u041c\u0430\u0433\u0430\u0437\u0438\u043d Xstyle\",\"isPartOf\":{\"@id\":\"https:\/\/xstyle.md\/#website\"},\"primaryImageOfPage\":{\"@id\":\"https:\/\/xstyle.md\/product\/pit-evaja-sistema-deuter-streamer-3-l\/#primaryimage\"},\"image\":{\"@id\":\"https:\/\/xstyle.md\/product\/pit-evaja-sistema-deuter-streamer-3-l\/#primaryimage\"},\"thumbnailUrl\":\"https:\/\/xstyle.md\/wp-content\/uploads\/2020\/07\/deuter_transp.jpg\",\"datePublished\":\"2020-07-17T10:18:06+00:00\",\"dateModified\":\"2026-03-14T18:48:06+00:00\",\"description\":\"\u041f\u0438\u0442\u044c\u0435\u0432\u0430\u044f \u0441\u0438\u0441\u0442\u0435\u043c\u0430 Deuter Streamer 3 \u043b - \u0438\u0434\u0435\u0430\u043b\u044c\u043d\u043e\u0435 \u0440\u0435\u0448\u0435\u043d\u0438\u0435 \u0434\u043b\u044f \u0430\u043a\u0442\u0438\u0432\u043d\u044b\u0445 \u043f\u0443\u0442\u0435\u0448\u0435\u0441\u0442\u0432\u0438\u0439. \u0423\u0434\u043e\u0431\u043d\u044b\u0439 \u0434\u043e\u0441\u0442\u0443\u043f \u043a \u0432\u043e\u0434\u0435 \u0438 \u0442\u0430\u043b\u0430\u043d\u0442\u043b\u0438\u0432\u044b\u0439 \u0434\u0438\u0437\u0430\u0439\u043d \u0434\u043b\u044f \u0432\u0435\u043b\u043e\u0441\u043f\u043e\u0440\u0442\u0430 \u0438 \u044d\u043a\u0441\u043a\u0443\u0440\u0441\u0438\u0439!\",\"breadcrumb\":{\"@id\":\"https:\/\/xstyle.md\/product\/pit-evaja-sistema-deuter-streamer-3-l\/#breadcrumb\"},\"inLanguage\":\"ro-RO\",\"potentialAction\":[{\"@type\":\"ReadAction\",\"target\":[\"https:\/\/xstyle.md\/product\/pit-evaja-sistema-deuter-streamer-3-l\/\"]}]},{\"@type\":\"ImageObject\",\"inLanguage\":\"ro-RO\",\"@id\":\"https:\/\/xstyle.md\/product\/pit-evaja-sistema-deuter-streamer-3-l\/#primaryimage\",\"url\":\"https:\/\/xstyle.md\/wp-content\/uploads\/2020\/07\/deuter_transp.jpg\",\"contentUrl\":\"https:\/\/xstyle.md\/wp-content\/uploads\/2020\/07\/deuter_transp.jpg\",\"width\":1000,\"height\":1000},{\"@type\":\"BreadcrumbList\",\"@id\":\"https:\/\/xstyle.md\/product\/pit-evaja-sistema-deuter-streamer-3-l\/#breadcrumb\",\"itemListElement\":[{\"@type\":\"ListItem\",\"position\":1,\"name\":\"\u0413\u043b\u0430\u0432\u043d\u0430\u044f \u0441\u0442\u0440\u0430\u043d\u0438\u0446\u0430\",\"item\":\"https:\/\/xstyle.md\/\"},{\"@type\":\"ListItem\",\"position\":2,\"name\":\"\u041c\u0430\u0433\u0430\u0437\u0438\u043d\",\"item\":\"https:\/\/xstyle.md\/shop\/\"},{\"@type\":\"ListItem\",\"position\":3,\"name\":\"\u041f\u0438\u0442\u044c\u0435\u0432\u0430\u044f \u0441\u0438\u0441\u0442\u0435\u043c\u0430 Deuter Streamer 3 l\"}]},{\"@type\":\"WebSite\",\"@id\":\"https:\/\/xstyle.md\/#website\",\"url\":\"https:\/\/xstyle.md\/\",\"name\":\"\u041c\u0430\u0433\u0430\u0437\u0438\u043d Xstyle\",\"description\":\"C\u043d\u0430\u0440\u044f\u0436\u0435\u043d\u0438\u0435 \u0434\u043b\u044f \u0442\u0443\u0440\u0438\u0437\u043c\u0430 \u0438 \u044d\u043a\u0441\u0442\u0440\u0435\u043c\u0430\u043b\u044c\u043d\u044b\u0445 \u0432\u0438\u0434\u043e\u0432 \u0441\u043f\u043e\u0440\u0442\u0430 \u0432 \u041c\u043e\u043b\u0434\u043e\u0432\u0435.. \u0426\u0435\u043d\u044b, \u0444\u043e\u0442\u043e, \u0445\u0430\u0440\u0430\u043a\u0442\u0435\u0440\u0438\u0441\u0442\u0438\u043a\u0438 \u0432 \u041c\u043e\u043b\u0434\u043e\u0432\u0435.\",\"publisher\":{\"@id\":\"https:\/\/xstyle.md\/#organization\"},\"alternateName\":\"X-Style\",\"potentialAction\":[{\"@type\":\"SearchAction\",\"target\":{\"@type\":\"EntryPoint\",\"urlTemplate\":\"https:\/\/xstyle.md\/?s={search_term_string}\"},\"query-input\":{\"@type\":\"PropertyValueSpecification\",\"valueRequired\":true,\"valueName\":\"search_term_string\"}}],\"inLanguage\":\"ro-RO\"},{\"@type\":\"Organization\",\"@id\":\"https:\/\/xstyle.md\/#organization\",\"name\":\"\u041c\u0430\u0433\u0430\u0437\u0438\u043d Xstyle\",\"alternateName\":\"x-style\",\"url\":\"https:\/\/xstyle.md\/\",\"logo\":{\"@type\":\"ImageObject\",\"inLanguage\":\"ro-RO\",\"@id\":\"https:\/\/xstyle.md\/#\/schema\/logo\/image\/\",\"url\":\"https:\/\/xstyle.md\/wp-content\/uploads\/2020\/06\/logoicon.svg\",\"contentUrl\":\"https:\/\/xstyle.md\/wp-content\/uploads\/2020\/06\/logoicon.svg\",\"caption\":\"\u041c\u0430\u0433\u0430\u0437\u0438\u043d Xstyle\"},\"image\":{\"@id\":\"https:\/\/xstyle.md\/#\/schema\/logo\/image\/\"},\"sameAs\":[\"https:\/\/www.facebook.com\/xstylemd\",\"https:\/\/www.instagram.com\/xstyle_md\/\",\"https:\/\/t.me\/xstyle_outdoor\"],\"hasMerchantReturnPolicy\":{\"@type\":\"MerchantReturnPolicy\",\"merchantReturnLink\":\"https:\/\/xstyle.md\/ro\/conditions\/\"}}]}<\/script>\n<meta property=\"product:price:amount\" content=\"890.00\" \/>\n<meta property=\"product:price:currency\" content=\"MDL\" \/>\n<meta property=\"og:availability\" content=\"out of stock\" \/>\n<meta property=\"product:availability\" content=\"out of stock\" \/>\n<meta property=\"product:retailer_item_id\" content=\"4046051021348\" \/>\n<meta property=\"product:condition\" content=\"new\" \/>\n<!-- \/ Yoast SEO plugin. -->","yoast_head_json":{"title":"Sistem de hidratare Deuter Streamer 3 l - Magazin Xstyle","description":"Sistemul de ap\u0103 Deuter Streamer 3 l - solu\u021bia ideal\u0103 pentru c\u0103l\u0103torii active. Acces convenabil la ap\u0103 \u0219i design ingenios pentru ciclism \u0219i excursii!","robots":{"index":"index","follow":"follow","max-snippet":"max-snippet:-1","max-image-preview":"max-image-preview:large","max-video-preview":"max-video-preview:-1"},"canonical":"https:\/\/xstyle.md\/ro\/produs\/pit-evaja-sistema-deuter-streamer-3-l\/","og_locale":"ro_RO","og_type":"article","og_title":"\u041f\u0438\u0442\u044c\u0435\u0432\u0430\u044f \u0441\u0438\u0441\u0442\u0435\u043c\u0430 Deuter Streamer 3 l - \u041c\u0430\u0433\u0430\u0437\u0438\u043d Xstyle","og_description":"\u041f\u0438\u0442\u044c\u0435\u0432\u0430\u044f \u0441\u0438\u0441\u0442\u0435\u043c\u0430 Deuter Streamer 3 \u043b - \u0438\u0434\u0435\u0430\u043b\u044c\u043d\u043e\u0435 \u0440\u0435\u0448\u0435\u043d\u0438\u0435 \u0434\u043b\u044f \u0430\u043a\u0442\u0438\u0432\u043d\u044b\u0445 \u043f\u0443\u0442\u0435\u0448\u0435\u0441\u0442\u0432\u0438\u0439. \u0423\u0434\u043e\u0431\u043d\u044b\u0439 \u0434\u043e\u0441\u0442\u0443\u043f \u043a \u0432\u043e\u0434\u0435 \u0438 \u0442\u0430\u043b\u0430\u043d\u0442\u043b\u0438\u0432\u044b\u0439 \u0434\u0438\u0437\u0430\u0439\u043d \u0434\u043b\u044f \u0432\u0435\u043b\u043e\u0441\u043f\u043e\u0440\u0442\u0430 \u0438 \u044d\u043a\u0441\u043a\u0443\u0440\u0441\u0438\u0439!","og_url":"https:\/\/xstyle.md\/ro\/produs\/pit-evaja-sistema-deuter-streamer-3-l\/","og_site_name":"\u041c\u0430\u0433\u0430\u0437\u0438\u043d Xstyle","article_publisher":"https:\/\/www.facebook.com\/xstylemd","article_modified_time":"2026-03-14T18:48:06+00:00","og_image":[{"width":1000,"height":1000,"url":"https:\/\/xstyle.md\/wp-content\/uploads\/2020\/07\/deuter_transp.jpg","type":"image\/jpeg"}],"twitter_card":"summary_large_image","twitter_misc":{"Pre\u021b":"890&nbsp;MDL","Disponibilitate":"Stoc epuizat"},"schema":{"@context":"https:\/\/schema.org","@graph":[{"@type":"WebPage","@id":"https:\/\/xstyle.md\/product\/pit-evaja-sistema-deuter-streamer-3-l\/","url":"https:\/\/xstyle.md\/product\/pit-evaja-sistema-deuter-streamer-3-l\/","name":"Sistem de hidratare Deuter Streamer 3 l - Magazin Xstyle","isPartOf":{"@id":"https:\/\/xstyle.md\/#website"},"primaryImageOfPage":{"@id":"https:\/\/xstyle.md\/product\/pit-evaja-sistema-deuter-streamer-3-l\/#primaryimage"},"image":{"@id":"https:\/\/xstyle.md\/product\/pit-evaja-sistema-deuter-streamer-3-l\/#primaryimage"},"thumbnailUrl":"https:\/\/xstyle.md\/wp-content\/uploads\/2020\/07\/deuter_transp.jpg","datePublished":"2020-07-17T10:18:06+00:00","dateModified":"2026-03-14T18:48:06+00:00","description":"Sistemul de ap\u0103 Deuter Streamer 3 l - solu\u021bia ideal\u0103 pentru c\u0103l\u0103torii active. Acces convenabil la ap\u0103 \u0219i design ingenios pentru ciclism \u0219i excursii!","breadcrumb":{"@id":"https:\/\/xstyle.md\/product\/pit-evaja-sistema-deuter-streamer-3-l\/#breadcrumb"},"inLanguage":"ro-RO","potentialAction":[{"@type":"ReadAction","target":["https:\/\/xstyle.md\/product\/pit-evaja-sistema-deuter-streamer-3-l\/"]}]},{"@type":"ImageObject","inLanguage":"ro-RO","@id":"https:\/\/xstyle.md\/product\/pit-evaja-sistema-deuter-streamer-3-l\/#primaryimage","url":"https:\/\/xstyle.md\/wp-content\/uploads\/2020\/07\/deuter_transp.jpg","contentUrl":"https:\/\/xstyle.md\/wp-content\/uploads\/2020\/07\/deuter_transp.jpg","width":1000,"height":1000},{"@type":"BreadcrumbList","@id":"https:\/\/xstyle.md\/product\/pit-evaja-sistema-deuter-streamer-3-l\/#breadcrumb","itemListElement":[{"@type":"ListItem","position":1,"name":"\u0413\u043b\u0430\u0432\u043d\u0430\u044f \u0441\u0442\u0440\u0430\u043d\u0438\u0446\u0430","item":"https:\/\/xstyle.md\/"},{"@type":"ListItem","position":2,"name":"\u041c\u0430\u0433\u0430\u0437\u0438\u043d","item":"https:\/\/xstyle.md\/shop\/"},{"@type":"ListItem","position":3,"name":"\u041f\u0438\u0442\u044c\u0435\u0432\u0430\u044f \u0441\u0438\u0441\u0442\u0435\u043c\u0430 Deuter Streamer 3 l"}]},{"@type":"WebSite","@id":"https:\/\/xstyle.md\/#website","url":"https:\/\/xstyle.md\/","name":"Magazinul X-Style","description":"Echipamente pentru turism \u0219i sporturi extreme \u00een Moldova. Pre\u021buri, fotografii, caracteristici \u00een Moldova.","publisher":{"@id":"https:\/\/xstyle.md\/#organization"},"alternateName":"X-Style","potentialAction":[{"@type":"SearchAction","target":{"@type":"EntryPoint","urlTemplate":"https:\/\/xstyle.md\/?s={search_term_string}"},"query-input":{"@type":"PropertyValueSpecification","valueRequired":true,"valueName":"search_term_string"}}],"inLanguage":"ro-RO"},{"@type":"Organization","@id":"https:\/\/xstyle.md\/#organization","name":"Magazinul X-Style","alternateName":"x-style","url":"https:\/\/xstyle.md\/","logo":{"@type":"ImageObject","inLanguage":"ro-RO","@id":"https:\/\/xstyle.md\/#\/schema\/logo\/image\/","url":"https:\/\/xstyle.md\/wp-content\/uploads\/2020\/06\/logoicon.svg","contentUrl":"https:\/\/xstyle.md\/wp-content\/uploads\/2020\/06\/logoicon.svg","caption":"\u041c\u0430\u0433\u0430\u0437\u0438\u043d Xstyle"},"image":{"@id":"https:\/\/xstyle.md\/#\/schema\/logo\/image\/"},"sameAs":["https:\/\/www.facebook.com\/xstylemd","https:\/\/www.instagram.com\/xstyle_md\/","https:\/\/t.me\/xstyle_outdoor"],"hasMerchantReturnPolicy":{"@type":"MerchantReturnPolicy","merchantReturnLink":"https:\/\/xstyle.md\/ro\/conditions\/"}}]},"product_price_amount":"890.00","product_price_currency":"MDL","og_availability":"out of stock","product_availability":"out of stock","product_retailer_item_id":"4046051021348","product_condition":"new"},"post_mailing_queue_ids":[],"_links":{"self":[{"href":"https:\/\/xstyle.md\/ro\/wp-json\/wp\/v2\/product\/13635","targetHints":{"allow":["GET"]}}],"collection":[{"href":"https:\/\/xstyle.md\/ro\/wp-json\/wp\/v2\/product"}],"about":[{"href":"https:\/\/xstyle.md\/ro\/wp-json\/wp\/v2\/types\/product"}],"replies":[{"embeddable":true,"href":"https:\/\/xstyle.md\/ro\/wp-json\/wp\/v2\/comments?post=13635"}],"wp:featuredmedia":[{"embeddable":true,"href":"https:\/\/xstyle.md\/ro\/wp-json\/wp\/v2\/media\/13634"}],"wp:attachment":[{"href":"https:\/\/xstyle.md\/ro\/wp-json\/wp\/v2\/media?parent=13635"}],"wp:term":[{"taxonomy":"product_brand","embeddable":true,"href":"https:\/\/xstyle.md\/ro\/wp-json\/wp\/v2\/product_brand?post=13635"},{"taxonomy":"product_cat","embeddable":true,"href":"https:\/\/xstyle.md\/ro\/wp-json\/wp\/v2\/product_cat?post=13635"},{"taxonomy":"product_tag","embeddable":true,"href":"https:\/\/xstyle.md\/ro\/wp-json\/wp\/v2\/product_tag?post=13635"}],"curies":[{"name":"wp","href":"https:\/\/api.w.org\/{rel}","templated":true}]}}