{"id":13525,"date":"2020-07-17T13:11:58","date_gmt":"2020-07-17T10:11:58","guid":{"rendered":"https:\/\/xstyle.md\/product\/fonar-nalobnyj-petzl-actik-2"},"modified":"2024-10-02T21:45:33","modified_gmt":"2024-10-02T18:45:33","slug":"fonar-nalobnyj-petzl-actik-2","status":"publish","type":"product","link":"https:\/\/xstyle.md\/ro\/produs\/fonar-nalobnyj-petzl-actik-2\/","title":{"rendered":"Lantern\u0103 frontal\u0103 Petzl ACTIK Green"},"content":{"rendered":"<\/p>\n<p>Lantern\u0103 compact\u0103 <strong>Petzl Actik Green<\/strong> &#8212; aceast\u0103 lantern\u0103 prezinta monobloc, adic\u0103 compartimentul pentru baterii \u0219i LED-urile sunt amplasate pe o singur\u0103 baz\u0103, ceea ce asigur\u0103 greutatea redus\u0103 \u0219i compactitatea produsului. Tehnologia hibrid\u0103 permite, de asemenea, utilizarea bateriilor AAA. Lanterna accept\u0103 mai multe moduri de iluminare: 5 moduri principale \u0219i un mod de a\u0219teptare, care pot fi comutate rapid cu ajutorul unui singur buton. LED-urile ofer\u0103 o lumin\u0103 alb\u0103 neutr\u0103, mai apropiat\u0103 de lumina rece, cu o luminozitate de la 2 la 350 de lumeni.<\/p>\n<p>Filtrele de lumin\u0103 ro\u0219ie asigur\u0103 o iluminare prietenoas\u0103 pentru ochi p\u00e2n\u0103 la o distan\u021b\u0103 de 7 metri. Pentru deplasarea activ\u0103, este activat un mod de iluminare de 100 lumeni pentru a ilumina p\u00e2n\u0103 la 45 de metri. Lumina ro\u0219ie intermitent\u0103 este conceput\u0103 pentru a da un semnal de urgen\u021b\u0103: vizibil\u0103 la o distan\u021b\u0103 de 700 de metri timp de 14 zile. \u00cen modul de a\u0219teptare (6 lumeni timp de 30 de minute), dispozitivul func\u021bioneaz\u0103 cu o \u00eenc\u0103rcare foarte redus\u0103 a bateriei.<\/p>\n<p>Carcasa rezistent\u0103 la ap\u0103 din plastic rezistent la impact are protec\u021bie IP X4 \u0219i este echipat\u0103 cu o vizier\u0103 mic\u0103 pentru a proteja lentilele de impactul mecanic. Cureaua este realizat\u0103 din material elastic, poate fi ajustat\u0103 la dimensiunea individual\u0103 a capului, a c\u0103\u0219tii \u0219i este fixat\u0103 \u00een siguran\u021b\u0103 chiar \u0219i \u00een timpul mi\u0219c\u0103rilor active. Catarama din plastic are un fluier integrat. Numele modelului \u0219i logo-ul sunt imprimate pe curea cu vopsea reflectorizant\u0103, ceea ce faciliteaz\u0103 identificarea unei lanterne oprite \u00een \u00eentuneric. Dac\u0103 este necesar, cureaua poate fi deta\u0219at\u0103 de corp \u0219i sp\u0103lat\u0103.<\/p>\n<h3>Particularit\u0103\u021bi<\/h3>\n<ul>\n<li>Compact\u0103, u\u0219oar\u0103 \u0219i luminoas\u0103: p\u00e2n\u0103 la 350 de lumeni \u0219i doar 75 g.<\/li>\n<li>Dou\u0103 tipuri de difuzie (tip fascicul larg sau mixt) \u0219i mai multe moduri de luminozitate asigur\u0103 o iluminare eficient\u0103 pentru activit\u0103\u021bi dinamice \u00een aer liber, lanterna poate fi utilizat\u0103 pentru iluminarea de aproape \u0219i de la distan\u021b\u0103, precum \u0219i pentru deplas\u0103ri rapide.<\/li>\n<li>Re\u00eenc\u0103rcabil\u0103 \u0219i u\u0219or de utilizat.<\/li>\n<li>Bateria CORE se \u00eencarc\u0103 prin Micro USB.<\/li>\n<li>Un singur buton pentru schimbarea u\u0219oar\u0103 \u0219i rapid\u0103 a luminozit\u0103\u021bii \u0219i a culorii luminii.<\/li>\n<li>CONCEPT HIBRID: lanterna este compatibil\u0103 cu bateriile standard (incluse) \u0219i CORE \u0219i cu bateriile re\u00eenc\u0103rcabile (disponibile separat).<\/li>\n<li>Elemente reflectorizante pe cureaua pentru cap pentru ca utilizatorul s\u0103 fie clar vizibil \u00een \u00eentuneric.<\/li>\n<li>Curea de cap deta\u0219abil\u0103 care poate fi sp\u0103lat\u0103 sau \u00eenlocuit\u0103 cu una nou\u0103.<\/li>\n<li>Func\u021bie de blocare pentru a ajuta la prevenirea pornirii accidentale a lanternei \u00een timpul transportului \u0219i depozit\u0103rii.<\/li>\n<li>Compatibil\u0103 cu accesorii care permit montarea lanternei pe orice casc\u0103 sau pe biciclet\u0103.<\/li>\n<\/ul>\n<h3>Modul de func\u021bionare<\/h3>\n<ul>\n<li>Lumina de \u00eent\u00e2lnire pentru lucrul de aproape.<\/li>\n<li>Lumin\u0103 lung\u0103 pentru c\u0103l\u0103torii.<\/li>\n<li>Iluminare ro\u0219ie pentru a men\u021bine capacitatea de vedere pe timp de noapte \u0219i pentru o iluminare discret\u0103.<\/li>\n<\/ul>\n<h3>Caracteristici<\/h3>\n<ul>\n<li>Alimentare: trei baterii AAA\/LR03 (incluse) sau bateria re\u00eenc\u0103rcabil\u0103 CORE (v\u00e2ndut\u0103 separat)<\/li>\n<li>Rezistent la ap\u0103: IPX4<\/li>\n<li>Compatibil: baterii alcaline, litiu sau Ni-MH<\/li>\n<li>Certificare: CE<\/li>\n<li>Tip de fascicul: larg sau mixt<\/li>\n<li>Timp de \u00eenc\u0103rcare: 3h<\/li>\n<li>Greutate: 75g.<\/li>\n<\/ul>\n<p><em>Garan\u021bia oficial\u0103 a produc\u0103torului Petzl este de 5 ani.<\/em><\/p>\n<h3>Marca<\/h3>\n<p>PETZL este un brand de renume mondial care produce echipamente specializate pentru alpinism, speologie, escalad\u0103 \u0219i alpinism industrial. Compania a fost fondat\u0103 de Fernand Petzel, un om pasionat de speologie de o via\u021b\u0103 \u00eentreag\u0103. La mijlocul anilor 1970, pasiunea sa \u0219i afacerea de familie au crescut \u00een ceva mai mult. Fernand a \u00eenceput s\u0103 modifice dispozitivele existente folosite \u00een speologie \u0219i apoi s\u0103 inventeze unele complet noi.<\/p>\n<p>Gama de produse a companiei s-a extins pentru a include iluminatul, deoarece \u00een \u00eentunericul pe\u0219terilor acesta este unul dintre cele mai importante echipamente necesare. Dup\u0103 speologie, PETZL a dezvoltat echipamente pentru alpini\u0219ti, iar mai t\u00e2rziu pentru lucrul la \u00een\u0103l\u021bime.<\/p>\n<p>Misiunea PETZL este de a crea instrumente inovatoare care s\u0103 le permit\u0103 b\u0103rba\u021bilor \u0219i femeilor s\u0103 ating\u0103 noi \u00een\u0103l\u021bimi pe vertical\u0103 \u0219i s\u0103 lumineze calea \u00een \u00eentuneric. Compania se afl\u0103 \u00eentr-o c\u0103utare nesf\u00e2r\u0219it\u0103 a celei mai bune solu\u021bii \u00een toate domeniile de activitate. Performan\u021ba, ergonomia, confortul \u0219i, cel mai important, siguran\u021ba sunt cele mai importante criterii \u00een aceast\u0103 c\u0103utare. Accesul la ceea ce este inaccesibil sau &#171;atingerea a ceea ce este de neatins&#187; este motto-ul s\u0103u de lung\u0103 durat\u0103.<\/p>\n<p><\/p>\n<p><img decoding=\"async\" class=\"alignnone\" style=\"width: 100%;\" src=\"https:\/\/xstyle.md\/wp-content\/uploads\/2021\/01\/petzl_actik.jpg\" alt=\"\" \/><\/p>\n<p>&nbsp;<\/p>","protected":false},"excerpt":{"rendered":"<p>Lantern\u0103 frontal\u0103 Petzl ACTIK Green<\/p>","protected":false},"featured_media":69744,"comment_status":"open","ping_status":"closed","template":"","meta":{"_acf_changed":false,"inline_featured_image":false},"product_brand":[1270],"product_cat":[91],"product_tag":[],"class_list":{"0":"post-13525","1":"product","2":"type-product","3":"status-publish","4":"has-post-thumbnail","6":"product_brand-petzl","7":"product_cat-headlamps","9":"first","10":"instock","11":"featured","12":"shipping-taxable","13":"purchasable","14":"product-type-simple"},"acf":[],"yoast_head":"<!-- This site is optimized with the Yoast SEO plugin v27.2 - https:\/\/yoast.com\/product\/yoast-seo-wordpress\/ -->\n<title>\u0424\u043e\u043d\u0430\u0440\u044c \u043d\u0430\u043b\u043e\u0431\u043d\u044b\u0439 Petzl Actik Green - \u041c\u0430\u0433\u0430\u0437\u0438\u043d Xstyle<\/title>\n<meta name=\"description\" content=\"\u0424\u043e\u043d\u0430\u0440\u044c \u043d\u0430\u043b\u043e\u0431\u043d\u044b\u0439 Petzl Actik Green - \u043a\u043e\u043c\u043f\u0430\u043a\u0442\u043d\u044b\u0439 \u0438 \u043c\u043e\u0449\u043d\u044b\u0439, \u0441 IPX4, 350 \u043b\u043c. \u0418\u0434\u0435\u0430\u043b\u0435\u043d \u0434\u043b\u044f \u0430\u043a\u0442\u0438\u0432\u043d\u043e\u0433\u043e \u043e\u0442\u0434\u044b\u0445\u0430. \u041d\u0430\u0441\u0442\u0440\u043e\u0439\u0442\u0435 \u043e\u0441\u0432\u0435\u0449\u0435\u043d\u0438\u0435 \u043f\u043e\u0434 \u0441\u0432\u043e\u0438 \u043d\u0443\u0436\u0434\u044b!\" \/>\n<meta name=\"robots\" content=\"index, follow, max-snippet:-1, max-image-preview:large, max-video-preview:-1\" \/>\n<link rel=\"canonical\" href=\"https:\/\/xstyle.md\/ro\/produs\/fonar-nalobnyj-petzl-actik-2\/\" \/>\n<meta property=\"og:locale\" content=\"ro_RO\" \/>\n<meta property=\"og:type\" content=\"article\" \/>\n<meta property=\"og:title\" content=\"\u0424\u043e\u043d\u0430\u0440\u044c \u043d\u0430\u043b\u043e\u0431\u043d\u044b\u0439 Petzl Actik Green - \u041c\u0430\u0433\u0430\u0437\u0438\u043d Xstyle\" \/>\n<meta property=\"og:description\" content=\"\u0424\u043e\u043d\u0430\u0440\u044c \u043d\u0430\u043b\u043e\u0431\u043d\u044b\u0439 Petzl Actik Green - \u043a\u043e\u043c\u043f\u0430\u043a\u0442\u043d\u044b\u0439 \u0438 \u043c\u043e\u0449\u043d\u044b\u0439, \u0441 IPX4, 350 \u043b\u043c. \u0418\u0434\u0435\u0430\u043b\u0435\u043d \u0434\u043b\u044f \u0430\u043a\u0442\u0438\u0432\u043d\u043e\u0433\u043e \u043e\u0442\u0434\u044b\u0445\u0430. \u041d\u0430\u0441\u0442\u0440\u043e\u0439\u0442\u0435 \u043e\u0441\u0432\u0435\u0449\u0435\u043d\u0438\u0435 \u043f\u043e\u0434 \u0441\u0432\u043e\u0438 \u043d\u0443\u0436\u0434\u044b!\" \/>\n<meta property=\"og:url\" content=\"https:\/\/xstyle.md\/ro\/produs\/fonar-nalobnyj-petzl-actik-2\/\" \/>\n<meta property=\"og:site_name\" content=\"\u041c\u0430\u0433\u0430\u0437\u0438\u043d Xstyle\" \/>\n<meta property=\"article:publisher\" content=\"https:\/\/www.facebook.com\/xstylemd\" \/>\n<meta property=\"article:modified_time\" content=\"2024-10-02T18:45:33+00:00\" \/>\n<meta property=\"og:image\" content=\"https:\/\/xstyle.md\/wp-content\/uploads\/2020\/07\/petzl-actik-green-0.jpg\" \/>\n\t<meta property=\"og:image:width\" content=\"1090\" \/>\n\t<meta property=\"og:image:height\" content=\"1045\" \/>\n\t<meta property=\"og:image:type\" content=\"image\/jpeg\" \/>\n<meta name=\"twitter:card\" content=\"summary_large_image\" \/>\n<meta name=\"twitter:label1\" content=\"Pre\u021b\" \/>\n\t<meta name=\"twitter:data1\" content=\"1.050&nbsp;MDL\" \/>\n\t<meta name=\"twitter:label2\" content=\"Disponibilitate\" \/>\n\t<meta name=\"twitter:data2\" content=\"\u00cen stoc\" \/>\n<script type=\"application\/ld+json\" class=\"yoast-schema-graph\">{\"@context\":\"https:\/\/schema.org\",\"@graph\":[{\"@type\":\"WebPage\",\"@id\":\"https:\/\/xstyle.md\/product\/fonar-nalobnyj-petzl-actik-2\/\",\"url\":\"https:\/\/xstyle.md\/product\/fonar-nalobnyj-petzl-actik-2\/\",\"name\":\"\u0424\u043e\u043d\u0430\u0440\u044c \u043d\u0430\u043b\u043e\u0431\u043d\u044b\u0439 Petzl Actik Green - \u041c\u0430\u0433\u0430\u0437\u0438\u043d Xstyle\",\"isPartOf\":{\"@id\":\"https:\/\/xstyle.md\/#website\"},\"primaryImageOfPage\":{\"@id\":\"https:\/\/xstyle.md\/product\/fonar-nalobnyj-petzl-actik-2\/#primaryimage\"},\"image\":{\"@id\":\"https:\/\/xstyle.md\/product\/fonar-nalobnyj-petzl-actik-2\/#primaryimage\"},\"thumbnailUrl\":\"https:\/\/xstyle.md\/wp-content\/uploads\/2020\/07\/petzl-actik-green-0.jpg\",\"datePublished\":\"2020-07-17T10:11:58+00:00\",\"dateModified\":\"2024-10-02T18:45:33+00:00\",\"description\":\"\u0424\u043e\u043d\u0430\u0440\u044c \u043d\u0430\u043b\u043e\u0431\u043d\u044b\u0439 Petzl Actik Green - \u043a\u043e\u043c\u043f\u0430\u043a\u0442\u043d\u044b\u0439 \u0438 \u043c\u043e\u0449\u043d\u044b\u0439, \u0441 IPX4, 350 \u043b\u043c. \u0418\u0434\u0435\u0430\u043b\u0435\u043d \u0434\u043b\u044f \u0430\u043a\u0442\u0438\u0432\u043d\u043e\u0433\u043e \u043e\u0442\u0434\u044b\u0445\u0430. \u041d\u0430\u0441\u0442\u0440\u043e\u0439\u0442\u0435 \u043e\u0441\u0432\u0435\u0449\u0435\u043d\u0438\u0435 \u043f\u043e\u0434 \u0441\u0432\u043e\u0438 \u043d\u0443\u0436\u0434\u044b!\",\"breadcrumb\":{\"@id\":\"https:\/\/xstyle.md\/product\/fonar-nalobnyj-petzl-actik-2\/#breadcrumb\"},\"inLanguage\":\"ro-RO\",\"potentialAction\":[{\"@type\":\"ReadAction\",\"target\":[\"https:\/\/xstyle.md\/product\/fonar-nalobnyj-petzl-actik-2\/\"]}]},{\"@type\":\"ImageObject\",\"inLanguage\":\"ro-RO\",\"@id\":\"https:\/\/xstyle.md\/product\/fonar-nalobnyj-petzl-actik-2\/#primaryimage\",\"url\":\"https:\/\/xstyle.md\/wp-content\/uploads\/2020\/07\/petzl-actik-green-0.jpg\",\"contentUrl\":\"https:\/\/xstyle.md\/wp-content\/uploads\/2020\/07\/petzl-actik-green-0.jpg\",\"width\":1090,\"height\":1045,\"caption\":\"\u0424\u043e\u043d\u0430\u0440 \u043d\u0430\u043b\u043e\u0431\u043d\u044b\u0439 Petzl Actik Green \u0434\u043b\u044f \u0430\u043a\u0442\u0438\u0432\u043d\u043e\u0433\u043e \u043e\u0431\u0440\u0430\u0437\u0430 \u0436\u0438\u0437\u043d\u0438, \u043f\u043e\u0445\u043e\u0434\u043e\u0432, \u0430\u043b\u044c\u043f\u0438\u043d\u0438\u0437\u043c\u0430 \u0438 \u043f\u0443\u0442\u0435\u0448\u0435\u0441\u0442\u0432\u0438\u0439, \u043e\u0441\u0432\u0435\u0449\u0435\u043d\u0438\u0435 \u0434\u043b\u044f \u0442\u0443\u0440\u0438\u0441\u0442\u0438\u0447\u0435\u0441\u043a\u043e\u0439 \u044d\u043a\u0438\u043f\u0438\u0440\u043e\u0432\u043a\u0438 \u0438 \u0441\u043f\u043e\u0440\u0442\u0438\u0432\u043d\u043e\u0439 \u043e\u0434\u0435\u0436\u0434\u044b\"},{\"@type\":\"BreadcrumbList\",\"@id\":\"https:\/\/xstyle.md\/product\/fonar-nalobnyj-petzl-actik-2\/#breadcrumb\",\"itemListElement\":[{\"@type\":\"ListItem\",\"position\":1,\"name\":\"\u0413\u043b\u0430\u0432\u043d\u0430\u044f \u0441\u0442\u0440\u0430\u043d\u0438\u0446\u0430\",\"item\":\"https:\/\/xstyle.md\/\"},{\"@type\":\"ListItem\",\"position\":2,\"name\":\"\u041c\u0430\u0433\u0430\u0437\u0438\u043d\",\"item\":\"https:\/\/xstyle.md\/shop\/\"},{\"@type\":\"ListItem\",\"position\":3,\"name\":\"\u0424\u043e\u043d\u0430\u0440\u044c \u043d\u0430\u043b\u043e\u0431\u043d\u044b\u0439 Petzl Actik Green\"}]},{\"@type\":\"WebSite\",\"@id\":\"https:\/\/xstyle.md\/#website\",\"url\":\"https:\/\/xstyle.md\/\",\"name\":\"\u041c\u0430\u0433\u0430\u0437\u0438\u043d Xstyle\",\"description\":\"C\u043d\u0430\u0440\u044f\u0436\u0435\u043d\u0438\u0435 \u0434\u043b\u044f \u0442\u0443\u0440\u0438\u0437\u043c\u0430 \u0438 \u044d\u043a\u0441\u0442\u0440\u0435\u043c\u0430\u043b\u044c\u043d\u044b\u0445 \u0432\u0438\u0434\u043e\u0432 \u0441\u043f\u043e\u0440\u0442\u0430 \u0432 \u041c\u043e\u043b\u0434\u043e\u0432\u0435.. \u0426\u0435\u043d\u044b, \u0444\u043e\u0442\u043e, \u0445\u0430\u0440\u0430\u043a\u0442\u0435\u0440\u0438\u0441\u0442\u0438\u043a\u0438 \u0432 \u041c\u043e\u043b\u0434\u043e\u0432\u0435.\",\"publisher\":{\"@id\":\"https:\/\/xstyle.md\/#organization\"},\"alternateName\":\"X-Style\",\"potentialAction\":[{\"@type\":\"SearchAction\",\"target\":{\"@type\":\"EntryPoint\",\"urlTemplate\":\"https:\/\/xstyle.md\/?s={search_term_string}\"},\"query-input\":{\"@type\":\"PropertyValueSpecification\",\"valueRequired\":true,\"valueName\":\"search_term_string\"}}],\"inLanguage\":\"ro-RO\"},{\"@type\":\"Organization\",\"@id\":\"https:\/\/xstyle.md\/#organization\",\"name\":\"\u041c\u0430\u0433\u0430\u0437\u0438\u043d Xstyle\",\"alternateName\":\"x-style\",\"url\":\"https:\/\/xstyle.md\/\",\"logo\":{\"@type\":\"ImageObject\",\"inLanguage\":\"ro-RO\",\"@id\":\"https:\/\/xstyle.md\/#\/schema\/logo\/image\/\",\"url\":\"https:\/\/xstyle.md\/wp-content\/uploads\/2020\/06\/logoicon.svg\",\"contentUrl\":\"https:\/\/xstyle.md\/wp-content\/uploads\/2020\/06\/logoicon.svg\",\"caption\":\"\u041c\u0430\u0433\u0430\u0437\u0438\u043d Xstyle\"},\"image\":{\"@id\":\"https:\/\/xstyle.md\/#\/schema\/logo\/image\/\"},\"sameAs\":[\"https:\/\/www.facebook.com\/xstylemd\",\"https:\/\/www.instagram.com\/xstyle_md\/\",\"https:\/\/t.me\/xstyle_outdoor\"],\"hasMerchantReturnPolicy\":{\"@type\":\"MerchantReturnPolicy\",\"merchantReturnLink\":\"https:\/\/xstyle.md\/ro\/conditions\/\"}}]}<\/script>\n<meta property=\"product:price:amount\" content=\"1050.00\" \/>\n<meta property=\"product:price:currency\" content=\"MDL\" \/>\n<meta property=\"og:availability\" content=\"instock\" \/>\n<meta property=\"product:availability\" content=\"instock\" \/>\n<meta property=\"product:retailer_item_id\" content=\"3342540106642\" \/>\n<meta property=\"product:condition\" content=\"new\" \/>\n<!-- \/ Yoast SEO plugin. -->","yoast_head_json":{"title":"Lantern\u0103 frontal\u0103 Petzl ACTIK Green - Magazin Xstyle","description":"Lanterna frontal\u0103 Petzl Actik Green - compact\u0103 \u0219i puternic\u0103, cu IPX4, 350 lm. Ideal\u0103 pentru activit\u0103\u021bi recreative. Ajusta\u021bi iluminarea conform nevoilor dumneavoastr\u0103!","robots":{"index":"index","follow":"follow","max-snippet":"max-snippet:-1","max-image-preview":"max-image-preview:large","max-video-preview":"max-video-preview:-1"},"canonical":"https:\/\/xstyle.md\/ro\/produs\/fonar-nalobnyj-petzl-actik-2\/","og_locale":"ro_RO","og_type":"article","og_title":"\u0424\u043e\u043d\u0430\u0440\u044c \u043d\u0430\u043b\u043e\u0431\u043d\u044b\u0439 Petzl Actik Green - \u041c\u0430\u0433\u0430\u0437\u0438\u043d Xstyle","og_description":"\u0424\u043e\u043d\u0430\u0440\u044c \u043d\u0430\u043b\u043e\u0431\u043d\u044b\u0439 Petzl Actik Green - \u043a\u043e\u043c\u043f\u0430\u043a\u0442\u043d\u044b\u0439 \u0438 \u043c\u043e\u0449\u043d\u044b\u0439, \u0441 IPX4, 350 \u043b\u043c. \u0418\u0434\u0435\u0430\u043b\u0435\u043d \u0434\u043b\u044f \u0430\u043a\u0442\u0438\u0432\u043d\u043e\u0433\u043e \u043e\u0442\u0434\u044b\u0445\u0430. \u041d\u0430\u0441\u0442\u0440\u043e\u0439\u0442\u0435 \u043e\u0441\u0432\u0435\u0449\u0435\u043d\u0438\u0435 \u043f\u043e\u0434 \u0441\u0432\u043e\u0438 \u043d\u0443\u0436\u0434\u044b!","og_url":"https:\/\/xstyle.md\/ro\/produs\/fonar-nalobnyj-petzl-actik-2\/","og_site_name":"\u041c\u0430\u0433\u0430\u0437\u0438\u043d Xstyle","article_publisher":"https:\/\/www.facebook.com\/xstylemd","article_modified_time":"2024-10-02T18:45:33+00:00","og_image":[{"width":1090,"height":1045,"url":"https:\/\/xstyle.md\/wp-content\/uploads\/2020\/07\/petzl-actik-green-0.jpg","type":"image\/jpeg"}],"twitter_card":"summary_large_image","twitter_misc":{"Pre\u021b":"1.050&nbsp;MDL","Disponibilitate":"\u00cen stoc"},"schema":{"@context":"https:\/\/schema.org","@graph":[{"@type":"WebPage","@id":"https:\/\/xstyle.md\/product\/fonar-nalobnyj-petzl-actik-2\/","url":"https:\/\/xstyle.md\/product\/fonar-nalobnyj-petzl-actik-2\/","name":"Lantern\u0103 frontal\u0103 Petzl ACTIK Green - Magazin Xstyle","isPartOf":{"@id":"https:\/\/xstyle.md\/#website"},"primaryImageOfPage":{"@id":"https:\/\/xstyle.md\/product\/fonar-nalobnyj-petzl-actik-2\/#primaryimage"},"image":{"@id":"https:\/\/xstyle.md\/product\/fonar-nalobnyj-petzl-actik-2\/#primaryimage"},"thumbnailUrl":"https:\/\/xstyle.md\/wp-content\/uploads\/2020\/07\/petzl-actik-green-0.jpg","datePublished":"2020-07-17T10:11:58+00:00","dateModified":"2024-10-02T18:45:33+00:00","description":"Lanterna frontal\u0103 Petzl Actik Green - compact\u0103 \u0219i puternic\u0103, cu IPX4, 350 lm. Ideal\u0103 pentru activit\u0103\u021bi recreative. Ajusta\u021bi iluminarea conform nevoilor dumneavoastr\u0103!","breadcrumb":{"@id":"https:\/\/xstyle.md\/product\/fonar-nalobnyj-petzl-actik-2\/#breadcrumb"},"inLanguage":"ro-RO","potentialAction":[{"@type":"ReadAction","target":["https:\/\/xstyle.md\/product\/fonar-nalobnyj-petzl-actik-2\/"]}]},{"@type":"ImageObject","inLanguage":"ro-RO","@id":"https:\/\/xstyle.md\/product\/fonar-nalobnyj-petzl-actik-2\/#primaryimage","url":"https:\/\/xstyle.md\/wp-content\/uploads\/2020\/07\/petzl-actik-green-0.jpg","contentUrl":"https:\/\/xstyle.md\/wp-content\/uploads\/2020\/07\/petzl-actik-green-0.jpg","width":1090,"height":1045,"caption":"\u0424\u043e\u043d\u0430\u0440 \u043d\u0430\u043b\u043e\u0431\u043d\u044b\u0439 Petzl Actik Green \u0434\u043b\u044f \u0430\u043a\u0442\u0438\u0432\u043d\u043e\u0433\u043e \u043e\u0431\u0440\u0430\u0437\u0430 \u0436\u0438\u0437\u043d\u0438, \u043f\u043e\u0445\u043e\u0434\u043e\u0432, \u0430\u043b\u044c\u043f\u0438\u043d\u0438\u0437\u043c\u0430 \u0438 \u043f\u0443\u0442\u0435\u0448\u0435\u0441\u0442\u0432\u0438\u0439, \u043e\u0441\u0432\u0435\u0449\u0435\u043d\u0438\u0435 \u0434\u043b\u044f \u0442\u0443\u0440\u0438\u0441\u0442\u0438\u0447\u0435\u0441\u043a\u043e\u0439 \u044d\u043a\u0438\u043f\u0438\u0440\u043e\u0432\u043a\u0438 \u0438 \u0441\u043f\u043e\u0440\u0442\u0438\u0432\u043d\u043e\u0439 \u043e\u0434\u0435\u0436\u0434\u044b"},{"@type":"BreadcrumbList","@id":"https:\/\/xstyle.md\/product\/fonar-nalobnyj-petzl-actik-2\/#breadcrumb","itemListElement":[{"@type":"ListItem","position":1,"name":"\u0413\u043b\u0430\u0432\u043d\u0430\u044f \u0441\u0442\u0440\u0430\u043d\u0438\u0446\u0430","item":"https:\/\/xstyle.md\/"},{"@type":"ListItem","position":2,"name":"\u041c\u0430\u0433\u0430\u0437\u0438\u043d","item":"https:\/\/xstyle.md\/shop\/"},{"@type":"ListItem","position":3,"name":"\u0424\u043e\u043d\u0430\u0440\u044c \u043d\u0430\u043b\u043e\u0431\u043d\u044b\u0439 Petzl Actik Green"}]},{"@type":"WebSite","@id":"https:\/\/xstyle.md\/#website","url":"https:\/\/xstyle.md\/","name":"Magazinul X-Style","description":"Echipamente pentru turism \u0219i sporturi extreme \u00een Moldova. Pre\u021buri, fotografii, caracteristici \u00een Moldova.","publisher":{"@id":"https:\/\/xstyle.md\/#organization"},"alternateName":"X-Style","potentialAction":[{"@type":"SearchAction","target":{"@type":"EntryPoint","urlTemplate":"https:\/\/xstyle.md\/?s={search_term_string}"},"query-input":{"@type":"PropertyValueSpecification","valueRequired":true,"valueName":"search_term_string"}}],"inLanguage":"ro-RO"},{"@type":"Organization","@id":"https:\/\/xstyle.md\/#organization","name":"Magazinul X-Style","alternateName":"x-style","url":"https:\/\/xstyle.md\/","logo":{"@type":"ImageObject","inLanguage":"ro-RO","@id":"https:\/\/xstyle.md\/#\/schema\/logo\/image\/","url":"https:\/\/xstyle.md\/wp-content\/uploads\/2020\/06\/logoicon.svg","contentUrl":"https:\/\/xstyle.md\/wp-content\/uploads\/2020\/06\/logoicon.svg","caption":"\u041c\u0430\u0433\u0430\u0437\u0438\u043d Xstyle"},"image":{"@id":"https:\/\/xstyle.md\/#\/schema\/logo\/image\/"},"sameAs":["https:\/\/www.facebook.com\/xstylemd","https:\/\/www.instagram.com\/xstyle_md\/","https:\/\/t.me\/xstyle_outdoor"],"hasMerchantReturnPolicy":{"@type":"MerchantReturnPolicy","merchantReturnLink":"https:\/\/xstyle.md\/ro\/conditions\/"}}]},"product_price_amount":"1050.00","product_price_currency":"MDL","og_availability":"instock","product_availability":"instock","product_retailer_item_id":"3342540106642","product_condition":"new"},"post_mailing_queue_ids":[],"_links":{"self":[{"href":"https:\/\/xstyle.md\/ro\/wp-json\/wp\/v2\/product\/13525","targetHints":{"allow":["GET"]}}],"collection":[{"href":"https:\/\/xstyle.md\/ro\/wp-json\/wp\/v2\/product"}],"about":[{"href":"https:\/\/xstyle.md\/ro\/wp-json\/wp\/v2\/types\/product"}],"replies":[{"embeddable":true,"href":"https:\/\/xstyle.md\/ro\/wp-json\/wp\/v2\/comments?post=13525"}],"wp:featuredmedia":[{"embeddable":true,"href":"https:\/\/xstyle.md\/ro\/wp-json\/wp\/v2\/media\/69744"}],"wp:attachment":[{"href":"https:\/\/xstyle.md\/ro\/wp-json\/wp\/v2\/media?parent=13525"}],"wp:term":[{"taxonomy":"product_brand","embeddable":true,"href":"https:\/\/xstyle.md\/ro\/wp-json\/wp\/v2\/product_brand?post=13525"},{"taxonomy":"product_cat","embeddable":true,"href":"https:\/\/xstyle.md\/ro\/wp-json\/wp\/v2\/product_cat?post=13525"},{"taxonomy":"product_tag","embeddable":true,"href":"https:\/\/xstyle.md\/ro\/wp-json\/wp\/v2\/product_tag?post=13525"}],"curies":[{"name":"wp","href":"https:\/\/api.w.org\/{rel}","templated":true}]}}