{"id":13459,"date":"2020-07-17T13:08:49","date_gmt":"2020-07-17T10:08:49","guid":{"rendered":"https:\/\/xstyle.md\/product\/racija-motorola-talkabout-t42"},"modified":"2026-04-15T12:38:15","modified_gmt":"2026-04-15T09:38:15","slug":"racija-motorola-talkabout-t42","status":"publish","type":"product","link":"https:\/\/xstyle.md\/ro\/produs\/racija-motorola-talkabout-t42\/","title":{"rendered":"Sta\u021bie radio Motorola Talkabout T42"},"content":{"rendered":"<\/p>\n<p><strong>Motorola Talkabout T42<\/strong> &#8212; este un set de sta\u0163ii radio portabile care nu necesit\u0103 permisiunea oficial\u0103 de utilizare. Acestea arat\u0103 vesel \u0219i pot fi personalizate folosind stickerele ata\u0219ate lor. Dispozitivele sunt potrivite pentru utilizare \u00een timpul jocurilor, drume\u021bii \u0219i relaxare cu rudele sau prietenii.<\/p>\n<p>Dispozitivele sunt u\u0219or \u00eemperecheate \u0219i men\u021bin o conexiune stabil\u0103 la o distan\u021b\u0103 de p\u00e2n\u0103 la 4 km. Este suficient un singur clic al unui buton pentru a contacta proprietarul unui dispozitiv similar sau pentru a r\u0103spunde singur la apel. Dispozitivul este programat cu opt canale de comunicare ale intervalului de frecven\u021b\u0103 PMR, ceea ce contribuie la calitatea \u00eenalt\u0103 a mesajelor vocale.<\/p>\n<p>Informa\u021bii importante sunt afi\u0219ate pe un afi\u0219aj digital luminos. O singur\u0103 privire este suficient\u0103 pentru a afla pe ce canal sunte\u021bi \u00een prezent, care este nivelul semnalului primit \u0219i c\u00e2t\u0103 energie r\u0103m\u00e2ne \u00een baterii. C\u00e2nd utiliza\u021bi Motorola Talkabout T42 Albastru \/ Negru, pute\u021bi activa func\u021bia de blocare a tastelor, care elimin\u0103 ap\u0103s\u0103rile accidentale ale butoanelor. Datorit\u0103 acoperirii cauciucate, acest model nu alunec\u0103 din palma m\u00e2inii. Poate fi purtat pe o centur\u0103, fiind prev\u0103zut\u0103 \u0219i o prindere la cordon.<\/p>\n<p>Designul carcasei din plastic ofer\u0103 o montare pe curea care v\u0103 permite s\u0103 transporta\u021bi permanent sta\u0163ia cu dvs. Volumul este ajustat \u00een func\u021bie de nevoile individuale, iar semnalele sonore informeaz\u0103 despre apelul abonatului \u0219i despre sf\u00e2r\u0219itul sesiunii de comunicare. Fiecare unitate func\u021bioneaz\u0103 din trei baterii AAA.<\/p>\n<h3>Specificatii<\/h3>\n<ul>\n<li>Radiouri f\u0103r\u0103 licen\u021b\u0103 PMR446<\/li>\n<li>P\u00e2n\u0103 la 4 km \u00een func\u021bie de teren \u0219i de condi\u021biile de munc\u0103<\/li>\n<li>Func\u021bie u\u0219oar\u0103 de \u00eemperechere<\/li>\n<li>Alimentat cu 3 x baterii alcaline AAA (neincluse) 16 canal<\/li>\n<li>Scanare \/ Monitorizare<\/li>\n<li>Autocolante de personalizare<\/li>\n<\/ul>\n<h3>Caracteristici<\/h3>\n<ul>\n<li>Greutate &#8212; 79 g (f\u0103r\u0103 baterie)<\/li>\n<li>Dimensiune &#8212; 4,8 x 13,6 x 2,7 cm<\/li>\n<li>Interval de frecven\u021b\u0103 &#8212; PMR446<\/li>\n<li>Putere de ie\u0219ire &#8212; 500 mW<\/li>\n<li>L\u0103\u021bime de band\u0103 &#8212; 12,5 KHz<\/li>\n<li>Canale &#8212; 16 Interval de p\u00e2n\u0103 la 4 km<\/li>\n<li>Blocarea cheii<\/li>\n<li>Notificare baterie sc\u0103zut\u0103<\/li>\n<li>Montare pe curea<\/li>\n<li>Tonuri de apel<\/li>\n<li>Semnal de confirmare a apelului \/ Semnal de primire Scanare \/ Monitorizare Ecran LCD<\/li>\n<\/ul>\n<h3>Setul Include<\/h3>\n<ul>\n<li>2 radiouri portabile<\/li>\n<li>2 suporturi pentru curea<\/li>\n<li>Autocolante de personalizare (16 buc.)<\/li>\n<li>Manual de utilizare<\/li>\n<\/ul>\n<p><\/p>","protected":false},"excerpt":{"rendered":"<p>Sta\u021bie radio Motorola Talkabout T42<\/p>","protected":false},"featured_media":13457,"comment_status":"open","ping_status":"closed","template":"","meta":{"_acf_changed":false,"inline_featured_image":false},"product_brand":[1331],"product_cat":[427],"product_tag":[],"class_list":{"0":"post-13459","1":"product","2":"type-product","3":"status-publish","4":"has-post-thumbnail","6":"product_brand-motorola","7":"product_cat-ratii","9":"first","10":"instock","11":"shipping-taxable","12":"purchasable","13":"product-type-simple"},"acf":[],"yoast_head":"<!-- This site is optimized with the Yoast SEO plugin v27.4 - https:\/\/yoast.com\/product\/yoast-seo-wordpress\/ -->\n<title>\u0420\u0430\u0446\u0438\u044f Motorola Talkabout T42 - \u041c\u0430\u0433\u0430\u0437\u0438\u043d Xstyle<\/title>\n<meta name=\"description\" content=\"\u0420\u0430\u0446\u0438\u044f Motorola Talkabout T42: \u0441\u0442\u0438\u043b\u044c\u043d\u043e\u0435, \u043f\u043e\u0440\u0442\u0430\u0442\u0438\u0432\u043d\u043e\u0435 \u0443\u0441\u0442\u0440\u043e\u0439\u0441\u0442\u0432\u043e \u0434\u043b\u044f \u043e\u0431\u0449\u0435\u043d\u0438\u044f \u043d\u0430 \u0434\u0438\u0441\u0442\u0430\u043d\u0446\u0438\u0438. \u0418\u0434\u0435\u0430\u043b\u044c\u043d\u043e \u043f\u043e\u0434\u0445\u043e\u0434\u0438\u0442 \u0434\u043b\u044f \u0438\u0433\u0440 \u0438 \u0430\u043a\u0442\u0438\u0432\u043d\u043e\u0433\u043e \u043e\u0442\u0434\u044b\u0445\u0430!\" \/>\n<meta name=\"robots\" content=\"index, follow, max-snippet:-1, max-image-preview:large, max-video-preview:-1\" \/>\n<link rel=\"canonical\" href=\"https:\/\/xstyle.md\/ro\/produs\/racija-motorola-talkabout-t42\/\" \/>\n<meta property=\"og:locale\" content=\"ro_RO\" \/>\n<meta property=\"og:type\" content=\"article\" \/>\n<meta property=\"og:title\" content=\"\u0420\u0430\u0446\u0438\u044f Motorola Talkabout T42 - \u041c\u0430\u0433\u0430\u0437\u0438\u043d Xstyle\" \/>\n<meta property=\"og:description\" content=\"\u0420\u0430\u0446\u0438\u044f Motorola Talkabout T42: \u0441\u0442\u0438\u043b\u044c\u043d\u043e\u0435, \u043f\u043e\u0440\u0442\u0430\u0442\u0438\u0432\u043d\u043e\u0435 \u0443\u0441\u0442\u0440\u043e\u0439\u0441\u0442\u0432\u043e \u0434\u043b\u044f \u043e\u0431\u0449\u0435\u043d\u0438\u044f \u043d\u0430 \u0434\u0438\u0441\u0442\u0430\u043d\u0446\u0438\u0438. \u0418\u0434\u0435\u0430\u043b\u044c\u043d\u043e \u043f\u043e\u0434\u0445\u043e\u0434\u0438\u0442 \u0434\u043b\u044f \u0438\u0433\u0440 \u0438 \u0430\u043a\u0442\u0438\u0432\u043d\u043e\u0433\u043e \u043e\u0442\u0434\u044b\u0445\u0430!\" \/>\n<meta property=\"og:url\" content=\"https:\/\/xstyle.md\/ro\/produs\/racija-motorola-talkabout-t42\/\" \/>\n<meta property=\"og:site_name\" content=\"\u041c\u0430\u0433\u0430\u0437\u0438\u043d Xstyle\" \/>\n<meta property=\"article:publisher\" content=\"https:\/\/www.facebook.com\/xstylemd\" \/>\n<meta property=\"article:modified_time\" content=\"2026-04-15T09:38:15+00:00\" \/>\n<meta property=\"og:image\" content=\"https:\/\/xstyle.md\/wp-content\/uploads\/2020\/07\/red2.jpg\" \/>\n\t<meta property=\"og:image:width\" content=\"385\" \/>\n\t<meta property=\"og:image:height\" content=\"385\" \/>\n\t<meta property=\"og:image:type\" content=\"image\/jpeg\" \/>\n<meta name=\"twitter:card\" content=\"summary_large_image\" \/>\n<meta name=\"twitter:label1\" content=\"Pre\u021b\" \/>\n\t<meta name=\"twitter:data1\" content=\"895&nbsp;MDL\" \/>\n\t<meta name=\"twitter:label2\" content=\"Disponibilitate\" \/>\n\t<meta name=\"twitter:data2\" content=\"\u00cen stoc\" \/>\n<script type=\"application\/ld+json\" class=\"yoast-schema-graph\">{\"@context\":\"https:\\\/\\\/schema.org\",\"@graph\":[{\"@type\":\"WebPage\",\"@id\":\"https:\\\/\\\/xstyle.md\\\/product\\\/racija-motorola-talkabout-t42\\\/\",\"url\":\"https:\\\/\\\/xstyle.md\\\/product\\\/racija-motorola-talkabout-t42\\\/\",\"name\":\"\u0420\u0430\u0446\u0438\u044f Motorola Talkabout T42 - \u041c\u0430\u0433\u0430\u0437\u0438\u043d Xstyle\",\"isPartOf\":{\"@id\":\"https:\\\/\\\/xstyle.md\\\/#website\"},\"primaryImageOfPage\":{\"@id\":\"https:\\\/\\\/xstyle.md\\\/product\\\/racija-motorola-talkabout-t42\\\/#primaryimage\"},\"image\":{\"@id\":\"https:\\\/\\\/xstyle.md\\\/product\\\/racija-motorola-talkabout-t42\\\/#primaryimage\"},\"thumbnailUrl\":\"https:\\\/\\\/xstyle.md\\\/wp-content\\\/uploads\\\/2020\\\/07\\\/red2.jpg\",\"datePublished\":\"2020-07-17T10:08:49+00:00\",\"dateModified\":\"2026-04-15T09:38:15+00:00\",\"description\":\"\u0420\u0430\u0446\u0438\u044f Motorola Talkabout T42: \u0441\u0442\u0438\u043b\u044c\u043d\u043e\u0435, \u043f\u043e\u0440\u0442\u0430\u0442\u0438\u0432\u043d\u043e\u0435 \u0443\u0441\u0442\u0440\u043e\u0439\u0441\u0442\u0432\u043e \u0434\u043b\u044f \u043e\u0431\u0449\u0435\u043d\u0438\u044f \u043d\u0430 \u0434\u0438\u0441\u0442\u0430\u043d\u0446\u0438\u0438. \u0418\u0434\u0435\u0430\u043b\u044c\u043d\u043e \u043f\u043e\u0434\u0445\u043e\u0434\u0438\u0442 \u0434\u043b\u044f \u0438\u0433\u0440 \u0438 \u0430\u043a\u0442\u0438\u0432\u043d\u043e\u0433\u043e \u043e\u0442\u0434\u044b\u0445\u0430!\",\"breadcrumb\":{\"@id\":\"https:\\\/\\\/xstyle.md\\\/product\\\/racija-motorola-talkabout-t42\\\/#breadcrumb\"},\"inLanguage\":\"ro-RO\",\"potentialAction\":[{\"@type\":\"ReadAction\",\"target\":[\"https:\\\/\\\/xstyle.md\\\/product\\\/racija-motorola-talkabout-t42\\\/\"]}]},{\"@type\":\"ImageObject\",\"inLanguage\":\"ro-RO\",\"@id\":\"https:\\\/\\\/xstyle.md\\\/product\\\/racija-motorola-talkabout-t42\\\/#primaryimage\",\"url\":\"https:\\\/\\\/xstyle.md\\\/wp-content\\\/uploads\\\/2020\\\/07\\\/red2.jpg\",\"contentUrl\":\"https:\\\/\\\/xstyle.md\\\/wp-content\\\/uploads\\\/2020\\\/07\\\/red2.jpg\",\"width\":385,\"height\":385},{\"@type\":\"BreadcrumbList\",\"@id\":\"https:\\\/\\\/xstyle.md\\\/product\\\/racija-motorola-talkabout-t42\\\/#breadcrumb\",\"itemListElement\":[{\"@type\":\"ListItem\",\"position\":1,\"name\":\"\u0413\u043b\u0430\u0432\u043d\u0430\u044f \u0441\u0442\u0440\u0430\u043d\u0438\u0446\u0430\",\"item\":\"https:\\\/\\\/xstyle.md\\\/\"},{\"@type\":\"ListItem\",\"position\":2,\"name\":\"\u041c\u0430\u0433\u0430\u0437\u0438\u043d\",\"item\":\"https:\\\/\\\/xstyle.md\\\/shop\\\/\"},{\"@type\":\"ListItem\",\"position\":3,\"name\":\"\u0420\u0430\u0446\u0438\u044f Motorola Talkabout T42\"}]},{\"@type\":\"WebSite\",\"@id\":\"https:\\\/\\\/xstyle.md\\\/#website\",\"url\":\"https:\\\/\\\/xstyle.md\\\/\",\"name\":\"\u041c\u0430\u0433\u0430\u0437\u0438\u043d Xstyle\",\"description\":\"C\u043d\u0430\u0440\u044f\u0436\u0435\u043d\u0438\u0435 \u0434\u043b\u044f \u0442\u0443\u0440\u0438\u0437\u043c\u0430 \u0438 \u044d\u043a\u0441\u0442\u0440\u0435\u043c\u0430\u043b\u044c\u043d\u044b\u0445 \u0432\u0438\u0434\u043e\u0432 \u0441\u043f\u043e\u0440\u0442\u0430 \u0432 \u041c\u043e\u043b\u0434\u043e\u0432\u0435.. \u0426\u0435\u043d\u044b, \u0444\u043e\u0442\u043e, \u0445\u0430\u0440\u0430\u043a\u0442\u0435\u0440\u0438\u0441\u0442\u0438\u043a\u0438 \u0432 \u041c\u043e\u043b\u0434\u043e\u0432\u0435.\",\"publisher\":{\"@id\":\"https:\\\/\\\/xstyle.md\\\/#organization\"},\"alternateName\":\"X-Style\",\"potentialAction\":[{\"@type\":\"SearchAction\",\"target\":{\"@type\":\"EntryPoint\",\"urlTemplate\":\"https:\\\/\\\/xstyle.md\\\/?s={search_term_string}\"},\"query-input\":{\"@type\":\"PropertyValueSpecification\",\"valueRequired\":true,\"valueName\":\"search_term_string\"}}],\"inLanguage\":\"ro-RO\"},{\"@type\":\"Organization\",\"@id\":\"https:\\\/\\\/xstyle.md\\\/#organization\",\"name\":\"\u041c\u0430\u0433\u0430\u0437\u0438\u043d Xstyle\",\"alternateName\":\"x-style\",\"url\":\"https:\\\/\\\/xstyle.md\\\/\",\"logo\":{\"@type\":\"ImageObject\",\"inLanguage\":\"ro-RO\",\"@id\":\"https:\\\/\\\/xstyle.md\\\/#\\\/schema\\\/logo\\\/image\\\/\",\"url\":\"https:\\\/\\\/xstyle.md\\\/wp-content\\\/uploads\\\/2020\\\/06\\\/logoicon.svg\",\"contentUrl\":\"https:\\\/\\\/xstyle.md\\\/wp-content\\\/uploads\\\/2020\\\/06\\\/logoicon.svg\",\"caption\":\"\u041c\u0430\u0433\u0430\u0437\u0438\u043d Xstyle\"},\"image\":{\"@id\":\"https:\\\/\\\/xstyle.md\\\/#\\\/schema\\\/logo\\\/image\\\/\"},\"sameAs\":[\"https:\\\/\\\/www.facebook.com\\\/xstylemd\",\"https:\\\/\\\/www.instagram.com\\\/xstyle_md\\\/\",\"https:\\\/\\\/t.me\\\/xstyle_outdoor\"],\"hasMerchantReturnPolicy\":{\"@type\":\"MerchantReturnPolicy\",\"merchantReturnLink\":\"https:\\\/\\\/xstyle.md\\\/ro\\\/conditions\\\/\"}}]}<\/script>\n<meta property=\"product:price:amount\" content=\"895.00\" \/>\n<meta property=\"product:price:currency\" content=\"MDL\" \/>\n<meta property=\"og:availability\" content=\"instock\" \/>\n<meta property=\"product:availability\" content=\"instock\" \/>\n<meta property=\"product:retailer_item_id\" content=\"5031753007508\" \/>\n<meta property=\"product:condition\" content=\"new\" \/>\n<!-- \/ Yoast SEO plugin. -->","yoast_head_json":{"title":"Sta\u021bie radio Motorola Talkabout T42 - Magazin Xstyle","description":"Razia Motorola Talkabout T42: un dispozitiv elegant \u0219i portabil pentru comunicare pe distan\u021be. Ideal pentru jocuri \u0219i activit\u0103\u021bi \u00een aer liber!","robots":{"index":"index","follow":"follow","max-snippet":"max-snippet:-1","max-image-preview":"max-image-preview:large","max-video-preview":"max-video-preview:-1"},"canonical":"https:\/\/xstyle.md\/ro\/produs\/racija-motorola-talkabout-t42\/","og_locale":"ro_RO","og_type":"article","og_title":"\u0420\u0430\u0446\u0438\u044f Motorola Talkabout T42 - \u041c\u0430\u0433\u0430\u0437\u0438\u043d Xstyle","og_description":"\u0420\u0430\u0446\u0438\u044f Motorola Talkabout T42: \u0441\u0442\u0438\u043b\u044c\u043d\u043e\u0435, \u043f\u043e\u0440\u0442\u0430\u0442\u0438\u0432\u043d\u043e\u0435 \u0443\u0441\u0442\u0440\u043e\u0439\u0441\u0442\u0432\u043e \u0434\u043b\u044f \u043e\u0431\u0449\u0435\u043d\u0438\u044f \u043d\u0430 \u0434\u0438\u0441\u0442\u0430\u043d\u0446\u0438\u0438. \u0418\u0434\u0435\u0430\u043b\u044c\u043d\u043e \u043f\u043e\u0434\u0445\u043e\u0434\u0438\u0442 \u0434\u043b\u044f \u0438\u0433\u0440 \u0438 \u0430\u043a\u0442\u0438\u0432\u043d\u043e\u0433\u043e \u043e\u0442\u0434\u044b\u0445\u0430!","og_url":"https:\/\/xstyle.md\/ro\/produs\/racija-motorola-talkabout-t42\/","og_site_name":"\u041c\u0430\u0433\u0430\u0437\u0438\u043d Xstyle","article_publisher":"https:\/\/www.facebook.com\/xstylemd","article_modified_time":"2026-04-15T09:38:15+00:00","og_image":[{"width":385,"height":385,"url":"https:\/\/xstyle.md\/wp-content\/uploads\/2020\/07\/red2.jpg","type":"image\/jpeg"}],"twitter_card":"summary_large_image","twitter_misc":{"Pre\u021b":"895&nbsp;MDL","Disponibilitate":"\u00cen stoc"},"schema":{"@context":"https:\/\/schema.org","@graph":[{"@type":"WebPage","@id":"https:\/\/xstyle.md\/product\/racija-motorola-talkabout-t42\/","url":"https:\/\/xstyle.md\/product\/racija-motorola-talkabout-t42\/","name":"Sta\u021bie radio Motorola Talkabout T42 - Magazin Xstyle","isPartOf":{"@id":"https:\/\/xstyle.md\/#website"},"primaryImageOfPage":{"@id":"https:\/\/xstyle.md\/product\/racija-motorola-talkabout-t42\/#primaryimage"},"image":{"@id":"https:\/\/xstyle.md\/product\/racija-motorola-talkabout-t42\/#primaryimage"},"thumbnailUrl":"https:\/\/xstyle.md\/wp-content\/uploads\/2020\/07\/red2.jpg","datePublished":"2020-07-17T10:08:49+00:00","dateModified":"2026-04-15T09:38:15+00:00","description":"Razia Motorola Talkabout T42: un dispozitiv elegant \u0219i portabil pentru comunicare pe distan\u021be. Ideal pentru jocuri \u0219i activit\u0103\u021bi \u00een aer liber!","breadcrumb":{"@id":"https:\/\/xstyle.md\/product\/racija-motorola-talkabout-t42\/#breadcrumb"},"inLanguage":"ro-RO","potentialAction":[{"@type":"ReadAction","target":["https:\/\/xstyle.md\/product\/racija-motorola-talkabout-t42\/"]}]},{"@type":"ImageObject","inLanguage":"ro-RO","@id":"https:\/\/xstyle.md\/product\/racija-motorola-talkabout-t42\/#primaryimage","url":"https:\/\/xstyle.md\/wp-content\/uploads\/2020\/07\/red2.jpg","contentUrl":"https:\/\/xstyle.md\/wp-content\/uploads\/2020\/07\/red2.jpg","width":385,"height":385},{"@type":"BreadcrumbList","@id":"https:\/\/xstyle.md\/product\/racija-motorola-talkabout-t42\/#breadcrumb","itemListElement":[{"@type":"ListItem","position":1,"name":"\u0413\u043b\u0430\u0432\u043d\u0430\u044f \u0441\u0442\u0440\u0430\u043d\u0438\u0446\u0430","item":"https:\/\/xstyle.md\/"},{"@type":"ListItem","position":2,"name":"\u041c\u0430\u0433\u0430\u0437\u0438\u043d","item":"https:\/\/xstyle.md\/shop\/"},{"@type":"ListItem","position":3,"name":"\u0420\u0430\u0446\u0438\u044f Motorola Talkabout T42"}]},{"@type":"WebSite","@id":"https:\/\/xstyle.md\/#website","url":"https:\/\/xstyle.md\/","name":"Magazinul X-Style","description":"Echipamente pentru turism \u0219i sporturi extreme \u00een Moldova. Pre\u021buri, fotografii, caracteristici \u00een Moldova.","publisher":{"@id":"https:\/\/xstyle.md\/#organization"},"alternateName":"X-Style","potentialAction":[{"@type":"SearchAction","target":{"@type":"EntryPoint","urlTemplate":"https:\/\/xstyle.md\/?s={search_term_string}"},"query-input":{"@type":"PropertyValueSpecification","valueRequired":true,"valueName":"search_term_string"}}],"inLanguage":"ro-RO"},{"@type":"Organization","@id":"https:\/\/xstyle.md\/#organization","name":"Magazinul X-Style","alternateName":"x-style","url":"https:\/\/xstyle.md\/","logo":{"@type":"ImageObject","inLanguage":"ro-RO","@id":"https:\/\/xstyle.md\/#\/schema\/logo\/image\/","url":"https:\/\/xstyle.md\/wp-content\/uploads\/2020\/06\/logoicon.svg","contentUrl":"https:\/\/xstyle.md\/wp-content\/uploads\/2020\/06\/logoicon.svg","caption":"\u041c\u0430\u0433\u0430\u0437\u0438\u043d Xstyle"},"image":{"@id":"https:\/\/xstyle.md\/#\/schema\/logo\/image\/"},"sameAs":["https:\/\/www.facebook.com\/xstylemd","https:\/\/www.instagram.com\/xstyle_md\/","https:\/\/t.me\/xstyle_outdoor"],"hasMerchantReturnPolicy":{"@type":"MerchantReturnPolicy","merchantReturnLink":"https:\/\/xstyle.md\/ro\/conditions\/"}}]},"product_price_amount":"895.00","product_price_currency":"MDL","og_availability":"instock","product_availability":"instock","product_retailer_item_id":"5031753007508","product_condition":"new"},"_links":{"self":[{"href":"https:\/\/xstyle.md\/ro\/wp-json\/wp\/v2\/product\/13459","targetHints":{"allow":["GET"]}}],"collection":[{"href":"https:\/\/xstyle.md\/ro\/wp-json\/wp\/v2\/product"}],"about":[{"href":"https:\/\/xstyle.md\/ro\/wp-json\/wp\/v2\/types\/product"}],"replies":[{"embeddable":true,"href":"https:\/\/xstyle.md\/ro\/wp-json\/wp\/v2\/comments?post=13459"}],"wp:featuredmedia":[{"embeddable":true,"href":"https:\/\/xstyle.md\/ro\/wp-json\/wp\/v2\/media\/13457"}],"wp:attachment":[{"href":"https:\/\/xstyle.md\/ro\/wp-json\/wp\/v2\/media?parent=13459"}],"wp:term":[{"taxonomy":"product_brand","embeddable":true,"href":"https:\/\/xstyle.md\/ro\/wp-json\/wp\/v2\/product_brand?post=13459"},{"taxonomy":"product_cat","embeddable":true,"href":"https:\/\/xstyle.md\/ro\/wp-json\/wp\/v2\/product_cat?post=13459"},{"taxonomy":"product_tag","embeddable":true,"href":"https:\/\/xstyle.md\/ro\/wp-json\/wp\/v2\/product_tag?post=13459"}],"curies":[{"name":"wp","href":"https:\/\/api.w.org\/{rel}","templated":true}]}}