{"id":1345,"date":"2020-07-16T16:17:17","date_gmt":"2020-07-16T13:17:17","guid":{"rendered":"https:\/\/xstyle.md\/product\/razdelochnaja-doska-msr-alpine-deluxe-cutting-board"},"modified":"2024-11-24T01:55:04","modified_gmt":"2024-11-23T22:55:04","slug":"razdelochnaja-doska-msr-alpine-deluxe-cutting-board","status":"publish","type":"product","link":"https:\/\/xstyle.md\/ro\/produs\/razdelochnaja-doska-msr-alpine-deluxe-cutting-board\/","title":{"rendered":"Plac\u0103 pentru t\u0103iat MSR Alpine Deluxe Cutting Board"},"content":{"rendered":"<\/p>\n<p><strong>Plac\u0103 pentru t\u0103iat MSR Alpine Deluxe Cutting Board<\/strong> sub forma unei coper\u021bi de carte pentru turnarea u\u0219oar\u0103 a alimentelor \u00eentr-un castron. Este foarte durabil\u0103, trainic\u0103 \u0219i compact\u0103.<\/p>\n<p><strong>Caracteristici tehnice:<\/strong><\/p>\n<ul>\n<li>sub form\u0103 de copert\u0103 de carte<\/li>\n<li>u\u0219or de transportat<\/li>\n<li>f\u0103r\u0103 unghiuri ascu\u021bite<\/li>\n<\/ul>\n<p><strong>Material:<\/strong> plastic alimentar<br \/>\n<strong>Greutate, g:<\/strong> 176,6<\/p>\n<p><\/p>","protected":false},"excerpt":{"rendered":"<p>Plac\u0103 pentru t\u0103iat MSR Alpine Deluxe Cutting Board<\/p>","protected":false},"featured_media":1344,"comment_status":"open","ping_status":"closed","template":"","meta":{"_acf_changed":false,"inline_featured_image":false},"product_brand":[1279],"product_cat":[208],"product_tag":[],"class_list":{"0":"post-1345","1":"product","2":"type-product","3":"status-publish","4":"has-post-thumbnail","6":"product_brand-msr","7":"product_cat-accessories-kitchenware","9":"first","10":"instock","11":"shipping-taxable","12":"purchasable","13":"product-type-simple"},"acf":[],"yoast_head":"<!-- This site is optimized with the Yoast SEO plugin v27.4 - https:\/\/yoast.com\/product\/yoast-seo-wordpress\/ -->\n<title>\u0420\u0430\u0437\u0434\u0435\u043b\u043e\u0447\u043d\u0430\u044f \u0434\u043e\u0441\u043a\u0430 MSR Alpine Deluxe Cutting Board - \u041c\u0430\u0433\u0430\u0437\u0438\u043d Xstyle<\/title>\n<meta name=\"description\" content=\"\u0420\u0430\u0437\u0434\u0435\u043b\u043e\u0447\u043d\u0430\u044f \u0434\u043e\u0441\u043a\u0430 MSR Alpine Deluxe: \u043a\u043e\u043c\u043f\u0430\u043a\u0442\u043d\u0430\u044f, \u043f\u0440\u043e\u0447\u043d\u0430\u044f, \u0443\u0434\u043e\u0431\u043d\u0430\u044f \u0434\u043b\u044f \u0442\u0440\u0430\u043d\u0441\u043f\u043e\u0440\u0442\u0438\u0440\u043e\u0432\u043a\u0438. \u0418\u0434\u0435\u0430\u043b\u044c\u043d\u0430 \u0434\u043b\u044f \u043b\u0435\u0433\u043a\u043e\u0433\u043e \u043f\u0435\u0440\u0435\u043b\u0438\u0432\u0430 \u043f\u0438\u0449\u0438. \u041a\u0443\u043f\u0438\u0442\u0435 \u043a\u0430\u0447\u0435\u0441\u0442\u0432\u043e \u0438 \u0443\u0434\u043e\u0431\u0441\u0442\u0432\u043e!\" \/>\n<meta name=\"robots\" content=\"index, follow, max-snippet:-1, max-image-preview:large, max-video-preview:-1\" \/>\n<link rel=\"canonical\" href=\"https:\/\/xstyle.md\/ro\/produs\/razdelochnaja-doska-msr-alpine-deluxe-cutting-board\/\" \/>\n<meta property=\"og:locale\" content=\"ro_RO\" \/>\n<meta property=\"og:type\" content=\"article\" \/>\n<meta property=\"og:title\" content=\"\u0420\u0430\u0437\u0434\u0435\u043b\u043e\u0447\u043d\u0430\u044f \u0434\u043e\u0441\u043a\u0430 MSR Alpine Deluxe Cutting Board - \u041c\u0430\u0433\u0430\u0437\u0438\u043d Xstyle\" \/>\n<meta property=\"og:description\" content=\"\u0420\u0430\u0437\u0434\u0435\u043b\u043e\u0447\u043d\u0430\u044f \u0434\u043e\u0441\u043a\u0430 MSR Alpine Deluxe: \u043a\u043e\u043c\u043f\u0430\u043a\u0442\u043d\u0430\u044f, \u043f\u0440\u043e\u0447\u043d\u0430\u044f, \u0443\u0434\u043e\u0431\u043d\u0430\u044f \u0434\u043b\u044f \u0442\u0440\u0430\u043d\u0441\u043f\u043e\u0440\u0442\u0438\u0440\u043e\u0432\u043a\u0438. \u0418\u0434\u0435\u0430\u043b\u044c\u043d\u0430 \u0434\u043b\u044f \u043b\u0435\u0433\u043a\u043e\u0433\u043e \u043f\u0435\u0440\u0435\u043b\u0438\u0432\u0430 \u043f\u0438\u0449\u0438. \u041a\u0443\u043f\u0438\u0442\u0435 \u043a\u0430\u0447\u0435\u0441\u0442\u0432\u043e \u0438 \u0443\u0434\u043e\u0431\u0441\u0442\u0432\u043e!\" \/>\n<meta property=\"og:url\" content=\"https:\/\/xstyle.md\/ro\/produs\/razdelochnaja-doska-msr-alpine-deluxe-cutting-board\/\" \/>\n<meta property=\"og:site_name\" content=\"\u041c\u0430\u0433\u0430\u0437\u0438\u043d Xstyle\" \/>\n<meta property=\"article:publisher\" content=\"https:\/\/www.facebook.com\/xstylemd\" \/>\n<meta property=\"article:modified_time\" content=\"2024-11-23T22:55:04+00:00\" \/>\n<meta property=\"og:image\" content=\"https:\/\/xstyle.md\/wp-content\/uploads\/2020\/07\/deluxe.jpg\" \/>\n\t<meta property=\"og:image:width\" content=\"700\" \/>\n\t<meta property=\"og:image:height\" content=\"700\" \/>\n\t<meta property=\"og:image:type\" content=\"image\/jpeg\" \/>\n<meta name=\"twitter:card\" content=\"summary_large_image\" \/>\n<meta name=\"twitter:label1\" content=\"Pre\u021b\" \/>\n\t<meta name=\"twitter:data1\" content=\"270&nbsp;MDL\" \/>\n\t<meta name=\"twitter:label2\" content=\"Disponibilitate\" \/>\n\t<meta name=\"twitter:data2\" content=\"\u00cen stoc\" \/>\n<script type=\"application\/ld+json\" class=\"yoast-schema-graph\">{\"@context\":\"https:\\\/\\\/schema.org\",\"@graph\":[{\"@type\":\"WebPage\",\"@id\":\"https:\\\/\\\/xstyle.md\\\/product\\\/razdelochnaja-doska-msr-alpine-deluxe-cutting-board\\\/\",\"url\":\"https:\\\/\\\/xstyle.md\\\/product\\\/razdelochnaja-doska-msr-alpine-deluxe-cutting-board\\\/\",\"name\":\"\u0420\u0430\u0437\u0434\u0435\u043b\u043e\u0447\u043d\u0430\u044f \u0434\u043e\u0441\u043a\u0430 MSR Alpine Deluxe Cutting Board - \u041c\u0430\u0433\u0430\u0437\u0438\u043d Xstyle\",\"isPartOf\":{\"@id\":\"https:\\\/\\\/xstyle.md\\\/#website\"},\"primaryImageOfPage\":{\"@id\":\"https:\\\/\\\/xstyle.md\\\/product\\\/razdelochnaja-doska-msr-alpine-deluxe-cutting-board\\\/#primaryimage\"},\"image\":{\"@id\":\"https:\\\/\\\/xstyle.md\\\/product\\\/razdelochnaja-doska-msr-alpine-deluxe-cutting-board\\\/#primaryimage\"},\"thumbnailUrl\":\"https:\\\/\\\/xstyle.md\\\/wp-content\\\/uploads\\\/2020\\\/07\\\/deluxe.jpg\",\"datePublished\":\"2020-07-16T13:17:17+00:00\",\"dateModified\":\"2024-11-23T22:55:04+00:00\",\"description\":\"\u0420\u0430\u0437\u0434\u0435\u043b\u043e\u0447\u043d\u0430\u044f \u0434\u043e\u0441\u043a\u0430 MSR Alpine Deluxe: \u043a\u043e\u043c\u043f\u0430\u043a\u0442\u043d\u0430\u044f, \u043f\u0440\u043e\u0447\u043d\u0430\u044f, \u0443\u0434\u043e\u0431\u043d\u0430\u044f \u0434\u043b\u044f \u0442\u0440\u0430\u043d\u0441\u043f\u043e\u0440\u0442\u0438\u0440\u043e\u0432\u043a\u0438. \u0418\u0434\u0435\u0430\u043b\u044c\u043d\u0430 \u0434\u043b\u044f \u043b\u0435\u0433\u043a\u043e\u0433\u043e \u043f\u0435\u0440\u0435\u043b\u0438\u0432\u0430 \u043f\u0438\u0449\u0438. \u041a\u0443\u043f\u0438\u0442\u0435 \u043a\u0430\u0447\u0435\u0441\u0442\u0432\u043e \u0438 \u0443\u0434\u043e\u0431\u0441\u0442\u0432\u043e!\",\"breadcrumb\":{\"@id\":\"https:\\\/\\\/xstyle.md\\\/product\\\/razdelochnaja-doska-msr-alpine-deluxe-cutting-board\\\/#breadcrumb\"},\"inLanguage\":\"ro-RO\",\"potentialAction\":[{\"@type\":\"ReadAction\",\"target\":[\"https:\\\/\\\/xstyle.md\\\/product\\\/razdelochnaja-doska-msr-alpine-deluxe-cutting-board\\\/\"]}]},{\"@type\":\"ImageObject\",\"inLanguage\":\"ro-RO\",\"@id\":\"https:\\\/\\\/xstyle.md\\\/product\\\/razdelochnaja-doska-msr-alpine-deluxe-cutting-board\\\/#primaryimage\",\"url\":\"https:\\\/\\\/xstyle.md\\\/wp-content\\\/uploads\\\/2020\\\/07\\\/deluxe.jpg\",\"contentUrl\":\"https:\\\/\\\/xstyle.md\\\/wp-content\\\/uploads\\\/2020\\\/07\\\/deluxe.jpg\",\"width\":700,\"height\":700},{\"@type\":\"BreadcrumbList\",\"@id\":\"https:\\\/\\\/xstyle.md\\\/product\\\/razdelochnaja-doska-msr-alpine-deluxe-cutting-board\\\/#breadcrumb\",\"itemListElement\":[{\"@type\":\"ListItem\",\"position\":1,\"name\":\"\u0413\u043b\u0430\u0432\u043d\u0430\u044f \u0441\u0442\u0440\u0430\u043d\u0438\u0446\u0430\",\"item\":\"https:\\\/\\\/xstyle.md\\\/\"},{\"@type\":\"ListItem\",\"position\":2,\"name\":\"\u041c\u0430\u0433\u0430\u0437\u0438\u043d\",\"item\":\"https:\\\/\\\/xstyle.md\\\/shop\\\/\"},{\"@type\":\"ListItem\",\"position\":3,\"name\":\"\u0420\u0430\u0437\u0434\u0435\u043b\u043e\u0447\u043d\u0430\u044f \u0434\u043e\u0441\u043a\u0430 MSR Alpine Deluxe Cutting Board\"}]},{\"@type\":\"WebSite\",\"@id\":\"https:\\\/\\\/xstyle.md\\\/#website\",\"url\":\"https:\\\/\\\/xstyle.md\\\/\",\"name\":\"\u041c\u0430\u0433\u0430\u0437\u0438\u043d Xstyle\",\"description\":\"C\u043d\u0430\u0440\u044f\u0436\u0435\u043d\u0438\u0435 \u0434\u043b\u044f \u0442\u0443\u0440\u0438\u0437\u043c\u0430 \u0438 \u044d\u043a\u0441\u0442\u0440\u0435\u043c\u0430\u043b\u044c\u043d\u044b\u0445 \u0432\u0438\u0434\u043e\u0432 \u0441\u043f\u043e\u0440\u0442\u0430 \u0432 \u041c\u043e\u043b\u0434\u043e\u0432\u0435.. \u0426\u0435\u043d\u044b, \u0444\u043e\u0442\u043e, \u0445\u0430\u0440\u0430\u043a\u0442\u0435\u0440\u0438\u0441\u0442\u0438\u043a\u0438 \u0432 \u041c\u043e\u043b\u0434\u043e\u0432\u0435.\",\"publisher\":{\"@id\":\"https:\\\/\\\/xstyle.md\\\/#organization\"},\"alternateName\":\"X-Style\",\"potentialAction\":[{\"@type\":\"SearchAction\",\"target\":{\"@type\":\"EntryPoint\",\"urlTemplate\":\"https:\\\/\\\/xstyle.md\\\/?s={search_term_string}\"},\"query-input\":{\"@type\":\"PropertyValueSpecification\",\"valueRequired\":true,\"valueName\":\"search_term_string\"}}],\"inLanguage\":\"ro-RO\"},{\"@type\":\"Organization\",\"@id\":\"https:\\\/\\\/xstyle.md\\\/#organization\",\"name\":\"\u041c\u0430\u0433\u0430\u0437\u0438\u043d Xstyle\",\"alternateName\":\"x-style\",\"url\":\"https:\\\/\\\/xstyle.md\\\/\",\"logo\":{\"@type\":\"ImageObject\",\"inLanguage\":\"ro-RO\",\"@id\":\"https:\\\/\\\/xstyle.md\\\/#\\\/schema\\\/logo\\\/image\\\/\",\"url\":\"https:\\\/\\\/xstyle.md\\\/wp-content\\\/uploads\\\/2020\\\/06\\\/logoicon.svg\",\"contentUrl\":\"https:\\\/\\\/xstyle.md\\\/wp-content\\\/uploads\\\/2020\\\/06\\\/logoicon.svg\",\"caption\":\"\u041c\u0430\u0433\u0430\u0437\u0438\u043d Xstyle\"},\"image\":{\"@id\":\"https:\\\/\\\/xstyle.md\\\/#\\\/schema\\\/logo\\\/image\\\/\"},\"sameAs\":[\"https:\\\/\\\/www.facebook.com\\\/xstylemd\",\"https:\\\/\\\/www.instagram.com\\\/xstyle_md\\\/\",\"https:\\\/\\\/t.me\\\/xstyle_outdoor\"],\"hasMerchantReturnPolicy\":{\"@type\":\"MerchantReturnPolicy\",\"merchantReturnLink\":\"https:\\\/\\\/xstyle.md\\\/ro\\\/conditions\\\/\"}}]}<\/script>\n<meta property=\"product:price:amount\" content=\"270.00\" \/>\n<meta property=\"product:price:currency\" content=\"MDL\" \/>\n<meta property=\"og:availability\" content=\"instock\" \/>\n<meta property=\"product:availability\" content=\"instock\" \/>\n<meta property=\"product:retailer_item_id\" content=\"40818053409\" \/>\n<meta property=\"product:condition\" content=\"new\" \/>\n<!-- \/ Yoast SEO plugin. -->","yoast_head_json":{"title":"Plac\u0103 pentru t\u0103iat MSR Alpine Deluxe Cutting Board - Magazin Xstyle","description":"\u0420\u0430\u0437\u0434\u0435\u043b\u043e\u0447\u043d\u0430\u044f \u0434\u043e\u0441\u043a\u0430 MSR Alpine Deluxe: \u043a\u043e\u043c\u043f\u0430\u043a\u0442\u043d\u0430\u044f, \u043f\u0440\u043e\u0447\u043d\u0430\u044f, \u0443\u0434\u043e\u0431\u043d\u0430\u044f \u0434\u043b\u044f \u0442\u0440\u0430\u043d\u0441\u043f\u043e\u0440\u0442\u0438\u0440\u043e\u0432\u043a\u0438. \u0418\u0434\u0435\u0430\u043b\u044c\u043d\u0430 \u0434\u043b\u044f \u043b\u0435\u0433\u043a\u043e\u0433\u043e \u043f\u0435\u0440\u0435\u043b\u0438\u0432\u0430 \u043f\u0438\u0449\u0438. \u041a\u0443\u043f\u0438\u0442\u0435 \u043a\u0430\u0447\u0435\u0441\u0442\u0432\u043e \u0438 \u0443\u0434\u043e\u0431\u0441\u0442\u0432\u043e!","robots":{"index":"index","follow":"follow","max-snippet":"max-snippet:-1","max-image-preview":"max-image-preview:large","max-video-preview":"max-video-preview:-1"},"canonical":"https:\/\/xstyle.md\/ro\/produs\/razdelochnaja-doska-msr-alpine-deluxe-cutting-board\/","og_locale":"ro_RO","og_type":"article","og_title":"\u0420\u0430\u0437\u0434\u0435\u043b\u043e\u0447\u043d\u0430\u044f \u0434\u043e\u0441\u043a\u0430 MSR Alpine Deluxe Cutting Board - \u041c\u0430\u0433\u0430\u0437\u0438\u043d Xstyle","og_description":"\u0420\u0430\u0437\u0434\u0435\u043b\u043e\u0447\u043d\u0430\u044f \u0434\u043e\u0441\u043a\u0430 MSR Alpine Deluxe: \u043a\u043e\u043c\u043f\u0430\u043a\u0442\u043d\u0430\u044f, \u043f\u0440\u043e\u0447\u043d\u0430\u044f, \u0443\u0434\u043e\u0431\u043d\u0430\u044f \u0434\u043b\u044f \u0442\u0440\u0430\u043d\u0441\u043f\u043e\u0440\u0442\u0438\u0440\u043e\u0432\u043a\u0438. \u0418\u0434\u0435\u0430\u043b\u044c\u043d\u0430 \u0434\u043b\u044f \u043b\u0435\u0433\u043a\u043e\u0433\u043e \u043f\u0435\u0440\u0435\u043b\u0438\u0432\u0430 \u043f\u0438\u0449\u0438. \u041a\u0443\u043f\u0438\u0442\u0435 \u043a\u0430\u0447\u0435\u0441\u0442\u0432\u043e \u0438 \u0443\u0434\u043e\u0431\u0441\u0442\u0432\u043e!","og_url":"https:\/\/xstyle.md\/ro\/produs\/razdelochnaja-doska-msr-alpine-deluxe-cutting-board\/","og_site_name":"\u041c\u0430\u0433\u0430\u0437\u0438\u043d Xstyle","article_publisher":"https:\/\/www.facebook.com\/xstylemd","article_modified_time":"2024-11-23T22:55:04+00:00","og_image":[{"width":700,"height":700,"url":"https:\/\/xstyle.md\/wp-content\/uploads\/2020\/07\/deluxe.jpg","type":"image\/jpeg"}],"twitter_card":"summary_large_image","twitter_misc":{"Pre\u021b":"270&nbsp;MDL","Disponibilitate":"\u00cen stoc"},"schema":{"@context":"https:\/\/schema.org","@graph":[{"@type":"WebPage","@id":"https:\/\/xstyle.md\/product\/razdelochnaja-doska-msr-alpine-deluxe-cutting-board\/","url":"https:\/\/xstyle.md\/product\/razdelochnaja-doska-msr-alpine-deluxe-cutting-board\/","name":"Plac\u0103 pentru t\u0103iat MSR Alpine Deluxe Cutting Board - Magazin Xstyle","isPartOf":{"@id":"https:\/\/xstyle.md\/#website"},"primaryImageOfPage":{"@id":"https:\/\/xstyle.md\/product\/razdelochnaja-doska-msr-alpine-deluxe-cutting-board\/#primaryimage"},"image":{"@id":"https:\/\/xstyle.md\/product\/razdelochnaja-doska-msr-alpine-deluxe-cutting-board\/#primaryimage"},"thumbnailUrl":"https:\/\/xstyle.md\/wp-content\/uploads\/2020\/07\/deluxe.jpg","datePublished":"2020-07-16T13:17:17+00:00","dateModified":"2024-11-23T22:55:04+00:00","description":"\u0420\u0430\u0437\u0434\u0435\u043b\u043e\u0447\u043d\u0430\u044f \u0434\u043e\u0441\u043a\u0430 MSR Alpine Deluxe: \u043a\u043e\u043c\u043f\u0430\u043a\u0442\u043d\u0430\u044f, \u043f\u0440\u043e\u0447\u043d\u0430\u044f, \u0443\u0434\u043e\u0431\u043d\u0430\u044f \u0434\u043b\u044f \u0442\u0440\u0430\u043d\u0441\u043f\u043e\u0440\u0442\u0438\u0440\u043e\u0432\u043a\u0438. \u0418\u0434\u0435\u0430\u043b\u044c\u043d\u0430 \u0434\u043b\u044f \u043b\u0435\u0433\u043a\u043e\u0433\u043e \u043f\u0435\u0440\u0435\u043b\u0438\u0432\u0430 \u043f\u0438\u0449\u0438. \u041a\u0443\u043f\u0438\u0442\u0435 \u043a\u0430\u0447\u0435\u0441\u0442\u0432\u043e \u0438 \u0443\u0434\u043e\u0431\u0441\u0442\u0432\u043e!","breadcrumb":{"@id":"https:\/\/xstyle.md\/product\/razdelochnaja-doska-msr-alpine-deluxe-cutting-board\/#breadcrumb"},"inLanguage":"ro-RO","potentialAction":[{"@type":"ReadAction","target":["https:\/\/xstyle.md\/product\/razdelochnaja-doska-msr-alpine-deluxe-cutting-board\/"]}]},{"@type":"ImageObject","inLanguage":"ro-RO","@id":"https:\/\/xstyle.md\/product\/razdelochnaja-doska-msr-alpine-deluxe-cutting-board\/#primaryimage","url":"https:\/\/xstyle.md\/wp-content\/uploads\/2020\/07\/deluxe.jpg","contentUrl":"https:\/\/xstyle.md\/wp-content\/uploads\/2020\/07\/deluxe.jpg","width":700,"height":700},{"@type":"BreadcrumbList","@id":"https:\/\/xstyle.md\/product\/razdelochnaja-doska-msr-alpine-deluxe-cutting-board\/#breadcrumb","itemListElement":[{"@type":"ListItem","position":1,"name":"\u0413\u043b\u0430\u0432\u043d\u0430\u044f \u0441\u0442\u0440\u0430\u043d\u0438\u0446\u0430","item":"https:\/\/xstyle.md\/"},{"@type":"ListItem","position":2,"name":"\u041c\u0430\u0433\u0430\u0437\u0438\u043d","item":"https:\/\/xstyle.md\/shop\/"},{"@type":"ListItem","position":3,"name":"\u0420\u0430\u0437\u0434\u0435\u043b\u043e\u0447\u043d\u0430\u044f \u0434\u043e\u0441\u043a\u0430 MSR Alpine Deluxe Cutting Board"}]},{"@type":"WebSite","@id":"https:\/\/xstyle.md\/#website","url":"https:\/\/xstyle.md\/","name":"Magazinul X-Style","description":"Echipamente pentru turism \u0219i sporturi extreme \u00een Moldova. Pre\u021buri, fotografii, caracteristici \u00een Moldova.","publisher":{"@id":"https:\/\/xstyle.md\/#organization"},"alternateName":"X-Style","potentialAction":[{"@type":"SearchAction","target":{"@type":"EntryPoint","urlTemplate":"https:\/\/xstyle.md\/?s={search_term_string}"},"query-input":{"@type":"PropertyValueSpecification","valueRequired":true,"valueName":"search_term_string"}}],"inLanguage":"ro-RO"},{"@type":"Organization","@id":"https:\/\/xstyle.md\/#organization","name":"Magazinul X-Style","alternateName":"x-style","url":"https:\/\/xstyle.md\/","logo":{"@type":"ImageObject","inLanguage":"ro-RO","@id":"https:\/\/xstyle.md\/#\/schema\/logo\/image\/","url":"https:\/\/xstyle.md\/wp-content\/uploads\/2020\/06\/logoicon.svg","contentUrl":"https:\/\/xstyle.md\/wp-content\/uploads\/2020\/06\/logoicon.svg","caption":"\u041c\u0430\u0433\u0430\u0437\u0438\u043d Xstyle"},"image":{"@id":"https:\/\/xstyle.md\/#\/schema\/logo\/image\/"},"sameAs":["https:\/\/www.facebook.com\/xstylemd","https:\/\/www.instagram.com\/xstyle_md\/","https:\/\/t.me\/xstyle_outdoor"],"hasMerchantReturnPolicy":{"@type":"MerchantReturnPolicy","merchantReturnLink":"https:\/\/xstyle.md\/ro\/conditions\/"}}]},"product_price_amount":"270.00","product_price_currency":"MDL","og_availability":"instock","product_availability":"instock","product_retailer_item_id":"40818053409","product_condition":"new"},"_links":{"self":[{"href":"https:\/\/xstyle.md\/ro\/wp-json\/wp\/v2\/product\/1345","targetHints":{"allow":["GET"]}}],"collection":[{"href":"https:\/\/xstyle.md\/ro\/wp-json\/wp\/v2\/product"}],"about":[{"href":"https:\/\/xstyle.md\/ro\/wp-json\/wp\/v2\/types\/product"}],"replies":[{"embeddable":true,"href":"https:\/\/xstyle.md\/ro\/wp-json\/wp\/v2\/comments?post=1345"}],"wp:featuredmedia":[{"embeddable":true,"href":"https:\/\/xstyle.md\/ro\/wp-json\/wp\/v2\/media\/1344"}],"wp:attachment":[{"href":"https:\/\/xstyle.md\/ro\/wp-json\/wp\/v2\/media?parent=1345"}],"wp:term":[{"taxonomy":"product_brand","embeddable":true,"href":"https:\/\/xstyle.md\/ro\/wp-json\/wp\/v2\/product_brand?post=1345"},{"taxonomy":"product_cat","embeddable":true,"href":"https:\/\/xstyle.md\/ro\/wp-json\/wp\/v2\/product_cat?post=1345"},{"taxonomy":"product_tag","embeddable":true,"href":"https:\/\/xstyle.md\/ro\/wp-json\/wp\/v2\/product_tag?post=1345"}],"curies":[{"name":"wp","href":"https:\/\/api.w.org\/{rel}","templated":true}]}}