{"id":13287,"date":"2020-07-17T12:55:21","date_gmt":"2020-07-17T09:55:21","guid":{"rendered":"https:\/\/xstyle.md\/product\/thule-motion-xt-l-black-glossy"},"modified":"2024-10-25T15:16:45","modified_gmt":"2024-10-25T12:16:45","slug":"thule-motion-xt-l-black-glossy","status":"publish","type":"product","link":"https:\/\/xstyle.md\/ro\/produs\/thule-motion-xt-l-black-glossy\/","title":{"rendered":"Box Thule Motion XT L Black Glossy"},"content":{"rendered":"<\/p>\n<p><strong>Thule Motion XT L Black Glossy<\/strong> este una dintre cele mai spa\u021bioase \u0219i acum silen\u021bioase, elegante \u0219i ergonomice cutii Thule. Culoarea neagr\u0103 lucioas\u0103 va ar\u0103ta armonios pe orice ma\u0219in\u0103. Box\u0103 pentru excursii lungi, relaxare cu o companie mare, mers la pescuit sau doar pentru transportul multor lucruri. Se m\u00e2ndre\u0219te cu o aerodinamic\u0103 \u00eembun\u0103t\u0103\u021bit\u0103 \u0219i cu un consum redus de combustibil la viteze, precum \u0219i cu tehnologii pe care doar aceast\u0103 linie le are p\u00e2n\u0103 acum. Noul sistem SlideLock blocheaz\u0103 automat capacul dup\u0103 \u00eenchiderea tuturor punctelor de fixare \u0219i, datorit\u0103 acestuia, deschiderea \u0219i \u00eenchiderea au devenit mai netede.<\/p>\n<p>Sistemul de montare u\u0219oar\u0103 PowerClick a primit prindere de montare actualizate. Acestea au devenit mai largi \u0219i pot acum s\u0103 capteze arcuri mai largi \u0219i sunt instalate pe multe suporturi de bagaje \u201enative\u201d. Datorit\u0103 designului atent, acest model va ar\u0103ta elegant pe aproape orice ma\u0219in\u0103. Datorit\u0103 tehnologiei DualSide, cutia Thule Motion XT L se deschide pe ambele p\u0103r\u021bi.<\/p>\n<p>Deoarece Thule Motion XT este proiectat pentru a fi amplasat pe partea din fa\u021b\u0103 a acoperi\u0219ului ma\u0219inii, acesta ofer\u0103 acces complet la portbagajul sau trapa de ma\u0219ini, cu risc minim de contact cu cutia de bagaje.<\/p>\n<p>Compania produce produse premium, care sunt renumite pentru calitatea lor de neegalat, siguran\u021ba, u\u0219urin\u021ba \u00een exploatare \u0219i designul elegant. Compania suedez\u0103 Thule produce rafturi pentru bagaje \u0219i alte echipamente auto folosind tehnologii europene avansate. Toate produsele sunt supuse celor mai riguroase test\u0103ri \u00een diferite condi\u021bii, astfel \u00eenc\u00e2t sunte\u021bi sigur c\u0103 Thule nu v\u0103 va dezam\u0103gi.<\/p>\n<p><em>Garan\u021bia oficial\u0103 a produc\u0103torului se aplic\u0103 produselor \u0219i componentelor m\u0103rcii Thule, valabil\u0103 timp de 5 ani.<\/em><\/p>\n<div class=\"col-md-6\">\n<h3>Specificatii<\/h3>\n<ul>\n<li>Design optimizat: o utilizare mai bun\u0103 a spa\u021biului, aerodinamic\u0103 superioar\u0103 \u0219i versatilitate<\/li>\n<li>Sistem de instalare rapid\u0103 Power-Click preinstalat cu indicator integrat pentru o instalare rapid\u0103 \u0219i fiabil\u0103<\/li>\n<li>U\u0219or de deschis \u0219i \u00eenchis \u00een toate condi\u021biile, datorit\u0103 m\u00e2nerelor externe convenabile \u0219i unui mecanism eficient de ridicare<\/li>\n<li>Sistemul SlideLock cu func\u021bii de blocare \u0219i deblocare separate blocheaz\u0103 automat capacul \u00eenchis, iar indicatorul indic\u0103 faptul c\u0103 cutia este \u00eenchis\u0103 \u00een siguran\u021b\u0103<\/li>\n<li>Datorit\u0103 amplas\u0103rii frontale pe acoperi\u0219ul ma\u0219inii, cutia nu interfereaz\u0103 cu deschiderea portbagajului<\/li>\n<\/ul>\n<\/div>\n<h3>Caracteristici<\/h3>\n<ul>\n<li>Volumul &#8212; 450 L<\/li>\n<li>Dimensiuni exterioare &#8212; 195 x 89 x 44 cm<\/li>\n<li>Dimensiuni interne &#8212; 182 x 80 x 36 cm<\/li>\n<li>Sarcin\u0103 util\u0103 &#8212; 75 kg<\/li>\n<li>Sistem de montare &#8212; PowerClick<\/li>\n<li>Greutate &#8212; 20 kg<\/li>\n<li>Sistem de blocare &#8212; SlideLock<\/li>\n<li>\u00cencuietori incluse &#8212; Da<\/li>\n<li>Compatibil cu un sistem cheie &#8212; Da<\/li>\n<li>Sarcin\u0103 util\u0103 (perechi de schiuri) &#8212; 5-7<\/li>\n<li>Capacitate de ridicare (snowboard) &#8212; 3-5<\/li>\n<li>Lungimea maxim\u0103 a schiului &#8212; 180 cm<\/li>\n<li>Suport de schi &#8212; Da, este necesar Thule Box Adaptor pentru transport de schi 694-8<\/li>\n<li>Culoare &#8212; negru lucios<\/li>\n<li>Potrivit pentru Thule WingBar Evo Arc &#8212; Da<\/li>\n<li>Potrivit pentru Thule WingBar Arc &#8212; Da<\/li>\n<li>Potrivit pentru Thule SquareBar &#8212; Da<\/li>\n<li>Potrivit pentru Thule SlideBar Arc &#8212; Da, este necesar Thule T-track Adaptor 697-6<\/li>\n<li>Potrivit pentru Thule ProBar &#8212; Da, este necesar adaptorul Thule T-track 697-6<\/li>\n<\/ul>\n<p><\/p>","protected":false},"excerpt":{"rendered":"<p>Thule Motion XT L Black Glossy<\/p>","protected":false},"featured_media":13280,"comment_status":"open","ping_status":"closed","template":"","meta":{"_acf_changed":false,"inline_featured_image":false},"product_brand":[1269],"product_cat":[614],"product_tag":[],"class_list":{"0":"post-13287","1":"product","2":"type-product","3":"status-publish","4":"has-post-thumbnail","6":"product_brand-thule","7":"product_cat-motion","9":"first","10":"outofstock","11":"shipping-taxable","12":"product-type-simple"},"acf":[],"yoast_head":"<!-- This site is optimized with the Yoast SEO plugin v27.2 - https:\/\/yoast.com\/product\/yoast-seo-wordpress\/ -->\n<title>\u0411\u0430\u0433\u0430\u0436\u043d\u0438\u043a \u043d\u0430 \u043a\u0440\u044b\u0448\u0443 Thule Motion XT L Black Glossy - \u041c\u0430\u0433\u0430\u0437\u0438\u043d Xstyle<\/title>\n<meta name=\"description\" content=\"\u041e\u0442\u043a\u0440\u043e\u0439\u0442\u0435 \u0434\u043b\u044f \u0441\u0435\u0431\u044f \u0431\u043e\u043a\u0441 Thule Motion XT L Black Glossy \u2014 \u0438\u0434\u0435\u0430\u043b\u044c\u043d\u043e\u0435 \u0440\u0435\u0448\u0435\u043d\u0438\u0435 \u0434\u043b\u044f \u043f\u0435\u0440\u0435\u0432\u043e\u0437\u043a\u0438 \u043b\u044b\u0436 \u0438 \u043e\u0431\u043e\u0440\u0443\u0434\u043e\u0432\u0430\u043d\u0438\u044f. \u0412\u044b\u0441\u043e\u043a\u043e\u0435 \u043a\u0430\u0447\u0435\u0441\u0442\u0432\u043e, \u043d\u0430\u0434\u0435\u0436\u043d\u043e\u0441\u0442\u044c \u0438 \u0441\u0442\u0438\u043b\u044c\u043d\u044b\u0439 \u0434\u0438\u0437\u0430\u0439\u043d!\" \/>\n<meta name=\"robots\" content=\"index, follow, max-snippet:-1, max-image-preview:large, max-video-preview:-1\" \/>\n<link rel=\"canonical\" href=\"https:\/\/xstyle.md\/ro\/produs\/thule-motion-xt-l-black-glossy\/\" \/>\n<meta property=\"og:locale\" content=\"ro_RO\" \/>\n<meta property=\"og:type\" content=\"article\" \/>\n<meta property=\"og:title\" content=\"\u0411\u0430\u0433\u0430\u0436\u043d\u0438\u043a \u043d\u0430 \u043a\u0440\u044b\u0448\u0443 Thule Motion XT L Black Glossy - \u041c\u0430\u0433\u0430\u0437\u0438\u043d Xstyle\" \/>\n<meta property=\"og:description\" content=\"\u041e\u0442\u043a\u0440\u043e\u0439\u0442\u0435 \u0434\u043b\u044f \u0441\u0435\u0431\u044f \u0431\u043e\u043a\u0441 Thule Motion XT L Black Glossy \u2014 \u0438\u0434\u0435\u0430\u043b\u044c\u043d\u043e\u0435 \u0440\u0435\u0448\u0435\u043d\u0438\u0435 \u0434\u043b\u044f \u043f\u0435\u0440\u0435\u0432\u043e\u0437\u043a\u0438 \u043b\u044b\u0436 \u0438 \u043e\u0431\u043e\u0440\u0443\u0434\u043e\u0432\u0430\u043d\u0438\u044f. \u0412\u044b\u0441\u043e\u043a\u043e\u0435 \u043a\u0430\u0447\u0435\u0441\u0442\u0432\u043e, \u043d\u0430\u0434\u0435\u0436\u043d\u043e\u0441\u0442\u044c \u0438 \u0441\u0442\u0438\u043b\u044c\u043d\u044b\u0439 \u0434\u0438\u0437\u0430\u0439\u043d!\" \/>\n<meta property=\"og:url\" content=\"https:\/\/xstyle.md\/ro\/produs\/thule-motion-xt-l-black-glossy\/\" \/>\n<meta property=\"og:site_name\" content=\"\u041c\u0430\u0433\u0430\u0437\u0438\u043d Xstyle\" \/>\n<meta property=\"article:publisher\" content=\"https:\/\/www.facebook.com\/xstylemd\" \/>\n<meta property=\"article:modified_time\" content=\"2024-10-25T12:16:45+00:00\" \/>\n<meta property=\"og:image\" content=\"https:\/\/xstyle.md\/wp-content\/uploads\/2020\/07\/thule_motion_xt_l_black_glossy.jpg\" \/>\n\t<meta property=\"og:image:width\" content=\"900\" \/>\n\t<meta property=\"og:image:height\" content=\"595\" \/>\n\t<meta property=\"og:image:type\" content=\"image\/jpeg\" \/>\n<meta name=\"twitter:card\" content=\"summary_large_image\" \/>\n<meta name=\"twitter:label1\" content=\"Pre\u021b\" \/>\n\t<meta name=\"twitter:data1\" content=\"15.990&nbsp;MDL\" \/>\n\t<meta name=\"twitter:label2\" content=\"Disponibilitate\" \/>\n\t<meta name=\"twitter:data2\" content=\"Stoc epuizat\" \/>\n<script type=\"application\/ld+json\" class=\"yoast-schema-graph\">{\"@context\":\"https:\/\/schema.org\",\"@graph\":[{\"@type\":\"WebPage\",\"@id\":\"https:\/\/xstyle.md\/product\/thule-motion-xt-l-black-glossy\/\",\"url\":\"https:\/\/xstyle.md\/product\/thule-motion-xt-l-black-glossy\/\",\"name\":\"\u0411\u0430\u0433\u0430\u0436\u043d\u0438\u043a \u043d\u0430 \u043a\u0440\u044b\u0448\u0443 Thule Motion XT L Black Glossy - \u041c\u0430\u0433\u0430\u0437\u0438\u043d Xstyle\",\"isPartOf\":{\"@id\":\"https:\/\/xstyle.md\/#website\"},\"primaryImageOfPage\":{\"@id\":\"https:\/\/xstyle.md\/product\/thule-motion-xt-l-black-glossy\/#primaryimage\"},\"image\":{\"@id\":\"https:\/\/xstyle.md\/product\/thule-motion-xt-l-black-glossy\/#primaryimage\"},\"thumbnailUrl\":\"https:\/\/xstyle.md\/wp-content\/uploads\/2020\/07\/thule_motion_xt_l_black_glossy.jpg\",\"datePublished\":\"2020-07-17T09:55:21+00:00\",\"dateModified\":\"2024-10-25T12:16:45+00:00\",\"description\":\"\u041e\u0442\u043a\u0440\u043e\u0439\u0442\u0435 \u0434\u043b\u044f \u0441\u0435\u0431\u044f \u0431\u043e\u043a\u0441 Thule Motion XT L Black Glossy \u2014 \u0438\u0434\u0435\u0430\u043b\u044c\u043d\u043e\u0435 \u0440\u0435\u0448\u0435\u043d\u0438\u0435 \u0434\u043b\u044f \u043f\u0435\u0440\u0435\u0432\u043e\u0437\u043a\u0438 \u043b\u044b\u0436 \u0438 \u043e\u0431\u043e\u0440\u0443\u0434\u043e\u0432\u0430\u043d\u0438\u044f. \u0412\u044b\u0441\u043e\u043a\u043e\u0435 \u043a\u0430\u0447\u0435\u0441\u0442\u0432\u043e, \u043d\u0430\u0434\u0435\u0436\u043d\u043e\u0441\u0442\u044c \u0438 \u0441\u0442\u0438\u043b\u044c\u043d\u044b\u0439 \u0434\u0438\u0437\u0430\u0439\u043d!\",\"breadcrumb\":{\"@id\":\"https:\/\/xstyle.md\/product\/thule-motion-xt-l-black-glossy\/#breadcrumb\"},\"inLanguage\":\"ro-RO\",\"potentialAction\":[{\"@type\":\"ReadAction\",\"target\":[\"https:\/\/xstyle.md\/product\/thule-motion-xt-l-black-glossy\/\"]}]},{\"@type\":\"ImageObject\",\"inLanguage\":\"ro-RO\",\"@id\":\"https:\/\/xstyle.md\/product\/thule-motion-xt-l-black-glossy\/#primaryimage\",\"url\":\"https:\/\/xstyle.md\/wp-content\/uploads\/2020\/07\/thule_motion_xt_l_black_glossy.jpg\",\"contentUrl\":\"https:\/\/xstyle.md\/wp-content\/uploads\/2020\/07\/thule_motion_xt_l_black_glossy.jpg\",\"width\":900,\"height\":595},{\"@type\":\"BreadcrumbList\",\"@id\":\"https:\/\/xstyle.md\/product\/thule-motion-xt-l-black-glossy\/#breadcrumb\",\"itemListElement\":[{\"@type\":\"ListItem\",\"position\":1,\"name\":\"\u0413\u043b\u0430\u0432\u043d\u0430\u044f \u0441\u0442\u0440\u0430\u043d\u0438\u0446\u0430\",\"item\":\"https:\/\/xstyle.md\/\"},{\"@type\":\"ListItem\",\"position\":2,\"name\":\"\u041c\u0430\u0433\u0430\u0437\u0438\u043d\",\"item\":\"https:\/\/xstyle.md\/shop\/\"},{\"@type\":\"ListItem\",\"position\":3,\"name\":\"\u0411\u0430\u0433\u0430\u0436\u043d\u0438\u043a \u043d\u0430 \u043a\u0440\u044b\u0448\u0443 Thule Motion XT L Black Glossy\"}]},{\"@type\":\"WebSite\",\"@id\":\"https:\/\/xstyle.md\/#website\",\"url\":\"https:\/\/xstyle.md\/\",\"name\":\"\u041c\u0430\u0433\u0430\u0437\u0438\u043d Xstyle\",\"description\":\"C\u043d\u0430\u0440\u044f\u0436\u0435\u043d\u0438\u0435 \u0434\u043b\u044f \u0442\u0443\u0440\u0438\u0437\u043c\u0430 \u0438 \u044d\u043a\u0441\u0442\u0440\u0435\u043c\u0430\u043b\u044c\u043d\u044b\u0445 \u0432\u0438\u0434\u043e\u0432 \u0441\u043f\u043e\u0440\u0442\u0430 \u0432 \u041c\u043e\u043b\u0434\u043e\u0432\u0435.. \u0426\u0435\u043d\u044b, \u0444\u043e\u0442\u043e, \u0445\u0430\u0440\u0430\u043a\u0442\u0435\u0440\u0438\u0441\u0442\u0438\u043a\u0438 \u0432 \u041c\u043e\u043b\u0434\u043e\u0432\u0435.\",\"publisher\":{\"@id\":\"https:\/\/xstyle.md\/#organization\"},\"alternateName\":\"X-Style\",\"potentialAction\":[{\"@type\":\"SearchAction\",\"target\":{\"@type\":\"EntryPoint\",\"urlTemplate\":\"https:\/\/xstyle.md\/?s={search_term_string}\"},\"query-input\":{\"@type\":\"PropertyValueSpecification\",\"valueRequired\":true,\"valueName\":\"search_term_string\"}}],\"inLanguage\":\"ro-RO\"},{\"@type\":\"Organization\",\"@id\":\"https:\/\/xstyle.md\/#organization\",\"name\":\"\u041c\u0430\u0433\u0430\u0437\u0438\u043d Xstyle\",\"alternateName\":\"x-style\",\"url\":\"https:\/\/xstyle.md\/\",\"logo\":{\"@type\":\"ImageObject\",\"inLanguage\":\"ro-RO\",\"@id\":\"https:\/\/xstyle.md\/#\/schema\/logo\/image\/\",\"url\":\"https:\/\/xstyle.md\/wp-content\/uploads\/2020\/06\/logoicon.svg\",\"contentUrl\":\"https:\/\/xstyle.md\/wp-content\/uploads\/2020\/06\/logoicon.svg\",\"caption\":\"\u041c\u0430\u0433\u0430\u0437\u0438\u043d Xstyle\"},\"image\":{\"@id\":\"https:\/\/xstyle.md\/#\/schema\/logo\/image\/\"},\"sameAs\":[\"https:\/\/www.facebook.com\/xstylemd\",\"https:\/\/www.instagram.com\/xstyle_md\/\",\"https:\/\/t.me\/xstyle_outdoor\"],\"hasMerchantReturnPolicy\":{\"@type\":\"MerchantReturnPolicy\",\"merchantReturnLink\":\"https:\/\/xstyle.md\/ro\/conditions\/\"}}]}<\/script>\n<meta property=\"product:price:amount\" content=\"15990.00\" \/>\n<meta property=\"product:price:currency\" content=\"MDL\" \/>\n<meta property=\"og:availability\" content=\"out of stock\" \/>\n<meta property=\"product:availability\" content=\"out of stock\" \/>\n<meta property=\"product:retailer_item_id\" content=\"629701\" \/>\n<meta property=\"product:condition\" content=\"new\" \/>\n<!-- \/ Yoast SEO plugin. -->","yoast_head_json":{"title":"\u0411\u0430\u0433\u0430\u0436\u043d\u0438\u043a \u043d\u0430 \u043a\u0440\u044b\u0448\u0443 Thule Motion XT L Black Glossy - \u041c\u0430\u0433\u0430\u0437\u0438\u043d Xstyle","description":"Descoperi\u021bi cutia Thule Motion XT L Black Glossy \u2014 solu\u021bia ideal\u0103 pentru transportul schiurilor \u0219i echipamentului. Calitate \u00eenalt\u0103, fiabilitate \u0219i un design stylish!","robots":{"index":"index","follow":"follow","max-snippet":"max-snippet:-1","max-image-preview":"max-image-preview:large","max-video-preview":"max-video-preview:-1"},"canonical":"https:\/\/xstyle.md\/ro\/produs\/thule-motion-xt-l-black-glossy\/","og_locale":"ro_RO","og_type":"article","og_title":"\u0411\u0430\u0433\u0430\u0436\u043d\u0438\u043a \u043d\u0430 \u043a\u0440\u044b\u0448\u0443 Thule Motion XT L Black Glossy - \u041c\u0430\u0433\u0430\u0437\u0438\u043d Xstyle","og_description":"\u041e\u0442\u043a\u0440\u043e\u0439\u0442\u0435 \u0434\u043b\u044f \u0441\u0435\u0431\u044f \u0431\u043e\u043a\u0441 Thule Motion XT L Black Glossy \u2014 \u0438\u0434\u0435\u0430\u043b\u044c\u043d\u043e\u0435 \u0440\u0435\u0448\u0435\u043d\u0438\u0435 \u0434\u043b\u044f \u043f\u0435\u0440\u0435\u0432\u043e\u0437\u043a\u0438 \u043b\u044b\u0436 \u0438 \u043e\u0431\u043e\u0440\u0443\u0434\u043e\u0432\u0430\u043d\u0438\u044f. \u0412\u044b\u0441\u043e\u043a\u043e\u0435 \u043a\u0430\u0447\u0435\u0441\u0442\u0432\u043e, \u043d\u0430\u0434\u0435\u0436\u043d\u043e\u0441\u0442\u044c \u0438 \u0441\u0442\u0438\u043b\u044c\u043d\u044b\u0439 \u0434\u0438\u0437\u0430\u0439\u043d!","og_url":"https:\/\/xstyle.md\/ro\/produs\/thule-motion-xt-l-black-glossy\/","og_site_name":"\u041c\u0430\u0433\u0430\u0437\u0438\u043d Xstyle","article_publisher":"https:\/\/www.facebook.com\/xstylemd","article_modified_time":"2024-10-25T12:16:45+00:00","og_image":[{"width":900,"height":595,"url":"https:\/\/xstyle.md\/wp-content\/uploads\/2020\/07\/thule_motion_xt_l_black_glossy.jpg","type":"image\/jpeg"}],"twitter_card":"summary_large_image","twitter_misc":{"Pre\u021b":"15.990&nbsp;MDL","Disponibilitate":"Stoc epuizat"},"schema":{"@context":"https:\/\/schema.org","@graph":[{"@type":"WebPage","@id":"https:\/\/xstyle.md\/product\/thule-motion-xt-l-black-glossy\/","url":"https:\/\/xstyle.md\/product\/thule-motion-xt-l-black-glossy\/","name":"\u0411\u0430\u0433\u0430\u0436\u043d\u0438\u043a \u043d\u0430 \u043a\u0440\u044b\u0448\u0443 Thule Motion XT L Black Glossy - \u041c\u0430\u0433\u0430\u0437\u0438\u043d Xstyle","isPartOf":{"@id":"https:\/\/xstyle.md\/#website"},"primaryImageOfPage":{"@id":"https:\/\/xstyle.md\/product\/thule-motion-xt-l-black-glossy\/#primaryimage"},"image":{"@id":"https:\/\/xstyle.md\/product\/thule-motion-xt-l-black-glossy\/#primaryimage"},"thumbnailUrl":"https:\/\/xstyle.md\/wp-content\/uploads\/2020\/07\/thule_motion_xt_l_black_glossy.jpg","datePublished":"2020-07-17T09:55:21+00:00","dateModified":"2024-10-25T12:16:45+00:00","description":"Descoperi\u021bi cutia Thule Motion XT L Black Glossy \u2014 solu\u021bia ideal\u0103 pentru transportul schiurilor \u0219i echipamentului. Calitate \u00eenalt\u0103, fiabilitate \u0219i un design stylish!","breadcrumb":{"@id":"https:\/\/xstyle.md\/product\/thule-motion-xt-l-black-glossy\/#breadcrumb"},"inLanguage":"ro-RO","potentialAction":[{"@type":"ReadAction","target":["https:\/\/xstyle.md\/product\/thule-motion-xt-l-black-glossy\/"]}]},{"@type":"ImageObject","inLanguage":"ro-RO","@id":"https:\/\/xstyle.md\/product\/thule-motion-xt-l-black-glossy\/#primaryimage","url":"https:\/\/xstyle.md\/wp-content\/uploads\/2020\/07\/thule_motion_xt_l_black_glossy.jpg","contentUrl":"https:\/\/xstyle.md\/wp-content\/uploads\/2020\/07\/thule_motion_xt_l_black_glossy.jpg","width":900,"height":595},{"@type":"BreadcrumbList","@id":"https:\/\/xstyle.md\/product\/thule-motion-xt-l-black-glossy\/#breadcrumb","itemListElement":[{"@type":"ListItem","position":1,"name":"\u0413\u043b\u0430\u0432\u043d\u0430\u044f \u0441\u0442\u0440\u0430\u043d\u0438\u0446\u0430","item":"https:\/\/xstyle.md\/"},{"@type":"ListItem","position":2,"name":"\u041c\u0430\u0433\u0430\u0437\u0438\u043d","item":"https:\/\/xstyle.md\/shop\/"},{"@type":"ListItem","position":3,"name":"\u0411\u0430\u0433\u0430\u0436\u043d\u0438\u043a \u043d\u0430 \u043a\u0440\u044b\u0448\u0443 Thule Motion XT L Black Glossy"}]},{"@type":"WebSite","@id":"https:\/\/xstyle.md\/#website","url":"https:\/\/xstyle.md\/","name":"Magazinul X-Style","description":"Echipamente pentru turism \u0219i sporturi extreme \u00een Moldova. Pre\u021buri, fotografii, caracteristici \u00een Moldova.","publisher":{"@id":"https:\/\/xstyle.md\/#organization"},"alternateName":"X-Style","potentialAction":[{"@type":"SearchAction","target":{"@type":"EntryPoint","urlTemplate":"https:\/\/xstyle.md\/?s={search_term_string}"},"query-input":{"@type":"PropertyValueSpecification","valueRequired":true,"valueName":"search_term_string"}}],"inLanguage":"ro-RO"},{"@type":"Organization","@id":"https:\/\/xstyle.md\/#organization","name":"Magazinul X-Style","alternateName":"x-style","url":"https:\/\/xstyle.md\/","logo":{"@type":"ImageObject","inLanguage":"ro-RO","@id":"https:\/\/xstyle.md\/#\/schema\/logo\/image\/","url":"https:\/\/xstyle.md\/wp-content\/uploads\/2020\/06\/logoicon.svg","contentUrl":"https:\/\/xstyle.md\/wp-content\/uploads\/2020\/06\/logoicon.svg","caption":"\u041c\u0430\u0433\u0430\u0437\u0438\u043d Xstyle"},"image":{"@id":"https:\/\/xstyle.md\/#\/schema\/logo\/image\/"},"sameAs":["https:\/\/www.facebook.com\/xstylemd","https:\/\/www.instagram.com\/xstyle_md\/","https:\/\/t.me\/xstyle_outdoor"],"hasMerchantReturnPolicy":{"@type":"MerchantReturnPolicy","merchantReturnLink":"https:\/\/xstyle.md\/ro\/conditions\/"}}]},"product_price_amount":"15990.00","product_price_currency":"MDL","og_availability":"out of stock","product_availability":"out of stock","product_retailer_item_id":"629701","product_condition":"new"},"post_mailing_queue_ids":[],"_links":{"self":[{"href":"https:\/\/xstyle.md\/ro\/wp-json\/wp\/v2\/product\/13287","targetHints":{"allow":["GET"]}}],"collection":[{"href":"https:\/\/xstyle.md\/ro\/wp-json\/wp\/v2\/product"}],"about":[{"href":"https:\/\/xstyle.md\/ro\/wp-json\/wp\/v2\/types\/product"}],"replies":[{"embeddable":true,"href":"https:\/\/xstyle.md\/ro\/wp-json\/wp\/v2\/comments?post=13287"}],"wp:featuredmedia":[{"embeddable":true,"href":"https:\/\/xstyle.md\/ro\/wp-json\/wp\/v2\/media\/13280"}],"wp:attachment":[{"href":"https:\/\/xstyle.md\/ro\/wp-json\/wp\/v2\/media?parent=13287"}],"wp:term":[{"taxonomy":"product_brand","embeddable":true,"href":"https:\/\/xstyle.md\/ro\/wp-json\/wp\/v2\/product_brand?post=13287"},{"taxonomy":"product_cat","embeddable":true,"href":"https:\/\/xstyle.md\/ro\/wp-json\/wp\/v2\/product_cat?post=13287"},{"taxonomy":"product_tag","embeddable":true,"href":"https:\/\/xstyle.md\/ro\/wp-json\/wp\/v2\/product_tag?post=13287"}],"curies":[{"name":"wp","href":"https:\/\/api.w.org\/{rel}","templated":true}]}}