{"id":13106,"date":"2020-07-17T12:42:02","date_gmt":"2020-07-17T09:42:02","guid":{"rendered":"https:\/\/xstyle.md\/product\/skal-nyj-krjuk-petzl-u"},"modified":"2024-10-19T23:55:06","modified_gmt":"2024-10-19T20:55:06","slug":"skal-nyj-krjuk-petzl-u","status":"publish","type":"product","link":"https:\/\/xstyle.md\/ro\/produs\/skal-nyj-krjuk-petzl-u\/","title":{"rendered":"C\u00e2rlig pentru st\u00e2nc\u0103 Petzl U"},"content":{"rendered":"<\/p>\n<p><strong>C\u00e2rlig pentru st\u00e2nc\u0103 Petzl U\u00a0<\/strong>din o\u021bel semi-moale forjat. C\u00e2rlig pentru fisuri mari \u00een granit \u0219i calcar. Se deformeaz\u0103, lu\u00e2nd forma unei fisuri (o\u021bel semi-moale nec\u0103lzit).<\/p>\n<h3>Caracteristici<\/h3>\n<ul>\n<li>Material &#8212; o\u021bel<\/li>\n<li>Dimensiune &#8212; 12 cm<\/li>\n<li>Greutate &#8212; 125 g<\/li>\n<li>Certificare &#8212; CE EN 569, UIAA<\/li>\n<\/ul>\n<h3>Marca<\/h3>\n<p>PETZL este un brand de renume mondial care produce echipamente specializate pentru alpinism, speologie, escalad\u0103 \u0219i alpinism industrial. Compania a fost fondat\u0103 de Fernand Petzel, un om cu o pasiune de o via\u021b\u0103 pentru speologie. La mijlocul anilor 1970, pasiunea sa \u0219i afacerea de familie s-au transformat \u00een ceva mai mult. Fernand a \u00eenceput s\u0103 modifice dispozitivele existente utilizate \u00een speologie \u0219i apoi s\u0103 inventeze unele complet noi.<\/p>\n<p>Gama de produse a companiei s-a extins c\u0103tre iluminat, deoarece \u00een \u00eentunericul pe\u0219terilor acesta este unul dintre cele mai importante echipamente necesare. Dup\u0103 speologie, PETZL creeaz\u0103 echipamente pentru alpini\u0219ti \u0219i alpini\u0219ti, iar apoi pentru lucrul la \u00een\u0103l\u021bime.<\/p>\n<p>Misiunea PETZL este de a crea instrumente inovatoare care s\u0103 permit\u0103 b\u0103rba\u021bilor \u0219i femeilor s\u0103 ating\u0103 noi \u00een\u0103l\u021bimi pe vertical\u0103 \u0219i s\u0103 lumineze drumul \u00een \u00eentuneric. Compania este \u00eentr-o c\u0103utare continu\u0103 a celei mai bune solu\u021bii \u00een toate domeniile de activitate. Performan\u021ba, ergonomia, confortul \u0219i, cel mai important, siguran\u021ba sunt cele mai importante criterii \u00een aceast\u0103 c\u0103utare. Accesul la inaccesibil, sau \u201eatingerea inaccesibilului\u201d este motto-ul s\u0103u de lung\u0103 durat\u0103.<\/p>\n<p><\/p>","protected":false},"excerpt":{"rendered":"<p>C\u00e2rlig pentru st\u00e2nc\u0103 Petzl U<\/p>","protected":false},"featured_media":13105,"comment_status":"open","ping_status":"closed","template":"","meta":{"_acf_changed":false,"inline_featured_image":false},"product_brand":[1270],"product_cat":[328],"product_tag":[],"class_list":{"0":"post-13106","1":"product","2":"type-product","3":"status-publish","4":"has-post-thumbnail","6":"product_brand-petzl","7":"product_cat-hooks","9":"first","10":"instock","11":"sale","12":"shipping-taxable","13":"purchasable","14":"product-type-simple"},"acf":[],"yoast_head":"<!-- This site is optimized with the Yoast SEO plugin v27.2 - https:\/\/yoast.com\/product\/yoast-seo-wordpress\/ -->\n<title>\u0421\u043a\u0430\u043b\u044c\u043d\u044b\u0439 \u043a\u0440\u044e\u043a Petzl U - \u041c\u0430\u0433\u0430\u0437\u0438\u043d Xstyle<\/title>\n<meta name=\"description\" content=\"\u0421\u043a\u0430\u043b\u044c\u043d\u044b\u0439 \u043a\u0440\u044e\u043a Petzl U \u0438\u0437 \u043f\u043e\u043b\u0443\u0436\u0435\u0441\u0442\u043a\u043e\u0439 \u0441\u0442\u0430\u043b\u0438 \u0441 \u0441\u0435\u0440\u0442\u0438\u0444\u0438\u043a\u0430\u0446\u0438\u0435\u0439 CE EN 569. \u0418\u0434\u0435\u0430\u043b\u0435\u043d \u0434\u043b\u044f \u0431\u043e\u043b\u044c\u0448\u0438\u0445 \u0442\u0440\u0435\u0449\u0438\u043d \u0432 \u0433\u0440\u0430\u043d\u0438\u0442\u0435 \u0438 \u0438\u0437\u0432\u0435\u0441\u0442\u043d\u044f\u043a\u0435. \u041e\u0431\u0435\u0441\u043f\u0435\u0447\u0438\u0432\u0430\u0435\u0442 \u043d\u0430\u0434\u0435\u0436\u043d\u044b\u0439 \u0437\u0430\u0445\u0432\u0430\u0442!\" \/>\n<meta name=\"robots\" content=\"index, follow, max-snippet:-1, max-image-preview:large, max-video-preview:-1\" \/>\n<link rel=\"canonical\" href=\"https:\/\/xstyle.md\/ro\/produs\/skal-nyj-krjuk-petzl-u\/\" \/>\n<meta property=\"og:locale\" content=\"ro_RO\" \/>\n<meta property=\"og:type\" content=\"article\" \/>\n<meta property=\"og:title\" content=\"\u0421\u043a\u0430\u043b\u044c\u043d\u044b\u0439 \u043a\u0440\u044e\u043a Petzl U - \u041c\u0430\u0433\u0430\u0437\u0438\u043d Xstyle\" \/>\n<meta property=\"og:description\" content=\"\u0421\u043a\u0430\u043b\u044c\u043d\u044b\u0439 \u043a\u0440\u044e\u043a Petzl U \u0438\u0437 \u043f\u043e\u043b\u0443\u0436\u0435\u0441\u0442\u043a\u043e\u0439 \u0441\u0442\u0430\u043b\u0438 \u0441 \u0441\u0435\u0440\u0442\u0438\u0444\u0438\u043a\u0430\u0446\u0438\u0435\u0439 CE EN 569. \u0418\u0434\u0435\u0430\u043b\u0435\u043d \u0434\u043b\u044f \u0431\u043e\u043b\u044c\u0448\u0438\u0445 \u0442\u0440\u0435\u0449\u0438\u043d \u0432 \u0433\u0440\u0430\u043d\u0438\u0442\u0435 \u0438 \u0438\u0437\u0432\u0435\u0441\u0442\u043d\u044f\u043a\u0435. \u041e\u0431\u0435\u0441\u043f\u0435\u0447\u0438\u0432\u0430\u0435\u0442 \u043d\u0430\u0434\u0435\u0436\u043d\u044b\u0439 \u0437\u0430\u0445\u0432\u0430\u0442!\" \/>\n<meta property=\"og:url\" content=\"https:\/\/xstyle.md\/ro\/produs\/skal-nyj-krjuk-petzl-u\/\" \/>\n<meta property=\"og:site_name\" content=\"\u041c\u0430\u0433\u0430\u0437\u0438\u043d Xstyle\" \/>\n<meta property=\"article:publisher\" content=\"https:\/\/www.facebook.com\/xstylemd\" \/>\n<meta property=\"article:modified_time\" content=\"2024-10-19T20:55:06+00:00\" \/>\n<meta property=\"og:image\" content=\"https:\/\/xstyle.md\/wp-content\/uploads\/2020\/07\/1374764697_1_1_.jpg\" \/>\n\t<meta property=\"og:image:width\" content=\"181\" \/>\n\t<meta property=\"og:image:height\" content=\"600\" \/>\n\t<meta property=\"og:image:type\" content=\"image\/jpeg\" \/>\n<meta name=\"twitter:card\" content=\"summary_large_image\" \/>\n<meta name=\"twitter:label1\" content=\"Pre\u021b\" \/>\n\t<meta name=\"twitter:data1\" content=\"294&nbsp;MDL\" \/>\n\t<meta name=\"twitter:label2\" content=\"Disponibilitate\" \/>\n\t<meta name=\"twitter:data2\" content=\"\u00cen stoc\" \/>\n<script type=\"application\/ld+json\" class=\"yoast-schema-graph\">{\"@context\":\"https:\/\/schema.org\",\"@graph\":[{\"@type\":\"WebPage\",\"@id\":\"https:\/\/xstyle.md\/product\/skal-nyj-krjuk-petzl-u\/\",\"url\":\"https:\/\/xstyle.md\/product\/skal-nyj-krjuk-petzl-u\/\",\"name\":\"\u0421\u043a\u0430\u043b\u044c\u043d\u044b\u0439 \u043a\u0440\u044e\u043a Petzl U - \u041c\u0430\u0433\u0430\u0437\u0438\u043d Xstyle\",\"isPartOf\":{\"@id\":\"https:\/\/xstyle.md\/#website\"},\"primaryImageOfPage\":{\"@id\":\"https:\/\/xstyle.md\/product\/skal-nyj-krjuk-petzl-u\/#primaryimage\"},\"image\":{\"@id\":\"https:\/\/xstyle.md\/product\/skal-nyj-krjuk-petzl-u\/#primaryimage\"},\"thumbnailUrl\":\"https:\/\/xstyle.md\/wp-content\/uploads\/2020\/07\/1374764697_1_1_.jpg\",\"datePublished\":\"2020-07-17T09:42:02+00:00\",\"dateModified\":\"2024-10-19T20:55:06+00:00\",\"description\":\"\u0421\u043a\u0430\u043b\u044c\u043d\u044b\u0439 \u043a\u0440\u044e\u043a Petzl U \u0438\u0437 \u043f\u043e\u043b\u0443\u0436\u0435\u0441\u0442\u043a\u043e\u0439 \u0441\u0442\u0430\u043b\u0438 \u0441 \u0441\u0435\u0440\u0442\u0438\u0444\u0438\u043a\u0430\u0446\u0438\u0435\u0439 CE EN 569. \u0418\u0434\u0435\u0430\u043b\u0435\u043d \u0434\u043b\u044f \u0431\u043e\u043b\u044c\u0448\u0438\u0445 \u0442\u0440\u0435\u0449\u0438\u043d \u0432 \u0433\u0440\u0430\u043d\u0438\u0442\u0435 \u0438 \u0438\u0437\u0432\u0435\u0441\u0442\u043d\u044f\u043a\u0435. \u041e\u0431\u0435\u0441\u043f\u0435\u0447\u0438\u0432\u0430\u0435\u0442 \u043d\u0430\u0434\u0435\u0436\u043d\u044b\u0439 \u0437\u0430\u0445\u0432\u0430\u0442!\",\"breadcrumb\":{\"@id\":\"https:\/\/xstyle.md\/product\/skal-nyj-krjuk-petzl-u\/#breadcrumb\"},\"inLanguage\":\"ro-RO\",\"potentialAction\":[{\"@type\":\"ReadAction\",\"target\":[\"https:\/\/xstyle.md\/product\/skal-nyj-krjuk-petzl-u\/\"]}]},{\"@type\":\"ImageObject\",\"inLanguage\":\"ro-RO\",\"@id\":\"https:\/\/xstyle.md\/product\/skal-nyj-krjuk-petzl-u\/#primaryimage\",\"url\":\"https:\/\/xstyle.md\/wp-content\/uploads\/2020\/07\/1374764697_1_1_.jpg\",\"contentUrl\":\"https:\/\/xstyle.md\/wp-content\/uploads\/2020\/07\/1374764697_1_1_.jpg\",\"width\":181,\"height\":600},{\"@type\":\"BreadcrumbList\",\"@id\":\"https:\/\/xstyle.md\/product\/skal-nyj-krjuk-petzl-u\/#breadcrumb\",\"itemListElement\":[{\"@type\":\"ListItem\",\"position\":1,\"name\":\"\u0413\u043b\u0430\u0432\u043d\u0430\u044f \u0441\u0442\u0440\u0430\u043d\u0438\u0446\u0430\",\"item\":\"https:\/\/xstyle.md\/\"},{\"@type\":\"ListItem\",\"position\":2,\"name\":\"\u041c\u0430\u0433\u0430\u0437\u0438\u043d\",\"item\":\"https:\/\/xstyle.md\/shop\/\"},{\"@type\":\"ListItem\",\"position\":3,\"name\":\"\u0421\u043a\u0430\u043b\u044c\u043d\u044b\u0439 \u043a\u0440\u044e\u043a Petzl U\"}]},{\"@type\":\"WebSite\",\"@id\":\"https:\/\/xstyle.md\/#website\",\"url\":\"https:\/\/xstyle.md\/\",\"name\":\"\u041c\u0430\u0433\u0430\u0437\u0438\u043d Xstyle\",\"description\":\"C\u043d\u0430\u0440\u044f\u0436\u0435\u043d\u0438\u0435 \u0434\u043b\u044f \u0442\u0443\u0440\u0438\u0437\u043c\u0430 \u0438 \u044d\u043a\u0441\u0442\u0440\u0435\u043c\u0430\u043b\u044c\u043d\u044b\u0445 \u0432\u0438\u0434\u043e\u0432 \u0441\u043f\u043e\u0440\u0442\u0430 \u0432 \u041c\u043e\u043b\u0434\u043e\u0432\u0435.. \u0426\u0435\u043d\u044b, \u0444\u043e\u0442\u043e, \u0445\u0430\u0440\u0430\u043a\u0442\u0435\u0440\u0438\u0441\u0442\u0438\u043a\u0438 \u0432 \u041c\u043e\u043b\u0434\u043e\u0432\u0435.\",\"publisher\":{\"@id\":\"https:\/\/xstyle.md\/#organization\"},\"alternateName\":\"X-Style\",\"potentialAction\":[{\"@type\":\"SearchAction\",\"target\":{\"@type\":\"EntryPoint\",\"urlTemplate\":\"https:\/\/xstyle.md\/?s={search_term_string}\"},\"query-input\":{\"@type\":\"PropertyValueSpecification\",\"valueRequired\":true,\"valueName\":\"search_term_string\"}}],\"inLanguage\":\"ro-RO\"},{\"@type\":\"Organization\",\"@id\":\"https:\/\/xstyle.md\/#organization\",\"name\":\"\u041c\u0430\u0433\u0430\u0437\u0438\u043d Xstyle\",\"alternateName\":\"x-style\",\"url\":\"https:\/\/xstyle.md\/\",\"logo\":{\"@type\":\"ImageObject\",\"inLanguage\":\"ro-RO\",\"@id\":\"https:\/\/xstyle.md\/#\/schema\/logo\/image\/\",\"url\":\"https:\/\/xstyle.md\/wp-content\/uploads\/2020\/06\/logoicon.svg\",\"contentUrl\":\"https:\/\/xstyle.md\/wp-content\/uploads\/2020\/06\/logoicon.svg\",\"caption\":\"\u041c\u0430\u0433\u0430\u0437\u0438\u043d Xstyle\"},\"image\":{\"@id\":\"https:\/\/xstyle.md\/#\/schema\/logo\/image\/\"},\"sameAs\":[\"https:\/\/www.facebook.com\/xstylemd\",\"https:\/\/www.instagram.com\/xstyle_md\/\",\"https:\/\/t.me\/xstyle_outdoor\"],\"hasMerchantReturnPolicy\":{\"@type\":\"MerchantReturnPolicy\",\"merchantReturnLink\":\"https:\/\/xstyle.md\/ro\/conditions\/\"}}]}<\/script>\n<meta property=\"product:price:amount\" content=\"294.00\" \/>\n<meta property=\"product:price:currency\" content=\"MDL\" \/>\n<meta property=\"og:availability\" content=\"instock\" \/>\n<meta property=\"product:availability\" content=\"instock\" \/>\n<meta property=\"product:retailer_item_id\" content=\"3342540653146\" \/>\n<meta property=\"product:condition\" content=\"new\" \/>\n<!-- \/ Yoast SEO plugin. -->","yoast_head_json":{"title":"C\u00e2rlig pentru st\u00e2nc\u0103 Petzl U - Magazin Xstyle","description":"C\u00e2rligul de st\u00e2nc\u0103 Petzl U din o\u021bel semi-rigid cu certificare CE EN 569. Ideal pentru cr\u0103p\u0103turi mari \u00een granit \u0219i calcar. Ofer\u0103 o prindere sigur\u0103!","robots":{"index":"index","follow":"follow","max-snippet":"max-snippet:-1","max-image-preview":"max-image-preview:large","max-video-preview":"max-video-preview:-1"},"canonical":"https:\/\/xstyle.md\/ro\/produs\/skal-nyj-krjuk-petzl-u\/","og_locale":"ro_RO","og_type":"article","og_title":"\u0421\u043a\u0430\u043b\u044c\u043d\u044b\u0439 \u043a\u0440\u044e\u043a Petzl U - \u041c\u0430\u0433\u0430\u0437\u0438\u043d Xstyle","og_description":"\u0421\u043a\u0430\u043b\u044c\u043d\u044b\u0439 \u043a\u0440\u044e\u043a Petzl U \u0438\u0437 \u043f\u043e\u043b\u0443\u0436\u0435\u0441\u0442\u043a\u043e\u0439 \u0441\u0442\u0430\u043b\u0438 \u0441 \u0441\u0435\u0440\u0442\u0438\u0444\u0438\u043a\u0430\u0446\u0438\u0435\u0439 CE EN 569. \u0418\u0434\u0435\u0430\u043b\u0435\u043d \u0434\u043b\u044f \u0431\u043e\u043b\u044c\u0448\u0438\u0445 \u0442\u0440\u0435\u0449\u0438\u043d \u0432 \u0433\u0440\u0430\u043d\u0438\u0442\u0435 \u0438 \u0438\u0437\u0432\u0435\u0441\u0442\u043d\u044f\u043a\u0435. \u041e\u0431\u0435\u0441\u043f\u0435\u0447\u0438\u0432\u0430\u0435\u0442 \u043d\u0430\u0434\u0435\u0436\u043d\u044b\u0439 \u0437\u0430\u0445\u0432\u0430\u0442!","og_url":"https:\/\/xstyle.md\/ro\/produs\/skal-nyj-krjuk-petzl-u\/","og_site_name":"\u041c\u0430\u0433\u0430\u0437\u0438\u043d Xstyle","article_publisher":"https:\/\/www.facebook.com\/xstylemd","article_modified_time":"2024-10-19T20:55:06+00:00","og_image":[{"width":181,"height":600,"url":"https:\/\/xstyle.md\/wp-content\/uploads\/2020\/07\/1374764697_1_1_.jpg","type":"image\/jpeg"}],"twitter_card":"summary_large_image","twitter_misc":{"Pre\u021b":"294&nbsp;MDL","Disponibilitate":"\u00cen stoc"},"schema":{"@context":"https:\/\/schema.org","@graph":[{"@type":"WebPage","@id":"https:\/\/xstyle.md\/product\/skal-nyj-krjuk-petzl-u\/","url":"https:\/\/xstyle.md\/product\/skal-nyj-krjuk-petzl-u\/","name":"C\u00e2rlig pentru st\u00e2nc\u0103 Petzl U - Magazin Xstyle","isPartOf":{"@id":"https:\/\/xstyle.md\/#website"},"primaryImageOfPage":{"@id":"https:\/\/xstyle.md\/product\/skal-nyj-krjuk-petzl-u\/#primaryimage"},"image":{"@id":"https:\/\/xstyle.md\/product\/skal-nyj-krjuk-petzl-u\/#primaryimage"},"thumbnailUrl":"https:\/\/xstyle.md\/wp-content\/uploads\/2020\/07\/1374764697_1_1_.jpg","datePublished":"2020-07-17T09:42:02+00:00","dateModified":"2024-10-19T20:55:06+00:00","description":"C\u00e2rligul de st\u00e2nc\u0103 Petzl U din o\u021bel semi-rigid cu certificare CE EN 569. Ideal pentru cr\u0103p\u0103turi mari \u00een granit \u0219i calcar. Ofer\u0103 o prindere sigur\u0103!","breadcrumb":{"@id":"https:\/\/xstyle.md\/product\/skal-nyj-krjuk-petzl-u\/#breadcrumb"},"inLanguage":"ro-RO","potentialAction":[{"@type":"ReadAction","target":["https:\/\/xstyle.md\/product\/skal-nyj-krjuk-petzl-u\/"]}]},{"@type":"ImageObject","inLanguage":"ro-RO","@id":"https:\/\/xstyle.md\/product\/skal-nyj-krjuk-petzl-u\/#primaryimage","url":"https:\/\/xstyle.md\/wp-content\/uploads\/2020\/07\/1374764697_1_1_.jpg","contentUrl":"https:\/\/xstyle.md\/wp-content\/uploads\/2020\/07\/1374764697_1_1_.jpg","width":181,"height":600},{"@type":"BreadcrumbList","@id":"https:\/\/xstyle.md\/product\/skal-nyj-krjuk-petzl-u\/#breadcrumb","itemListElement":[{"@type":"ListItem","position":1,"name":"\u0413\u043b\u0430\u0432\u043d\u0430\u044f \u0441\u0442\u0440\u0430\u043d\u0438\u0446\u0430","item":"https:\/\/xstyle.md\/"},{"@type":"ListItem","position":2,"name":"\u041c\u0430\u0433\u0430\u0437\u0438\u043d","item":"https:\/\/xstyle.md\/shop\/"},{"@type":"ListItem","position":3,"name":"\u0421\u043a\u0430\u043b\u044c\u043d\u044b\u0439 \u043a\u0440\u044e\u043a Petzl U"}]},{"@type":"WebSite","@id":"https:\/\/xstyle.md\/#website","url":"https:\/\/xstyle.md\/","name":"Magazinul X-Style","description":"Echipamente pentru turism \u0219i sporturi extreme \u00een Moldova. Pre\u021buri, fotografii, caracteristici \u00een Moldova.","publisher":{"@id":"https:\/\/xstyle.md\/#organization"},"alternateName":"X-Style","potentialAction":[{"@type":"SearchAction","target":{"@type":"EntryPoint","urlTemplate":"https:\/\/xstyle.md\/?s={search_term_string}"},"query-input":{"@type":"PropertyValueSpecification","valueRequired":true,"valueName":"search_term_string"}}],"inLanguage":"ro-RO"},{"@type":"Organization","@id":"https:\/\/xstyle.md\/#organization","name":"Magazinul X-Style","alternateName":"x-style","url":"https:\/\/xstyle.md\/","logo":{"@type":"ImageObject","inLanguage":"ro-RO","@id":"https:\/\/xstyle.md\/#\/schema\/logo\/image\/","url":"https:\/\/xstyle.md\/wp-content\/uploads\/2020\/06\/logoicon.svg","contentUrl":"https:\/\/xstyle.md\/wp-content\/uploads\/2020\/06\/logoicon.svg","caption":"\u041c\u0430\u0433\u0430\u0437\u0438\u043d Xstyle"},"image":{"@id":"https:\/\/xstyle.md\/#\/schema\/logo\/image\/"},"sameAs":["https:\/\/www.facebook.com\/xstylemd","https:\/\/www.instagram.com\/xstyle_md\/","https:\/\/t.me\/xstyle_outdoor"],"hasMerchantReturnPolicy":{"@type":"MerchantReturnPolicy","merchantReturnLink":"https:\/\/xstyle.md\/ro\/conditions\/"}}]},"product_price_amount":"294.00","product_price_currency":"MDL","og_availability":"instock","product_availability":"instock","product_retailer_item_id":"3342540653146","product_condition":"new"},"post_mailing_queue_ids":[],"_links":{"self":[{"href":"https:\/\/xstyle.md\/ro\/wp-json\/wp\/v2\/product\/13106","targetHints":{"allow":["GET"]}}],"collection":[{"href":"https:\/\/xstyle.md\/ro\/wp-json\/wp\/v2\/product"}],"about":[{"href":"https:\/\/xstyle.md\/ro\/wp-json\/wp\/v2\/types\/product"}],"replies":[{"embeddable":true,"href":"https:\/\/xstyle.md\/ro\/wp-json\/wp\/v2\/comments?post=13106"}],"wp:featuredmedia":[{"embeddable":true,"href":"https:\/\/xstyle.md\/ro\/wp-json\/wp\/v2\/media\/13105"}],"wp:attachment":[{"href":"https:\/\/xstyle.md\/ro\/wp-json\/wp\/v2\/media?parent=13106"}],"wp:term":[{"taxonomy":"product_brand","embeddable":true,"href":"https:\/\/xstyle.md\/ro\/wp-json\/wp\/v2\/product_brand?post=13106"},{"taxonomy":"product_cat","embeddable":true,"href":"https:\/\/xstyle.md\/ro\/wp-json\/wp\/v2\/product_cat?post=13106"},{"taxonomy":"product_tag","embeddable":true,"href":"https:\/\/xstyle.md\/ro\/wp-json\/wp\/v2\/product_tag?post=13106"}],"curies":[{"name":"wp","href":"https:\/\/api.w.org\/{rel}","templated":true}]}}