{"id":1307,"date":"2020-07-16T16:16:00","date_gmt":"2020-07-16T13:16:00","guid":{"rendered":"https:\/\/xstyle.md\/product\/kovrik-therm-a-rest-z-lite-sol-reg"},"modified":"2024-10-21T09:00:23","modified_gmt":"2024-10-21T06:00:23","slug":"kovrik-therm-a-rest-z-lite-sol-reg","status":"publish","type":"product","link":"https:\/\/xstyle.md\/ro\/produs\/kovrik-therm-a-rest-z-lite-sol-reg\/","title":{"rendered":"Saltea Therm-A-Rest Z-Lite Sol Regular"},"content":{"rendered":"<\/p>\n<p><strong>Covora\u0219 Therm-A-Rest Z-Lite Sol Regular<\/strong> &#8212; cel mai u\u0219or \u0219i mai compact covora\u0219 pentru drume\u021bii, fabricat din spum\u0103 de polietilen\u0103 cu celule \u00eenchise, cu un strat termo-reflectorizant. Stratul superior este format din spum\u0103 de polietilen\u0103 nou\u0103, mai moale, pentru un confort sporit, iar stratul inferior din spum\u0103 de polietilen\u0103 mai dens\u0103, pentru o durabilitate.<\/p>\n<p>Formarea special\u0103 a spumei cu bulg\u0103ri \u0219i gropi\u021be alternante face ca salteaua s\u0103 fie mai moale \u0219i mai cald\u0103, cu o greutate minim\u0103. \u00centre\u021binere redus\u0103 \u0219i delicat\u0103. Combin\u0103 confortul \u0219i c\u0103ldura \u0219i este potrivit\u0103 pentru condi\u021bii extreme \u00een combina\u021bie cu alte covora\u0219e. Stratul reflectorizant de c\u0103ldur\u0103 ThermaCapture cre\u0219te coeficientul de izolare termic\u0103 cu p\u00e2n\u0103 la 15 %.<\/p>\n<p>Covora\u0219ul se pliaz\u0103 compact, conform principiului acordeonului, iar structura robust\u0103 a materialului poate rezista la o utilizare pe termen lung. Acesta poate fi utilizat ca un al doilea strat (suplimentar) la temperaturi sc\u0103zute. Covora\u0219ul poate fi utilizat \u00een turism, alpinism, camping \u0219i ciclism. Nu este afectat de \u00een\u021bep\u0103turi, iar t\u0103ieturile mici pot fi reparate cu u\u0219urin\u021b\u0103 pe teren.<\/p>\n<p>Conceput\u0103 pentru utilizare \u00een trei sezoane ca o alternativ\u0103 fiabil\u0103 \u0219i minimalist\u0103 la saltelele pneumatice de camping. Spuma durabil\u0103, presat\u0103 \u00een form\u0103 de napolitan\u0103, face ca acest model s\u0103 fie neobi\u0219nuit de moale \u0219i confortabil de dormit, spre deosebire de saltelele de camping mai rigide.<\/p>\n<h3>Particularit\u0103\u021bi<\/h3>\n<ul>\n<li>Suprafa\u021ba striat\u0103 a covorului formeaz\u0103 celule care \u00eempiedic\u0103 circula\u021bia liber\u0103 a aerului \u0219i r\u0103cirea prin convec\u021bie. Acest lucru spore\u0219te \u00een plus izola\u021bia termic\u0103 a saltelei (dac\u0103 celulele sunt suprapuse de corpul persoanei care doarme)<\/li>\n<li>Spuma de polietilen\u0103 folosit\u0103 pentru a crea Therm-a-Rest este de \u00eenalt\u0103 densitate \u0219i rezist\u0103 mult timp f\u0103r\u0103 a-\u0219i pierde propriet\u0103\u021bile. Covora\u0219ul este mai pu\u021bin \u00eencre\u021bit de la un sezon la altul, pierz\u00e2ndu-\u0219i cu greu moliciunea \u0219i propriet\u0103\u021bile de izolare termic\u0103.<\/li>\n<li>Z-Lite are un design testat \u00een timp \u0219i un echilibru excelent \u00eentre pre\u021b, durabilitate \u0219i confort<\/li>\n<li>Covora\u0219ul poate fi a\u0219ezat cu u\u0219urin\u021b\u0103 pe partea lateral\u0103 a rucsacului sau sub clapet\u0103<\/li>\n<li>Covora\u0219ul este suficient de izolat pentru vreme cald\u0103 \u0219i temperaturi sub zero grade.<\/li>\n<\/ul>\n<h3>Caracteristici<\/h3>\n<ul>\n<li>Material &#8212; spum\u0103 de polietilen\u0103<\/li>\n<li>Tip &#8212; covor (covor \u021besut)<\/li>\n<li>Dimensiuni &#8212; 183 x 51 cm<\/li>\n<li>Dimensiuni \u00een ambalaj &#8212; 51 x 13 x 14 cm<\/li>\n<li>Grosime &#8212; 2 cm<\/li>\n<li>Caracter sezonier &#8212; 3<\/li>\n<li>Valoare R &#8212; 2,2<\/li>\n<li>Greutate &#8212; 410 g.<\/li>\n<\/ul>\n<h3>Tehnologie<\/h3>\n<ul>\n<li><strong>R-value<\/strong> &#8212; este o caracteristic\u0103 a izola\u021biei termice a covorului atunci c\u00e2nd este complet umflat. Cu c\u00e2t cifra este mai mare, cu at\u00e2t covora\u0219ul dvs. va fi mai cald \u0219i mai confortabil. Pute\u021bi cre\u0219te R-value prin umflarea suplimentar\u0103 a saltelei.<\/li>\n<\/ul>\n<h3>Marca<\/h3>\n<p>Therm-a-rest este un pionier \u00een domeniul covora\u0219elor auto-gonflabile, astfel \u00eenc\u00e2t Therm-a-rest este foarte confortabil pe pia\u021ba de exterior. Dar nu ofer\u0103 doar saltele pentru dormit, ci \u0219i perne pentru drume\u021bii, spume elegante, scaune gonflabile, \u0219ezlonguri compacte, scaune pliabile.<\/p>\n<p>Culorile vii, designul futurist \u0219i ingineria \u00eendr\u0103znea\u021b\u0103 fac ca produsele Therm-a-rest s\u0103 fie recunoscute \u00een \u00eentreaga lume, at\u00e2t de c\u0103tre cei care c\u0103l\u0103toresc pe distan\u021be lungi, c\u00e2t \u0219i de cei care doresc s\u0103 petreac\u0103 o zi relaxant\u0103 \u00een aer liber.<\/p>\n<p><\/p>","protected":false},"excerpt":{"rendered":"<p>Saltea Therm-A-Rest Z-Lite Sol Regular<\/p>","protected":false},"featured_media":1303,"comment_status":"open","ping_status":"closed","template":"","meta":{"_acf_changed":false,"inline_featured_image":false},"product_brand":[1286],"product_cat":[200],"product_tag":[],"class_list":{"0":"post-1307","1":"product","2":"type-product","3":"status-publish","4":"has-post-thumbnail","6":"product_brand-therm-a-rest","7":"product_cat-travel-mats","9":"first","10":"instock","11":"shipping-taxable","12":"purchasable","13":"product-type-simple"},"acf":[],"yoast_head":"<!-- This site is optimized with the Yoast SEO plugin v27.4 - https:\/\/yoast.com\/product\/yoast-seo-wordpress\/ -->\n<title>\u041a\u043e\u0432\u0440\u0438\u043a Therm-A-Rest Z-Lite Sol Regular - \u041c\u0430\u0433\u0430\u0437\u0438\u043d Xstyle<\/title>\n<meta name=\"description\" content=\"\u041a\u043e\u0432\u0440\u0438\u043a Therm-A-Rest Z-Lite Sol Regular \u2014 \u043b\u0435\u0433\u043a\u0438\u0439 \u0438 \u043a\u043e\u043c\u043f\u0430\u043a\u0442\u043d\u044b\u0439, \u0441 \u0442\u0435\u0440\u043c\u043e\u043e\u0442\u0440\u0430\u0436\u0430\u044e\u0449\u0438\u043c \u0441\u043b\u043e\u0435\u043c \u0434\u043b\u044f \u043c\u0430\u043a\u0441\u0438\u043c\u0430\u043b\u044c\u043d\u043e\u0433\u043e \u043a\u043e\u043c\u0444\u043e\u0440\u0442\u0430 \u0438 \u0442\u0435\u043f\u043b\u043e\u0437\u0430\u0449\u0438\u0442\u044b. \u0418\u0434\u0435\u0430\u043b\u0435\u043d \u0434\u043b\u044f \u043f\u043e\u0445\u043e\u0434\u043e\u0432!\" \/>\n<meta name=\"robots\" content=\"index, follow, max-snippet:-1, max-image-preview:large, max-video-preview:-1\" \/>\n<link rel=\"canonical\" href=\"https:\/\/xstyle.md\/ro\/produs\/kovrik-therm-a-rest-z-lite-sol-reg\/\" \/>\n<meta property=\"og:locale\" content=\"ro_RO\" \/>\n<meta property=\"og:type\" content=\"article\" \/>\n<meta property=\"og:title\" content=\"\u041a\u043e\u0432\u0440\u0438\u043a Therm-A-Rest Z-Lite Sol Regular - \u041c\u0430\u0433\u0430\u0437\u0438\u043d Xstyle\" \/>\n<meta property=\"og:description\" content=\"\u041a\u043e\u0432\u0440\u0438\u043a Therm-A-Rest Z-Lite Sol Regular \u2014 \u043b\u0435\u0433\u043a\u0438\u0439 \u0438 \u043a\u043e\u043c\u043f\u0430\u043a\u0442\u043d\u044b\u0439, \u0441 \u0442\u0435\u0440\u043c\u043e\u043e\u0442\u0440\u0430\u0436\u0430\u044e\u0449\u0438\u043c \u0441\u043b\u043e\u0435\u043c \u0434\u043b\u044f \u043c\u0430\u043a\u0441\u0438\u043c\u0430\u043b\u044c\u043d\u043e\u0433\u043e \u043a\u043e\u043c\u0444\u043e\u0440\u0442\u0430 \u0438 \u0442\u0435\u043f\u043b\u043e\u0437\u0430\u0449\u0438\u0442\u044b. \u0418\u0434\u0435\u0430\u043b\u0435\u043d \u0434\u043b\u044f \u043f\u043e\u0445\u043e\u0434\u043e\u0432!\" \/>\n<meta property=\"og:url\" content=\"https:\/\/xstyle.md\/ro\/produs\/kovrik-therm-a-rest-z-lite-sol-reg\/\" \/>\n<meta property=\"og:site_name\" content=\"\u041c\u0430\u0433\u0430\u0437\u0438\u043d Xstyle\" \/>\n<meta property=\"article:publisher\" content=\"https:\/\/www.facebook.com\/xstylemd\" \/>\n<meta property=\"article:modified_time\" content=\"2024-10-21T06:00:23+00:00\" \/>\n<meta property=\"og:image\" content=\"https:\/\/xstyle.md\/wp-content\/uploads\/2020\/07\/zsol_reg.jpg\" \/>\n\t<meta property=\"og:image:width\" content=\"400\" \/>\n\t<meta property=\"og:image:height\" content=\"375\" \/>\n\t<meta property=\"og:image:type\" content=\"image\/jpeg\" \/>\n<meta name=\"twitter:card\" content=\"summary_large_image\" \/>\n<meta name=\"twitter:label1\" content=\"Pre\u021b\" \/>\n\t<meta name=\"twitter:data1\" content=\"1.360&nbsp;MDL\" \/>\n\t<meta name=\"twitter:label2\" content=\"Disponibilitate\" \/>\n\t<meta name=\"twitter:data2\" content=\"\u00cen stoc\" \/>\n<script type=\"application\/ld+json\" class=\"yoast-schema-graph\">{\"@context\":\"https:\\\/\\\/schema.org\",\"@graph\":[{\"@type\":\"WebPage\",\"@id\":\"https:\\\/\\\/xstyle.md\\\/product\\\/kovrik-therm-a-rest-z-lite-sol-reg\\\/\",\"url\":\"https:\\\/\\\/xstyle.md\\\/product\\\/kovrik-therm-a-rest-z-lite-sol-reg\\\/\",\"name\":\"\u041a\u043e\u0432\u0440\u0438\u043a Therm-A-Rest Z-Lite Sol Regular - \u041c\u0430\u0433\u0430\u0437\u0438\u043d Xstyle\",\"isPartOf\":{\"@id\":\"https:\\\/\\\/xstyle.md\\\/#website\"},\"primaryImageOfPage\":{\"@id\":\"https:\\\/\\\/xstyle.md\\\/product\\\/kovrik-therm-a-rest-z-lite-sol-reg\\\/#primaryimage\"},\"image\":{\"@id\":\"https:\\\/\\\/xstyle.md\\\/product\\\/kovrik-therm-a-rest-z-lite-sol-reg\\\/#primaryimage\"},\"thumbnailUrl\":\"https:\\\/\\\/xstyle.md\\\/wp-content\\\/uploads\\\/2020\\\/07\\\/zsol_reg.jpg\",\"datePublished\":\"2020-07-16T13:16:00+00:00\",\"dateModified\":\"2024-10-21T06:00:23+00:00\",\"description\":\"\u041a\u043e\u0432\u0440\u0438\u043a Therm-A-Rest Z-Lite Sol Regular \u2014 \u043b\u0435\u0433\u043a\u0438\u0439 \u0438 \u043a\u043e\u043c\u043f\u0430\u043a\u0442\u043d\u044b\u0439, \u0441 \u0442\u0435\u0440\u043c\u043e\u043e\u0442\u0440\u0430\u0436\u0430\u044e\u0449\u0438\u043c \u0441\u043b\u043e\u0435\u043c \u0434\u043b\u044f \u043c\u0430\u043a\u0441\u0438\u043c\u0430\u043b\u044c\u043d\u043e\u0433\u043e \u043a\u043e\u043c\u0444\u043e\u0440\u0442\u0430 \u0438 \u0442\u0435\u043f\u043b\u043e\u0437\u0430\u0449\u0438\u0442\u044b. \u0418\u0434\u0435\u0430\u043b\u0435\u043d \u0434\u043b\u044f \u043f\u043e\u0445\u043e\u0434\u043e\u0432!\",\"breadcrumb\":{\"@id\":\"https:\\\/\\\/xstyle.md\\\/product\\\/kovrik-therm-a-rest-z-lite-sol-reg\\\/#breadcrumb\"},\"inLanguage\":\"ro-RO\",\"potentialAction\":[{\"@type\":\"ReadAction\",\"target\":[\"https:\\\/\\\/xstyle.md\\\/product\\\/kovrik-therm-a-rest-z-lite-sol-reg\\\/\"]}]},{\"@type\":\"ImageObject\",\"inLanguage\":\"ro-RO\",\"@id\":\"https:\\\/\\\/xstyle.md\\\/product\\\/kovrik-therm-a-rest-z-lite-sol-reg\\\/#primaryimage\",\"url\":\"https:\\\/\\\/xstyle.md\\\/wp-content\\\/uploads\\\/2020\\\/07\\\/zsol_reg.jpg\",\"contentUrl\":\"https:\\\/\\\/xstyle.md\\\/wp-content\\\/uploads\\\/2020\\\/07\\\/zsol_reg.jpg\",\"width\":400,\"height\":375},{\"@type\":\"BreadcrumbList\",\"@id\":\"https:\\\/\\\/xstyle.md\\\/product\\\/kovrik-therm-a-rest-z-lite-sol-reg\\\/#breadcrumb\",\"itemListElement\":[{\"@type\":\"ListItem\",\"position\":1,\"name\":\"\u0413\u043b\u0430\u0432\u043d\u0430\u044f \u0441\u0442\u0440\u0430\u043d\u0438\u0446\u0430\",\"item\":\"https:\\\/\\\/xstyle.md\\\/\"},{\"@type\":\"ListItem\",\"position\":2,\"name\":\"\u041c\u0430\u0433\u0430\u0437\u0438\u043d\",\"item\":\"https:\\\/\\\/xstyle.md\\\/shop\\\/\"},{\"@type\":\"ListItem\",\"position\":3,\"name\":\"\u041a\u043e\u0432\u0440\u0438\u043a Therm-A-Rest Z-Lite Sol Regular\"}]},{\"@type\":\"WebSite\",\"@id\":\"https:\\\/\\\/xstyle.md\\\/#website\",\"url\":\"https:\\\/\\\/xstyle.md\\\/\",\"name\":\"\u041c\u0430\u0433\u0430\u0437\u0438\u043d Xstyle\",\"description\":\"C\u043d\u0430\u0440\u044f\u0436\u0435\u043d\u0438\u0435 \u0434\u043b\u044f \u0442\u0443\u0440\u0438\u0437\u043c\u0430 \u0438 \u044d\u043a\u0441\u0442\u0440\u0435\u043c\u0430\u043b\u044c\u043d\u044b\u0445 \u0432\u0438\u0434\u043e\u0432 \u0441\u043f\u043e\u0440\u0442\u0430 \u0432 \u041c\u043e\u043b\u0434\u043e\u0432\u0435.. \u0426\u0435\u043d\u044b, \u0444\u043e\u0442\u043e, \u0445\u0430\u0440\u0430\u043a\u0442\u0435\u0440\u0438\u0441\u0442\u0438\u043a\u0438 \u0432 \u041c\u043e\u043b\u0434\u043e\u0432\u0435.\",\"publisher\":{\"@id\":\"https:\\\/\\\/xstyle.md\\\/#organization\"},\"alternateName\":\"X-Style\",\"potentialAction\":[{\"@type\":\"SearchAction\",\"target\":{\"@type\":\"EntryPoint\",\"urlTemplate\":\"https:\\\/\\\/xstyle.md\\\/?s={search_term_string}\"},\"query-input\":{\"@type\":\"PropertyValueSpecification\",\"valueRequired\":true,\"valueName\":\"search_term_string\"}}],\"inLanguage\":\"ro-RO\"},{\"@type\":\"Organization\",\"@id\":\"https:\\\/\\\/xstyle.md\\\/#organization\",\"name\":\"\u041c\u0430\u0433\u0430\u0437\u0438\u043d Xstyle\",\"alternateName\":\"x-style\",\"url\":\"https:\\\/\\\/xstyle.md\\\/\",\"logo\":{\"@type\":\"ImageObject\",\"inLanguage\":\"ro-RO\",\"@id\":\"https:\\\/\\\/xstyle.md\\\/#\\\/schema\\\/logo\\\/image\\\/\",\"url\":\"https:\\\/\\\/xstyle.md\\\/wp-content\\\/uploads\\\/2020\\\/06\\\/logoicon.svg\",\"contentUrl\":\"https:\\\/\\\/xstyle.md\\\/wp-content\\\/uploads\\\/2020\\\/06\\\/logoicon.svg\",\"caption\":\"\u041c\u0430\u0433\u0430\u0437\u0438\u043d Xstyle\"},\"image\":{\"@id\":\"https:\\\/\\\/xstyle.md\\\/#\\\/schema\\\/logo\\\/image\\\/\"},\"sameAs\":[\"https:\\\/\\\/www.facebook.com\\\/xstylemd\",\"https:\\\/\\\/www.instagram.com\\\/xstyle_md\\\/\",\"https:\\\/\\\/t.me\\\/xstyle_outdoor\"],\"hasMerchantReturnPolicy\":{\"@type\":\"MerchantReturnPolicy\",\"merchantReturnLink\":\"https:\\\/\\\/xstyle.md\\\/ro\\\/conditions\\\/\"}}]}<\/script>\n<meta property=\"product:price:amount\" content=\"1360.00\" \/>\n<meta property=\"product:price:currency\" content=\"MDL\" \/>\n<meta property=\"og:availability\" content=\"instock\" \/>\n<meta property=\"product:availability\" content=\"instock\" \/>\n<meta property=\"product:retailer_item_id\" content=\"40818066706\" \/>\n<meta property=\"product:condition\" content=\"new\" \/>\n<!-- \/ Yoast SEO plugin. -->","yoast_head_json":{"title":"Covora\u0219 Therm-A-Rest Z-Lite Sol Regular - Magazin Xstyle","description":"\u041a\u043e\u0432\u0440\u0438\u043a Therm-A-Rest Z-Lite Sol Regular \u2014 \u043b\u0435\u0433\u043a\u0438\u0439 \u0438 \u043a\u043e\u043c\u043f\u0430\u043a\u0442\u043d\u044b\u0439, \u0441 \u0442\u0435\u0440\u043c\u043e\u043e\u0442\u0440\u0430\u0436\u0430\u044e\u0449\u0438\u043c \u0441\u043b\u043e\u0435\u043c \u0434\u043b\u044f \u043c\u0430\u043a\u0441\u0438\u043c\u0430\u043b\u044c\u043d\u043e\u0433\u043e \u043a\u043e\u043c\u0444\u043e\u0440\u0442\u0430 \u0438 \u0442\u0435\u043f\u043b\u043e\u0437\u0430\u0449\u0438\u0442\u044b. \u0418\u0434\u0435\u0430\u043b\u0435\u043d \u0434\u043b\u044f \u043f\u043e\u0445\u043e\u0434\u043e\u0432!","robots":{"index":"index","follow":"follow","max-snippet":"max-snippet:-1","max-image-preview":"max-image-preview:large","max-video-preview":"max-video-preview:-1"},"canonical":"https:\/\/xstyle.md\/ro\/produs\/kovrik-therm-a-rest-z-lite-sol-reg\/","og_locale":"ro_RO","og_type":"article","og_title":"\u041a\u043e\u0432\u0440\u0438\u043a Therm-A-Rest Z-Lite Sol Regular - \u041c\u0430\u0433\u0430\u0437\u0438\u043d Xstyle","og_description":"\u041a\u043e\u0432\u0440\u0438\u043a Therm-A-Rest Z-Lite Sol Regular \u2014 \u043b\u0435\u0433\u043a\u0438\u0439 \u0438 \u043a\u043e\u043c\u043f\u0430\u043a\u0442\u043d\u044b\u0439, \u0441 \u0442\u0435\u0440\u043c\u043e\u043e\u0442\u0440\u0430\u0436\u0430\u044e\u0449\u0438\u043c \u0441\u043b\u043e\u0435\u043c \u0434\u043b\u044f \u043c\u0430\u043a\u0441\u0438\u043c\u0430\u043b\u044c\u043d\u043e\u0433\u043e \u043a\u043e\u043c\u0444\u043e\u0440\u0442\u0430 \u0438 \u0442\u0435\u043f\u043b\u043e\u0437\u0430\u0449\u0438\u0442\u044b. \u0418\u0434\u0435\u0430\u043b\u0435\u043d \u0434\u043b\u044f \u043f\u043e\u0445\u043e\u0434\u043e\u0432!","og_url":"https:\/\/xstyle.md\/ro\/produs\/kovrik-therm-a-rest-z-lite-sol-reg\/","og_site_name":"\u041c\u0430\u0433\u0430\u0437\u0438\u043d Xstyle","article_publisher":"https:\/\/www.facebook.com\/xstylemd","article_modified_time":"2024-10-21T06:00:23+00:00","og_image":[{"width":400,"height":375,"url":"https:\/\/xstyle.md\/wp-content\/uploads\/2020\/07\/zsol_reg.jpg","type":"image\/jpeg"}],"twitter_card":"summary_large_image","twitter_misc":{"Pre\u021b":"1.360&nbsp;MDL","Disponibilitate":"\u00cen stoc"},"schema":{"@context":"https:\/\/schema.org","@graph":[{"@type":"WebPage","@id":"https:\/\/xstyle.md\/product\/kovrik-therm-a-rest-z-lite-sol-reg\/","url":"https:\/\/xstyle.md\/product\/kovrik-therm-a-rest-z-lite-sol-reg\/","name":"Covora\u0219 Therm-A-Rest Z-Lite Sol Regular - Magazin Xstyle","isPartOf":{"@id":"https:\/\/xstyle.md\/#website"},"primaryImageOfPage":{"@id":"https:\/\/xstyle.md\/product\/kovrik-therm-a-rest-z-lite-sol-reg\/#primaryimage"},"image":{"@id":"https:\/\/xstyle.md\/product\/kovrik-therm-a-rest-z-lite-sol-reg\/#primaryimage"},"thumbnailUrl":"https:\/\/xstyle.md\/wp-content\/uploads\/2020\/07\/zsol_reg.jpg","datePublished":"2020-07-16T13:16:00+00:00","dateModified":"2024-10-21T06:00:23+00:00","description":"\u041a\u043e\u0432\u0440\u0438\u043a Therm-A-Rest Z-Lite Sol Regular \u2014 \u043b\u0435\u0433\u043a\u0438\u0439 \u0438 \u043a\u043e\u043c\u043f\u0430\u043a\u0442\u043d\u044b\u0439, \u0441 \u0442\u0435\u0440\u043c\u043e\u043e\u0442\u0440\u0430\u0436\u0430\u044e\u0449\u0438\u043c \u0441\u043b\u043e\u0435\u043c \u0434\u043b\u044f \u043c\u0430\u043a\u0441\u0438\u043c\u0430\u043b\u044c\u043d\u043e\u0433\u043e \u043a\u043e\u043c\u0444\u043e\u0440\u0442\u0430 \u0438 \u0442\u0435\u043f\u043b\u043e\u0437\u0430\u0449\u0438\u0442\u044b. \u0418\u0434\u0435\u0430\u043b\u0435\u043d \u0434\u043b\u044f \u043f\u043e\u0445\u043e\u0434\u043e\u0432!","breadcrumb":{"@id":"https:\/\/xstyle.md\/product\/kovrik-therm-a-rest-z-lite-sol-reg\/#breadcrumb"},"inLanguage":"ro-RO","potentialAction":[{"@type":"ReadAction","target":["https:\/\/xstyle.md\/product\/kovrik-therm-a-rest-z-lite-sol-reg\/"]}]},{"@type":"ImageObject","inLanguage":"ro-RO","@id":"https:\/\/xstyle.md\/product\/kovrik-therm-a-rest-z-lite-sol-reg\/#primaryimage","url":"https:\/\/xstyle.md\/wp-content\/uploads\/2020\/07\/zsol_reg.jpg","contentUrl":"https:\/\/xstyle.md\/wp-content\/uploads\/2020\/07\/zsol_reg.jpg","width":400,"height":375},{"@type":"BreadcrumbList","@id":"https:\/\/xstyle.md\/product\/kovrik-therm-a-rest-z-lite-sol-reg\/#breadcrumb","itemListElement":[{"@type":"ListItem","position":1,"name":"\u0413\u043b\u0430\u0432\u043d\u0430\u044f \u0441\u0442\u0440\u0430\u043d\u0438\u0446\u0430","item":"https:\/\/xstyle.md\/"},{"@type":"ListItem","position":2,"name":"\u041c\u0430\u0433\u0430\u0437\u0438\u043d","item":"https:\/\/xstyle.md\/shop\/"},{"@type":"ListItem","position":3,"name":"\u041a\u043e\u0432\u0440\u0438\u043a Therm-A-Rest Z-Lite Sol Regular"}]},{"@type":"WebSite","@id":"https:\/\/xstyle.md\/#website","url":"https:\/\/xstyle.md\/","name":"Magazinul X-Style","description":"Echipamente pentru turism \u0219i sporturi extreme \u00een Moldova. Pre\u021buri, fotografii, caracteristici \u00een Moldova.","publisher":{"@id":"https:\/\/xstyle.md\/#organization"},"alternateName":"X-Style","potentialAction":[{"@type":"SearchAction","target":{"@type":"EntryPoint","urlTemplate":"https:\/\/xstyle.md\/?s={search_term_string}"},"query-input":{"@type":"PropertyValueSpecification","valueRequired":true,"valueName":"search_term_string"}}],"inLanguage":"ro-RO"},{"@type":"Organization","@id":"https:\/\/xstyle.md\/#organization","name":"Magazinul X-Style","alternateName":"x-style","url":"https:\/\/xstyle.md\/","logo":{"@type":"ImageObject","inLanguage":"ro-RO","@id":"https:\/\/xstyle.md\/#\/schema\/logo\/image\/","url":"https:\/\/xstyle.md\/wp-content\/uploads\/2020\/06\/logoicon.svg","contentUrl":"https:\/\/xstyle.md\/wp-content\/uploads\/2020\/06\/logoicon.svg","caption":"\u041c\u0430\u0433\u0430\u0437\u0438\u043d Xstyle"},"image":{"@id":"https:\/\/xstyle.md\/#\/schema\/logo\/image\/"},"sameAs":["https:\/\/www.facebook.com\/xstylemd","https:\/\/www.instagram.com\/xstyle_md\/","https:\/\/t.me\/xstyle_outdoor"],"hasMerchantReturnPolicy":{"@type":"MerchantReturnPolicy","merchantReturnLink":"https:\/\/xstyle.md\/ro\/conditions\/"}}]},"product_price_amount":"1360.00","product_price_currency":"MDL","og_availability":"instock","product_availability":"instock","product_retailer_item_id":"40818066706","product_condition":"new"},"post_mailing_queue_ids":[],"_links":{"self":[{"href":"https:\/\/xstyle.md\/ro\/wp-json\/wp\/v2\/product\/1307","targetHints":{"allow":["GET"]}}],"collection":[{"href":"https:\/\/xstyle.md\/ro\/wp-json\/wp\/v2\/product"}],"about":[{"href":"https:\/\/xstyle.md\/ro\/wp-json\/wp\/v2\/types\/product"}],"replies":[{"embeddable":true,"href":"https:\/\/xstyle.md\/ro\/wp-json\/wp\/v2\/comments?post=1307"}],"wp:featuredmedia":[{"embeddable":true,"href":"https:\/\/xstyle.md\/ro\/wp-json\/wp\/v2\/media\/1303"}],"wp:attachment":[{"href":"https:\/\/xstyle.md\/ro\/wp-json\/wp\/v2\/media?parent=1307"}],"wp:term":[{"taxonomy":"product_brand","embeddable":true,"href":"https:\/\/xstyle.md\/ro\/wp-json\/wp\/v2\/product_brand?post=1307"},{"taxonomy":"product_cat","embeddable":true,"href":"https:\/\/xstyle.md\/ro\/wp-json\/wp\/v2\/product_cat?post=1307"},{"taxonomy":"product_tag","embeddable":true,"href":"https:\/\/xstyle.md\/ro\/wp-json\/wp\/v2\/product_tag?post=1307"}],"curies":[{"name":"wp","href":"https:\/\/api.w.org\/{rel}","templated":true}]}}