{"id":12948,"date":"2020-07-17T12:35:27","date_gmt":"2020-07-17T09:35:27","guid":{"rendered":"https:\/\/xstyle.md\/?post_type=product&#038;p=12948"},"modified":"2024-10-21T09:49:25","modified_gmt":"2024-10-21T06:49:25","slug":"kontejner-nalgene-flasche-rund-30ml","status":"publish","type":"product","link":"https:\/\/xstyle.md\/ro\/produs\/kontejner-nalgene-flasche-rund-30ml\/","title":{"rendered":"Container Nalgene Narrow mouth bottles 30 ml"},"content":{"rendered":"<\/p>\n<p><strong>Nalgene Narrow mouth bottles 30 ml<\/strong> &#8212; un container fiabil care poate fi luat cu dvs. \u00een drume\u021bii, c\u0103l\u0103torii sau excursii cu cortul. Datorit\u0103 rezisten\u021bei sale chimice, are o gam\u0103 larg\u0103 de aplica\u021bii, astfel \u00eenc\u00e2t pute\u021bi transporta \u00een sticl\u0103 substan\u021be acide \u0219i substan\u021be care con\u021bin alcool.<\/p>\n<p>Produsele Nalgene se concentreaz\u0103 s\u0103 ajute oamenii s\u0103 \u00ee\u0219i simplifice via\u021ba, fie c\u0103 sunt \u00een c\u0103l\u0103torie, la serviciu sau acas\u0103, respect\u00e2nd \u00een acela\u0219i timp mediul \u00eenconjur\u0103tor.<\/p>\n<p>Recipientele Nalgene sunt versatile \u0219i potrivite pentru depozitarea alimentelor uscate sau lichide, a produselor de igien\u0103, a produselor cosmetice, a obiectelor mici.<\/p>\n<h3>Particularit\u0103\u021bi<\/h3>\n<ul>\n<li>U\u0219or de umplut \u0219i golit<\/li>\n<li>Foarte robust \u0219i fiabil, cu o durat\u0103 de via\u021b\u0103 ridicat\u0103<\/li>\n<li>Materiale de \u00eenalt\u0103 calitate utilizate<\/li>\n<li>Demonstreaz\u0103 o rezisten\u021b\u0103 chimic\u0103 excelent\u0103 la majoritatea acizilor \u0219i alcoolilor, ceea ce le face potrivite pentru o gam\u0103 larg\u0103 de aplica\u021bii<\/li>\n<li>Adecvate pentru utilizare \u00eentr-o varietate de intervale de temperatur\u0103<\/li>\n<li>Excelente pentru terapie, pentru depozitarea vitaminelor<\/li>\n<li>Designul sticlei economise\u0219te spa\u021biu \u00een bagaje sau acas\u0103<\/li>\n<li>Capacul securizat asigur\u0103 o protec\u021bie maxim\u0103 \u00eempotriva scurgerilor<\/li>\n<li>Nu re\u021bin mirosul<\/li>\n<li>Rezisten\u021b\u0103 ridicat\u0103 la impact.<\/li>\n<\/ul>\n<h3>Caracteristici<\/h3>\n<ul>\n<li>Material &#8212; polipropilen\u0103<\/li>\n<li>Volum &#8212; 30 ml<\/li>\n<li>\u00cen\u0103l\u021bime &#8212; 61 mm<\/li>\n<li>Capac &#8212; capac cu \u0219urub<\/li>\n<li>Diametrul capacului &#8212; 34 mm.<\/li>\n<\/ul>\n<p><\/p>","protected":false},"excerpt":{"rendered":"<p>Container Nalgene Narrow mouth bottles 30 ml<\/p>","protected":false},"featured_media":27827,"comment_status":"open","ping_status":"closed","template":"","meta":{"_acf_changed":false,"inline_featured_image":false},"product_brand":[1380],"product_cat":[904],"product_tag":[],"class_list":{"0":"post-12948","1":"product","2":"type-product","3":"status-publish","4":"has-post-thumbnail","6":"product_brand-relags","7":"product_cat-sticle-pentru-calatorie","9":"first","10":"instock","11":"shipping-taxable","12":"purchasable","13":"product-type-simple"},"acf":[],"yoast_head":"<!-- This site is optimized with the Yoast SEO plugin v27.2 - https:\/\/yoast.com\/product\/yoast-seo-wordpress\/ -->\n<title>\u041a\u043e\u043d\u0442\u0435\u0439\u043d\u0435\u0440 Nalgene Narrow mouth bottles 30 ml - \u041c\u0430\u0433\u0430\u0437\u0438\u043d Xstyle<\/title>\n<meta name=\"description\" content=\"\u041a\u043e\u043d\u0442\u0435\u0439\u043d\u0435\u0440 Nalgene 30 \u043c\u043b \u0438\u0434\u0435\u0430\u043b\u044c\u043d\u043e \u043f\u043e\u0434\u0445\u043e\u0434\u0438\u0442 \u0434\u043b\u044f \u043f\u0443\u0442\u0435\u0448\u0435\u0441\u0442\u0432\u0438\u0439 \u0438 \u043a\u0435\u043c\u043f\u0438\u043d\u0433\u0430. \u0423\u0441\u0442\u043e\u0439\u0447\u0438\u0432 \u043a \u043a\u0438\u0441\u043b\u043e\u0442\u0430\u043c \u0438 \u0430\u043b\u043a\u043e\u0433\u043e\u043b\u044e, \u043d\u0430\u0434\u0435\u0436\u043d\u043e \u043f\u043e\u0434\u0445\u043e\u0434\u0438\u0442 \u0434\u043b\u044f \u043b\u044e\u0431\u043e\u0433\u043e \u043f\u043e\u0445\u043e\u0434\u0430.\" \/>\n<meta name=\"robots\" content=\"index, follow, max-snippet:-1, max-image-preview:large, max-video-preview:-1\" \/>\n<link rel=\"canonical\" href=\"https:\/\/xstyle.md\/ro\/produs\/kontejner-nalgene-flasche-rund-30ml\/\" \/>\n<meta property=\"og:locale\" content=\"ro_RO\" \/>\n<meta property=\"og:type\" content=\"article\" \/>\n<meta property=\"og:title\" content=\"\u041a\u043e\u043d\u0442\u0435\u0439\u043d\u0435\u0440 Nalgene Narrow mouth bottles 30 ml - \u041c\u0430\u0433\u0430\u0437\u0438\u043d Xstyle\" \/>\n<meta property=\"og:description\" content=\"\u041a\u043e\u043d\u0442\u0435\u0439\u043d\u0435\u0440 Nalgene 30 \u043c\u043b \u0438\u0434\u0435\u0430\u043b\u044c\u043d\u043e \u043f\u043e\u0434\u0445\u043e\u0434\u0438\u0442 \u0434\u043b\u044f \u043f\u0443\u0442\u0435\u0448\u0435\u0441\u0442\u0432\u0438\u0439 \u0438 \u043a\u0435\u043c\u043f\u0438\u043d\u0433\u0430. \u0423\u0441\u0442\u043e\u0439\u0447\u0438\u0432 \u043a \u043a\u0438\u0441\u043b\u043e\u0442\u0430\u043c \u0438 \u0430\u043b\u043a\u043e\u0433\u043e\u043b\u044e, \u043d\u0430\u0434\u0435\u0436\u043d\u043e \u043f\u043e\u0434\u0445\u043e\u0434\u0438\u0442 \u0434\u043b\u044f \u043b\u044e\u0431\u043e\u0433\u043e \u043f\u043e\u0445\u043e\u0434\u0430.\" \/>\n<meta property=\"og:url\" content=\"https:\/\/xstyle.md\/ro\/produs\/kontejner-nalgene-flasche-rund-30ml\/\" \/>\n<meta property=\"og:site_name\" content=\"\u041c\u0430\u0433\u0430\u0437\u0438\u043d Xstyle\" \/>\n<meta property=\"article:publisher\" content=\"https:\/\/www.facebook.com\/xstylemd\" \/>\n<meta property=\"article:modified_time\" content=\"2024-10-21T06:49:25+00:00\" \/>\n<meta property=\"og:image\" content=\"https:\/\/xstyle.md\/wp-content\/uploads\/2021\/04\/3429-15_grande.jpg\" \/>\n\t<meta property=\"og:image:width\" content=\"600\" \/>\n\t<meta property=\"og:image:height\" content=\"600\" \/>\n\t<meta property=\"og:image:type\" content=\"image\/jpeg\" \/>\n<meta name=\"twitter:card\" content=\"summary_large_image\" \/>\n<meta name=\"twitter:label1\" content=\"Pre\u021b\" \/>\n\t<meta name=\"twitter:data1\" content=\"60&nbsp;MDL\" \/>\n\t<meta name=\"twitter:label2\" content=\"Disponibilitate\" \/>\n\t<meta name=\"twitter:data2\" content=\"\u00cen stoc\" \/>\n<script type=\"application\/ld+json\" class=\"yoast-schema-graph\">{\"@context\":\"https:\/\/schema.org\",\"@graph\":[{\"@type\":\"WebPage\",\"@id\":\"https:\/\/xstyle.md\/product\/kontejner-nalgene-flasche-rund-30ml\/\",\"url\":\"https:\/\/xstyle.md\/product\/kontejner-nalgene-flasche-rund-30ml\/\",\"name\":\"\u041a\u043e\u043d\u0442\u0435\u0439\u043d\u0435\u0440 Nalgene Narrow mouth bottles 30 ml - \u041c\u0430\u0433\u0430\u0437\u0438\u043d Xstyle\",\"isPartOf\":{\"@id\":\"https:\/\/xstyle.md\/#website\"},\"primaryImageOfPage\":{\"@id\":\"https:\/\/xstyle.md\/product\/kontejner-nalgene-flasche-rund-30ml\/#primaryimage\"},\"image\":{\"@id\":\"https:\/\/xstyle.md\/product\/kontejner-nalgene-flasche-rund-30ml\/#primaryimage\"},\"thumbnailUrl\":\"https:\/\/xstyle.md\/wp-content\/uploads\/2021\/04\/3429-15_grande.jpg\",\"datePublished\":\"2020-07-17T09:35:27+00:00\",\"dateModified\":\"2024-10-21T06:49:25+00:00\",\"description\":\"\u041a\u043e\u043d\u0442\u0435\u0439\u043d\u0435\u0440 Nalgene 30 \u043c\u043b \u0438\u0434\u0435\u0430\u043b\u044c\u043d\u043e \u043f\u043e\u0434\u0445\u043e\u0434\u0438\u0442 \u0434\u043b\u044f \u043f\u0443\u0442\u0435\u0448\u0435\u0441\u0442\u0432\u0438\u0439 \u0438 \u043a\u0435\u043c\u043f\u0438\u043d\u0433\u0430. \u0423\u0441\u0442\u043e\u0439\u0447\u0438\u0432 \u043a \u043a\u0438\u0441\u043b\u043e\u0442\u0430\u043c \u0438 \u0430\u043b\u043a\u043e\u0433\u043e\u043b\u044e, \u043d\u0430\u0434\u0435\u0436\u043d\u043e \u043f\u043e\u0434\u0445\u043e\u0434\u0438\u0442 \u0434\u043b\u044f \u043b\u044e\u0431\u043e\u0433\u043e \u043f\u043e\u0445\u043e\u0434\u0430.\",\"breadcrumb\":{\"@id\":\"https:\/\/xstyle.md\/product\/kontejner-nalgene-flasche-rund-30ml\/#breadcrumb\"},\"inLanguage\":\"ro-RO\",\"potentialAction\":[{\"@type\":\"ReadAction\",\"target\":[\"https:\/\/xstyle.md\/product\/kontejner-nalgene-flasche-rund-30ml\/\"]}]},{\"@type\":\"ImageObject\",\"inLanguage\":\"ro-RO\",\"@id\":\"https:\/\/xstyle.md\/product\/kontejner-nalgene-flasche-rund-30ml\/#primaryimage\",\"url\":\"https:\/\/xstyle.md\/wp-content\/uploads\/2021\/04\/3429-15_grande.jpg\",\"contentUrl\":\"https:\/\/xstyle.md\/wp-content\/uploads\/2021\/04\/3429-15_grande.jpg\",\"width\":600,\"height\":600},{\"@type\":\"BreadcrumbList\",\"@id\":\"https:\/\/xstyle.md\/product\/kontejner-nalgene-flasche-rund-30ml\/#breadcrumb\",\"itemListElement\":[{\"@type\":\"ListItem\",\"position\":1,\"name\":\"\u0413\u043b\u0430\u0432\u043d\u0430\u044f \u0441\u0442\u0440\u0430\u043d\u0438\u0446\u0430\",\"item\":\"https:\/\/xstyle.md\/\"},{\"@type\":\"ListItem\",\"position\":2,\"name\":\"\u041c\u0430\u0433\u0430\u0437\u0438\u043d\",\"item\":\"https:\/\/xstyle.md\/shop\/\"},{\"@type\":\"ListItem\",\"position\":3,\"name\":\"\u041a\u043e\u043d\u0442\u0435\u0439\u043d\u0435\u0440 Nalgene Narrow mouth bottles 30 ml\"}]},{\"@type\":\"WebSite\",\"@id\":\"https:\/\/xstyle.md\/#website\",\"url\":\"https:\/\/xstyle.md\/\",\"name\":\"\u041c\u0430\u0433\u0430\u0437\u0438\u043d Xstyle\",\"description\":\"C\u043d\u0430\u0440\u044f\u0436\u0435\u043d\u0438\u0435 \u0434\u043b\u044f \u0442\u0443\u0440\u0438\u0437\u043c\u0430 \u0438 \u044d\u043a\u0441\u0442\u0440\u0435\u043c\u0430\u043b\u044c\u043d\u044b\u0445 \u0432\u0438\u0434\u043e\u0432 \u0441\u043f\u043e\u0440\u0442\u0430 \u0432 \u041c\u043e\u043b\u0434\u043e\u0432\u0435.. \u0426\u0435\u043d\u044b, \u0444\u043e\u0442\u043e, \u0445\u0430\u0440\u0430\u043a\u0442\u0435\u0440\u0438\u0441\u0442\u0438\u043a\u0438 \u0432 \u041c\u043e\u043b\u0434\u043e\u0432\u0435.\",\"publisher\":{\"@id\":\"https:\/\/xstyle.md\/#organization\"},\"alternateName\":\"X-Style\",\"potentialAction\":[{\"@type\":\"SearchAction\",\"target\":{\"@type\":\"EntryPoint\",\"urlTemplate\":\"https:\/\/xstyle.md\/?s={search_term_string}\"},\"query-input\":{\"@type\":\"PropertyValueSpecification\",\"valueRequired\":true,\"valueName\":\"search_term_string\"}}],\"inLanguage\":\"ro-RO\"},{\"@type\":\"Organization\",\"@id\":\"https:\/\/xstyle.md\/#organization\",\"name\":\"\u041c\u0430\u0433\u0430\u0437\u0438\u043d Xstyle\",\"alternateName\":\"x-style\",\"url\":\"https:\/\/xstyle.md\/\",\"logo\":{\"@type\":\"ImageObject\",\"inLanguage\":\"ro-RO\",\"@id\":\"https:\/\/xstyle.md\/#\/schema\/logo\/image\/\",\"url\":\"https:\/\/xstyle.md\/wp-content\/uploads\/2020\/06\/logoicon.svg\",\"contentUrl\":\"https:\/\/xstyle.md\/wp-content\/uploads\/2020\/06\/logoicon.svg\",\"caption\":\"\u041c\u0430\u0433\u0430\u0437\u0438\u043d Xstyle\"},\"image\":{\"@id\":\"https:\/\/xstyle.md\/#\/schema\/logo\/image\/\"},\"sameAs\":[\"https:\/\/www.facebook.com\/xstylemd\",\"https:\/\/www.instagram.com\/xstyle_md\/\",\"https:\/\/t.me\/xstyle_outdoor\"],\"hasMerchantReturnPolicy\":{\"@type\":\"MerchantReturnPolicy\",\"merchantReturnLink\":\"https:\/\/xstyle.md\/ro\/conditions\/\"}}]}<\/script>\n<meta property=\"product:price:amount\" content=\"60.00\" \/>\n<meta property=\"product:price:currency\" content=\"MDL\" \/>\n<meta property=\"og:availability\" content=\"instock\" \/>\n<meta property=\"product:availability\" content=\"instock\" \/>\n<meta property=\"product:retailer_item_id\" content=\"661195569019\" \/>\n<meta property=\"product:condition\" content=\"new\" \/>\n<!-- \/ Yoast SEO plugin. -->","yoast_head_json":{"title":"Container Nalgene Narrow mouth bottles 30 ml - Magazin Xstyle","description":"Recipientul Nalgene de 30 ml este perfect pentru c\u0103l\u0103torii \u0219i camping. Rezistent la acizi \u0219i alcool, este o alegere fiabil\u0103 pentru orice drume\u021bie.","robots":{"index":"index","follow":"follow","max-snippet":"max-snippet:-1","max-image-preview":"max-image-preview:large","max-video-preview":"max-video-preview:-1"},"canonical":"https:\/\/xstyle.md\/ro\/produs\/kontejner-nalgene-flasche-rund-30ml\/","og_locale":"ro_RO","og_type":"article","og_title":"\u041a\u043e\u043d\u0442\u0435\u0439\u043d\u0435\u0440 Nalgene Narrow mouth bottles 30 ml - \u041c\u0430\u0433\u0430\u0437\u0438\u043d Xstyle","og_description":"\u041a\u043e\u043d\u0442\u0435\u0439\u043d\u0435\u0440 Nalgene 30 \u043c\u043b \u0438\u0434\u0435\u0430\u043b\u044c\u043d\u043e \u043f\u043e\u0434\u0445\u043e\u0434\u0438\u0442 \u0434\u043b\u044f \u043f\u0443\u0442\u0435\u0448\u0435\u0441\u0442\u0432\u0438\u0439 \u0438 \u043a\u0435\u043c\u043f\u0438\u043d\u0433\u0430. \u0423\u0441\u0442\u043e\u0439\u0447\u0438\u0432 \u043a \u043a\u0438\u0441\u043b\u043e\u0442\u0430\u043c \u0438 \u0430\u043b\u043a\u043e\u0433\u043e\u043b\u044e, \u043d\u0430\u0434\u0435\u0436\u043d\u043e \u043f\u043e\u0434\u0445\u043e\u0434\u0438\u0442 \u0434\u043b\u044f \u043b\u044e\u0431\u043e\u0433\u043e \u043f\u043e\u0445\u043e\u0434\u0430.","og_url":"https:\/\/xstyle.md\/ro\/produs\/kontejner-nalgene-flasche-rund-30ml\/","og_site_name":"\u041c\u0430\u0433\u0430\u0437\u0438\u043d Xstyle","article_publisher":"https:\/\/www.facebook.com\/xstylemd","article_modified_time":"2024-10-21T06:49:25+00:00","og_image":[{"width":600,"height":600,"url":"https:\/\/xstyle.md\/wp-content\/uploads\/2021\/04\/3429-15_grande.jpg","type":"image\/jpeg"}],"twitter_card":"summary_large_image","twitter_misc":{"Pre\u021b":"60&nbsp;MDL","Disponibilitate":"\u00cen stoc"},"schema":{"@context":"https:\/\/schema.org","@graph":[{"@type":"WebPage","@id":"https:\/\/xstyle.md\/product\/kontejner-nalgene-flasche-rund-30ml\/","url":"https:\/\/xstyle.md\/product\/kontejner-nalgene-flasche-rund-30ml\/","name":"Container Nalgene Narrow mouth bottles 30 ml - Magazin Xstyle","isPartOf":{"@id":"https:\/\/xstyle.md\/#website"},"primaryImageOfPage":{"@id":"https:\/\/xstyle.md\/product\/kontejner-nalgene-flasche-rund-30ml\/#primaryimage"},"image":{"@id":"https:\/\/xstyle.md\/product\/kontejner-nalgene-flasche-rund-30ml\/#primaryimage"},"thumbnailUrl":"https:\/\/xstyle.md\/wp-content\/uploads\/2021\/04\/3429-15_grande.jpg","datePublished":"2020-07-17T09:35:27+00:00","dateModified":"2024-10-21T06:49:25+00:00","description":"Recipientul Nalgene de 30 ml este perfect pentru c\u0103l\u0103torii \u0219i camping. Rezistent la acizi \u0219i alcool, este o alegere fiabil\u0103 pentru orice drume\u021bie.","breadcrumb":{"@id":"https:\/\/xstyle.md\/product\/kontejner-nalgene-flasche-rund-30ml\/#breadcrumb"},"inLanguage":"ro-RO","potentialAction":[{"@type":"ReadAction","target":["https:\/\/xstyle.md\/product\/kontejner-nalgene-flasche-rund-30ml\/"]}]},{"@type":"ImageObject","inLanguage":"ro-RO","@id":"https:\/\/xstyle.md\/product\/kontejner-nalgene-flasche-rund-30ml\/#primaryimage","url":"https:\/\/xstyle.md\/wp-content\/uploads\/2021\/04\/3429-15_grande.jpg","contentUrl":"https:\/\/xstyle.md\/wp-content\/uploads\/2021\/04\/3429-15_grande.jpg","width":600,"height":600},{"@type":"BreadcrumbList","@id":"https:\/\/xstyle.md\/product\/kontejner-nalgene-flasche-rund-30ml\/#breadcrumb","itemListElement":[{"@type":"ListItem","position":1,"name":"\u0413\u043b\u0430\u0432\u043d\u0430\u044f \u0441\u0442\u0440\u0430\u043d\u0438\u0446\u0430","item":"https:\/\/xstyle.md\/"},{"@type":"ListItem","position":2,"name":"\u041c\u0430\u0433\u0430\u0437\u0438\u043d","item":"https:\/\/xstyle.md\/shop\/"},{"@type":"ListItem","position":3,"name":"\u041a\u043e\u043d\u0442\u0435\u0439\u043d\u0435\u0440 Nalgene Narrow mouth bottles 30 ml"}]},{"@type":"WebSite","@id":"https:\/\/xstyle.md\/#website","url":"https:\/\/xstyle.md\/","name":"Magazinul X-Style","description":"Echipamente pentru turism \u0219i sporturi extreme \u00een Moldova. Pre\u021buri, fotografii, caracteristici \u00een Moldova.","publisher":{"@id":"https:\/\/xstyle.md\/#organization"},"alternateName":"X-Style","potentialAction":[{"@type":"SearchAction","target":{"@type":"EntryPoint","urlTemplate":"https:\/\/xstyle.md\/?s={search_term_string}"},"query-input":{"@type":"PropertyValueSpecification","valueRequired":true,"valueName":"search_term_string"}}],"inLanguage":"ro-RO"},{"@type":"Organization","@id":"https:\/\/xstyle.md\/#organization","name":"Magazinul X-Style","alternateName":"x-style","url":"https:\/\/xstyle.md\/","logo":{"@type":"ImageObject","inLanguage":"ro-RO","@id":"https:\/\/xstyle.md\/#\/schema\/logo\/image\/","url":"https:\/\/xstyle.md\/wp-content\/uploads\/2020\/06\/logoicon.svg","contentUrl":"https:\/\/xstyle.md\/wp-content\/uploads\/2020\/06\/logoicon.svg","caption":"\u041c\u0430\u0433\u0430\u0437\u0438\u043d Xstyle"},"image":{"@id":"https:\/\/xstyle.md\/#\/schema\/logo\/image\/"},"sameAs":["https:\/\/www.facebook.com\/xstylemd","https:\/\/www.instagram.com\/xstyle_md\/","https:\/\/t.me\/xstyle_outdoor"],"hasMerchantReturnPolicy":{"@type":"MerchantReturnPolicy","merchantReturnLink":"https:\/\/xstyle.md\/ro\/conditions\/"}}]},"product_price_amount":"60.00","product_price_currency":"MDL","og_availability":"instock","product_availability":"instock","product_retailer_item_id":"661195569019","product_condition":"new"},"post_mailing_queue_ids":[],"_links":{"self":[{"href":"https:\/\/xstyle.md\/ro\/wp-json\/wp\/v2\/product\/12948","targetHints":{"allow":["GET"]}}],"collection":[{"href":"https:\/\/xstyle.md\/ro\/wp-json\/wp\/v2\/product"}],"about":[{"href":"https:\/\/xstyle.md\/ro\/wp-json\/wp\/v2\/types\/product"}],"replies":[{"embeddable":true,"href":"https:\/\/xstyle.md\/ro\/wp-json\/wp\/v2\/comments?post=12948"}],"wp:featuredmedia":[{"embeddable":true,"href":"https:\/\/xstyle.md\/ro\/wp-json\/wp\/v2\/media\/27827"}],"wp:attachment":[{"href":"https:\/\/xstyle.md\/ro\/wp-json\/wp\/v2\/media?parent=12948"}],"wp:term":[{"taxonomy":"product_brand","embeddable":true,"href":"https:\/\/xstyle.md\/ro\/wp-json\/wp\/v2\/product_brand?post=12948"},{"taxonomy":"product_cat","embeddable":true,"href":"https:\/\/xstyle.md\/ro\/wp-json\/wp\/v2\/product_cat?post=12948"},{"taxonomy":"product_tag","embeddable":true,"href":"https:\/\/xstyle.md\/ro\/wp-json\/wp\/v2\/product_tag?post=12948"}],"curies":[{"name":"wp","href":"https:\/\/api.w.org\/{rel}","templated":true}]}}