{"id":12926,"date":"2020-07-17T12:34:47","date_gmt":"2020-07-17T09:34:47","guid":{"rendered":"https:\/\/xstyle.md\/product\/kurtka-muzhskaja-outdoor-research-interstellar"},"modified":"2026-04-08T11:13:25","modified_gmt":"2026-04-08T08:13:25","slug":"kurtka-muzhskaja-outdoor-research-interstellar","status":"publish","type":"product","link":"https:\/\/xstyle.md\/ro\/produs\/kurtka-muzhskaja-outdoor-research-interstellar\/","title":{"rendered":"Geac\u0103 de schi Outdoor Research Interstellar glacier\/baltic"},"content":{"rendered":"<\/p>\n<p><strong>Outdoor Research Interstellar Glacier\/Baltic<\/strong> &#8212; geac\u0103 u\u0219oar\u0103 pentru b\u0103rba\u021bi este fabricat\u0103 din material u\u0219or cu membran\u0103 Ascentshell 3L (strat exterior &#8212; nailon elastic 20D, c\u0103ptu\u0219eal\u0103 &#8212; poliester 12D), care combin\u0103 eficient greutatea u\u0219oar\u0103 \u0219i permeabilitatea ridicat\u0103 la vapori a straturilor softshell cu rezisten\u021ba la ap\u0103 a carcaselor dure.<\/p>\n<h3>Particularit\u0103\u021bi<\/h3>\n<ul>\n<li>Glug\u0103 mare reglabil\u0103 cu guler \u00eenalt<\/li>\n<li>Spate mai lung<\/li>\n<li>P\u0103r\u021bi elastice respirabile sub m\u00e2neci<\/li>\n<li>M\u00e2neci cu man\u0219ete ajustabile<\/li>\n<li>Trei buzunare cu fermoar<\/li>\n<\/ul>\n<h3>Caracteristici<\/h3>\n<ul>\n<li>Material &#8212; 100% Nailon<\/li>\n<li>Membran\u0103 \u2013 Ascentshell 3L<\/li>\n<li>Model &#8212; pentru b\u0103rba\u021bi<\/li>\n<\/ul>\n<h3>Tehnologie<\/h3>\n<ul>\n<li><strong>Ascentshell 3L<\/strong>\u00a0&#8212; este un material patentat exclusiv Outdoor Research. Material rezistent la ap\u0103, respirabil, cu 3 straturi, care v\u0103 extinde zona de confort \u00een timpul activit\u0103\u021bii aerobe \u00een condi\u021bii schimb\u0103toare. Este creat \u00een timpul procesului de electrofilare, atunci c\u00e2nd polimerii \u00eenc\u0103rca\u021bi sunt ata\u0219a\u021bi de o suprafa\u021b\u0103 \u00eemp\u0103m\u00e2n\u021bat\u0103. Ace\u0219ti polimeri sunt asambla\u021bi \u00eentr-o membran\u0103 respirabil\u0103 pe care o pute\u021bi vedea la microscop, form\u00e2nd o re\u021bea care permite trecerea vaporilor de transpira\u021bie, dar \u00eempiedic\u0103 intrarea apei.<\/li>\n<\/ul>\n<h3 class=\"clear\" data-reader-unique-id=\"21\">Marca<\/h3>\n<p data-reader-unique-id=\"22\"><strong data-reader-unique-id=\"23\">Outdoor Research\u00ae<\/strong> este o companie fondat\u0103 de alpinistul Ron Gregg \u00een anii 80 \u00een SUA, ca urmare a dorin\u021bei de a produce echipamente de cea mai \u00eenalt\u0103 calitate, care s\u0103 nu v\u0103 dezam\u0103geasc\u0103 sub nicio form\u0103. Outdoor Research\u00ae prezint\u0103 o gam\u0103 larg\u0103 de produse pentru sporturi extreme, odihne active \u0219i turism. Haine, rucsacuri \u0219i gen\u021bi, rezistente la stropire, la compresie \u0219i la ap\u0103, sisteme de depozitare \u0219i multe altele \u2014 totul pentru a v\u0103 sim\u021bi confortabil \u00een orice condi\u021bii climatice departe de cas\u0103.<\/p>\n<p><\/p>","protected":false},"excerpt":{"rendered":"<p>Geac\u0103 de schi Outdoor Research Interstellar glacier\/baltic<\/p>","protected":false},"featured_media":12925,"comment_status":"open","ping_status":"closed","template":"","meta":{"_acf_changed":false,"inline_featured_image":false},"product_brand":[1328],"product_cat":[450],"product_tag":[],"class_list":{"0":"post-12926","1":"product","2":"type-product","3":"status-publish","4":"has-post-thumbnail","6":"product_brand-outdoor-research","7":"product_cat-jachete-de-schi-barbati","9":"first","10":"instock","11":"sale","12":"shipping-taxable","13":"purchasable","14":"product-type-simple"},"acf":[],"yoast_head":"<!-- This site is optimized with the Yoast SEO plugin v27.2 - https:\/\/yoast.com\/product\/yoast-seo-wordpress\/ -->\n<title>\u041a\u0443\u0440\u0442\u043a\u0430 Outdoor Research Interstellar glacier\/baltic - \u041c\u0430\u0433\u0430\u0437\u0438\u043d Xstyle<\/title>\n<meta name=\"description\" content=\"\u041a\u0443\u0440\u0442\u043a\u0430 Outdoor Research Interstellar Glacier\/Baltic \u2014 \u043b\u0435\u0433\u043a\u0430\u044f, \u0432\u043e\u0434\u043e- \u0438 \u0432\u0435\u0442\u0440\u043e\u0437\u0430\u0449\u0438\u0442\u043d\u0430\u044f. Mem\u0431\u0440\u0430\u043d\u0430 Ascentshell 3L \u043e\u0431\u0435\u0441\u043f\u0435\u0447\u0438\u0432\u0430\u0435\u0442 \u043a\u043e\u043c\u0444\u043e\u0440\u0442 \u0438 \u043f\u0440\u043e\u0447\u043d\u043e\u0441\u0442\u044c \u0432 \u043b\u044e\u0431\u044b\u0445 \u0443\u0441\u043b\u043e\u0432\u0438\u044f\u0445.\" \/>\n<meta name=\"robots\" content=\"index, follow, max-snippet:-1, max-image-preview:large, max-video-preview:-1\" \/>\n<link rel=\"canonical\" href=\"https:\/\/xstyle.md\/ro\/produs\/kurtka-muzhskaja-outdoor-research-interstellar\/\" \/>\n<meta property=\"og:locale\" content=\"ro_RO\" \/>\n<meta property=\"og:type\" content=\"article\" \/>\n<meta property=\"og:title\" content=\"\u041a\u0443\u0440\u0442\u043a\u0430 Outdoor Research Interstellar glacier\/baltic - \u041c\u0430\u0433\u0430\u0437\u0438\u043d Xstyle\" \/>\n<meta property=\"og:description\" content=\"\u041a\u0443\u0440\u0442\u043a\u0430 Outdoor Research Interstellar Glacier\/Baltic \u2014 \u043b\u0435\u0433\u043a\u0430\u044f, \u0432\u043e\u0434\u043e- \u0438 \u0432\u0435\u0442\u0440\u043e\u0437\u0430\u0449\u0438\u0442\u043d\u0430\u044f. Mem\u0431\u0440\u0430\u043d\u0430 Ascentshell 3L \u043e\u0431\u0435\u0441\u043f\u0435\u0447\u0438\u0432\u0430\u0435\u0442 \u043a\u043e\u043c\u0444\u043e\u0440\u0442 \u0438 \u043f\u0440\u043e\u0447\u043d\u043e\u0441\u0442\u044c \u0432 \u043b\u044e\u0431\u044b\u0445 \u0443\u0441\u043b\u043e\u0432\u0438\u044f\u0445.\" \/>\n<meta property=\"og:url\" content=\"https:\/\/xstyle.md\/ro\/produs\/kurtka-muzhskaja-outdoor-research-interstellar\/\" \/>\n<meta property=\"og:site_name\" content=\"\u041c\u0430\u0433\u0430\u0437\u0438\u043d Xstyle\" \/>\n<meta property=\"article:publisher\" content=\"https:\/\/www.facebook.com\/xstylemd\" \/>\n<meta property=\"article:modified_time\" content=\"2026-04-08T08:13:25+00:00\" \/>\n<meta property=\"og:image\" content=\"https:\/\/xstyle.md\/wp-content\/uploads\/2020\/07\/s-l1600_1_12.jpg\" \/>\n\t<meta property=\"og:image:width\" content=\"412\" \/>\n\t<meta property=\"og:image:height\" content=\"500\" \/>\n\t<meta property=\"og:image:type\" content=\"image\/jpeg\" \/>\n<meta name=\"twitter:card\" content=\"summary_large_image\" \/>\n<meta name=\"twitter:label1\" content=\"Pre\u021b\" \/>\n\t<meta name=\"twitter:data1\" content=\"4.134&nbsp;MDL\" \/>\n\t<meta name=\"twitter:label2\" content=\"Disponibilitate\" \/>\n\t<meta name=\"twitter:data2\" content=\"\u00cen stoc\" \/>\n<script type=\"application\/ld+json\" class=\"yoast-schema-graph\">{\"@context\":\"https:\/\/schema.org\",\"@graph\":[{\"@type\":\"WebPage\",\"@id\":\"https:\/\/xstyle.md\/product\/kurtka-muzhskaja-outdoor-research-interstellar\/\",\"url\":\"https:\/\/xstyle.md\/product\/kurtka-muzhskaja-outdoor-research-interstellar\/\",\"name\":\"\u041a\u0443\u0440\u0442\u043a\u0430 Outdoor Research Interstellar glacier\/baltic - \u041c\u0430\u0433\u0430\u0437\u0438\u043d Xstyle\",\"isPartOf\":{\"@id\":\"https:\/\/xstyle.md\/#website\"},\"primaryImageOfPage\":{\"@id\":\"https:\/\/xstyle.md\/product\/kurtka-muzhskaja-outdoor-research-interstellar\/#primaryimage\"},\"image\":{\"@id\":\"https:\/\/xstyle.md\/product\/kurtka-muzhskaja-outdoor-research-interstellar\/#primaryimage\"},\"thumbnailUrl\":\"https:\/\/xstyle.md\/wp-content\/uploads\/2020\/07\/s-l1600_1_12.jpg\",\"datePublished\":\"2020-07-17T09:34:47+00:00\",\"dateModified\":\"2026-04-08T08:13:25+00:00\",\"description\":\"\u041a\u0443\u0440\u0442\u043a\u0430 Outdoor Research Interstellar Glacier\/Baltic \u2014 \u043b\u0435\u0433\u043a\u0430\u044f, \u0432\u043e\u0434\u043e- \u0438 \u0432\u0435\u0442\u0440\u043e\u0437\u0430\u0449\u0438\u0442\u043d\u0430\u044f. Mem\u0431\u0440\u0430\u043d\u0430 Ascentshell 3L \u043e\u0431\u0435\u0441\u043f\u0435\u0447\u0438\u0432\u0430\u0435\u0442 \u043a\u043e\u043c\u0444\u043e\u0440\u0442 \u0438 \u043f\u0440\u043e\u0447\u043d\u043e\u0441\u0442\u044c \u0432 \u043b\u044e\u0431\u044b\u0445 \u0443\u0441\u043b\u043e\u0432\u0438\u044f\u0445.\",\"breadcrumb\":{\"@id\":\"https:\/\/xstyle.md\/product\/kurtka-muzhskaja-outdoor-research-interstellar\/#breadcrumb\"},\"inLanguage\":\"ro-RO\",\"potentialAction\":[{\"@type\":\"ReadAction\",\"target\":[\"https:\/\/xstyle.md\/product\/kurtka-muzhskaja-outdoor-research-interstellar\/\"]}]},{\"@type\":\"ImageObject\",\"inLanguage\":\"ro-RO\",\"@id\":\"https:\/\/xstyle.md\/product\/kurtka-muzhskaja-outdoor-research-interstellar\/#primaryimage\",\"url\":\"https:\/\/xstyle.md\/wp-content\/uploads\/2020\/07\/s-l1600_1_12.jpg\",\"contentUrl\":\"https:\/\/xstyle.md\/wp-content\/uploads\/2020\/07\/s-l1600_1_12.jpg\",\"width\":412,\"height\":500},{\"@type\":\"BreadcrumbList\",\"@id\":\"https:\/\/xstyle.md\/product\/kurtka-muzhskaja-outdoor-research-interstellar\/#breadcrumb\",\"itemListElement\":[{\"@type\":\"ListItem\",\"position\":1,\"name\":\"\u0413\u043b\u0430\u0432\u043d\u0430\u044f \u0441\u0442\u0440\u0430\u043d\u0438\u0446\u0430\",\"item\":\"https:\/\/xstyle.md\/\"},{\"@type\":\"ListItem\",\"position\":2,\"name\":\"\u041c\u0430\u0433\u0430\u0437\u0438\u043d\",\"item\":\"https:\/\/xstyle.md\/shop\/\"},{\"@type\":\"ListItem\",\"position\":3,\"name\":\"\u041a\u0443\u0440\u0442\u043a\u0430 Outdoor Research Interstellar glacier\/baltic\"}]},{\"@type\":\"WebSite\",\"@id\":\"https:\/\/xstyle.md\/#website\",\"url\":\"https:\/\/xstyle.md\/\",\"name\":\"\u041c\u0430\u0433\u0430\u0437\u0438\u043d Xstyle\",\"description\":\"C\u043d\u0430\u0440\u044f\u0436\u0435\u043d\u0438\u0435 \u0434\u043b\u044f \u0442\u0443\u0440\u0438\u0437\u043c\u0430 \u0438 \u044d\u043a\u0441\u0442\u0440\u0435\u043c\u0430\u043b\u044c\u043d\u044b\u0445 \u0432\u0438\u0434\u043e\u0432 \u0441\u043f\u043e\u0440\u0442\u0430 \u0432 \u041c\u043e\u043b\u0434\u043e\u0432\u0435.. \u0426\u0435\u043d\u044b, \u0444\u043e\u0442\u043e, \u0445\u0430\u0440\u0430\u043a\u0442\u0435\u0440\u0438\u0441\u0442\u0438\u043a\u0438 \u0432 \u041c\u043e\u043b\u0434\u043e\u0432\u0435.\",\"publisher\":{\"@id\":\"https:\/\/xstyle.md\/#organization\"},\"alternateName\":\"X-Style\",\"potentialAction\":[{\"@type\":\"SearchAction\",\"target\":{\"@type\":\"EntryPoint\",\"urlTemplate\":\"https:\/\/xstyle.md\/?s={search_term_string}\"},\"query-input\":{\"@type\":\"PropertyValueSpecification\",\"valueRequired\":true,\"valueName\":\"search_term_string\"}}],\"inLanguage\":\"ro-RO\"},{\"@type\":\"Organization\",\"@id\":\"https:\/\/xstyle.md\/#organization\",\"name\":\"\u041c\u0430\u0433\u0430\u0437\u0438\u043d Xstyle\",\"alternateName\":\"x-style\",\"url\":\"https:\/\/xstyle.md\/\",\"logo\":{\"@type\":\"ImageObject\",\"inLanguage\":\"ro-RO\",\"@id\":\"https:\/\/xstyle.md\/#\/schema\/logo\/image\/\",\"url\":\"https:\/\/xstyle.md\/wp-content\/uploads\/2020\/06\/logoicon.svg\",\"contentUrl\":\"https:\/\/xstyle.md\/wp-content\/uploads\/2020\/06\/logoicon.svg\",\"caption\":\"\u041c\u0430\u0433\u0430\u0437\u0438\u043d Xstyle\"},\"image\":{\"@id\":\"https:\/\/xstyle.md\/#\/schema\/logo\/image\/\"},\"sameAs\":[\"https:\/\/www.facebook.com\/xstylemd\",\"https:\/\/www.instagram.com\/xstyle_md\/\",\"https:\/\/t.me\/xstyle_outdoor\"],\"hasMerchantReturnPolicy\":{\"@type\":\"MerchantReturnPolicy\",\"merchantReturnLink\":\"https:\/\/xstyle.md\/ro\/conditions\/\"}}]}<\/script>\n<meta property=\"product:price:amount\" content=\"4134.00\" \/>\n<meta property=\"product:price:currency\" content=\"MDL\" \/>\n<meta property=\"og:availability\" content=\"instock\" \/>\n<meta property=\"product:availability\" content=\"instock\" \/>\n<meta property=\"product:retailer_item_id\" content=\"727602525631\" \/>\n<meta property=\"product:condition\" content=\"new\" \/>\n<!-- \/ Yoast SEO plugin. -->","yoast_head_json":{"title":"Geac\u0103 Outdoor Research Interstellar Glacier\/Baltic - Magazin Xstyle","description":"Jacheta Outdoor Research Interstellar Glacier\/Baltic - u\u0219oar\u0103, rezistent\u0103 la ap\u0103 \u0219i v\u00e2nt. Membrana Ascentshell 3L ofer\u0103 confort \u0219i durabilitate \u00een orice condi\u021bii.","robots":{"index":"index","follow":"follow","max-snippet":"max-snippet:-1","max-image-preview":"max-image-preview:large","max-video-preview":"max-video-preview:-1"},"canonical":"https:\/\/xstyle.md\/ro\/produs\/kurtka-muzhskaja-outdoor-research-interstellar\/","og_locale":"ro_RO","og_type":"article","og_title":"\u041a\u0443\u0440\u0442\u043a\u0430 Outdoor Research Interstellar glacier\/baltic - \u041c\u0430\u0433\u0430\u0437\u0438\u043d Xstyle","og_description":"\u041a\u0443\u0440\u0442\u043a\u0430 Outdoor Research Interstellar Glacier\/Baltic \u2014 \u043b\u0435\u0433\u043a\u0430\u044f, \u0432\u043e\u0434\u043e- \u0438 \u0432\u0435\u0442\u0440\u043e\u0437\u0430\u0449\u0438\u0442\u043d\u0430\u044f. Mem\u0431\u0440\u0430\u043d\u0430 Ascentshell 3L \u043e\u0431\u0435\u0441\u043f\u0435\u0447\u0438\u0432\u0430\u0435\u0442 \u043a\u043e\u043c\u0444\u043e\u0440\u0442 \u0438 \u043f\u0440\u043e\u0447\u043d\u043e\u0441\u0442\u044c \u0432 \u043b\u044e\u0431\u044b\u0445 \u0443\u0441\u043b\u043e\u0432\u0438\u044f\u0445.","og_url":"https:\/\/xstyle.md\/ro\/produs\/kurtka-muzhskaja-outdoor-research-interstellar\/","og_site_name":"\u041c\u0430\u0433\u0430\u0437\u0438\u043d Xstyle","article_publisher":"https:\/\/www.facebook.com\/xstylemd","article_modified_time":"2026-04-08T08:13:25+00:00","og_image":[{"width":412,"height":500,"url":"https:\/\/xstyle.md\/wp-content\/uploads\/2020\/07\/s-l1600_1_12.jpg","type":"image\/jpeg"}],"twitter_card":"summary_large_image","twitter_misc":{"Pre\u021b":"4.134&nbsp;MDL","Disponibilitate":"\u00cen stoc"},"schema":{"@context":"https:\/\/schema.org","@graph":[{"@type":"WebPage","@id":"https:\/\/xstyle.md\/product\/kurtka-muzhskaja-outdoor-research-interstellar\/","url":"https:\/\/xstyle.md\/product\/kurtka-muzhskaja-outdoor-research-interstellar\/","name":"Geac\u0103 Outdoor Research Interstellar Glacier\/Baltic - Magazin Xstyle","isPartOf":{"@id":"https:\/\/xstyle.md\/#website"},"primaryImageOfPage":{"@id":"https:\/\/xstyle.md\/product\/kurtka-muzhskaja-outdoor-research-interstellar\/#primaryimage"},"image":{"@id":"https:\/\/xstyle.md\/product\/kurtka-muzhskaja-outdoor-research-interstellar\/#primaryimage"},"thumbnailUrl":"https:\/\/xstyle.md\/wp-content\/uploads\/2020\/07\/s-l1600_1_12.jpg","datePublished":"2020-07-17T09:34:47+00:00","dateModified":"2026-04-08T08:13:25+00:00","description":"Jacheta Outdoor Research Interstellar Glacier\/Baltic - u\u0219oar\u0103, rezistent\u0103 la ap\u0103 \u0219i v\u00e2nt. Membrana Ascentshell 3L ofer\u0103 confort \u0219i durabilitate \u00een orice condi\u021bii.","breadcrumb":{"@id":"https:\/\/xstyle.md\/product\/kurtka-muzhskaja-outdoor-research-interstellar\/#breadcrumb"},"inLanguage":"ro-RO","potentialAction":[{"@type":"ReadAction","target":["https:\/\/xstyle.md\/product\/kurtka-muzhskaja-outdoor-research-interstellar\/"]}]},{"@type":"ImageObject","inLanguage":"ro-RO","@id":"https:\/\/xstyle.md\/product\/kurtka-muzhskaja-outdoor-research-interstellar\/#primaryimage","url":"https:\/\/xstyle.md\/wp-content\/uploads\/2020\/07\/s-l1600_1_12.jpg","contentUrl":"https:\/\/xstyle.md\/wp-content\/uploads\/2020\/07\/s-l1600_1_12.jpg","width":412,"height":500},{"@type":"BreadcrumbList","@id":"https:\/\/xstyle.md\/product\/kurtka-muzhskaja-outdoor-research-interstellar\/#breadcrumb","itemListElement":[{"@type":"ListItem","position":1,"name":"\u0413\u043b\u0430\u0432\u043d\u0430\u044f \u0441\u0442\u0440\u0430\u043d\u0438\u0446\u0430","item":"https:\/\/xstyle.md\/"},{"@type":"ListItem","position":2,"name":"\u041c\u0430\u0433\u0430\u0437\u0438\u043d","item":"https:\/\/xstyle.md\/shop\/"},{"@type":"ListItem","position":3,"name":"\u041a\u0443\u0440\u0442\u043a\u0430 Outdoor Research Interstellar glacier\/baltic"}]},{"@type":"WebSite","@id":"https:\/\/xstyle.md\/#website","url":"https:\/\/xstyle.md\/","name":"Magazinul X-Style","description":"Echipamente pentru turism \u0219i sporturi extreme \u00een Moldova. Pre\u021buri, fotografii, caracteristici \u00een Moldova.","publisher":{"@id":"https:\/\/xstyle.md\/#organization"},"alternateName":"X-Style","potentialAction":[{"@type":"SearchAction","target":{"@type":"EntryPoint","urlTemplate":"https:\/\/xstyle.md\/?s={search_term_string}"},"query-input":{"@type":"PropertyValueSpecification","valueRequired":true,"valueName":"search_term_string"}}],"inLanguage":"ro-RO"},{"@type":"Organization","@id":"https:\/\/xstyle.md\/#organization","name":"Magazinul X-Style","alternateName":"x-style","url":"https:\/\/xstyle.md\/","logo":{"@type":"ImageObject","inLanguage":"ro-RO","@id":"https:\/\/xstyle.md\/#\/schema\/logo\/image\/","url":"https:\/\/xstyle.md\/wp-content\/uploads\/2020\/06\/logoicon.svg","contentUrl":"https:\/\/xstyle.md\/wp-content\/uploads\/2020\/06\/logoicon.svg","caption":"\u041c\u0430\u0433\u0430\u0437\u0438\u043d Xstyle"},"image":{"@id":"https:\/\/xstyle.md\/#\/schema\/logo\/image\/"},"sameAs":["https:\/\/www.facebook.com\/xstylemd","https:\/\/www.instagram.com\/xstyle_md\/","https:\/\/t.me\/xstyle_outdoor"],"hasMerchantReturnPolicy":{"@type":"MerchantReturnPolicy","merchantReturnLink":"https:\/\/xstyle.md\/ro\/conditions\/"}}]},"product_price_amount":"4134.00","product_price_currency":"MDL","og_availability":"instock","product_availability":"instock","product_retailer_item_id":"727602525631","product_condition":"new"},"post_mailing_queue_ids":[],"_links":{"self":[{"href":"https:\/\/xstyle.md\/ro\/wp-json\/wp\/v2\/product\/12926","targetHints":{"allow":["GET"]}}],"collection":[{"href":"https:\/\/xstyle.md\/ro\/wp-json\/wp\/v2\/product"}],"about":[{"href":"https:\/\/xstyle.md\/ro\/wp-json\/wp\/v2\/types\/product"}],"replies":[{"embeddable":true,"href":"https:\/\/xstyle.md\/ro\/wp-json\/wp\/v2\/comments?post=12926"}],"wp:featuredmedia":[{"embeddable":true,"href":"https:\/\/xstyle.md\/ro\/wp-json\/wp\/v2\/media\/12925"}],"wp:attachment":[{"href":"https:\/\/xstyle.md\/ro\/wp-json\/wp\/v2\/media?parent=12926"}],"wp:term":[{"taxonomy":"product_brand","embeddable":true,"href":"https:\/\/xstyle.md\/ro\/wp-json\/wp\/v2\/product_brand?post=12926"},{"taxonomy":"product_cat","embeddable":true,"href":"https:\/\/xstyle.md\/ro\/wp-json\/wp\/v2\/product_cat?post=12926"},{"taxonomy":"product_tag","embeddable":true,"href":"https:\/\/xstyle.md\/ro\/wp-json\/wp\/v2\/product_tag?post=12926"}],"curies":[{"name":"wp","href":"https:\/\/api.w.org\/{rel}","templated":true}]}}