{"id":12908,"date":"2020-07-17T12:34:13","date_gmt":"2020-07-17T09:34:13","guid":{"rendered":"https:\/\/xstyle.md\/product\/rubashka-outdoor-research-pale-ale-s-s-shirt"},"modified":"2024-10-19T23:54:43","modified_gmt":"2024-10-19T20:54:43","slug":"rubashka-outdoor-research-pale-ale-s-s-shirt","status":"publish","type":"product","link":"https:\/\/xstyle.md\/ro\/produs\/rubashka-outdoor-research-pale-ale-s-s-shirt\/","title":{"rendered":"C\u0103ma\u0219\u0103 Outdoor Research Pale Ale S\/S Shirt"},"content":{"rendered":"<\/p>\n<p>C\u0103ma\u0219a\u00a0<strong>Outdoor Research Pale Ale S\/S Shirt &#8212; <\/strong>perfect pentru a fi purtat\u0103 \u00eentr-o zi fierbinte de var\u0103. Ofer\u0103 protec\u021bie UV, material elastic care \u00eendep\u0103rteaz\u0103 bine umezeala, respirabil\u0103 \u0219i se usuc\u0103 rapid.<\/p>\n<h3>Particularit\u0103\u021bi<\/h3>\n<ul>\n<li>Potrivire standard;<\/li>\n<li>Material u\u0219or \u0219i respirabil;<\/li>\n<li>Uscare rapid\u0103;<\/li>\n<li>\u00cendep\u0103rteaz\u0103 umezeala;<\/li>\n<li>Protec\u021bie UV UPF 15+.<\/li>\n<\/ul>\n<h3 class=\"clear\" data-reader-unique-id=\"12\">Caracteristici<\/h3>\n<ul data-reader-unique-id=\"13\">\n<li data-reader-unique-id=\"14\">Material \u2014 42% Nailon, 29% Tencel Sun, 27% Bumbac, 2% Spandex;<\/li>\n<li data-reader-unique-id=\"15\">Sezon \u2014 prim\u0103var\u0103\/var\u0103;<\/li>\n<li data-reader-unique-id=\"16\">Aplicare \u2014 odihn\u0103 activ\u0103\/turism;<\/li>\n<li data-reader-unique-id=\"17\">Model \u2014 pentru b\u0103rba\u021bi.<\/li>\n<\/ul>\n<h3 class=\"clear\" data-reader-unique-id=\"18\">Marca<\/h3>\n<p data-reader-unique-id=\"19\">Outdoor Research\u00ae este o companie fondat\u0103 de alpinistul Ron Gregg \u00een anii 80 \u00een SUA, ca urmare a dorin\u021bei de a produce echipamente de cea mai \u00eenalt\u0103 calitate, care s\u0103 nu v\u0103 dezam\u0103geasc\u0103 sub nicio form\u0103. Outdoor Research\u00ae prezint\u0103 o gam\u0103 larg\u0103 de produse pentru sporturi extreme, odihne active \u0219i turism. Haine, rucsacuri \u0219i gen\u021bi, rezistente la stropire, la compresie \u0219i la ap\u0103, sisteme de depozitare \u0219i multe altele \u2014 totul pentru a v\u0103 sim\u021bi confortabil \u00een orice condi\u021bii climatice departe de cas\u0103.<\/p>\n<p><\/p>","protected":false},"excerpt":{"rendered":"<p>\u0420\u0443\u0431\u0430\u0448\u043a\u0430 Outdoor Research Pale Ale S\/S Shirt<\/p>","protected":false},"featured_media":52373,"comment_status":"open","ping_status":"closed","template":"","meta":{"_acf_changed":false,"inline_featured_image":false},"product_brand":[1328],"product_cat":[403],"product_tag":[],"class_list":{"0":"post-12908","1":"product","2":"type-product","3":"status-publish","4":"has-post-thumbnail","6":"product_brand-outdoor-research","7":"product_cat-camasi-barbati","9":"first","10":"instock","11":"sale","12":"shipping-taxable","13":"purchasable","14":"product-type-simple"},"acf":[],"yoast_head":"<!-- This site is optimized with the Yoast SEO plugin v27.4 - https:\/\/yoast.com\/product\/yoast-seo-wordpress\/ -->\n<title>\u0420\u0443\u0431\u0430\u0448\u043a\u0430 Outdoor Research Pale Ale S\/S Shirt moss - \u041c\u0430\u0433\u0430\u0437\u0438\u043d Xstyle<\/title>\n<meta name=\"description\" content=\"\u0420\u0443\u0431\u0430\u0448\u043a\u0430 Outdoor Research Pale Ale S\/S Shirt moss \u2013 \u0438\u0434\u0435\u0430\u043b\u044c\u043d\u044b\u0439 \u0432\u044b\u0431\u043e\u0440 \u0434\u043b\u044f \u0436\u0430\u0440\u043a\u043e\u0433\u043e \u043b\u0435\u0442\u0430. \u0417\u0430\u0449\u0438\u0442\u0430 \u043e\u0442 UV, \u0431\u044b\u0441\u0442\u0440\u043e\u0435 \u0432\u044b\u0441\u044b\u0445\u0430\u043d\u0438\u0435 \u0438 \u0434\u044b\u0445\u0430\u0442\u0435\u043b\u044c\u043d\u0430\u044f \u0442\u043a\u0430\u043d\u044c.\" \/>\n<meta name=\"robots\" content=\"index, follow, max-snippet:-1, max-image-preview:large, max-video-preview:-1\" \/>\n<link rel=\"canonical\" href=\"https:\/\/xstyle.md\/ro\/produs\/rubashka-outdoor-research-pale-ale-s-s-shirt\/\" \/>\n<meta property=\"og:locale\" content=\"ro_RO\" \/>\n<meta property=\"og:type\" content=\"article\" \/>\n<meta property=\"og:title\" content=\"\u0420\u0443\u0431\u0430\u0448\u043a\u0430 Outdoor Research Pale Ale S\/S Shirt moss - \u041c\u0430\u0433\u0430\u0437\u0438\u043d Xstyle\" \/>\n<meta property=\"og:description\" content=\"\u0420\u0443\u0431\u0430\u0448\u043a\u0430 Outdoor Research Pale Ale S\/S Shirt moss \u2013 \u0438\u0434\u0435\u0430\u043b\u044c\u043d\u044b\u0439 \u0432\u044b\u0431\u043e\u0440 \u0434\u043b\u044f \u0436\u0430\u0440\u043a\u043e\u0433\u043e \u043b\u0435\u0442\u0430. \u0417\u0430\u0449\u0438\u0442\u0430 \u043e\u0442 UV, \u0431\u044b\u0441\u0442\u0440\u043e\u0435 \u0432\u044b\u0441\u044b\u0445\u0430\u043d\u0438\u0435 \u0438 \u0434\u044b\u0445\u0430\u0442\u0435\u043b\u044c\u043d\u0430\u044f \u0442\u043a\u0430\u043d\u044c.\" \/>\n<meta property=\"og:url\" content=\"https:\/\/xstyle.md\/ro\/produs\/rubashka-outdoor-research-pale-ale-s-s-shirt\/\" \/>\n<meta property=\"og:site_name\" content=\"\u041c\u0430\u0433\u0430\u0437\u0438\u043d Xstyle\" \/>\n<meta property=\"article:publisher\" content=\"https:\/\/www.facebook.com\/xstylemd\" \/>\n<meta property=\"article:modified_time\" content=\"2024-10-19T20:54:43+00:00\" \/>\n<meta property=\"og:image\" content=\"https:\/\/xstyle.md\/wp-content\/uploads\/2020\/07\/outdoor-research-pale-ale-moss.jpg\" \/>\n\t<meta property=\"og:image:width\" content=\"572\" \/>\n\t<meta property=\"og:image:height\" content=\"587\" \/>\n\t<meta property=\"og:image:type\" content=\"image\/jpeg\" \/>\n<meta name=\"twitter:card\" content=\"summary_large_image\" \/>\n<meta name=\"twitter:label1\" content=\"Pre\u021b\" \/>\n\t<meta name=\"twitter:data1\" content=\"897&nbsp;MDL\" \/>\n\t<meta name=\"twitter:label2\" content=\"Disponibilitate\" \/>\n\t<meta name=\"twitter:data2\" content=\"\u00cen stoc\" \/>\n<script type=\"application\/ld+json\" class=\"yoast-schema-graph\">{\"@context\":\"https:\\\/\\\/schema.org\",\"@graph\":[{\"@type\":\"WebPage\",\"@id\":\"https:\\\/\\\/xstyle.md\\\/product\\\/rubashka-outdoor-research-pale-ale-s-s-shirt\\\/\",\"url\":\"https:\\\/\\\/xstyle.md\\\/product\\\/rubashka-outdoor-research-pale-ale-s-s-shirt\\\/\",\"name\":\"\u0420\u0443\u0431\u0430\u0448\u043a\u0430 Outdoor Research Pale Ale S\\\/S Shirt moss - \u041c\u0430\u0433\u0430\u0437\u0438\u043d Xstyle\",\"isPartOf\":{\"@id\":\"https:\\\/\\\/xstyle.md\\\/#website\"},\"primaryImageOfPage\":{\"@id\":\"https:\\\/\\\/xstyle.md\\\/product\\\/rubashka-outdoor-research-pale-ale-s-s-shirt\\\/#primaryimage\"},\"image\":{\"@id\":\"https:\\\/\\\/xstyle.md\\\/product\\\/rubashka-outdoor-research-pale-ale-s-s-shirt\\\/#primaryimage\"},\"thumbnailUrl\":\"https:\\\/\\\/xstyle.md\\\/wp-content\\\/uploads\\\/2020\\\/07\\\/outdoor-research-pale-ale-moss.jpg\",\"datePublished\":\"2020-07-17T09:34:13+00:00\",\"dateModified\":\"2024-10-19T20:54:43+00:00\",\"description\":\"\u0420\u0443\u0431\u0430\u0448\u043a\u0430 Outdoor Research Pale Ale S\\\/S Shirt moss \u2013 \u0438\u0434\u0435\u0430\u043b\u044c\u043d\u044b\u0439 \u0432\u044b\u0431\u043e\u0440 \u0434\u043b\u044f \u0436\u0430\u0440\u043a\u043e\u0433\u043e \u043b\u0435\u0442\u0430. \u0417\u0430\u0449\u0438\u0442\u0430 \u043e\u0442 UV, \u0431\u044b\u0441\u0442\u0440\u043e\u0435 \u0432\u044b\u0441\u044b\u0445\u0430\u043d\u0438\u0435 \u0438 \u0434\u044b\u0445\u0430\u0442\u0435\u043b\u044c\u043d\u0430\u044f \u0442\u043a\u0430\u043d\u044c.\",\"breadcrumb\":{\"@id\":\"https:\\\/\\\/xstyle.md\\\/product\\\/rubashka-outdoor-research-pale-ale-s-s-shirt\\\/#breadcrumb\"},\"inLanguage\":\"ro-RO\",\"potentialAction\":[{\"@type\":\"ReadAction\",\"target\":[\"https:\\\/\\\/xstyle.md\\\/product\\\/rubashka-outdoor-research-pale-ale-s-s-shirt\\\/\"]}]},{\"@type\":\"ImageObject\",\"inLanguage\":\"ro-RO\",\"@id\":\"https:\\\/\\\/xstyle.md\\\/product\\\/rubashka-outdoor-research-pale-ale-s-s-shirt\\\/#primaryimage\",\"url\":\"https:\\\/\\\/xstyle.md\\\/wp-content\\\/uploads\\\/2020\\\/07\\\/outdoor-research-pale-ale-moss.jpg\",\"contentUrl\":\"https:\\\/\\\/xstyle.md\\\/wp-content\\\/uploads\\\/2020\\\/07\\\/outdoor-research-pale-ale-moss.jpg\",\"width\":572,\"height\":587,\"caption\":\"\u0420\u0443\u0431\u0430\u0448\u043a\u0430 Outdoor Research Pale Ale S\\\/S Shirt moss \u0434\u043b\u044f \u0430\u043a\u0442\u0438\u0432\u043d\u043e\u0433\u043e \u043e\u0442\u0434\u044b\u0445\u0430, \u043f\u0443\u0442\u0435\u0448\u0435\u0441\u0442\u0432\u0438\u0439, \u0442\u0443\u0440\u0438\u0441\u0442\u0438\u0447\u0435\u0441\u043a\u043e\u0439 \u043e\u0434\u0435\u0436\u0434\u044b \u0438 \u043f\u043e\u0445\u043e\u0434\u043d\u043e\u0439 \u044d\u043a\u0438\u043f\u0438\u0440\u043e\u0432\u043a\u0438 \u0434\u043b\u044f \u043b\u044e\u0431\u0438\u0442\u0435\u043b\u0435\u0439 \u0430\u043a\u0442\u0438\u0432\u043d\u043e\u0433\u043e \u043e\u0431\u0440\u0430\u0437\u0430 \u0436\u0438\u0437\u043d\u0438, \u043f\u043e\u0445\u043e\u0434\u043e\u0432 \u0438 \u0441\u043a\u0430\u043b\u043e\u043b\u0430\u0437\u0430\u043d\u0438\u044f\"},{\"@type\":\"BreadcrumbList\",\"@id\":\"https:\\\/\\\/xstyle.md\\\/product\\\/rubashka-outdoor-research-pale-ale-s-s-shirt\\\/#breadcrumb\",\"itemListElement\":[{\"@type\":\"ListItem\",\"position\":1,\"name\":\"\u0413\u043b\u0430\u0432\u043d\u0430\u044f \u0441\u0442\u0440\u0430\u043d\u0438\u0446\u0430\",\"item\":\"https:\\\/\\\/xstyle.md\\\/\"},{\"@type\":\"ListItem\",\"position\":2,\"name\":\"\u041c\u0430\u0433\u0430\u0437\u0438\u043d\",\"item\":\"https:\\\/\\\/xstyle.md\\\/shop\\\/\"},{\"@type\":\"ListItem\",\"position\":3,\"name\":\"\u0420\u0443\u0431\u0430\u0448\u043a\u0430 Outdoor Research Pale Ale S\\\/S Shirt moss\"}]},{\"@type\":\"WebSite\",\"@id\":\"https:\\\/\\\/xstyle.md\\\/#website\",\"url\":\"https:\\\/\\\/xstyle.md\\\/\",\"name\":\"\u041c\u0430\u0433\u0430\u0437\u0438\u043d Xstyle\",\"description\":\"C\u043d\u0430\u0440\u044f\u0436\u0435\u043d\u0438\u0435 \u0434\u043b\u044f \u0442\u0443\u0440\u0438\u0437\u043c\u0430 \u0438 \u044d\u043a\u0441\u0442\u0440\u0435\u043c\u0430\u043b\u044c\u043d\u044b\u0445 \u0432\u0438\u0434\u043e\u0432 \u0441\u043f\u043e\u0440\u0442\u0430 \u0432 \u041c\u043e\u043b\u0434\u043e\u0432\u0435.. \u0426\u0435\u043d\u044b, \u0444\u043e\u0442\u043e, \u0445\u0430\u0440\u0430\u043a\u0442\u0435\u0440\u0438\u0441\u0442\u0438\u043a\u0438 \u0432 \u041c\u043e\u043b\u0434\u043e\u0432\u0435.\",\"publisher\":{\"@id\":\"https:\\\/\\\/xstyle.md\\\/#organization\"},\"alternateName\":\"X-Style\",\"potentialAction\":[{\"@type\":\"SearchAction\",\"target\":{\"@type\":\"EntryPoint\",\"urlTemplate\":\"https:\\\/\\\/xstyle.md\\\/?s={search_term_string}\"},\"query-input\":{\"@type\":\"PropertyValueSpecification\",\"valueRequired\":true,\"valueName\":\"search_term_string\"}}],\"inLanguage\":\"ro-RO\"},{\"@type\":\"Organization\",\"@id\":\"https:\\\/\\\/xstyle.md\\\/#organization\",\"name\":\"\u041c\u0430\u0433\u0430\u0437\u0438\u043d Xstyle\",\"alternateName\":\"x-style\",\"url\":\"https:\\\/\\\/xstyle.md\\\/\",\"logo\":{\"@type\":\"ImageObject\",\"inLanguage\":\"ro-RO\",\"@id\":\"https:\\\/\\\/xstyle.md\\\/#\\\/schema\\\/logo\\\/image\\\/\",\"url\":\"https:\\\/\\\/xstyle.md\\\/wp-content\\\/uploads\\\/2020\\\/06\\\/logoicon.svg\",\"contentUrl\":\"https:\\\/\\\/xstyle.md\\\/wp-content\\\/uploads\\\/2020\\\/06\\\/logoicon.svg\",\"caption\":\"\u041c\u0430\u0433\u0430\u0437\u0438\u043d Xstyle\"},\"image\":{\"@id\":\"https:\\\/\\\/xstyle.md\\\/#\\\/schema\\\/logo\\\/image\\\/\"},\"sameAs\":[\"https:\\\/\\\/www.facebook.com\\\/xstylemd\",\"https:\\\/\\\/www.instagram.com\\\/xstyle_md\\\/\",\"https:\\\/\\\/t.me\\\/xstyle_outdoor\"],\"hasMerchantReturnPolicy\":{\"@type\":\"MerchantReturnPolicy\",\"merchantReturnLink\":\"https:\\\/\\\/xstyle.md\\\/ro\\\/conditions\\\/\"}}]}<\/script>\n<meta property=\"product:price:amount\" content=\"897.00\" \/>\n<meta property=\"product:price:currency\" content=\"MDL\" \/>\n<meta property=\"og:availability\" content=\"instock\" \/>\n<meta property=\"product:availability\" content=\"instock\" \/>\n<meta property=\"product:retailer_item_id\" content=\"727602535951\" \/>\n<meta property=\"product:condition\" content=\"new\" \/>\n<!-- \/ Yoast SEO plugin. -->","yoast_head_json":{"title":"C\u0103ma\u0219\u0103 Outdoor Research Pale Ale S\/S Shirt - Magazin Xstyle","description":"C\u0103m\u0103\u0219a Outdoor Research Pale Ale S\/S Shirt moss \u2013 alegerea perfect\u0103 pentru o var\u0103 c\u0103lduroas\u0103. Protec\u021bie UV, uscare rapid\u0103 \u0219i \u021bes\u0103tur\u0103 respirabil\u0103.","robots":{"index":"index","follow":"follow","max-snippet":"max-snippet:-1","max-image-preview":"max-image-preview:large","max-video-preview":"max-video-preview:-1"},"canonical":"https:\/\/xstyle.md\/ro\/produs\/rubashka-outdoor-research-pale-ale-s-s-shirt\/","og_locale":"ro_RO","og_type":"article","og_title":"\u0420\u0443\u0431\u0430\u0448\u043a\u0430 Outdoor Research Pale Ale S\/S Shirt moss - \u041c\u0430\u0433\u0430\u0437\u0438\u043d Xstyle","og_description":"\u0420\u0443\u0431\u0430\u0448\u043a\u0430 Outdoor Research Pale Ale S\/S Shirt moss \u2013 \u0438\u0434\u0435\u0430\u043b\u044c\u043d\u044b\u0439 \u0432\u044b\u0431\u043e\u0440 \u0434\u043b\u044f \u0436\u0430\u0440\u043a\u043e\u0433\u043e \u043b\u0435\u0442\u0430. \u0417\u0430\u0449\u0438\u0442\u0430 \u043e\u0442 UV, \u0431\u044b\u0441\u0442\u0440\u043e\u0435 \u0432\u044b\u0441\u044b\u0445\u0430\u043d\u0438\u0435 \u0438 \u0434\u044b\u0445\u0430\u0442\u0435\u043b\u044c\u043d\u0430\u044f \u0442\u043a\u0430\u043d\u044c.","og_url":"https:\/\/xstyle.md\/ro\/produs\/rubashka-outdoor-research-pale-ale-s-s-shirt\/","og_site_name":"\u041c\u0430\u0433\u0430\u0437\u0438\u043d Xstyle","article_publisher":"https:\/\/www.facebook.com\/xstylemd","article_modified_time":"2024-10-19T20:54:43+00:00","og_image":[{"width":572,"height":587,"url":"https:\/\/xstyle.md\/wp-content\/uploads\/2020\/07\/outdoor-research-pale-ale-moss.jpg","type":"image\/jpeg"}],"twitter_card":"summary_large_image","twitter_misc":{"Pre\u021b":"897&nbsp;MDL","Disponibilitate":"\u00cen stoc"},"schema":{"@context":"https:\/\/schema.org","@graph":[{"@type":"WebPage","@id":"https:\/\/xstyle.md\/product\/rubashka-outdoor-research-pale-ale-s-s-shirt\/","url":"https:\/\/xstyle.md\/product\/rubashka-outdoor-research-pale-ale-s-s-shirt\/","name":"C\u0103ma\u0219\u0103 Outdoor Research Pale Ale S\/S Shirt - Magazin Xstyle","isPartOf":{"@id":"https:\/\/xstyle.md\/#website"},"primaryImageOfPage":{"@id":"https:\/\/xstyle.md\/product\/rubashka-outdoor-research-pale-ale-s-s-shirt\/#primaryimage"},"image":{"@id":"https:\/\/xstyle.md\/product\/rubashka-outdoor-research-pale-ale-s-s-shirt\/#primaryimage"},"thumbnailUrl":"https:\/\/xstyle.md\/wp-content\/uploads\/2020\/07\/outdoor-research-pale-ale-moss.jpg","datePublished":"2020-07-17T09:34:13+00:00","dateModified":"2024-10-19T20:54:43+00:00","description":"C\u0103m\u0103\u0219a Outdoor Research Pale Ale S\/S Shirt moss \u2013 alegerea perfect\u0103 pentru o var\u0103 c\u0103lduroas\u0103. Protec\u021bie UV, uscare rapid\u0103 \u0219i \u021bes\u0103tur\u0103 respirabil\u0103.","breadcrumb":{"@id":"https:\/\/xstyle.md\/product\/rubashka-outdoor-research-pale-ale-s-s-shirt\/#breadcrumb"},"inLanguage":"ro-RO","potentialAction":[{"@type":"ReadAction","target":["https:\/\/xstyle.md\/product\/rubashka-outdoor-research-pale-ale-s-s-shirt\/"]}]},{"@type":"ImageObject","inLanguage":"ro-RO","@id":"https:\/\/xstyle.md\/product\/rubashka-outdoor-research-pale-ale-s-s-shirt\/#primaryimage","url":"https:\/\/xstyle.md\/wp-content\/uploads\/2020\/07\/outdoor-research-pale-ale-moss.jpg","contentUrl":"https:\/\/xstyle.md\/wp-content\/uploads\/2020\/07\/outdoor-research-pale-ale-moss.jpg","width":572,"height":587,"caption":"\u0420\u0443\u0431\u0430\u0448\u043a\u0430 Outdoor Research Pale Ale S\/S Shirt moss \u0434\u043b\u044f \u0430\u043a\u0442\u0438\u0432\u043d\u043e\u0433\u043e \u043e\u0442\u0434\u044b\u0445\u0430, \u043f\u0443\u0442\u0435\u0448\u0435\u0441\u0442\u0432\u0438\u0439, \u0442\u0443\u0440\u0438\u0441\u0442\u0438\u0447\u0435\u0441\u043a\u043e\u0439 \u043e\u0434\u0435\u0436\u0434\u044b \u0438 \u043f\u043e\u0445\u043e\u0434\u043d\u043e\u0439 \u044d\u043a\u0438\u043f\u0438\u0440\u043e\u0432\u043a\u0438 \u0434\u043b\u044f \u043b\u044e\u0431\u0438\u0442\u0435\u043b\u0435\u0439 \u0430\u043a\u0442\u0438\u0432\u043d\u043e\u0433\u043e \u043e\u0431\u0440\u0430\u0437\u0430 \u0436\u0438\u0437\u043d\u0438, \u043f\u043e\u0445\u043e\u0434\u043e\u0432 \u0438 \u0441\u043a\u0430\u043b\u043e\u043b\u0430\u0437\u0430\u043d\u0438\u044f"},{"@type":"BreadcrumbList","@id":"https:\/\/xstyle.md\/product\/rubashka-outdoor-research-pale-ale-s-s-shirt\/#breadcrumb","itemListElement":[{"@type":"ListItem","position":1,"name":"\u0413\u043b\u0430\u0432\u043d\u0430\u044f \u0441\u0442\u0440\u0430\u043d\u0438\u0446\u0430","item":"https:\/\/xstyle.md\/"},{"@type":"ListItem","position":2,"name":"\u041c\u0430\u0433\u0430\u0437\u0438\u043d","item":"https:\/\/xstyle.md\/shop\/"},{"@type":"ListItem","position":3,"name":"\u0420\u0443\u0431\u0430\u0448\u043a\u0430 Outdoor Research Pale Ale S\/S Shirt moss"}]},{"@type":"WebSite","@id":"https:\/\/xstyle.md\/#website","url":"https:\/\/xstyle.md\/","name":"Magazinul X-Style","description":"Echipamente pentru turism \u0219i sporturi extreme \u00een Moldova. Pre\u021buri, fotografii, caracteristici \u00een Moldova.","publisher":{"@id":"https:\/\/xstyle.md\/#organization"},"alternateName":"X-Style","potentialAction":[{"@type":"SearchAction","target":{"@type":"EntryPoint","urlTemplate":"https:\/\/xstyle.md\/?s={search_term_string}"},"query-input":{"@type":"PropertyValueSpecification","valueRequired":true,"valueName":"search_term_string"}}],"inLanguage":"ro-RO"},{"@type":"Organization","@id":"https:\/\/xstyle.md\/#organization","name":"Magazinul X-Style","alternateName":"x-style","url":"https:\/\/xstyle.md\/","logo":{"@type":"ImageObject","inLanguage":"ro-RO","@id":"https:\/\/xstyle.md\/#\/schema\/logo\/image\/","url":"https:\/\/xstyle.md\/wp-content\/uploads\/2020\/06\/logoicon.svg","contentUrl":"https:\/\/xstyle.md\/wp-content\/uploads\/2020\/06\/logoicon.svg","caption":"\u041c\u0430\u0433\u0430\u0437\u0438\u043d Xstyle"},"image":{"@id":"https:\/\/xstyle.md\/#\/schema\/logo\/image\/"},"sameAs":["https:\/\/www.facebook.com\/xstylemd","https:\/\/www.instagram.com\/xstyle_md\/","https:\/\/t.me\/xstyle_outdoor"],"hasMerchantReturnPolicy":{"@type":"MerchantReturnPolicy","merchantReturnLink":"https:\/\/xstyle.md\/ro\/conditions\/"}}]},"product_price_amount":"897.00","product_price_currency":"MDL","og_availability":"instock","product_availability":"instock","product_retailer_item_id":"727602535951","product_condition":"new"},"post_mailing_queue_ids":[],"_links":{"self":[{"href":"https:\/\/xstyle.md\/ro\/wp-json\/wp\/v2\/product\/12908","targetHints":{"allow":["GET"]}}],"collection":[{"href":"https:\/\/xstyle.md\/ro\/wp-json\/wp\/v2\/product"}],"about":[{"href":"https:\/\/xstyle.md\/ro\/wp-json\/wp\/v2\/types\/product"}],"replies":[{"embeddable":true,"href":"https:\/\/xstyle.md\/ro\/wp-json\/wp\/v2\/comments?post=12908"}],"wp:featuredmedia":[{"embeddable":true,"href":"https:\/\/xstyle.md\/ro\/wp-json\/wp\/v2\/media\/52373"}],"wp:attachment":[{"href":"https:\/\/xstyle.md\/ro\/wp-json\/wp\/v2\/media?parent=12908"}],"wp:term":[{"taxonomy":"product_brand","embeddable":true,"href":"https:\/\/xstyle.md\/ro\/wp-json\/wp\/v2\/product_brand?post=12908"},{"taxonomy":"product_cat","embeddable":true,"href":"https:\/\/xstyle.md\/ro\/wp-json\/wp\/v2\/product_cat?post=12908"},{"taxonomy":"product_tag","embeddable":true,"href":"https:\/\/xstyle.md\/ro\/wp-json\/wp\/v2\/product_tag?post=12908"}],"curies":[{"name":"wp","href":"https:\/\/api.w.org\/{rel}","templated":true}]}}