{"id":12905,"date":"2020-07-17T12:34:04","date_gmt":"2020-07-17T09:34:04","guid":{"rendered":"https:\/\/xstyle.md\/product\/rubashka-outdoor-research-astroman-s-s-sun-shirt"},"modified":"2024-10-19T23:54:42","modified_gmt":"2024-10-19T20:54:42","slug":"rubashka-outdoor-research-astroman-s-s-sun-shirt","status":"publish","type":"product","link":"https:\/\/xstyle.md\/ro\/produs\/rubashka-outdoor-research-astroman-s-s-sun-shirt\/","title":{"rendered":"C\u0103ma\u0219\u0103 Outdoor Research Astroman S\/S Sun Shirt Mns fatigue"},"content":{"rendered":"<\/p>\n<p><strong>Outdoor Research Astroman S\/S Sun Shirt<\/strong> &#8212; este fabricat\u0103 pentru urc\u0103ri lungi pe vreme \u00eensorit\u0103, datorit\u0103 faptului c\u0103 asigur\u0103 protec\u021bie UV (UPF 50+), elastic\u0103, \u00eendep\u0103rteaz\u0103 umezeala \u0219i respir\u0103 bine. Pentru o protec\u021bie suplimentar\u0103 \u00eempotriva soarelui, Sun Snap Collar\u2122 poate fi ridicat \u00een sus pentru a v\u0103 proteja g\u00e2tul de soare.<\/p>\n<h3>Particularit\u0103\u021bi<\/h3>\n<ul>\n<li data-reader-unique-id=\"5\">Guler pliabil pentru protec\u021bie solar\u0103;<\/li>\n<li data-reader-unique-id=\"6\">Material respirabil \u0219i u\u0219or;<\/li>\n<li data-reader-unique-id=\"7\">Protec\u021bie UV UPF 50+;<\/li>\n<li data-reader-unique-id=\"8\">\u00cendep\u0103rteaz\u0103 umezeala;<\/li>\n<li data-reader-unique-id=\"9\">Se usuc\u0103 repede;<\/li>\n<li data-reader-unique-id=\"10\">Nasture pe buzunarul de pe piept;<\/li>\n<li data-reader-unique-id=\"11\">\u00cencheietoare frontal\u0103 cu butoane.<\/li>\n<\/ul>\n<h3>Caracteristici<\/h3>\n<p>Material \u2014 85% Nailon, 15% Spandex;<br \/>\nSezon \u2014 prim\u0103var\u0103\/var\u0103;<br \/>\nAplicare \u2014 odihn\u0103 activ\u0103\/turism;<br \/>\nModel \u2014 pentru b\u0103rba\u021bi.<\/p>\n<h3>Marca<\/h3>\n<p>Outdoor Research\u00ae este o companie fondat\u0103 de alpinistul Ron Gregg \u00een anii 80 \u00een SUA, ca urmare a dorin\u021bei de a produce echipamente de cea mai \u00eenalt\u0103 calitate, care s\u0103 nu v\u0103 dezam\u0103geasc\u0103 sub nicio form\u0103. Outdoor Research\u00ae prezint\u0103 o gam\u0103 larg\u0103 de produse pentru sporturi extreme, odihne active \u0219i turism. Haine, rucsacuri \u0219i gen\u021bi, rezistente la stropire, la compresie \u0219i la ap\u0103, sisteme de depozitare \u0219i multe altele \u2014 totul pentru a v\u0103 sim\u021bi confortabil \u00een orice condi\u021bii climatice departe de cas\u0103.<\/p>\n<p><\/p>","protected":false},"excerpt":{"rendered":"<p>\u0420\u0443\u0431\u0430\u0448\u043a\u0430 Outdoor Research Astroman S\/S Sun Shirt<\/p>","protected":false},"featured_media":12904,"comment_status":"open","ping_status":"closed","template":"","meta":{"_acf_changed":false,"inline_featured_image":false},"product_brand":[1328],"product_cat":[403],"product_tag":[],"class_list":{"0":"post-12905","1":"product","2":"type-product","3":"status-publish","4":"has-post-thumbnail","6":"product_brand-outdoor-research","7":"product_cat-camasi-barbati","9":"first","10":"instock","11":"sale","12":"shipping-taxable","13":"purchasable","14":"product-type-simple"},"acf":[],"yoast_head":"<!-- This site is optimized with the Yoast SEO plugin v27.4 - https:\/\/yoast.com\/product\/yoast-seo-wordpress\/ -->\n<title>\u0420\u0443\u0431\u0430\u0448\u043a\u0430 Outdoor Research Astroman S\/S Sun Shirt Mns fatigue - \u041c\u0430\u0433\u0430\u0437\u0438\u043d Xstyle<\/title>\n<meta name=\"description\" content=\"\u0420\u0443\u0431\u0430\u0448\u043a\u0430 Outdoor Research Astroman S\/S Sun Shirt Mns fatigue \u0441 \u0437\u0430\u0449\u0438\u0442\u043e\u0439 UPF 50 \u0438\u0434\u0435\u0430\u043b\u044c\u043d\u043e \u043f\u043e\u0434\u0445\u043e\u0434\u0438\u0442 \u0434\u043b\u044f \u0430\u043a\u0442\u0438\u0432\u043d\u043e\u0433\u043e \u043e\u0442\u0434\u044b\u0445\u0430 \u043d\u0430 \u0441\u043e\u043b\u043d\u0446\u0435. \u041b\u0435\u0433\u043a\u0430\u044f, \u0434\u044b\u0448\u0430\u0449\u0430\u044f \u0438 \u0443\u0434\u043e\u0431\u043d\u0430\u044f.\" \/>\n<meta name=\"robots\" content=\"index, follow, max-snippet:-1, max-image-preview:large, max-video-preview:-1\" \/>\n<link rel=\"canonical\" href=\"https:\/\/xstyle.md\/ro\/produs\/rubashka-outdoor-research-astroman-s-s-sun-shirt\/\" \/>\n<meta property=\"og:locale\" content=\"ro_RO\" \/>\n<meta property=\"og:type\" content=\"article\" \/>\n<meta property=\"og:title\" content=\"\u0420\u0443\u0431\u0430\u0448\u043a\u0430 Outdoor Research Astroman S\/S Sun Shirt Mns fatigue - \u041c\u0430\u0433\u0430\u0437\u0438\u043d Xstyle\" \/>\n<meta property=\"og:description\" content=\"\u0420\u0443\u0431\u0430\u0448\u043a\u0430 Outdoor Research Astroman S\/S Sun Shirt Mns fatigue \u0441 \u0437\u0430\u0449\u0438\u0442\u043e\u0439 UPF 50 \u0438\u0434\u0435\u0430\u043b\u044c\u043d\u043e \u043f\u043e\u0434\u0445\u043e\u0434\u0438\u0442 \u0434\u043b\u044f \u0430\u043a\u0442\u0438\u0432\u043d\u043e\u0433\u043e \u043e\u0442\u0434\u044b\u0445\u0430 \u043d\u0430 \u0441\u043e\u043b\u043d\u0446\u0435. \u041b\u0435\u0433\u043a\u0430\u044f, \u0434\u044b\u0448\u0430\u0449\u0430\u044f \u0438 \u0443\u0434\u043e\u0431\u043d\u0430\u044f.\" \/>\n<meta property=\"og:url\" content=\"https:\/\/xstyle.md\/ro\/produs\/rubashka-outdoor-research-astroman-s-s-sun-shirt\/\" \/>\n<meta property=\"og:site_name\" content=\"\u041c\u0430\u0433\u0430\u0437\u0438\u043d Xstyle\" \/>\n<meta property=\"article:publisher\" content=\"https:\/\/www.facebook.com\/xstylemd\" \/>\n<meta property=\"article:modified_time\" content=\"2024-10-19T20:54:42+00:00\" \/>\n<meta property=\"og:image\" content=\"https:\/\/xstyle.md\/wp-content\/uploads\/2020\/07\/fatigue_2.jpg\" \/>\n\t<meta property=\"og:image:width\" content=\"544\" \/>\n\t<meta property=\"og:image:height\" content=\"550\" \/>\n\t<meta property=\"og:image:type\" content=\"image\/jpeg\" \/>\n<meta name=\"twitter:card\" content=\"summary_large_image\" \/>\n<meta name=\"twitter:label1\" content=\"Pre\u021b\" \/>\n\t<meta name=\"twitter:data1\" content=\"1.194&nbsp;MDL\" \/>\n\t<meta name=\"twitter:label2\" content=\"Disponibilitate\" \/>\n\t<meta name=\"twitter:data2\" content=\"\u00cen stoc\" \/>\n<script type=\"application\/ld+json\" class=\"yoast-schema-graph\">{\"@context\":\"https:\\\/\\\/schema.org\",\"@graph\":[{\"@type\":\"WebPage\",\"@id\":\"https:\\\/\\\/xstyle.md\\\/product\\\/rubashka-outdoor-research-astroman-s-s-sun-shirt\\\/\",\"url\":\"https:\\\/\\\/xstyle.md\\\/product\\\/rubashka-outdoor-research-astroman-s-s-sun-shirt\\\/\",\"name\":\"\u0420\u0443\u0431\u0430\u0448\u043a\u0430 Outdoor Research Astroman S\\\/S Sun Shirt Mns fatigue - \u041c\u0430\u0433\u0430\u0437\u0438\u043d Xstyle\",\"isPartOf\":{\"@id\":\"https:\\\/\\\/xstyle.md\\\/#website\"},\"primaryImageOfPage\":{\"@id\":\"https:\\\/\\\/xstyle.md\\\/product\\\/rubashka-outdoor-research-astroman-s-s-sun-shirt\\\/#primaryimage\"},\"image\":{\"@id\":\"https:\\\/\\\/xstyle.md\\\/product\\\/rubashka-outdoor-research-astroman-s-s-sun-shirt\\\/#primaryimage\"},\"thumbnailUrl\":\"https:\\\/\\\/xstyle.md\\\/wp-content\\\/uploads\\\/2020\\\/07\\\/fatigue_2.jpg\",\"datePublished\":\"2020-07-17T09:34:04+00:00\",\"dateModified\":\"2024-10-19T20:54:42+00:00\",\"description\":\"\u0420\u0443\u0431\u0430\u0448\u043a\u0430 Outdoor Research Astroman S\\\/S Sun Shirt Mns fatigue \u0441 \u0437\u0430\u0449\u0438\u0442\u043e\u0439 UPF 50 \u0438\u0434\u0435\u0430\u043b\u044c\u043d\u043e \u043f\u043e\u0434\u0445\u043e\u0434\u0438\u0442 \u0434\u043b\u044f \u0430\u043a\u0442\u0438\u0432\u043d\u043e\u0433\u043e \u043e\u0442\u0434\u044b\u0445\u0430 \u043d\u0430 \u0441\u043e\u043b\u043d\u0446\u0435. \u041b\u0435\u0433\u043a\u0430\u044f, \u0434\u044b\u0448\u0430\u0449\u0430\u044f \u0438 \u0443\u0434\u043e\u0431\u043d\u0430\u044f.\",\"breadcrumb\":{\"@id\":\"https:\\\/\\\/xstyle.md\\\/product\\\/rubashka-outdoor-research-astroman-s-s-sun-shirt\\\/#breadcrumb\"},\"inLanguage\":\"ro-RO\",\"potentialAction\":[{\"@type\":\"ReadAction\",\"target\":[\"https:\\\/\\\/xstyle.md\\\/product\\\/rubashka-outdoor-research-astroman-s-s-sun-shirt\\\/\"]}]},{\"@type\":\"ImageObject\",\"inLanguage\":\"ro-RO\",\"@id\":\"https:\\\/\\\/xstyle.md\\\/product\\\/rubashka-outdoor-research-astroman-s-s-sun-shirt\\\/#primaryimage\",\"url\":\"https:\\\/\\\/xstyle.md\\\/wp-content\\\/uploads\\\/2020\\\/07\\\/fatigue_2.jpg\",\"contentUrl\":\"https:\\\/\\\/xstyle.md\\\/wp-content\\\/uploads\\\/2020\\\/07\\\/fatigue_2.jpg\",\"width\":544,\"height\":550},{\"@type\":\"BreadcrumbList\",\"@id\":\"https:\\\/\\\/xstyle.md\\\/product\\\/rubashka-outdoor-research-astroman-s-s-sun-shirt\\\/#breadcrumb\",\"itemListElement\":[{\"@type\":\"ListItem\",\"position\":1,\"name\":\"\u0413\u043b\u0430\u0432\u043d\u0430\u044f \u0441\u0442\u0440\u0430\u043d\u0438\u0446\u0430\",\"item\":\"https:\\\/\\\/xstyle.md\\\/\"},{\"@type\":\"ListItem\",\"position\":2,\"name\":\"\u041c\u0430\u0433\u0430\u0437\u0438\u043d\",\"item\":\"https:\\\/\\\/xstyle.md\\\/shop\\\/\"},{\"@type\":\"ListItem\",\"position\":3,\"name\":\"\u0420\u0443\u0431\u0430\u0448\u043a\u0430 Outdoor Research Astroman S\\\/S Sun Shirt Mns fatigue\"}]},{\"@type\":\"WebSite\",\"@id\":\"https:\\\/\\\/xstyle.md\\\/#website\",\"url\":\"https:\\\/\\\/xstyle.md\\\/\",\"name\":\"\u041c\u0430\u0433\u0430\u0437\u0438\u043d Xstyle\",\"description\":\"C\u043d\u0430\u0440\u044f\u0436\u0435\u043d\u0438\u0435 \u0434\u043b\u044f \u0442\u0443\u0440\u0438\u0437\u043c\u0430 \u0438 \u044d\u043a\u0441\u0442\u0440\u0435\u043c\u0430\u043b\u044c\u043d\u044b\u0445 \u0432\u0438\u0434\u043e\u0432 \u0441\u043f\u043e\u0440\u0442\u0430 \u0432 \u041c\u043e\u043b\u0434\u043e\u0432\u0435.. \u0426\u0435\u043d\u044b, \u0444\u043e\u0442\u043e, \u0445\u0430\u0440\u0430\u043a\u0442\u0435\u0440\u0438\u0441\u0442\u0438\u043a\u0438 \u0432 \u041c\u043e\u043b\u0434\u043e\u0432\u0435.\",\"publisher\":{\"@id\":\"https:\\\/\\\/xstyle.md\\\/#organization\"},\"alternateName\":\"X-Style\",\"potentialAction\":[{\"@type\":\"SearchAction\",\"target\":{\"@type\":\"EntryPoint\",\"urlTemplate\":\"https:\\\/\\\/xstyle.md\\\/?s={search_term_string}\"},\"query-input\":{\"@type\":\"PropertyValueSpecification\",\"valueRequired\":true,\"valueName\":\"search_term_string\"}}],\"inLanguage\":\"ro-RO\"},{\"@type\":\"Organization\",\"@id\":\"https:\\\/\\\/xstyle.md\\\/#organization\",\"name\":\"\u041c\u0430\u0433\u0430\u0437\u0438\u043d Xstyle\",\"alternateName\":\"x-style\",\"url\":\"https:\\\/\\\/xstyle.md\\\/\",\"logo\":{\"@type\":\"ImageObject\",\"inLanguage\":\"ro-RO\",\"@id\":\"https:\\\/\\\/xstyle.md\\\/#\\\/schema\\\/logo\\\/image\\\/\",\"url\":\"https:\\\/\\\/xstyle.md\\\/wp-content\\\/uploads\\\/2020\\\/06\\\/logoicon.svg\",\"contentUrl\":\"https:\\\/\\\/xstyle.md\\\/wp-content\\\/uploads\\\/2020\\\/06\\\/logoicon.svg\",\"caption\":\"\u041c\u0430\u0433\u0430\u0437\u0438\u043d Xstyle\"},\"image\":{\"@id\":\"https:\\\/\\\/xstyle.md\\\/#\\\/schema\\\/logo\\\/image\\\/\"},\"sameAs\":[\"https:\\\/\\\/www.facebook.com\\\/xstylemd\",\"https:\\\/\\\/www.instagram.com\\\/xstyle_md\\\/\",\"https:\\\/\\\/t.me\\\/xstyle_outdoor\"],\"hasMerchantReturnPolicy\":{\"@type\":\"MerchantReturnPolicy\",\"merchantReturnLink\":\"https:\\\/\\\/xstyle.md\\\/ro\\\/conditions\\\/\"}}]}<\/script>\n<meta property=\"product:price:amount\" content=\"1194.00\" \/>\n<meta property=\"product:price:currency\" content=\"MDL\" \/>\n<meta property=\"og:availability\" content=\"instock\" \/>\n<meta property=\"product:availability\" content=\"instock\" \/>\n<meta property=\"product:retailer_item_id\" content=\"727602552972\" \/>\n<meta property=\"product:condition\" content=\"new\" \/>\n<!-- \/ Yoast SEO plugin. -->","yoast_head_json":{"title":"C\u0103ma\u0219\u0103 Outdoor Research Astroman S\/S Sun Shirt Mns fatigue - Magazin Xstyle","description":"C\u0103m\u0103\u0219a Outdoor Research Astroman S\/S Sun Shirt Mns fatigue cu protec\u021bie UPF 50 este perfect\u0103 pentru activit\u0103\u021bi \u00een aer liber la soare. U\u0219oar\u0103, respirabil\u0103 \u0219i confortabil\u0103.","robots":{"index":"index","follow":"follow","max-snippet":"max-snippet:-1","max-image-preview":"max-image-preview:large","max-video-preview":"max-video-preview:-1"},"canonical":"https:\/\/xstyle.md\/ro\/produs\/rubashka-outdoor-research-astroman-s-s-sun-shirt\/","og_locale":"ro_RO","og_type":"article","og_title":"\u0420\u0443\u0431\u0430\u0448\u043a\u0430 Outdoor Research Astroman S\/S Sun Shirt Mns fatigue - \u041c\u0430\u0433\u0430\u0437\u0438\u043d Xstyle","og_description":"\u0420\u0443\u0431\u0430\u0448\u043a\u0430 Outdoor Research Astroman S\/S Sun Shirt Mns fatigue \u0441 \u0437\u0430\u0449\u0438\u0442\u043e\u0439 UPF 50 \u0438\u0434\u0435\u0430\u043b\u044c\u043d\u043e \u043f\u043e\u0434\u0445\u043e\u0434\u0438\u0442 \u0434\u043b\u044f \u0430\u043a\u0442\u0438\u0432\u043d\u043e\u0433\u043e \u043e\u0442\u0434\u044b\u0445\u0430 \u043d\u0430 \u0441\u043e\u043b\u043d\u0446\u0435. \u041b\u0435\u0433\u043a\u0430\u044f, \u0434\u044b\u0448\u0430\u0449\u0430\u044f \u0438 \u0443\u0434\u043e\u0431\u043d\u0430\u044f.","og_url":"https:\/\/xstyle.md\/ro\/produs\/rubashka-outdoor-research-astroman-s-s-sun-shirt\/","og_site_name":"\u041c\u0430\u0433\u0430\u0437\u0438\u043d Xstyle","article_publisher":"https:\/\/www.facebook.com\/xstylemd","article_modified_time":"2024-10-19T20:54:42+00:00","og_image":[{"width":544,"height":550,"url":"https:\/\/xstyle.md\/wp-content\/uploads\/2020\/07\/fatigue_2.jpg","type":"image\/jpeg"}],"twitter_card":"summary_large_image","twitter_misc":{"Pre\u021b":"1.194&nbsp;MDL","Disponibilitate":"\u00cen stoc"},"schema":{"@context":"https:\/\/schema.org","@graph":[{"@type":"WebPage","@id":"https:\/\/xstyle.md\/product\/rubashka-outdoor-research-astroman-s-s-sun-shirt\/","url":"https:\/\/xstyle.md\/product\/rubashka-outdoor-research-astroman-s-s-sun-shirt\/","name":"C\u0103ma\u0219\u0103 Outdoor Research Astroman S\/S Sun Shirt Mns fatigue - Magazin Xstyle","isPartOf":{"@id":"https:\/\/xstyle.md\/#website"},"primaryImageOfPage":{"@id":"https:\/\/xstyle.md\/product\/rubashka-outdoor-research-astroman-s-s-sun-shirt\/#primaryimage"},"image":{"@id":"https:\/\/xstyle.md\/product\/rubashka-outdoor-research-astroman-s-s-sun-shirt\/#primaryimage"},"thumbnailUrl":"https:\/\/xstyle.md\/wp-content\/uploads\/2020\/07\/fatigue_2.jpg","datePublished":"2020-07-17T09:34:04+00:00","dateModified":"2024-10-19T20:54:42+00:00","description":"C\u0103m\u0103\u0219a Outdoor Research Astroman S\/S Sun Shirt Mns fatigue cu protec\u021bie UPF 50 este perfect\u0103 pentru activit\u0103\u021bi \u00een aer liber la soare. U\u0219oar\u0103, respirabil\u0103 \u0219i confortabil\u0103.","breadcrumb":{"@id":"https:\/\/xstyle.md\/product\/rubashka-outdoor-research-astroman-s-s-sun-shirt\/#breadcrumb"},"inLanguage":"ro-RO","potentialAction":[{"@type":"ReadAction","target":["https:\/\/xstyle.md\/product\/rubashka-outdoor-research-astroman-s-s-sun-shirt\/"]}]},{"@type":"ImageObject","inLanguage":"ro-RO","@id":"https:\/\/xstyle.md\/product\/rubashka-outdoor-research-astroman-s-s-sun-shirt\/#primaryimage","url":"https:\/\/xstyle.md\/wp-content\/uploads\/2020\/07\/fatigue_2.jpg","contentUrl":"https:\/\/xstyle.md\/wp-content\/uploads\/2020\/07\/fatigue_2.jpg","width":544,"height":550},{"@type":"BreadcrumbList","@id":"https:\/\/xstyle.md\/product\/rubashka-outdoor-research-astroman-s-s-sun-shirt\/#breadcrumb","itemListElement":[{"@type":"ListItem","position":1,"name":"\u0413\u043b\u0430\u0432\u043d\u0430\u044f \u0441\u0442\u0440\u0430\u043d\u0438\u0446\u0430","item":"https:\/\/xstyle.md\/"},{"@type":"ListItem","position":2,"name":"\u041c\u0430\u0433\u0430\u0437\u0438\u043d","item":"https:\/\/xstyle.md\/shop\/"},{"@type":"ListItem","position":3,"name":"\u0420\u0443\u0431\u0430\u0448\u043a\u0430 Outdoor Research Astroman S\/S Sun Shirt Mns fatigue"}]},{"@type":"WebSite","@id":"https:\/\/xstyle.md\/#website","url":"https:\/\/xstyle.md\/","name":"Magazinul X-Style","description":"Echipamente pentru turism \u0219i sporturi extreme \u00een Moldova. Pre\u021buri, fotografii, caracteristici \u00een Moldova.","publisher":{"@id":"https:\/\/xstyle.md\/#organization"},"alternateName":"X-Style","potentialAction":[{"@type":"SearchAction","target":{"@type":"EntryPoint","urlTemplate":"https:\/\/xstyle.md\/?s={search_term_string}"},"query-input":{"@type":"PropertyValueSpecification","valueRequired":true,"valueName":"search_term_string"}}],"inLanguage":"ro-RO"},{"@type":"Organization","@id":"https:\/\/xstyle.md\/#organization","name":"Magazinul X-Style","alternateName":"x-style","url":"https:\/\/xstyle.md\/","logo":{"@type":"ImageObject","inLanguage":"ro-RO","@id":"https:\/\/xstyle.md\/#\/schema\/logo\/image\/","url":"https:\/\/xstyle.md\/wp-content\/uploads\/2020\/06\/logoicon.svg","contentUrl":"https:\/\/xstyle.md\/wp-content\/uploads\/2020\/06\/logoicon.svg","caption":"\u041c\u0430\u0433\u0430\u0437\u0438\u043d Xstyle"},"image":{"@id":"https:\/\/xstyle.md\/#\/schema\/logo\/image\/"},"sameAs":["https:\/\/www.facebook.com\/xstylemd","https:\/\/www.instagram.com\/xstyle_md\/","https:\/\/t.me\/xstyle_outdoor"],"hasMerchantReturnPolicy":{"@type":"MerchantReturnPolicy","merchantReturnLink":"https:\/\/xstyle.md\/ro\/conditions\/"}}]},"product_price_amount":"1194.00","product_price_currency":"MDL","og_availability":"instock","product_availability":"instock","product_retailer_item_id":"727602552972","product_condition":"new"},"post_mailing_queue_ids":[],"_links":{"self":[{"href":"https:\/\/xstyle.md\/ro\/wp-json\/wp\/v2\/product\/12905","targetHints":{"allow":["GET"]}}],"collection":[{"href":"https:\/\/xstyle.md\/ro\/wp-json\/wp\/v2\/product"}],"about":[{"href":"https:\/\/xstyle.md\/ro\/wp-json\/wp\/v2\/types\/product"}],"replies":[{"embeddable":true,"href":"https:\/\/xstyle.md\/ro\/wp-json\/wp\/v2\/comments?post=12905"}],"wp:featuredmedia":[{"embeddable":true,"href":"https:\/\/xstyle.md\/ro\/wp-json\/wp\/v2\/media\/12904"}],"wp:attachment":[{"href":"https:\/\/xstyle.md\/ro\/wp-json\/wp\/v2\/media?parent=12905"}],"wp:term":[{"taxonomy":"product_brand","embeddable":true,"href":"https:\/\/xstyle.md\/ro\/wp-json\/wp\/v2\/product_brand?post=12905"},{"taxonomy":"product_cat","embeddable":true,"href":"https:\/\/xstyle.md\/ro\/wp-json\/wp\/v2\/product_cat?post=12905"},{"taxonomy":"product_tag","embeddable":true,"href":"https:\/\/xstyle.md\/ro\/wp-json\/wp\/v2\/product_tag?post=12905"}],"curies":[{"name":"wp","href":"https:\/\/api.w.org\/{rel}","templated":true}]}}