{"id":12622,"date":"2020-07-17T12:08:49","date_gmt":"2020-07-17T09:08:49","guid":{"rendered":"https:\/\/xstyle.md\/product\/binokl-nikon-aculon-a211-10-x-42"},"modified":"2026-01-09T12:51:05","modified_gmt":"2026-01-09T09:51:05","slug":"binokl-nikon-aculon-a211-10-x-42","status":"publish","type":"product","link":"https:\/\/xstyle.md\/ro\/produs\/binokl-nikon-aculon-a211-10-x-42\/","title":{"rendered":"Binoclu Nikon Aculon A211 10 x 42"},"content":{"rendered":"<\/p>\n<p><strong>Binoclu Nikon Aculon A211 10 x 42 &#8212;\u00a0<\/strong>binoclu multifunc\u021bional de calitate, pe care-l pute\u021bi lua cu dvs. la plimbare, \u00een drume\u021bie sau \u00een c\u0103l\u0103torie.<\/p>\n<p><strong>Caracteristici:<\/strong><\/p>\n<ul>\n<li>La baza construc\u021biei optice al binoclului se afl\u0103 sistemul prismatic Porro. \u00cen compara\u021bie cu prismele Roof, acest sistem ofer\u0103 o imagine mai real\u0103 \u0219i mai voluminoas\u0103.<\/li>\n<li>Ocularele Aculon A211 10&#215;42 utilizeaz\u0103 elemente asferice, prin care calitatea imaginii r\u0103m\u00e2ne pe tot c\u00e2mpul vizual.<\/li>\n<li>Lentile sunt acoperite cu mai multe straturi anti-reflexie, ceea ce face ca imaginea mai contrast\u0103 \u0219i mai luminoas\u0103.<\/li>\n<li>Distan\u021ba interpupilar\u0103 este reglabil\u0103 pe o gam\u0103 larg\u0103, care v\u0103 permite s\u0103 regla\u021bi binoclu individual pentru fiecare observator.<\/li>\n<li>Pentru o utilizare mai confortabil\u0103 cu ochelari binoclul este echipat cu elemente speciale retractabile.<\/li>\n<li>Carcasa ergonomic\u0103 este protejat\u0103 cu un strat de cauciuc care reduce alunecarea dispozitivului chiar \u00een m\u00e2inile umede, precum \u0219i pentru a proteja sistemul optic de praf \u0219i umezeal\u0103.<\/li>\n<\/ul>\n<p><strong>Specifica\u021biile produsului:<\/strong><\/p>\n<ul>\n<li>M\u0103rire, ori 10<\/li>\n<li>Tip prism\u0103 &#8212; Porro<\/li>\n<li>Material optic Eco-glass<\/li>\n<li>Acoperirea lentilelor multistrat<\/li>\n<li>Diametrul obiectivului (diafragma), mm 42<\/li>\n<li>Diametrul pupilei de ie\u0219ire, mm 4,2<\/li>\n<li>Ie\u0219irea pupilei de ie\u0219ire, mm 11,6<\/li>\n<li>Luminozitate relativ\u0103 17,6<\/li>\n<li>Unghi vizual real, \u00b0 6<\/li>\n<li>Unghi vizual vizibil, \u00b0 60<\/li>\n<li>C\u00e2mp de vedere la o distan\u021b\u0103 de 1000 m, m 105<\/li>\n<li>Distan\u021ba minim\u0103 de focalizare, m 5<\/li>\n<li>Distan\u021ba interpupilar\u0103, mm 56-72<\/li>\n<li>Modul de focalizare este central<\/li>\n<li>Oculare rotative-retractabile<\/li>\n<li>Dimensiune clasic\u0103<\/li>\n<li>Intervalul de temperatur\u0103 de func\u021bionare, \u00b0 \u0421 -10 &#8230; + 45<\/li>\n<li>Pentru v\u00e2n\u0103toare \u0219i pescuit, armat\u0103 \/ c\u00e2mp<\/li>\n<li>Dimensiuni, mm 145&#215;185<\/li>\n<li>Greutate, kg 0,76<\/li>\n<\/ul>\n<p><\/p>","protected":false},"excerpt":{"rendered":"<p>Binoclu Nikon Aculon A211 10 x 42<\/p>","protected":false},"featured_media":12619,"comment_status":"open","ping_status":"closed","template":"","meta":{"_acf_changed":false,"inline_featured_image":false},"product_brand":[1355],"product_cat":[513],"product_tag":[],"class_list":{"0":"post-12622","1":"product","2":"type-product","3":"status-publish","4":"has-post-thumbnail","6":"product_brand-nikon","7":"product_cat-binoculars","9":"first","10":"instock","11":"shipping-taxable","12":"purchasable","13":"product-type-simple"},"acf":[],"yoast_head":"<!-- This site is optimized with the Yoast SEO plugin v27.4 - https:\/\/yoast.com\/product\/yoast-seo-wordpress\/ -->\n<title>\u0411\u0438\u043d\u043e\u043a\u043b\u044c Nikon Aculon A211 10 x 42 - \u041c\u0430\u0433\u0430\u0437\u0438\u043d Xstyle<\/title>\n<meta name=\"description\" content=\"\u0411\u0438\u043d\u043e\u043a\u043b\u044c Nikon Aculon A211 10x42 - \u0438\u0434\u0435\u0430\u043b\u044c\u043d\u044b\u0439 \u0441\u043f\u0443\u0442\u043d\u0438\u043a \u0434\u043b\u044f \u043f\u0440\u043e\u0433\u0443\u043b\u043e\u043a \u0438 \u043f\u0443\u0442\u0435\u0448\u0435\u0441\u0442\u0432\u0438\u0439. \u041f\u0440\u0435\u0432\u043e\u0441\u0445\u043e\u0434\u043d\u043e\u0435 \u043a\u0430\u0447\u0435\u0441\u0442\u0432\u043e \u043e\u043f\u0442\u0438\u043a\u0438 \u0438 \u043a\u043e\u043c\u043f\u0430\u043a\u0442\u043d\u044b\u0439 \u0434\u0438\u0437\u0430\u0439\u043d \u0434\u043b\u044f \u0432\u0430\u0448\u0435\u0433\u043e \u0443\u0434\u043e\u0431\u0441\u0442\u0432\u0430.\" \/>\n<meta name=\"robots\" content=\"index, follow, max-snippet:-1, max-image-preview:large, max-video-preview:-1\" \/>\n<link rel=\"canonical\" href=\"https:\/\/xstyle.md\/ro\/produs\/binokl-nikon-aculon-a211-10-x-42\/\" \/>\n<meta property=\"og:locale\" content=\"ro_RO\" \/>\n<meta property=\"og:type\" content=\"article\" \/>\n<meta property=\"og:title\" content=\"\u0411\u0438\u043d\u043e\u043a\u043b\u044c Nikon Aculon A211 10 x 42 - \u041c\u0430\u0433\u0430\u0437\u0438\u043d Xstyle\" \/>\n<meta property=\"og:description\" content=\"\u0411\u0438\u043d\u043e\u043a\u043b\u044c Nikon Aculon A211 10x42 - \u0438\u0434\u0435\u0430\u043b\u044c\u043d\u044b\u0439 \u0441\u043f\u0443\u0442\u043d\u0438\u043a \u0434\u043b\u044f \u043f\u0440\u043e\u0433\u0443\u043b\u043e\u043a \u0438 \u043f\u0443\u0442\u0435\u0448\u0435\u0441\u0442\u0432\u0438\u0439. \u041f\u0440\u0435\u0432\u043e\u0441\u0445\u043e\u0434\u043d\u043e\u0435 \u043a\u0430\u0447\u0435\u0441\u0442\u0432\u043e \u043e\u043f\u0442\u0438\u043a\u0438 \u0438 \u043a\u043e\u043c\u043f\u0430\u043a\u0442\u043d\u044b\u0439 \u0434\u0438\u0437\u0430\u0439\u043d \u0434\u043b\u044f \u0432\u0430\u0448\u0435\u0433\u043e \u0443\u0434\u043e\u0431\u0441\u0442\u0432\u0430.\" \/>\n<meta property=\"og:url\" content=\"https:\/\/xstyle.md\/ro\/produs\/binokl-nikon-aculon-a211-10-x-42\/\" \/>\n<meta property=\"og:site_name\" content=\"\u041c\u0430\u0433\u0430\u0437\u0438\u043d Xstyle\" \/>\n<meta property=\"article:publisher\" content=\"https:\/\/www.facebook.com\/xstylemd\" \/>\n<meta property=\"article:modified_time\" content=\"2026-01-09T09:51:05+00:00\" \/>\n<meta property=\"og:image\" content=\"https:\/\/xstyle.md\/wp-content\/uploads\/2020\/07\/akulon.jpg\" \/>\n\t<meta property=\"og:image:width\" content=\"600\" \/>\n\t<meta property=\"og:image:height\" content=\"575\" \/>\n\t<meta property=\"og:image:type\" content=\"image\/jpeg\" \/>\n<meta name=\"twitter:card\" content=\"summary_large_image\" \/>\n<meta name=\"twitter:label1\" content=\"Pre\u021b\" \/>\n\t<meta name=\"twitter:data1\" content=\"2.990&nbsp;MDL\" \/>\n\t<meta name=\"twitter:label2\" content=\"Disponibilitate\" \/>\n\t<meta name=\"twitter:data2\" content=\"\u00cen stoc\" \/>\n<script type=\"application\/ld+json\" class=\"yoast-schema-graph\">{\"@context\":\"https:\\\/\\\/schema.org\",\"@graph\":[{\"@type\":\"WebPage\",\"@id\":\"https:\\\/\\\/xstyle.md\\\/product\\\/binokl-nikon-aculon-a211-10-x-42\\\/\",\"url\":\"https:\\\/\\\/xstyle.md\\\/product\\\/binokl-nikon-aculon-a211-10-x-42\\\/\",\"name\":\"\u0411\u0438\u043d\u043e\u043a\u043b\u044c Nikon Aculon A211 10 x 42 - \u041c\u0430\u0433\u0430\u0437\u0438\u043d Xstyle\",\"isPartOf\":{\"@id\":\"https:\\\/\\\/xstyle.md\\\/#website\"},\"primaryImageOfPage\":{\"@id\":\"https:\\\/\\\/xstyle.md\\\/product\\\/binokl-nikon-aculon-a211-10-x-42\\\/#primaryimage\"},\"image\":{\"@id\":\"https:\\\/\\\/xstyle.md\\\/product\\\/binokl-nikon-aculon-a211-10-x-42\\\/#primaryimage\"},\"thumbnailUrl\":\"https:\\\/\\\/xstyle.md\\\/wp-content\\\/uploads\\\/2020\\\/07\\\/akulon.jpg\",\"datePublished\":\"2020-07-17T09:08:49+00:00\",\"dateModified\":\"2026-01-09T09:51:05+00:00\",\"description\":\"\u0411\u0438\u043d\u043e\u043a\u043b\u044c Nikon Aculon A211 10x42 - \u0438\u0434\u0435\u0430\u043b\u044c\u043d\u044b\u0439 \u0441\u043f\u0443\u0442\u043d\u0438\u043a \u0434\u043b\u044f \u043f\u0440\u043e\u0433\u0443\u043b\u043e\u043a \u0438 \u043f\u0443\u0442\u0435\u0448\u0435\u0441\u0442\u0432\u0438\u0439. \u041f\u0440\u0435\u0432\u043e\u0441\u0445\u043e\u0434\u043d\u043e\u0435 \u043a\u0430\u0447\u0435\u0441\u0442\u0432\u043e \u043e\u043f\u0442\u0438\u043a\u0438 \u0438 \u043a\u043e\u043c\u043f\u0430\u043a\u0442\u043d\u044b\u0439 \u0434\u0438\u0437\u0430\u0439\u043d \u0434\u043b\u044f \u0432\u0430\u0448\u0435\u0433\u043e \u0443\u0434\u043e\u0431\u0441\u0442\u0432\u0430.\",\"breadcrumb\":{\"@id\":\"https:\\\/\\\/xstyle.md\\\/product\\\/binokl-nikon-aculon-a211-10-x-42\\\/#breadcrumb\"},\"inLanguage\":\"ro-RO\",\"potentialAction\":[{\"@type\":\"ReadAction\",\"target\":[\"https:\\\/\\\/xstyle.md\\\/product\\\/binokl-nikon-aculon-a211-10-x-42\\\/\"]}]},{\"@type\":\"ImageObject\",\"inLanguage\":\"ro-RO\",\"@id\":\"https:\\\/\\\/xstyle.md\\\/product\\\/binokl-nikon-aculon-a211-10-x-42\\\/#primaryimage\",\"url\":\"https:\\\/\\\/xstyle.md\\\/wp-content\\\/uploads\\\/2020\\\/07\\\/akulon.jpg\",\"contentUrl\":\"https:\\\/\\\/xstyle.md\\\/wp-content\\\/uploads\\\/2020\\\/07\\\/akulon.jpg\",\"width\":600,\"height\":575},{\"@type\":\"BreadcrumbList\",\"@id\":\"https:\\\/\\\/xstyle.md\\\/product\\\/binokl-nikon-aculon-a211-10-x-42\\\/#breadcrumb\",\"itemListElement\":[{\"@type\":\"ListItem\",\"position\":1,\"name\":\"\u0413\u043b\u0430\u0432\u043d\u0430\u044f \u0441\u0442\u0440\u0430\u043d\u0438\u0446\u0430\",\"item\":\"https:\\\/\\\/xstyle.md\\\/\"},{\"@type\":\"ListItem\",\"position\":2,\"name\":\"\u041c\u0430\u0433\u0430\u0437\u0438\u043d\",\"item\":\"https:\\\/\\\/xstyle.md\\\/shop\\\/\"},{\"@type\":\"ListItem\",\"position\":3,\"name\":\"\u0411\u0438\u043d\u043e\u043a\u043b\u044c Nikon Aculon A211 10 x 42\"}]},{\"@type\":\"WebSite\",\"@id\":\"https:\\\/\\\/xstyle.md\\\/#website\",\"url\":\"https:\\\/\\\/xstyle.md\\\/\",\"name\":\"\u041c\u0430\u0433\u0430\u0437\u0438\u043d Xstyle\",\"description\":\"C\u043d\u0430\u0440\u044f\u0436\u0435\u043d\u0438\u0435 \u0434\u043b\u044f \u0442\u0443\u0440\u0438\u0437\u043c\u0430 \u0438 \u044d\u043a\u0441\u0442\u0440\u0435\u043c\u0430\u043b\u044c\u043d\u044b\u0445 \u0432\u0438\u0434\u043e\u0432 \u0441\u043f\u043e\u0440\u0442\u0430 \u0432 \u041c\u043e\u043b\u0434\u043e\u0432\u0435.. \u0426\u0435\u043d\u044b, \u0444\u043e\u0442\u043e, \u0445\u0430\u0440\u0430\u043a\u0442\u0435\u0440\u0438\u0441\u0442\u0438\u043a\u0438 \u0432 \u041c\u043e\u043b\u0434\u043e\u0432\u0435.\",\"publisher\":{\"@id\":\"https:\\\/\\\/xstyle.md\\\/#organization\"},\"alternateName\":\"X-Style\",\"potentialAction\":[{\"@type\":\"SearchAction\",\"target\":{\"@type\":\"EntryPoint\",\"urlTemplate\":\"https:\\\/\\\/xstyle.md\\\/?s={search_term_string}\"},\"query-input\":{\"@type\":\"PropertyValueSpecification\",\"valueRequired\":true,\"valueName\":\"search_term_string\"}}],\"inLanguage\":\"ro-RO\"},{\"@type\":\"Organization\",\"@id\":\"https:\\\/\\\/xstyle.md\\\/#organization\",\"name\":\"\u041c\u0430\u0433\u0430\u0437\u0438\u043d Xstyle\",\"alternateName\":\"x-style\",\"url\":\"https:\\\/\\\/xstyle.md\\\/\",\"logo\":{\"@type\":\"ImageObject\",\"inLanguage\":\"ro-RO\",\"@id\":\"https:\\\/\\\/xstyle.md\\\/#\\\/schema\\\/logo\\\/image\\\/\",\"url\":\"https:\\\/\\\/xstyle.md\\\/wp-content\\\/uploads\\\/2020\\\/06\\\/logoicon.svg\",\"contentUrl\":\"https:\\\/\\\/xstyle.md\\\/wp-content\\\/uploads\\\/2020\\\/06\\\/logoicon.svg\",\"caption\":\"\u041c\u0430\u0433\u0430\u0437\u0438\u043d Xstyle\"},\"image\":{\"@id\":\"https:\\\/\\\/xstyle.md\\\/#\\\/schema\\\/logo\\\/image\\\/\"},\"sameAs\":[\"https:\\\/\\\/www.facebook.com\\\/xstylemd\",\"https:\\\/\\\/www.instagram.com\\\/xstyle_md\\\/\",\"https:\\\/\\\/t.me\\\/xstyle_outdoor\"],\"hasMerchantReturnPolicy\":{\"@type\":\"MerchantReturnPolicy\",\"merchantReturnLink\":\"https:\\\/\\\/xstyle.md\\\/ro\\\/conditions\\\/\"}}]}<\/script>\n<meta property=\"product:price:amount\" content=\"2990.00\" \/>\n<meta property=\"product:price:currency\" content=\"MDL\" \/>\n<meta property=\"og:availability\" content=\"instock\" \/>\n<meta property=\"product:availability\" content=\"instock\" \/>\n<meta property=\"product:retailer_item_id\" content=\"4571137585075\" \/>\n<meta property=\"product:condition\" content=\"new\" \/>\n<!-- \/ Yoast SEO plugin. -->","yoast_head_json":{"title":"Binoclu Nikon Aculon A211 10 x 42 - Magazin Xstyle","description":"Binoclu Nikon Aculon A211 10x42 - tovar\u0103\u0219ul ideal pentru plimb\u0103ri \u0219i c\u0103l\u0103torii. Calitate excelent\u0103 a opticii \u0219i un design compact pentru confortul dumneavoastr\u0103.","robots":{"index":"index","follow":"follow","max-snippet":"max-snippet:-1","max-image-preview":"max-image-preview:large","max-video-preview":"max-video-preview:-1"},"canonical":"https:\/\/xstyle.md\/ro\/produs\/binokl-nikon-aculon-a211-10-x-42\/","og_locale":"ro_RO","og_type":"article","og_title":"\u0411\u0438\u043d\u043e\u043a\u043b\u044c Nikon Aculon A211 10 x 42 - \u041c\u0430\u0433\u0430\u0437\u0438\u043d Xstyle","og_description":"\u0411\u0438\u043d\u043e\u043a\u043b\u044c Nikon Aculon A211 10x42 - \u0438\u0434\u0435\u0430\u043b\u044c\u043d\u044b\u0439 \u0441\u043f\u0443\u0442\u043d\u0438\u043a \u0434\u043b\u044f \u043f\u0440\u043e\u0433\u0443\u043b\u043e\u043a \u0438 \u043f\u0443\u0442\u0435\u0448\u0435\u0441\u0442\u0432\u0438\u0439. \u041f\u0440\u0435\u0432\u043e\u0441\u0445\u043e\u0434\u043d\u043e\u0435 \u043a\u0430\u0447\u0435\u0441\u0442\u0432\u043e \u043e\u043f\u0442\u0438\u043a\u0438 \u0438 \u043a\u043e\u043c\u043f\u0430\u043a\u0442\u043d\u044b\u0439 \u0434\u0438\u0437\u0430\u0439\u043d \u0434\u043b\u044f \u0432\u0430\u0448\u0435\u0433\u043e \u0443\u0434\u043e\u0431\u0441\u0442\u0432\u0430.","og_url":"https:\/\/xstyle.md\/ro\/produs\/binokl-nikon-aculon-a211-10-x-42\/","og_site_name":"\u041c\u0430\u0433\u0430\u0437\u0438\u043d Xstyle","article_publisher":"https:\/\/www.facebook.com\/xstylemd","article_modified_time":"2026-01-09T09:51:05+00:00","og_image":[{"width":600,"height":575,"url":"https:\/\/xstyle.md\/wp-content\/uploads\/2020\/07\/akulon.jpg","type":"image\/jpeg"}],"twitter_card":"summary_large_image","twitter_misc":{"Pre\u021b":"2.990&nbsp;MDL","Disponibilitate":"\u00cen stoc"},"schema":{"@context":"https:\/\/schema.org","@graph":[{"@type":"WebPage","@id":"https:\/\/xstyle.md\/product\/binokl-nikon-aculon-a211-10-x-42\/","url":"https:\/\/xstyle.md\/product\/binokl-nikon-aculon-a211-10-x-42\/","name":"Binoclu Nikon Aculon A211 10 x 42 - Magazin Xstyle","isPartOf":{"@id":"https:\/\/xstyle.md\/#website"},"primaryImageOfPage":{"@id":"https:\/\/xstyle.md\/product\/binokl-nikon-aculon-a211-10-x-42\/#primaryimage"},"image":{"@id":"https:\/\/xstyle.md\/product\/binokl-nikon-aculon-a211-10-x-42\/#primaryimage"},"thumbnailUrl":"https:\/\/xstyle.md\/wp-content\/uploads\/2020\/07\/akulon.jpg","datePublished":"2020-07-17T09:08:49+00:00","dateModified":"2026-01-09T09:51:05+00:00","description":"Binoclu Nikon Aculon A211 10x42 - tovar\u0103\u0219ul ideal pentru plimb\u0103ri \u0219i c\u0103l\u0103torii. Calitate excelent\u0103 a opticii \u0219i un design compact pentru confortul dumneavoastr\u0103.","breadcrumb":{"@id":"https:\/\/xstyle.md\/product\/binokl-nikon-aculon-a211-10-x-42\/#breadcrumb"},"inLanguage":"ro-RO","potentialAction":[{"@type":"ReadAction","target":["https:\/\/xstyle.md\/product\/binokl-nikon-aculon-a211-10-x-42\/"]}]},{"@type":"ImageObject","inLanguage":"ro-RO","@id":"https:\/\/xstyle.md\/product\/binokl-nikon-aculon-a211-10-x-42\/#primaryimage","url":"https:\/\/xstyle.md\/wp-content\/uploads\/2020\/07\/akulon.jpg","contentUrl":"https:\/\/xstyle.md\/wp-content\/uploads\/2020\/07\/akulon.jpg","width":600,"height":575},{"@type":"BreadcrumbList","@id":"https:\/\/xstyle.md\/product\/binokl-nikon-aculon-a211-10-x-42\/#breadcrumb","itemListElement":[{"@type":"ListItem","position":1,"name":"\u0413\u043b\u0430\u0432\u043d\u0430\u044f \u0441\u0442\u0440\u0430\u043d\u0438\u0446\u0430","item":"https:\/\/xstyle.md\/"},{"@type":"ListItem","position":2,"name":"\u041c\u0430\u0433\u0430\u0437\u0438\u043d","item":"https:\/\/xstyle.md\/shop\/"},{"@type":"ListItem","position":3,"name":"\u0411\u0438\u043d\u043e\u043a\u043b\u044c Nikon Aculon A211 10 x 42"}]},{"@type":"WebSite","@id":"https:\/\/xstyle.md\/#website","url":"https:\/\/xstyle.md\/","name":"Magazinul X-Style","description":"Echipamente pentru turism \u0219i sporturi extreme \u00een Moldova. Pre\u021buri, fotografii, caracteristici \u00een Moldova.","publisher":{"@id":"https:\/\/xstyle.md\/#organization"},"alternateName":"X-Style","potentialAction":[{"@type":"SearchAction","target":{"@type":"EntryPoint","urlTemplate":"https:\/\/xstyle.md\/?s={search_term_string}"},"query-input":{"@type":"PropertyValueSpecification","valueRequired":true,"valueName":"search_term_string"}}],"inLanguage":"ro-RO"},{"@type":"Organization","@id":"https:\/\/xstyle.md\/#organization","name":"Magazinul X-Style","alternateName":"x-style","url":"https:\/\/xstyle.md\/","logo":{"@type":"ImageObject","inLanguage":"ro-RO","@id":"https:\/\/xstyle.md\/#\/schema\/logo\/image\/","url":"https:\/\/xstyle.md\/wp-content\/uploads\/2020\/06\/logoicon.svg","contentUrl":"https:\/\/xstyle.md\/wp-content\/uploads\/2020\/06\/logoicon.svg","caption":"\u041c\u0430\u0433\u0430\u0437\u0438\u043d Xstyle"},"image":{"@id":"https:\/\/xstyle.md\/#\/schema\/logo\/image\/"},"sameAs":["https:\/\/www.facebook.com\/xstylemd","https:\/\/www.instagram.com\/xstyle_md\/","https:\/\/t.me\/xstyle_outdoor"],"hasMerchantReturnPolicy":{"@type":"MerchantReturnPolicy","merchantReturnLink":"https:\/\/xstyle.md\/ro\/conditions\/"}}]},"product_price_amount":"2990.00","product_price_currency":"MDL","og_availability":"instock","product_availability":"instock","product_retailer_item_id":"4571137585075","product_condition":"new"},"_links":{"self":[{"href":"https:\/\/xstyle.md\/ro\/wp-json\/wp\/v2\/product\/12622","targetHints":{"allow":["GET"]}}],"collection":[{"href":"https:\/\/xstyle.md\/ro\/wp-json\/wp\/v2\/product"}],"about":[{"href":"https:\/\/xstyle.md\/ro\/wp-json\/wp\/v2\/types\/product"}],"replies":[{"embeddable":true,"href":"https:\/\/xstyle.md\/ro\/wp-json\/wp\/v2\/comments?post=12622"}],"wp:featuredmedia":[{"embeddable":true,"href":"https:\/\/xstyle.md\/ro\/wp-json\/wp\/v2\/media\/12619"}],"wp:attachment":[{"href":"https:\/\/xstyle.md\/ro\/wp-json\/wp\/v2\/media?parent=12622"}],"wp:term":[{"taxonomy":"product_brand","embeddable":true,"href":"https:\/\/xstyle.md\/ro\/wp-json\/wp\/v2\/product_brand?post=12622"},{"taxonomy":"product_cat","embeddable":true,"href":"https:\/\/xstyle.md\/ro\/wp-json\/wp\/v2\/product_cat?post=12622"},{"taxonomy":"product_tag","embeddable":true,"href":"https:\/\/xstyle.md\/ro\/wp-json\/wp\/v2\/product_tag?post=12622"}],"curies":[{"name":"wp","href":"https:\/\/api.w.org\/{rel}","templated":true}]}}